{"id":53418,"date":"2023-04-11T08:32:48","date_gmt":"2023-04-11T08:32:48","guid":{"rendered":"https:\/\/www.greenpeace.org\/africa\/?page_id=53418"},"modified":"2025-01-20T11:58:15","modified_gmt":"2025-01-20T11:58:15","slug":"whatsapp-2","status":"publish","type":"page","link":"https:\/\/www.greenpeace.org\/africa\/en\/whatsapp-2\/","title":{"rendered":"Whatsapp"},"content":{"rendered":"\n<div class=\"wp-block-group is-pattern-p4-high-level-topic-pattern-layout is-layout-flow wp-block-group-is-layout-flow\">\n\n<div class=\"wp-block-media-text alignwide is-stacked-on-mobile\"><figure class=\"wp-block-media-text__media\"><img loading=\"lazy\" decoding=\"async\" width=\"1024\" height=\"683\" src=\"https:\/\/www.greenpeace.org\/static\/planet4-africa-stateless\/2023\/01\/f045474d-pexels-charlotte-may-5965930-1024x683.jpg\" alt=\"\" sizes=\"auto, (min-width: 1600px) calc((1320px - 24px) \/ 2),(min-width: 1200px) calc((1140px - 24px) \/ 2),(min-width: 992px) calc((960px - 24px) \/ 2),(min-width: 768px) calc((720px - 24px) \/ 2),(min-width: 601px) calc((540px - 24px) \/ 2),(min-width: 577px) calc((540px - 24px) \/ 1), calc(100vw - 24px)\" srcset=\"https:\/\/www.greenpeace.org\/static\/planet4-africa-stateless\/2023\/01\/f045474d-pexels-charlotte-may-5965930-scaled.jpg 2560w, https:\/\/www.greenpeace.org\/static\/planet4-africa-stateless\/2023\/01\/f045474d-pexels-charlotte-may-5965930-300x200.jpg 300w, https:\/\/www.greenpeace.org\/static\/planet4-africa-stateless\/2023\/01\/f045474d-pexels-charlotte-may-5965930-1024x683.jpg 1024w, https:\/\/www.greenpeace.org\/static\/planet4-africa-stateless\/2023\/01\/f045474d-pexels-charlotte-may-5965930-768x512.jpg 768w, https:\/\/www.greenpeace.org\/static\/planet4-africa-stateless\/2023\/01\/f045474d-pexels-charlotte-may-5965930-1536x1024.jpg 1536w, https:\/\/www.greenpeace.org\/static\/planet4-africa-stateless\/2023\/01\/f045474d-pexels-charlotte-may-5965930-2048x1366.jpg 2048w, https:\/\/www.greenpeace.org\/static\/planet4-africa-stateless\/2023\/01\/f045474d-pexels-charlotte-may-5965930-510x340.jpg 510w\" class=\"wp-image-52992 size-full\"\/><\/figure><div class=\"wp-block-media-text__content\">\n<h1 class=\"wp-block-heading\">Rejoignez notre cha\u00eene WhatsApp aujourd&#8217;hui!<\/h1>\n\n\n\n<p><\/p>\n\n\n\n<div class=\"wp-block-buttons is-layout-flex wp-block-buttons-is-layout-flex\"><\/div>\n<\/div><\/div>\n\n\n\n\n<div style=\"height:64px\" aria-hidden=\"true\" class=\"wp-block-spacer\"><\/div>\n\n\n\n<h4 class=\"wp-block-heading has-text-align-center\"><strong><strong><strong>Faites votre choix, appuyez sur l&#8217;un des boutons ci-dessous pour acc\u00e9der \u00e0 une cha\u00eene en fonction de l&#8217;endroit o\u00f9 vous vous trouvez et discutons.<\/strong><\/strong><\/strong><\/h4>\n\n\n\n<div class=\"wp-block-buttons is-content-justification-center is-layout-flex wp-container-core-buttons-is-layout-16018d1d wp-block-buttons-is-layout-flex\">\n<div class=\"wp-block-button\"><a class=\"wp-block-button__link wp-element-button\" href=\"https:\/\/api.whatsapp.com\/send\/?phone=27822141636\"><strong>Join our WhatsApp!<\/strong><\/a><\/div>\n<\/div>\n\n\n\n<div style=\"height:64px\" aria-hidden=\"true\" class=\"wp-block-spacer\"><\/div>\n\n\n\n<h2 class=\"wp-block-heading has-text-align-center\"><strong>Vous souhaitez discuter en t\u00eate-\u00e0-t\u00eate avec notre \u00e9quipe ? Vous avez des questions sur les projets en cours et vous souhaitez savoir comment vous impliquer ? Ne cherchez pas plus loin! Rejoignez notre cha\u00eene WhatsApp maintenant pour:<\/strong><\/h2>\n\n\n\n<div style=\"height:64px\" aria-hidden=\"true\" class=\"wp-block-spacer\"><\/div>\n\n\n\n<div class=\"wp-block-media-text alignwide is-stacked-on-mobile is-image-fill-element is-style-parallax has-grey-200-background-color has-background\"><figure class=\"wp-block-media-text__media\"><img loading=\"lazy\" decoding=\"async\" width=\"1707\" height=\"2560\" src=\"https:\/\/www.greenpeace.org\/static\/planet4-africa-stateless\/2023\/01\/8a930cab-pexels-thirdman-7237040-scaled.jpg\" alt=\"\" sizes=\"auto, (min-width: 1600px) calc((1320px - 24px) \/ 2),(min-width: 1200px) calc((1140px - 24px) \/ 2),(min-width: 992px) calc((960px - 24px) \/ 2),(min-width: 768px) calc((720px - 24px) \/ 2),(min-width: 601px) calc((540px - 24px) \/ 2),(min-width: 577px) calc((540px - 24px) \/ 1), calc(100vw - 24px)\" srcset=\"https:\/\/www.greenpeace.org\/static\/planet4-africa-stateless\/2023\/01\/8a930cab-pexels-thirdman-7237040-scaled.jpg 1707w, https:\/\/www.greenpeace.org\/static\/planet4-africa-stateless\/2023\/01\/8a930cab-pexels-thirdman-7237040-200x300.jpg 200w, https:\/\/www.greenpeace.org\/static\/planet4-africa-stateless\/2023\/01\/8a930cab-pexels-thirdman-7237040-683x1024.jpg 683w, https:\/\/www.greenpeace.org\/static\/planet4-africa-stateless\/2023\/01\/8a930cab-pexels-thirdman-7237040-768x1152.jpg 768w, https:\/\/www.greenpeace.org\/static\/planet4-africa-stateless\/2023\/01\/8a930cab-pexels-thirdman-7237040-1024x1536.jpg 1024w, https:\/\/www.greenpeace.org\/static\/planet4-africa-stateless\/2023\/01\/8a930cab-pexels-thirdman-7237040-1365x2048.jpg 1365w, https:\/\/www.greenpeace.org\/static\/planet4-africa-stateless\/2023\/01\/8a930cab-pexels-thirdman-7237040-911x1366.jpg 911w, https:\/\/www.greenpeace.org\/static\/planet4-africa-stateless\/2023\/01\/8a930cab-pexels-thirdman-7237040-227x340.jpg 227w\" class=\"wp-image-52997 size-full\" style=\"object-position:50% 50%\"\/><\/figure><div class=\"wp-block-media-text__content\">\n<div style=\"height:10px\" aria-hidden=\"true\" class=\"wp-block-spacer\"><\/div>\n\n\n\n<p>Mise \u00e0 jour sur les campagnes et les victoires de Greenpeace Afrique.<\/p>\n\n\n\n<p>Contenu exclusif et chats en direct avec nos militants sur nos derniers projets.<\/p>\n\n\n\n<p>Comment rejoindre nos \u00e9quipes de b\u00e9n\u00e9voles.<\/p>\n\n\n\n<p>Impliquez-vous pour aider \u00e0 soutenir et amplifier le travail que nous faisons.<\/p>\n\n\n\n<p>Participez \u00e0 des discussions de groupe avec des personnes partageant les m\u00eames id\u00e9es sur tout ce qui concerne l&#8217;environnement.<\/p>\n\n\n\n<p>Et bien plus.<\/p>\n<\/div><\/div>\n\n\n\n<div style=\"height:64px\" aria-hidden=\"true\" class=\"wp-block-spacer\"><\/div>\n\n\n\n<div class=\"wp-block-media-text alignwide has-media-on-the-right is-stacked-on-mobile is-image-fill-element is-style-parallax has-grey-200-background-color has-background\"><div class=\"wp-block-media-text__content\">\n<div style=\"height:19px\" aria-hidden=\"true\" class=\"wp-block-spacer\"><\/div>\n\n\n\n<p class=\"has-medium-font-size\"><strong>Nous avons trois cha\u00eenes : une cha\u00eene d&#8217;Afrique Australe, une cha\u00eene d&#8217;Afrique de l&#8217;Est et une cha\u00eene d&#8217;Afrique de l&#8217;Ouest et Centrale. <\/strong>Nous avons cr\u00e9\u00e9 intentionnellement trois canaux pour r\u00e9pondre \u00e0 vos int\u00e9r\u00eats. Ces cha\u00eenes r\u00e9gionales ne vous permettront pas seulement de vous tenir au courant des nouvelles et des mises \u00e0 jour environnementales pertinentes dans votre r\u00e9gion. Ils vous permettront \u00e9galement d&#8217;agir plus facilement sur les choses qui vous tiennent \u00e0 c\u0153ur.<\/p>\n\n\n\n<div style=\"height:10px\" aria-hidden=\"true\" class=\"wp-block-spacer\"><\/div>\n<\/div><figure class=\"wp-block-media-text__media\"><img loading=\"lazy\" decoding=\"async\" width=\"1024\" height=\"683\" src=\"https:\/\/www.greenpeace.org\/static\/planet4-africa-stateless\/2023\/01\/498d3a90-pexels-fauxels-3228917-1024x683.jpg\" alt=\"\" sizes=\"auto, (min-width: 1600px) calc((1320px - 24px) \/ 2),(min-width: 1200px) calc((1140px - 24px) \/ 2),(min-width: 992px) calc((960px - 24px) \/ 2),(min-width: 768px) calc((720px - 24px) \/ 2),(min-width: 601px) calc((540px - 24px) \/ 2),(min-width: 577px) calc((540px - 24px) \/ 1), calc(100vw - 24px)\" srcset=\"https:\/\/www.greenpeace.org\/static\/planet4-africa-stateless\/2023\/01\/498d3a90-pexels-fauxels-3228917-scaled.jpg 2560w, https:\/\/www.greenpeace.org\/static\/planet4-africa-stateless\/2023\/01\/498d3a90-pexels-fauxels-3228917-300x200.jpg 300w, https:\/\/www.greenpeace.org\/static\/planet4-africa-stateless\/2023\/01\/498d3a90-pexels-fauxels-3228917-1024x683.jpg 1024w, https:\/\/www.greenpeace.org\/static\/planet4-africa-stateless\/2023\/01\/498d3a90-pexels-fauxels-3228917-768x513.jpg 768w, https:\/\/www.greenpeace.org\/static\/planet4-africa-stateless\/2023\/01\/498d3a90-pexels-fauxels-3228917-1536x1025.jpg 1536w, https:\/\/www.greenpeace.org\/static\/planet4-africa-stateless\/2023\/01\/498d3a90-pexels-fauxels-3228917-2048x1366.jpg 2048w, https:\/\/www.greenpeace.org\/static\/planet4-africa-stateless\/2023\/01\/498d3a90-pexels-fauxels-3228917-510x340.jpg 510w\" class=\"wp-image-52999 size-full\" style=\"object-position:50% 50%\"\/><\/figure><\/div>\n\n\n\n<div style=\"height:64px\" aria-hidden=\"true\" class=\"wp-block-spacer\"><\/div>\n\n\n\n<h4 class=\"wp-block-heading has-text-align-center\"><strong><strong>Faites votre choix, appuyez sur l&#8217;un des boutons ci-dessous pour acc\u00e9der \u00e0 une cha\u00eene en fonction de l&#8217;endroit o\u00f9 vous vous trouvez et discutons.<\/strong><\/strong><\/h4>\n\n\n\n<div style=\"height:30px\" aria-hidden=\"true\" class=\"wp-block-spacer\"><\/div>\n\n\n\n<div class=\"wp-block-columns is-layout-flex wp-container-core-columns-is-layout-9d6595d7 wp-block-columns-is-layout-flex\">\n<div class=\"wp-block-column is-layout-flow wp-block-column-is-layout-flow\">\n<div class=\"wp-block-buttons is-layout-flex wp-block-buttons-is-layout-flex\">\n<div class=\"wp-block-button aligncenter is-style-secondary\"><a class=\"wp-block-button__link wp-element-button\" href=\"https:\/\/api.whatsapp.com\/send\/?phone=237672546392\"><strong>West &amp; Central Africa <\/strong><strong>channel<\/strong><\/a><\/div>\n<\/div>\n<\/div>\n\n\n\n<div class=\"wp-block-column is-layout-flow wp-block-column-is-layout-flow\">\n<div class=\"wp-block-buttons is-layout-flex wp-block-buttons-is-layout-flex\">\n<div class=\"wp-block-button aligncenter is-style-secondary\"><a class=\"wp-block-button__link wp-element-button\" href=\"https:\/\/api.whatsapp.com\/send\/?phone=254746241938\"><strong>East Africa channel<\/strong><\/a><\/div>\n<\/div>\n<\/div>\n\n\n\n<div class=\"wp-block-column is-layout-flow wp-block-column-is-layout-flow\">\n<div class=\"wp-block-buttons is-layout-flex wp-block-buttons-is-layout-flex\">\n<div class=\"wp-block-button aligncenter is-style-secondary\"><a class=\"wp-block-button__link wp-element-button\" href=\"https:\/\/api.whatsapp.com\/send\/?phone=27822141636\"><strong>Southern Africa channel<\/strong><\/a><\/div>\n<\/div>\n<\/div>\n<\/div>\n\n\n\n<div style=\"height:64px\" aria-hidden=\"true\" class=\"wp-block-spacer\"><\/div>\n\n\n\n<div class=\"wp-block-columns block is-pattern-p4-highlighted-cta has-white-color has-dark-green-800-background-color has-text-color has-background is-layout-flex wp-container-core-columns-is-layout-9d6595d7 wp-block-columns-is-layout-flex\">\n<div class=\"wp-block-column is-layout-flow wp-block-column-is-layout-flow\">\n<figure class=\"wp-block-image aligncenter size-thumbnail force-no-lightbox force-no-caption\"><img loading=\"lazy\" decoding=\"async\" width=\"150\" height=\"150\" src=\"https:\/\/www.greenpeace.org\/static\/planet4-africa-stateless\/2023\/01\/47085aba-whatsapp-logo-png-hd-2-150x150.png\" alt=\"\" class=\"wp-image-53006\"\/><\/figure>\n\n\n\n<h3 class=\"wp-block-heading has-text-align-center\"><strong>Join our WhatsApp channel today!<\/strong><\/h3>\n\n\n\n<div style=\"height:16px\" aria-hidden=\"true\" class=\"wp-block-spacer\"><\/div>\n\n\n\n<div class=\"wp-block-buttons is-content-justification-center is-layout-flex wp-container-core-buttons-is-layout-16018d1d wp-block-buttons-is-layout-flex\"><\/div>\n\n\n\n<div style=\"height:16px\" aria-hidden=\"true\" class=\"wp-block-spacer\"><\/div>\n<\/div>\n<\/div>\n<\/div>\n","protected":false},"excerpt":{"rendered":"<p>Faites votre choix, appuyez sur l&#8217;un des boutons ci-dessous pour acc\u00e9der \u00e0 une cha\u00eene en fonction de l&#8217;endroit o\u00f9 vous vous trouvez et discutons. Vous souhaitez discuter en t\u00eate-\u00e0-t\u00eate avec notre \u00e9quipe ? Vous avez des questions sur les projets en cours et vous souhaitez savoir comment vous impliquer ? Ne cherchez pas plus loin! [&hellip;]<\/p>\n","protected":false},"author":29,"featured_media":52992,"parent":0,"menu_order":0,"comment_status":"closed","ping_status":"closed","template":"","meta":{"_acf_changed":false,"ep_exclude_from_search":false,"p4_hide_page_title_checkbox":"","p4_title":"","p4_subtitle":"","p4_description":"","background_image_id":"","background_image":"","p4_button_title":"","p4_button_link":"","p4_button_link_checkbox":"","p4_og_title":"","p4_og_description":"","p4_og_image":"","p4_og_image_id":"","p4_seo_canonical_url":"","p4_campaign_name":"","p4_local_project":"","p4_basket_name":"","p4_department":"","footnotes":""},"categories":[],"tags":[],"class_list":["post-53418","page","type-page","status-publish","has-post-thumbnail","hentry"],"acf":[],"_links":{"self":[{"href":"https:\/\/www.greenpeace.org\/africa\/en\/wp-json\/wp\/v2\/pages\/53418","targetHints":{"allow":["GET"]}}],"collection":[{"href":"https:\/\/www.greenpeace.org\/africa\/en\/wp-json\/wp\/v2\/pages"}],"about":[{"href":"https:\/\/www.greenpeace.org\/africa\/en\/wp-json\/wp\/v2\/types\/page"}],"author":[{"embeddable":true,"href":"https:\/\/www.greenpeace.org\/africa\/en\/wp-json\/wp\/v2\/users\/29"}],"replies":[{"embeddable":true,"href":"https:\/\/www.greenpeace.org\/africa\/en\/wp-json\/wp\/v2\/comments?post=53418"}],"version-history":[{"count":2,"href":"https:\/\/www.greenpeace.org\/africa\/en\/wp-json\/wp\/v2\/pages\/53418\/revisions"}],"predecessor-version":[{"id":56895,"href":"https:\/\/www.greenpeace.org\/africa\/en\/wp-json\/wp\/v2\/pages\/53418\/revisions\/56895"}],"wp:featuredmedia":[{"embeddable":true,"href":"https:\/\/www.greenpeace.org\/africa\/en\/wp-json\/wp\/v2\/media\/52992"}],"wp:attachment":[{"href":"https:\/\/www.greenpeace.org\/africa\/en\/wp-json\/wp\/v2\/media?parent=53418"}],"wp:term":[{"taxonomy":"category","embeddable":true,"href":"https:\/\/www.greenpeace.org\/africa\/en\/wp-json\/wp\/v2\/categories?post=53418"},{"taxonomy":"post_tag","embeddable":true,"href":"https:\/\/www.greenpeace.org\/africa\/en\/wp-json\/wp\/v2\/tags?post=53418"}],"curies":[{"name":"wp","href":"https:\/\/api.w.org\/{rel}","templated":true}]}}