{"id":2977,"date":"2018-10-10T09:26:35","date_gmt":"2018-10-10T09:26:35","guid":{"rendered":"https:\/\/www.greenpeace.org\/africa\/?page_id=2977"},"modified":"2024-03-26T11:31:11","modified_gmt":"2024-03-26T11:31:11","slug":"politique-communautaire","status":"publish","type":"page","link":"https:\/\/www.greenpeace.org\/africa\/fr\/politique-communautaire\/","title":{"rendered":"Politique communautaire"},"content":{"rendered":"\n                    <div class=\"wp-block-group is-vertical is-layout-flex wp-container-core-group-is-layout-8cf370e7 wp-block-group-is-layout-flex\">\n                    \n\n                    \n                    <\/div>\n                    <p>                Nous estimons que chacun m\u00e9rite d\u2019avoir la possibilit\u00e9 d\u2019exprimer son point de vue, dans l\u2019espoir de trouver un terrain d\u2019entente. Nous recherchons des moyens qui nous permettent d\u2019avancer tous ensemble vers un avenir meilleur.<\/p>\n<p>C\u2019est pour cette raison que les commentaires [sur notre site Web, sous nos publications, stories, tweets, etc.] sont pour nous si importants, y compris ceux des personnes qui ne partagent pas notre vision, car ils constituent un espace de conversation et d\u2019\u00e9change d\u2019id\u00e9es.<\/p>\n<p>Nous sommes favorables aux d\u00e9bats et aux discussions, puisque nous estimons qu\u2019il s\u2019agit g\u00e9n\u00e9ralement de l\u2019endroit o\u00f9 les meilleures id\u00e9es prennent forme. Nous adorons voir des gens d\u00e9fendre avec passion ce en quoi ils croient et aimons pouvoir d\u00e9couvrir de nouvelles id\u00e9es ou fa\u00e7ons d\u2019envisager un probl\u00e8me. Cependant, nous avons \u00e9galement la ferme conviction que les d\u00e9bats et les discussions doivent se faire de mani\u00e8re respectueuse et honn\u00eate pour \u00eatre productifs.<\/p>\n<p>\u00c0 cet \u00e9gard, nous demandons \u00e0 toute personne qui souhaite participer aux discussions ayant lieu dans le pr\u00e9sent site Web et sur nos comptes de m\u00e9dias sociaux, ce qui comprend tous les messages publi\u00e9s au nom de Greenpeace, de suivre les r\u00e8gles simples \u00e9nonc\u00e9es ci-dessous :<\/p>\n<ul>\n<li><strong>Dites la v\u00e9rit\u00e9.<\/strong>\u00a0Soyez honn\u00eate quant \u00e0 votre identit\u00e9 et \u00e0 la raison pour laquelle vous participez \u00e0 la discussion. Si vous repr\u00e9sentez une entreprise ou des int\u00e9r\u00eats gouvernementaux, si on vous paye pour d\u00e9fendre certaines id\u00e9es ou si vous \u00eates en conflit d\u2019int\u00e9r\u00eats, on vous accueillera dans la discussion, mais, s\u2019il vous pla\u00eet, informez les autres de votre situation afin que tous puissent conna\u00eetre le contexte dans lequel s\u2019inscrivent vos propos.<\/li>\n<li><strong>Faites preuve de civisme et de respect dans vos propos.<\/strong>\u00a0Ce que vous n\u2019aimeriez pas qu\u2019on vous dise, ne le dites pas vous-m\u00eame aux autres. Abstenez-vous par cons\u00e9quent de tout commentaire discriminatoire, d\u2019attaque personnelle, de d\u00e9claration diffamatoire, d\u2019incitation \u00e0 la violence ou d\u2019utiliser un langage grossier.<\/li>\n<li><strong>Donnez \u00e0 tous la chance de participer \u00e0 la discussion.<\/strong>\u00a0Nous pourrions retirer vos commentaires des publications si vous multipliez les interventions inutiles dans le but de monopoliser la discussion.<\/li>\n<li><strong>Demeurez concentr\u00e9\u00b7e sur le sujet<\/strong>\u00a0faisant l\u2019objet de la discussion afin que toutes les personnes qui souhaitent participer \u00e0 la discussion puissent le faire.<\/li>\n<li><strong>Discutez et \u00e9vitez de faire de la vente ou de la promotion.<\/strong>\u00a0Il s\u2019agit d\u2019un espace pour d\u00e9battre de questions importantes. Aussi, \u00e9vitez d\u2019y mener des activit\u00e9s de promotion commerciale. Nous n\u2019avons aucune tol\u00e9rance \u00e0 l\u2019\u00e9gard de messages promotionnels non sollicit\u00e9s.<\/li>\n<\/ul>\n<p>Si vous respectez ces r\u00e8gles, nous ne supprimerons vos commentaires simplement parce que nous ne sommes pas en accord avec vos propos.<\/p>\n<p>Nous croyons que la libert\u00e9 d\u2019expression et la possibilit\u00e9 d\u2019\u00e9changer des id\u00e9es de mani\u00e8re ouverte sont des valeurs extr\u00eamement importantes et nous travaillons activement \u00e0 les d\u00e9fendre. Par cons\u00e9quent, si nous d\u00e9terminons que vous vous comportez comme un troll ou que vous vous pr\u00e9sentez de fa\u00e7on trompeuse, nous prendrons les mesures qui s\u2019imposent pour prot\u00e9ger l\u2019esprit de notre communaut\u00e9. Ces mesures peuvent inclure la suppression de commentaires, la modification de commentaires afin d\u2019en retirer le contenu promotionnel, la fermeture d\u2019un fil de discussion ou l\u2019exclusion. Nous pourrions \u00e9galement d\u00e9sactiver les commentaires sous une publication particuli\u00e8re ou dans l\u2019ensemble du site si nous estimons faire l\u2019objet d\u2019une attaque concert\u00e9e sans fondement.<\/p>\n<p>Nous encourageons tous les membres de la communaut\u00e9 \u00e0 signaler \u00e0 notre\u00a0<a href=\"mailto:adigital@greenpeace.org\">webmestre<\/a>\u00a0es activit\u00e9s de toute personne qui, selon eux, se comporte de la mani\u00e8re d\u00e9crite ci-dessus.<\/p>\n<p>Nous nous effor\u00e7ons de faire en sorte que toute l\u2019information publi\u00e9e sur notre site Web est exacte et conforme \u00e0 nos valeurs. Cependant, les contenus et les commentaires provenant des membres de la communaut\u00e9 sont r\u00e9dig\u00e9s par des personnes comme vous. Nous esp\u00e9rons que vous comprendrez qu\u2019ils ne repr\u00e9sentent pas n\u00e9cessairement l\u2019opinion de Greenpeace Africa, de Greenpeace International ou de toute autre antenne r\u00e9gionale ou nationale de Greenpeace. Si vous souhaitez obtenir le point de vue officiel de Greenpeace Africa \u00e0 propos d\u2019une question, veuillez vous reporter \u00e0 nos communiqu\u00e9s de presse, \u00e0 nos publications et \u00e0 nos pages portant sur des enjeux en particulier, ou encore communiquez avec notre\u00a0<a href=\"mailto:adigital@greenpeace.org\">Espace presse<\/a>.<\/p>\n","protected":false},"excerpt":{"rendered":"<p>Nous estimons que chacun m\u00e9rite d\u2019avoir la possibilit\u00e9 d\u2019exprimer son point de vue, dans l\u2019espoir de trouver un terrain d\u2019entente. Nous recherchons des moyens qui nous permettent d\u2019avancer tous ensemble vers un avenir meilleur. C\u2019est pour cette raison que les commentaires [sur notre site Web, sous nos publications, stories, tweets, etc.] sont pour nous si [&hellip;]<\/p>\n","protected":false},"author":21,"featured_media":2560,"parent":0,"menu_order":0,"comment_status":"closed","ping_status":"closed","template":"page-templates\/evergreen.php","meta":{"_acf_changed":false,"ep_exclude_from_search":false,"p4_hide_page_title_checkbox":"","p4_title":"","p4_subtitle":"","p4_description":"","background_image_id":"","background_image":"","p4_button_title":"","p4_button_link":"","p4_button_link_checkbox":"","p4_og_title":"","p4_og_description":"","p4_og_image":"","p4_og_image_id":"","p4_seo_canonical_url":"","p4_campaign_name":"","p4_local_project":"","p4_basket_name":"","p4_department":"","footnotes":""},"categories":[],"tags":[],"class_list":["post-2977","page","type-page","status-publish","has-post-thumbnail","hentry"],"acf":[],"_links":{"self":[{"href":"https:\/\/www.greenpeace.org\/africa\/fr\/wp-json\/wp\/v2\/pages\/2977","targetHints":{"allow":["GET"]}}],"collection":[{"href":"https:\/\/www.greenpeace.org\/africa\/fr\/wp-json\/wp\/v2\/pages"}],"about":[{"href":"https:\/\/www.greenpeace.org\/africa\/fr\/wp-json\/wp\/v2\/types\/page"}],"author":[{"embeddable":true,"href":"https:\/\/www.greenpeace.org\/africa\/fr\/wp-json\/wp\/v2\/users\/21"}],"replies":[{"embeddable":true,"href":"https:\/\/www.greenpeace.org\/africa\/fr\/wp-json\/wp\/v2\/comments?post=2977"}],"version-history":[{"count":7,"href":"https:\/\/www.greenpeace.org\/africa\/fr\/wp-json\/wp\/v2\/pages\/2977\/revisions"}],"predecessor-version":[{"id":55190,"href":"https:\/\/www.greenpeace.org\/africa\/fr\/wp-json\/wp\/v2\/pages\/2977\/revisions\/55190"}],"wp:featuredmedia":[{"embeddable":true,"href":"https:\/\/www.greenpeace.org\/africa\/fr\/wp-json\/wp\/v2\/media\/2560"}],"wp:attachment":[{"href":"https:\/\/www.greenpeace.org\/africa\/fr\/wp-json\/wp\/v2\/media?parent=2977"}],"wp:term":[{"taxonomy":"category","embeddable":true,"href":"https:\/\/www.greenpeace.org\/africa\/fr\/wp-json\/wp\/v2\/categories?post=2977"},{"taxonomy":"post_tag","embeddable":true,"href":"https:\/\/www.greenpeace.org\/africa\/fr\/wp-json\/wp\/v2\/tags?post=2977"}],"curies":[{"name":"wp","href":"https:\/\/api.w.org\/{rel}","templated":true}]}}