{"id":2980,"date":"2018-10-10T09:28:33","date_gmt":"2018-10-10T09:28:33","guid":{"rendered":"https:\/\/www.greenpeace.org\/africa\/?page_id=2980"},"modified":"2024-03-26T11:31:06","modified_gmt":"2024-03-26T11:31:06","slug":"droits-dauteur","status":"publish","type":"page","link":"https:\/\/www.greenpeace.org\/africa\/fr\/droits-dauteur\/","title":{"rendered":"Droits d&#8217;auteur"},"content":{"rendered":"\n                    <div class=\"wp-block-group is-vertical is-layout-flex wp-container-core-group-is-layout-8cf370e7 wp-block-group-is-layout-flex\">\n                    \n\n                    \n                    <\/div>\n                    <p>                Greenpeace Afrique encourage la reproduction et la distribution de son mat\u00e9riel, de ses produits et de ses services \u00e9lectroniques, incluant ses nom et logo. L\u2019utilisation est toutefois soumise \u00e0 des restrictions, et il est important d\u2019en conna\u00eetre les r\u00e8gles de base suivantes.<\/p>\n<article id=\"page-2081\">\n<div class=\"container\">\n<div class=\"post-content\">\n<div class=\"row\">\n<div class=\"col-lg-9\">\n<article class=\"post-details\">\n<h3><strong>G\u00e9n\u00e9ralit\u00e9s<\/strong><\/h3>\n<p>Nos documents h\u00e9berg\u00e9s sur\u00a0<a href=\"http:\/\/www.greenpeace.org\/canada\">http:\/\/www.greenpeace.org\/africa\/fr\/<\/a>\u00a0peuvent \u00eatre utilis\u00e9s gratuitement \u00e0 des fins personnelles ou \u00e9ducatives. Si vous voulez utiliser des saisies d\u2019\u00e9cran dans un ouvrage ou reproduire un article dans votre bulletin communautaire, inutile de le demander, \u00e0 condition de lire et de respecter nos r\u00e8gles de base. Nous interdisons express\u00e9ment l\u2019utilisation de tout mat\u00e9riel de Greenpeace apparaissant sur ce site, ou le nom et le logo de Greenpeace, aux fins suivantes\u00a0:<\/p>\n<ul>\n<li>R\u00e9aliser un gain personnel ou commercial, sauf avec une autorisation expresse, comme indiqu\u00e9 ci-dessous;<\/li>\n<li>Faire la publicit\u00e9 d\u2019un parti politique ou sous-entendre le soutien par Greenpeace de tout candidat \u00e0 une fonction publique;<\/li>\n<li>Sous-entendre l\u2019approbation par Greenpeace d\u2019un produit ou d\u2019une politique lorsque cette approbation n\u2019a pas \u00e9t\u00e9 explicitement faite par Greenpeace elle-m\u00eame;<\/li>\n<li>Sous-entendre l\u2019approbation ou l\u2019association de Greenpeace \u00e0 des sites Web que Greenpeace, \u00e0 sa seule discr\u00e9tion, juge ill\u00e9gaux ou r\u00e9pr\u00e9hensibles, affichant des contenus obsc\u00e8nes, violents, intol\u00e9rants, d\u00e9nigrants ou \u00e0 caract\u00e8re sexuel;<\/li>\n<li>Faire une fausse repr\u00e9sentation de vous-m\u00eame en tant que repr\u00e9sentant, employ\u00e9, agent ou porte-parole officiel de Greenpeace, ou toute fausse d\u00e9claration laissant croire que vous r\u00e9coltez des fonds ou des dons pour Greenpeace.<\/li>\n<\/ul>\n<h3><strong>Lien vers notre site Web<\/strong><\/h3>\n<p>Nous adorons l\u2019id\u00e9e que vous puissiez cr\u00e9er des liens vers nos sites et nous aider \u00e0 passer le mot au sujet de nos campagnes pour l\u2019environnement. \u00c0 cette fin, vous n\u2019avez pas besoin de permission. Vous \u00eates invit\u00e9s \u00e0 cr\u00e9er un lien vers notre site principal ou vers l\u2019un des domaines d\u2019int\u00e9r\u00eat que vous y trouverez.<\/p>\n<h3><strong>Le logo de Greenpeace<\/strong><\/h3>\n<p>Le nom \u00ab\u00a0Greenpeace\u00a0\u00bb, incluant le logo de Greenpeace, est une marque d\u00e9pos\u00e9e internationalement et elle appartient au Stichting Greenpeace Council. L\u2019utilisation de la marque est accord\u00e9e sous certaines conditions\u00a0:<\/p>\n<ul>\n<li>Elle doit \u00eatre utilis\u00e9e strictement \u00e0 des fins de r\u00e9f\u00e9rence et non \u00e0 des fins commerciales;<\/li>\n<li>Il est interdit d\u2019utiliser le nom et le logo d\u2019une mani\u00e8re qui indique ou donne l\u2019impression que Greenpeace approuve, appuie, promeut des produits, des services ou des biens offerts sur votre propre site Web ou s\u2019y associe;<\/li>\n<li>Les banni\u00e8res portant le nom ou le logo de Greenpeace doivent \u00eatre utilis\u00e9es uniquement dans le but de cr\u00e9er un lien vers le site Web de Greenpeace, tel que d\u00e9sign\u00e9 dans le lien, et ces liens doivent toujours \u00eatre actifs;<\/li>\n<li>Le nom ou le logo ne peuvent \u00eatre combin\u00e9s \u00e0 d\u2019autres \u00e9l\u00e9ments graphiques, ni \u00eatre modifi\u00e9 de quelque mani\u00e8re que ce soit, y compris la police, le dessin, la disposition, les couleurs ou les \u00e9l\u00e9ments graphiques, ni \u00eatre anim\u00e9, transform\u00e9 ou d\u00e9form\u00e9 en perspective ou apparence;<\/li>\n<li>Le nom et le logo de Greenpeace ne doivent pas appara\u00eetre de mani\u00e8re plus \u00e9vidente que le nom de votre site personnel.<\/li>\n<\/ul>\n<p>Si vous utilisez le logo, veuillez inclure la mention \u00ab\u00a0<strong>Marque de commerce de Stichting Greenpeace Council<\/strong>\u00a0\u00bb dans la balise ALT ou de mani\u00e8re visible sur la page.<\/p>\n<p>La marque reste la propri\u00e9t\u00e9 exclusive de Greenpeace International, et en l\u2019utilisant, vous acceptez de ne pas enregistrer ou de tenter d\u2019enregistrer la marque ou de la contester de quelque mani\u00e8re que ce soit.<\/p>\n<h3><strong>Articles et texte<\/strong><\/h3>\n<p>Les articles et les textes produits par Greenpeace Afrique peuvent \u00eatre utilis\u00e9s gratuitement pour un usage personnel ou \u00e9ducatif. Veuillez inclure une note pr\u00e9cisant ceci\u00a0:\u00a0<strong>Source Greenpeace (<\/strong><a href=\"http:\/\/www.greenpeace.org\/canada\"><strong>http:\/\/www.greenpeace.org\/africa\/fr\/<\/strong><\/a><strong>)<\/strong>\u00a0et reproduire toute information sur les droits d\u2019auteur fournie dans le texte original.<\/p>\n<p>Les articles et le texte provenant de sources tierces demeurent la propri\u00e9t\u00e9 intellectuelle de ces tiers, et l\u2019autorisation pour utilisation doit \u00eatre demand\u00e9e aupr\u00e8s de ces sources originales.<\/p>\n<h3><strong>Photos\/Images<\/strong><\/h3>\n<p>Sauf indication contraire, Greenpeace d\u00e9tient les droits d\u2019auteur de toutes les images et articles h\u00e9berg\u00e9s \u00e0\u00a0<a href=\"http:\/\/www.greenpeace.org\/canada\">http:\/\/www.greenpeace.org\/africa\/fr\/<\/a>. La mention des cr\u00e9dits pour ce type de mat\u00e9riel est \u00a9 Greenpeace. Dans d\u2019autres situations, vous verrez Greenpeace\/Photographer. Veuillez reproduire la mention compl\u00e8te sur les droits d\u2019auteur.<\/p>\n<p>Lorsque l\u2019information sur les droits d\u2019auteur n\u2019est pas pr\u00e9sente, que ce soit dans une l\u00e9gende d\u2019accompagnement ou incluse dans la photo, vous pouvez trouver l\u2019attribution en inspectant l\u2019image par un clic droit sur l\u2019image et en s\u00e9lectionnant \u00ab\u00a0Inspecter\u00a0\u00bb ou \u00ab\u00a0Voir info\u00a0\u00bb.<\/p>\n<p>Le symbole \u00a9 signifie \u00ab\u00a0tous droits r\u00e9serv\u00e9s \u00e0 la (aux) personne(s) ou aux entit\u00e9s nomm\u00e9es\u00a0\u00bb. Pour obtenir des explications sur les autres symboles\/licences utilis\u00e9s et les droits qui en d\u00e9coulent, cliquez\u00a0<a href=\"https:\/\/creativecommons.org\/share-your-work\/licensing-types-examples\/\">ici<\/a>.<\/p>\n<p>Pour acc\u00e9der aux images t\u00e9l\u00e9chargeables et \u00e0 toutes les demandes de licences ou de droits d\u2019auteur, visitez\u00a0<a href=\"http:\/\/media.greenpeace.org\/\">media.greenpeace.org<\/a>.<\/p>\n<p>Toute autre utilisation (comme l\u2019utilisation d\u2019images \u00e0 des fins personnelles ou commerciales) n\u00e9cessite l\u2019autorisation de Greenpeace International sous\u00a0<a href=\"http:\/\/media.greenpeace.org\/\">Media Library<\/a>. L\u2019utilisation de toute image de Greenpeace \u00e0 des fins commerciales, sans autorisation pr\u00e9alable, constitue une violation du droit d\u2019auteur et pourrait porter atteinte \u00e0 d\u2019autres droits.<\/p>\n<p>Les images d\u2019actualit\u00e9 de qualit\u00e9 \u00ab\u00a0reproduction\u00a0\u00bb (environ 8\u00a0m\u00e9gaoctets), distribu\u00e9es par Greenpeace aux journalistes et aux agences, sont destin\u00e9es \u00e0 \u00eatre utilis\u00e9es dans les 14\u00a0jours, et l\u2019archivage ou la revente de ces images est strictement interdit. Apr\u00e8s 14\u00a0jours, veuillez\u00a0<a href=\"http:\/\/media.greenpeace.org\/\">communiquer avec nous<\/a>\u00a0pour obtenir une licence.<\/p>\n<h3><strong>Vid\u00e9o<\/strong><\/h3>\n<p>L\u2019utilisation de vid\u00e9os est soumise aux m\u00eames conditions que les autres documents ci-dessus. Notez cependant que nos vid\u00e9os ne sont pas toutes offertes en t\u00e9l\u00e9chargement.<\/p>\n<\/article>\n<\/div>\n<\/div>\n<\/div>\n<\/div>\n<\/article>\n","protected":false},"excerpt":{"rendered":"<p>Greenpeace Afrique encourage la reproduction et la distribution de son mat\u00e9riel, de ses produits et de ses services \u00e9lectroniques, incluant ses nom et logo. L\u2019utilisation est toutefois soumise \u00e0 des restrictions, et il est important d\u2019en conna\u00eetre les r\u00e8gles de base suivantes. G\u00e9n\u00e9ralit\u00e9s Nos documents h\u00e9berg\u00e9s sur\u00a0http:\/\/www.greenpeace.org\/africa\/fr\/\u00a0peuvent \u00eatre utilis\u00e9s gratuitement \u00e0 des fins personnelles ou [&hellip;]<\/p>\n","protected":false},"author":21,"featured_media":5303,"parent":0,"menu_order":0,"comment_status":"closed","ping_status":"closed","template":"page-templates\/evergreen.php","meta":{"_acf_changed":false,"ep_exclude_from_search":false,"p4_hide_page_title_checkbox":"","p4_title":"","p4_subtitle":"","p4_description":"","background_image_id":"","background_image":"","p4_button_title":"","p4_button_link":"","p4_button_link_checkbox":"","p4_og_title":"","p4_og_description":"","p4_og_image":"","p4_og_image_id":"","p4_seo_canonical_url":"","p4_campaign_name":"","p4_local_project":"","p4_basket_name":"","p4_department":"","footnotes":""},"categories":[],"tags":[],"class_list":["post-2980","page","type-page","status-publish","has-post-thumbnail","hentry"],"acf":[],"_links":{"self":[{"href":"https:\/\/www.greenpeace.org\/africa\/fr\/wp-json\/wp\/v2\/pages\/2980","targetHints":{"allow":["GET"]}}],"collection":[{"href":"https:\/\/www.greenpeace.org\/africa\/fr\/wp-json\/wp\/v2\/pages"}],"about":[{"href":"https:\/\/www.greenpeace.org\/africa\/fr\/wp-json\/wp\/v2\/types\/page"}],"author":[{"embeddable":true,"href":"https:\/\/www.greenpeace.org\/africa\/fr\/wp-json\/wp\/v2\/users\/21"}],"replies":[{"embeddable":true,"href":"https:\/\/www.greenpeace.org\/africa\/fr\/wp-json\/wp\/v2\/comments?post=2980"}],"version-history":[{"count":8,"href":"https:\/\/www.greenpeace.org\/africa\/fr\/wp-json\/wp\/v2\/pages\/2980\/revisions"}],"predecessor-version":[{"id":55189,"href":"https:\/\/www.greenpeace.org\/africa\/fr\/wp-json\/wp\/v2\/pages\/2980\/revisions\/55189"}],"wp:featuredmedia":[{"embeddable":true,"href":"https:\/\/www.greenpeace.org\/africa\/fr\/wp-json\/wp\/v2\/media\/5303"}],"wp:attachment":[{"href":"https:\/\/www.greenpeace.org\/africa\/fr\/wp-json\/wp\/v2\/media?parent=2980"}],"wp:term":[{"taxonomy":"category","embeddable":true,"href":"https:\/\/www.greenpeace.org\/africa\/fr\/wp-json\/wp\/v2\/categories?post=2980"},{"taxonomy":"post_tag","embeddable":true,"href":"https:\/\/www.greenpeace.org\/africa\/fr\/wp-json\/wp\/v2\/tags?post=2980"}],"curies":[{"name":"wp","href":"https:\/\/api.w.org\/{rel}","templated":true}]}}