{"id":4317,"date":"2018-10-25T08:49:51","date_gmt":"2018-10-25T08:49:51","guid":{"rendered":"https:\/\/www.greenpeace.org\/africa\/?page_id=4317"},"modified":"2025-09-23T09:42:01","modified_gmt":"2025-09-23T09:42:01","slug":"emplois","status":"publish","type":"page","link":"https:\/\/www.greenpeace.org\/africa\/fr\/emplois\/","title":{"rendered":"Emplois"},"content":{"rendered":"\n\n<div class=\"wp-block-group alignfull is-layout-flow wp-block-group-is-layout-flow\">\n<div class=\"wp-block-group container is-layout-flow wp-block-group-is-layout-flow\">\n<div class=\"wp-block-media-text alignfull has-media-on-the-right is-stacked-on-mobile is-pattern-p4-page-header is-style-parallax\"><div class=\"wp-block-media-text__content\">\n<div class=\"wp-block-group is-layout-flow wp-block-group-is-layout-flow\">\n<h1 class=\"wp-block-heading has-white-background-color has-background\">\n                            Vous voulez faire la diff\u00e9rence?\n                        <\/h1>\n<\/div>\n\n\n\n<p style=\"font-size:1.25rem\">\n                            Notre \u00e9quipe est compos\u00e9e de professionnels dynamiques et&nbsp;passionn\u00e9s qui ont \u00e0 c\u0153ur de faire une diff\u00e9rence dans le monde. Certains employ\u00e9s sont&nbsp;pass\u00e9s du statut de b\u00e9n\u00e9voles d\u00e9vou\u00e9s \u00e0 celui d\u2019employ\u00e9s. Nombre d\u2019entre eux apportent une&nbsp;riche exp\u00e9rience acquise dans des contextes professionnels divers. La diversit\u00e9, le d\u00e9vouement&nbsp;et le sens de la communaut\u00e9 font de Greenpeace Africa un cadre de travail unique.\n                        <\/p>\n<\/div><figure class=\"wp-block-media-text__media\"><img loading=\"lazy\" decoding=\"async\" width=\"1200\" height=\"943\" src=\"https:\/\/www.greenpeace.org\/static\/planet4-africa-stateless\/2018\/10\/e530b05f-gp0str7aa.jpg\" alt=\"\" sizes=\"auto, (min-width: 601px) 50vw, 100vw\" srcset=\"https:\/\/www.greenpeace.org\/static\/planet4-africa-stateless\/2018\/10\/e530b05f-gp0str7aa.jpg 1200w, https:\/\/www.greenpeace.org\/static\/planet4-africa-stateless\/2018\/10\/e530b05f-gp0str7aa-300x236.jpg 300w, https:\/\/www.greenpeace.org\/static\/planet4-africa-stateless\/2018\/10\/e530b05f-gp0str7aa-768x604.jpg 768w, https:\/\/www.greenpeace.org\/static\/planet4-africa-stateless\/2018\/10\/e530b05f-gp0str7aa-1024x805.jpg 1024w, https:\/\/www.greenpeace.org\/static\/planet4-africa-stateless\/2018\/10\/e530b05f-gp0str7aa-433x340.jpg 433w\" class=\"wp-image-3855 size-full\"\/><\/figure><\/div>\n<\/div>\n<\/div>\n\n<p>Les candidats doivent comprendre et soutenir nos valeurs fondamentales et nos styles de\u00a0campagnes, dont la d\u00e9sob\u00e9issance civile pacifique. Nous consid\u00e9rons chacun comme un\u00a0militant, et les candidats doivent d\u00e9montrer leur passion et articuler le r\u00f4le qu\u2019ils joueraient dans\u00a0la construction d\u2019un mouvement pour l\u2019environnement en Afrique.<\/p>\n<p>Nos bureaux sont situ\u00e9s \u00e0 Johannesburg, Nairobi, Dakar, Kinshasa et Yaound\u00e9. Bien que\u00a0certains postes se rattachent \u00e0 un lieu de travail particulier, d\u2019autres sont flexibles quant au lieu\u00a0de travail. Nous nous effor\u00e7ons de maintenir la diversit\u00e9 dans notre milieu de travail et\u00a0encourageons les candidatures de groupes sous-repr\u00e9sent\u00e9s.<\/p>\n\n    <div class=\"wp-block-query posts-list p4-query-loop is-custom-layout-list is-layout-flow wp-block-query-is-layout-flow\">\n        <div class=\"wp-block-group is-content-justification-space-between is-layout-flex wp-container-core-group-is-layout-3d213aab wp-block-group-is-layout-flex\"><h2 class=\"wp-block-heading\">Emplois<\/h2>\n        <li class=\" wp-block-navigation-item see-all-link wp-block-navigation-link\"><a class=\"wp-block-navigation-item__content\"  href=\"http:\/\/www.greenpeace.org\/africa\/en\/news-stories\/?post-type=open-positions\"><span class=\"wp-block-navigation-item__label\">See all stories<\/span><\/a><\/li>\n        \n        <\/div>\n        \n\n    <p style=\"margin-top: 24px; margin-bottom: 36px;\"><\/p>\n\n    \n\n    <ul class=\"wp-block-post-template is-layout-flow wp-block-post-template-is-layout-flow\"><li class=\"wp-block-post post-59246 post type-post status-publish format-standard has-post-thumbnail hentry category-travaille-avec-nous tag-greenpeaceafrique p4-page-type-emplois-1\">\n            \n<div class=\"wp-block-columns is-layout-flex wp-container-core-columns-is-layout-9d6595d7 wp-block-columns-is-layout-flex\"><figure class=\"wp-block-post-featured-image\"><a href=\"https:\/\/www.greenpeace.org\/africa\/fr\/emplois-1\/59246\/responsable-des-campagnes-forets-et-de-la-biodiversite\/\" target=\"_self\"  ><img loading=\"lazy\" decoding=\"async\" width=\"800\" height=\"533\" src=\"https:\/\/www.greenpeace.org\/static\/planet4-africa-stateless\/2021\/03\/52b2239f-gp03m38_web_size.jpg\" class=\"attachment-post-thumbnail size-post-thumbnail wp-post-image wp-stateless-item\" alt=\"Responsable des campagnes for\u00eats et de la biodiversit\u00e9\" style=\"object-fit:cover;\" srcset=\"https:\/\/www.greenpeace.org\/static\/planet4-africa-stateless\/2021\/03\/52b2239f-gp03m38_web_size.jpg 800w, https:\/\/www.greenpeace.org\/static\/planet4-africa-stateless\/2021\/03\/52b2239f-gp03m38_web_size-300x200.jpg 300w, https:\/\/www.greenpeace.org\/static\/planet4-africa-stateless\/2021\/03\/52b2239f-gp03m38_web_size-768x512.jpg 768w, https:\/\/www.greenpeace.org\/static\/planet4-africa-stateless\/2021\/03\/52b2239f-gp03m38_web_size-510x340.jpg 510w\" sizes=\"auto, (max-width: 800px) 100vw, 800px\" data-image-size=\"post-thumbnail\" data-stateless-media-bucket=\"planet4-africa-stateless\" data-stateless-media-name=\"2021\/03\/52b2239f-gp03m38_web_size.jpg\" \/><\/a><\/figure>\n\n        <div class=\"wp-block-group is-layout-flow wp-block-group-is-layout-flow\">\n                <div class=\"wp-block-group is-layout-flex wp-block-group-is-layout-flex\"><div class=\"wp-block-post-terms\"><a href=\"https:\/\/www.greenpeace.org\/africa\/fr\/category\/travaille-avec-nous\/\">Travaille Avec Nous<\/a><\/div>\n                <div class=\"taxonomy-post_tag wp-block-post-terms\"><a href=\"https:\/\/www.greenpeace.org\/africa\/fr\/tag\/greenpeaceafrique\/\" rel=\"tag\">GreenpeaceAfrique<\/a><\/div>\n                \n                <\/div>\n                \n        <h3 class=\"wp-block-post-title\"><a href=\"https:\/\/www.greenpeace.org\/africa\/fr\/emplois-1\/59246\/responsable-des-campagnes-forets-et-de-la-biodiversite\/\" target=\"_self\" >Responsable des campagnes for\u00eats et de la biodiversit\u00e9<\/a><\/h3>\n        <div class=\"wp-block-post-excerpt\"><p class=\"wp-block-post-excerpt__excerpt\">Responsable des campagnes for\u00eats et de la biodiversit\u00e9 <\/p><\/div>\n        \n        <div class=\"wp-block-group posts-list-meta is-layout-flow wp-block-group-is-layout-flow\"><span class='article-list-item-author'>Greenpeace Afrique<\/span>\n        <div class=\"wp-block-post-date\"><time datetime=\"2025-12-15T09:19:09+00:00\">15 December 2025<\/time><\/div>\n        \n        <\/div>\n        <\/div>\n        <\/div>\n\n            <\/li><li class=\"wp-block-post post-59610 post type-post status-publish format-standard has-post-thumbnail hentry category-travaille-avec-nous tag-greenpeaceafrique p4-page-type-emplois-1\">\n            \n<div class=\"wp-block-columns is-layout-flex wp-container-core-columns-is-layout-9d6595d7 wp-block-columns-is-layout-flex\"><figure class=\"wp-block-post-featured-image\"><a href=\"https:\/\/www.greenpeace.org\/africa\/fr\/emplois-1\/59610\/consultante-en-communication-et-medias\/\" target=\"_self\"  ><img loading=\"lazy\" decoding=\"async\" width=\"1200\" height=\"800\" src=\"https:\/\/www.greenpeace.org\/static\/planet4-africa-stateless\/2018\/10\/2e463ca7-gp0stotcv.jpg\" class=\"attachment-post-thumbnail size-post-thumbnail wp-post-image wp-stateless-item\" alt=\"Consultant(e) en Communication et M\u00e9dias\u00a0\" style=\"object-fit:cover;\" srcset=\"https:\/\/www.greenpeace.org\/static\/planet4-africa-stateless\/2018\/10\/2e463ca7-gp0stotcv.jpg 1200w, https:\/\/www.greenpeace.org\/static\/planet4-africa-stateless\/2018\/10\/2e463ca7-gp0stotcv-300x200.jpg 300w, https:\/\/www.greenpeace.org\/static\/planet4-africa-stateless\/2018\/10\/2e463ca7-gp0stotcv-768x512.jpg 768w, https:\/\/www.greenpeace.org\/static\/planet4-africa-stateless\/2018\/10\/2e463ca7-gp0stotcv-1024x683.jpg 1024w, https:\/\/www.greenpeace.org\/static\/planet4-africa-stateless\/2018\/10\/2e463ca7-gp0stotcv-510x340.jpg 510w\" sizes=\"auto, (max-width: 1200px) 100vw, 1200px\" data-image-size=\"post-thumbnail\" data-stateless-media-bucket=\"planet4-africa-stateless\" data-stateless-media-name=\"2018\/10\/2e463ca7-gp0stotcv.jpg\" \/><\/a><\/figure>\n\n        <div class=\"wp-block-group is-layout-flow wp-block-group-is-layout-flow\">\n                <div class=\"wp-block-group is-layout-flex wp-block-group-is-layout-flex\"><div class=\"wp-block-post-terms\"><a href=\"https:\/\/www.greenpeace.org\/africa\/fr\/category\/travaille-avec-nous\/\">Travaille Avec Nous<\/a><\/div>\n                <div class=\"taxonomy-post_tag wp-block-post-terms\"><a href=\"https:\/\/www.greenpeace.org\/africa\/fr\/tag\/greenpeaceafrique\/\" rel=\"tag\">GreenpeaceAfrique<\/a><\/div>\n                \n                <\/div>\n                \n        <h3 class=\"wp-block-post-title\"><a href=\"https:\/\/www.greenpeace.org\/africa\/fr\/emplois-1\/59610\/consultante-en-communication-et-medias\/\" target=\"_self\" >Consultant(e) en Communication et M\u00e9dias\u00a0<\/a><\/h3>\n        <div class=\"wp-block-post-excerpt\"><p class=\"wp-block-post-excerpt__excerpt\">Opportunit\u00e9 d\u2019emploi: Consultant(e) en Communication et M\u00e9dias\u00a0 <\/p><\/div>\n        \n        <div class=\"wp-block-group posts-list-meta is-layout-flow wp-block-group-is-layout-flow\"><span class='article-list-item-author'>Greenpeace Afrique<\/span>\n        <div class=\"wp-block-post-date\"><time datetime=\"2025-11-28T12:43:38+00:00\">28 November 2025<\/time><\/div>\n        \n        <\/div>\n        <\/div>\n        <\/div>\n\n            <\/li><li class=\"wp-block-post post-59295 post type-post status-publish format-standard has-post-thumbnail hentry category-travaille-avec-nous tag-greenpeaceafrique p4-page-type-emplois-1\">\n            \n<div class=\"wp-block-columns is-layout-flex wp-container-core-columns-is-layout-9d6595d7 wp-block-columns-is-layout-flex\"><figure class=\"wp-block-post-featured-image\"><a href=\"https:\/\/www.greenpeace.org\/africa\/fr\/emplois-1\/59295\/militant-des-campagnes-forets-et-de-la-biodiversite\/\" target=\"_self\"  ><img loading=\"lazy\" decoding=\"async\" width=\"1200\" height=\"800\" src=\"https:\/\/www.greenpeace.org\/static\/planet4-africa-stateless\/2018\/10\/2e463ca7-gp0stotcv.jpg\" class=\"attachment-post-thumbnail size-post-thumbnail wp-post-image wp-stateless-item\" alt=\"Militant des Campagnes For\u00eats et de la Biodiversit\u00e9\" style=\"object-fit:cover;\" srcset=\"https:\/\/www.greenpeace.org\/static\/planet4-africa-stateless\/2018\/10\/2e463ca7-gp0stotcv.jpg 1200w, https:\/\/www.greenpeace.org\/static\/planet4-africa-stateless\/2018\/10\/2e463ca7-gp0stotcv-300x200.jpg 300w, https:\/\/www.greenpeace.org\/static\/planet4-africa-stateless\/2018\/10\/2e463ca7-gp0stotcv-768x512.jpg 768w, https:\/\/www.greenpeace.org\/static\/planet4-africa-stateless\/2018\/10\/2e463ca7-gp0stotcv-1024x683.jpg 1024w, https:\/\/www.greenpeace.org\/static\/planet4-africa-stateless\/2018\/10\/2e463ca7-gp0stotcv-510x340.jpg 510w\" sizes=\"auto, (max-width: 1200px) 100vw, 1200px\" data-image-size=\"post-thumbnail\" data-stateless-media-bucket=\"planet4-africa-stateless\" data-stateless-media-name=\"2018\/10\/2e463ca7-gp0stotcv.jpg\" \/><\/a><\/figure>\n\n        <div class=\"wp-block-group is-layout-flow wp-block-group-is-layout-flow\">\n                <div class=\"wp-block-group is-layout-flex wp-block-group-is-layout-flex\"><div class=\"wp-block-post-terms\"><a href=\"https:\/\/www.greenpeace.org\/africa\/fr\/category\/travaille-avec-nous\/\">Travaille Avec Nous<\/a><\/div>\n                <div class=\"taxonomy-post_tag wp-block-post-terms\"><a href=\"https:\/\/www.greenpeace.org\/africa\/fr\/tag\/greenpeaceafrique\/\" rel=\"tag\">GreenpeaceAfrique<\/a><\/div>\n                \n                <\/div>\n                \n        <h3 class=\"wp-block-post-title\"><a href=\"https:\/\/www.greenpeace.org\/africa\/fr\/emplois-1\/59295\/militant-des-campagnes-forets-et-de-la-biodiversite\/\" target=\"_self\" >Militant des Campagnes For\u00eats et de la Biodiversit\u00e9<\/a><\/h3>\n        <div class=\"wp-block-post-excerpt\"><p class=\"wp-block-post-excerpt__excerpt\">Opportunit\u00e9 d\u2019emploi: Militant des Campagnes For\u00eats et de la Biodiversit\u00e9 <\/p><\/div>\n        \n        <div class=\"wp-block-group posts-list-meta is-layout-flow wp-block-group-is-layout-flow\"><span class='article-list-item-author'>Greenpeace Afrique<\/span>\n        <div class=\"wp-block-post-date\"><time datetime=\"2025-10-14T13:28:10+00:00\">14 October 2025<\/time><\/div>\n        \n        <\/div>\n        <\/div>\n        <\/div>\n\n            <\/li><\/ul>\n\n    \n<div class=\"wp-block-buttons carousel-controls is-horizontal is-content-justification-space-between is-nowrap is-layout-flex wp-container-core-buttons-is-layout-044bd602 wp-block-buttons-is-layout-flex\">\n            <div class=\"wp-block-button carousel-control-prev\"><button type=\"button\" class=\"wp-block-button__link wp-element-button\">Prev<\/button><\/div>\n        \n\n            <div class=\"wp-block-button carousel-control-next\"><button type=\"button\" class=\"wp-block-button__link wp-element-button\">Next<\/button><\/div>\n        <\/div>\n\n\n    <li class=\" wp-block-navigation-item see-all-link wp-block-navigation-link\"><a class=\"wp-block-navigation-item__content\"  href=\"http:\/\/www.greenpeace.org\/africa\/en\/news-stories\/?post-type=open-positions\"><span class=\"wp-block-navigation-item__label\">See all stories<\/span><\/a><\/li><\/div>\n    ","protected":false},"excerpt":{"rendered":"<p>Les candidats doivent comprendre et soutenir nos valeurs fondamentales et nos styles de\u00a0campagnes, dont la d\u00e9sob\u00e9issance civile pacifique. Nous consid\u00e9rons chacun comme un\u00a0militant, et les candidats doivent d\u00e9montrer leur passion et articuler le r\u00f4le qu\u2019ils joueraient dans\u00a0la construction d\u2019un mouvement pour l\u2019environnement en Afrique. Nos bureaux sont situ\u00e9s \u00e0 Johannesburg, Nairobi, Dakar, Kinshasa et Yaound\u00e9. [&hellip;]<\/p>\n","protected":false},"author":21,"featured_media":5603,"parent":0,"menu_order":0,"comment_status":"closed","ping_status":"closed","template":"","meta":{"_acf_changed":false,"ep_exclude_from_search":false,"p4_hide_page_title_checkbox":"on","p4_title":"","p4_subtitle":"","p4_description":"","background_image_id":"","background_image":"","p4_button_title":"","p4_button_link":"","p4_button_link_checkbox":"","p4_og_title":"","p4_og_description":"","p4_og_image":"","p4_og_image_id":"","p4_seo_canonical_url":"","p4_campaign_name":"not set","p4_local_project":"","p4_basket_name":"not set","p4_department":"","footnotes":""},"categories":[],"tags":[],"class_list":["post-4317","page","type-page","status-publish","has-post-thumbnail","hentry"],"acf":[],"_links":{"self":[{"href":"https:\/\/www.greenpeace.org\/africa\/fr\/wp-json\/wp\/v2\/pages\/4317","targetHints":{"allow":["GET"]}}],"collection":[{"href":"https:\/\/www.greenpeace.org\/africa\/fr\/wp-json\/wp\/v2\/pages"}],"about":[{"href":"https:\/\/www.greenpeace.org\/africa\/fr\/wp-json\/wp\/v2\/types\/page"}],"author":[{"embeddable":true,"href":"https:\/\/www.greenpeace.org\/africa\/fr\/wp-json\/wp\/v2\/users\/21"}],"replies":[{"embeddable":true,"href":"https:\/\/www.greenpeace.org\/africa\/fr\/wp-json\/wp\/v2\/comments?post=4317"}],"version-history":[{"count":16,"href":"https:\/\/www.greenpeace.org\/africa\/fr\/wp-json\/wp\/v2\/pages\/4317\/revisions"}],"predecessor-version":[{"id":58953,"href":"https:\/\/www.greenpeace.org\/africa\/fr\/wp-json\/wp\/v2\/pages\/4317\/revisions\/58953"}],"wp:featuredmedia":[{"embeddable":true,"href":"https:\/\/www.greenpeace.org\/africa\/fr\/wp-json\/wp\/v2\/media\/5603"}],"wp:attachment":[{"href":"https:\/\/www.greenpeace.org\/africa\/fr\/wp-json\/wp\/v2\/media?parent=4317"}],"wp:term":[{"taxonomy":"category","embeddable":true,"href":"https:\/\/www.greenpeace.org\/africa\/fr\/wp-json\/wp\/v2\/categories?post=4317"},{"taxonomy":"post_tag","embeddable":true,"href":"https:\/\/www.greenpeace.org\/africa\/fr\/wp-json\/wp\/v2\/tags?post=4317"}],"curies":[{"name":"wp","href":"https:\/\/api.w.org\/{rel}","templated":true}]}}