{"id":4756,"date":"2018-05-08T15:55:28","date_gmt":"2018-05-08T15:55:28","guid":{"rendered":"https:\/\/www.greenpeace.org\/africa\/acte\/congobasinforest\/"},"modified":"2025-06-23T08:56:19","modified_gmt":"2025-06-23T08:56:19","slug":"congobasinforest","status":"publish","type":"page","link":"https:\/\/www.greenpeace.org\/africa\/fr\/agir\/congobasinforest\/","title":{"rendered":"La for\u00eat du Bassin du Congo"},"content":{"rendered":"\n                \n                <div class=\"wp-block-group alignfull is-layout-flow wp-block-group-is-layout-flow\">\n                \n                <div class=\"wp-block-group container is-layout-flow wp-block-group-is-layout-flow\">\n                \n                <div class=\"wp-block-media-text alignfull has-media-on-the-right is-stacked-on-mobile is-pattern-p4-page-header is-style-parallax\">\n\n                <div class=\"wp-block-media-text__content\">\n                    <div class=\"wp-block-group is-layout-flow wp-block-group-is-layout-flow\">\n                    \n                        <h1 class=\"wp-block-heading has-white-background-color has-background\">\n                            Prot\u00e9ger le Bassin du Congo\n                        <\/h1>\n                    <\/div>\n                \n\n                \n                        <p style=\"font-size:1.25rem\">\n                            L\u2019Afrique a un c\u0153ur vert \u2014 une \u00e9tendue palpitante de rivi\u00e8res et de for\u00eats, riche en culture, en faune\u00a0et en nature dans toute sa diversit\u00e9, avec une population dynamique. La for\u00eat du bassin du Congo est\u00a0la deuxi\u00e8me plus grande for\u00eat tropicale humide du monde, elle couvre 170 millions d\u2019hectares, soit\u00a0plus de 4 fois la superficie de l\u2019Allemagne. L\u2019impensable est aujourd\u2019hui devenu une r\u00e9alit\u00e9.\u00a0L\u2019exploitation foresti\u00e8re ill\u00e9gale et non durable, conjugu\u00e9e \u00e0 une mauvaise gestion des for\u00eats, a\u00a0entra\u00een\u00e9 une perte moyenne de 374 000 hectares par an\u2009!\n                        <\/p>\n                    \n\n                \n\n                <\/div>\n                <figure class=\"wp-block-media-text__media\">\n                    <img loading=\"lazy\" decoding=\"async\" width=\"1200\" height=\"444\"\n                        src=\"https:\/\/www.greenpeace.org\/static\/planet4-africa-stateless\/2018\/11\/b858312f-gp0stov4h.jpg\"\n                        alt=\"\"\n                        sizes=\"auto, (min-width: 601px) 50vw, 100vw\" srcset=\"https:\/\/www.greenpeace.org\/static\/planet4-africa-stateless\/2018\/11\/b858312f-gp0stov4h.jpg 1200w, https:\/\/www.greenpeace.org\/static\/planet4-africa-stateless\/2018\/11\/b858312f-gp0stov4h-300x111.jpg 300w, https:\/\/www.greenpeace.org\/static\/planet4-africa-stateless\/2018\/11\/b858312f-gp0stov4h-768x284.jpg 768w, https:\/\/www.greenpeace.org\/static\/planet4-africa-stateless\/2018\/11\/b858312f-gp0stov4h-1024x379.jpg 1024w, https:\/\/www.greenpeace.org\/static\/planet4-africa-stateless\/2018\/11\/b858312f-gp0stov4h-510x189.jpg 510w\" class=\"wp-image-4866 size-full\"\n                    \/>\n                <\/figure>\n                <\/div>\n                \n                <\/div>\n                \n                <\/div>\n                \n                <div data-render=\"planet4-blocks\/columns\" data-attributes=\"{&quot;attributes&quot;:{&quot;columns_block_style&quot;:&quot;no_image&quot;,&quot;columns&quot;:[{&quot;title&quot;:&quot;Pourquoi devons-nous prot\\u00e9ger le bassin du Congo\\u2009?&quot;,&quot;description&quot;:&quot;La for\\u00eat du bassin du Congo s\\u2019\\u00e9tend sur de nombreux pays d\\u2019Afrique centrale et fournit de la nourriture, de l\\u2019eau douce, des abris et des rem\\u00e8des \\u00e0 des millions de personnes et abrite des esp\\u00e8ces fauniques en p\\u00e9ril. Au cours des derni\\u00e8res ann\\u00e9es, les scientifiques ont d\\u00e9couvert une grande superficie de tourbi\\u00e8re qui retient le carbone et qui r\\u00e9siste au changement climatique.&quot;},{&quot;title&quot;:&quot;Le probl\\u00e8me&quot;,&quot;description&quot;:&quot;La for\\u00eat du bassin du Congo est l\\u2019un des endroits les plus importants au monde pour aider \\u00e0 r\\u00e9duire les effets du changement climatique. Le taux de d\\u00e9forestation dans la for\\u00eat du bassin du Congo a augment\\u00e9 \\u00e0 un rythme alarmant. Le contr\\u00f4le inad\\u00e9quat du secteur forestier et l\\u2019augmentation de la demande sur les march\\u00e9s internationaux ont cr\\u00e9\\u00e9 le sc\\u00e9nario id\\u00e9al pour l\\u2019agro-industrie et l\\u2019exploitation foresti\\u00e8re industrielle qui ont pour but de d\\u00e9velopper et d\\u2019\\u00e9puiser les habitats forestiers. C\\u2019est un \\u00e9cosyst\\u00e8me particulier qui aide \\u00e0 garder notre plan\\u00e8te enti\\u00e8re au frais et c\\u2019est pourquoi cette for\\u00eat devrait \\u00eatre importante pour nous tous.&quot;}]}}\"><\/div><div data-render=\"planet4-blocks\/columns\" data-attributes=\"{&quot;attributes&quot;:{&quot;columns_block_style&quot;:&quot;tasks&quot;,&quot;columns_title&quot;:&quot;Rejoignez le mouvement pour le Bassin du Congo&quot;,&quot;columns&quot;:[{&quot;title&quot;:&quot;Montrez votre soutien pour le bassin du Congo&quot;,&quot;description&quot;:&quot;Nous voulons un mouvement qui mettre fin \\u00e0 l&#039;abattage ill\\u00e9gale et \\u00e0 la d\\u00e9forestation dans le coeur vert de l\\u2019Afrique.&quot;,&quot;cta_link&quot;:&quot;https:\\\/\\\/act.greenpeace.org\\\/page\\\/32920\\\/petition\\\/1&quot;,&quot;cta_text&quot;:&quot;PRENDRE LE GAGE&quot;},{&quot;title&quot;:&quot;Soutenez les communaut\\u00e9s locales au Cameroun&quot;,&quot;description&quot;:&quot;Soutenez les communaut\\u00e9s locales au Cameroun! Agissez pour emp\\u00eacher le vol des terres des peuples autochtones par Sudcam&quot;,&quot;cta_link&quot;:&quot;https:\\\/\\\/act.greenpeace.org\\\/page\\\/35422\\\/petition\\\/1&quot;,&quot;cta_text&quot;:&quot;SIGNEZ LA PETITION&quot;},{&quot;title&quot;:&quot;Partagez sur les r\\u00e9seaux sociaux&quot;,&quot;description&quot;:&quot;Prot\\u00e9gez la for\\u00eat du bassin du Congo. Rejoignez le mouvement pour la protection de la deuxi\\u00e8me plus grande for\\u00eat tropical de l\\u2019abattage ill\\u00e9gale et de la d\\u00e9forestation.&quot;,&quot;cta_link&quot;:&quot;https:\\\/\\\/web.facebook.com\\\/watch\\\/?v=1639910956071978&quot;,&quot;cta_text&quot;:&quot;REGARDEZ ET PARTAGEZ&quot;}]}}\"><\/div>","protected":false},"excerpt":{"rendered":"","protected":false},"author":1,"featured_media":5102,"parent":2974,"menu_order":3,"comment_status":"closed","ping_status":"closed","template":"","meta":{"_acf_changed":false,"ep_exclude_from_search":false,"p4_hide_page_title_checkbox":"on","p4_title":"","p4_subtitle":"","p4_description":"","background_image_id":"","background_image":"","p4_button_title":"","p4_button_link":"","p4_button_link_checkbox":"","p4_og_title":"","p4_og_description":"","p4_og_image":"","p4_og_image_id":"","p4_seo_canonical_url":"","p4_campaign_name":"not set","p4_local_project":"","p4_basket_name":"not set","p4_department":"","footnotes":""},"categories":[52],"tags":[54],"class_list":["post-4756","page","type-page","status-publish","has-post-thumbnail","hentry","category-proteger-lenvironnement","tag-forets"],"acf":[],"_links":{"self":[{"href":"https:\/\/www.greenpeace.org\/africa\/fr\/wp-json\/wp\/v2\/pages\/4756","targetHints":{"allow":["GET"]}}],"collection":[{"href":"https:\/\/www.greenpeace.org\/africa\/fr\/wp-json\/wp\/v2\/pages"}],"about":[{"href":"https:\/\/www.greenpeace.org\/africa\/fr\/wp-json\/wp\/v2\/types\/page"}],"author":[{"embeddable":true,"href":"https:\/\/www.greenpeace.org\/africa\/fr\/wp-json\/wp\/v2\/users\/1"}],"replies":[{"embeddable":true,"href":"https:\/\/www.greenpeace.org\/africa\/fr\/wp-json\/wp\/v2\/comments?post=4756"}],"version-history":[{"count":20,"href":"https:\/\/www.greenpeace.org\/africa\/fr\/wp-json\/wp\/v2\/pages\/4756\/revisions"}],"predecessor-version":[{"id":57898,"href":"https:\/\/www.greenpeace.org\/africa\/fr\/wp-json\/wp\/v2\/pages\/4756\/revisions\/57898"}],"up":[{"embeddable":true,"href":"https:\/\/www.greenpeace.org\/africa\/fr\/wp-json\/wp\/v2\/pages\/2974"}],"wp:featuredmedia":[{"embeddable":true,"href":"https:\/\/www.greenpeace.org\/africa\/fr\/wp-json\/wp\/v2\/media\/5102"}],"wp:attachment":[{"href":"https:\/\/www.greenpeace.org\/africa\/fr\/wp-json\/wp\/v2\/media?parent=4756"}],"wp:term":[{"taxonomy":"category","embeddable":true,"href":"https:\/\/www.greenpeace.org\/africa\/fr\/wp-json\/wp\/v2\/categories?post=4756"},{"taxonomy":"post_tag","embeddable":true,"href":"https:\/\/www.greenpeace.org\/africa\/fr\/wp-json\/wp\/v2\/tags?post=4756"}],"curies":[{"name":"wp","href":"https:\/\/api.w.org\/{rel}","templated":true}]}}