{"id":4761,"date":"2018-10-30T07:55:26","date_gmt":"2018-10-30T07:55:26","guid":{"rendered":"https:\/\/www.greenpeace.org\/africa\/acte\/access-to-water-for-all\/"},"modified":"2025-06-23T08:55:45","modified_gmt":"2025-06-23T08:55:45","slug":"universelaleau","status":"publish","type":"page","link":"https:\/\/www.greenpeace.org\/africa\/fr\/agir\/universelaleau\/","title":{"rendered":"Acc\u00e8s universel \u00e0 l&#8217;eau"},"content":{"rendered":"\n                \n                <div class=\"wp-block-group alignfull is-layout-flow wp-block-group-is-layout-flow\">\n                \n                <div class=\"wp-block-group container is-layout-flow wp-block-group-is-layout-flow\">\n                \n                <div class=\"wp-block-media-text alignfull has-media-on-the-right is-stacked-on-mobile is-pattern-p4-page-header is-style-parallax\">\n\n                <div class=\"wp-block-media-text__content\">\n                    <div class=\"wp-block-group is-layout-flow wp-block-group-is-layout-flow\">\n                    \n                        <h1 class=\"wp-block-heading has-white-background-color has-background\">\n                            Acc\u00e8s universel \u00e0 l\u2019eau\n                        <\/h1>\n                    <\/div>\n                \n\n                \n                        <p style=\"font-size:1.25rem\">\n                            Le continent africain conna\u00eet de graves probl\u00e8mes en eau. Au moment o\u00f9 les grands usagers de l\u2019eau\u00a0tels que les centrales au charbon continuent \u00e0 avoir acc\u00e8s \u00e0 l\u2019eau, les personnes lambda elles, n\u2019ont\u00a0pas un acc\u00e8s \u00e9gal \u00e0 l\u2019eau pour pourvoir leur famille en eau potable. La raret\u00e9 de l\u2019eau est un facteur de\u00a0risque pour les africains.\r\n\r\nL\u2019acc\u00e8s \u00e0 l\u2019eau est un droit fondamental\u00a0: tous les gouvernements ont le devoir de distribuer de l\u2019eau\u00a0potable \u00e0 tous, sans prot\u00e9ger les int\u00e9r\u00eats des industries qui polluent et qui volent l\u2019eau des populations.\n                        <\/p>\n                    \n\n                \n\n                <\/div>\n                <figure class=\"wp-block-media-text__media\">\n                    <img loading=\"lazy\" decoding=\"async\" width=\"1200\" height=\"800\"\n                        src=\"https:\/\/www.greenpeace.org\/static\/planet4-africa-stateless\/2018\/10\/8fd4953e-gp0strjv5.jpg\"\n                        alt=\"\"\n                        sizes=\"auto, (min-width: 601px) 50vw, 100vw\" srcset=\"https:\/\/www.greenpeace.org\/static\/planet4-africa-stateless\/2018\/10\/8fd4953e-gp0strjv5.jpg 1200w, https:\/\/www.greenpeace.org\/static\/planet4-africa-stateless\/2018\/10\/8fd4953e-gp0strjv5-300x200.jpg 300w, https:\/\/www.greenpeace.org\/static\/planet4-africa-stateless\/2018\/10\/8fd4953e-gp0strjv5-768x512.jpg 768w, https:\/\/www.greenpeace.org\/static\/planet4-africa-stateless\/2018\/10\/8fd4953e-gp0strjv5-1024x683.jpg 1024w, https:\/\/www.greenpeace.org\/static\/planet4-africa-stateless\/2018\/10\/8fd4953e-gp0strjv5-510x340.jpg 510w\" class=\"wp-image-3979 size-full\"\n                    \/>\n                <\/figure>\n                <\/div>\n                \n                <\/div>\n                \n                <\/div>\n                \n                <div data-render=\"planet4-blocks\/columns\" data-attributes=\"{&quot;attributes&quot;:{&quot;columns_block_style&quot;:&quot;no_image&quot;,&quot;columns&quot;:[{&quot;title&quot;:&quot;L\\u2019eau c\\u2019est la vie, nous devons travailler ensemble pour la pr\\u00e9server&quot;,&quot;description&quot;:&quot;L\\u2019acc\\u00e8s \\u00e0 l\\u2019eau est un droit humain fondamental : nous ne pouvons pas vivre sans elle et nous devons veiller \\u00e0 ce que le droit des personnes \\u00e0 l\\u2019eau soit prioritaire et prot\\u00e9g\\u00e9. La raret\\u00e9 de l\\u2019eau est une probl\\u00e9matique importante que le changement climatique risque d\\u2019aggraver.&quot;},{&quot;title&quot;:&quot;La raret\\u00e9 de l\\u2019eau est un facteur de risque pour la sant\\u00e9 des africains&quot;,&quot;description&quot;:&quot;Nous devons travailler ensemble pour faire en sorte que l\\u2019eau soit au centre de toutes les d\\u00e9cisions et que les m\\u00e9gas consommateurs n\\u2019aient plus le droit d\\u2019utiliser autant d\\u2019eau qu\\u2019ils le souhaitent, ce qui met en danger le droit des gens \\u00e0 l\\u2019eau et les exposerait a des infections sanitaires graves.&quot;}]}}\"><\/div><div data-render=\"planet4-blocks\/columns\" data-attributes=\"{&quot;attributes&quot;:{&quot;columns_block_style&quot;:&quot;tasks&quot;,&quot;columns&quot;:[{&quot;title&quot;:&quot;De l&#039;eau pour tous&quot;,&quot;description&quot;:&quot;L&#039;inaccessibilit\\u00e9 \\u00e0 l&#039;eau est un probl\\u00e8me s\\u00e9rieux en Afrique, aidez-nous \\u00e0 assurer que tout le monde \\u00e0 acc\\u00e8s \\u00e0 l&#039;eau&quot;,&quot;cta_text&quot;:&quot;Signer la P\\u00e9tition&quot;,&quot;cta_link&quot;:&quot;https:\\\/\\\/act.greenpeace.org\\\/page\\\/32917\\\/petition\\\/1&quot;},{&quot;title&quot;:&quot;Partagez sur les r\\u00e9seaux sociaux&quot;,&quot;description&quot;:&quot;L\\u2019eau est un droit humain, nous ne pouvons pas vivre sans elle.rnLe droit des personnes \\u00e0 l\\u2019eau doit passer en premier et doit \\u00eatre prot\\u00e9g\\u00e9. Rejoignez le mouvement qui promeut l\\u2019acc\\u00e8s \\u00e0 l\\u2019eau courante en partageant notre animation.&quot;,&quot;cta_text&quot;:&quot;Regardez et partagez&quot;,&quot;cta_link&quot;:&quot;https:\\\/\\\/business.facebook.com\\\/GreenpeaceAfrica\\\/videos\\\/10157910696713849\\\/?permPage=1&quot;},{&quot;title&quot;:&quot;Cliquez ici pour faire un don&quot;,&quot;description&quot;:&quot;Votre contribution nous aide \\u00e0 lutter contre le plastique non r\\u00e9utilisable. Et soutient notre travail de d\\u00e9fense de la plan\\u00e8te.&quot;,&quot;cta_text&quot;:&quot;Donnez maintenant&quot;,&quot;cta_link&quot;:&quot;https:\\\/\\\/africadonate.greenpeace.org\\\/&quot;}]}}\"><\/div>","protected":false},"excerpt":{"rendered":"","protected":false},"author":19,"featured_media":5813,"parent":2974,"menu_order":6,"comment_status":"closed","ping_status":"closed","template":"","meta":{"_acf_changed":false,"ep_exclude_from_search":false,"p4_hide_page_title_checkbox":"on","p4_title":"","p4_subtitle":"","p4_description":"","background_image_id":"","background_image":"","p4_button_title":"","p4_button_link":"","p4_button_link_checkbox":"","p4_og_title":"","p4_og_description":"","p4_og_image":"","p4_og_image_id":"","p4_seo_canonical_url":"","p4_campaign_name":"","p4_local_project":"","p4_basket_name":"","p4_department":"","footnotes":""},"categories":[59],"tags":[99],"class_list":["post-4761","page","type-page","status-publish","has-post-thumbnail","hentry","category-changer-ma-communaute","tag-eau"],"acf":[],"_links":{"self":[{"href":"https:\/\/www.greenpeace.org\/africa\/fr\/wp-json\/wp\/v2\/pages\/4761","targetHints":{"allow":["GET"]}}],"collection":[{"href":"https:\/\/www.greenpeace.org\/africa\/fr\/wp-json\/wp\/v2\/pages"}],"about":[{"href":"https:\/\/www.greenpeace.org\/africa\/fr\/wp-json\/wp\/v2\/types\/page"}],"author":[{"embeddable":true,"href":"https:\/\/www.greenpeace.org\/africa\/fr\/wp-json\/wp\/v2\/users\/19"}],"replies":[{"embeddable":true,"href":"https:\/\/www.greenpeace.org\/africa\/fr\/wp-json\/wp\/v2\/comments?post=4761"}],"version-history":[{"count":16,"href":"https:\/\/www.greenpeace.org\/africa\/fr\/wp-json\/wp\/v2\/pages\/4761\/revisions"}],"predecessor-version":[{"id":57875,"href":"https:\/\/www.greenpeace.org\/africa\/fr\/wp-json\/wp\/v2\/pages\/4761\/revisions\/57875"}],"up":[{"embeddable":true,"href":"https:\/\/www.greenpeace.org\/africa\/fr\/wp-json\/wp\/v2\/pages\/2974"}],"wp:featuredmedia":[{"embeddable":true,"href":"https:\/\/www.greenpeace.org\/africa\/fr\/wp-json\/wp\/v2\/media\/5813"}],"wp:attachment":[{"href":"https:\/\/www.greenpeace.org\/africa\/fr\/wp-json\/wp\/v2\/media?parent=4761"}],"wp:term":[{"taxonomy":"category","embeddable":true,"href":"https:\/\/www.greenpeace.org\/africa\/fr\/wp-json\/wp\/v2\/categories?post=4761"},{"taxonomy":"post_tag","embeddable":true,"href":"https:\/\/www.greenpeace.org\/africa\/fr\/wp-json\/wp\/v2\/tags?post=4761"}],"curies":[{"name":"wp","href":"https:\/\/api.w.org\/{rel}","templated":true}]}}