{"id":4978,"date":"2018-11-01T11:19:25","date_gmt":"2018-11-01T11:19:25","guid":{"rendered":"https:\/\/www.greenpeace.org\/africa\/contactus\/"},"modified":"2025-07-03T13:13:51","modified_gmt":"2025-07-03T13:13:51","slug":"contacteznous","status":"publish","type":"page","link":"https:\/\/www.greenpeace.org\/africa\/fr\/contacteznous\/","title":{"rendered":"Contactez Nous"},"content":{"rendered":"\n\n<div class=\"wp-block-group alignfull is-layout-flow wp-block-group-is-layout-flow\">\n<div class=\"wp-block-group container is-layout-flow wp-block-group-is-layout-flow\">\n<div class=\"wp-block-media-text alignfull has-media-on-the-right is-stacked-on-mobile is-pattern-p4-page-header is-style-parallax\"><div class=\"wp-block-media-text__content\">\n<div class=\"wp-block-group is-layout-flow wp-block-group-is-layout-flow\">\n<h1 class=\"wp-block-heading has-white-background-color has-background\">\n                            Contactez Nous\n                        <\/h1>\n<\/div>\n\n\n\n<p style=\"font-size:1.25rem\">\n                            Greenpeace Afrique a ouvert des bureaux au Cameroun, en r\u00e9publique D\u00e9mocratique du Congo&nbsp;(RDC), au Kenya, au S\u00e9n\u00e9gal et en Afrique du Sud. Si vous souhaitez vous engager, veuillez&nbsp;nous contacter par e-mail.\n                        <\/p>\n<\/div><figure class=\"wp-block-media-text__media\"><img loading=\"lazy\" decoding=\"async\" width=\"1200\" height=\"801\" src=\"https:\/\/www.greenpeace.org\/static\/planet4-africa-stateless\/2018\/11\/83e0c1df-gp04m8c.jpg\" alt=\"\" sizes=\"auto, (min-width: 601px) 50vw, 100vw\" srcset=\"https:\/\/www.greenpeace.org\/static\/planet4-africa-stateless\/2018\/11\/83e0c1df-gp04m8c.jpg 1200w, https:\/\/www.greenpeace.org\/static\/planet4-africa-stateless\/2018\/11\/83e0c1df-gp04m8c-300x200.jpg 300w, https:\/\/www.greenpeace.org\/static\/planet4-africa-stateless\/2018\/11\/83e0c1df-gp04m8c-768x513.jpg 768w, https:\/\/www.greenpeace.org\/static\/planet4-africa-stateless\/2018\/11\/83e0c1df-gp04m8c-1024x684.jpg 1024w, https:\/\/www.greenpeace.org\/static\/planet4-africa-stateless\/2018\/11\/83e0c1df-gp04m8c-510x340.jpg 510w\" class=\"wp-image-4371 size-full\"\/><\/figure><\/div>\n<\/div>\n<\/div>\n\n\n<style>\n        .container-x {\n            max-width: 1200px;\n            margin: 50px auto;\n            background: white;\n            padding: 20px;\n            border-radius: 10px;\n            box-shadow: 0 0 10px rgba(0, 0, 0, 0.1);\n        }\n        h2 {\n            color: #00703C;\n        }\n        .contact-box {\n            text-align: left;\n            padding: 15px;\n            border-bottom: 1px solid #ddd;\n        }\n        .contact-box:last-child {\n            border-bottom: none;\n        }\n        .contact-box strong {\n            display: block;\n            color: #333;\n            font-size: 26px;\n            margin-bottom: 5px;\n        }\n        .contact-box a {\n            color: #00703C;\n            text-decoration: none;\n            font-weight: bold;\n        }\n        .contact-box a:hover {\n            text-decoration: underline;\n        }\n    <\/style>\n    <div class=\"container-x\">\n        <h2>Greenpeace Afrique<\/h2>\n        \n        <div class=\"contact-box\">\n            <strong>Greenpeace Afrique Si\u00e8ge<\/strong>\n            T\u00e9l\u00e9phone: <a href=\"tel:+27114824696\">+27 11 482 4696<\/a><br>\n            E-Mail: <a href=\"mailto:coafrica@greenpeace.org\">coafrica@greenpeace.org<\/a>\n        <\/div>\n\n        <div class=\"contact-box\">\n            <strong>Pour toute question li\u00e9e aux dons<\/strong>\n            T\u00e9l\u00e9phone: <a href=\"tel:+27117262404\">+27 11 726 2404<\/a><br>\n            E-Mail: <a href=\"mailto:fgpa@greenpeace.org\">fgpa@greenpeace.org<\/a>\n        <\/div>\n        \n        <div class=\"contact-box\">\n            <strong>Questions de collecte de fonds sp\u00e9cifiques au Kenya<\/strong>\n            E-Mail: <a href=\"mailto:gkenya@greenpeace.org\">gkenya@greenpeace.org<\/a>\n        <\/div>\n    <\/div>\n\n<iframe loading=\"lazy\" src=\"https:\/\/maps.greenpeace.org\/maps\/gpafr\/africa-offices-map\/?lang=fr\" width=\"100%\" height=\"800\" frameborder=\"0\" allowfullscreen=\"allowfullscreen\"><\/iframe>\n","protected":false},"excerpt":{"rendered":"<p>Greenpeace Afrique Greenpeace Afrique Si\u00e8ge T\u00e9l\u00e9phone: +27 11 482 4696 E-Mail: coafrica@greenpeace.org Pour toute question li\u00e9e aux dons T\u00e9l\u00e9phone: +27 11 726 2404 E-Mail: fgpa@greenpeace.org Questions de collecte de fonds sp\u00e9cifiques au Kenya E-Mail: gkenya@greenpeace.org<\/p>\n","protected":false},"author":19,"featured_media":2474,"parent":0,"menu_order":0,"comment_status":"closed","ping_status":"closed","template":"page-templates\/evergreen.php","meta":{"_acf_changed":false,"ep_exclude_from_search":false,"p4_hide_page_title_checkbox":"on","p4_title":"","p4_subtitle":"","p4_description":"","background_image_id":"","background_image":"","p4_button_title":"","p4_button_link":"","p4_button_link_checkbox":"","p4_og_title":"","p4_og_description":"","p4_og_image":"","p4_og_image_id":"","p4_seo_canonical_url":"","p4_campaign_name":"","p4_local_project":"","p4_basket_name":"","p4_department":"","footnotes":""},"categories":[],"tags":[42],"class_list":["post-4978","page","type-page","status-publish","has-post-thumbnail","hentry","tag-greenpeaceafrique"],"acf":[],"_links":{"self":[{"href":"https:\/\/www.greenpeace.org\/africa\/fr\/wp-json\/wp\/v2\/pages\/4978","targetHints":{"allow":["GET"]}}],"collection":[{"href":"https:\/\/www.greenpeace.org\/africa\/fr\/wp-json\/wp\/v2\/pages"}],"about":[{"href":"https:\/\/www.greenpeace.org\/africa\/fr\/wp-json\/wp\/v2\/types\/page"}],"author":[{"embeddable":true,"href":"https:\/\/www.greenpeace.org\/africa\/fr\/wp-json\/wp\/v2\/users\/19"}],"replies":[{"embeddable":true,"href":"https:\/\/www.greenpeace.org\/africa\/fr\/wp-json\/wp\/v2\/comments?post=4978"}],"version-history":[{"count":7,"href":"https:\/\/www.greenpeace.org\/africa\/fr\/wp-json\/wp\/v2\/pages\/4978\/revisions"}],"predecessor-version":[{"id":58293,"href":"https:\/\/www.greenpeace.org\/africa\/fr\/wp-json\/wp\/v2\/pages\/4978\/revisions\/58293"}],"wp:featuredmedia":[{"embeddable":true,"href":"https:\/\/www.greenpeace.org\/africa\/fr\/wp-json\/wp\/v2\/media\/2474"}],"wp:attachment":[{"href":"https:\/\/www.greenpeace.org\/africa\/fr\/wp-json\/wp\/v2\/media?parent=4978"}],"wp:term":[{"taxonomy":"category","embeddable":true,"href":"https:\/\/www.greenpeace.org\/africa\/fr\/wp-json\/wp\/v2\/categories?post=4978"},{"taxonomy":"post_tag","embeddable":true,"href":"https:\/\/www.greenpeace.org\/africa\/fr\/wp-json\/wp\/v2\/tags?post=4978"}],"curies":[{"name":"wp","href":"https:\/\/api.w.org\/{rel}","templated":true}]}}