{"id":9149,"date":"2020-03-20T12:24:55","date_gmt":"2020-03-20T12:24:55","guid":{"rendered":"https:\/\/www.greenpeace.org\/africa\/?page_id=9149"},"modified":"2024-03-26T11:29:18","modified_gmt":"2024-03-26T11:29:18","slug":"tableau-des-offres-demploi","status":"publish","type":"page","link":"https:\/\/www.greenpeace.org\/africa\/fr\/emplois\/tableau-des-offres-demploi\/","title":{"rendered":"Tableau des emplois"},"content":{"rendered":"\n                    <div class=\"wp-block-group is-vertical is-layout-flex wp-container-core-group-is-layout-8cf370e7 wp-block-group-is-layout-flex\">\n                    \n\n                    \n                    <\/div>\n                    \n<h2 class=\"wp-block-heading\">Postes vacants<\/h2>\n\n<hr class=\"wp-block-separator has-css-opacity is-style-wide\"\/>\n\n<div class=\"wp-block-group is-layout-constrained wp-block-group-is-layout-constrained\">\n<h2 class=\"wp-block-heading\" id=\"block-67011f75-a315-4b50-ade0-a65018a97bc7\"><strong>Charg\u00e9(e) de Campagne Offshore p\u00e9trole et Gaz<\/strong><\/h2>\n\n\n\n<p>Greenpeace Afrique cherche \u00e0 recruter un <strong>Charg\u00e9(e) de Campagne Offshore p\u00e9trole\u00a0 et Gaz<\/strong><\/p>\n\n\n\n<p><strong>Lieu: <\/strong>Dakar, Senegal. \u00catre dispos\u00e9 \u00e0 travailler \u00e0 distance car Greenpeace Africa a mis en place un mod\u00e8le de lieu de travail hybride.<\/p>\n\n\n\n<p><strong>Date limite:<\/strong> 11 ao\u00fbt 2023.<\/p>\n\n\n\n<div class=\"wp-block-buttons is-layout-flex wp-block-buttons-is-layout-flex\">\n<div class=\"wp-block-button is-style-cta\"><a class=\"wp-block-button__link wp-element-button\" href=\"https:\/\/www.greenpeace.org\/static\/planet4-africa-stateless\/2023\/07\/b9cea716-fre_chargee-de-campagne-offshore-petrole-et-gaz.pdf\">LIRE PLUS<\/a><\/div>\n<\/div>\n<\/div>\n\n<hr class=\"wp-block-separator has-css-opacity is-style-wide\"\/>\n","protected":false},"excerpt":{"rendered":"<p>Postes vacants Charg\u00e9(e) de Campagne Offshore p\u00e9trole et Gaz Greenpeace Afrique cherche \u00e0 recruter un Charg\u00e9(e) de Campagne Offshore p\u00e9trole\u00a0 et Gaz Lieu: Dakar, Senegal. \u00catre dispos\u00e9 \u00e0 travailler \u00e0 distance car Greenpeace Africa a mis en place un mod\u00e8le de lieu de travail hybride. Date limite: 11 ao\u00fbt 2023.<\/p>\n","protected":false},"author":29,"featured_media":0,"parent":4317,"menu_order":0,"comment_status":"closed","ping_status":"closed","template":"","meta":{"_acf_changed":false,"ep_exclude_from_search":false,"p4_hide_page_title_checkbox":"","p4_title":"","p4_subtitle":"","p4_description":"","background_image_id":"","background_image":"","p4_button_title":"","p4_button_link":"","p4_button_link_checkbox":"","p4_og_title":"","p4_og_description":"","p4_og_image":"","p4_og_image_id":"","p4_seo_canonical_url":"","p4_campaign_name":"not set","p4_local_project":"not set","p4_basket_name":"not set","p4_department":"","footnotes":""},"categories":[],"tags":[],"class_list":["post-9149","page","type-page","status-publish","hentry"],"acf":[],"_links":{"self":[{"href":"https:\/\/www.greenpeace.org\/africa\/fr\/wp-json\/wp\/v2\/pages\/9149","targetHints":{"allow":["GET"]}}],"collection":[{"href":"https:\/\/www.greenpeace.org\/africa\/fr\/wp-json\/wp\/v2\/pages"}],"about":[{"href":"https:\/\/www.greenpeace.org\/africa\/fr\/wp-json\/wp\/v2\/types\/page"}],"author":[{"embeddable":true,"href":"https:\/\/www.greenpeace.org\/africa\/fr\/wp-json\/wp\/v2\/users\/29"}],"replies":[{"embeddable":true,"href":"https:\/\/www.greenpeace.org\/africa\/fr\/wp-json\/wp\/v2\/comments?post=9149"}],"version-history":[{"count":20,"href":"https:\/\/www.greenpeace.org\/africa\/fr\/wp-json\/wp\/v2\/pages\/9149\/revisions"}],"predecessor-version":[{"id":55146,"href":"https:\/\/www.greenpeace.org\/africa\/fr\/wp-json\/wp\/v2\/pages\/9149\/revisions\/55146"}],"up":[{"embeddable":true,"href":"https:\/\/www.greenpeace.org\/africa\/fr\/wp-json\/wp\/v2\/pages\/4317"}],"wp:attachment":[{"href":"https:\/\/www.greenpeace.org\/africa\/fr\/wp-json\/wp\/v2\/media?parent=9149"}],"wp:term":[{"taxonomy":"category","embeddable":true,"href":"https:\/\/www.greenpeace.org\/africa\/fr\/wp-json\/wp\/v2\/categories?post=9149"},{"taxonomy":"post_tag","embeddable":true,"href":"https:\/\/www.greenpeace.org\/africa\/fr\/wp-json\/wp\/v2\/tags?post=9149"}],"curies":[{"name":"wp","href":"https:\/\/api.w.org\/{rel}","templated":true}]}}