{"id":57897,"date":"2018-04-30T18:59:14","date_gmt":"2018-04-30T06:59:14","guid":{"rendered":"https:\/\/www.greenpeace.org\/aotearoa\/?page_id=57897"},"modified":"2025-06-23T21:38:47","modified_gmt":"2025-06-23T09:38:47","slug":"nga-take-nunui-ki-a-tatou-katoa","status":"publish","type":"page","link":"https:\/\/www.greenpeace.org\/aotearoa\/mi\/nga-take-nunui-ki-a-tatou-katoa\/","title":{"rendered":"Ng\u0101 take nunui ki a t\u0101tou katoa"},"content":{"rendered":"\n                \n                <div class=\"wp-block-group alignfull is-layout-flow wp-block-group-is-layout-flow\">\n                \n                <div class=\"wp-block-group container is-layout-flow wp-block-group-is-layout-flow\">\n                \n                <div class=\"wp-block-media-text alignfull has-media-on-the-right is-stacked-on-mobile is-pattern-p4-page-header is-style-parallax\">\n\n                <div class=\"wp-block-media-text__content\">\n                    <div class=\"wp-block-group is-layout-flow wp-block-group-is-layout-flow\">\n                    \n                        <h1 class=\"wp-block-heading has-white-background-color has-background\">\n                            Ng\u0101 take nunui ki a t\u0101tou katoa\n                        <\/h1>\n                    <\/div>\n                \n\n                \n                        <p style=\"font-size:1.25rem\">\n                            Ko te whakapikinga ake o te moana, ko ng\u0101 karawhiu nui o te huarere, ko te ngaronga o ng\u0101 momo koiora rerek\u0113 me te t\u016bkino p\u0101pori. Kei te raruraru nui te \u0101huarangi, \u0101, kei te p\u0101kinohia tonutia \u014d t\u0101tou ngahere, te moana me te hau i ng\u0101 mahi whakawetiweti a ng\u0101 r\u0101ngai ahumahi. Heoi, ki te t\u016b kotahi t\u0101tou ka ea \u0113nei take nunui. Tirohia ng\u0101 mahi a Greenpeace ki te whakamarumaru i te ao t\u016broa hei p\u0101inga m\u014d ng\u0101 uri whakaheke.\n\n                        <\/p>\n                    \n\n                \n\n                <\/div>\n                <figure class=\"wp-block-media-text__media\">\n                    <img loading=\"lazy\" decoding=\"async\" width=\"1199\" height=\"537\"\n                        src=\"https:\/\/www.greenpeace.org\/static\/planet4-aotearoa-stateless\/2022\/12\/5aed436f-gp01hhi.jpeg\"\n                        alt=\"\"\n                        sizes=\"auto, (min-width: 601px) 50vw, 100vw\" srcset=\"https:\/\/www.greenpeace.org\/static\/planet4-aotearoa-stateless\/2022\/12\/5aed436f-gp01hhi.jpeg 1199w, https:\/\/www.greenpeace.org\/static\/planet4-aotearoa-stateless\/2022\/12\/5aed436f-gp01hhi-600x269.jpeg 600w, https:\/\/www.greenpeace.org\/static\/planet4-aotearoa-stateless\/2022\/12\/5aed436f-gp01hhi-1024x459.jpeg 1024w, https:\/\/www.greenpeace.org\/static\/planet4-aotearoa-stateless\/2022\/12\/5aed436f-gp01hhi-768x344.jpeg 768w, https:\/\/www.greenpeace.org\/static\/planet4-aotearoa-stateless\/2022\/12\/5aed436f-gp01hhi-510x228.jpeg 510w\" class=\"wp-image-57919 size-full\"\n                    \/>\n                <\/figure>\n                <\/div>\n                \n                <\/div>\n                \n                <\/div>\n                \n                <div data-render=\"planet4-blocks\/columns\" data-attributes=\"{&quot;attributes&quot;:{&quot;columns_block_style&quot;:&quot;image&quot;,&quot;columns&quot;:[{&quot;attachment&quot;:&quot;https:\\\/\\\/www.greenpeace.org\\\/static\\\/planet4-aotearoa-stateless\\\/2018\\\/05\\\/ab4801ca-gp0stpa95treatedflipped-e1526244156388.jpg&quot;,&quot;title&quot;:&quot;E whakahou ana i ng\\u0101 mahi p\\u0101mu&quot;,&quot;description&quot;:&quot;N\\u0101 te nui o ng\\u0101 mahinga kau kei te mate te \\u0101huarangi, te wai me \\u014d t\\u0101tou hapori. In\\u0101 k\\u0113 te nui o ng\\u0101 kau, waihoki, n\\u014d te ahumahi miraka te nuinga o ng\\u0101 para e takakino ana i te \\u0101huarangi o Aotearoa. Kei te whakapau kaha m\\u0101tou ki te whakahou i ng\\u0101 mahi ahuwhenua, ki te whakat\\u014d hoki i ng\\u0101 tikanga mahi whakarauora m\\u0101ori ki ng\\u0101 p\\u0101mu, hei h\\u0101pai k\\u0113 i te taiao.&quot;,&quot;cta_text&quot;:&quot;Rapua he k\\u014drero an\\u014d&quot;,&quot;cta_link&quot;:&quot;https:\\\/\\\/www.greenpeace.org\\\/aotearoa\\\/tag\\\/food-and-farming\\\/&quot;,&quot;attachment_srcset&quot;:false},{&quot;attachment&quot;:&quot;https:\\\/\\\/www.greenpeace.org\\\/static\\\/planet4-aotearoa-stateless\\\/2021\\\/08\\\/f608e1e7-gp1svnfa_medium_res-510x340.jpg&quot;,&quot;title&quot;:&quot;E whakamarumaru ana i te moana&quot;,&quot;description&quot;:&quot;N\\u014d te moana nui a Tangaroa \\u0101 t\\u0101tou kai, n\\u0101na an\\u014d ka tautika te \\u0101huarangi. He kaiwhakapeto waro te moana, waihoki, hei k\\u0101inga an\\u014d te moana ki t\\u0113tahi haurua o ng\\u0101 rauropi o t\\u0113nei ao. Heoi, kei te whakapaua, kei te t\\u016bkinohia t\\u0113nei taonga. Me whakap\\u0101taritari atu t\\u0101tou ki te r\\u0101ngai h\\u012b ika me ng\\u0101 ahumahi e p\\u0101kino ana ki te moana ki te whakamarumaru i ng\\u0101 wai k\\u0101mehamhea o te moana. Me whakat\\u016b k\\u0113 t\\u0101tou ng\\u0101 m\\u0101puna whakarauora, kia hoki mai an\\u014d te tini a Tangaroa me \\u014dna \\u0101huatanga katoa.&quot;,&quot;cta_text&quot;:&quot;Rapua he k\\u014drero an\\u014d&quot;,&quot;cta_link&quot;:&quot;https:\\\/\\\/www.greenpeace.org\\\/aotearoa\\\/tag\\\/oceans\\\/&quot;,&quot;attachment_srcset&quot;:&quot;https:\\\/\\\/www.greenpeace.org\\\/static\\\/planet4-aotearoa-stateless\\\/2021\\\/08\\\/f608e1e7-gp1svnfa_medium_res-510x340.jpg 510w, https:\\\/\\\/www.greenpeace.org\\\/static\\\/planet4-aotearoa-stateless\\\/2021\\\/08\\\/f608e1e7-gp1svnfa_medium_res-600x400.jpg 600w, https:\\\/\\\/www.greenpeace.org\\\/static\\\/planet4-aotearoa-stateless\\\/2021\\\/08\\\/f608e1e7-gp1svnfa_medium_res-1024x683.jpg 1024w, https:\\\/\\\/www.greenpeace.org\\\/static\\\/planet4-aotearoa-stateless\\\/2021\\\/08\\\/f608e1e7-gp1svnfa_medium_res-768x512.jpg 768w, https:\\\/\\\/www.greenpeace.org\\\/static\\\/planet4-aotearoa-stateless\\\/2021\\\/08\\\/f608e1e7-gp1svnfa_medium_res.jpg 1200w&quot;},{&quot;attachment&quot;:&quot;https:\\\/\\\/www.greenpeace.org\\\/static\\\/planet4-aotearoa-stateless\\\/2019\\\/07\\\/e7ade517-gp0stt3fm_web_size-510x340.jpg&quot;,&quot;title&quot;:&quot;E whakamutu atu ana i ng\\u0101 parahanga kirihou&quot;,&quot;description&quot;:&quot;He k\\u014drero parau noa ng\\u0101 kupu, kua &#039;tukuna atu&#039; ng\\u0101 para. Kua kite k\\u0113 t\\u0101tou katoa i ng\\u0101 whakaahua whakarihariha o ng\\u0101 onep\\u016b m\\u0101 kua kapi katoa i te para kirihou, o ng\\u0101 honu me ng\\u0101 koiora o te moana kua mate i te kai p\\u0113ke, i te kai p\\u0101tara me te huhua o ng\\u0101 momo para moana. Kei te whakapau kaha m\\u0101tou ki te aukati i ng\\u0101 kirihou mahinga tukutahi, kia whai k\\u0113 ng\\u0101 r\\u0101ngai ahumahi i ng\\u0101 rawa tukurua.u003cbru003e&quot;,&quot;cta_text&quot;:&quot;Rapua he k\\u014drero an\\u014d&quot;,&quot;cta_link&quot;:&quot;https:\\\/\\\/www.greenpeace.org\\\/aotearoa\\\/tag\\\/plastics\\\/&quot;,&quot;attachment_srcset&quot;:&quot;https:\\\/\\\/www.greenpeace.org\\\/static\\\/planet4-aotearoa-stateless\\\/2019\\\/07\\\/e7ade517-gp0stt3fm_web_size-510x340.jpg 510w, https:\\\/\\\/www.greenpeace.org\\\/static\\\/planet4-aotearoa-stateless\\\/2019\\\/07\\\/e7ade517-gp0stt3fm_web_size-600x400.jpg 600w, https:\\\/\\\/www.greenpeace.org\\\/static\\\/planet4-aotearoa-stateless\\\/2019\\\/07\\\/e7ade517-gp0stt3fm_web_size-768x512.jpg 768w, https:\\\/\\\/www.greenpeace.org\\\/static\\\/planet4-aotearoa-stateless\\\/2019\\\/07\\\/e7ade517-gp0stt3fm_web_size.jpg 800w&quot;}],&quot;className&quot;:&quot;is-style-image&quot;}}\"><\/div><div data-render=\"planet4-blocks\/happypoint\" data-attributes=\"{&quot;attributes&quot;:{&quot;opacity&quot;:30,&quot;override_default_content&quot;:false,&quot;local_content_provider&quot;:&quot;none&quot;}}\"><\/div>","protected":false},"excerpt":{"rendered":"","protected":false},"author":6,"featured_media":55061,"parent":0,"menu_order":0,"comment_status":"closed","ping_status":"closed","template":"","meta":{"_planet4_optimize_post_is_variant":false,"_planet4_optimize_experiment_name":"","_planet4_optimize_variant_name":"","ep_exclude_from_search":false,"p4_hide_page_title_checkbox":"on","p4_title":"","p4_subtitle":"","p4_description":"","background_image_id":"","background_image":"","p4_button_title":"","p4_button_link":"","p4_button_link_checkbox":"","p4_og_title":"","p4_og_description":"","p4_og_image":"","p4_og_image_id":"","p4_seo_canonical_url":"","p4_campaign_name":"not set","p4_local_project":"not set","p4_basket_name":"not set","p4_department":"","footnotes":""},"categories":[10],"tags":[],"class_list":["post-57897","page","type-page","status-publish","has-post-thumbnail","hentry","category-greenpeace"],"yoast_head":"<!-- This site is optimized with the Yoast SEO Premium plugin v26.8 (Yoast SEO v26.8) - https:\/\/yoast.com\/product\/yoast-seo-premium-wordpress\/ -->\n<title>Ng\u0101 take nunui ki a t\u0101tou katoa<\/title>\n<meta name=\"robots\" content=\"index, follow, max-snippet:-1, max-image-preview:large, max-video-preview:-1\" \/>\n<link rel=\"canonical\" href=\"http:\/\/www.greenpeace.org\/aotearoa\/explore\/\" \/>\n<meta property=\"og:locale\" content=\"mi_NZ\" \/>\n<meta property=\"og:type\" content=\"article\" \/>\n<meta property=\"og:title\" content=\"Ng\u0101 take nunui ki a t\u0101tou katoa\" \/>\n<meta property=\"og:url\" content=\"http:\/\/www.greenpeace.org\/aotearoa\/explore\/\" \/>\n<meta property=\"og:site_name\" content=\"Greenpeace Aotearoa\" \/>\n<meta property=\"article:publisher\" content=\"https:\/\/www.facebook.com\/greenpeace.nz\" \/>\n<meta property=\"article:modified_time\" content=\"2025-06-23T09:38:47+00:00\" \/>\n<meta property=\"og:image\" content=\"https:\/\/www.greenpeace.org\/static\/planet4-aotearoa-stateless\/2018\/05\/GP0STQGRG_treated.jpg\" \/>\n\t<meta property=\"og:image:width\" content=\"1920\" \/>\n\t<meta property=\"og:image:height\" content=\"1282\" \/>\n\t<meta property=\"og:image:type\" content=\"image\/jpeg\" \/>\n<meta name=\"twitter:card\" content=\"summary_large_image\" \/>\n<meta name=\"twitter:site\" content=\"@GreenpeaceNZ\" \/>\n<script type=\"application\/ld+json\" class=\"yoast-schema-graph\">{\"@context\":\"https:\/\/schema.org\",\"@graph\":[{\"@type\":\"WebPage\",\"@id\":\"http:\/\/www.greenpeace.org\/aotearoa\/explore\/\",\"url\":\"http:\/\/www.greenpeace.org\/aotearoa\/explore\/\",\"name\":\"Ng\u0101 take nunui ki a t\u0101tou katoa\",\"isPartOf\":{\"@id\":\"https:\/\/www.greenpeace.org\/aotearoa\/#website\"},\"primaryImageOfPage\":{\"@id\":\"http:\/\/www.greenpeace.org\/aotearoa\/explore\/#primaryimage\"},\"image\":{\"@id\":\"http:\/\/www.greenpeace.org\/aotearoa\/explore\/#primaryimage\"},\"thumbnailUrl\":\"https:\/\/www.greenpeace.org\/static\/planet4-aotearoa-stateless\/2018\/05\/GP0STQGRG_treated.jpg\",\"datePublished\":\"2018-04-30T06:59:14+00:00\",\"dateModified\":\"2025-06-23T09:38:47+00:00\",\"breadcrumb\":{\"@id\":\"http:\/\/www.greenpeace.org\/aotearoa\/explore\/#breadcrumb\"},\"inLanguage\":\"mi-NZ\",\"potentialAction\":[{\"@type\":\"ReadAction\",\"target\":[\"http:\/\/www.greenpeace.org\/aotearoa\/explore\/\"]}]},{\"@type\":\"ImageObject\",\"inLanguage\":\"mi-NZ\",\"@id\":\"http:\/\/www.greenpeace.org\/aotearoa\/explore\/#primaryimage\",\"url\":\"https:\/\/www.greenpeace.org\/static\/planet4-aotearoa-stateless\/2018\/05\/GP0STQGRG_treated.jpg\",\"contentUrl\":\"https:\/\/www.greenpeace.org\/static\/planet4-aotearoa-stateless\/2018\/05\/GP0STQGRG_treated.jpg\",\"width\":1920,\"height\":1282,\"caption\":\"Hundreds of volunteers attend Love Trumps Hate protest in Prague to show they don't want the politics of fear and hate and to support similar activities in USA. The Greenpeacers joined the rally with the #BridgesNotWalls message.\"},{\"@type\":\"BreadcrumbList\",\"@id\":\"http:\/\/www.greenpeace.org\/aotearoa\/explore\/#breadcrumb\",\"itemListElement\":[{\"@type\":\"ListItem\",\"position\":1,\"name\":\"Home\",\"item\":\"http:\/\/www.greenpeace.org\/aotearoa\/\"},{\"@type\":\"ListItem\",\"position\":2,\"name\":\"Ng\u0101 take nunui ki a t\u0101tou katoa\"}]},{\"@type\":\"WebSite\",\"@id\":\"https:\/\/www.greenpeace.org\/aotearoa\/#website\",\"url\":\"https:\/\/www.greenpeace.org\/aotearoa\/\",\"name\":\"Greenpeace Aotearoa\",\"description\":\"Our mission is to ensure Earth\u2019s ability to nurture life in all its diversity.\",\"potentialAction\":[{\"@type\":\"SearchAction\",\"target\":{\"@type\":\"EntryPoint\",\"urlTemplate\":\"https:\/\/www.greenpeace.org\/aotearoa\/?s={search_term_string}\"},\"query-input\":{\"@type\":\"PropertyValueSpecification\",\"valueRequired\":true,\"valueName\":\"search_term_string\"}}],\"inLanguage\":\"mi-NZ\"}]}<\/script>\n<!-- \/ Yoast SEO Premium plugin. -->","yoast_head_json":{"title":"Ng\u0101 take nunui ki a t\u0101tou katoa","robots":{"index":"index","follow":"follow","max-snippet":"max-snippet:-1","max-image-preview":"max-image-preview:large","max-video-preview":"max-video-preview:-1"},"canonical":"http:\/\/www.greenpeace.org\/aotearoa\/explore\/","og_locale":"mi_NZ","og_type":"article","og_title":"Ng\u0101 take nunui ki a t\u0101tou katoa","og_url":"http:\/\/www.greenpeace.org\/aotearoa\/explore\/","og_site_name":"Greenpeace Aotearoa","article_publisher":"https:\/\/www.facebook.com\/greenpeace.nz","article_modified_time":"2025-06-23T09:38:47+00:00","og_image":[{"width":1920,"height":1282,"url":"https:\/\/www.greenpeace.org\/static\/planet4-aotearoa-stateless\/2018\/05\/GP0STQGRG_treated.jpg","type":"image\/jpeg"}],"twitter_card":"summary_large_image","twitter_site":"@GreenpeaceNZ","schema":{"@context":"https:\/\/schema.org","@graph":[{"@type":"WebPage","@id":"http:\/\/www.greenpeace.org\/aotearoa\/explore\/","url":"http:\/\/www.greenpeace.org\/aotearoa\/explore\/","name":"Ng\u0101 take nunui ki a t\u0101tou katoa","isPartOf":{"@id":"https:\/\/www.greenpeace.org\/aotearoa\/#website"},"primaryImageOfPage":{"@id":"http:\/\/www.greenpeace.org\/aotearoa\/explore\/#primaryimage"},"image":{"@id":"http:\/\/www.greenpeace.org\/aotearoa\/explore\/#primaryimage"},"thumbnailUrl":"https:\/\/www.greenpeace.org\/static\/planet4-aotearoa-stateless\/2018\/05\/GP0STQGRG_treated.jpg","datePublished":"2018-04-30T06:59:14+00:00","dateModified":"2025-06-23T09:38:47+00:00","breadcrumb":{"@id":"http:\/\/www.greenpeace.org\/aotearoa\/explore\/#breadcrumb"},"inLanguage":"mi-NZ","potentialAction":[{"@type":"ReadAction","target":["http:\/\/www.greenpeace.org\/aotearoa\/explore\/"]}]},{"@type":"ImageObject","inLanguage":"mi-NZ","@id":"http:\/\/www.greenpeace.org\/aotearoa\/explore\/#primaryimage","url":"https:\/\/www.greenpeace.org\/static\/planet4-aotearoa-stateless\/2018\/05\/GP0STQGRG_treated.jpg","contentUrl":"https:\/\/www.greenpeace.org\/static\/planet4-aotearoa-stateless\/2018\/05\/GP0STQGRG_treated.jpg","width":1920,"height":1282,"caption":"Hundreds of volunteers attend Love Trumps Hate protest in Prague to show they don't want the politics of fear and hate and to support similar activities in USA. The Greenpeacers joined the rally with the #BridgesNotWalls message."},{"@type":"BreadcrumbList","@id":"http:\/\/www.greenpeace.org\/aotearoa\/explore\/#breadcrumb","itemListElement":[{"@type":"ListItem","position":1,"name":"Home","item":"http:\/\/www.greenpeace.org\/aotearoa\/"},{"@type":"ListItem","position":2,"name":"Ng\u0101 take nunui ki a t\u0101tou katoa"}]},{"@type":"WebSite","@id":"https:\/\/www.greenpeace.org\/aotearoa\/#website","url":"https:\/\/www.greenpeace.org\/aotearoa\/","name":"Greenpeace Aotearoa","description":"Our mission is to ensure Earth\u2019s ability to nurture life in all its diversity.","potentialAction":[{"@type":"SearchAction","target":{"@type":"EntryPoint","urlTemplate":"https:\/\/www.greenpeace.org\/aotearoa\/?s={search_term_string}"},"query-input":{"@type":"PropertyValueSpecification","valueRequired":true,"valueName":"search_term_string"}}],"inLanguage":"mi-NZ"}]}},"_links":{"self":[{"href":"https:\/\/www.greenpeace.org\/aotearoa\/mi\/wp-json\/wp\/v2\/pages\/57897","targetHints":{"allow":["GET"]}}],"collection":[{"href":"https:\/\/www.greenpeace.org\/aotearoa\/mi\/wp-json\/wp\/v2\/pages"}],"about":[{"href":"https:\/\/www.greenpeace.org\/aotearoa\/mi\/wp-json\/wp\/v2\/types\/page"}],"author":[{"embeddable":true,"href":"https:\/\/www.greenpeace.org\/aotearoa\/mi\/wp-json\/wp\/v2\/users\/6"}],"replies":[{"embeddable":true,"href":"https:\/\/www.greenpeace.org\/aotearoa\/mi\/wp-json\/wp\/v2\/comments?post=57897"}],"version-history":[{"count":9,"href":"https:\/\/www.greenpeace.org\/aotearoa\/mi\/wp-json\/wp\/v2\/pages\/57897\/revisions"}],"predecessor-version":[{"id":71069,"href":"https:\/\/www.greenpeace.org\/aotearoa\/mi\/wp-json\/wp\/v2\/pages\/57897\/revisions\/71069"}],"wp:featuredmedia":[{"embeddable":true,"href":"https:\/\/www.greenpeace.org\/aotearoa\/mi\/wp-json\/wp\/v2\/media\/55061"}],"wp:attachment":[{"href":"https:\/\/www.greenpeace.org\/aotearoa\/mi\/wp-json\/wp\/v2\/media?parent=57897"}],"wp:term":[{"taxonomy":"category","embeddable":true,"href":"https:\/\/www.greenpeace.org\/aotearoa\/mi\/wp-json\/wp\/v2\/categories?post=57897"},{"taxonomy":"post_tag","embeddable":true,"href":"https:\/\/www.greenpeace.org\/aotearoa\/mi\/wp-json\/wp\/v2\/tags?post=57897"}],"curies":[{"name":"wp","href":"https:\/\/api.w.org\/{rel}","templated":true}]}}