{"id":57945,"date":"2021-02-15T13:31:01","date_gmt":"2021-02-15T00:31:01","guid":{"rendered":"https:\/\/www.greenpeace.org\/aotearoa\/?page_id=57945"},"modified":"2024-03-27T00:36:54","modified_gmt":"2024-03-26T11:36:54","slug":"te-kaupapa-here-o-greenpeace-aotearoa-mo-te-tiriti-o-waitangi","status":"publish","type":"page","link":"https:\/\/www.greenpeace.org\/aotearoa\/mi\/ko-wai-matou\/o-matou-uara\/te-kaupapa-here-o-greenpeace-aotearoa-mo-te-tiriti-o-waitangi\/","title":{"rendered":"Te kaupapa here o Greenpeace Aotearoa m\u014d Te Tiriti o Waitangi"},"content":{"rendered":"\n                    <div class=\"wp-block-group is-vertical is-layout-flex wp-container-core-group-is-layout-8cf370e7 wp-block-group-is-layout-flex\">\n                    \n\n                    \n                    <\/div>\n                    \n<p>Kei te whaka\u016b t\u0113nei kaupapa here i Te Tiriti o Waitangi ki roto i ng\u0101 mahi a Greenpeace Aotearoa, \u0101, koinei te t\u016b\u0101papa e \u0101rahi ana i ng\u0101 hononga o Greenpeace Aotearoa ki ng\u0101 hap\u016b me ng\u0101 iwi M\u0101ori i roto i \u0101na mahi ki Aotearoa.<\/p>\n\n<h2 class=\"wp-block-heading\">Te kaupapa here m\u014d Te Tiriti o Waitangi<\/h2>\n\n<p>Kei te whakamana a Greenpeace Aotearoa i Te Tiriti o Waitangi i hainatia ki te reo M\u0101ori i te 6 o P\u0113puere i te tau 1840 hei t\u016b\u0101papa m\u014d te hononga i waenga i te Karauna (ar\u0101, ko te K\u0101wanatanga o Aotearoa) me ng\u0101 hap\u016b o te iwi taketake o Aotearoa.<\/p>\n\n<p>Kei te h\u0101pai a Greenpeace Aotearoa i te mana o Te Tiriti o Waitangi ki te whaka\u016b i te rangatiratanga o te tangata whenua, otir\u0101, k\u0101ore te rangatiratanga i tukuna atu, ahakoa ng\u0101 riri kino o tauiwi ki Aotearoa.<\/p>\n\n<p>I raro i ng\u0101 k\u014drero a <a href=\"http:\/\/www.treaty2u.govt.nz\/the-treaty-up-close\/treaty-of-waitangi\/index.htm\" target=\"_blank\" rel=\"noreferrer noopener\">Te Tiriti o Waitangi<\/a>:<\/p>\n\n<ol class=\"wp-block-list\">\n<li>Kei te Karauna te mana ki te whakahaere i a tauiwi, huri noa i Aotearoa;<\/li>\n\n\n\n<li>Kei ng\u0101 hap\u016b te tino rangatiratanga ki runga i \u014d r\u0101tou t\u0101ngata, i \u014d r\u0101tou whenua me \u014d r\u0101tou taonga katoa.<\/li>\n\n\n\n<li>E rua ng\u0101 momo kirirarautanga a te M\u0101ori ki t\u0113nei whenua, ar\u0101, e noho ana r\u0101tou ki raro i ng\u0101 tikanga \u0101-iwi, ki raro hoki i ng\u0101 whakahaere o te K\u0101wanatanga o Aotearoa; \u0101<\/li>\n\n\n\n<li>Me manaaki ng\u0101 whakapono me ng\u0101 tikanga katoa.<\/li>\n<\/ol>\n\n<p>Ahakoa n\u014d te Karauna te kawenga nui ki te h\u0101pai i ng\u0101 w\u0101hanga o Te Tiriti, ka \u0101hei tonu ng\u0101 whakahaere p\u0113r\u0101 i GPAo ki te whakamana i t\u0113nei whakaaetanga, ar\u0101, me whai whakaaro, me h\u0101pai hoki te tino rangatiratanga o ng\u0101 hap\u016b.<\/p>\n\n<h2 class=\"wp-block-heading\"><strong>Ng\u0101 Uara me ng\u0101 Tikanga \u2013 Ng\u0101 pou e wh\u0101<\/strong><\/h2>\n\n<p>Kia whakah\u014dnoretia Te Tiriti, kia whakamanahia hoki te tino rangatiratanga me whakah\u014dnore a Greenpeace Aotearoa ng\u0101 tikanga M\u0101ori i roto i \u0101 r\u0101tou mahi i te taha o ng\u0101 hap\u016b me ng\u0101 iwi M\u0101ori.<\/p>\n\n<p>N\u014d reira, kei te p\u016bmau a Greenpeace Aotearoa ki ng\u0101 pou e wh\u0101, ki ng\u0101 uara matua e wh\u0101 r\u0101nei, hei \u0101rahi i \u0101 m\u0101tou mahi ki Aotearoa. E \u016b p\u016bmau ana m\u0101tou ki te whakawhanaketanga o ng\u0101 anga mahi me ng\u0101 tukanga e whakaata ana i ng\u0101 pou nei: ko te whakamanatanga o te tangata whenua me \u014dna whenua, \u014dna wai me \u014dna t\u0101ngata; ko te whakamanatanga o te kaitiakitanga; me m\u0101rama ki te tikanga o te manaakitanga, me whai hoki te kotahitanga i roto i \u0101 m\u0101tou mahere rautaki me ng\u0101 mahere mahi, i roto i ng\u0101 tukanga mahi me ng\u0101 hononga t\u0101ngata.<\/p>\n\n<p>Ko ng\u0101 pou e wh\u0101 \u0113nei:<\/p>\n\n<ol class=\"wp-block-list\">\n<li>Me whakamana te tangata whenua, \u014dna whenua, \u014dna wai me \u014dna t\u0101ngata \u2013 ar\u0101, ko te mana tuku iho i runga i te whenua, i runga i te moana, ko te mana hoki o te tangata. E h\u0101pai ana te mana whenua, te mana moana me te mana tangata i te whakapapa me te m\u0101tauranga o te tangata whenua.<\/li>\n\n\n\n<li>Me whakamana te kaitiakitanga \u2013 he mahi tuku iho te tiaki taiao, hei kawe m\u0101 te wh\u0101nau, m\u0101 te hap\u016b me te iwi.<\/li>\n\n\n\n<li>Me kimi m\u0101ramatanga m\u014d te manaakitanga \u2013 he mahi t\u0101utuutu i runga i te ng\u0101kau atawhai, i te whakaute, i te h\u016bm\u0101rie, i te whakaaro nui ki te tangata me te taiao.<\/li>\n\n\n\n<li>Me whai te kotahitanga \u2013 me mahi kotahi i runga i te kaupapa kotahi, i runga i te ara kotahi. Ka \u0101kina te katoa ki te kuhu mai ki te kaupapa, ka rangona ng\u0101 k\u014drero a t\u0113n\u0101 me t\u0113n\u0101, k\u0101tahi ka puta mai te whakatau a te katoa.<\/li>\n<\/ol>\n\n<h2 class=\"wp-block-heading\"><strong><strong>Ng\u0101 takahanga o Greenpeace ki Aotearoa<\/strong><\/strong><\/h2>\n\n<p>Kua puta mai t\u0113nei kaupapa here o Greenpeace Aotearoa, ar\u0101, ko te kaupapa here tuatahi m\u014d Te Tiriti o Waitangi, i \u0101 m\u0101tou mahi m\u014d te huhua o ng\u0101 take me ng\u0101 hononga ki ng\u0101 iwi me ng\u0101 hap\u016b, i runga an\u014d i te ng\u0101kau makuru, i ng\u0101 mahi me ng\u0101 k\u014drero akiaki a ng\u0101 kaimahi M\u0101ori, a ng\u0101 mema o te poari me ng\u0101 hoamahi i te roanga o te 30 tau.<\/p>\n\n<p>Kei te m\u0101rama t\u0113nei kaupapa here ki te mana me te whaihua o \u0101 m\u0101tou hononga t\u0101ngata, o \u0101 m\u0101tou hononga mahi hoki ki ng\u0101 iwi me ng\u0101 hap\u016b e p\u0101 ana ki \u0113tahi take motuhake, heoi, e kore e tutuki i a Greenpeace Aotearoa ng\u0101 haepapa o Te Tiriti, e kore hoki ng\u0101 p\u0101tuinga ki ng\u0101 iwi, ki ng\u0101 hap\u016b r\u0101nei e mau p\u016bmau i runga i aua mahi anake. Kua \u0101hua mai hoki t\u0113nei kaupapa here i \u014d m\u0101tou kitenga m\u014d te ngoikore o te kaupapa here o Greenpeace International e p\u0101 ana ki \u0101 r\u0101tou mahinga ng\u0101tahi ki ng\u0101 iwi taketake o te ao hei \u0101rahi i \u0101 m\u0101tou mahi ki Aotearoa nei.<\/p>\n\n<p>Ko t\u0113tahi o ng\u0101 take tuatahi o Greenpeace ki Aotearoa, ko te whakah\u0113tanga o ng\u0101 whakam\u0101tautau kariri a W\u012bw\u012b ki Te Moananui-a-Kiwa. Ka mahitahi a Greenpeace ki ng\u0101 r\u014dp\u016b whakahau o Nuclear Free me Independent Pacific, waihoki ki ng\u0101 iwi, heoi, k\u0101ore an\u014d m\u0101tou kia \u0101ta whakatakoto i \u014d m\u0101tou whakaaro m\u014d ng\u0101 mahi t\u0101mi ki Aotearoa. Kua toro atu te ringa a Greenpeace ki a Ng\u0101ti Wh\u0101tua i runga i taua kaupapa me t\u014dna noho ki roto o T\u0101maki Makaurau.<\/p>\n\n<p>N\u014d muri mai i<a href=\"https:\/\/www.greenpeace.org\/aotearoa\/about\/our-history\/bombing-of-the-rainbow-warrior\/\"> te pah\u016btanga o te Rainbow Warrior<\/a> me te totohutanga o te waka ki Matauri, ka whanake mai t\u0113tahi hononga ki a Ng\u0101ti Kura ki Matauri. I ia tau, ka haere atu a Greenpeace ki te w\u0101hi whakamahara, \u0101, t\u016btakitaki tonu ai ki a Ng\u0101ti Kura.<\/p>\n\n<p>I ng\u0101 tau 1980 me ng\u0101 tau 1990, i \u0101ta tohua Te Tiriti o Waitangi i roto i te kaupapa whakahau o Greenpeace Aotearoa m\u014d ng\u0101 ngahere, te puru, te pepa me ng\u0101 para t\u0101oke. Waihoki, ka whakat\u016bria ng\u0101 hononga ki te mana whenua o M\u0101taatua i a m\u0101tou e tohe ana m\u014d te pokenga o te awa o Tarawera e te m\u012bra, i te taha o te r\u014dp\u016b o SWAP (ko Sawmill Workers Against Pollution). Ka tau atu te Rainbow Warrior ki te rohe o M\u0101taatua ki te tautoko i ng\u0101 t\u016bmahi riri-kore me ng\u0101 huihuinga i whakat\u016bria i te taha o te mana whenua.<\/p>\n\n<p>I te paunga o ng\u0101 tau 1990, ka whakat\u016bria e Greenpeace Aotearoa t\u0113tahi tari hou, hei whakapakari ake i ng\u0101 hononga ki ng\u0101 hapori me ng\u0101 iwi, ar\u0101, ko te tari o Mana Tangata. Ka mahitahi t\u0113n\u0101 tari ki a Ng\u0101ti Wh\u0101tua ki te aukati i te tukunga o ng\u0101 para ki roto i Te Waitemat\u0101, ka mahi hoki ki a Ng\u0101ti Rangitihi, ki a Ng\u0101ti Awa me Ng\u0101ti T\u016bwharetoa ki Kawerau ki te whakah\u0113 i te whakakinotanga tonu o te awa o Tarawera e Tasman Pulp and Paper.<\/p>\n\n<p>Mai i te tau 2011, ka t\u016b tahi a Greenpeace ki te taha o Te Wh\u0101nau-\u0101-Apanui ki te <a href=\"https:\/\/www.greenpeace.org\/aotearoa\/story\/iwi-fishing-boat-disrupts-oil-survey-ship\/\">whakamutu atu i ng\u0101 mahi keri hinu ki te moana<\/a>. I whakat\u016bria \u0113nei hononga t\u0101ngata i runga i te kaupapa kotahi me te anga o te p\u0101tuitanga, \u0101, ka whakat\u016bria t\u0113tahi kaiwhakahau matua e aronui ana ki ng\u0101 hononga ki ng\u0101 hap\u016b me ng\u0101 iwi. Ka whai hua \u0101 m\u0101tou mahi, ar\u0101, ka whakar\u0113rea e Petrobras t\u0101 r\u0101tou raihana. N\u014d te aranga mai o \u0113tahi atu kamupene ki ng\u0101 rohe o te motu, ka mahitahi an\u014d a Greenpeace Aotearoa ki ng\u0101 iwi me ng\u0101 hap\u016b &#8211; ko \u0113tahi o ng\u0101 kamupene rongonui ko Satoil ki Te Tai Tokerau, \u0101, ka puta atu hoki taua kamupene, ki Kaik\u014dura i te taha o Ng\u0101ti Kur\u012b\/Ng\u0101i Tahu e tohe ana ki a Andarko, ki ng\u0101 iwi me ng\u0101 hap\u016b o Taranaki me Ng\u0101ti Kahungunu ki Te Matau-a-M\u0101ui (i ara ake t\u0113nei hononga n\u0101 t\u0101 m\u0101tou whakah\u0113 ki <a href=\"https:\/\/www.greenpeace.org\/aotearoa\/press-release\/ruataniwha-dam-plan-dead-in-the-dirty-water\/\">te matatara o Ruataniwha<\/a>). Otir\u0101, he nui te w\u0101hi ki \u0113nei hononga i roto i te whakatutukinga\u00a0 pai o t\u0113nei take i te tau 2018.<\/p>\n\n<p>I waenga i ng\u0101 tau 2017-19, ka whakawhanakehia t\u0113nei kaupapa here m\u0101 \u0113tahi huihuinga k\u014drero me ng\u0101 papamahi i runga i te t\u016bmanako, ka whaihua, ka whai tikanga, ka tika hoki \u0101 m\u0101tou mahi i waenganui i te p\u0101pori me ng\u0101 iwi. Kei te m\u014dhio m\u0101tou, ka tutuki ng\u0101 wawata o Te Tiriti m\u0101 ng\u0101 k\u014drero i runga i te ng\u0101kau m\u0101ia me te manawanui, ahakoa ng\u0101 uauatanga me ng\u0101 mahi huakore. Me &#8216;t\u016b ake&#8217; an\u014d m\u0101tou, me whakatika \u0101 m\u0101tou hapa. He kokenga whakamua t\u0113nei kaupapa here i runga i te ara kia tutuki t\u0101 m\u0101tou wh\u0101inga nui.<\/p>\n\n<hr class=\"wp-block-separator has-css-opacity\"\/>\n","protected":false},"excerpt":{"rendered":"<p>Kei te whaka\u016b t\u0113nei kaupapa here i Te Tiriti o Waitangi ki roto i ng\u0101 mahi a Greenpeace Aotearoa, \u0101, koinei te t\u016b\u0101papa e \u0101rahi ana i ng\u0101 hononga o Greenpeace Aotearoa ki ng\u0101 hap\u016b me ng\u0101 iwi M\u0101ori i roto i \u0101na mahi ki Aotearoa.<\/p>\n","protected":false},"author":6,"featured_media":57947,"parent":57937,"menu_order":0,"comment_status":"closed","ping_status":"closed","template":"page-templates\/evergreen.php","meta":{"_planet4_optimize_post_is_variant":false,"_planet4_optimize_experiment_name":"","_planet4_optimize_variant_name":"","ep_exclude_from_search":false,"p4_hide_page_title_checkbox":"","p4_title":"","p4_subtitle":"","p4_description":"","background_image_id":"","background_image":"","p4_button_title":"","p4_button_link":"","p4_button_link_checkbox":"","p4_og_title":"","p4_og_description":"","p4_og_image":"","p4_og_image_id":"","p4_seo_canonical_url":"","p4_campaign_name":"not set","p4_local_project":"not set","p4_basket_name":"not set","p4_department":"","footnotes":""},"categories":[10,70],"tags":[73],"class_list":["post-57945","page","type-page","status-publish","has-post-thumbnail","hentry","category-greenpeace","category-greenpeace-mi","tag-ko-wai-matou"],"yoast_head":"<!-- This site is optimized with the Yoast SEO Premium plugin v26.8 (Yoast SEO v26.8) - https:\/\/yoast.com\/product\/yoast-seo-premium-wordpress\/ -->\n<title>Te kaupapa here o Greenpeace Aotearoa m\u014d Te Tiriti o Waitangi<\/title>\n<meta name=\"robots\" content=\"index, follow, max-snippet:-1, max-image-preview:large, max-video-preview:-1\" \/>\n<link rel=\"canonical\" href=\"http:\/\/www.greenpeace.org\/aotearoa\/about\/our-values\/greenpeace-aotearoa-te-tiriti-policy\/\" \/>\n<meta property=\"og:locale\" content=\"mi_NZ\" \/>\n<meta property=\"og:type\" content=\"article\" \/>\n<meta property=\"og:title\" content=\"Te kaupapa here o Greenpeace Aotearoa m\u014d Te Tiriti o Waitangi\" \/>\n<meta property=\"og:description\" content=\"Kei te whaka\u016b t\u0113nei kaupapa here i Te Tiriti o Waitangi ki roto i ng\u0101 mahi a Greenpeace Aotearoa, \u0101, koinei te t\u016b\u0101papa e \u0101rahi ana i ng\u0101 hononga o Greenpeace Aotearoa ki ng\u0101 hap\u016b me ng\u0101 iwi M\u0101ori i roto i \u0101na mahi ki Aotearoa.\" \/>\n<meta property=\"og:url\" content=\"http:\/\/www.greenpeace.org\/aotearoa\/about\/our-values\/greenpeace-aotearoa-te-tiriti-policy\/\" \/>\n<meta property=\"og:site_name\" content=\"Greenpeace Aotearoa\" \/>\n<meta property=\"article:publisher\" content=\"https:\/\/www.facebook.com\/greenpeace.nz\" \/>\n<meta property=\"article:modified_time\" content=\"2024-03-26T11:36:54+00:00\" \/>\n<meta property=\"og:image\" content=\"https:\/\/www.greenpeace.org\/static\/planet4-aotearoa-stateless\/2022\/12\/5c22b679-gp0stsgtw.jpeg\" \/>\n\t<meta property=\"og:image:width\" content=\"1200\" \/>\n\t<meta property=\"og:image:height\" content=\"900\" \/>\n\t<meta property=\"og:image:type\" content=\"image\/jpeg\" \/>\n<meta name=\"twitter:card\" content=\"summary_large_image\" \/>\n<meta name=\"twitter:site\" content=\"@GreenpeaceNZ\" \/>\n<meta name=\"twitter:label1\" content=\"Est. reading time\" \/>\n\t<meta name=\"twitter:data1\" content=\"8 minutes\" \/>\n<script type=\"application\/ld+json\" class=\"yoast-schema-graph\">{\"@context\":\"https:\/\/schema.org\",\"@graph\":[{\"@type\":\"WebPage\",\"@id\":\"http:\/\/www.greenpeace.org\/aotearoa\/about\/our-values\/greenpeace-aotearoa-te-tiriti-policy\/\",\"url\":\"http:\/\/www.greenpeace.org\/aotearoa\/about\/our-values\/greenpeace-aotearoa-te-tiriti-policy\/\",\"name\":\"Te kaupapa here o Greenpeace Aotearoa m\u014d Te Tiriti o Waitangi\",\"isPartOf\":{\"@id\":\"https:\/\/www.greenpeace.org\/aotearoa\/#website\"},\"primaryImageOfPage\":{\"@id\":\"http:\/\/www.greenpeace.org\/aotearoa\/about\/our-values\/greenpeace-aotearoa-te-tiriti-policy\/#primaryimage\"},\"image\":{\"@id\":\"http:\/\/www.greenpeace.org\/aotearoa\/about\/our-values\/greenpeace-aotearoa-te-tiriti-policy\/#primaryimage\"},\"thumbnailUrl\":\"https:\/\/www.greenpeace.org\/static\/planet4-aotearoa-stateless\/2022\/12\/5c22b679-gp0stsgtw.jpeg\",\"datePublished\":\"2021-02-15T00:31:01+00:00\",\"dateModified\":\"2024-03-26T11:36:54+00:00\",\"breadcrumb\":{\"@id\":\"http:\/\/www.greenpeace.org\/aotearoa\/about\/our-values\/greenpeace-aotearoa-te-tiriti-policy\/#breadcrumb\"},\"inLanguage\":\"mi-NZ\",\"potentialAction\":[{\"@type\":\"ReadAction\",\"target\":[\"http:\/\/www.greenpeace.org\/aotearoa\/about\/our-values\/greenpeace-aotearoa-te-tiriti-policy\/\"]}]},{\"@type\":\"ImageObject\",\"inLanguage\":\"mi-NZ\",\"@id\":\"http:\/\/www.greenpeace.org\/aotearoa\/about\/our-values\/greenpeace-aotearoa-te-tiriti-policy\/#primaryimage\",\"url\":\"https:\/\/www.greenpeace.org\/static\/planet4-aotearoa-stateless\/2022\/12\/5c22b679-gp0stsgtw.jpeg\",\"contentUrl\":\"https:\/\/www.greenpeace.org\/static\/planet4-aotearoa-stateless\/2022\/12\/5c22b679-gp0stsgtw.jpeg\",\"width\":1200,\"height\":900,\"caption\":\"DCIM100MEDIADJI_0025.JPG\"},{\"@type\":\"BreadcrumbList\",\"@id\":\"http:\/\/www.greenpeace.org\/aotearoa\/about\/our-values\/greenpeace-aotearoa-te-tiriti-policy\/#breadcrumb\",\"itemListElement\":[{\"@type\":\"ListItem\",\"position\":1,\"name\":\"Home\",\"item\":\"http:\/\/www.greenpeace.org\/aotearoa\/\"},{\"@type\":\"ListItem\",\"position\":2,\"name\":\"Ko m\u0101tou t\u0113nei\",\"item\":\"http:\/\/www.greenpeace.org\/aotearoa\/about\/\"},{\"@type\":\"ListItem\",\"position\":3,\"name\":\"\u014c m\u0101tou uara\",\"item\":\"http:\/\/www.greenpeace.org\/aotearoa\/about\/our-values\/\"},{\"@type\":\"ListItem\",\"position\":4,\"name\":\"Te kaupapa here o Greenpeace Aotearoa m\u014d Te Tiriti o Waitangi\"}]},{\"@type\":\"WebSite\",\"@id\":\"https:\/\/www.greenpeace.org\/aotearoa\/#website\",\"url\":\"https:\/\/www.greenpeace.org\/aotearoa\/\",\"name\":\"Greenpeace Aotearoa\",\"description\":\"Our mission is to ensure Earth\u2019s ability to nurture life in all its diversity.\",\"potentialAction\":[{\"@type\":\"SearchAction\",\"target\":{\"@type\":\"EntryPoint\",\"urlTemplate\":\"https:\/\/www.greenpeace.org\/aotearoa\/?s={search_term_string}\"},\"query-input\":{\"@type\":\"PropertyValueSpecification\",\"valueRequired\":true,\"valueName\":\"search_term_string\"}}],\"inLanguage\":\"mi-NZ\"}]}<\/script>\n<!-- \/ Yoast SEO Premium plugin. -->","yoast_head_json":{"title":"Te kaupapa here o Greenpeace Aotearoa m\u014d Te Tiriti o Waitangi","robots":{"index":"index","follow":"follow","max-snippet":"max-snippet:-1","max-image-preview":"max-image-preview:large","max-video-preview":"max-video-preview:-1"},"canonical":"http:\/\/www.greenpeace.org\/aotearoa\/about\/our-values\/greenpeace-aotearoa-te-tiriti-policy\/","og_locale":"mi_NZ","og_type":"article","og_title":"Te kaupapa here o Greenpeace Aotearoa m\u014d Te Tiriti o Waitangi","og_description":"Kei te whaka\u016b t\u0113nei kaupapa here i Te Tiriti o Waitangi ki roto i ng\u0101 mahi a Greenpeace Aotearoa, \u0101, koinei te t\u016b\u0101papa e \u0101rahi ana i ng\u0101 hononga o Greenpeace Aotearoa ki ng\u0101 hap\u016b me ng\u0101 iwi M\u0101ori i roto i \u0101na mahi ki Aotearoa.","og_url":"http:\/\/www.greenpeace.org\/aotearoa\/about\/our-values\/greenpeace-aotearoa-te-tiriti-policy\/","og_site_name":"Greenpeace Aotearoa","article_publisher":"https:\/\/www.facebook.com\/greenpeace.nz","article_modified_time":"2024-03-26T11:36:54+00:00","og_image":[{"width":1200,"height":900,"url":"https:\/\/www.greenpeace.org\/static\/planet4-aotearoa-stateless\/2022\/12\/5c22b679-gp0stsgtw.jpeg","type":"image\/jpeg"}],"twitter_card":"summary_large_image","twitter_site":"@GreenpeaceNZ","twitter_misc":{"Est. reading time":"8 minutes"},"schema":{"@context":"https:\/\/schema.org","@graph":[{"@type":"WebPage","@id":"http:\/\/www.greenpeace.org\/aotearoa\/about\/our-values\/greenpeace-aotearoa-te-tiriti-policy\/","url":"http:\/\/www.greenpeace.org\/aotearoa\/about\/our-values\/greenpeace-aotearoa-te-tiriti-policy\/","name":"Te kaupapa here o Greenpeace Aotearoa m\u014d Te Tiriti o Waitangi","isPartOf":{"@id":"https:\/\/www.greenpeace.org\/aotearoa\/#website"},"primaryImageOfPage":{"@id":"http:\/\/www.greenpeace.org\/aotearoa\/about\/our-values\/greenpeace-aotearoa-te-tiriti-policy\/#primaryimage"},"image":{"@id":"http:\/\/www.greenpeace.org\/aotearoa\/about\/our-values\/greenpeace-aotearoa-te-tiriti-policy\/#primaryimage"},"thumbnailUrl":"https:\/\/www.greenpeace.org\/static\/planet4-aotearoa-stateless\/2022\/12\/5c22b679-gp0stsgtw.jpeg","datePublished":"2021-02-15T00:31:01+00:00","dateModified":"2024-03-26T11:36:54+00:00","breadcrumb":{"@id":"http:\/\/www.greenpeace.org\/aotearoa\/about\/our-values\/greenpeace-aotearoa-te-tiriti-policy\/#breadcrumb"},"inLanguage":"mi-NZ","potentialAction":[{"@type":"ReadAction","target":["http:\/\/www.greenpeace.org\/aotearoa\/about\/our-values\/greenpeace-aotearoa-te-tiriti-policy\/"]}]},{"@type":"ImageObject","inLanguage":"mi-NZ","@id":"http:\/\/www.greenpeace.org\/aotearoa\/about\/our-values\/greenpeace-aotearoa-te-tiriti-policy\/#primaryimage","url":"https:\/\/www.greenpeace.org\/static\/planet4-aotearoa-stateless\/2022\/12\/5c22b679-gp0stsgtw.jpeg","contentUrl":"https:\/\/www.greenpeace.org\/static\/planet4-aotearoa-stateless\/2022\/12\/5c22b679-gp0stsgtw.jpeg","width":1200,"height":900,"caption":"DCIM100MEDIADJI_0025.JPG"},{"@type":"BreadcrumbList","@id":"http:\/\/www.greenpeace.org\/aotearoa\/about\/our-values\/greenpeace-aotearoa-te-tiriti-policy\/#breadcrumb","itemListElement":[{"@type":"ListItem","position":1,"name":"Home","item":"http:\/\/www.greenpeace.org\/aotearoa\/"},{"@type":"ListItem","position":2,"name":"Ko m\u0101tou t\u0113nei","item":"http:\/\/www.greenpeace.org\/aotearoa\/about\/"},{"@type":"ListItem","position":3,"name":"\u014c m\u0101tou uara","item":"http:\/\/www.greenpeace.org\/aotearoa\/about\/our-values\/"},{"@type":"ListItem","position":4,"name":"Te kaupapa here o Greenpeace Aotearoa m\u014d Te Tiriti o Waitangi"}]},{"@type":"WebSite","@id":"https:\/\/www.greenpeace.org\/aotearoa\/#website","url":"https:\/\/www.greenpeace.org\/aotearoa\/","name":"Greenpeace Aotearoa","description":"Our mission is to ensure Earth\u2019s ability to nurture life in all its diversity.","potentialAction":[{"@type":"SearchAction","target":{"@type":"EntryPoint","urlTemplate":"https:\/\/www.greenpeace.org\/aotearoa\/?s={search_term_string}"},"query-input":{"@type":"PropertyValueSpecification","valueRequired":true,"valueName":"search_term_string"}}],"inLanguage":"mi-NZ"}]}},"_links":{"self":[{"href":"https:\/\/www.greenpeace.org\/aotearoa\/mi\/wp-json\/wp\/v2\/pages\/57945","targetHints":{"allow":["GET"]}}],"collection":[{"href":"https:\/\/www.greenpeace.org\/aotearoa\/mi\/wp-json\/wp\/v2\/pages"}],"about":[{"href":"https:\/\/www.greenpeace.org\/aotearoa\/mi\/wp-json\/wp\/v2\/types\/page"}],"author":[{"embeddable":true,"href":"https:\/\/www.greenpeace.org\/aotearoa\/mi\/wp-json\/wp\/v2\/users\/6"}],"replies":[{"embeddable":true,"href":"https:\/\/www.greenpeace.org\/aotearoa\/mi\/wp-json\/wp\/v2\/comments?post=57945"}],"version-history":[{"count":3,"href":"https:\/\/www.greenpeace.org\/aotearoa\/mi\/wp-json\/wp\/v2\/pages\/57945\/revisions"}],"predecessor-version":[{"id":62962,"href":"https:\/\/www.greenpeace.org\/aotearoa\/mi\/wp-json\/wp\/v2\/pages\/57945\/revisions\/62962"}],"up":[{"embeddable":true,"href":"https:\/\/www.greenpeace.org\/aotearoa\/mi\/wp-json\/wp\/v2\/pages\/57937"}],"wp:featuredmedia":[{"embeddable":true,"href":"https:\/\/www.greenpeace.org\/aotearoa\/mi\/wp-json\/wp\/v2\/media\/57947"}],"wp:attachment":[{"href":"https:\/\/www.greenpeace.org\/aotearoa\/mi\/wp-json\/wp\/v2\/media?parent=57945"}],"wp:term":[{"taxonomy":"category","embeddable":true,"href":"https:\/\/www.greenpeace.org\/aotearoa\/mi\/wp-json\/wp\/v2\/categories?post=57945"},{"taxonomy":"post_tag","embeddable":true,"href":"https:\/\/www.greenpeace.org\/aotearoa\/mi\/wp-json\/wp\/v2\/tags?post=57945"}],"curies":[{"name":"wp","href":"https:\/\/api.w.org\/{rel}","templated":true}]}}