{"id":57952,"date":"2018-05-01T15:00:09","date_gmt":"2018-05-01T03:00:09","guid":{"rendered":"https:\/\/www.greenpeace.org\/aotearoa\/fundraising-principles\/"},"modified":"2025-06-23T21:38:22","modified_gmt":"2025-06-23T09:38:22","slug":"nga-mahi-kohi-putea","status":"publish","type":"page","link":"https:\/\/www.greenpeace.org\/aotearoa\/mi\/nga-mahi-kohi-putea\/","title":{"rendered":"Ng\u0101 mahi kohi p\u016btea"},"content":{"rendered":"\n                \n                <div class=\"wp-block-group alignfull is-layout-flow wp-block-group-is-layout-flow\">\n                \n                <div class=\"wp-block-group container is-layout-flow wp-block-group-is-layout-flow\">\n                \n                <div class=\"wp-block-media-text alignfull has-media-on-the-right is-stacked-on-mobile is-pattern-p4-page-header is-style-parallax\">\n\n                <div class=\"wp-block-media-text__content\">\n                    <div class=\"wp-block-group is-layout-flow wp-block-group-is-layout-flow\">\n                    \n                        <h1 class=\"wp-block-heading has-white-background-color has-background\">\n                            Ng\u0101 mahi kohi p\u016btea\n                        <\/h1>\n                    <\/div>\n                \n\n                \n\n                \n\n                <\/div>\n                <figure class=\"wp-block-media-text__media\">\n                    <img loading=\"lazy\" decoding=\"async\" width=\"1920\" height=\"1280\"\n                        src=\"https:\/\/www.greenpeace.org\/static\/planet4-aotearoa-stateless\/2022\/12\/1b9a4bbb-gp04bkv_treated.jpeg\"\n                        alt=\"\"\n                        sizes=\"auto, (min-width: 601px) 50vw, 100vw\" srcset=\"https:\/\/www.greenpeace.org\/static\/planet4-aotearoa-stateless\/2022\/12\/1b9a4bbb-gp04bkv_treated.jpeg 1920w, https:\/\/www.greenpeace.org\/static\/planet4-aotearoa-stateless\/2022\/12\/1b9a4bbb-gp04bkv_treated-600x400.jpeg 600w, https:\/\/www.greenpeace.org\/static\/planet4-aotearoa-stateless\/2022\/12\/1b9a4bbb-gp04bkv_treated-1024x683.jpeg 1024w, https:\/\/www.greenpeace.org\/static\/planet4-aotearoa-stateless\/2022\/12\/1b9a4bbb-gp04bkv_treated-768x512.jpeg 768w, https:\/\/www.greenpeace.org\/static\/planet4-aotearoa-stateless\/2022\/12\/1b9a4bbb-gp04bkv_treated-1536x1024.jpeg 1536w, https:\/\/www.greenpeace.org\/static\/planet4-aotearoa-stateless\/2022\/12\/1b9a4bbb-gp04bkv_treated-510x340.jpeg 510w\" class=\"wp-image-57956 size-full\"\n                    \/>\n                <\/figure>\n                <\/div>\n                \n                <\/div>\n                \n                <\/div>\n                \n                \n<h2 class=\"wp-block-heading\">Ko te mahi kohi p\u016btea he mahi motuhake i runga i te ng\u0101kau m\u0101haki me te pono.<\/h2>\n\n<p>Kei te kaupare atu m\u0101tou i ng\u0101 mahi kino ki runga i te taiao n\u0101 runga i te mana me te kaha o ng\u0101 kaitautoko p\u0113r\u0101 i a koe. Ko te mahi kohi p\u016btea t\u0113tahi w\u0101hi o taua kaupapa, ar\u0101, ka tonoa ng\u0101 t\u0101ngata ki te t\u0101piri mai i \u014d r\u0101tou reo, i \u0101 r\u0101tou t\u016bmahi me \u0101 r\u0101tou p\u016btea ki \u014d m\u0101tou kaupapa whakahau.<\/p>\n\n<p><strong>He kaikohi p\u016btea pono m\u0101tou, n\u014d reira:<\/strong><\/p>\n\n<ul class=\"wp-block-list\">\n<li>Ka t\u016b motuhake m\u0101tou &#8211; ki te ao t\u014drangap\u016b me te ao ahumoni. K\u0101ore rawa m\u0101tou e whakaae ki ng\u0101 takoha p\u016btea mai i ng\u0101 k\u0101wanatanga, i ng\u0101 kamupene r\u0101nei, kia noho pono m\u0101tou ki te oranga o te ao i te tuatahi. Ka whai p\u016btea m\u0101tou i te tangata takitahi me ng\u0101 whakahaere hua-kore anake. He mea whakahirahira t\u014d tautoko ki a m\u0101tou.&nbsp;<\/li>\n\n\n\n<li>Ka \u0101ta whakatakoto m\u0101tou \u0101 m\u0101tou tono p\u016btea, kia m\u0101rama.<\/li>\n\n\n\n<li>He paearu t\u014dtika \u0101 m\u0101tou, \u0101, kua whakangungua \u014d m\u0101tou kaimahi ki te mahi kohi p\u016btea. He kaupapa here \u014d m\u0101tou e p\u0101 ana ki te tono moni i te hunga whakaraerae.<\/li>\n\n\n\n<li>Ka kore m\u0101tou e hoko atu, e r\u012bhi r\u0101nei i ng\u0101 k\u014drero m\u014d \u014d m\u0101tou kaitautoko.<\/li>\n\n\n\n<li>Ka waea atu m\u0101tou ki te hunga kua whakaae k\u0113 kia whakap\u0101 atu m\u0101tou ki a r\u0101tou.<\/li>\n\n\n\n<li>Kua herea te nui o ng\u0101 waeatanga e tono moni ana, \u0101, ka whakarongo m\u0101tou m\u0113n\u0101 k\u0101ore te tangata i te w\u0101tea ki te k\u014drero.<\/li>\n\n\n\n<li>Ka manaaki m\u0101tou i ng\u0101 tono kia kaua m\u0101tou e whakap\u0101 atu ki te tangata, \u0101, ka kore rawa m\u0101tou whakap\u0101 atu an\u014d ki a r\u0101tou.<\/li>\n<\/ul>\n\n<p>Ki te t\u016bpono p\u0101 mai t\u0113tahi raruraru, ka tere whakatikatikangia e m\u0101tou. Kei te kaha m\u0101tou ki te whakapakari i \u0101 m\u0101tou mahi.<\/p>\n\n<p>Ki te kore koe, e kore ng\u0101 mahi e tutuki, n\u0101 reira, ka manaakihia, ka whakam\u0101nawatia koe, waihoki \u014d takoha p\u016btea.<\/p>\n\n<div class=\"wp-block-buttons is-layout-flex wp-block-buttons-is-layout-flex\">\n<div class=\"wp-block-button\"><a class=\"wp-block-button__link wp-element-button\" href=\"https:\/\/www.greenpeace.org\/aotearoa\/privacy\/\"><strong>Kaupapa t\u016bmataiti<\/strong><\/a><\/div>\n<\/div>\n\n<div style=\"height:100px\" aria-hidden=\"true\" class=\"wp-block-spacer\"><\/div>\n","protected":false},"excerpt":{"rendered":"<p>Ko te mahi kohi p\u016btea he mahi motuhake i runga i te ng\u0101kau m\u0101haki me te pono.<\/p>\n","protected":false},"author":8,"featured_media":57956,"parent":0,"menu_order":0,"comment_status":"closed","ping_status":"closed","template":"","meta":{"_planet4_optimize_post_is_variant":false,"_planet4_optimize_experiment_name":"","_planet4_optimize_variant_name":"","ep_exclude_from_search":false,"p4_hide_page_title_checkbox":"on","p4_title":"","p4_subtitle":"","p4_description":"","background_image_id":"","background_image":"","p4_button_title":"","p4_button_link":"","p4_button_link_checkbox":"","p4_og_title":"","p4_og_description":"","p4_og_image":"","p4_og_image_id":"","p4_seo_canonical_url":"","p4_campaign_name":"not set","p4_local_project":"not set","p4_basket_name":"not set","p4_department":"","footnotes":""},"categories":[70],"tags":[73],"class_list":["post-57952","page","type-page","status-publish","has-post-thumbnail","hentry","category-greenpeace-mi","tag-ko-wai-matou"],"yoast_head":"<!-- This site is optimized with the Yoast SEO Premium plugin v26.8 (Yoast SEO v26.8) - https:\/\/yoast.com\/product\/yoast-seo-premium-wordpress\/ -->\n<title>Ng\u0101 mahi kohi p\u016btea<\/title>\n<meta name=\"robots\" content=\"index, follow, max-snippet:-1, max-image-preview:large, max-video-preview:-1\" \/>\n<link rel=\"canonical\" href=\"http:\/\/www.greenpeace.org\/aotearoa\/act\/donate\/fundraising-principles\/\" \/>\n<meta property=\"og:locale\" content=\"mi_NZ\" \/>\n<meta property=\"og:type\" content=\"article\" \/>\n<meta property=\"og:title\" content=\"Ng\u0101 mahi kohi p\u016btea\" \/>\n<meta property=\"og:description\" content=\"Ko te mahi kohi p\u016btea he mahi motuhake i runga i te ng\u0101kau m\u0101haki me te pono.\" \/>\n<meta property=\"og:url\" content=\"http:\/\/www.greenpeace.org\/aotearoa\/act\/donate\/fundraising-principles\/\" \/>\n<meta property=\"og:site_name\" content=\"Greenpeace Aotearoa\" \/>\n<meta property=\"article:publisher\" content=\"https:\/\/www.facebook.com\/greenpeace.nz\" \/>\n<meta property=\"article:modified_time\" content=\"2025-06-23T09:38:22+00:00\" \/>\n<meta property=\"og:image\" content=\"https:\/\/www.greenpeace.org\/static\/planet4-aotearoa-stateless\/2022\/12\/1b9a4bbb-gp04bkv_treated.jpeg\" \/>\n\t<meta property=\"og:image:width\" content=\"1920\" \/>\n\t<meta property=\"og:image:height\" content=\"1280\" \/>\n\t<meta property=\"og:image:type\" content=\"image\/jpeg\" \/>\n<meta name=\"twitter:card\" content=\"summary_large_image\" \/>\n<meta name=\"twitter:site\" content=\"@GreenpeaceNZ\" \/>\n<meta name=\"twitter:label1\" content=\"Est. reading time\" \/>\n\t<meta name=\"twitter:data1\" content=\"2 minutes\" \/>\n<script type=\"application\/ld+json\" class=\"yoast-schema-graph\">{\"@context\":\"https:\/\/schema.org\",\"@graph\":[{\"@type\":\"WebPage\",\"@id\":\"http:\/\/www.greenpeace.org\/aotearoa\/act\/donate\/fundraising-principles\/\",\"url\":\"http:\/\/www.greenpeace.org\/aotearoa\/act\/donate\/fundraising-principles\/\",\"name\":\"Ng\u0101 mahi kohi p\u016btea\",\"isPartOf\":{\"@id\":\"https:\/\/www.greenpeace.org\/aotearoa\/#website\"},\"primaryImageOfPage\":{\"@id\":\"http:\/\/www.greenpeace.org\/aotearoa\/act\/donate\/fundraising-principles\/#primaryimage\"},\"image\":{\"@id\":\"http:\/\/www.greenpeace.org\/aotearoa\/act\/donate\/fundraising-principles\/#primaryimage\"},\"thumbnailUrl\":\"https:\/\/www.greenpeace.org\/static\/planet4-aotearoa-stateless\/2022\/12\/1b9a4bbb-gp04bkv_treated.jpeg\",\"datePublished\":\"2018-05-01T03:00:09+00:00\",\"dateModified\":\"2025-06-23T09:38:22+00:00\",\"breadcrumb\":{\"@id\":\"http:\/\/www.greenpeace.org\/aotearoa\/act\/donate\/fundraising-principles\/#breadcrumb\"},\"inLanguage\":\"mi-NZ\",\"potentialAction\":[{\"@type\":\"ReadAction\",\"target\":[\"http:\/\/www.greenpeace.org\/aotearoa\/act\/donate\/fundraising-principles\/\"]}]},{\"@type\":\"ImageObject\",\"inLanguage\":\"mi-NZ\",\"@id\":\"http:\/\/www.greenpeace.org\/aotearoa\/act\/donate\/fundraising-principles\/#primaryimage\",\"url\":\"https:\/\/www.greenpeace.org\/static\/planet4-aotearoa-stateless\/2022\/12\/1b9a4bbb-gp04bkv_treated.jpeg\",\"contentUrl\":\"https:\/\/www.greenpeace.org\/static\/planet4-aotearoa-stateless\/2022\/12\/1b9a4bbb-gp04bkv_treated.jpeg\",\"width\":1920,\"height\":1280,\"caption\":\"An aerial view of Addu atoll in Southern Maldives. Greenpeace is on an expedition in the Indian Ocean to expose overfishing and to highlight the problems associated with excessive tuna fishing.\"},{\"@type\":\"BreadcrumbList\",\"@id\":\"http:\/\/www.greenpeace.org\/aotearoa\/act\/donate\/fundraising-principles\/#breadcrumb\",\"itemListElement\":[{\"@type\":\"ListItem\",\"position\":1,\"name\":\"Home\",\"item\":\"http:\/\/www.greenpeace.org\/aotearoa\/\"},{\"@type\":\"ListItem\",\"position\":2,\"name\":\"Ng\u0101 mahi kohi p\u016btea\"}]},{\"@type\":\"WebSite\",\"@id\":\"https:\/\/www.greenpeace.org\/aotearoa\/#website\",\"url\":\"https:\/\/www.greenpeace.org\/aotearoa\/\",\"name\":\"Greenpeace Aotearoa\",\"description\":\"Our mission is to ensure Earth\u2019s ability to nurture life in all its diversity.\",\"potentialAction\":[{\"@type\":\"SearchAction\",\"target\":{\"@type\":\"EntryPoint\",\"urlTemplate\":\"https:\/\/www.greenpeace.org\/aotearoa\/?s={search_term_string}\"},\"query-input\":{\"@type\":\"PropertyValueSpecification\",\"valueRequired\":true,\"valueName\":\"search_term_string\"}}],\"inLanguage\":\"mi-NZ\"}]}<\/script>\n<!-- \/ Yoast SEO Premium plugin. -->","yoast_head_json":{"title":"Ng\u0101 mahi kohi p\u016btea","robots":{"index":"index","follow":"follow","max-snippet":"max-snippet:-1","max-image-preview":"max-image-preview:large","max-video-preview":"max-video-preview:-1"},"canonical":"http:\/\/www.greenpeace.org\/aotearoa\/act\/donate\/fundraising-principles\/","og_locale":"mi_NZ","og_type":"article","og_title":"Ng\u0101 mahi kohi p\u016btea","og_description":"Ko te mahi kohi p\u016btea he mahi motuhake i runga i te ng\u0101kau m\u0101haki me te pono.","og_url":"http:\/\/www.greenpeace.org\/aotearoa\/act\/donate\/fundraising-principles\/","og_site_name":"Greenpeace Aotearoa","article_publisher":"https:\/\/www.facebook.com\/greenpeace.nz","article_modified_time":"2025-06-23T09:38:22+00:00","og_image":[{"width":1920,"height":1280,"url":"https:\/\/www.greenpeace.org\/static\/planet4-aotearoa-stateless\/2022\/12\/1b9a4bbb-gp04bkv_treated.jpeg","type":"image\/jpeg"}],"twitter_card":"summary_large_image","twitter_site":"@GreenpeaceNZ","twitter_misc":{"Est. reading time":"2 minutes"},"schema":{"@context":"https:\/\/schema.org","@graph":[{"@type":"WebPage","@id":"http:\/\/www.greenpeace.org\/aotearoa\/act\/donate\/fundraising-principles\/","url":"http:\/\/www.greenpeace.org\/aotearoa\/act\/donate\/fundraising-principles\/","name":"Ng\u0101 mahi kohi p\u016btea","isPartOf":{"@id":"https:\/\/www.greenpeace.org\/aotearoa\/#website"},"primaryImageOfPage":{"@id":"http:\/\/www.greenpeace.org\/aotearoa\/act\/donate\/fundraising-principles\/#primaryimage"},"image":{"@id":"http:\/\/www.greenpeace.org\/aotearoa\/act\/donate\/fundraising-principles\/#primaryimage"},"thumbnailUrl":"https:\/\/www.greenpeace.org\/static\/planet4-aotearoa-stateless\/2022\/12\/1b9a4bbb-gp04bkv_treated.jpeg","datePublished":"2018-05-01T03:00:09+00:00","dateModified":"2025-06-23T09:38:22+00:00","breadcrumb":{"@id":"http:\/\/www.greenpeace.org\/aotearoa\/act\/donate\/fundraising-principles\/#breadcrumb"},"inLanguage":"mi-NZ","potentialAction":[{"@type":"ReadAction","target":["http:\/\/www.greenpeace.org\/aotearoa\/act\/donate\/fundraising-principles\/"]}]},{"@type":"ImageObject","inLanguage":"mi-NZ","@id":"http:\/\/www.greenpeace.org\/aotearoa\/act\/donate\/fundraising-principles\/#primaryimage","url":"https:\/\/www.greenpeace.org\/static\/planet4-aotearoa-stateless\/2022\/12\/1b9a4bbb-gp04bkv_treated.jpeg","contentUrl":"https:\/\/www.greenpeace.org\/static\/planet4-aotearoa-stateless\/2022\/12\/1b9a4bbb-gp04bkv_treated.jpeg","width":1920,"height":1280,"caption":"An aerial view of Addu atoll in Southern Maldives. Greenpeace is on an expedition in the Indian Ocean to expose overfishing and to highlight the problems associated with excessive tuna fishing."},{"@type":"BreadcrumbList","@id":"http:\/\/www.greenpeace.org\/aotearoa\/act\/donate\/fundraising-principles\/#breadcrumb","itemListElement":[{"@type":"ListItem","position":1,"name":"Home","item":"http:\/\/www.greenpeace.org\/aotearoa\/"},{"@type":"ListItem","position":2,"name":"Ng\u0101 mahi kohi p\u016btea"}]},{"@type":"WebSite","@id":"https:\/\/www.greenpeace.org\/aotearoa\/#website","url":"https:\/\/www.greenpeace.org\/aotearoa\/","name":"Greenpeace Aotearoa","description":"Our mission is to ensure Earth\u2019s ability to nurture life in all its diversity.","potentialAction":[{"@type":"SearchAction","target":{"@type":"EntryPoint","urlTemplate":"https:\/\/www.greenpeace.org\/aotearoa\/?s={search_term_string}"},"query-input":{"@type":"PropertyValueSpecification","valueRequired":true,"valueName":"search_term_string"}}],"inLanguage":"mi-NZ"}]}},"_links":{"self":[{"href":"https:\/\/www.greenpeace.org\/aotearoa\/mi\/wp-json\/wp\/v2\/pages\/57952","targetHints":{"allow":["GET"]}}],"collection":[{"href":"https:\/\/www.greenpeace.org\/aotearoa\/mi\/wp-json\/wp\/v2\/pages"}],"about":[{"href":"https:\/\/www.greenpeace.org\/aotearoa\/mi\/wp-json\/wp\/v2\/types\/page"}],"author":[{"embeddable":true,"href":"https:\/\/www.greenpeace.org\/aotearoa\/mi\/wp-json\/wp\/v2\/users\/8"}],"replies":[{"embeddable":true,"href":"https:\/\/www.greenpeace.org\/aotearoa\/mi\/wp-json\/wp\/v2\/comments?post=57952"}],"version-history":[{"count":7,"href":"https:\/\/www.greenpeace.org\/aotearoa\/mi\/wp-json\/wp\/v2\/pages\/57952\/revisions"}],"predecessor-version":[{"id":71062,"href":"https:\/\/www.greenpeace.org\/aotearoa\/mi\/wp-json\/wp\/v2\/pages\/57952\/revisions\/71062"}],"wp:featuredmedia":[{"embeddable":true,"href":"https:\/\/www.greenpeace.org\/aotearoa\/mi\/wp-json\/wp\/v2\/media\/57956"}],"wp:attachment":[{"href":"https:\/\/www.greenpeace.org\/aotearoa\/mi\/wp-json\/wp\/v2\/media?parent=57952"}],"wp:term":[{"taxonomy":"category","embeddable":true,"href":"https:\/\/www.greenpeace.org\/aotearoa\/mi\/wp-json\/wp\/v2\/categories?post=57952"},{"taxonomy":"post_tag","embeddable":true,"href":"https:\/\/www.greenpeace.org\/aotearoa\/mi\/wp-json\/wp\/v2\/tags?post=57952"}],"curies":[{"name":"wp","href":"https:\/\/api.w.org\/{rel}","templated":true}]}}