{"id":12279,"date":"2021-04-29T14:58:48","date_gmt":"2021-04-29T17:58:48","guid":{"rendered":"https:\/\/www.greenpeace.org\/argentina\/?page_id=12279"},"modified":"2025-09-23T06:43:06","modified_gmt":"2025-09-23T09:43:06","slug":"ansenuza-futuro-parque-nacional-mas-grande-de-argentina","status":"publish","type":"page","link":"https:\/\/www.greenpeace.org\/argentina\/participa\/involucrate\/ansenuza-futuro-parque-nacional-mas-grande-de-argentina\/","title":{"rendered":"Ansenuza: futuro Parque Nacional"},"content":{"rendered":"\n                \n                <div class=\"wp-block-group alignfull is-layout-flow wp-block-group-is-layout-flow\">\n                \n                <div class=\"wp-block-group container is-layout-flow wp-block-group-is-layout-flow\">\n                \n                <div class=\"wp-block-media-text alignfull has-media-on-the-right is-stacked-on-mobile is-pattern-p4-page-header is-style-parallax\">\n\n                <div class=\"wp-block-media-text__content\">\n                    <div class=\"wp-block-group is-layout-flow wp-block-group-is-layout-flow\">\n                    \n                        <h1 class=\"wp-block-heading has-white-background-color has-background\">\n                            Proteg\u00e9 a m\u00e1s de 400 especies\n                        <\/h1>\n                    <\/div>\n                \n\n                \n                        <p style=\"font-size:1.25rem\">\n                            Firm\u00e1 para que el humedal Laguna Mar Chiquita y Ba\u00f1ados del R\u00edo Dulce sea declarado Parque Nacional.\r\n\n                        <\/p>\n                    \n\n                \n\n                <\/div>\n                <figure class=\"wp-block-media-text__media\">\n                    <img loading=\"lazy\" decoding=\"async\" width=\"2500\" height=\"1666\"\n                        src=\"https:\/\/www.greenpeace.org\/static\/planet4-argentina-stateless\/2021\/04\/2f4247db-gato-montes-\u00a9-pablo-rodrigruez-merkel-greenpeace.jpeg\"\n                        alt=\"\"\n                        sizes=\"auto, (min-width: 601px) 50vw, 100vw\" srcset=\"https:\/\/www.greenpeace.org\/static\/planet4-argentina-stateless\/2021\/04\/2f4247db-gato-montes-\u00a9-pablo-rodrigruez-merkel-greenpeace.jpeg 2500w, https:\/\/www.greenpeace.org\/static\/planet4-argentina-stateless\/2021\/04\/2f4247db-gato-montes-\u00a9-pablo-rodrigruez-merkel-greenpeace-300x200.jpeg 300w, https:\/\/www.greenpeace.org\/static\/planet4-argentina-stateless\/2021\/04\/2f4247db-gato-montes-\u00a9-pablo-rodrigruez-merkel-greenpeace-1024x682.jpeg 1024w, https:\/\/www.greenpeace.org\/static\/planet4-argentina-stateless\/2021\/04\/2f4247db-gato-montes-\u00a9-pablo-rodrigruez-merkel-greenpeace-768x512.jpeg 768w, https:\/\/www.greenpeace.org\/static\/planet4-argentina-stateless\/2021\/04\/2f4247db-gato-montes-\u00a9-pablo-rodrigruez-merkel-greenpeace-1536x1024.jpeg 1536w, https:\/\/www.greenpeace.org\/static\/planet4-argentina-stateless\/2021\/04\/2f4247db-gato-montes-\u00a9-pablo-rodrigruez-merkel-greenpeace-2048x1366.jpeg 2048w, https:\/\/www.greenpeace.org\/static\/planet4-argentina-stateless\/2021\/04\/2f4247db-gato-montes-\u00a9-pablo-rodrigruez-merkel-greenpeace-510x340.jpeg 510w\" class=\"wp-image-12277 size-full\"\n                    \/>\n                <\/figure>\n                <\/div>\n                \n                <\/div>\n                \n                <\/div>\n                \n                \n<p>Este humedal abarca las provincias de <strong>C\u00f3rdoba<\/strong> (porci\u00f3n Noreste) y <strong>Santiago del Estero <\/strong>(porci\u00f3n Sureste). Est\u00e1 formado por <strong>dos subsistemas <\/strong>bien definidos: la<strong> Laguna Mar Chiquita <\/strong>ubicada en el Sur y los <strong>ba\u00f1ados del r\u00edo Dulce<\/strong> en el Norte, o como se lo denomina localmente, zona de la Costa. Es conocida por una particularidad que la hace \u00fanica, sus aguas son saladas, y es considerado un sitio clave para la conservaci\u00f3n de la biodiversidad a nivel global.&nbsp;<\/p>\n\n<figure class=\"wp-block-image aligncenter is-resized\"><img loading=\"lazy\" decoding=\"async\" src=\"https:\/\/lh6.googleusercontent.com\/LE6viJqyC2sWPr7CoRLbChHaiVQdAmM3LouAHCa8WNs4ZtQOaKGUldJXugwhBUE3OXUK9mfuCcgFu9eDTHoPY_bIjMCGv8VwJWRGvcTTirIEqXkkprOGe8jwMsQILGXVQuP-2LIo\" alt=\"\" width=\"800\" height=\"534\"\/><figcaption class=\"wp-element-caption\">Aguar\u00e1 Guaz\u00fa<\/figcaption><\/figure>\n\n<p>Se asegurar\u00eda su protecci\u00f3n mediante la creaci\u00f3n de una nueva <strong>\u00c1rea Protegida Nacional <\/strong>. Esta \u00e1rea, bajo tutela de la Administraci\u00f3n de Parques Nacionales, fue abordada a principios del a\u00f1o 2017, mediante el trabajo conjunto de representantes de la provincia de C\u00f3rdoba, la Administraci\u00f3n de Parques Nacionales, la Fundaci\u00f3n Wyss y las asociaciones civiles Natura Internacional y Aves Argentinas (Asociaci\u00f3n Ornitol\u00f3gica del Plata).<\/p>\n\n<figure class=\"wp-block-image aligncenter is-resized\"><img loading=\"lazy\" decoding=\"async\" src=\"https:\/\/lh4.googleusercontent.com\/pphpYDH09eZNpxI72rtn3B4bdWNcDV1BS4waxG3f3Q5iO8MoWN6JexM2V0Emur7oBT364lTB8m8K_u4UqSHn1CYx-sg4-4uuOuSg-zEx1nsYd8ZXF8KHhFqYT9Fm8z6SvLznGObf\" alt=\"\" width=\"800\" height=\"533\"\/><figcaption class=\"wp-element-caption\">Puma<\/figcaption><\/figure>\n\n<p><strong>Las caracter\u00edstica principales del parque a nivel nacional y mundial son:<\/strong><\/p>\n\n<ul class=\"wp-block-list\">\n<li>Cuenta con la mayor superficie lacustre de Argentina.<\/li>\n\n\n\n<li>Es el mayor lago salado de Sudam\u00e9rica&nbsp; y el quinto en el mundo.<\/li>\n\n\n\n<li>Es un humedal considerado de Importancia Internacional por la Convenci\u00f3n Ramsar.<\/li>\n\n\n\n<li>Es un \u00e1rea importante para la Conservaci\u00f3n de las Aves.&nbsp;<\/li>\n\n\n\n<li>Es uno de los 14 sitios prioritarios de la Red de Humedales de Argentina, Bolivia, Chile y Per\u00fa para la Conservaci\u00f3n de Flamencos Altoandinos.<\/li>\n<\/ul>\n\n<figure class=\"wp-block-image aligncenter is-resized\"><img loading=\"lazy\" decoding=\"async\" src=\"https:\/\/lh4.googleusercontent.com\/B9N1WVcM9PLAOdt61ZKETOzHS5KFTUkYYJ4Ki8JUXA960bmBw78cWRmY6ARVUrS4n9xQRKVqcAAcNVnAg28W9KwuyiBU883zLKFLUgVsRuVbWhcDGavXpGnC7POq5lAP_JaEKH82\" alt=\"\" width=\"800\" height=\"533\"\/><figcaption class=\"wp-element-caption\">Zorro gris<\/figcaption><\/figure>\n\n<p><strong>Su biodiversidad&nbsp;<\/strong><\/p>\n\n<ul class=\"wp-block-list\">\n<li>Tanto los Ba\u00f1ados del R\u00edo Dulce, como la Laguna Mar Chiquita y su \u00e1rea de influencia, albergan poco m\u00e1s de <strong>300 especies de aves<\/strong> tanto residentes como migratorias. Existen otras especies registradas, que comprenden alrededor de: <strong>32 mam\u00edferos<\/strong>, <strong>16 anfibios<\/strong>, <strong>37 reptiles<\/strong>, <strong>50 peces <\/strong>aproximadamente.&nbsp;<\/li>\n<\/ul>\n\n<figure class=\"wp-block-image aligncenter is-resized\"><img loading=\"lazy\" decoding=\"async\" src=\"https:\/\/lh6.googleusercontent.com\/M34eaAPHihkVA7fGEWWsITzhV_TVapHkctjdvkXb7eso8RpvazKCj9OfC2k-Pb4ocYUvgva4L-2NCzSsLQnzKjK_EseWaX1vOedoS3WKeHHA7DRGEsO-F1UOIZHYgWvwjm30Tky2\" alt=\"\" width=\"800\" height=\"534\"\/><\/figure>\n\n<p><strong>Su importancia ecosist\u00e9mica<\/strong><\/p>\n\n<ul class=\"wp-block-list\">\n<li>El humedal <strong>Laguna Mar Chiquita y los Ba\u00f1ados del R\u00edo Dulce<\/strong> es reconocido por brindar servicios de aprovisionamiento (ej. alimento, agua para el sost\u00e9n de la biodiversidad), servicios de regulaci\u00f3n (ej. regulaci\u00f3n clim\u00e1tica, purificaci\u00f3n del aire), servicios culturales (experiencias est\u00e9ticas, espirituales, recreacionales) servicios de soporte (el reciclado de nutrientes, la formaci\u00f3n de suelos).<\/li>\n<\/ul>\n\n<figure class=\"wp-block-image aligncenter is-resized\"><img loading=\"lazy\" decoding=\"async\" src=\"https:\/\/lh5.googleusercontent.com\/I0qgzyNWICuJp5HyCPWGq6ZFzjrM-P7RNukTrBIllxOVchSdsTe5bXjRZjDantSNo-4lujX6aFG7C-kKQcfXjGe5_wvdvkOMKFLq8ouwCHh1YHJY1ugIwCs_oj3MPuqIjbcQmXfQ\" alt=\"\" width=\"800\" height=\"533\"\/><figcaption class=\"wp-element-caption\">Piel del Aguar\u00e1 Guaz\u00fa<\/figcaption><\/figure>\n\n<p><strong>Sus problem\u00e1ticas<\/strong><\/p>\n\n<p>El gran humedal de Mar Chiquita y los Ba\u00f1ados del r\u00edo Dulce enfrenta problemas y amenazas ambientales t\u00edpicas de los lagos salados, aunque con matices propios. En general, casi todos los lagos salados del mundo est\u00e1n siendo afectados por la actividad humana. Los principales efectos adversos incluyen: <strong>alteraci\u00f3n del r\u00e9gimen hidrol\u00f3gico<\/strong> de los tributarios, desv\u00edo de agua, contaminaci\u00f3n, sobreexplotaci\u00f3n y p\u00e9rdida de biodiversidad., junto con la<strong> caza y la pesca furtivas<\/strong> y la&nbsp; <strong>deforestaci\u00f3n<\/strong>.<\/p>\n\n<figure class=\"wp-block-image aligncenter is-resized\"><img loading=\"lazy\" decoding=\"async\" src=\"https:\/\/lh3.googleusercontent.com\/utOP3nDXOHLuvaGdDSh2uFrrgRHYg85iaE4J0hUunYx5I2OP5oEojKDDSqqn7LWuKcJbS-NmlqI7JTEVP4lUBaNDJfsKuA7cGk2gwPiZJT8FmhTuV2HJ5uQ0bAnhvEiSuLcCFe-Z\" alt=\"\" width=\"800\" height=\"533\"\/><\/figure>\n\n<p><strong>Sus especies&nbsp;<\/strong><\/p>\n\n<ul class=\"wp-block-list\">\n<li>Los mam\u00edferos caracter\u00edsticos de estos ambientes son <strong>el coipo<\/strong> (Myocastor coypus), el <strong>Aguar\u00e1 guaz\u00fa<\/strong> (Chrysocyon brachyurus) -especie muy amenazada-, el <strong>yaguarund\u00ed<\/strong> (Herpailurus yaguaround\u00ed), <strong>el lobito de r\u00edo<\/strong> (Lontra longicaudis) y el <strong>carpincho <\/strong>(Hydrochoerus hydrochaeris).&nbsp;<\/li>\n<\/ul>\n\n<ul class=\"wp-block-list\">\n<li>La mayor\u00eda de estos se encuentran con serios problemas de conservaci\u00f3n, mientras otros han desaparecido de la regi\u00f3n como el <strong>venado de las pampas <\/strong>(Ozotoceros bezoarticus) y el <strong>yaguaret\u00e9<\/strong> (Panthera onca).&nbsp;<\/li>\n<\/ul>\n\n<p>Otras especies animales son el Puma (Puma concolor), el Gato del monte (Leopardus geoffroyi), el Yaguarondi (Herpailurus yagouaroundi), el Gato del pajonal (Leopardus colocolo), el Zorro de monte (Cerdocyon thous), el zorro gris (Lycalopex gymnocercus), el Oso melero (Tamandua tetradactyla) y la Corzuela parda (Mazama gouazoubira).<\/p>\n\n<p>Lamentablemente, especies como <strong>el yaguaret\u00e9 y el venado de las pampas ya desaparecieron de la regi\u00f3n.&nbsp;<\/strong><\/p>\n\n<figure class=\"wp-block-image aligncenter is-resized\"><img loading=\"lazy\" decoding=\"async\" src=\"https:\/\/lh4.googleusercontent.com\/0BA6q1y-BOvh2r9XInHxD57fVdwEZSU_I9293IaL1YN0U3sGGed2fRZP9OmBs7yn6AFNpoYuSTL3WJ8sI7x_xIg8GlTMGVYC08lLbkXlwnSESPLi9NDqPQepPQy098m4KawgadB9\" alt=\"\" width=\"800\" height=\"533\"\/><\/figure>\n\n<p>Las aves son quiz\u00e1s el grupo que alcanza los mayores niveles de diversidad y abundancia: aqu\u00ed se encuentra el 66% de todas las especies de aves migratorias y playeras registradas para Argentina, se concentra casi el 36% de la <a href=\"https:\/\/ebird.org\/hotspot\/L680946\">avifauna<\/a> del total del pa\u00eds (380 especies de aves registradas) y el 85% de las 447 especies de aves citadas para la provincia de C\u00f3rdoba<\/p>\n\n<p><strong>Para proteger este valioso ecosistema \u00edntegro estamos difundiendo nuestra petici\u00f3n para pedir la protecci\u00f3n del humedal Laguna Mar Chiquita y Ba\u00f1ados del R\u00edo Dulce con la creaci\u00f3n de una nueva \u00c1rea Protegida Nacional (Parque y Reserva Nacional Ansenuza) en la provincia de C\u00f3rdoba.<\/strong><\/p>\n\n<h2 class=\"wp-block-heading\">Le\u00e9 m\u00e1s<\/h2>\n\n<p><a rel=\"noreferrer noopener\" href=\"https:\/\/www.greenpeace.org\/argentina\/involucrate\/ansenuza-futuro-parque-nacional-mas-grande-de-argentina\/todo-lo-que-tenes-que-saber-sobre-mar-chiquita-el-futuro-parque-nacional-ansenuza\/\" target=\"_blank\"><strong>Todo lo que ten\u00e9s que saber sobre Mar Chiquita, el futuro Parque Nacional Ansenuza.<\/strong><\/a><\/p>\n\n    <div class=\"wp-block-query posts-list p4-query-loop is-custom-layout-list is-layout-flow wp-block-query-is-layout-flow\">\n        <div class=\"wp-block-group is-content-justification-space-between is-layout-flex wp-container-core-group-is-layout-3d213aab wp-block-group-is-layout-flex\"><h2 class=\"wp-block-heading\">\u00daltimas noticias<\/h2>\n        <li class=\" wp-block-navigation-item see-all-link wp-block-navigation-link\"><a class=\"wp-block-navigation-item__content\"  href=\"http:\/\/www.greenpeace.org\/argentina\/news-stories\/?tag=humedales\"><span class=\"wp-block-navigation-item__label\">See all stories<\/span><\/a><\/li>\n        \n        <\/div>\n        \n\n    <p style=\"margin-top: 24px; margin-bottom: 36px;\"><\/p>\n\n    \n\n    <ul class=\"wp-block-post-template is-layout-flow wp-block-post-template-is-layout-flow\"><li class=\"wp-block-post post-32299 post type-post status-publish format-standard has-post-thumbnail hentry category-bosques tag-parquenacional p4-page-type-story\">\n            \n<div class=\"wp-block-columns is-layout-flex wp-container-core-columns-is-layout-9d6595d7 wp-block-columns-is-layout-flex\"><figure class=\"wp-block-post-featured-image\"><a href=\"https:\/\/www.greenpeace.org\/argentina\/story\/problemas\/bosques\/turismo-y-construccion-greenpeace-alerta-sobre-nuevos-riesgos-para-areas-protegidas-de-la-patagonia\/\" target=\"_self\"  ><img loading=\"lazy\" decoding=\"async\" width=\"2500\" height=\"1667\" src=\"https:\/\/www.greenpeace.org\/static\/planet4-argentina-stateless\/2025\/11\/aae1656b-parque-nacional-los-glaciares-\u00a9-julio-pantoja-greenpeace.jpg\" class=\"attachment-post-thumbnail size-post-thumbnail wp-post-image wp-stateless-item\" alt=\"Turismo y Construcci\u00f3n: Greenpeace alerta sobre nuevos riesgos para \u00e1reas protegidas de la Patagonia\" style=\"object-fit:cover;\" srcset=\"https:\/\/www.greenpeace.org\/static\/planet4-argentina-stateless\/2025\/11\/aae1656b-parque-nacional-los-glaciares-\u00a9-julio-pantoja-greenpeace.jpg 2500w, https:\/\/www.greenpeace.org\/static\/planet4-argentina-stateless\/2025\/11\/aae1656b-parque-nacional-los-glaciares-\u00a9-julio-pantoja-greenpeace-300x200.jpg 300w, https:\/\/www.greenpeace.org\/static\/planet4-argentina-stateless\/2025\/11\/aae1656b-parque-nacional-los-glaciares-\u00a9-julio-pantoja-greenpeace-1024x683.jpg 1024w, https:\/\/www.greenpeace.org\/static\/planet4-argentina-stateless\/2025\/11\/aae1656b-parque-nacional-los-glaciares-\u00a9-julio-pantoja-greenpeace-768x512.jpg 768w, https:\/\/www.greenpeace.org\/static\/planet4-argentina-stateless\/2025\/11\/aae1656b-parque-nacional-los-glaciares-\u00a9-julio-pantoja-greenpeace-1536x1024.jpg 1536w, https:\/\/www.greenpeace.org\/static\/planet4-argentina-stateless\/2025\/11\/aae1656b-parque-nacional-los-glaciares-\u00a9-julio-pantoja-greenpeace-2048x1366.jpg 2048w, https:\/\/www.greenpeace.org\/static\/planet4-argentina-stateless\/2025\/11\/aae1656b-parque-nacional-los-glaciares-\u00a9-julio-pantoja-greenpeace-510x340.jpg 510w\" sizes=\"auto, (max-width: 2500px) 100vw, 2500px\" data-image-size=\"post-thumbnail\" data-stateless-media-bucket=\"planet4-argentina-stateless\" data-stateless-media-name=\"2025\/11\/aae1656b-parque-nacional-los-glaciares-\u00a9-julio-pantoja-greenpeace.jpg\" \/><\/a><\/figure>\n\n        <div class=\"wp-block-group is-layout-flow wp-block-group-is-layout-flow\">\n        <div class=\"wp-block-group is-layout-flex wp-block-group-is-layout-flex\"><div class=\"wp-block-post-terms\"><a href=\"https:\/\/www.greenpeace.org\/argentina\/category\/problemas\/bosques\/\">Bosques<\/a><\/div>\n        \n        \n        <\/div>\n        \n        <h3 class=\"wp-block-post-title\"><a href=\"https:\/\/www.greenpeace.org\/argentina\/story\/problemas\/bosques\/turismo-y-construccion-greenpeace-alerta-sobre-nuevos-riesgos-para-areas-protegidas-de-la-patagonia\/\" target=\"_self\" >Turismo y Construcci\u00f3n: Greenpeace alerta sobre nuevos riesgos para \u00e1reas protegidas de la Patagonia<\/a><\/h3>\n        <div class=\"wp-block-post-excerpt\"><p class=\"wp-block-post-excerpt__excerpt\">Greenpeace expres\u00f3 su preocupaci\u00f3n respecto de la Resoluci\u00f3n de la Administraci\u00f3n de Parques Nacionales que modifica la delimitaci\u00f3n de \u00e1reas para la construcci\u00f3n dentro de las zonas protegidas y sobre&hellip; <\/p><\/div>\n        \n        <div class=\"wp-block-group posts-list-meta is-layout-flow wp-block-group-is-layout-flow\"><span class='article-list-item-author'><a href='https:\/\/www.greenpeace.org\/argentina\/author\/prensaarg\/'>Prensa Argentina<\/a><\/span>\n        <div class=\"wp-block-post-date\"><time datetime=\"2025-11-26T20:13:44-03:00\">26 noviembre 2025<\/time><\/div>\n        \n        <\/div>\n        <\/div>\n        <\/div>\n\n            <\/li><li class=\"wp-block-post post-26620 post type-post status-publish format-standard has-post-thumbnail hentry category-bosques tag-humedales tag-incendios-forestales p4-page-type-blog\">\n            \n<div class=\"wp-block-columns is-layout-flex wp-container-core-columns-is-layout-9d6595d7 wp-block-columns-is-layout-flex\"><figure class=\"wp-block-post-featured-image\"><a href=\"https:\/\/www.greenpeace.org\/argentina\/blog\/problemas\/bosques\/4-formas-en-que-estos-ecosistemas-acuaticos-sostienen-la-vida-en-el-planeta\/\" target=\"_self\"  ><img loading=\"lazy\" decoding=\"async\" width=\"800\" height=\"534\" src=\"https:\/\/www.greenpeace.org\/static\/planet4-argentina-stateless\/2025\/01\/1f39ef97-gp0stw4n6_low-res-with-credit-line-800px.jpg\" class=\"attachment-post-thumbnail size-post-thumbnail wp-post-image wp-stateless-item\" alt=\"Humedales: 4 formas en que estos ecosistemas sostienen la vida en el planeta\" style=\"object-fit:cover;\" srcset=\"https:\/\/www.greenpeace.org\/static\/planet4-argentina-stateless\/2025\/01\/1f39ef97-gp0stw4n6_low-res-with-credit-line-800px.jpg 800w, https:\/\/www.greenpeace.org\/static\/planet4-argentina-stateless\/2025\/01\/1f39ef97-gp0stw4n6_low-res-with-credit-line-800px-300x200.jpg 300w, https:\/\/www.greenpeace.org\/static\/planet4-argentina-stateless\/2025\/01\/1f39ef97-gp0stw4n6_low-res-with-credit-line-800px-768x513.jpg 768w, https:\/\/www.greenpeace.org\/static\/planet4-argentina-stateless\/2025\/01\/1f39ef97-gp0stw4n6_low-res-with-credit-line-800px-510x340.jpg 510w\" sizes=\"auto, (max-width: 800px) 100vw, 800px\" data-image-size=\"post-thumbnail\" data-stateless-media-bucket=\"planet4-argentina-stateless\" data-stateless-media-name=\"2025\/01\/1f39ef97-gp0stw4n6_low-res-with-credit-line-800px.jpg\" \/><\/a><\/figure>\n\n        <div class=\"wp-block-group is-layout-flow wp-block-group-is-layout-flow\">\n        <div class=\"wp-block-group is-layout-flex wp-block-group-is-layout-flex\"><div class=\"wp-block-post-terms\"><a href=\"https:\/\/www.greenpeace.org\/argentina\/category\/problemas\/bosques\/\">Bosques<\/a><\/div>\n        \n        \n        <\/div>\n        \n        <h3 class=\"wp-block-post-title\"><a href=\"https:\/\/www.greenpeace.org\/argentina\/blog\/problemas\/bosques\/4-formas-en-que-estos-ecosistemas-acuaticos-sostienen-la-vida-en-el-planeta\/\" target=\"_self\" >Humedales: 4 formas en que estos ecosistemas sostienen la vida en el planeta<\/a><\/h3>\n        <div class=\"wp-block-post-excerpt\"><p class=\"wp-block-post-excerpt__excerpt\">Te contamos porqu\u00e9 estos ecosistemas son tan valiosos y porqu\u00e9 es importante protegerlos. <\/p><\/div>\n        \n        <div class=\"wp-block-group posts-list-meta is-layout-flow wp-block-group-is-layout-flow\"><span class='article-list-item-author'>Meri Castro<\/span>\n        <div class=\"wp-block-post-date\"><time datetime=\"2025-01-31T08:30:00-03:00\">31 enero 2025<\/time><\/div>\n        \n        <\/div>\n        <\/div>\n        <\/div>\n\n            <\/li><li class=\"wp-block-post post-22957 post type-post status-publish format-standard has-post-thumbnail hentry category-bosques tag-humedales tag-salvalasleyesambientales p4-page-type-blog\">\n            \n<div class=\"wp-block-columns is-layout-flex wp-container-core-columns-is-layout-9d6595d7 wp-block-columns-is-layout-flex\"><figure class=\"wp-block-post-featured-image\"><a href=\"https:\/\/www.greenpeace.org\/argentina\/blog\/problemas\/bosques\/dia-mundial-de-los-humedales-ecosistemas-guardianes-del-agua-y-la-vida\/\" target=\"_self\"  ><img loading=\"lazy\" decoding=\"async\" width=\"800\" height=\"533\" src=\"https:\/\/www.greenpeace.org\/static\/planet4-argentina-stateless\/2024\/02\/3a20e93d-gp0sttoud_low_res_with_credit_line.jpg\" class=\"attachment-post-thumbnail size-post-thumbnail wp-post-image wp-stateless-item\" alt=\"D\u00eda Mundial de los Humedales, ecosistemas guardianes del agua y la vida\" style=\"object-fit:cover;\" srcset=\"https:\/\/www.greenpeace.org\/static\/planet4-argentina-stateless\/2024\/02\/3a20e93d-gp0sttoud_low_res_with_credit_line.jpg 800w, https:\/\/www.greenpeace.org\/static\/planet4-argentina-stateless\/2024\/02\/3a20e93d-gp0sttoud_low_res_with_credit_line-300x200.jpg 300w, https:\/\/www.greenpeace.org\/static\/planet4-argentina-stateless\/2024\/02\/3a20e93d-gp0sttoud_low_res_with_credit_line-768x512.jpg 768w, https:\/\/www.greenpeace.org\/static\/planet4-argentina-stateless\/2024\/02\/3a20e93d-gp0sttoud_low_res_with_credit_line-510x340.jpg 510w\" sizes=\"auto, (max-width: 800px) 100vw, 800px\" data-image-size=\"post-thumbnail\" data-stateless-media-bucket=\"planet4-argentina-stateless\" data-stateless-media-name=\"2024\/02\/3a20e93d-gp0sttoud_low_res_with_credit_line.jpg\" \/><\/a><\/figure>\n\n        <div class=\"wp-block-group is-layout-flow wp-block-group-is-layout-flow\">\n        <div class=\"wp-block-group is-layout-flex wp-block-group-is-layout-flex\"><div class=\"wp-block-post-terms\"><a href=\"https:\/\/www.greenpeace.org\/argentina\/category\/problemas\/bosques\/\">Bosques<\/a><\/div>\n        \n        \n        <\/div>\n        \n        <h3 class=\"wp-block-post-title\"><a href=\"https:\/\/www.greenpeace.org\/argentina\/blog\/problemas\/bosques\/dia-mundial-de-los-humedales-ecosistemas-guardianes-del-agua-y-la-vida\/\" target=\"_self\" >D\u00eda Mundial de los Humedales, ecosistemas guardianes del agua y la vida<\/a><\/h3>\n        <div class=\"wp-block-post-excerpt\"><p class=\"wp-block-post-excerpt__excerpt\">Conozcamos m\u00e1s en profundidad c\u00f3mo funcionan los h\u00e1bitats que ocupan 6% del planeta. <\/p><\/div>\n        \n        <div class=\"wp-block-group posts-list-meta is-layout-flow wp-block-group-is-layout-flow\"><span class='article-list-item-author'>Meri Castro<\/span>\n        <div class=\"wp-block-post-date\"><time datetime=\"2024-02-02T13:51:33-03:00\">2 febrero 2024<\/time><\/div>\n        \n        <\/div>\n        <\/div>\n        <\/div>\n\n            <\/li><\/ul>\n\n    \n<div class=\"wp-block-buttons carousel-controls is-horizontal is-content-justification-space-between is-nowrap is-layout-flex wp-container-core-buttons-is-layout-044bd602 wp-block-buttons-is-layout-flex\">\n            <div class=\"wp-block-button carousel-control-prev\"><button type=\"button\" class=\"wp-block-button__link wp-element-button\">Prev<\/button><\/div>\n        \n\n            <div class=\"wp-block-button carousel-control-next\"><button type=\"button\" class=\"wp-block-button__link wp-element-button\">Next<\/button><\/div>\n        <\/div>\n\n\n    <li class=\" wp-block-navigation-item see-all-link wp-block-navigation-link\"><a class=\"wp-block-navigation-item__content\"  href=\"http:\/\/www.greenpeace.org\/argentina\/news-stories\/?tag=humedales\"><span class=\"wp-block-navigation-item__label\">See all stories<\/span><\/a><\/li><\/div>\n    \n<h4>Videos relacionados <\/h4>\n<br>\n<iframe loading=\"lazy\" src=\"https:\/\/www.youtube.com\/embed\/videoseries?list=PLgR0D19YPNICl3OGm9g-SOuhs4sqpOsy-\" allowfullscreen=\"allowfullscreen\" width=\"560\" height=\"315\" frameborder=\"0\"><\/iframe>\n<div data-render=\"planet4-blocks\/happypoint\" data-attributes=\"{&quot;attributes&quot;:{&quot;iframe_url&quot;:&quot;https:\\\/\\\/unite.greenpeace.org.ar\\\/happypoint\\\/&quot;,&quot;override_default_content&quot;:true,&quot;local_content_provider&quot;:&quot;iframe_url&quot;,&quot;opacity&quot;:30}}\"><\/div>","protected":false},"excerpt":{"rendered":"<p>Este humedal abarca las provincias de C\u00f3rdoba (porci\u00f3n Noreste) y Santiago del Estero (porci\u00f3n Sureste). Est\u00e1 formado por dos subsistemas bien definidos: la Laguna Mar Chiquita ubicada en el Sur y los ba\u00f1ados del r\u00edo Dulce en el Norte, o como se lo denomina localmente, zona de la Costa. Es conocida por una particularidad que [&hellip;]<\/p>\n","protected":false},"author":19,"featured_media":12277,"parent":11,"menu_order":0,"comment_status":"closed","ping_status":"closed","template":"","meta":{"ep_exclude_from_search":false,"p4_hide_page_title_checkbox":"on","p4_title":"","p4_subtitle":"","p4_description":"","background_image_id":"","background_image":"","p4_button_title":"","p4_button_link":"","p4_button_link_checkbox":"","p4_og_title":"","p4_og_description":"","p4_og_image":"","p4_og_image_id":"","p4_seo_canonical_url":"","p4_campaign_name":"not set","p4_local_project":"not set","p4_basket_name":"Forests","p4_department":"","footnotes":""},"categories":[2],"tags":[51],"class_list":["post-12279","page","type-page","status-publish","has-post-thumbnail","hentry","category-bosques","tag-parquenacional"],"_links":{"self":[{"href":"https:\/\/www.greenpeace.org\/argentina\/wp-json\/wp\/v2\/pages\/12279","targetHints":{"allow":["GET"]}}],"collection":[{"href":"https:\/\/www.greenpeace.org\/argentina\/wp-json\/wp\/v2\/pages"}],"about":[{"href":"https:\/\/www.greenpeace.org\/argentina\/wp-json\/wp\/v2\/types\/page"}],"author":[{"embeddable":true,"href":"https:\/\/www.greenpeace.org\/argentina\/wp-json\/wp\/v2\/users\/19"}],"replies":[{"embeddable":true,"href":"https:\/\/www.greenpeace.org\/argentina\/wp-json\/wp\/v2\/comments?post=12279"}],"version-history":[{"count":20,"href":"https:\/\/www.greenpeace.org\/argentina\/wp-json\/wp\/v2\/pages\/12279\/revisions"}],"predecessor-version":[{"id":31794,"href":"https:\/\/www.greenpeace.org\/argentina\/wp-json\/wp\/v2\/pages\/12279\/revisions\/31794"}],"up":[{"embeddable":true,"href":"https:\/\/www.greenpeace.org\/argentina\/wp-json\/wp\/v2\/pages\/11"}],"wp:featuredmedia":[{"embeddable":true,"href":"https:\/\/www.greenpeace.org\/argentina\/wp-json\/wp\/v2\/media\/12277"}],"wp:attachment":[{"href":"https:\/\/www.greenpeace.org\/argentina\/wp-json\/wp\/v2\/media?parent=12279"}],"wp:term":[{"taxonomy":"category","embeddable":true,"href":"https:\/\/www.greenpeace.org\/argentina\/wp-json\/wp\/v2\/categories?post=12279"},{"taxonomy":"post_tag","embeddable":true,"href":"https:\/\/www.greenpeace.org\/argentina\/wp-json\/wp\/v2\/tags?post=12279"}],"curies":[{"name":"wp","href":"https:\/\/api.w.org\/{rel}","templated":true}]}}