{"id":12485,"date":"2021-06-17T10:52:03","date_gmt":"2021-06-17T13:52:03","guid":{"rendered":"https:\/\/www.greenpeace.org\/argentina\/?page_id=12485"},"modified":"2024-03-26T08:38:50","modified_gmt":"2024-03-26T11:38:50","slug":"todo-lo-que-tenes-que-saber-sobre-mar-chiquita-el-futuro-parque-nacional-ansenuza","status":"publish","type":"page","link":"https:\/\/www.greenpeace.org\/argentina\/participa\/involucrate\/ansenuza-futuro-parque-nacional-mas-grande-de-argentina\/todo-lo-que-tenes-que-saber-sobre-mar-chiquita-el-futuro-parque-nacional-ansenuza\/","title":{"rendered":"Todo lo que ten\u00e9s que saber sobre Mar Chiquita, el futuro Parque Nacional Ansenuza"},"content":{"rendered":"\n                    <div class=\"wp-block-group is-vertical is-layout-flex wp-container-core-group-is-layout-8cf370e7 wp-block-group-is-layout-flex\">\n                    \n\n                    \n                    <\/div>\n                    \n<p>Fuente: PROMAR- Conicet-Universidad Nacional de C\u00f3rdoba.<\/p>\n\n<div class=\"wp-block-image\"><figure class=\"aligncenter\"><img decoding=\"async\" src=\"https:\/\/lh5.googleusercontent.com\/S_u5jttO2o58Ij25LSQHSahOFk8RTRQG9sD7ET6jqfyQkVFJNCbfTTDdmbXLGEW9YpmJO-aD-C5SBXKu3xK8dr8ZLG6c_II2oO6EPbAkIQDsjQFLRJuqiodOQEPLcb3vcBiOc_WY\" alt=\"\"\/><\/figure><\/div>\n\n<h4 class=\"wp-block-heading\"><strong>\u00bfCu\u00e1l es la importancia de Mar Chiquita?<\/strong><\/h4>\n\n<p>Mar Chiquita y los Ba\u00f1ados del R\u00edo Dulce constituyen un humedal de grandes dimensiones (uno de los mayores del mundo), y una nota muy singular del paisaje de la regi\u00f3n pampeana argentina.<\/p>\n\n<h4 class=\"wp-block-heading\"><strong>\u00bfCu\u00e1les son las dimensiones de la laguna?<\/strong><\/h4>\n\n<p>Mar Chiquita ha oscilado enormemente desde que se tienen datos. El menor tama\u00f1o conocido con certeza corresponde al mapa catastral argentino publicado en (1891) donde la laguna aparece con una superficie de unas 110.000 hect\u00e1reas, con medidas m\u00e1ximas de 75 Km de Este a Oeste y 35 Km de Sur a Norte.&nbsp; La mayor superficie se alcanz\u00f3 en el a\u00f1o 2003, cuando las im\u00e1genes satelitales indican una superficie&nbsp; algo mayor a las 600.000 ha, con&nbsp; medidas m\u00e1ximas aproximadas de 110 Km de Este a Oeste y 95 Km de Sur a Norte. En la actualidad el \u00e1rea ocupada por la laguna es de unas 480.000 hect\u00e1reas, con tendencia&nbsp; decreciente, y unos 100 Km de Este a Oeste y 80 Km de Norte a Sur.<\/p>\n\n<h4 class=\"wp-block-heading\"><strong>\u00bfCu\u00e1l es el origen de Mar Chiquita?<\/strong><\/h4>\n\n<p>La laguna de Mar Chiquita se origin\u00f3 hace unos treinta mil a\u00f1os. Una falla geol\u00f3gica que levant\u00f3 sus bordes Este y Sur gener\u00f3 un gran dique natural que impide que el agua aportada por los r\u00edos tributarios, Dulce por el norte, Primero (Suqu\u00eda) y Segundo (Xanaes) por el sur, alcancen el r\u00edo Paran\u00e1 y finalmente el mar. T\u00e9cnicamente, se trata de una laguna sin desag\u00fce al final de una cuenca hidrografica endorreica.<\/p>\n\n<h4 class=\"wp-block-heading\"><strong>\u00bfCu\u00e1les son las fuentes de agua que alimentan a Mar Chiquita?<\/strong><\/h4>\n\n<p>La casi totalidad del agua que recibe la laguna proviene de sus afluentes (r\u00edos Dulce, Primero y Segundo) y de la lluvia sobre la misma. Todas las evidencias disponibles indican que el aporte de agua subterr\u00e1nea no es significativo. La laguna NO TIENE NINGUNA CONEXI\u00d3N CON EL MAR, como a veces se menciona (recordemos adem\u00e1s que Mar Chiquita est\u00e1 a m\u00e1s de 60 metros sobre el nivel del mar).<\/p>\n\n<h4 class=\"wp-block-heading\"><strong>\u00bfCu\u00e1les son las amenazas ambientales que enfrenta Mar Chiquita?<\/strong><\/h4>\n\n<p>En primer lugar, existe el riesgo de que la extracci\u00f3n no controlada de agua para irrigaci\u00f3n u otros prop\u00f3sitos en los r\u00edos afluentes, y particularmente del r\u00edo Dulce, pueda llegar a disminuir marcadamente o aun secar totalmente la laguna.&nbsp;<\/p>\n\n<p>Asimismo, la construcci\u00f3n de diques puede impedir la llegada de las inundaciones anuales a los ba\u00f1ados que mantienen los productivos pastizales, transform\u00e1ndolos en salinas improductivas y est\u00e9riles. Aunque esto parezca dif\u00edcil en periodos de aguas altas como el actual, debe recordarse que existen en el mundo antecedentes de esta amenaza. Uno muy conocido y dram\u00e1tico es el caso del Mar de Aral en Asia, el cual casi ha desaparecido en pocos a\u00f1os debido a proyectos de irrigaci\u00f3n mal dise\u00f1ados. El mismo problema esta afectando al Mar Muerto en Medio Oriente.<\/p>\n\n<p>Otro problema preocupante es la contaminaci\u00f3n creciente de los r\u00edos por industrias y poblaciones que no tienen apropiados sistemas de tratamiento de efluentes y residuos s\u00f3lidos.<\/p>\n\n<p>Finalmente, la caza y la pesca furtivas constituyen otra amenaza importante para la biodiversidad de la reserva..<\/p>\n\n<h4 class=\"wp-block-heading\"><strong>\u00bfEs importante la actividad pesquera?<\/strong><\/h4>\n\n<p>La laguna no ten\u00eda peces hasta fines de la d\u00e9cada de 1970, debido a la salinidad elevada de sus aguas. A partir de 1980 el nivel de las aguas aumenta r\u00e1pidamente y la salinidad decrece proporcionalmente, lo que crea condiciones que permiten la expansi\u00f3n del pejerrey desde los r\u00edos tributarios hasta ocupar toda la laguna. En los a\u00f1os subsiguientes se genera una actividad pesquera significativa. En la actualidad s\u00f3lo se permite la pesca deportiva. El l\u00edmite de salinidad a la que puede prosperar el pejerrey es de alrededor de 50 gramos por litro.<\/p>\n\n<h4 class=\"wp-block-heading\"><strong>\u00bfPor qu\u00e9 es salada el agua de Mar Chiquita?<\/strong><\/h4>\n\n<p>Al tratarse de una cuenca cerrada, sin salida al mar, el agua que recibe la laguna s\u00f3lo puede salir por evaporaci\u00f3n en su superficie. Dado que el agua evaporada no lleva minerales, las sales aportadas por los r\u00edos tributarios se han ido acumulando a trav\u00e9s de miles de a\u00f1os, lo que explica el alto contenido de sal de Mar Chiquita.<\/p>\n\n<h4 class=\"wp-block-heading\"><strong>\u00bfCu\u00e1l es la riqueza de Mar Chiquita en biodiversidad?<\/strong><\/h4>\n\n<p>Mar Chiquita tiene una gran importancia por su riqueza en biodiversidad. Se llevan registradas m\u00e1s de 300 especies de aves, de las cuales 142 son especies de aves directamente relacionadas con los ambientes acu\u00e1ticos, 35 de reptiles, 16 de&nbsp; anfibios (ranas y sapos), y un n\u00famero todav\u00eda no precisado de mam\u00edferos entre los que son comunes el coipo o nutria (explotada comercialmente), los zorros, los hurones, la comadreja y el puma. Mar Chiquita tiene el raro privilegio de albergar a tres de las seis especies de flamencos que existen en el mundo: el flamenco austral, que es el mas com\u00fan y que cr\u00eda en grandes colonias (habi\u00e9ndose registrado hasta 100.000 ejemplares), el flamenco andino o parina grande, y la parina chica.<\/p>\n\n<h4 class=\"wp-block-heading\"><strong>\u00bfCu\u00e1l es la situaci\u00f3n de protecci\u00f3n de Mar Chiquita?<\/strong><\/h4>\n\n<p>Mar Chiquita es un \u00e1rea protegida. Fue declarada Reserva Provincial de Uso M\u00faltiple en el a\u00f1o 1994. La Reserva Mar Chiquita depende administrativamente de la Secretar\u00eda de Ambiente de la provincia de C\u00f3rdoba. Adem\u00e1s, Mar Chiquita ha sido designada sitio Ramsar en Mayo de 2002.<\/p>\n\n<h4 class=\"wp-block-heading\"><strong>\u00bfQu\u00e9 significa que Mar Chiquita sea Sitio Ramsar?<\/strong><\/h4>\n\n<p>La Convenci\u00f3n sobre los Humedales (tambi\u00e9n conocida como convenci\u00f3n Ramsar) es un tratado intergubernamental que proporciona el marco para la acci\u00f3n nacional y la cooperaci\u00f3n internacional en pro de la conservaci\u00f3n y el uso de los humedales y sus recursos. Argentina es miembro de dicha convenci\u00f3n. La Convenci\u00f3n sobre los Humedales toma el nombre de la ciudad iran\u00ed de Ramsar donde fue adoptada en 1971. Aunque Mar Chiquita y los ba\u00f1ados del r\u00edo Dulce ocupan el noreste de C\u00f3rdoba y sur de Santiago del Estero, esta designaci\u00f3n solo se aplica a la provincia de C\u00f3rdoba, siendo de esperar que en el futuro pr\u00f3ximo sea incorpore la porci\u00f3n santiague\u00f1a.<\/p>\n\n<h4 class=\"wp-block-heading\"><strong>\u00bfCu\u00e1l es la importancia de Mar Chiquita como sitio de valor paleontol\u00f3gico y arqueol\u00f3gico?<\/strong><\/h4>\n\n<p>En el \u00e1rea es frecuente el hallazgo de f\u00f3siles de los grandes mam\u00edferos extinguidos hace unos 10.000 a\u00f1os, tales como megaterios, gliptodontes, etc. Adem\u00e1s se encuentran restos de culturas ind\u00edgenas que habitaron la regi\u00f3n. Vale la pena visitar el Museo An\u00edbal Montes de Miramar y los Museos Municipales de la regi\u00f3n.<\/p>\n\n<h4 class=\"wp-block-heading\"><strong>\u00bfCu\u00e1l es la importancia ecol\u00f3gica de los humedales?<\/strong><\/h4>\n\n<p>Los humedales como Mar Chiquita constituyen un recurso de gran valor econ\u00f3mico, cient\u00edfico y recreativo. Adem\u00e1s, prestan servicios ambientales importantes en lo que hace a regulaci\u00f3n de clima, contenci\u00f3n de inundaciones, etc. Por ello, la degradaci\u00f3n y la p\u00e9rdida de humedales puede causar graves y a veces irreparables da\u00f1os.<\/p>\n","protected":false},"excerpt":{"rendered":"<p>Fuente: PROMAR- Conicet-Universidad Nacional de C\u00f3rdoba. \u00bfCu\u00e1l es la importancia de Mar Chiquita? Mar Chiquita y los Ba\u00f1ados del R\u00edo Dulce constituyen un humedal de grandes dimensiones (uno de los mayores del mundo), y una nota muy singular del paisaje de la regi\u00f3n pampeana argentina. \u00bfCu\u00e1les son las dimensiones de la laguna? Mar Chiquita ha [&hellip;]<\/p>\n","protected":false},"author":19,"featured_media":12275,"parent":12279,"menu_order":0,"comment_status":"closed","ping_status":"closed","template":"","meta":{"ep_exclude_from_search":false,"p4_hide_page_title_checkbox":"","p4_title":"","p4_subtitle":"","p4_description":"","background_image_id":"","background_image":"","p4_button_title":"","p4_button_link":"","p4_button_link_checkbox":"","p4_og_title":"","p4_og_description":"","p4_og_image":"","p4_og_image_id":"","p4_seo_canonical_url":"","p4_campaign_name":"not set","p4_local_project":"not set","p4_basket_name":"not set","p4_department":"","footnotes":""},"categories":[2],"tags":[51],"class_list":["post-12485","page","type-page","status-publish","has-post-thumbnail","hentry","category-bosques","tag-parquenacional"],"_links":{"self":[{"href":"https:\/\/www.greenpeace.org\/argentina\/wp-json\/wp\/v2\/pages\/12485","targetHints":{"allow":["GET"]}}],"collection":[{"href":"https:\/\/www.greenpeace.org\/argentina\/wp-json\/wp\/v2\/pages"}],"about":[{"href":"https:\/\/www.greenpeace.org\/argentina\/wp-json\/wp\/v2\/types\/page"}],"author":[{"embeddable":true,"href":"https:\/\/www.greenpeace.org\/argentina\/wp-json\/wp\/v2\/users\/19"}],"replies":[{"embeddable":true,"href":"https:\/\/www.greenpeace.org\/argentina\/wp-json\/wp\/v2\/comments?post=12485"}],"version-history":[{"count":6,"href":"https:\/\/www.greenpeace.org\/argentina\/wp-json\/wp\/v2\/pages\/12485\/revisions"}],"predecessor-version":[{"id":23437,"href":"https:\/\/www.greenpeace.org\/argentina\/wp-json\/wp\/v2\/pages\/12485\/revisions\/23437"}],"up":[{"embeddable":true,"href":"https:\/\/www.greenpeace.org\/argentina\/wp-json\/wp\/v2\/pages\/12279"}],"wp:featuredmedia":[{"embeddable":true,"href":"https:\/\/www.greenpeace.org\/argentina\/wp-json\/wp\/v2\/media\/12275"}],"wp:attachment":[{"href":"https:\/\/www.greenpeace.org\/argentina\/wp-json\/wp\/v2\/media?parent=12485"}],"wp:term":[{"taxonomy":"category","embeddable":true,"href":"https:\/\/www.greenpeace.org\/argentina\/wp-json\/wp\/v2\/categories?post=12485"},{"taxonomy":"post_tag","embeddable":true,"href":"https:\/\/www.greenpeace.org\/argentina\/wp-json\/wp\/v2\/tags?post=12485"}],"curies":[{"name":"wp","href":"https:\/\/api.w.org\/{rel}","templated":true}]}}