{"id":1288,"date":"2019-03-01T14:39:16","date_gmt":"2019-03-01T14:39:16","guid":{"rendered":"https:\/\/www.greenpeace.org\/argentina\/?page_id=1288"},"modified":"2025-06-23T06:24:51","modified_gmt":"2025-06-23T09:24:51","slug":"el-peligro-de-los-residuos-electronicos","status":"publish","type":"page","link":"https:\/\/www.greenpeace.org\/argentina\/el-peligro-de-los-residuos-electronicos\/","title":{"rendered":"El peligro de los residuos electr\u00f3nicos"},"content":{"rendered":"\n                \n                <div class=\"wp-block-group alignfull is-layout-flow wp-block-group-is-layout-flow\">\n                \n                <div class=\"wp-block-group container is-layout-flow wp-block-group-is-layout-flow\">\n                \n                <div class=\"wp-block-media-text alignfull has-media-on-the-right is-stacked-on-mobile is-pattern-p4-page-header is-style-parallax\">\n\n                <div class=\"wp-block-media-text__content\">\n                    <div class=\"wp-block-group is-layout-flow wp-block-group-is-layout-flow\">\n                    \n                        <h1 class=\"wp-block-heading has-white-background-color has-background\">\n                            El peligro de los residuos electr\u00f3nicos\n                        <\/h1>\n                    <\/div>\n                \n\n                \n                        <p style=\"font-size:1.25rem\">\n                            <span style=\"font-weight: 400\">Los aparatos el\u00e9ctricos y electr\u00f3nicos son una mezcla compleja de cientos de materiales. Contienen metales pesados como plomo, mercurio y cadmio, qu\u00edmicos peligrosos y PVC (policloruro de vinilo), un tipo de pl\u00e1stico muy t\u00f3xico.<\/span>\r\n\r\n<span style=\"font-weight: 400\">Por ejemplo, un tel\u00e9fono celular tiene entre 500 y 1.000 compuestos diferentes.<\/span>\r\n\r\n<span style=\"font-weight: 400\">Si nos son tratadas de forma adecuada, estas sustancias peligrosas pueden contaminar el medio ambiente, poner en riesgo a los trabajadores que fabrican los productos, y afectar la salud de las personas cuando los dispositivos electr\u00f3nicos son desechados al final de su vida \u00fatil.<\/span>\n                        <\/p>\n                    \n\n                \n\n                <\/div>\n                <figure class=\"wp-block-media-text__media\">\n                    <img loading=\"lazy\" decoding=\"async\" width=\"2200\" height=\"1464\"\n                        src=\"https:\/\/www.greenpeace.org\/static\/planet4-argentina-stateless\/2019\/03\/12bd2ddc-gpa_10tnpilasgcba_15-1.jpg\"\n                        alt=\"\"\n                        sizes=\"auto, (min-width: 601px) 50vw, 100vw\" srcset=\"https:\/\/www.greenpeace.org\/static\/planet4-argentina-stateless\/2019\/03\/12bd2ddc-gpa_10tnpilasgcba_15-1.jpg 2200w, https:\/\/www.greenpeace.org\/static\/planet4-argentina-stateless\/2019\/03\/12bd2ddc-gpa_10tnpilasgcba_15-1-300x200.jpg 300w, https:\/\/www.greenpeace.org\/static\/planet4-argentina-stateless\/2019\/03\/12bd2ddc-gpa_10tnpilasgcba_15-1-768x511.jpg 768w, https:\/\/www.greenpeace.org\/static\/planet4-argentina-stateless\/2019\/03\/12bd2ddc-gpa_10tnpilasgcba_15-1-1024x681.jpg 1024w, https:\/\/www.greenpeace.org\/static\/planet4-argentina-stateless\/2019\/03\/12bd2ddc-gpa_10tnpilasgcba_15-1-2048x1363.jpg 2048w, https:\/\/www.greenpeace.org\/static\/planet4-argentina-stateless\/2019\/03\/12bd2ddc-gpa_10tnpilasgcba_15-1-510x340.jpg 510w\" class=\"wp-image-1289 size-full\"\n                    \/>\n                <\/figure>\n                <\/div>\n                \n                <\/div>\n                \n                <\/div>\n                \n                <p>                <b>Algunos componentes t\u00f3xicos de los residuos de aparatos el\u00e9ctricos y electr\u00f3nicos (RAEE)<\/b><\/p>\n<p>&nbsp;<\/p>\n<p><b>Retardantes de fuego bromados (RFB)<\/b><\/p>\n<p><span style=\"font-weight: 400;\">Se utilizan en tel\u00e9fonos celulares y computadoras.<\/span><span style=\"font-weight: 400;\"><br \/>\n<\/span><span style=\"font-weight: 400;\">La exposici\u00f3n permanente a estos compuestos puede provocar problemas de aprendizaje y memoria, interferir con la tiroides y con el sistema hormonal del estr\u00f3geno. Adem\u00e1s, la exposici\u00f3n fetal est\u00e1 relacionada a des\u00f3rdenes de comportamiento.<\/p>\n<p><\/span><\/p>\n<p><b>Cadmio<\/b><\/p>\n<p><span style=\"font-weight: 400;\">Se encuentra en bater\u00edas recargables de computadoras, contactos el\u00e9ctricos y switches. Anteriormente, era utilizado en monitores y televisores TRC (con tubo de rayos cat\u00f3dicos). El cadmio tiene la capacidad de acumularse en el ambiente y es muy t\u00f3xico. Afecta principalmente a ri\u00f1ones y huesos.<\/p>\n<p><\/span><\/p>\n<p><b>Mercurio<\/b><\/p>\n<p><span style=\"font-weight: 400;\">Se emplea en monitores de pantalla plana como dispositivo de iluminaci\u00f3n y en pilas primarias (no recargables). El mercurio puede afectar el sistema nervioso central, particularmente en etapas tempranas de desarrollo, el sistema cardiovascular, pulmonar y provocar da\u00f1os en los ri\u00f1ones y la vista. Es t\u00f3xico incluso en dosis muy bajas.<\/p>\n<p><\/span><\/p>\n<p><b>Compuestos de cromo hexavalente<\/b><\/p>\n<p><span style=\"font-weight: 400;\">Se utilizan en la producci\u00f3n de cubiertas de metal. Son altamente t\u00f3xicos y cancer\u00edgenos.<\/p>\n<p><\/span><\/p>\n<p><b>Policloruro de vinilo (PVC)<\/b><\/p>\n<p><span style=\"font-weight: 400;\">Este tipo de pl\u00e1stico es usado en productos electr\u00f3nicos como aislante en cables, alambres, circuitos, conectores y carcasas de pl\u00e1stico. <\/span><span style=\"font-weight: 400;\"><br \/>\n<\/span><span style=\"font-weight: 400;\">En sus procesos de producci\u00f3n y si se lo incinera, libera dioxinas y furanos. Estos qu\u00edmicos son persistentes en el ambiente y muchos son t\u00f3xicos, incluso a muy bajas concentraciones.<\/p>\n<p><\/span><\/p>\n<p><b>N\u00edquel<\/b><\/p>\n<p><span style=\"font-weight: 400;\">Se lo encuentra en bater\u00edas. Produce efectos sobre el sistema pulmonar y respiratorio, alergias, irritaci\u00f3n en los ojos y la piel. Es posiblemente cancer\u00edgeno y teratog\u00e9nico (capaz de alterar el desarrollo embrionario normal). Es t\u00f3xico si se lo encuentra en forma de compuestos inorg\u00e1nicos de n\u00edquel en su forma oxidada, sulfatada o soluble.<\/p>\n<p><\/span><\/p>\n<p><b>Litio<\/b><\/p>\n<p><span style=\"font-weight: 400;\">Se lo utiliza en bater\u00edas. El litio ocasiona afecciones en el sistema nervioso, fallas respiratorias y n\u00e1useas.<\/span><span style=\"font-weight: 400;\"><br \/>\n<\/span><span style=\"font-weight: 400;\">Debido a su baja absorci\u00f3n, el litio puede lixiviarse (fluir) f\u00e1cilmente a los mantos acu\u00edferos (formaciones geol\u00f3gicas que permiten la circulaci\u00f3n y el almacenamiento del agua subterr\u00e1nea).<\/p>\n<p><\/span><\/p>\n<p><b>Berilio<\/b><\/p>\n<p><span style=\"font-weight: 400;\">Se lo encuentra en interruptores, transmisores y conectores. No se disuelve, se adhiere a part\u00edculas de aire y persiste en suelos. <\/span><span style=\"font-weight: 400;\"><br \/>\n<\/span><span style=\"font-weight: 400;\">Est\u00e1 clasificado como cancer\u00edgeno por la Agencia Internacional de Investigaci\u00f3n sobre el C\u00e1ncer de la Organizaci\u00f3n Mundial de la Salud.<\/span><span style=\"font-weight: 400;\"><br \/>\n<\/span><span style=\"font-weight: 400;\">Adem\u00e1s, la inhalaci\u00f3n de humos y polvos de berilio puede causar enfermedades pulmonares.<\/p>\n<p><\/span><\/p>\n<p><b>Tubos de rayos cat\u00f3dicos<\/b><\/p>\n<p><span style=\"font-weight: 400;\">Se empleaban en monitores y televisores con tubo. <\/span><span style=\"font-weight: 400;\"><br \/>\n<\/span><span style=\"font-weight: 400;\">La exposici\u00f3n al plomo que contienen los tubos puede causar da\u00f1os cognitivos en los ni\u00f1os y afectar el sistema nervioso, reproductivo y circulatorio en los adultos.<\/p>\n<p><\/span><\/p>\n<p><b>Zinc<\/b><\/p>\n<p><span style=\"font-weight: 400;\">No se podr\u00eda considerar al zinc como t\u00f3xico debido a que es un elemento esencial para el organismo humano. Sin embargo, el ingreso de altas dosis podr\u00eda afectar la salud y provocar irritaciones cut\u00e1neas, anemia y da\u00f1o en el p\u00e1ncreas.<\/p>\n<p><\/span><\/p>\n<p><b>\u00bfC\u00f3mo se desechan los residuos electr\u00f3nicos?<\/b><\/p>\n<p><span style=\"font-weight: 400;\">En Argentina, los RAEE en general terminan en basurales o rellenos sanitarios.<\/span><\/p>\n<p><span style=\"font-weight: 400;\">Si los residuos electr\u00f3nicos se depositan en rellenos sanitarios, comienzan a descomponerse mediante una serie de procesos qu\u00edmicos complejos. Los productos principales de la descomposici\u00f3n son los l\u00edquidos lixiviados y los gases, y ambos pueden afectar la salud de las personas que viven alrededor de los rellenos.<\/span><\/p>\n<p><span style=\"font-weight: 400;\">Los l\u00edquidos lixiviados se forman mediante el percolado de l\u00edquidos (el paso lento de fluidos a trav\u00e9s de materiales porosos) a trav\u00e9s de sustancias en proceso de descomposici\u00f3n.<\/span><\/p>\n<p><span style=\"font-weight: 400;\">El l\u00edquido, al fluir, disuelve algunas sustancias y arrastra part\u00edculas con otros compuestos qu\u00edmicos. Los \u00e1cidos org\u00e1nicos formados en ciertas etapas de la descomposici\u00f3n de contenidos en el lixiviado (como \u00e1cido ac\u00e9tico, l\u00e1ctico o f\u00f3rmico) disuelven los metales contenidos en los RAEE, transport\u00e1ndolos con el lixiviado. <\/span><\/p>\n<p><span style=\"font-weight: 400;\">De esta manera, debido al car\u00e1cter \u00e1cido de los l\u00edquidos lixiviados, se disuelven y se transportan los metales que se encuentran en los residuos electr\u00f3nicos depositados en rellenos sanitarios.<\/span><\/p>\n<p><span style=\"font-weight: 400;\">Los metales y dem\u00e1s compuestos t\u00f3xicos pueden lixiviar los suelos y fluir por cursos de agua y acu\u00edferos, y contaminar el ambiente en general.<\/p>\n<p><\/span><\/p>\n<p><span style=\"font-weight: 400;\">En otros pa\u00edses del mundo, los residuos de aparatos el\u00e9ctricos y electr\u00f3nicos son incinerados. Pero este m\u00e9todo libera a la atm\u00f3sfera metales pesados como plomo, cadmio y mercurio.<\/span><\/p>\n<p><span style=\"font-weight: 400;\">Por ejemplo, el mercurio liberado puede bioacumularse en la cadena alimenticia, especialmente en peces. As\u00ed se traslada de los peces m\u00e1s peque\u00f1os a los m\u00e1s grandes y llega a ser consumido por los humanos.<\/span><\/p>\n<p><span style=\"font-weight: 400;\">Si los dispositivos contienen policloruro de vinilo (PVC) o retardantes de fuego bromados (RFB) (compuestos que se utilizan en los aparatos electr\u00f3nicos para reducir su inflamabilidad), se liberan dioxinas y furanos. Estas sustancias qu\u00edmicas son t\u00f3xicas y pueden afectar el medio ambiente y la salud de las personas. \u00a0<\/span><\/p>\n<p><span style=\"font-weight: 400;\">Adem\u00e1s, los pa\u00edses industrializados tambi\u00e9n suelen exportar sus RAEE hacia los pa\u00edses en v\u00edas de desarrollo. Pero este procedimiento viola frecuentemente el Convenio de Basilea, el tratado ambiental global que controla el movimiento transfronterizo de desechos peligrosos y su eliminaci\u00f3n. De esta forma, trasladan el problema de la gesti\u00f3n de los residuos electr\u00f3nicos a los pa\u00edses m\u00e1s pobres.<\/span><\/p>\n","protected":false},"excerpt":{"rendered":"<p>Algunos componentes t\u00f3xicos de los residuos de aparatos el\u00e9ctricos y electr\u00f3nicos (RAEE) &nbsp; Retardantes de fuego bromados (RFB) Se utilizan en tel\u00e9fonos celulares y computadoras. La exposici\u00f3n permanente a estos compuestos puede provocar problemas de aprendizaje y memoria, interferir con la tiroides y con el sistema hormonal del estr\u00f3geno. Adem\u00e1s, la exposici\u00f3n fetal est\u00e1 relacionada [&hellip;]<\/p>\n","protected":false},"author":19,"featured_media":0,"parent":0,"menu_order":0,"comment_status":"closed","ping_status":"closed","template":"","meta":{"ep_exclude_from_search":false,"p4_hide_page_title_checkbox":"on","p4_title":"","p4_subtitle":"","p4_description":"","background_image_id":"","background_image":"","p4_button_title":"","p4_button_link":"","p4_button_link_checkbox":"","p4_og_title":"","p4_og_description":"","p4_og_image":"","p4_og_image_id":"","p4_seo_canonical_url":"","p4_campaign_name":"","p4_local_project":"","p4_basket_name":"","p4_department":"","footnotes":""},"categories":[4],"tags":[],"class_list":["post-1288","page","type-page","status-publish","hentry","category-contaminacion"],"_links":{"self":[{"href":"https:\/\/www.greenpeace.org\/argentina\/wp-json\/wp\/v2\/pages\/1288","targetHints":{"allow":["GET"]}}],"collection":[{"href":"https:\/\/www.greenpeace.org\/argentina\/wp-json\/wp\/v2\/pages"}],"about":[{"href":"https:\/\/www.greenpeace.org\/argentina\/wp-json\/wp\/v2\/types\/page"}],"author":[{"embeddable":true,"href":"https:\/\/www.greenpeace.org\/argentina\/wp-json\/wp\/v2\/users\/19"}],"replies":[{"embeddable":true,"href":"https:\/\/www.greenpeace.org\/argentina\/wp-json\/wp\/v2\/comments?post=1288"}],"version-history":[{"count":4,"href":"https:\/\/www.greenpeace.org\/argentina\/wp-json\/wp\/v2\/pages\/1288\/revisions"}],"predecessor-version":[{"id":29700,"href":"https:\/\/www.greenpeace.org\/argentina\/wp-json\/wp\/v2\/pages\/1288\/revisions\/29700"}],"wp:attachment":[{"href":"https:\/\/www.greenpeace.org\/argentina\/wp-json\/wp\/v2\/media?parent=1288"}],"wp:term":[{"taxonomy":"category","embeddable":true,"href":"https:\/\/www.greenpeace.org\/argentina\/wp-json\/wp\/v2\/categories?post=1288"},{"taxonomy":"post_tag","embeddable":true,"href":"https:\/\/www.greenpeace.org\/argentina\/wp-json\/wp\/v2\/tags?post=1288"}],"curies":[{"name":"wp","href":"https:\/\/api.w.org\/{rel}","templated":true}]}}