{"id":1296,"date":"2019-03-01T15:11:59","date_gmt":"2019-03-01T15:11:59","guid":{"rendered":"https:\/\/www.greenpeace.org\/argentina\/?page_id=1296"},"modified":"2025-09-23T06:43:26","modified_gmt":"2025-09-23T09:43:26","slug":"los-residuos-electronicos-no-son-basura","status":"publish","type":"page","link":"https:\/\/www.greenpeace.org\/argentina\/participa\/involucrate\/los-residuos-electronicos-no-son-basura\/","title":{"rendered":"Los residuos electr\u00f3nicos no son basura"},"content":{"rendered":"\n                \n                <div class=\"wp-block-group alignfull is-layout-flow wp-block-group-is-layout-flow\">\n                \n                <div class=\"wp-block-group container is-layout-flow wp-block-group-is-layout-flow\">\n                \n                <div class=\"wp-block-media-text alignfull has-media-on-the-right is-stacked-on-mobile is-pattern-p4-page-header is-style-parallax\">\n\n                <div class=\"wp-block-media-text__content\">\n                    <div class=\"wp-block-group is-layout-flow wp-block-group-is-layout-flow\">\n                    \n                        <h1 class=\"wp-block-heading has-white-background-color has-background\">\n                            Los residuos electr\u00f3nicos no son basura\n                        <\/h1>\n                    <\/div>\n                \n\n                \n                        <p style=\"font-size:1.25rem\">\n                            <span style=\"font-weight: 400\">Computadoras, tel\u00e9fonos celulares, electrodom\u00e9sticos, equipos de audio, televisores y m\u00e1s. Todos los aparatos el\u00e9ctricos y electr\u00f3nicos que llegan al final de su vida \u00fatil se convierten en Residuos de Aparatos El\u00e9ctricos y Electr\u00f3nicos (RAEE).<\/span>\n                        <\/p>\n                    \n\n                \n\n                <\/div>\n                <figure class=\"wp-block-media-text__media\">\n                    <img loading=\"lazy\" decoding=\"async\" width=\"2200\" height=\"1464\"\n                        src=\"https:\/\/www.greenpeace.org\/static\/planet4-argentina-stateless\/2019\/03\/5b124a21-gpa_10tnpilasgcba_18.jpg\"\n                        alt=\"\"\n                        sizes=\"auto, (min-width: 601px) 50vw, 100vw\" srcset=\"https:\/\/www.greenpeace.org\/static\/planet4-argentina-stateless\/2019\/03\/5b124a21-gpa_10tnpilasgcba_18.jpg 2200w, https:\/\/www.greenpeace.org\/static\/planet4-argentina-stateless\/2019\/03\/5b124a21-gpa_10tnpilasgcba_18-300x200.jpg 300w, https:\/\/www.greenpeace.org\/static\/planet4-argentina-stateless\/2019\/03\/5b124a21-gpa_10tnpilasgcba_18-768x511.jpg 768w, https:\/\/www.greenpeace.org\/static\/planet4-argentina-stateless\/2019\/03\/5b124a21-gpa_10tnpilasgcba_18-1024x681.jpg 1024w, https:\/\/www.greenpeace.org\/static\/planet4-argentina-stateless\/2019\/03\/5b124a21-gpa_10tnpilasgcba_18-2048x1363.jpg 2048w, https:\/\/www.greenpeace.org\/static\/planet4-argentina-stateless\/2019\/03\/5b124a21-gpa_10tnpilasgcba_18-510x340.jpg 510w\" class=\"wp-image-1300 size-full\"\n                    \/>\n                <\/figure>\n                <\/div>\n                \n                <\/div>\n                \n                <\/div>\n                \n                \n<p><span style=\"font-weight: 400;\">El problema es que la mayor\u00eda de los desechos electr\u00f3nicos termina en rellenos sanitarios, basurales, o incluso incinerados (este m\u00e9todo es utilizado fuera de Latinoam\u00e9rica), a pesar de tener componentes que contaminan el agua subterr\u00e1nea y el aire, y otros que es posible recuperar para volver a utilizarlos.<\/span><\/p>\n\n<p><span style=\"font-weight: 400;\">Los RAEE contienen sustancias qu\u00edmicas t\u00f3xicas y metales pesados como mercurio, cadmio, berilio, selenio y plomo que deben ser tratados de forma adecuada. <\/span><\/p>\n\n<p><span style=\"font-weight: 400;\">A su vez, el oro, el cobre, la plata, el n\u00edquel y el platino son materiales valiosos que pueden ser recuperados casi en su totalidad para evitar mayor extracci\u00f3n de recursos naturales. Tambi\u00e9n, es posible reciclar el pl\u00e1stico y el aluminio.<\/span><\/p>\n\n<p><span style=\"font-weight: 400;\">La innovaci\u00f3n tecnol\u00f3gica y la disminuci\u00f3n de los costos permitieron que muchos dispositivos electr\u00f3nicos sean accesibles para un p\u00fablico masivo y de uso com\u00fan en la vida cotidiana. Pero los art\u00edculos el\u00e9ctricos y electr\u00f3nicos se descartan cada vez m\u00e1s r\u00e1pido y esto provoca que los RAEE aumenten en todo el mundo. <\/span><\/p>\n\n<p><span style=\"font-weight: 400;\">El mercado promueve un recambio de equipos constante. Nuevas funciones, dise\u00f1os y modelos impulsan la compra de los dispositivos m\u00e1s recientes y al mismo tiempo, los aparatos que estaban en uso son desechados. <\/span><\/p>\n\n<p><span style=\"font-weight: 400;\">Sumado a esto, existe un factor fundamental: la obsolescencia programada. Los fabricantes definen una vida \u00fatil para cada producto, por lo cual, su duraci\u00f3n est\u00e1 establecida desde la producci\u00f3n.<\/span><\/p>\n\n<p><span style=\"font-weight: 400;\">Adem\u00e1s, la falta de repuestos hace dif\u00edcil reparar art\u00edculos que podr\u00edan seguir siendo utilizados.<\/span><\/p>\n\n<p><\/p>\n\n<p class=\"has-medium-font-size\"><b>Argentina necesita una Ley de Residuos Electr\u00f3nicos<\/b><\/p>\n\n<p><span style=\"font-weight: 400;\">Nuestro pa\u00eds ocupa el tercer puesto en la generaci\u00f3n de desechos electr\u00f3nicos con casi 500 kilotoneladas, seg\u00fan el reporte \u00a8Tecnolog\u00eda para la acci\u00f3n clim\u00e1tica en Am\u00e9rica Latina\u00a8 de la Asociaci\u00f3n GSMA y el Banco Interamericano de Desarrollo (BID), publicado en junio de 2018. El ranking lo encabeza Brasil, con m\u00e1s de 1500 kilotoneladas y lo sigue M\u00e9xico que supera los 1000 kt.<\/span><\/p>\n\n<p><span style=\"font-weight: 400;\">Los fabricantes de aparatos el\u00e9ctricos y electr\u00f3nicos son los responsables directos de la contaminaci\u00f3n que producen pilas, bater\u00edas, tel\u00e9fonos celulares, impresoras, l\u00e1mparas de bajo consumo y computadoras, entre otros dispositivos, una vez que dejan de funcionar.<\/span><\/p>\n\n<p><span style=\"font-weight: 400;\">Por eso, es imprescindible que las empresas que obtienen ganancias al venderlos, se encarguen de los equipos al final de su vida \u00fatil. <\/span><\/p>\n\n<p><span style=\"font-weight: 400;\">En Argentina no existe una regulaci\u00f3n a nivel nacional para los RAEE, cada provincia tiene su propia legislaci\u00f3n. Debido a esto, desde 2008 impulsamos una Ley Nacional de Gesti\u00f3n de Residuos de Aparatos El\u00e9ctricos y Electr\u00f3nicos bajo la Responsabilidad Extendida del Productor (REP), la cual implica que los fabricantes se ocupen de los residuos de sus propios productos. La norma adem\u00e1s promueve un sistema de mejora en la fase de producci\u00f3n para eliminar las sustancias t\u00f3xicas en los aparatos y una disminuci\u00f3n en el consumo.<\/span><\/p>\n\n<p><span style=\"font-weight: 400;\">El proyecto que establece los Presupuestos M\u00ednimos para la Gesti\u00f3n y Tratamiento de Residuos El\u00e9ctricos y Electr\u00f3nicos fue presentado por primera vez en 2008 y nuevamente en 2010, por falta de tratamiento.<\/span><\/p>\n\n<p><span style=\"font-weight: 400;\">Sin embargo, los diputados se negaron a debatirlo en el Congreso de la Naci\u00f3n y perdi\u00f3 estado parlamentario en 2012.<\/span><\/p>\n\n<p><span style=\"font-weight: 400;\">La Ministra de Industria de la Naci\u00f3n, D\u00e9bora Giorgi, fren\u00f3 el proyecto de ley con el objetivo de que las empresas sean libres de toda responsabilidad por la contaminaci\u00f3n que generan sus productos. Sin embargo, son los mismos fabricantes que se encargan del reciclado de sus art\u00edculos en muchos otros pa\u00edses.<\/span><\/p>\n\n<p class=\"has-medium-font-size\"><b>\u00bfQu\u00e9 es posible reciclar?<\/b><\/p>\n\n<ul class=\"wp-block-list\"><li style=\"font-weight: 400;\"><span style=\"font-weight: 400;\">Computadoras, notebooks, monitores, teclados, mouses<\/span><\/li><li style=\"font-weight: 400;\"><span style=\"font-weight: 400;\">Decodificadores, m\u00f3dems, hubs, switches, posnets<\/span><\/li><li style=\"font-weight: 400;\"><span style=\"font-weight: 400;\">Impresoras de punto, l\u00e1ser, multifunci\u00f3n y de inyecci\u00f3n<\/span><\/li><li style=\"font-weight: 400;\"><span style=\"font-weight: 400;\">Tel\u00e9fonos de l\u00ednea, celulares y centrales telef\u00f3nicas<\/span><\/li><li style=\"font-weight: 400;\"><span style=\"font-weight: 400;\">Faxes y t\u00e9lex, equipos de m\u00fasica, videocaseteras, DVDs y televisores, entre otros.<\/span><\/li><\/ul>\n\n<p><span style=\"font-weight: 400;\">No se pueden reciclar fotocopiadoras, ciertos electrodom\u00e9sticos (siempre es mejor consultar ya que la variedad es muy amplia), l\u00e1mparas, pilas y bater\u00edas sueltas, cartuchos de t\u00f3ner sueltos y equipos con vidrios rotos.<br><\/span><\/p>\n\n<p class=\"has-medium-font-size\"><b>\u00bfQu\u00e9 hacer con los aparatos el\u00e9ctricos y electr\u00f3nicos en desuso?<\/b><\/p>\n\n<p><span style=\"font-weight: 400;\">Se debe evitar descartarlos con la basura domiciliaria o desecharlos en la calle. Lo recomendable es consultar en cada municipio el lugar correcto para llevarlos. En diferentes ciudades del pa\u00eds existen centros de recolecci\u00f3n de RAEE y empresas que se dedican al reciclado y a la reutilizaci\u00f3n.<\/span><\/p>\n\n<p><\/p>\n\n<h3 class=\"wp-block-heading\"><b>Le\u00e9 m\u00e1s<\/b><\/h3>\n\n<p><a href=\"http:\/\/greenpeace.org.ar\/pdf\/raee\/RAEEbala01%20_2.pdf\"><b>De inteligente a sin sentido: El impacto global de 10 a\u00f1os del tel\u00e9fono inteligente (febrero 2017)<\/b><\/a><\/p>\n\n<p><a href=\"http:\/\/www.greenpeace.org\/archive-argentina\/Global\/argentina\/report\/2012\/contaminacion\/informe-raee-V.pdf\"><b>Miner\u00eda y basura electr\u00f3nica: la irracionalidad en el manejo de los recursos (marzo 2012)<\/b><\/a><\/p>\n\n<p><a href=\"https:\/\/www.greenpeace.org\/archive-argentina\/Global\/argentina\/report\/2010\/3\/basura-electronica-el-lado-toxico-de-la-telefonia-movil.pdf\"><b>El lado t\u00f3xico de la telefon\u00eda m\u00f3vil (noviembre 2011)<\/b><\/a><\/p>\n\n<p><a href=\"https:\/\/www.greenpeace.org\/archive-argentina\/Global\/argentina\/report\/2011\/contaminacion\/basura_electronica_otra_cara_tecnologia.pdf\"><b>Basura inform\u00e1tica &#8211; La otra cara de la tecnolog\u00eda (abril 2011)<\/b><\/a><\/p>\n\n<p><a href=\"http:\/\/www.greenpeace.org\/archive-argentina\/Global\/argentina\/report\/2010\/7\/informe-gestion-pilas-baterias.pdf\"><b>Gesti\u00f3n de residuos de pilas y bater\u00edas (junio 2010)<\/b><\/a><\/p>\n\n<p><a href=\"http:\/\/www.greenpeace.org\/archive-argentina\/Global\/argentina\/report\/2009\/3\/10-puntos-de-la-ley-de-residuo.pdf\"><b>10 puntos a tener en cuenta a la hora de aprobar una Ley de Presupuestos M\u00ednimos para la Gesti\u00f3n de Residuos de Aparatos El\u00e9ctricos y Electr\u00f3nicos (RAEE) (marzo 2009)<\/b><\/a><\/p>\n\n<p><a href=\"http:\/\/greenpeace.org.ar\/pdf\/raee\/RAEEbala01%20_2.pdf\"><b>Comentarios y recomendaciones de Greenpeace al Proyecto de Ley de gesti\u00f3n de residuos de aparatos el\u00e9ctricos y electr\u00f3nicos (RAEE) (2008)<\/b><\/a><\/p>\n\n<p><a href=\"http:\/\/www.greenpeace.org\/archive-argentina\/Global\/argentina\/report\/2008\/10\/la-responsabilidad-extendida-d.pdf\"><strong>La responsabilidad extendida del productor en el contexto latinoamericano. Lund University (septiembre 2008)<\/strong><\/a><\/p>\n\n<p><a href=\"http:\/\/greenpeace.org.ar\/pdf\/raee\/Presentaci%C3%B3n%20de%20Greenpeace%20sobre%20la%20gesti%C3%B3n%20de%20residuos%20de%20aparatos%20el%C3%A9ctricos%20y%20electr%C3%B3nicos%20RAEE%20en%20el%20Senado%20de%20la%20Naci%C3%B3n.pdf\"><b>Presentaci\u00f3n de Greenpeace sobre la gesti\u00f3n de residuos de aparatos el\u00e9ctricos y electr\u00f3nicos (RAEE) en el Senado de la Naci\u00f3n<\/b><\/a><\/p>\n\n    <div class=\"wp-block-query posts-list p4-query-loop is-custom-layout-list is-layout-flow wp-block-query-is-layout-flow\">\n        <div class=\"wp-block-group is-content-justification-space-between is-layout-flex wp-container-core-group-is-layout-3d213aab wp-block-group-is-layout-flex\"><h2 class=\"wp-block-heading\">\u00daltimas noticias<\/h2>\n        <li class=\" wp-block-navigation-item see-all-link wp-block-navigation-link\"><a class=\"wp-block-navigation-item__content\"  href=\"http:\/\/www.greenpeace.org\/argentina\/news-stories\/?tag=residuoselectronicos\"><span class=\"wp-block-navigation-item__label\">See all stories<\/span><\/a><\/li>\n        \n        <\/div>\n        \n\n    <p style=\"margin-top: 24px; margin-bottom: 36px;\"><\/p>\n\n    \n\n    <ul class=\"wp-block-post-template is-layout-flow wp-block-post-template-is-layout-flow\"><li class=\"wp-block-post post-17731 post type-post status-publish format-standard has-post-thumbnail hentry category-contaminacion tag-residuoselectronicos p4-page-type-blog\">\n            \n<div class=\"wp-block-columns is-layout-flex wp-container-core-columns-is-layout-9d6595d7 wp-block-columns-is-layout-flex\"><figure class=\"wp-block-post-featured-image\"><a href=\"https:\/\/www.greenpeace.org\/argentina\/blog\/problemas\/contaminacion\/ponete-a-prueba-sabias-que-estos-3-tipos-de-residuos-pueden-reciclarse\/\" target=\"_self\"  ><img loading=\"lazy\" decoding=\"async\" width=\"1200\" height=\"800\" src=\"https:\/\/www.greenpeace.org\/static\/planet4-argentina-stateless\/2022\/12\/fe973a51-gp0stt5ih_medium_res_with_credit_line.jpg\" class=\"attachment-post-thumbnail size-post-thumbnail wp-post-image wp-stateless-item\" alt=\"Ponete a prueba: \u00bfsab\u00edas que estos 3 tipos de residuos pueden reciclarse?\" style=\"object-fit:cover;\" srcset=\"https:\/\/www.greenpeace.org\/static\/planet4-argentina-stateless\/2022\/12\/fe973a51-gp0stt5ih_medium_res_with_credit_line.jpg 1200w, https:\/\/www.greenpeace.org\/static\/planet4-argentina-stateless\/2022\/12\/fe973a51-gp0stt5ih_medium_res_with_credit_line-300x200.jpg 300w, https:\/\/www.greenpeace.org\/static\/planet4-argentina-stateless\/2022\/12\/fe973a51-gp0stt5ih_medium_res_with_credit_line-1024x683.jpg 1024w, https:\/\/www.greenpeace.org\/static\/planet4-argentina-stateless\/2022\/12\/fe973a51-gp0stt5ih_medium_res_with_credit_line-768x512.jpg 768w, https:\/\/www.greenpeace.org\/static\/planet4-argentina-stateless\/2022\/12\/fe973a51-gp0stt5ih_medium_res_with_credit_line-510x340.jpg 510w\" sizes=\"auto, (max-width: 1200px) 100vw, 1200px\" data-image-size=\"post-thumbnail\" data-stateless-media-bucket=\"planet4-argentina-stateless\" data-stateless-media-name=\"2022\/12\/fe973a51-gp0stt5ih_medium_res_with_credit_line.jpg\" \/><\/a><\/figure>\n\n        <div class=\"wp-block-group is-layout-flow wp-block-group-is-layout-flow\">\n        <div class=\"wp-block-group is-layout-flex wp-block-group-is-layout-flex\"><div class=\"wp-block-post-terms\"><a href=\"https:\/\/www.greenpeace.org\/argentina\/category\/problemas\/contaminacion\/\">Contaminaci\u00f3n<\/a><\/div>\n        \n        \n        <\/div>\n        \n        <h3 class=\"wp-block-post-title\"><a href=\"https:\/\/www.greenpeace.org\/argentina\/blog\/problemas\/contaminacion\/ponete-a-prueba-sabias-que-estos-3-tipos-de-residuos-pueden-reciclarse\/\" target=\"_self\" >Ponete a prueba: \u00bfsab\u00edas que estos 3 tipos de residuos pueden reciclarse?<\/a><\/h3>\n        <div class=\"wp-block-post-excerpt\"><p class=\"wp-block-post-excerpt__excerpt\">\u00bfSe pueden reciclar el aceite de cocina usado, los restos org\u00e1nicos y los residuos de aparatos electr\u00f3nicos y el\u00e9ctricos? <\/p><\/div>\n        \n        <div class=\"wp-block-group posts-list-meta is-layout-flow wp-block-group-is-layout-flow\"><span class='article-list-item-author'><a href='https:\/\/www.greenpeace.org\/argentina\/author\/meri\/'>Meri Castro<\/a><\/span>\n        <div class=\"wp-block-post-date\"><time datetime=\"2023-01-20T13:38:04-03:00\">20 enero 2023<\/time><\/div>\n        \n        <\/div>\n        <\/div>\n        <\/div>\n\n            <\/li><li class=\"wp-block-post post-1302 post type-post status-publish format-standard has-post-thumbnail hentry category-contaminacion tag-residuoselectronicos p4-page-type-story\">\n            \n<div class=\"wp-block-columns is-layout-flex wp-container-core-columns-is-layout-9d6595d7 wp-block-columns-is-layout-flex\"><figure class=\"wp-block-post-featured-image\"><a href=\"https:\/\/www.greenpeace.org\/argentina\/story\/problemas\/contaminacion\/samsung-comunico-el-plan-de-reciclaje-de-los-celulares-defectuosos\/\" target=\"_self\"  ><img loading=\"lazy\" decoding=\"async\" width=\"540\" height=\"360\" src=\"https:\/\/www.greenpeace.org\/static\/planet4-argentina-stateless\/2019\/03\/26c91e44-samsung_cuerpo.jpg\" class=\"attachment-post-thumbnail size-post-thumbnail wp-post-image wp-stateless-item\" alt=\"Samsung comunic\u00f3 el plan de reciclaje de los celulares defectuosos\" style=\"object-fit:cover;\" srcset=\"https:\/\/www.greenpeace.org\/static\/planet4-argentina-stateless\/2019\/03\/26c91e44-samsung_cuerpo.jpg 540w, https:\/\/www.greenpeace.org\/static\/planet4-argentina-stateless\/2019\/03\/26c91e44-samsung_cuerpo-300x200.jpg 300w, https:\/\/www.greenpeace.org\/static\/planet4-argentina-stateless\/2019\/03\/26c91e44-samsung_cuerpo-510x340.jpg 510w\" sizes=\"auto, (max-width: 540px) 100vw, 540px\" data-image-size=\"post-thumbnail\" data-stateless-media-bucket=\"planet4-argentina-stateless\" data-stateless-media-name=\"2019\/03\/26c91e44-samsung_cuerpo.jpg\" \/><\/a><\/figure>\n\n        <div class=\"wp-block-group is-layout-flow wp-block-group-is-layout-flow\">\n        <div class=\"wp-block-group is-layout-flex wp-block-group-is-layout-flex\"><div class=\"wp-block-post-terms\"><a href=\"https:\/\/www.greenpeace.org\/argentina\/category\/problemas\/contaminacion\/\">Contaminaci\u00f3n<\/a><\/div>\n        \n        \n        <\/div>\n        \n        <h3 class=\"wp-block-post-title\"><a href=\"https:\/\/www.greenpeace.org\/argentina\/story\/problemas\/contaminacion\/samsung-comunico-el-plan-de-reciclaje-de-los-celulares-defectuosos\/\" target=\"_self\" >Samsung comunic\u00f3 el plan de reciclaje de los celulares defectuosos<\/a><\/h3>\n        <div class=\"wp-block-post-excerpt\"><p class=\"wp-block-post-excerpt__excerpt\">Samsung public\u00f3 hoy su plan para hacerse cargo de los 4.3 millones de dispositivos Galaxy Note 7 producidos y retirados del mercado debido a fallas en sus bater\u00edas. Esta victoria&hellip; <\/p><\/div>\n        \n        <div class=\"wp-block-group posts-list-meta is-layout-flow wp-block-group-is-layout-flow\"><span class='article-list-item-author'><a href='https:\/\/www.greenpeace.org\/argentina\/author\/lvazquez\/'>Editor<\/a><\/span>\n        <div class=\"wp-block-post-date\"><time datetime=\"2017-03-27T15:20:03-03:00\">27 marzo 2017<\/time><\/div>\n        \n        <\/div>\n        <\/div>\n        <\/div>\n\n            <\/li><li class=\"wp-block-post post-1306 post type-post status-publish format-standard has-post-thumbnail hentry category-contaminacion tag-residuoselectronicos p4-page-type-story\">\n            \n<div class=\"wp-block-columns is-layout-flex wp-container-core-columns-is-layout-9d6595d7 wp-block-columns-is-layout-flex\"><figure class=\"wp-block-post-featured-image\"><a href=\"https:\/\/www.greenpeace.org\/argentina\/story\/problemas\/contaminacion\/los-telefonos-celulares-provocan-un-gran-impacto-ambiental-advierte-un-nuevo-informe-de-greenpeace\/\" target=\"_self\"  ><img loading=\"lazy\" decoding=\"async\" width=\"540\" height=\"360\" src=\"https:\/\/www.greenpeace.org\/static\/planet4-argentina-stateless\/2019\/03\/24ce7b84-smart_cuerpo.jpg\" class=\"attachment-post-thumbnail size-post-thumbnail wp-post-image wp-stateless-item\" alt=\"Los tel\u00e9fonos celulares provocan un gran impacto ambiental, advierte un nuevo informe de Greenpeace\" style=\"object-fit:cover;\" srcset=\"https:\/\/www.greenpeace.org\/static\/planet4-argentina-stateless\/2019\/03\/24ce7b84-smart_cuerpo.jpg 540w, https:\/\/www.greenpeace.org\/static\/planet4-argentina-stateless\/2019\/03\/24ce7b84-smart_cuerpo-300x200.jpg 300w, https:\/\/www.greenpeace.org\/static\/planet4-argentina-stateless\/2019\/03\/24ce7b84-smart_cuerpo-510x340.jpg 510w\" sizes=\"auto, (max-width: 540px) 100vw, 540px\" data-image-size=\"post-thumbnail\" data-stateless-media-bucket=\"planet4-argentina-stateless\" data-stateless-media-name=\"2019\/03\/24ce7b84-smart_cuerpo.jpg\" \/><\/a><\/figure>\n\n        <div class=\"wp-block-group is-layout-flow wp-block-group-is-layout-flow\">\n        <div class=\"wp-block-group is-layout-flex wp-block-group-is-layout-flex\"><div class=\"wp-block-post-terms\"><a href=\"https:\/\/www.greenpeace.org\/argentina\/category\/problemas\/contaminacion\/\">Contaminaci\u00f3n<\/a><\/div>\n        \n        \n        <\/div>\n        \n        <h3 class=\"wp-block-post-title\"><a href=\"https:\/\/www.greenpeace.org\/argentina\/story\/problemas\/contaminacion\/los-telefonos-celulares-provocan-un-gran-impacto-ambiental-advierte-un-nuevo-informe-de-greenpeace\/\" target=\"_self\" >Los tel\u00e9fonos celulares provocan un gran impacto ambiental, advierte un nuevo informe de Greenpeace<\/a><\/h3>\n        <div class=\"wp-block-post-excerpt\"><p class=\"wp-block-post-excerpt__excerpt\">Los m\u00e9todos de producci\u00f3n y desecho de los tel\u00e9fonos inteligentes durante los \u00faltimos diez a\u00f1os han causado un gran impacto en nuestro planeta, seg\u00fan un informe que Greenpeace Estados Unidos&hellip; <\/p><\/div>\n        \n        <div class=\"wp-block-group posts-list-meta is-layout-flow wp-block-group-is-layout-flow\"><span class='article-list-item-author'><a href='https:\/\/www.greenpeace.org\/argentina\/author\/lvazquez\/'>Editor<\/a><\/span>\n        <div class=\"wp-block-post-date\"><time datetime=\"2017-02-26T15:24:41-03:00\">26 febrero 2017<\/time><\/div>\n        \n        <\/div>\n        <\/div>\n        <\/div>\n\n            <\/li><\/ul>\n\n    \n<div class=\"wp-block-buttons carousel-controls is-horizontal is-content-justification-space-between is-nowrap is-layout-flex wp-container-core-buttons-is-layout-044bd602 wp-block-buttons-is-layout-flex\">\n            <div class=\"wp-block-button carousel-control-prev\"><button type=\"button\" class=\"wp-block-button__link wp-element-button\">Prev<\/button><\/div>\n        \n\n            <div class=\"wp-block-button carousel-control-next\"><button type=\"button\" class=\"wp-block-button__link wp-element-button\">Next<\/button><\/div>\n        <\/div>\n\n\n    <li class=\" wp-block-navigation-item see-all-link wp-block-navigation-link\"><a class=\"wp-block-navigation-item__content\"  href=\"http:\/\/www.greenpeace.org\/argentina\/news-stories\/?tag=residuoselectronicos\"><span class=\"wp-block-navigation-item__label\">See all stories<\/span><\/a><\/li><\/div>\n    \n<h2 class=\"wp-block-heading\"> <\/h2>\n<div data-render=\"planet4-blocks\/happypoint\" data-attributes=\"{&quot;attributes&quot;:{&quot;focus_image&quot;:&quot;50% 50%&quot;,&quot;opacity&quot;:40,&quot;mailing_list_iframe&quot;:true,&quot;iframe_url&quot;:&quot;https:\\\/\\\/unite.greenpeace.org.ar\\\/happypoint\\\/&quot;,&quot;id&quot;:16,&quot;override_default_content&quot;:false,&quot;local_content_provider&quot;:&quot;none&quot;}}\"><\/div>","protected":false},"excerpt":{"rendered":"<p>El problema es que la mayor\u00eda de los desechos electr\u00f3nicos termina en rellenos sanitarios, basurales, o incluso incinerados (este m\u00e9todo es utilizado fuera de Latinoam\u00e9rica), a pesar de tener componentes que contaminan el agua subterr\u00e1nea y el aire, y otros que es posible recuperar para volver a utilizarlos. Los RAEE contienen sustancias qu\u00edmicas t\u00f3xicas y [&hellip;]<\/p>\n","protected":false},"author":19,"featured_media":1307,"parent":11,"menu_order":0,"comment_status":"closed","ping_status":"closed","template":"","meta":{"ep_exclude_from_search":false,"p4_hide_page_title_checkbox":"on","p4_title":"","p4_subtitle":"","p4_description":"","background_image_id":"","background_image":"","p4_button_title":"","p4_button_link":"","p4_button_link_checkbox":"","p4_og_title":"","p4_og_description":"","p4_og_image":"","p4_og_image_id":"","p4_seo_canonical_url":"","p4_campaign_name":"not set","p4_local_project":"not set","p4_basket_name":"not set","p4_department":"","footnotes":""},"categories":[4],"tags":[34],"class_list":["post-1296","page","type-page","status-publish","has-post-thumbnail","hentry","category-contaminacion","tag-residuoselectronicos"],"_links":{"self":[{"href":"https:\/\/www.greenpeace.org\/argentina\/wp-json\/wp\/v2\/pages\/1296","targetHints":{"allow":["GET"]}}],"collection":[{"href":"https:\/\/www.greenpeace.org\/argentina\/wp-json\/wp\/v2\/pages"}],"about":[{"href":"https:\/\/www.greenpeace.org\/argentina\/wp-json\/wp\/v2\/types\/page"}],"author":[{"embeddable":true,"href":"https:\/\/www.greenpeace.org\/argentina\/wp-json\/wp\/v2\/users\/19"}],"replies":[{"embeddable":true,"href":"https:\/\/www.greenpeace.org\/argentina\/wp-json\/wp\/v2\/comments?post=1296"}],"version-history":[{"count":20,"href":"https:\/\/www.greenpeace.org\/argentina\/wp-json\/wp\/v2\/pages\/1296\/revisions"}],"predecessor-version":[{"id":31809,"href":"https:\/\/www.greenpeace.org\/argentina\/wp-json\/wp\/v2\/pages\/1296\/revisions\/31809"}],"up":[{"embeddable":true,"href":"https:\/\/www.greenpeace.org\/argentina\/wp-json\/wp\/v2\/pages\/11"}],"wp:featuredmedia":[{"embeddable":true,"href":"https:\/\/www.greenpeace.org\/argentina\/wp-json\/wp\/v2\/media\/1307"}],"wp:attachment":[{"href":"https:\/\/www.greenpeace.org\/argentina\/wp-json\/wp\/v2\/media?parent=1296"}],"wp:term":[{"taxonomy":"category","embeddable":true,"href":"https:\/\/www.greenpeace.org\/argentina\/wp-json\/wp\/v2\/categories?post=1296"},{"taxonomy":"post_tag","embeddable":true,"href":"https:\/\/www.greenpeace.org\/argentina\/wp-json\/wp\/v2\/tags?post=1296"}],"curies":[{"name":"wp","href":"https:\/\/api.w.org\/{rel}","templated":true}]}}