{"id":1396,"date":"2019-03-29T10:16:21","date_gmt":"2019-03-29T13:16:21","guid":{"rendered":"https:\/\/www.greenpeace.org\/argentina\/?page_id=1396"},"modified":"2025-06-30T14:39:03","modified_gmt":"2025-06-30T17:39:03","slug":"no-permitas-que-las-salmoneras-envenenen-ushuaia","status":"publish","type":"page","link":"https:\/\/www.greenpeace.org\/argentina\/participa\/involucrate\/no-permitas-que-las-salmoneras-envenenen-ushuaia\/","title":{"rendered":"Victoria: Tierra del Fuego sin salmoneras"},"content":{"rendered":"\n\n<div class=\"wp-block-group alignfull is-layout-flow wp-block-group-is-layout-flow\">\n<div class=\"wp-block-group container is-layout-flow wp-block-group-is-layout-flow\">\n<div class=\"wp-block-media-text alignfull has-media-on-the-right is-stacked-on-mobile is-pattern-p4-page-header is-style-parallax\"><div class=\"wp-block-media-text__content\">\n<div class=\"wp-block-group is-layout-flow wp-block-group-is-layout-flow\">\n<h1 class=\"wp-block-heading has-white-background-color has-background\">\n                            Victoria: Tierra del Fuego sin salmoneras\n                        <\/h1>\n<\/div>\n<\/div><figure class=\"wp-block-media-text__media\"><img loading=\"lazy\" decoding=\"async\" width=\"1200\" height=\"465\" src=\"https:\/\/www.greenpeace.org\/static\/planet4-argentina-stateless\/2020\/04\/91fd3e60-jaulas.png\" alt=\"\" sizes=\"auto, (min-width: 601px) 50vw, 100vw\" srcset=\"https:\/\/www.greenpeace.org\/static\/planet4-argentina-stateless\/2020\/04\/91fd3e60-jaulas.png 1200w, https:\/\/www.greenpeace.org\/static\/planet4-argentina-stateless\/2020\/04\/91fd3e60-jaulas-300x116.png 300w, https:\/\/www.greenpeace.org\/static\/planet4-argentina-stateless\/2020\/04\/91fd3e60-jaulas-1024x397.png 1024w, https:\/\/www.greenpeace.org\/static\/planet4-argentina-stateless\/2020\/04\/91fd3e60-jaulas-768x298.png 768w, https:\/\/www.greenpeace.org\/static\/planet4-argentina-stateless\/2020\/04\/91fd3e60-jaulas-510x198.png 510w\" class=\"wp-image-4525 size-full\"\/><\/figure><\/div>\n<\/div>\n<\/div>\n\n\n<h2 class=\"wp-block-heading\"><\/h2>\n\n<p>El 30 de junio de 2021 fue un d\u00eda hist\u00f3rico. La Legislatura de Tierra del Fuego aprob\u00f3 de forma un\u00e1nime la ley que proh\u00edbe&nbsp;la instalaci\u00f3n de cualquier tipo de cultivo y producci\u00f3n de salmones en cautiverio en las aguas marinas y de lagos de la provincia. <\/p>\n\n<p>De esta manera,&nbsp;Argentina se convirti\u00f3 en el primer pa\u00eds&nbsp;del&nbsp;mundo&nbsp;que elige proteger sus ecosistemas diciendo&nbsp;No a la salmonicultura&nbsp;antes de que empiece a funcionar en su territorio.<\/p>\n\n<p>Organizaciones civiles y ambientales, cient\u00edficos, chefs, el sector tur\u00edstico, comunidades locales de Tierra del Fuego, y miles de personas comprometidas&nbsp;se unieron para defender el canal Beagle ante la amenaza de esta industria. Y demostraron que es posible alcanzar grandes resultados.<\/p>\n\n<p>Gracias a la aprobaci\u00f3n de la ley evitaremos que nuestro pa\u00eds sufra los desastres que la salmonicultura gener\u00f3 en<strong>&nbsp;<\/strong>Chile y en otros lugares.&nbsp;Adem\u00e1s, se proteger\u00e1 el agua, el fondo marino, a las especies aut\u00f3ctonas y la pesca artesanal.<strong>&nbsp;&nbsp;<\/strong><\/p>\n\n<figure class=\"wp-block-image size-large\"><img loading=\"lazy\" decoding=\"async\" width=\"1024\" height=\"683\" src=\"https:\/\/www.greenpeace.org\/static\/planet4-argentina-stateless\/2025\/05\/4f014a9a-ushuaia-sin-salmoneras-credito-martin-katz-greenpeace-7-1024x683.jpg\" alt=\"\" class=\"wp-image-29471\" srcset=\"https:\/\/www.greenpeace.org\/static\/planet4-argentina-stateless\/2025\/05\/4f014a9a-ushuaia-sin-salmoneras-credito-martin-katz-greenpeace-7-1024x683.jpg 1024w, https:\/\/www.greenpeace.org\/static\/planet4-argentina-stateless\/2025\/05\/4f014a9a-ushuaia-sin-salmoneras-credito-martin-katz-greenpeace-7-300x200.jpg 300w, https:\/\/www.greenpeace.org\/static\/planet4-argentina-stateless\/2025\/05\/4f014a9a-ushuaia-sin-salmoneras-credito-martin-katz-greenpeace-7-768x512.jpg 768w, https:\/\/www.greenpeace.org\/static\/planet4-argentina-stateless\/2025\/05\/4f014a9a-ushuaia-sin-salmoneras-credito-martin-katz-greenpeace-7-1536x1025.jpg 1536w, https:\/\/www.greenpeace.org\/static\/planet4-argentina-stateless\/2025\/05\/4f014a9a-ushuaia-sin-salmoneras-credito-martin-katz-greenpeace-7-2048x1366.jpg 2048w, https:\/\/www.greenpeace.org\/static\/planet4-argentina-stateless\/2025\/05\/4f014a9a-ushuaia-sin-salmoneras-credito-martin-katz-greenpeace-7-510x340.jpg 510w\" sizes=\"auto, (max-width: 1024px) 100vw, 1024px\" \/><\/figure>\n\n<p><span style=\"font-weight: 400;\">La producci\u00f3n del salm\u00f3n esconde una realidad que no se ve: salmones enjaulados, concentraci\u00f3n de heces, residuos pl\u00e1sticos<\/span><b>, <\/b><span style=\"font-weight: 400;\">fierros, redes, qu\u00edmicos, antibi\u00f3ticos<\/span> <span style=\"font-weight: 400;\">y miles de pescados muertos terminan en el mar. <\/span><\/p>\n\n<p><span style=\"font-weight: 400;\">Estos resultados son muy conocidos en Chile. Casi la totalidad del salm\u00f3n que se consume en Argentina llega desde all\u00ed, donde tambi\u00e9n es una especie ex\u00f3tica y crece en cautiverio, en las mismas jaulas que iban llegar a nuestro pa\u00eds. <\/span><\/p>\n\n<p><\/p>\n\n<p><strong>Estas son las 10 consecuencias principales de la industria del salm\u00f3n:<\/strong><\/p>\n\n<ul class=\"wp-block-list\">\n<li><span style=\"font-weight: 400;\">Contamina las aguas por la constante incorporaci\u00f3n de nutrientes<\/span>.<\/li>\n\n\n\n<li><span style=\"font-weight: 400;\">El elevado uso de antibi\u00f3ticos puede originar serias perturbaciones en todo el ecosistema, incluso afectar a cet\u00e1ceos como los delfines<\/span><\/li>\n\n\n\n<li><span style=\"font-weight: 400;\">Favorece las condiciones ideales para el desarrollo de marea roja<\/span>.<\/li>\n\n\n\n<li><span style=\"font-weight: 400;\">Afecta la biodiversidad local y la pesca artesanal (se estima que para producir 1 kilo de alimento para salmones se necesitan 3 kilos de otros peces)<\/span>.<\/li>\n\n\n\n<li><span style=\"font-weight: 400;\">Excede la capacidad de carga del ecosistema (hay un m\u00e1ximo n\u00famero de individuos que cada especie puede sostener sin disminuir los recursos naturales) lo cual genera crisis como la anemia infecciosa del salm\u00f3n (ISA) o masivas mortandades<\/span>.<\/li>\n\n\n\n<li><span style=\"font-weight: 400;\">La utilizaci\u00f3n de qu\u00edmicos para tratar el piojo del salm\u00f3n y el uso de colorantes<\/span>.<\/li>\n\n\n\n<li><span style=\"font-weight: 400;\">Devasta los fondos marinos (la contaminaci\u00f3n incluye desde antibi\u00f3ticos y alimentos, hasta heces, redes, fierros y restos de pl\u00e1sticos)<\/span>.<\/li>\n\n\n\n<li><span style=\"font-weight: 400;\">Los escapes de salmones amenazan la biodiversidad nativa<\/span>.<\/li>\n\n\n\n<li><span style=\"font-weight: 400;\">La interacci\u00f3n con otras especies que est\u00e1n alrededor de las jaulas (por ejemplo, lobos marinos) provoca incluso su muerte<\/span>.<\/li>\n\n\n\n<li><span style=\"font-weight: 400;\">Contamina los ecosistemas de r\u00edos y lagos donde se cr\u00edan los salmones juveniles (salmones en su etapa de \u00a8larva\u00a8) que luego son transportados hacia \u00e1reas marinas<\/span>.<\/li>\n<\/ul>\n\n<h3 class=\"wp-block-heading\"><b>Le\u00e9 m\u00e1s<\/b><\/h3>\n\n<p><a href=\"https:\/\/www.greenpeace.org\/argentina\/3-datos-que-tenes-que-saber-sobre-la-industria-del-salmon\/\"><b>3 datos que ten\u00e9s que saber sobre la industria del salm\u00f3n.<\/b><\/a><\/p>\n\n<p><a href=\"http:\/\/greenpeace.org.ar\/pdf\/salmones\/salmonicultura-TdF-Arg.pdf\"><strong>Documento de posici\u00f3n sobre la posible operaci\u00f3n de acuicultura de salm\u00f3nidos en Tierra del Fuego, Argentina. Foro para la Conservaci\u00f3n del Mar Patag\u00f3nico y \u00c1reas de Influencia (2018).<\/strong><\/a><\/p>\n\n<p><\/p>\n\n<h3 class=\"wp-block-heading\"><\/h3>\n\n<p><\/p>\n","protected":false},"excerpt":{"rendered":"<p>Greenpeace afirma que la cr\u00eda de salmones en enormes jaulas bajo el mar afecta los fondos marinos, la pesca artesanal y la fauna local.<\/p>\n","protected":false},"author":19,"featured_media":1395,"parent":11,"menu_order":0,"comment_status":"closed","ping_status":"closed","template":"","meta":{"ep_exclude_from_search":false,"p4_hide_page_title_checkbox":"on","p4_title":"","p4_subtitle":"","p4_description":"","background_image_id":"","background_image":"","p4_button_title":"","p4_button_link":"","p4_button_link_checkbox":"","p4_og_title":"Victoria: Tierra del Fuego sin salmoneras","p4_og_description":"Greenpeace afirma que la cr\u00eda de salmones en enormes jaulas bajo el mar afecta los fondos marinos, la pesca artesanal y la fauna local.","p4_og_image":"https:\/\/www.greenpeace.org\/static\/planet4-argentina-stateless\/2025\/05\/4f014a9a-ushuaia-sin-salmoneras-credito-martin-katz-greenpeace-7.jpg","p4_og_image_id":"29471","p4_seo_canonical_url":"","p4_campaign_name":"not set","p4_local_project":"not set","p4_basket_name":"not set","p4_department":"","footnotes":""},"categories":[17],"tags":[35],"class_list":["post-1396","page","type-page","status-publish","has-post-thumbnail","hentry","category-oceanos","tag-patagoniasinsalmoneras"],"_links":{"self":[{"href":"https:\/\/www.greenpeace.org\/argentina\/wp-json\/wp\/v2\/pages\/1396","targetHints":{"allow":["GET"]}}],"collection":[{"href":"https:\/\/www.greenpeace.org\/argentina\/wp-json\/wp\/v2\/pages"}],"about":[{"href":"https:\/\/www.greenpeace.org\/argentina\/wp-json\/wp\/v2\/types\/page"}],"author":[{"embeddable":true,"href":"https:\/\/www.greenpeace.org\/argentina\/wp-json\/wp\/v2\/users\/19"}],"replies":[{"embeddable":true,"href":"https:\/\/www.greenpeace.org\/argentina\/wp-json\/wp\/v2\/comments?post=1396"}],"version-history":[{"count":19,"href":"https:\/\/www.greenpeace.org\/argentina\/wp-json\/wp\/v2\/pages\/1396\/revisions"}],"predecessor-version":[{"id":30314,"href":"https:\/\/www.greenpeace.org\/argentina\/wp-json\/wp\/v2\/pages\/1396\/revisions\/30314"}],"up":[{"embeddable":true,"href":"https:\/\/www.greenpeace.org\/argentina\/wp-json\/wp\/v2\/pages\/11"}],"wp:featuredmedia":[{"embeddable":true,"href":"https:\/\/www.greenpeace.org\/argentina\/wp-json\/wp\/v2\/media\/1395"}],"wp:attachment":[{"href":"https:\/\/www.greenpeace.org\/argentina\/wp-json\/wp\/v2\/media?parent=1396"}],"wp:term":[{"taxonomy":"category","embeddable":true,"href":"https:\/\/www.greenpeace.org\/argentina\/wp-json\/wp\/v2\/categories?post=1396"},{"taxonomy":"post_tag","embeddable":true,"href":"https:\/\/www.greenpeace.org\/argentina\/wp-json\/wp\/v2\/tags?post=1396"}],"curies":[{"name":"wp","href":"https:\/\/api.w.org\/{rel}","templated":true}]}}