{"id":15211,"date":"2022-04-01T16:35:33","date_gmt":"2022-04-01T19:35:33","guid":{"rendered":"https:\/\/www.greenpeace.org\/argentina\/?page_id=15211"},"modified":"2024-03-26T08:36:00","modified_gmt":"2024-03-26T11:36:00","slug":"tutorial-para-registrarse-en-la-experiencia-arctic-sunrise","status":"publish","type":"page","link":"https:\/\/www.greenpeace.org\/argentina\/tutorial-para-registrarse-en-la-experiencia-arctic-sunrise\/","title":{"rendered":"Tutorial para registrarte en la Experiencia Arctic Sunrise"},"content":{"rendered":"\n                    <div class=\"wp-block-group is-vertical is-layout-flex wp-container-core-group-is-layout-8cf370e7 wp-block-group-is-layout-flex\">\n                    \n\n                    \n                    <\/div>\n                    \n<p><\/p>\n\n<h5 class=\"wp-block-heading\"><strong>1-Para poder anotarte deber\u00e1s ingresar primero a <a href=\"https:\/\/alpogo.com\/evento\/experiencia-arctic-sunrise-greenpeace-6449\">https:\/\/alpogo.com\/evento\/experiencia-arctic-sunrise-greenpeace-6449<\/a> . <\/strong><\/h5>\n\n<div class=\"wp-block-image\"><figure class=\"aligncenter size-full\"><img loading=\"lazy\" decoding=\"async\" width=\"740\" height=\"356\" src=\"https:\/\/www.greenpeace.org\/static\/planet4-argentina-stateless\/2022\/04\/6eef601e-header.png\" alt=\"\" class=\"wp-image-15232\" srcset=\"https:\/\/www.greenpeace.org\/static\/planet4-argentina-stateless\/2022\/04\/6eef601e-header.png 740w, https:\/\/www.greenpeace.org\/static\/planet4-argentina-stateless\/2022\/04\/6eef601e-header-300x144.png 300w, https:\/\/www.greenpeace.org\/static\/planet4-argentina-stateless\/2022\/04\/6eef601e-header-510x245.png 510w\" sizes=\"auto, (max-width: 740px) 100vw, 740px\" \/><\/figure><\/div>\n\n<h5 class=\"wp-block-heading\">2-<strong>Segu\u00ed las indicaciones de la p\u00e1gina para iniciar sesi\u00f3n <\/strong><a href=\"https:\/\/alpogo.com\/cuenta\/login\"><strong>https:\/\/alpogo.com\/cuenta\/login<\/strong><\/a><\/h5>\n\n<div class=\"wp-block-image\"><figure class=\"aligncenter size-full is-resized\"><img decoding=\"async\" src=\"https:\/\/www.greenpeace.org\/static\/planet4-argentina-stateless\/2022\/04\/31114e40-inicio.png\" alt=\"\" class=\"wp-image-15212\" width=\"-104\" height=\"-97\" srcset=\"https:\/\/www.greenpeace.org\/static\/planet4-argentina-stateless\/2022\/04\/31114e40-inicio.png 533w, https:\/\/www.greenpeace.org\/static\/planet4-argentina-stateless\/2022\/04\/31114e40-inicio-300x281.png 300w, https:\/\/www.greenpeace.org\/static\/planet4-argentina-stateless\/2022\/04\/31114e40-inicio-362x340.png 362w\" sizes=\"(max-width: 533px) 100vw, 533px\" \/><\/figure><\/div>\n\n<p><\/p>\n\n<h5 class=\"wp-block-heading\"><strong>3-Una vez que ingresaste volv\u00e9 a <\/strong><a href=\"https:\/\/alpogo.com\/evento\/experiencia-arctic-sunrise-greenpeace-6449\"><strong>https:\/\/alpogo.com\/evento\/experiencia-arctic-sunrise-greenpeace-6449<\/strong><\/a><\/h5>\n\n<h5 class=\"wp-block-heading\"><strong>y hac\u00e9 click en el bot\u00f3n verde OBTENER<\/strong><\/h5>\n\n<div class=\"wp-block-image\"><figure class=\"aligncenter size-full\"><img loading=\"lazy\" decoding=\"async\" width=\"429\" height=\"318\" src=\"https:\/\/www.greenpeace.org\/static\/planet4-argentina-stateless\/2022\/04\/ab865423-obtener.png\" alt=\"\" class=\"wp-image-15231\" srcset=\"https:\/\/www.greenpeace.org\/static\/planet4-argentina-stateless\/2022\/04\/ab865423-obtener.png 429w, https:\/\/www.greenpeace.org\/static\/planet4-argentina-stateless\/2022\/04\/ab865423-obtener-300x222.png 300w\" sizes=\"auto, (max-width: 429px) 100vw, 429px\" \/><\/figure><\/div>\n\n<h5 class=\"wp-block-heading\"><strong>3- Cada d\u00eda (S\u00e1bado y Domingo) tiene dos turnos (Ma\u00f1ana y Tarde). Podr\u00e1s elegir 1 d\u00eda para asistir.&nbsp;<\/strong> <\/h5>\n\n<h5 class=\"wp-block-heading\"><strong>En cuanto al horario si eleg\u00eds el \u201cturno Ma\u00f1ana\u201d (entre 10hs y 14hs) significa que entr\u00e1s en esa franja horaria y pod\u00e9s quedarte en la experiencia hasta la hora que desees<\/strong><\/h5>\n\n<h5 class=\"wp-block-heading\"><strong>Si eleg\u00eds el \u201cturno Tarde\u201d significa que entr\u00e1s en la experiencia despu\u00e9s de las 14hs y tambi\u00e9n pod\u00e9s quedarte el tiempo que quieras.<\/strong><\/h5>\n\n<div class=\"wp-block-image\"><figure class=\"aligncenter size-full\"><img loading=\"lazy\" decoding=\"async\" width=\"591\" height=\"272\" src=\"https:\/\/www.greenpeace.org\/static\/planet4-argentina-stateless\/2022\/04\/005e8668-funcionnn.png\" alt=\"\" class=\"wp-image-15223\" srcset=\"https:\/\/www.greenpeace.org\/static\/planet4-argentina-stateless\/2022\/04\/005e8668-funcionnn.png 591w, https:\/\/www.greenpeace.org\/static\/planet4-argentina-stateless\/2022\/04\/005e8668-funcionnn-300x138.png 300w, https:\/\/www.greenpeace.org\/static\/planet4-argentina-stateless\/2022\/04\/005e8668-funcionnn-510x235.png 510w\" sizes=\"auto, (max-width: 591px) 100vw, 591px\" \/><\/figure><\/div>\n\n<h5 class=\"wp-block-heading\"><strong>4- Una vez elegido el turno debes indicar si est\u00e1s asociado\/a a Greenpeace o no.&nbsp; Record\u00e1 que solo pod\u00e9s sacar 1 entrada por persona adulta (si te acompa\u00f1an menores no requieren entrada). Debes aceptar las condiciones de mayor\u00eda de edad y pase sanitario para obtenerlas.<\/strong><\/h5>\n\n<div class=\"wp-block-image\"><figure class=\"aligncenter size-full\"><img loading=\"lazy\" decoding=\"async\" width=\"625\" height=\"379\" src=\"https:\/\/www.greenpeace.org\/static\/planet4-argentina-stateless\/2022\/04\/501c8116-socios.png\" alt=\"\" class=\"wp-image-15217\" srcset=\"https:\/\/www.greenpeace.org\/static\/planet4-argentina-stateless\/2022\/04\/501c8116-socios.png 625w, https:\/\/www.greenpeace.org\/static\/planet4-argentina-stateless\/2022\/04\/501c8116-socios-300x182.png 300w, https:\/\/www.greenpeace.org\/static\/planet4-argentina-stateless\/2022\/04\/501c8116-socios-510x309.png 510w\" sizes=\"auto, (max-width: 625px) 100vw, 625px\" \/><\/figure><\/div>\n\n<h5 class=\"wp-block-heading\"><strong>5- Dado que AlPogo.com es una ticketera online aparece un mensaje predeterminado  que menciona un pago, pero no te asustes, el registro y evento es totalmente gratuito. Nada se debitar\u00e1 de ninguna tarjeta<\/strong><\/h5>\n\n<div class=\"wp-block-image\"><figure class=\"aligncenter size-full is-resized\"><img loading=\"lazy\" decoding=\"async\" src=\"https:\/\/www.greenpeace.org\/static\/planet4-argentina-stateless\/2022\/04\/42e551be-registro.png\" alt=\"\" class=\"wp-image-15228\" width=\"310\" height=\"328\" srcset=\"https:\/\/www.greenpeace.org\/static\/planet4-argentina-stateless\/2022\/04\/42e551be-registro.png 437w, https:\/\/www.greenpeace.org\/static\/planet4-argentina-stateless\/2022\/04\/42e551be-registro-283x300.png 283w, https:\/\/www.greenpeace.org\/static\/planet4-argentina-stateless\/2022\/04\/42e551be-registro-321x340.png 321w\" sizes=\"auto, (max-width: 310px) 100vw, 310px\" \/><\/figure><\/div>\n\n<h5 class=\"wp-block-heading\">6-<strong> Ahora ya se gener\u00f3 un ticket online. <\/strong><\/h5>\n\n<h5 class=\"wp-block-heading\"><strong>Hac\u00e9 click en \u201cver ticket\u201d y luego en \u201cver online\u201d o \u201cdescargar\u201d. <\/strong><\/h5>\n\n<div class=\"wp-block-image\"><figure class=\"aligncenter size-full\"><img loading=\"lazy\" decoding=\"async\" width=\"701\" height=\"442\" src=\"https:\/\/www.greenpeace.org\/static\/planet4-argentina-stateless\/2022\/04\/472e64e7-tickertss.png\" alt=\"\" class=\"wp-image-15218\" srcset=\"https:\/\/www.greenpeace.org\/static\/planet4-argentina-stateless\/2022\/04\/472e64e7-tickertss.png 701w, https:\/\/www.greenpeace.org\/static\/planet4-argentina-stateless\/2022\/04\/472e64e7-tickertss-300x189.png 300w, https:\/\/www.greenpeace.org\/static\/planet4-argentina-stateless\/2022\/04\/472e64e7-tickertss-510x322.png 510w\" sizes=\"auto, (max-width: 701px) 100vw, 701px\" \/><\/figure><\/div>\n\n<h5 class=\"wp-block-heading\">7- <strong>Se abrir\u00e1 un documento pdf con el c\u00f3digo QR. Ten\u00e9 bien guardado ese c\u00f3digo (hacele una captura de pantalla) porque con \u00e9l vas a poder acceder al evento. Llevalo en tu celular o impreso. Record\u00e1 que es individual e intransferible.<\/strong><\/h5>\n\n<div class=\"wp-block-image\"><figure class=\"aligncenter size-large is-resized\"><img loading=\"lazy\" decoding=\"async\" src=\"https:\/\/www.greenpeace.org\/static\/planet4-argentina-stateless\/2022\/04\/d2bf273c-codigoo-1024x455.png\" alt=\"\" class=\"wp-image-15219\" width=\"422\" height=\"187\" srcset=\"https:\/\/www.greenpeace.org\/static\/planet4-argentina-stateless\/2022\/04\/d2bf273c-codigoo-1024x455.png 1024w, https:\/\/www.greenpeace.org\/static\/planet4-argentina-stateless\/2022\/04\/d2bf273c-codigoo-300x133.png 300w, https:\/\/www.greenpeace.org\/static\/planet4-argentina-stateless\/2022\/04\/d2bf273c-codigoo-768x341.png 768w, https:\/\/www.greenpeace.org\/static\/planet4-argentina-stateless\/2022\/04\/d2bf273c-codigoo-510x226.png 510w, https:\/\/www.greenpeace.org\/static\/planet4-argentina-stateless\/2022\/04\/d2bf273c-codigoo.png 1034w\" sizes=\"auto, (max-width: 422px) 100vw, 422px\" \/><\/figure><\/div>\n\n<p><\/p>\n\n<h2 class=\"has-text-align-center wp-block-heading\"><strong>Y listo!<\/strong> <strong>Ten\u00e9 siempre en cuenta las<a href=\"https:\/\/www.greenpeace.org\/argentina\/experiencia-arctic-sunrise\/#:~:text=INFORMACI%C3%93N%20IMPORTANTE%3A\"> recomendaciones para asistir al evento<\/a><\/strong><\/h2>\n\n<h2 class=\"has-text-align-center wp-block-heading\"><strong>\u00a1Nos vemos pronto!<\/strong><\/h2>\n","protected":false},"excerpt":{"rendered":"<p>1-Para poder anotarte deber\u00e1s ingresar primero a https:\/\/alpogo.com\/evento\/experiencia-arctic-sunrise-greenpeace-6449 . 2-Segu\u00ed las indicaciones de la p\u00e1gina para iniciar sesi\u00f3n https:\/\/alpogo.com\/cuenta\/login 3-Una vez que ingresaste volv\u00e9 a https:\/\/alpogo.com\/evento\/experiencia-arctic-sunrise-greenpeace-6449 y hac\u00e9 click en el bot\u00f3n verde OBTENER 3- Cada d\u00eda (S\u00e1bado y Domingo) tiene dos turnos (Ma\u00f1ana y Tarde). Podr\u00e1s elegir 1 d\u00eda para asistir.&nbsp; En cuanto al [&hellip;]<\/p>\n","protected":false},"author":21,"featured_media":0,"parent":0,"menu_order":0,"comment_status":"closed","ping_status":"closed","template":"","meta":{"ep_exclude_from_search":false,"p4_hide_page_title_checkbox":"","p4_title":"","p4_subtitle":"","p4_description":"","background_image_id":"","background_image":"","p4_button_title":"","p4_button_link":"","p4_button_link_checkbox":"","p4_og_title":"","p4_og_description":"","p4_og_image":"","p4_og_image_id":"","p4_seo_canonical_url":"","p4_campaign_name":"not set","p4_local_project":"not set","p4_basket_name":"not set","p4_department":"","footnotes":""},"categories":[],"tags":[],"class_list":["post-15211","page","type-page","status-publish","hentry"],"_links":{"self":[{"href":"https:\/\/www.greenpeace.org\/argentina\/wp-json\/wp\/v2\/pages\/15211","targetHints":{"allow":["GET"]}}],"collection":[{"href":"https:\/\/www.greenpeace.org\/argentina\/wp-json\/wp\/v2\/pages"}],"about":[{"href":"https:\/\/www.greenpeace.org\/argentina\/wp-json\/wp\/v2\/types\/page"}],"author":[{"embeddable":true,"href":"https:\/\/www.greenpeace.org\/argentina\/wp-json\/wp\/v2\/users\/21"}],"replies":[{"embeddable":true,"href":"https:\/\/www.greenpeace.org\/argentina\/wp-json\/wp\/v2\/comments?post=15211"}],"version-history":[{"count":10,"href":"https:\/\/www.greenpeace.org\/argentina\/wp-json\/wp\/v2\/pages\/15211\/revisions"}],"predecessor-version":[{"id":23433,"href":"https:\/\/www.greenpeace.org\/argentina\/wp-json\/wp\/v2\/pages\/15211\/revisions\/23433"}],"wp:attachment":[{"href":"https:\/\/www.greenpeace.org\/argentina\/wp-json\/wp\/v2\/media?parent=15211"}],"wp:term":[{"taxonomy":"category","embeddable":true,"href":"https:\/\/www.greenpeace.org\/argentina\/wp-json\/wp\/v2\/categories?post=15211"},{"taxonomy":"post_tag","embeddable":true,"href":"https:\/\/www.greenpeace.org\/argentina\/wp-json\/wp\/v2\/tags?post=15211"}],"curies":[{"name":"wp","href":"https:\/\/api.w.org\/{rel}","templated":true}]}}