{"id":20109,"date":"2023-06-27T15:50:23","date_gmt":"2023-06-27T18:50:23","guid":{"rendered":"https:\/\/www.greenpeace.org\/argentina\/?page_id=20109"},"modified":"2025-07-07T11:50:41","modified_gmt":"2025-07-07T14:50:41","slug":"participa","status":"publish","type":"page","link":"https:\/\/www.greenpeace.org\/argentina\/participa\/","title":{"rendered":"Particip\u00e1"},"content":{"rendered":"\n<div class=\"wp-block-media-text alignfull has-media-on-the-right is-stacked-on-mobile is-vertically-aligned-top is-image-fill-element is-pattern-p4-page-header is-style-default has-white-background-color has-background\"><div class=\"wp-block-media-text__content\">\n<div class=\"wp-block-group is-layout-flow wp-block-group-is-layout-flow\">\n<h1 class=\"wp-block-heading has-blue-green-800-color has-white-background-color has-text-color has-background\">Particip\u00e1 <br>\u00a1Vos pod\u00e9s hacer mucho!<\/h1>\n<\/div>\n\n\n\n<p class=\"has-text-align-left\">No es necesario que subas a uno de nuestros barcos o te cuelgues de un edificio desplegando un cartel para ayudarnos en nuestro trabajo en favor del medio ambiente. Desde tu hogar, desde la calle, en grupo, en la escuela, en la universidad, con Internet, pod\u00e9s ser parte activa de nuestros reclamos.<\/p>\n\n\n\n<p>\u00bfQuer\u00e9s empezar? Conoc\u00e9 tus opciones.<\/p>\n<\/div><figure class=\"wp-block-media-text__media\"><img loading=\"lazy\" decoding=\"async\" width=\"1024\" height=\"683\" src=\"https:\/\/www.greenpeace.org\/static\/planet4-argentina-stateless\/2022\/01\/e0d88b1d-gpa-marcha-no-exploracion-caba-credito-lucia-prieto-4-1024x683.jpg\" alt=\"\" sizes=\"auto, (min-width: 601px) 50vw, 100vw\" srcset=\"https:\/\/www.greenpeace.org\/static\/planet4-argentina-stateless\/2022\/01\/e0d88b1d-gpa-marcha-no-exploracion-caba-credito-lucia-prieto-4.jpg 2500w, https:\/\/www.greenpeace.org\/static\/planet4-argentina-stateless\/2022\/01\/e0d88b1d-gpa-marcha-no-exploracion-caba-credito-lucia-prieto-4-300x200.jpg 300w, https:\/\/www.greenpeace.org\/static\/planet4-argentina-stateless\/2022\/01\/e0d88b1d-gpa-marcha-no-exploracion-caba-credito-lucia-prieto-4-1024x683.jpg 1024w, https:\/\/www.greenpeace.org\/static\/planet4-argentina-stateless\/2022\/01\/e0d88b1d-gpa-marcha-no-exploracion-caba-credito-lucia-prieto-4-768x512.jpg 768w, https:\/\/www.greenpeace.org\/static\/planet4-argentina-stateless\/2022\/01\/e0d88b1d-gpa-marcha-no-exploracion-caba-credito-lucia-prieto-4-1536x1024.jpg 1536w, https:\/\/www.greenpeace.org\/static\/planet4-argentina-stateless\/2022\/01\/e0d88b1d-gpa-marcha-no-exploracion-caba-credito-lucia-prieto-4-2048x1366.jpg 2048w, https:\/\/www.greenpeace.org\/static\/planet4-argentina-stateless\/2022\/01\/e0d88b1d-gpa-marcha-no-exploracion-caba-credito-lucia-prieto-4-510x340.jpg 510w\" class=\"wp-image-14079 size-full\" style=\"object-position:46% 39%\"\/><\/figure><\/div>\n\n<div style=\"height:60px\" aria-hidden=\"true\" class=\"wp-block-spacer\"><\/div>\n\n<h2 class=\"wp-block-heading\">Formas en las que pod\u00e9s ser parte de Greenpeace<\/h2>\n\n<div class=\"wp-block-media-text alignwide is-stacked-on-mobile is-vertically-aligned-top is-image-fill-element\" style=\"grid-template-columns:36% auto\"><figure class=\"wp-block-media-text__media\"><img loading=\"lazy\" decoding=\"async\" width=\"1024\" height=\"683\" src=\"https:\/\/www.greenpeace.org\/static\/planet4-argentina-stateless\/2022\/09\/d98292d7-gpa-accion-humedales-ba-martin-katz-greenpeace-2-1024x683.jpg\" alt=\"\" sizes=\"auto, (min-width: 1600px) calc((1320px - 24px) \/ 2.7778),(min-width: 1200px) calc((1140px - 24px) \/ 2.7778),(min-width: 992px) calc((960px - 24px) \/ 2.7778),(min-width: 768px) calc((720px - 24px) \/ 2.7778),(min-width: 601px) calc((540px - 24px) \/ 2.7778),(min-width: 577px) calc((540px - 24px) \/ 1), calc(100vw - 24px)\" srcset=\"https:\/\/www.greenpeace.org\/static\/planet4-argentina-stateless\/2022\/09\/d98292d7-gpa-accion-humedales-ba-martin-katz-greenpeace-2-scaled.jpg 2560w, https:\/\/www.greenpeace.org\/static\/planet4-argentina-stateless\/2022\/09\/d98292d7-gpa-accion-humedales-ba-martin-katz-greenpeace-2-300x200.jpg 300w, https:\/\/www.greenpeace.org\/static\/planet4-argentina-stateless\/2022\/09\/d98292d7-gpa-accion-humedales-ba-martin-katz-greenpeace-2-1024x683.jpg 1024w, https:\/\/www.greenpeace.org\/static\/planet4-argentina-stateless\/2022\/09\/d98292d7-gpa-accion-humedales-ba-martin-katz-greenpeace-2-768x513.jpg 768w, https:\/\/www.greenpeace.org\/static\/planet4-argentina-stateless\/2022\/09\/d98292d7-gpa-accion-humedales-ba-martin-katz-greenpeace-2-1536x1025.jpg 1536w, https:\/\/www.greenpeace.org\/static\/planet4-argentina-stateless\/2022\/09\/d98292d7-gpa-accion-humedales-ba-martin-katz-greenpeace-2-2048x1366.jpg 2048w, https:\/\/www.greenpeace.org\/static\/planet4-argentina-stateless\/2022\/09\/d98292d7-gpa-accion-humedales-ba-martin-katz-greenpeace-2-510x340.jpg 510w\" class=\"wp-image-16809 size-full\" style=\"object-position:53% 81%\"\/><\/figure><div class=\"wp-block-media-text__content\">\n<h2 class=\"wp-block-heading\">Online: particip\u00e1 y apoyanos firmando las peticiones de nuestras campa\u00f1as<\/h2>\n\n\n\n<p>\u00a1Tu apoyo es de gran valor para realizar los reclamos y propuestas!<\/p>\n\n\n\n<div class=\"wp-block-buttons is-layout-flex wp-block-buttons-is-layout-flex\">\n<div class=\"wp-block-button\"><a class=\"wp-block-button__link wp-element-button\" href=\"https:\/\/www.greenpeace.org\/argentina\/campanas\/\">Conoc\u00e9 las peticiones y firm\u00e1<\/a><\/div>\n<\/div>\n<\/div><\/div>\n\n<div style=\"height:60px\" aria-hidden=\"true\" class=\"wp-block-spacer\"><\/div>\n\n<div class=\"wp-block-columns is-layout-flex wp-container-core-columns-is-layout-9d6595d7 wp-block-columns-is-layout-flex\">\n<div class=\"wp-block-column is-layout-flow wp-block-column-is-layout-flow\">\n<div class=\"wp-block-media-text alignwide is-stacked-on-mobile is-vertically-aligned-top is-image-fill-element\" style=\"grid-template-columns:36% auto\"><figure class=\"wp-block-media-text__media\"><img loading=\"lazy\" decoding=\"async\" width=\"1024\" height=\"683\" src=\"https:\/\/www.greenpeace.org\/static\/planet4-argentina-stateless\/2023\/06\/0a3b3007-open-boat-domingo-17-credito-camila-tortarolo-greenpeace-3-1024x683-1.jpg\" alt=\"\" sizes=\"auto, (min-width: 1600px) calc((1320px - 24px) \/ 2.7778),(min-width: 1200px) calc((1140px - 24px) \/ 2.7778),(min-width: 992px) calc((960px - 24px) \/ 2.7778),(min-width: 768px) calc((720px - 24px) \/ 2.7778),(min-width: 601px) calc((540px - 24px) \/ 2.7778),(min-width: 577px) calc((540px - 24px) \/ 1), calc(100vw - 24px)\" srcset=\"https:\/\/www.greenpeace.org\/static\/planet4-argentina-stateless\/2023\/06\/0a3b3007-open-boat-domingo-17-credito-camila-tortarolo-greenpeace-3-1024x683-1.jpg 1024w, https:\/\/www.greenpeace.org\/static\/planet4-argentina-stateless\/2023\/06\/0a3b3007-open-boat-domingo-17-credito-camila-tortarolo-greenpeace-3-1024x683-1-300x200.jpg 300w, https:\/\/www.greenpeace.org\/static\/planet4-argentina-stateless\/2023\/06\/0a3b3007-open-boat-domingo-17-credito-camila-tortarolo-greenpeace-3-1024x683-1-768x512.jpg 768w, https:\/\/www.greenpeace.org\/static\/planet4-argentina-stateless\/2023\/06\/0a3b3007-open-boat-domingo-17-credito-camila-tortarolo-greenpeace-3-1024x683-1-510x340.jpg 510w\" class=\"wp-image-20237 size-full\" style=\"object-position:50% 50%\"\/><\/figure><div class=\"wp-block-media-text__content\">\n<h2 class=\"wp-block-heading\">Form\u00e1 parte: pod\u00e9s sumarte al grupo de voluntariado<\/h2>\n\n\n\n<p>Si quer\u00e9s integrar el equipo de voluntariado, realizar acciones y ser parte del grupo que trabaja para cuidar nuestro planeta: \u00a1te estamos esperando!<\/p>\n\n\n\n<div class=\"wp-block-buttons is-layout-flex wp-block-buttons-is-layout-flex\">\n<div class=\"wp-block-button\"><a class=\"wp-block-button__link wp-element-button\" href=\"https:\/\/www.greenpeace.org\/argentina\/participa\/voluntariado\/\">Sumate al voluntariado<\/a><\/div>\n<\/div>\n<\/div><\/div>\n<\/div>\n<\/div>\n\n<div style=\"height:60px\" aria-hidden=\"true\" class=\"wp-block-spacer\"><\/div>\n\n<div class=\"wp-block-media-text alignwide is-stacked-on-mobile is-vertically-aligned-top is-image-fill-element\" style=\"grid-template-columns:36% auto\"><figure class=\"wp-block-media-text__media\"><img loading=\"lazy\" decoding=\"async\" width=\"674\" height=\"435\" src=\"https:\/\/www.greenpeace.org\/static\/planet4-argentina-stateless\/2023\/06\/fc8cacd8-image.png\" alt=\"\" sizes=\"auto, (min-width: 1600px) calc((1320px - 24px) \/ 2.7778),(min-width: 1200px) calc((1140px - 24px) \/ 2.7778),(min-width: 992px) calc((960px - 24px) \/ 2.7778),(min-width: 768px) calc((720px - 24px) \/ 2.7778),(min-width: 601px) calc((540px - 24px) \/ 2.7778),(min-width: 577px) calc((540px - 24px) \/ 1), calc(100vw - 24px)\" srcset=\"https:\/\/www.greenpeace.org\/static\/planet4-argentina-stateless\/2023\/06\/fc8cacd8-image.png 674w, https:\/\/www.greenpeace.org\/static\/planet4-argentina-stateless\/2023\/06\/fc8cacd8-image-300x194.png 300w, https:\/\/www.greenpeace.org\/static\/planet4-argentina-stateless\/2023\/06\/fc8cacd8-image-510x329.png 510w\" class=\"wp-image-20238 size-full\" style=\"object-position:58% 53%\"\/><\/figure><div class=\"wp-block-media-text__content\">\n<h2 class=\"wp-block-heading\">Don\u00e1 para poder llevar adelante nuestras campa\u00f1as y seguir luchando por el cuidado de nuestro planeta<\/h2>\n\n\n\n<p>Greenpeace es una organizaci\u00f3n independiente que se financia con la ayuda de particulares, no recibimos colaboraci\u00f3n de parte de ning\u00fan partido pol\u00edtico, empresa ni gobierno. Pod\u00e9s aportar mensualmente o por \u00fanica vez. <\/p>\n\n\n\n<div class=\"wp-block-buttons is-layout-flex wp-block-buttons-is-layout-flex\">\n<div class=\"wp-block-button\"><a class=\"wp-block-button__link wp-element-button\" href=\"https:\/\/www.greenpeace.org\/argentina\/participa\/asociate\/\">Don\u00e1 ahora<\/a><\/div>\n<\/div>\n<\/div><\/div>\n\n<div style=\"height:60px\" aria-hidden=\"true\" class=\"wp-block-spacer\"><\/div>\n\n\n<div class=\"wp-block-group container is-layout-flow wp-block-group-is-layout-flow\">\n<div class=\"wp-block-group container is-layout-flow wp-block-group-is-layout-flow\">\n<h4 class=\"wp-block-heading has-text-align-center\" style=\"font-size:30px\">Explor\u00e1 los temas en los que trabajamos <\/h4>\n\n\n\n<div style=\"height:1px\" aria-hidden=\"true\" class=\"wp-block-spacer\"><\/div>\n\n\n\n<div class=\"wp-block-columns is-layout-flex wp-container-core-columns-is-layout-9d6595d7 wp-block-columns-is-layout-flex\">\n<div class=\"wp-block-column is-layout-flow wp-block-column-is-layout-flow\">\n<div class=\"wp-block-group group-stretched-link is-layout-flow wp-block-group-is-layout-flow\">\n<figure class=\"wp-block-image aligncenter size-large is-resized force-no-lightbox force-no-caption is-style-rounded-180\"><a href=\"https:\/\/www.greenpeace.org\/argentina\/campanas\/oceanos\/\"><img loading=\"lazy\" decoding=\"async\" width=\"1024\" height=\"1024\" src=\"https:\/\/www.greenpeace.org\/static\/planet4-argentina-stateless\/2023\/07\/5e421284-1_oceans-1-1024x1024.png\" alt=\"\" class=\"wp-image-20656\" srcset=\"https:\/\/www.greenpeace.org\/static\/planet4-argentina-stateless\/2023\/07\/5e421284-1_oceans-1-1024x1024.png 1024w, https:\/\/www.greenpeace.org\/static\/planet4-argentina-stateless\/2023\/07\/5e421284-1_oceans-1-300x300.png 300w, https:\/\/www.greenpeace.org\/static\/planet4-argentina-stateless\/2023\/07\/5e421284-1_oceans-1-150x150.png 150w, https:\/\/www.greenpeace.org\/static\/planet4-argentina-stateless\/2023\/07\/5e421284-1_oceans-1-768x769.png 768w, https:\/\/www.greenpeace.org\/static\/planet4-argentina-stateless\/2023\/07\/5e421284-1_oceans-1-340x340.png 340w, https:\/\/www.greenpeace.org\/static\/planet4-argentina-stateless\/2023\/07\/5e421284-1_oceans-1.png 1250w\" sizes=\"auto, (max-width: 1024px) 100vw, 1024px\" \/><\/a><\/figure>\n\n\n\n<h5 class=\"wp-block-heading has-text-align-center is-style-default has-medium-font-size\"><a href=\"https:\/\/www.greenpeace.org\/argentina\/campanas\/oceanos\/\">Oc\u00e9anos<\/a><\/h5>\n\n\n\n<div style=\"height:16px\" aria-hidden=\"true\" class=\"wp-block-spacer\"><\/div>\n<\/div>\n<\/div>\n\n\n\n<div class=\"wp-block-column is-layout-flow wp-block-column-is-layout-flow\">\n<div class=\"wp-block-group group-stretched-link is-layout-flow wp-block-group-is-layout-flow\">\n<figure class=\"wp-block-image aligncenter size-large is-resized force-no-lightbox force-no-caption is-style-rounded-180\"><a href=\"https:\/\/www.greenpeace.org\/argentina\/campanas\/bosques\/\"><img loading=\"lazy\" decoding=\"async\" width=\"1024\" height=\"1024\" src=\"https:\/\/www.greenpeace.org\/static\/planet4-argentina-stateless\/2023\/07\/4c2c6a14-15_world_forests-1-1024x1024.png\" alt=\"\" class=\"wp-image-20658\" srcset=\"https:\/\/www.greenpeace.org\/static\/planet4-argentina-stateless\/2023\/07\/4c2c6a14-15_world_forests-1-1024x1024.png 1024w, https:\/\/www.greenpeace.org\/static\/planet4-argentina-stateless\/2023\/07\/4c2c6a14-15_world_forests-1-300x300.png 300w, https:\/\/www.greenpeace.org\/static\/planet4-argentina-stateless\/2023\/07\/4c2c6a14-15_world_forests-1-150x150.png 150w, https:\/\/www.greenpeace.org\/static\/planet4-argentina-stateless\/2023\/07\/4c2c6a14-15_world_forests-1-768x769.png 768w, https:\/\/www.greenpeace.org\/static\/planet4-argentina-stateless\/2023\/07\/4c2c6a14-15_world_forests-1-340x340.png 340w, https:\/\/www.greenpeace.org\/static\/planet4-argentina-stateless\/2023\/07\/4c2c6a14-15_world_forests-1.png 1250w\" sizes=\"auto, (max-width: 1024px) 100vw, 1024px\" \/><\/a><\/figure>\n\n\n\n<h5 class=\"wp-block-heading has-text-align-center is-style-default has-medium-font-size\"><a href=\"https:\/\/www.greenpeace.org\/argentina\/campanas\/bosques\/\">Bosques<\/a><\/h5>\n\n\n\n<div style=\"height:16px\" aria-hidden=\"true\" class=\"wp-block-spacer\"><\/div>\n<\/div>\n<\/div>\n\n\n\n<div class=\"wp-block-column is-layout-flow wp-block-column-is-layout-flow\">\n<div class=\"wp-block-group group-stretched-link is-layout-flow wp-block-group-is-layout-flow\">\n<figure class=\"wp-block-image aligncenter size-large is-resized force-no-lightbox force-no-caption is-style-rounded-180\"><a href=\"https:\/\/www.greenpeace.org\/argentina\/campanas\/climayenergia\"><img loading=\"lazy\" decoding=\"async\" width=\"1024\" height=\"1024\" src=\"https:\/\/www.greenpeace.org\/static\/planet4-argentina-stateless\/2023\/07\/740981a0-7_climate_justice-1-1024x1024.png\" alt=\"\" class=\"wp-image-20660\" srcset=\"https:\/\/www.greenpeace.org\/static\/planet4-argentina-stateless\/2023\/07\/740981a0-7_climate_justice-1-1024x1024.png 1024w, https:\/\/www.greenpeace.org\/static\/planet4-argentina-stateless\/2023\/07\/740981a0-7_climate_justice-1-300x300.png 300w, https:\/\/www.greenpeace.org\/static\/planet4-argentina-stateless\/2023\/07\/740981a0-7_climate_justice-1-150x150.png 150w, https:\/\/www.greenpeace.org\/static\/planet4-argentina-stateless\/2023\/07\/740981a0-7_climate_justice-1-768x769.png 768w, https:\/\/www.greenpeace.org\/static\/planet4-argentina-stateless\/2023\/07\/740981a0-7_climate_justice-1-340x340.png 340w, https:\/\/www.greenpeace.org\/static\/planet4-argentina-stateless\/2023\/07\/740981a0-7_climate_justice-1.png 1250w\" sizes=\"auto, (max-width: 1024px) 100vw, 1024px\" \/><\/a><\/figure>\n\n\n\n<h5 class=\"wp-block-heading has-text-align-center is-style-default has-medium-font-size\"><a href=\"https:\/\/www.greenpeace.org\/argentina\/campanas\/climayenergia\">Clima y energ\u00eda<\/a><\/h5>\n\n\n\n<div style=\"height:16px\" aria-hidden=\"true\" class=\"wp-block-spacer\"><\/div>\n<\/div>\n<\/div>\n\n\n\n<div class=\"wp-block-column has-yellow-background-color has-background is-layout-flow wp-block-column-is-layout-flow\">\n<div class=\"wp-block-group group-stretched-link is-layout-flow wp-block-group-is-layout-flow\">\n<figure class=\"wp-block-image aligncenter size-large is-resized force-no-lightbox force-no-caption is-style-rounded-180\"><a href=\"https:\/\/www.greenpeace.org\/argentina\/campanas\/sustentabilidad\/\"><img loading=\"lazy\" decoding=\"async\" width=\"1024\" height=\"1024\" src=\"https:\/\/www.greenpeace.org\/static\/planet4-argentina-stateless\/2023\/07\/16e4813f-22_sustainable_finance-1-1024x1024.png\" alt=\"\" class=\"wp-image-20661\" srcset=\"https:\/\/www.greenpeace.org\/static\/planet4-argentina-stateless\/2023\/07\/16e4813f-22_sustainable_finance-1-1024x1024.png 1024w, https:\/\/www.greenpeace.org\/static\/planet4-argentina-stateless\/2023\/07\/16e4813f-22_sustainable_finance-1-300x300.png 300w, https:\/\/www.greenpeace.org\/static\/planet4-argentina-stateless\/2023\/07\/16e4813f-22_sustainable_finance-1-150x150.png 150w, https:\/\/www.greenpeace.org\/static\/planet4-argentina-stateless\/2023\/07\/16e4813f-22_sustainable_finance-1-768x769.png 768w, https:\/\/www.greenpeace.org\/static\/planet4-argentina-stateless\/2023\/07\/16e4813f-22_sustainable_finance-1-340x340.png 340w, https:\/\/www.greenpeace.org\/static\/planet4-argentina-stateless\/2023\/07\/16e4813f-22_sustainable_finance-1.png 1250w\" sizes=\"auto, (max-width: 1024px) 100vw, 1024px\" \/><\/a><\/figure>\n\n\n\n<h5 class=\"wp-block-heading has-text-align-center is-style-default has-medium-font-size\"><a href=\"https:\/\/www.greenpeace.org\/argentina\/campanas\/sustentabilidad\/\">Sustentabilidad<\/a><\/h5>\n\n\n\n<div style=\"height:16px\" aria-hidden=\"true\" class=\"wp-block-spacer\"><\/div>\n<\/div>\n<\/div>\n\n\n\n<div class=\"wp-block-column has-grey-500-background-color has-background is-layout-flow wp-block-column-is-layout-flow\">\n<div class=\"wp-block-group group-stretched-link is-layout-flow wp-block-group-is-layout-flow\">\n<figure class=\"wp-block-image aligncenter size-large is-resized force-no-lightbox force-no-caption is-style-rounded-180\"><a href=\"https:\/\/www.greenpeace.org\/argentina\/campanas\/contaminacion\/\"><img loading=\"lazy\" decoding=\"async\" width=\"1024\" height=\"1024\" src=\"https:\/\/www.greenpeace.org\/static\/planet4-argentina-stateless\/2023\/07\/2df337aa-12_co2-1-1024x1024.png\" alt=\"\" class=\"wp-image-20659\" srcset=\"https:\/\/www.greenpeace.org\/static\/planet4-argentina-stateless\/2023\/07\/2df337aa-12_co2-1-1024x1024.png 1024w, https:\/\/www.greenpeace.org\/static\/planet4-argentina-stateless\/2023\/07\/2df337aa-12_co2-1-300x300.png 300w, https:\/\/www.greenpeace.org\/static\/planet4-argentina-stateless\/2023\/07\/2df337aa-12_co2-1-150x150.png 150w, https:\/\/www.greenpeace.org\/static\/planet4-argentina-stateless\/2023\/07\/2df337aa-12_co2-1-768x769.png 768w, https:\/\/www.greenpeace.org\/static\/planet4-argentina-stateless\/2023\/07\/2df337aa-12_co2-1-340x340.png 340w, https:\/\/www.greenpeace.org\/static\/planet4-argentina-stateless\/2023\/07\/2df337aa-12_co2-1.png 1250w\" sizes=\"auto, (max-width: 1024px) 100vw, 1024px\" \/><\/a><\/figure>\n\n\n\n<h5 class=\"wp-block-heading has-text-align-center is-style-default has-medium-font-size\"><a href=\"https:\/\/www.greenpeace.org\/argentina\/campanas\/contaminacion\/\">Contaminaci\u00f3n<\/a><\/h5>\n\n\n\n<div style=\"height:16px\" aria-hidden=\"true\" class=\"wp-block-spacer\"><\/div>\n<\/div>\n<\/div>\n<\/div>\n<\/div>\n<\/div>\n\n","protected":false},"excerpt":{"rendered":"<p>Desde tu hogar, desde la calle, en grupo, en la escuela, en la universidad, con Internet, pod\u00e9s ser parte activa de nuestros reclamos<\/p>\n","protected":false},"author":55,"featured_media":14079,"parent":0,"menu_order":0,"comment_status":"closed","ping_status":"closed","template":"","meta":{"ep_exclude_from_search":false,"p4_hide_page_title_checkbox":"on","p4_title":"","p4_subtitle":"","p4_description":"","background_image_id":"","background_image":"","p4_button_title":"","p4_button_link":"","p4_button_link_checkbox":"","p4_og_title":"","p4_og_description":"","p4_og_image":"","p4_og_image_id":"","p4_seo_canonical_url":"","p4_campaign_name":"not set","p4_local_project":"not set","p4_basket_name":"not set","p4_department":"","footnotes":""},"categories":[],"tags":[],"class_list":["post-20109","page","type-page","status-publish","has-post-thumbnail","hentry"],"_links":{"self":[{"href":"https:\/\/www.greenpeace.org\/argentina\/wp-json\/wp\/v2\/pages\/20109","targetHints":{"allow":["GET"]}}],"collection":[{"href":"https:\/\/www.greenpeace.org\/argentina\/wp-json\/wp\/v2\/pages"}],"about":[{"href":"https:\/\/www.greenpeace.org\/argentina\/wp-json\/wp\/v2\/types\/page"}],"author":[{"embeddable":true,"href":"https:\/\/www.greenpeace.org\/argentina\/wp-json\/wp\/v2\/users\/55"}],"replies":[{"embeddable":true,"href":"https:\/\/www.greenpeace.org\/argentina\/wp-json\/wp\/v2\/comments?post=20109"}],"version-history":[{"count":20,"href":"https:\/\/www.greenpeace.org\/argentina\/wp-json\/wp\/v2\/pages\/20109\/revisions"}],"predecessor-version":[{"id":30925,"href":"https:\/\/www.greenpeace.org\/argentina\/wp-json\/wp\/v2\/pages\/20109\/revisions\/30925"}],"wp:featuredmedia":[{"embeddable":true,"href":"https:\/\/www.greenpeace.org\/argentina\/wp-json\/wp\/v2\/media\/14079"}],"wp:attachment":[{"href":"https:\/\/www.greenpeace.org\/argentina\/wp-json\/wp\/v2\/media?parent=20109"}],"wp:term":[{"taxonomy":"category","embeddable":true,"href":"https:\/\/www.greenpeace.org\/argentina\/wp-json\/wp\/v2\/categories?post=20109"},{"taxonomy":"post_tag","embeddable":true,"href":"https:\/\/www.greenpeace.org\/argentina\/wp-json\/wp\/v2\/tags?post=20109"}],"curies":[{"name":"wp","href":"https:\/\/api.w.org\/{rel}","templated":true}]}}