{"id":21123,"date":"2023-08-28T12:17:39","date_gmt":"2023-08-28T15:17:39","guid":{"rendered":"https:\/\/www.greenpeace.org\/argentina\/?page_id=21123"},"modified":"2025-07-02T04:27:52","modified_gmt":"2025-07-02T07:27:52","slug":"imagenes","status":"publish","type":"page","link":"https:\/\/www.greenpeace.org\/argentina\/campanas-ganadas\/imagenes\/","title":{"rendered":"Ley de Bosques: un recorrido hist\u00f3rico"},"content":{"rendered":"\n                    <div class=\"wp-block-group is-vertical is-layout-flex wp-container-core-group-is-layout-8cf370e7 wp-block-group-is-layout-flex\">\n                    \n\n                    \n                    <\/div>\n                    \n<div class=\"wp-block-media-text alignfull has-media-on-the-right is-stacked-on-mobile is-pattern-p4-page-header\"><div class=\"wp-block-media-text__content\">\n<div class=\"wp-block-group is-layout-flow wp-block-group-is-layout-flow\">\n<h1 class=\"wp-block-heading has-blue-green-800-color has-white-background-color has-text-color has-background\" style=\"font-style:normal;font-weight:400\">Ley de Bosques: un recorrido hist\u00f3rico<\/h1>\n<\/div>\n\n\n\n<p style=\"font-size:1.25rem\">Compartimos im\u00e1genes que acompa\u00f1aron la formulaci\u00f3n de la Ley de Bosques. En cada campa\u00f1a contamos con el apoyo de personas voluntarias, donantes para financiar acciones y firmantes de peticiones. <br>\u00a1Gracias por tu apoyo!<\/p>\n<\/div><figure class=\"wp-block-media-text__media\"><img loading=\"lazy\" decoding=\"async\" width=\"1024\" height=\"683\" src=\"https:\/\/www.greenpeace.org\/static\/planet4-argentina-stateless\/2023\/08\/a7c465ab-2012-la-angostura-credito-martin-katz-greenpeace-2-1024x683.jpg\" alt=\"\" sizes=\"auto, (min-width: 601px) 50vw, 100vw\" srcset=\"https:\/\/www.greenpeace.org\/static\/planet4-argentina-stateless\/2023\/08\/a7c465ab-2012-la-angostura-credito-martin-katz-greenpeace-2.jpg 2500w, https:\/\/www.greenpeace.org\/static\/planet4-argentina-stateless\/2023\/08\/a7c465ab-2012-la-angostura-credito-martin-katz-greenpeace-2-300x200.jpg 300w, https:\/\/www.greenpeace.org\/static\/planet4-argentina-stateless\/2023\/08\/a7c465ab-2012-la-angostura-credito-martin-katz-greenpeace-2-1024x683.jpg 1024w, https:\/\/www.greenpeace.org\/static\/planet4-argentina-stateless\/2023\/08\/a7c465ab-2012-la-angostura-credito-martin-katz-greenpeace-2-768x512.jpg 768w, https:\/\/www.greenpeace.org\/static\/planet4-argentina-stateless\/2023\/08\/a7c465ab-2012-la-angostura-credito-martin-katz-greenpeace-2-1536x1024.jpg 1536w, https:\/\/www.greenpeace.org\/static\/planet4-argentina-stateless\/2023\/08\/a7c465ab-2012-la-angostura-credito-martin-katz-greenpeace-2-2048x1366.jpg 2048w, https:\/\/www.greenpeace.org\/static\/planet4-argentina-stateless\/2023\/08\/a7c465ab-2012-la-angostura-credito-martin-katz-greenpeace-2-510x340.jpg 510w\" class=\"wp-image-21087 size-full\"\/><\/figure><\/div>\n<div data-hydrate=\"planet4-blocks\/gallery\" data-attributes=\"{&quot;attributes&quot;:{&quot;gallery_block_style&quot;:0,&quot;gallery_block_title&quot;:&quot;&quot;,&quot;gallery_block_description&quot;:&quot;&quot;,&quot;multiple_image&quot;:&quot;&quot;,&quot;gallery_block_focus_points&quot;:&quot;&quot;,&quot;image_data&quot;:[],&quot;images&quot;:[]}}\"><section class=\"block gallery-grid is-style-grid\"><header><h2 class=\"page-section-header\">Recorr\u00e9 la galer\u00eda<\/h2><\/header><p class=\"page-section-description\">A continuaci\u00f3n encontrar\u00e1s una selecci\u00f3n de im\u00e1genes que ilustran nuestra lucha como organizaci\u00f3n.<\/p><\/section><\/div>\n<div style=\"height:60px\" aria-hidden=\"true\" class=\"wp-block-spacer\"><\/div>\n\n\n<div class=\"wp-block-group container is-layout-flow wp-block-group-is-layout-flow\">\n<div class=\"wp-block-group container is-layout-flow wp-block-group-is-layout-flow\">\n<h3 class=\"wp-block-heading has-text-align-center has-large-font-size\">Explor\u00e1 los temas en los que trabajamos <\/h3>\n\n\n\n<div style=\"height:1px\" aria-hidden=\"true\" class=\"wp-block-spacer\"><\/div>\n\n\n\n<div class=\"wp-block-columns is-layout-flex wp-container-core-columns-is-layout-9d6595d7 wp-block-columns-is-layout-flex\">\n<div class=\"wp-block-column is-layout-flow wp-block-column-is-layout-flow\">\n<div class=\"wp-block-group group-stretched-link is-layout-flow wp-block-group-is-layout-flow\">\n<figure class=\"wp-block-image aligncenter size-large is-resized force-no-lightbox force-no-caption is-style-rounded-180\"><a href=\"https:\/\/www.greenpeace.org\/argentina\/campanas\/oceanos\/\"><img loading=\"lazy\" decoding=\"async\" src=\"https:\/\/www.greenpeace.org\/static\/planet4-argentina-stateless\/2023\/07\/5e421284-1_oceans-1-1024x1024.png\" alt=\"\" class=\"wp-image-20656\" width=\"180\" height=\"180\" srcset=\"https:\/\/www.greenpeace.org\/static\/planet4-argentina-stateless\/2023\/07\/5e421284-1_oceans-1-1024x1024.png 1024w, https:\/\/www.greenpeace.org\/static\/planet4-argentina-stateless\/2023\/07\/5e421284-1_oceans-1-300x300.png 300w, https:\/\/www.greenpeace.org\/static\/planet4-argentina-stateless\/2023\/07\/5e421284-1_oceans-1-150x150.png 150w, https:\/\/www.greenpeace.org\/static\/planet4-argentina-stateless\/2023\/07\/5e421284-1_oceans-1-768x769.png 768w, https:\/\/www.greenpeace.org\/static\/planet4-argentina-stateless\/2023\/07\/5e421284-1_oceans-1-340x340.png 340w, https:\/\/www.greenpeace.org\/static\/planet4-argentina-stateless\/2023\/07\/5e421284-1_oceans-1.png 1250w\" sizes=\"auto, (max-width: 180px) 100vw, 180px\" \/><\/a><\/figure>\n\n\n\n<h5 class=\"wp-block-heading has-text-align-center is-style-default has-medium-font-size\"><a href=\"https:\/\/www.greenpeace.org\/argentina\/campanas\/oceanos\/\">Oc\u00e9anos<\/a><\/h5>\n\n\n\n<div style=\"height:16px\" aria-hidden=\"true\" class=\"wp-block-spacer\"><\/div>\n<\/div>\n<\/div>\n\n\n\n<div class=\"wp-block-column is-layout-flow wp-block-column-is-layout-flow\">\n<div class=\"wp-block-group group-stretched-link is-layout-flow wp-block-group-is-layout-flow\">\n<figure class=\"wp-block-image aligncenter size-large is-resized force-no-lightbox force-no-caption is-style-rounded-180\"><a href=\"https:\/\/www.greenpeace.org\/argentina\/campanas\/bosques\/\"><img loading=\"lazy\" decoding=\"async\" src=\"https:\/\/www.greenpeace.org\/static\/planet4-argentina-stateless\/2023\/07\/4c2c6a14-15_world_forests-1-1024x1024.png\" alt=\"\" class=\"wp-image-20658\" width=\"180\" height=\"180\" srcset=\"https:\/\/www.greenpeace.org\/static\/planet4-argentina-stateless\/2023\/07\/4c2c6a14-15_world_forests-1-1024x1024.png 1024w, https:\/\/www.greenpeace.org\/static\/planet4-argentina-stateless\/2023\/07\/4c2c6a14-15_world_forests-1-300x300.png 300w, https:\/\/www.greenpeace.org\/static\/planet4-argentina-stateless\/2023\/07\/4c2c6a14-15_world_forests-1-150x150.png 150w, https:\/\/www.greenpeace.org\/static\/planet4-argentina-stateless\/2023\/07\/4c2c6a14-15_world_forests-1-768x769.png 768w, https:\/\/www.greenpeace.org\/static\/planet4-argentina-stateless\/2023\/07\/4c2c6a14-15_world_forests-1-340x340.png 340w, https:\/\/www.greenpeace.org\/static\/planet4-argentina-stateless\/2023\/07\/4c2c6a14-15_world_forests-1.png 1250w\" sizes=\"auto, (max-width: 180px) 100vw, 180px\" \/><\/a><\/figure>\n\n\n\n<h5 class=\"wp-block-heading has-text-align-center is-style-default has-medium-font-size\"><a href=\"https:\/\/www.greenpeace.org\/argentina\/campanas\/bosques\/\">Bosques<\/a><\/h5>\n\n\n\n<div style=\"height:16px\" aria-hidden=\"true\" class=\"wp-block-spacer\"><\/div>\n<\/div>\n<\/div>\n\n\n\n<div class=\"wp-block-column is-layout-flow wp-block-column-is-layout-flow\">\n<div class=\"wp-block-group group-stretched-link is-layout-flow wp-block-group-is-layout-flow\">\n<figure class=\"wp-block-image aligncenter size-large is-resized force-no-lightbox force-no-caption is-style-rounded-180\"><a href=\"https:\/\/www.greenpeace.org\/argentina\/campanas\/climayenergia\"><img loading=\"lazy\" decoding=\"async\" src=\"https:\/\/www.greenpeace.org\/static\/planet4-argentina-stateless\/2023\/07\/740981a0-7_climate_justice-1-1024x1024.png\" alt=\"\" class=\"wp-image-20660\" width=\"180\" height=\"180\" srcset=\"https:\/\/www.greenpeace.org\/static\/planet4-argentina-stateless\/2023\/07\/740981a0-7_climate_justice-1-1024x1024.png 1024w, https:\/\/www.greenpeace.org\/static\/planet4-argentina-stateless\/2023\/07\/740981a0-7_climate_justice-1-300x300.png 300w, https:\/\/www.greenpeace.org\/static\/planet4-argentina-stateless\/2023\/07\/740981a0-7_climate_justice-1-150x150.png 150w, https:\/\/www.greenpeace.org\/static\/planet4-argentina-stateless\/2023\/07\/740981a0-7_climate_justice-1-768x769.png 768w, https:\/\/www.greenpeace.org\/static\/planet4-argentina-stateless\/2023\/07\/740981a0-7_climate_justice-1-340x340.png 340w, https:\/\/www.greenpeace.org\/static\/planet4-argentina-stateless\/2023\/07\/740981a0-7_climate_justice-1.png 1250w\" sizes=\"auto, (max-width: 180px) 100vw, 180px\" \/><\/a><\/figure>\n\n\n\n<h5 class=\"wp-block-heading has-text-align-center is-style-default has-medium-font-size\"><a href=\"https:\/\/www.greenpeace.org\/argentina\/campanas\/climayenergia\">Clima y energ\u00eda<\/a><\/h5>\n\n\n\n<div style=\"height:16px\" aria-hidden=\"true\" class=\"wp-block-spacer\"><\/div>\n<\/div>\n<\/div>\n\n\n\n<div class=\"wp-block-column has-yellow-background-color has-background is-layout-flow wp-block-column-is-layout-flow\">\n<div class=\"wp-block-group group-stretched-link is-layout-flow wp-block-group-is-layout-flow\">\n<figure class=\"wp-block-image aligncenter size-large is-resized force-no-lightbox force-no-caption is-style-rounded-180\"><a href=\"https:\/\/www.greenpeace.org\/argentina\/campanas\/sustentabilidad\/\"><img loading=\"lazy\" decoding=\"async\" src=\"https:\/\/www.greenpeace.org\/static\/planet4-argentina-stateless\/2023\/07\/16e4813f-22_sustainable_finance-1-1024x1024.png\" alt=\"\" class=\"wp-image-20661\" width=\"180\" height=\"180\" srcset=\"https:\/\/www.greenpeace.org\/static\/planet4-argentina-stateless\/2023\/07\/16e4813f-22_sustainable_finance-1-1024x1024.png 1024w, https:\/\/www.greenpeace.org\/static\/planet4-argentina-stateless\/2023\/07\/16e4813f-22_sustainable_finance-1-300x300.png 300w, https:\/\/www.greenpeace.org\/static\/planet4-argentina-stateless\/2023\/07\/16e4813f-22_sustainable_finance-1-150x150.png 150w, https:\/\/www.greenpeace.org\/static\/planet4-argentina-stateless\/2023\/07\/16e4813f-22_sustainable_finance-1-768x769.png 768w, https:\/\/www.greenpeace.org\/static\/planet4-argentina-stateless\/2023\/07\/16e4813f-22_sustainable_finance-1-340x340.png 340w, https:\/\/www.greenpeace.org\/static\/planet4-argentina-stateless\/2023\/07\/16e4813f-22_sustainable_finance-1.png 1250w\" sizes=\"auto, (max-width: 180px) 100vw, 180px\" \/><\/a><\/figure>\n\n\n\n<h5 class=\"wp-block-heading has-text-align-center is-style-default has-medium-font-size\"><a href=\"https:\/\/www.greenpeace.org\/argentina\/campanas\/sustentabilidad\/\">Sustentabilidad<\/a><\/h5>\n\n\n\n<div style=\"height:16px\" aria-hidden=\"true\" class=\"wp-block-spacer\"><\/div>\n<\/div>\n<\/div>\n\n\n\n<div class=\"wp-block-column has-grey-500-background-color has-background is-layout-flow wp-block-column-is-layout-flow\">\n<div class=\"wp-block-group group-stretched-link is-layout-flow wp-block-group-is-layout-flow\">\n<figure class=\"wp-block-image aligncenter size-large is-resized force-no-lightbox force-no-caption is-style-rounded-180\"><a href=\"https:\/\/www.greenpeace.org\/argentina\/campanas\/contaminacion\/\"><img loading=\"lazy\" decoding=\"async\" src=\"https:\/\/www.greenpeace.org\/static\/planet4-argentina-stateless\/2023\/07\/2df337aa-12_co2-1-1024x1024.png\" alt=\"\" class=\"wp-image-20659\" width=\"180\" height=\"180\" srcset=\"https:\/\/www.greenpeace.org\/static\/planet4-argentina-stateless\/2023\/07\/2df337aa-12_co2-1-1024x1024.png 1024w, https:\/\/www.greenpeace.org\/static\/planet4-argentina-stateless\/2023\/07\/2df337aa-12_co2-1-300x300.png 300w, https:\/\/www.greenpeace.org\/static\/planet4-argentina-stateless\/2023\/07\/2df337aa-12_co2-1-150x150.png 150w, https:\/\/www.greenpeace.org\/static\/planet4-argentina-stateless\/2023\/07\/2df337aa-12_co2-1-768x769.png 768w, https:\/\/www.greenpeace.org\/static\/planet4-argentina-stateless\/2023\/07\/2df337aa-12_co2-1-340x340.png 340w, https:\/\/www.greenpeace.org\/static\/planet4-argentina-stateless\/2023\/07\/2df337aa-12_co2-1.png 1250w\" sizes=\"auto, (max-width: 180px) 100vw, 180px\" \/><\/a><\/figure>\n\n\n\n<h5 class=\"wp-block-heading has-text-align-center is-style-default has-medium-font-size\"><a href=\"https:\/\/www.greenpeace.org\/argentina\/campanas\/contaminacion\/\">Contaminaci\u00f3n<\/a><\/h5>\n\n\n\n<div style=\"height:16px\" aria-hidden=\"true\" class=\"wp-block-spacer\"><\/div>\n<\/div>\n<\/div>\n<\/div>\n<\/div>\n<\/div>\n\n","protected":false},"excerpt":{"rendered":"<p>Compartimos im\u00e1genes que acompa\u00f1aron la formulaci\u00f3n de la Ley de Bosques.<br \/>\n\u00a1Gracias por tu apoyo!<\/p>\n","protected":false},"author":55,"featured_media":21087,"parent":20826,"menu_order":0,"comment_status":"closed","ping_status":"closed","template":"","meta":{"ep_exclude_from_search":false,"p4_hide_page_title_checkbox":"on","p4_title":"","p4_subtitle":"","p4_description":"","background_image_id":"","background_image":"","p4_button_title":"","p4_button_link":"","p4_button_link_checkbox":"","p4_og_title":"Ley de Bosques","p4_og_description":"","p4_og_image":"","p4_og_image_id":"","p4_seo_canonical_url":"","p4_campaign_name":"","p4_local_project":"","p4_basket_name":"","p4_department":"","footnotes":""},"categories":[],"tags":[],"class_list":["post-21123","page","type-page","status-publish","has-post-thumbnail","hentry"],"_links":{"self":[{"href":"https:\/\/www.greenpeace.org\/argentina\/wp-json\/wp\/v2\/pages\/21123","targetHints":{"allow":["GET"]}}],"collection":[{"href":"https:\/\/www.greenpeace.org\/argentina\/wp-json\/wp\/v2\/pages"}],"about":[{"href":"https:\/\/www.greenpeace.org\/argentina\/wp-json\/wp\/v2\/types\/page"}],"author":[{"embeddable":true,"href":"https:\/\/www.greenpeace.org\/argentina\/wp-json\/wp\/v2\/users\/55"}],"replies":[{"embeddable":true,"href":"https:\/\/www.greenpeace.org\/argentina\/wp-json\/wp\/v2\/comments?post=21123"}],"version-history":[{"count":20,"href":"https:\/\/www.greenpeace.org\/argentina\/wp-json\/wp\/v2\/pages\/21123\/revisions"}],"predecessor-version":[{"id":30418,"href":"https:\/\/www.greenpeace.org\/argentina\/wp-json\/wp\/v2\/pages\/21123\/revisions\/30418"}],"up":[{"embeddable":true,"href":"https:\/\/www.greenpeace.org\/argentina\/wp-json\/wp\/v2\/pages\/20826"}],"wp:featuredmedia":[{"embeddable":true,"href":"https:\/\/www.greenpeace.org\/argentina\/wp-json\/wp\/v2\/media\/21087"}],"wp:attachment":[{"href":"https:\/\/www.greenpeace.org\/argentina\/wp-json\/wp\/v2\/media?parent=21123"}],"wp:term":[{"taxonomy":"category","embeddable":true,"href":"https:\/\/www.greenpeace.org\/argentina\/wp-json\/wp\/v2\/categories?post=21123"},{"taxonomy":"post_tag","embeddable":true,"href":"https:\/\/www.greenpeace.org\/argentina\/wp-json\/wp\/v2\/tags?post=21123"}],"curies":[{"name":"wp","href":"https:\/\/api.w.org\/{rel}","templated":true}]}}