{"id":2629,"date":"2019-10-09T17:05:58","date_gmt":"2019-10-09T20:05:58","guid":{"rendered":"https:\/\/www.greenpeace.org\/argentina\/importacionderesiduos\/"},"modified":"2026-04-08T05:36:23","modified_gmt":"2026-04-08T08:36:23","slug":"importacionderesiduos","status":"publish","type":"page","link":"https:\/\/www.greenpeace.org\/argentina\/importacionderesiduos\/","title":{"rendered":"#Importaci\u00f3nDeResiduos"},"content":{"rendered":"\n        <div class=\"wp-block-query actions-list p4-query-loop is-custom-layout-actions-list is-custom-layout-grid is-layout-grid wp-container-core-query-is-layout-29f43435 wp-block-query-is-layout-grid\"><h2 class=\"wp-block-heading\">\u00bfQu\u00e9 pod\u00e9s hacer?<\/h2>\n        <p style=\"margin-top: 24px; margin-bottom: 32px;\">Queremos que participes porque juntos somos fuertes.<\/p>\n        <div class=\"wp-block-query-no-results\">\n        <p >No posts found.<\/p>\n        <\/div>\n        \n        \n<div class=\"wp-block-buttons carousel-controls is-horizontal is-content-justification-space-between is-nowrap is-layout-flex wp-container-core-buttons-is-layout-044bd602 wp-block-buttons-is-layout-flex\">\n            <div class=\"wp-block-button carousel-control-prev\"><button type=\"button\" class=\"wp-block-button__link wp-element-button\">Prev<\/button><\/div>\n        \n\n            <div class=\"wp-block-button carousel-control-next\"><button type=\"button\" class=\"wp-block-button__link wp-element-button\">Next<\/button><\/div>\n        <\/div>\n\n        \n<div class=\"wp-block-buttons load-more-actions-container is-content-justification-center is-layout-flex wp-container-core-buttons-is-layout-16018d1d wp-block-buttons-is-layout-flex\">\n                <div class=\"wp-block-button is-style-secondary\"><button type=\"button\" class=\"wp-block-button__link wp-element-button\">Mostrar m\u00e1s<\/button><\/div>\n            \n<\/div>\n<\/div>\n        \n    <div class=\"wp-block-query posts-list p4-query-loop is-custom-layout-list is-layout-flow wp-block-query-is-layout-flow\">\n        <div class=\"wp-block-group is-content-justification-space-between is-layout-flex wp-container-core-group-is-layout-3d213aab wp-block-group-is-layout-flex\"><h2 class=\"wp-block-heading\">Related Articles<\/h2>\n        <li class=\" wp-block-navigation-item see-all-link wp-block-navigation-link\"><a class=\"wp-block-navigation-item__content\"  href=\"http:\/\/www.greenpeace.org\/argentina\/news-stories\/?tag=importacionderesiduos\"><span class=\"wp-block-navigation-item__label\">See all stories<\/span><\/a><\/li>\n        \n        <\/div>\n        \n\n    <p style=\"margin-top: 24px; margin-bottom: 36px;\"><\/p>\n\n    \n\n    <ul class=\"wp-block-post-template is-layout-flow wp-block-post-template-is-layout-flow\"><li class=\"wp-block-post post-17442 post type-post status-publish format-standard has-post-thumbnail hentry category-contaminacion tag-importacionderesiduos p4-page-type-blog\">\n            \n<div class=\"wp-block-columns is-layout-flex wp-container-core-columns-is-layout-9d6595d7 wp-block-columns-is-layout-flex\"><figure class=\"wp-block-post-featured-image\"><a href=\"https:\/\/www.greenpeace.org\/argentina\/blog\/problemas\/contaminacion\/la-basura-plastica-que-nadie-quiere-termina-en-america-latina\/\" target=\"_self\"  ><img loading=\"lazy\" decoding=\"async\" width=\"1200\" height=\"800\" src=\"https:\/\/www.greenpeace.org\/static\/planet4-argentina-stateless\/2022\/11\/974ef0c9-gp0stsqbc_medium_res_with_credit_line.jpg\" class=\"attachment-post-thumbnail size-post-thumbnail wp-post-image wp-stateless-item\" alt=\"La basura pl\u00e1stica que nadie quiere termina en Latinoam\u00e9rica\" style=\"object-fit:cover;\" srcset=\"https:\/\/www.greenpeace.org\/static\/planet4-argentina-stateless\/2022\/11\/974ef0c9-gp0stsqbc_medium_res_with_credit_line.jpg 1200w, https:\/\/www.greenpeace.org\/static\/planet4-argentina-stateless\/2022\/11\/974ef0c9-gp0stsqbc_medium_res_with_credit_line-300x200.jpg 300w, https:\/\/www.greenpeace.org\/static\/planet4-argentina-stateless\/2022\/11\/974ef0c9-gp0stsqbc_medium_res_with_credit_line-1024x683.jpg 1024w, https:\/\/www.greenpeace.org\/static\/planet4-argentina-stateless\/2022\/11\/974ef0c9-gp0stsqbc_medium_res_with_credit_line-768x512.jpg 768w, https:\/\/www.greenpeace.org\/static\/planet4-argentina-stateless\/2022\/11\/974ef0c9-gp0stsqbc_medium_res_with_credit_line-510x340.jpg 510w\" sizes=\"auto, (max-width: 1200px) 100vw, 1200px\" data-image-size=\"post-thumbnail\" data-stateless-media-bucket=\"planet4-argentina-stateless\" data-stateless-media-name=\"2022\/11\/974ef0c9-gp0stsqbc_medium_res_with_credit_line.jpg\" \/><\/a><\/figure>\n\n        <div class=\"wp-block-group is-layout-flow wp-block-group-is-layout-flow\">\n        <div class=\"wp-block-group is-layout-flex wp-block-group-is-layout-flex\"><div class=\"wp-block-post-terms\"><a href=\"https:\/\/www.greenpeace.org\/argentina\/category\/problemas\/contaminacion\/\">Contaminaci\u00f3n<\/a><\/div>\n        \n        \n        <\/div>\n        \n        <h3 class=\"wp-block-post-title\"><a href=\"https:\/\/www.greenpeace.org\/argentina\/blog\/problemas\/contaminacion\/la-basura-plastica-que-nadie-quiere-termina-en-america-latina\/\" target=\"_self\" >La basura pl\u00e1stica que nadie quiere termina en Latinoam\u00e9rica<\/a><\/h3>\n        <div class=\"wp-block-post-excerpt\"><p class=\"wp-block-post-excerpt__excerpt\">Los pa\u00edses desarrollados exportan sus residuos pl\u00e1sticos con el pretexto de que se reciclar\u00e1 una vez en su nuevo destino. Pero eso rara vez ocurre. M\u00e9xico, Chile y Colombia entre los que m\u00e1s basura reciben. <\/p><\/div>\n        \n        <div class=\"wp-block-group posts-list-meta is-layout-flow wp-block-group-is-layout-flow\"><span class='article-list-item-author'><a href='https:\/\/www.greenpeace.org\/argentina\/author\/meri\/'>Meri Castro<\/a><\/span>\n        <div class=\"wp-block-post-date\"><time datetime=\"2022-12-26T15:08:44-03:00\">26 diciembre 2022<\/time><\/div>\n        \n        <\/div>\n        <\/div>\n        <\/div>\n\n            <\/li><li class=\"wp-block-post post-4018 post type-post status-publish format-standard has-post-thumbnail hentry category-contaminacion category-greenpeace tag-importacionderesiduos p4-page-type-story\">\n            \n<div class=\"wp-block-columns is-layout-flex wp-container-core-columns-is-layout-9d6595d7 wp-block-columns-is-layout-flex\"><figure class=\"wp-block-post-featured-image\"><a href=\"https:\/\/www.greenpeace.org\/argentina\/story\/problemas\/contaminacion\/greenpeace-celebro-la-derogacion-del-decreto-que-permitia-la-importacion-de-residuos\/\" target=\"_self\"  ><img loading=\"lazy\" decoding=\"async\" width=\"2500\" height=\"1667\" src=\"https:\/\/www.greenpeace.org\/static\/planet4-argentina-stateless\/2019\/09\/28dd73ed-gp0stsx53.jpg\" class=\"attachment-post-thumbnail size-post-thumbnail wp-post-image wp-stateless-item\" alt=\"Greenpeace celebr\u00f3 la derogaci\u00f3n del decreto que permit\u00eda la importaci\u00f3n de residuos\" style=\"object-fit:cover;\" srcset=\"https:\/\/www.greenpeace.org\/static\/planet4-argentina-stateless\/2019\/09\/28dd73ed-gp0stsx53.jpg 2500w, https:\/\/www.greenpeace.org\/static\/planet4-argentina-stateless\/2019\/09\/28dd73ed-gp0stsx53-300x200.jpg 300w, https:\/\/www.greenpeace.org\/static\/planet4-argentina-stateless\/2019\/09\/28dd73ed-gp0stsx53-768x512.jpg 768w, https:\/\/www.greenpeace.org\/static\/planet4-argentina-stateless\/2019\/09\/28dd73ed-gp0stsx53-1024x683.jpg 1024w, https:\/\/www.greenpeace.org\/static\/planet4-argentina-stateless\/2019\/09\/28dd73ed-gp0stsx53-2048x1366.jpg 2048w, https:\/\/www.greenpeace.org\/static\/planet4-argentina-stateless\/2019\/09\/28dd73ed-gp0stsx53-510x340.jpg 510w\" sizes=\"auto, (max-width: 2500px) 100vw, 2500px\" data-image-size=\"post-thumbnail\" data-stateless-media-bucket=\"planet4-argentina-stateless\" data-stateless-media-name=\"2019\/09\/28dd73ed-gp0stsx53.jpg\" \/><\/a><\/figure>\n\n        <div class=\"wp-block-group is-layout-flow wp-block-group-is-layout-flow\">\n        <div class=\"wp-block-group is-layout-flex wp-block-group-is-layout-flex\"><div class=\"wp-block-post-terms\"><a href=\"https:\/\/www.greenpeace.org\/argentina\/category\/problemas\/contaminacion\/\">Contaminaci\u00f3n<\/a><\/div>\n        \n        \n        <\/div>\n        \n        <h3 class=\"wp-block-post-title\"><a href=\"https:\/\/www.greenpeace.org\/argentina\/story\/problemas\/contaminacion\/greenpeace-celebro-la-derogacion-del-decreto-que-permitia-la-importacion-de-residuos\/\" target=\"_self\" >Greenpeace celebr\u00f3 la derogaci\u00f3n del decreto que permit\u00eda la importaci\u00f3n de residuos<\/a><\/h3>\n        <div class=\"wp-block-post-excerpt\"><p class=\"wp-block-post-excerpt__excerpt\">Greenpeace calific\u00f3 como acertada la decisi\u00f3n de derogar el decreto 591\/2019 que flexibilizaba los requisitos para el ingreso de basura a nuestro pa\u00eds.\u00a0 La organizaci\u00f3n sostuvo que este decreto no&hellip; <\/p><\/div>\n        \n        <div class=\"wp-block-group posts-list-meta is-layout-flow wp-block-group-is-layout-flow\"><span class='article-list-item-author'>Editor<\/span>\n        <div class=\"wp-block-post-date\"><time datetime=\"2020-02-14T12:20:27-03:00\">14 febrero 2020<\/time><\/div>\n        \n        <\/div>\n        <\/div>\n        <\/div>\n\n            <\/li><li class=\"wp-block-post post-3300 post type-post status-publish format-standard has-post-thumbnail hentry category-contaminacion tag-importacionderesiduos p4-page-type-story\">\n            \n<div class=\"wp-block-columns is-layout-flex wp-container-core-columns-is-layout-9d6595d7 wp-block-columns-is-layout-flex\"><figure class=\"wp-block-post-featured-image\"><a href=\"https:\/\/www.greenpeace.org\/argentina\/story\/problemas\/contaminacion\/greenpeace-argentina-importara-residuos-del-mundo-en-vez-de-gestionar-los-propios\/\" target=\"_self\"  ><img loading=\"lazy\" decoding=\"async\" width=\"2500\" height=\"1667\" src=\"https:\/\/www.greenpeace.org\/static\/planet4-argentina-stateless\/2019\/09\/28dd73ed-gp0stsx53.jpg\" class=\"attachment-post-thumbnail size-post-thumbnail wp-post-image wp-stateless-item\" alt=\"Greenpeace: \u201cArgentina importar\u00e1 residuos del mundo en vez de gestionar los propios\u201d\" style=\"object-fit:cover;\" srcset=\"https:\/\/www.greenpeace.org\/static\/planet4-argentina-stateless\/2019\/09\/28dd73ed-gp0stsx53.jpg 2500w, https:\/\/www.greenpeace.org\/static\/planet4-argentina-stateless\/2019\/09\/28dd73ed-gp0stsx53-300x200.jpg 300w, https:\/\/www.greenpeace.org\/static\/planet4-argentina-stateless\/2019\/09\/28dd73ed-gp0stsx53-768x512.jpg 768w, https:\/\/www.greenpeace.org\/static\/planet4-argentina-stateless\/2019\/09\/28dd73ed-gp0stsx53-1024x683.jpg 1024w, https:\/\/www.greenpeace.org\/static\/planet4-argentina-stateless\/2019\/09\/28dd73ed-gp0stsx53-2048x1366.jpg 2048w, https:\/\/www.greenpeace.org\/static\/planet4-argentina-stateless\/2019\/09\/28dd73ed-gp0stsx53-510x340.jpg 510w\" sizes=\"auto, (max-width: 2500px) 100vw, 2500px\" data-image-size=\"post-thumbnail\" data-stateless-media-bucket=\"planet4-argentina-stateless\" data-stateless-media-name=\"2019\/09\/28dd73ed-gp0stsx53.jpg\" \/><\/a><\/figure>\n\n        <div class=\"wp-block-group is-layout-flow wp-block-group-is-layout-flow\">\n        <div class=\"wp-block-group is-layout-flex wp-block-group-is-layout-flex\"><div class=\"wp-block-post-terms\"><a href=\"https:\/\/www.greenpeace.org\/argentina\/category\/problemas\/contaminacion\/\">Contaminaci\u00f3n<\/a><\/div>\n        \n        \n        <\/div>\n        \n        <h3 class=\"wp-block-post-title\"><a href=\"https:\/\/www.greenpeace.org\/argentina\/story\/problemas\/contaminacion\/greenpeace-argentina-importara-residuos-del-mundo-en-vez-de-gestionar-los-propios\/\" target=\"_self\" >Greenpeace: \u201cArgentina importar\u00e1 residuos del mundo en vez de gestionar los propios\u201d<\/a><\/h3>\n        <div class=\"wp-block-post-excerpt\"><p class=\"wp-block-post-excerpt__excerpt\">Greenpeace expres\u00f3 su rechazo a la reglamentaci\u00f3n del decreto \u00a0N\u00ba 591\/2019. Seg\u00fan la ONG, no s\u00f3lo es inconstitucional, ya que viola el principio de no regresividad ambiental contemplado en el&hellip; <\/p><\/div>\n        \n        <div class=\"wp-block-group posts-list-meta is-layout-flow wp-block-group-is-layout-flow\"><span class='article-list-item-author'>Editor<\/span>\n        <div class=\"wp-block-post-date\"><time datetime=\"2019-11-14T17:21:41-03:00\">14 noviembre 2019<\/time><\/div>\n        \n        <\/div>\n        <\/div>\n        <\/div>\n\n            <\/li><\/ul>\n\n    \n<div class=\"wp-block-buttons carousel-controls is-horizontal is-content-justification-space-between is-nowrap is-layout-flex wp-container-core-buttons-is-layout-044bd602 wp-block-buttons-is-layout-flex\">\n            <div class=\"wp-block-button carousel-control-prev\"><button type=\"button\" class=\"wp-block-button__link wp-element-button\">Prev<\/button><\/div>\n        \n\n            <div class=\"wp-block-button carousel-control-next\"><button type=\"button\" class=\"wp-block-button__link wp-element-button\">Next<\/button><\/div>\n        <\/div>\n\n\n    <li class=\" wp-block-navigation-item see-all-link wp-block-navigation-link\"><a class=\"wp-block-navigation-item__content\"  href=\"http:\/\/www.greenpeace.org\/argentina\/news-stories\/?tag=importacionderesiduos\"><span class=\"wp-block-navigation-item__label\">See all stories<\/span><\/a><\/li><\/div>\n    \n    <div class=\"wp-block-query posts-list p4-query-loop is-custom-layout-grid is-layout-grid wp-container-core-query-is-layout-b8bb0bd1 wp-block-query-is-layout-grid\">\n        <div class=\"wp-block-group is-content-justification-space-between is-layout-flex wp-container-core-group-is-layout-3d213aab wp-block-group-is-layout-flex\"><h2 class=\"wp-block-heading\">Publications<\/h2>\n        <li class=\" wp-block-navigation-item see-all-link wp-block-navigation-link\"><a class=\"wp-block-navigation-item__content\"  href=\"http:\/\/www.greenpeace.org\/argentina\/news-stories\/?tag=importacionderesiduos&#038;post-type=\"><span class=\"wp-block-navigation-item__label\">See all stories<\/span><\/a><\/li>\n        \n        <\/div>\n        \n\n    <p style=\"margin-top: 24px; margin-bottom: 36px;\"><\/p>\n\n    <div class=\"wp-block-query-no-results\">\n        <p style=\"\">No posts found.<\/p>\n        <\/div>\n\n    \n\n    \n<div class=\"wp-block-buttons carousel-controls is-horizontal is-content-justification-space-between is-nowrap is-layout-flex wp-container-core-buttons-is-layout-044bd602 wp-block-buttons-is-layout-flex\">\n            <div class=\"wp-block-button carousel-control-prev\"><button type=\"button\" class=\"wp-block-button__link wp-element-button\">Prev<\/button><\/div>\n        \n\n            <div class=\"wp-block-button carousel-control-next\"><button type=\"button\" class=\"wp-block-button__link wp-element-button\">Next<\/button><\/div>\n        <\/div>\n\n\n    <li class=\" wp-block-navigation-item see-all-link wp-block-navigation-link\"><a class=\"wp-block-navigation-item__content\"  href=\"http:\/\/www.greenpeace.org\/argentina\/news-stories\/?tag=importacionderesiduos&#038;post-type=\"><span class=\"wp-block-navigation-item__label\">See all stories<\/span><\/a><\/li><\/div>\n    <div data-render=\"planet4-blocks\/happypoint\" data-attributes=\"{&quot;attributes&quot;:{&quot;opacity&quot;:0,&quot;id&quot;:0,&quot;override_default_content&quot;:true,&quot;local_content_provider&quot;:&quot;none&quot;}}\"><\/div>","protected":false},"excerpt":{"rendered":"","protected":false},"author":19,"featured_media":0,"parent":0,"menu_order":0,"comment_status":"closed","ping_status":"closed","template":"","meta":{"ep_exclude_from_search":false,"p4_hide_page_title_checkbox":"","p4_title":"","p4_subtitle":"","p4_description":"","background_image_id":"","background_image":"","p4_button_title":"","p4_button_link":"","p4_button_link_checkbox":"","p4_og_title":"","p4_og_description":"","p4_og_image":"","p4_og_image_id":"","p4_seo_canonical_url":"","p4_campaign_name":"","p4_local_project":"","p4_basket_name":"","p4_department":"","footnotes":""},"categories":[],"tags":[],"class_list":["post-2629","page","type-page","status-publish","hentry"],"_links":{"self":[{"href":"https:\/\/www.greenpeace.org\/argentina\/wp-json\/wp\/v2\/pages\/2629","targetHints":{"allow":["GET"]}}],"collection":[{"href":"https:\/\/www.greenpeace.org\/argentina\/wp-json\/wp\/v2\/pages"}],"about":[{"href":"https:\/\/www.greenpeace.org\/argentina\/wp-json\/wp\/v2\/types\/page"}],"author":[{"embeddable":true,"href":"https:\/\/www.greenpeace.org\/argentina\/wp-json\/wp\/v2\/users\/19"}],"replies":[{"embeddable":true,"href":"https:\/\/www.greenpeace.org\/argentina\/wp-json\/wp\/v2\/comments?post=2629"}],"version-history":[{"count":13,"href":"https:\/\/www.greenpeace.org\/argentina\/wp-json\/wp\/v2\/pages\/2629\/revisions"}],"predecessor-version":[{"id":33430,"href":"https:\/\/www.greenpeace.org\/argentina\/wp-json\/wp\/v2\/pages\/2629\/revisions\/33430"}],"wp:attachment":[{"href":"https:\/\/www.greenpeace.org\/argentina\/wp-json\/wp\/v2\/media?parent=2629"}],"wp:term":[{"taxonomy":"category","embeddable":true,"href":"https:\/\/www.greenpeace.org\/argentina\/wp-json\/wp\/v2\/categories?post=2629"},{"taxonomy":"post_tag","embeddable":true,"href":"https:\/\/www.greenpeace.org\/argentina\/wp-json\/wp\/v2\/tags?post=2629"}],"curies":[{"name":"wp","href":"https:\/\/api.w.org\/{rel}","templated":true}]}}