{"id":32584,"date":"2026-01-06T12:38:49","date_gmt":"2026-01-06T15:38:49","guid":{"rendered":"https:\/\/www.greenpeace.org\/argentina\/?page_id=32584"},"modified":"2026-01-06T12:38:49","modified_gmt":"2026-01-06T15:38:49","slug":"gracias-por-pedir-accion-para-frenar-los-incendios-forestales","status":"publish","type":"page","link":"https:\/\/www.greenpeace.org\/argentina\/gracias-por-pedir-accion-para-frenar-los-incendios-forestales\/","title":{"rendered":"\u00a1Gracias por pedir acci\u00f3n para frenar los incendios forestales!"},"content":{"rendered":"\n<h3 class=\"wp-block-heading\"><\/h3>\n\n<div class=\"wp-block-media-text is-stacked-on-mobile\"><figure class=\"wp-block-media-text__media\"><img loading=\"lazy\" decoding=\"async\" width=\"1024\" height=\"682\" src=\"https:\/\/www.greenpeace.org\/static\/planet4-argentina-stateless\/2025\/07\/5c08fe23-incendios-en-el-bolson-\u00a9-marcelo-martinez-greenpeace-01-1-1024x682.jpg\" alt=\"\" sizes=\"auto, (min-width: 1600px) calc((1320px - 24px) \/ 2),(min-width: 1200px) calc((1140px - 24px) \/ 2),(min-width: 992px) calc((960px - 24px) \/ 2),(min-width: 768px) calc((720px - 24px) \/ 2),(min-width: 601px) calc((540px - 24px) \/ 2),(min-width: 577px) calc((540px - 24px) \/ 1), calc(100vw - 24px)\" srcset=\"https:\/\/www.greenpeace.org\/static\/planet4-argentina-stateless\/2025\/07\/5c08fe23-incendios-en-el-bolson-\u00a9-marcelo-martinez-greenpeace-01-1.jpg 2500w, https:\/\/www.greenpeace.org\/static\/planet4-argentina-stateless\/2025\/07\/5c08fe23-incendios-en-el-bolson-\u00a9-marcelo-martinez-greenpeace-01-1-300x200.jpg 300w, https:\/\/www.greenpeace.org\/static\/planet4-argentina-stateless\/2025\/07\/5c08fe23-incendios-en-el-bolson-\u00a9-marcelo-martinez-greenpeace-01-1-1024x682.jpg 1024w, https:\/\/www.greenpeace.org\/static\/planet4-argentina-stateless\/2025\/07\/5c08fe23-incendios-en-el-bolson-\u00a9-marcelo-martinez-greenpeace-01-1-768x512.jpg 768w, https:\/\/www.greenpeace.org\/static\/planet4-argentina-stateless\/2025\/07\/5c08fe23-incendios-en-el-bolson-\u00a9-marcelo-martinez-greenpeace-01-1-1536x1024.jpg 1536w, https:\/\/www.greenpeace.org\/static\/planet4-argentina-stateless\/2025\/07\/5c08fe23-incendios-en-el-bolson-\u00a9-marcelo-martinez-greenpeace-01-1-2048x1366.jpg 2048w, https:\/\/www.greenpeace.org\/static\/planet4-argentina-stateless\/2025\/07\/5c08fe23-incendios-en-el-bolson-\u00a9-marcelo-martinez-greenpeace-01-1-510x340.jpg 510w\" class=\"wp-image-30995 size-full\"\/><\/figure><div class=\"wp-block-media-text__content\">\n<h3 class=\"wp-block-heading\"><strong>Necesitamos que muchas personas comprometidas como vos se sumen para defender nuestros bosques, esenciales para la biodiversidad y el equilibrio ambiental.<\/strong><\/h3>\n\n\n\n<p>Tu poder es enorme porque&nbsp;si unimos tu voluntad a la de millones de personas con los mismos valores, el alcance del cambio crece.<\/p>\n<\/div><\/div>\n\n<p>La deforestaci\u00f3n es un ecocidio que provoca cambio clim\u00e1tico, desaparici\u00f3n de especies, inundaciones, sequ\u00edas, desertificaci\u00f3n, enfermedades, desalojos de ind\u00edgenas y campesinos, p\u00e9rdida de alimentos, medicinas y maderas. En forma urgente se deben penalizar los desmontes y los incendios forestales<\/p>\n\n<h4 class=\"wp-block-heading has-text-align-center\"><strong>Somos una organizaci\u00f3n independiente. Solo el aporte econ\u00f3mico de cada uno de nuestros socios y socias nos permite seguir trabajando en campa\u00f1as para defender el medio ambiente. \u00a1Sumate a Greenpeace!<\/strong><\/h4>\n\n<p><\/p>\n\n<div class=\"wp-block-buttons is-content-justification-center is-layout-flex wp-container-core-buttons-is-layout-16018d1d wp-block-buttons-is-layout-flex\">\n<div class=\"wp-block-button is-style-cta\"><a class=\"wp-block-button__link wp-element-button\" href=\"https:\/\/app.greenpeace.org.ar\/coupon\/regular\/forms\/registration?utm_source=web&amp;utm_medium=openSpace&amp;utm_content=banner_home&amp;utm_term=todos&amp;utm_campaign=Institucional\" target=\"_blank\" rel=\"noreferrer noopener\">Quiero donar a Greenpeace <\/a><\/div>\n<\/div>\n\n<h4 class=\"wp-block-heading\"><\/h4>\n\n<p><\/p>\n","protected":false},"excerpt":{"rendered":"<p>Necesitamos que muchas personas comprometidas como vos se sumen para defender nuestros bosques, esenciales para la biodiversidad y el equilibrio ambiental. Tu poder es enorme porque&nbsp;si unimos tu voluntad a la de millones de personas con los mismos valores, el alcance del cambio crece. La deforestaci\u00f3n es un ecocidio que provoca cambio clim\u00e1tico, desaparici\u00f3n de [&hellip;]<\/p>\n","protected":false},"author":21,"featured_media":30995,"parent":0,"menu_order":0,"comment_status":"closed","ping_status":"closed","template":"","meta":{"ep_exclude_from_search":false,"p4_hide_page_title_checkbox":"","p4_title":"","p4_subtitle":"","p4_description":"","background_image_id":"","background_image":"","p4_button_title":"","p4_button_link":"","p4_button_link_checkbox":"","p4_og_title":"\u00a1Gracias por pedir acci\u00f3n para frenar los incendios forestales!","p4_og_description":"Necesitamos que muchas personas comprometidas como vos se sumen para defender nuestros bosques, esenciales para la biodiversidad y el equilibrio ambiental.","p4_og_image":"https:\/\/www.greenpeace.org\/static\/planet4-argentina-stateless\/2025\/10\/916db65e-incendios-en-el-bolson-\u00a9-marcelo-martinez-greenpeace-03-3.jpg","p4_og_image_id":"31942","p4_seo_canonical_url":"","p4_campaign_name":"","p4_local_project":"","p4_basket_name":"","p4_department":"","footnotes":""},"categories":[],"tags":[46],"class_list":["post-32584","page","type-page","status-publish","has-post-thumbnail","hentry","tag-destruirbosquesesuncrimen"],"_links":{"self":[{"href":"https:\/\/www.greenpeace.org\/argentina\/wp-json\/wp\/v2\/pages\/32584","targetHints":{"allow":["GET"]}}],"collection":[{"href":"https:\/\/www.greenpeace.org\/argentina\/wp-json\/wp\/v2\/pages"}],"about":[{"href":"https:\/\/www.greenpeace.org\/argentina\/wp-json\/wp\/v2\/types\/page"}],"author":[{"embeddable":true,"href":"https:\/\/www.greenpeace.org\/argentina\/wp-json\/wp\/v2\/users\/21"}],"replies":[{"embeddable":true,"href":"https:\/\/www.greenpeace.org\/argentina\/wp-json\/wp\/v2\/comments?post=32584"}],"version-history":[{"count":2,"href":"https:\/\/www.greenpeace.org\/argentina\/wp-json\/wp\/v2\/pages\/32584\/revisions"}],"predecessor-version":[{"id":32586,"href":"https:\/\/www.greenpeace.org\/argentina\/wp-json\/wp\/v2\/pages\/32584\/revisions\/32586"}],"wp:featuredmedia":[{"embeddable":true,"href":"https:\/\/www.greenpeace.org\/argentina\/wp-json\/wp\/v2\/media\/30995"}],"wp:attachment":[{"href":"https:\/\/www.greenpeace.org\/argentina\/wp-json\/wp\/v2\/media?parent=32584"}],"wp:term":[{"taxonomy":"category","embeddable":true,"href":"https:\/\/www.greenpeace.org\/argentina\/wp-json\/wp\/v2\/categories?post=32584"},{"taxonomy":"post_tag","embeddable":true,"href":"https:\/\/www.greenpeace.org\/argentina\/wp-json\/wp\/v2\/tags?post=32584"}],"curies":[{"name":"wp","href":"https:\/\/api.w.org\/{rel}","templated":true}]}}