{"id":350,"date":"2018-10-31T13:32:26","date_gmt":"2018-10-31T13:32:26","guid":{"rendered":"https:\/\/www.greenpeace.org\/argentina\/?page_id=350"},"modified":"2024-03-26T08:39:09","modified_gmt":"2024-03-26T11:39:09","slug":"como-respondio-sprite-hasta-ahora","status":"publish","type":"page","link":"https:\/\/www.greenpeace.org\/argentina\/como-respondio-sprite-hasta-ahora\/","title":{"rendered":"\u00bfC\u00f3mo respondi\u00f3 Sprite hasta ahora?"},"content":{"rendered":"\n                    <div class=\"wp-block-group is-vertical is-layout-flex wp-container-core-group-is-layout-8cf370e7 wp-block-group-is-layout-flex\">\n                    \n\n                    \n                    <\/div>\n                    <p>                <span style=\"font-weight: 400;\">Denunciamos la destrucci\u00f3n de bosques nativos en la finca La Moraleja S.A. desde el 2013.<\/span><\/p>\n<p><span style=\"font-weight: 400;\">A fines de 2016 y primeros meses de 2017 desde Greenpeace enviamos dos cartas a The Coca Cola Company advirti\u00e9ndoles el da\u00f1o hecho por su proveedor. La \u00fanica respuesta que dio la compa\u00f1\u00eda fue negar la ilegalidad de la deforestaci\u00f3n. Mientras tanto, sigui\u00f3 compr\u00e1ndole jugo concentrado de lim\u00f3n para fabricar gaseosas como Sprite. Sin hacerse cargo. Sin reforestar.<\/span><\/p>\n<p><span style=\"font-weight: 400;\">Despu\u00e9s de nuestra campa\u00f1a p\u00fablica (desde agosto de 2017), la empresa de bebidas public\u00f3 un comunicado en el cual desconoc\u00eda nuestra denuncia sobre los desmontes de La Moraleja S.A. desde 2013. Sin embargo, con una simple b\u00fasqueda en Internet, The Coca Cola Company ten\u00eda la posibilidad de saber que su proveedor hab\u00eda destruido bosques en la provincia de Salta.<\/span><\/p>\n<p><span style=\"font-weight: 400;\">Adem\u00e1s, la multinacional declara en su sitio web que \u201cLa agricultura sostenible es uno de los principios centrales\u201d y que \u201ca nivel global, alienta pr\u00e1cticas sustentables en su cadena de suministros\u201d. Pero no puede decir que es sostenible si contin\u00faa la relaci\u00f3n comercial con un proveedor como La Moraleja. Destruir bosques nativos es completamente contrario a ser sostenible.<\/span><\/p>\n<p><span style=\"font-weight: 400;\">El 1 de noviembre de 2017, The Coca-Cola Company y la finca difundieron, a trav\u00e9s de comunicados, que reforestar\u00edan 1.400 hect\u00e1reas. Aplaudimos la iniciativa, pero, obviamente, no es suficiente para los bosques.<\/span><\/p>\n<p><span style=\"font-weight: 400;\">Los bosques no se negocian y la reforestaci\u00f3n debe ser en toda la superficie desmontada: 3 mil hect\u00e1reas.<\/span><\/p>\n<p>&nbsp;<\/p>\n<p>&nbsp;<\/p>\n","protected":false},"excerpt":{"rendered":"<p>Denunciamos la destrucci\u00f3n de bosques nativos en la finca La Moraleja S.A. desde el 2013. A fines de 2016 y primeros meses de 2017 desde Greenpeace enviamos dos cartas a The Coca Cola Company advirti\u00e9ndoles el da\u00f1o hecho por su proveedor. La \u00fanica respuesta que dio la compa\u00f1\u00eda fue negar la ilegalidad de la deforestaci\u00f3n. [&hellip;]<\/p>\n","protected":false},"author":19,"featured_media":0,"parent":0,"menu_order":0,"comment_status":"closed","ping_status":"closed","template":"","meta":{"ep_exclude_from_search":false,"p4_hide_page_title_checkbox":"","p4_title":"","p4_subtitle":"","p4_description":"","background_image_id":"","background_image":"","p4_button_title":"","p4_button_link":"","p4_button_link_checkbox":"","p4_og_title":"","p4_og_description":"","p4_og_image":"","p4_og_image_id":"","p4_seo_canonical_url":"","p4_campaign_name":"not set","p4_local_project":"not set","p4_basket_name":"not set","p4_department":"","footnotes":""},"categories":[],"tags":[],"class_list":["post-350","page","type-page","status-publish","hentry"],"_links":{"self":[{"href":"https:\/\/www.greenpeace.org\/argentina\/wp-json\/wp\/v2\/pages\/350","targetHints":{"allow":["GET"]}}],"collection":[{"href":"https:\/\/www.greenpeace.org\/argentina\/wp-json\/wp\/v2\/pages"}],"about":[{"href":"https:\/\/www.greenpeace.org\/argentina\/wp-json\/wp\/v2\/types\/page"}],"author":[{"embeddable":true,"href":"https:\/\/www.greenpeace.org\/argentina\/wp-json\/wp\/v2\/users\/19"}],"replies":[{"embeddable":true,"href":"https:\/\/www.greenpeace.org\/argentina\/wp-json\/wp\/v2\/comments?post=350"}],"version-history":[{"count":5,"href":"https:\/\/www.greenpeace.org\/argentina\/wp-json\/wp\/v2\/pages\/350\/revisions"}],"predecessor-version":[{"id":23478,"href":"https:\/\/www.greenpeace.org\/argentina\/wp-json\/wp\/v2\/pages\/350\/revisions\/23478"}],"wp:attachment":[{"href":"https:\/\/www.greenpeace.org\/argentina\/wp-json\/wp\/v2\/media?parent=350"}],"wp:term":[{"taxonomy":"category","embeddable":true,"href":"https:\/\/www.greenpeace.org\/argentina\/wp-json\/wp\/v2\/categories?post=350"},{"taxonomy":"post_tag","embeddable":true,"href":"https:\/\/www.greenpeace.org\/argentina\/wp-json\/wp\/v2\/tags?post=350"}],"curies":[{"name":"wp","href":"https:\/\/api.w.org\/{rel}","templated":true}]}}