{"id":359,"date":"2018-10-31T13:37:54","date_gmt":"2018-10-31T13:37:54","guid":{"rendered":"https:\/\/www.greenpeace.org\/argentina\/?page_id=359"},"modified":"2025-09-23T06:43:42","modified_gmt":"2025-09-23T09:43:42","slug":"nuestro-blog","status":"publish","type":"page","link":"https:\/\/www.greenpeace.org\/argentina\/nuestro-blog\/","title":{"rendered":"Nuestro blog"},"content":{"rendered":"\n                \n                <div class=\"wp-block-group alignfull is-layout-flow wp-block-group-is-layout-flow\">\n                \n                <div class=\"wp-block-group container is-layout-flow wp-block-group-is-layout-flow\">\n                \n                <div class=\"wp-block-media-text alignfull has-media-on-the-right is-stacked-on-mobile is-pattern-p4-page-header is-style-parallax\">\n\n                <div class=\"wp-block-media-text__content\">\n                    <div class=\"wp-block-group is-layout-flow wp-block-group-is-layout-flow\">\n                    \n                        <h1 class=\"wp-block-heading has-white-background-color has-background\">\n                            Nuestro blog\n                        <\/h1>\n                    <\/div>\n                \n\n                \n                        <p style=\"font-size:1.25rem\">\n                            Conoc\u00e9 m\u00e1s sobre medio ambiente, las \u00faltimas noticias y las experiencias de nuestros voluntarios.\n                        <\/p>\n                    \n\n                \n\n                <\/div>\n                <figure class=\"wp-block-media-text__media\">\n                    <img loading=\"lazy\" decoding=\"async\" width=\"2500\" height=\"1661\"\n                        src=\"https:\/\/storage.googleapis.com\/planet4-argentina-stateless-develop\/2018\/05\/ff4bcb9f-gp0strala_pressmedia.jpg\"\n                        alt=\"\"\n                        sizes=\"auto, (min-width: 601px) 50vw, 100vw\" srcset=\"https:\/\/storage.googleapis.com\/planet4-argentina-stateless-develop\/2018\/05\/ff4bcb9f-gp0strala_pressmedia.jpg 2500w, https:\/\/storage.googleapis.com\/planet4-argentina-stateless-develop\/2018\/05\/ff4bcb9f-gp0strala_pressmedia-300x199.jpg 300w, https:\/\/storage.googleapis.com\/planet4-argentina-stateless-develop\/2018\/05\/ff4bcb9f-gp0strala_pressmedia-768x510.jpg 768w, https:\/\/storage.googleapis.com\/planet4-argentina-stateless-develop\/2018\/05\/ff4bcb9f-gp0strala_pressmedia-1024x680.jpg 1024w, https:\/\/storage.googleapis.com\/planet4-argentina-stateless-develop\/2018\/05\/ff4bcb9f-gp0strala_pressmedia-2048x1361.jpg 2048w, https:\/\/storage.googleapis.com\/planet4-argentina-stateless-develop\/2018\/05\/ff4bcb9f-gp0strala_pressmedia-510x340.jpg 510w\" class=\"wp-image-88 size-full\"\n                    \/>\n                <\/figure>\n                <\/div>\n                \n                <\/div>\n                \n                <\/div>\n                \n                \n    <div class=\"wp-block-query posts-list p4-query-loop is-custom-layout-list is-layout-flow wp-block-query-is-layout-flow\">\n        <div class=\"wp-block-group is-content-justification-space-between is-layout-flex wp-container-core-group-is-layout-3d213aab wp-block-group-is-layout-flex\"><h2 class=\"wp-block-heading\">Novedades<\/h2>\n        <li class=\" wp-block-navigation-item see-all-link wp-block-navigation-link\"><a class=\"wp-block-navigation-item__content\"  href=\"http:\/\/www.greenpeace.org\/argentina\/news-stories\/?post-type=blog\"><span class=\"wp-block-navigation-item__label\">See all stories<\/span><\/a><\/li>\n        \n        <\/div>\n        \n\n    <p style=\"margin-top: 24px; margin-bottom: 36px;\"><\/p>\n\n    \n\n    <ul class=\"wp-block-post-template is-layout-flow wp-block-post-template-is-layout-flow\"><li class=\"wp-block-post post-33635 post type-post status-publish format-standard has-post-thumbnail hentry category-oceanos tag-marargentino p4-page-type-blog\">\n            \n<div class=\"wp-block-columns is-layout-flex wp-container-core-columns-is-layout-9d6595d7 wp-block-columns-is-layout-flex\"><figure class=\"wp-block-post-featured-image\"><a href=\"https:\/\/www.greenpeace.org\/argentina\/blog\/problemas\/oceanos\/chau-petroleras-chau-falsas-promesas-shell-y-qatar-energy-abandonan-el-mar-argentino-con-las-manos-vacias\/\" target=\"_self\"  ><img loading=\"lazy\" decoding=\"async\" width=\"2500\" height=\"1667\" src=\"https:\/\/www.greenpeace.org\/static\/planet4-argentina-stateless\/2022\/01\/7a7e049b-torre-mar-del-plata-credito-gabriel-bulacio-greenpeace-16.jpg\" class=\"attachment-post-thumbnail size-post-thumbnail wp-post-image wp-stateless-item\" alt=\"\u00a1CHAU PETROLERAS, chau falsas promesas! Shell y Qatar Energy abandonan el Mar Argentino con las manos vac\u00edas.\" style=\"object-fit:cover;\" srcset=\"https:\/\/www.greenpeace.org\/static\/planet4-argentina-stateless\/2022\/01\/7a7e049b-torre-mar-del-plata-credito-gabriel-bulacio-greenpeace-16.jpg 2500w, https:\/\/www.greenpeace.org\/static\/planet4-argentina-stateless\/2022\/01\/7a7e049b-torre-mar-del-plata-credito-gabriel-bulacio-greenpeace-16-300x200.jpg 300w, https:\/\/www.greenpeace.org\/static\/planet4-argentina-stateless\/2022\/01\/7a7e049b-torre-mar-del-plata-credito-gabriel-bulacio-greenpeace-16-1024x683.jpg 1024w, https:\/\/www.greenpeace.org\/static\/planet4-argentina-stateless\/2022\/01\/7a7e049b-torre-mar-del-plata-credito-gabriel-bulacio-greenpeace-16-768x512.jpg 768w, https:\/\/www.greenpeace.org\/static\/planet4-argentina-stateless\/2022\/01\/7a7e049b-torre-mar-del-plata-credito-gabriel-bulacio-greenpeace-16-1536x1024.jpg 1536w, https:\/\/www.greenpeace.org\/static\/planet4-argentina-stateless\/2022\/01\/7a7e049b-torre-mar-del-plata-credito-gabriel-bulacio-greenpeace-16-2048x1366.jpg 2048w, https:\/\/www.greenpeace.org\/static\/planet4-argentina-stateless\/2022\/01\/7a7e049b-torre-mar-del-plata-credito-gabriel-bulacio-greenpeace-16-510x340.jpg 510w\" sizes=\"auto, (max-width: 2500px) 100vw, 2500px\" data-image-size=\"post-thumbnail\" data-stateless-media-bucket=\"planet4-argentina-stateless\" data-stateless-media-name=\"2022\/01\/7a7e049b-torre-mar-del-plata-credito-gabriel-bulacio-greenpeace-16.jpg\" \/><\/a><\/figure>\n\n        <div class=\"wp-block-group is-layout-flow wp-block-group-is-layout-flow\">\n        <div class=\"wp-block-group is-layout-flex wp-block-group-is-layout-flex\"><div class=\"wp-block-post-terms\"><a href=\"https:\/\/www.greenpeace.org\/argentina\/category\/problemas\/oceanos\/\">Oc\u00e9anos<\/a><\/div>\n        \n        \n        <\/div>\n        \n        <h3 class=\"wp-block-post-title\"><a href=\"https:\/\/www.greenpeace.org\/argentina\/blog\/problemas\/oceanos\/chau-petroleras-chau-falsas-promesas-shell-y-qatar-energy-abandonan-el-mar-argentino-con-las-manos-vacias\/\" target=\"_self\" >\u00a1CHAU PETROLERAS, chau falsas promesas! Shell y Qatar Energy abandonan el Mar Argentino con las manos vac\u00edas.<\/a><\/h3>\n        <div class=\"wp-block-post-excerpt\"><p class=\"wp-block-post-excerpt__excerpt\">El Mar Argentino ya puede tomar un respiro. Hoy petroleras no tienen m\u00e1s remedio que retirarse con la cabeza baja, sin dejar ni un barril. <\/p><\/div>\n        \n        <div class=\"wp-block-group posts-list-meta is-layout-flow wp-block-group-is-layout-flow\"><span class='article-list-item-author'><a href='https:\/\/www.greenpeace.org\/argentina\/author\/lcolombo\/'>Laura Colombo<\/a><\/span>\n        <div class=\"wp-block-post-date\"><time datetime=\"2026-04-28T12:12:07-03:00\">28 abril 2026<\/time><\/div>\n        \n        <\/div>\n        <\/div>\n        <\/div>\n\n            <\/li><li class=\"wp-block-post post-33631 post type-post status-publish format-standard has-post-thumbnail hentry category-oceanos tag-defendamospuntatombo p4-page-type-blog\">\n            \n<div class=\"wp-block-columns is-layout-flex wp-container-core-columns-is-layout-9d6595d7 wp-block-columns-is-layout-flex\"><figure class=\"wp-block-post-featured-image\"><a href=\"https:\/\/www.greenpeace.org\/argentina\/blog\/problemas\/oceanos\/dia-del-pinguino-justicia-por-la-masacre-de-los-pinguinos-de-magallanes-en-la-reserva-punta-tombo\/\" target=\"_self\"  ><img loading=\"lazy\" decoding=\"async\" width=\"2500\" height=\"1611\" src=\"https:\/\/www.greenpeace.org\/static\/planet4-argentina-stateless\/2024\/11\/bf41779f-pinguinos-en-punta-tombo-04-\u00a9-osvaldo-tesoro-greenpeace.jpg\" class=\"attachment-post-thumbnail size-post-thumbnail wp-post-image wp-stateless-item\" alt=\"D\u00eda del Ping\u00fcino: justicia por la masacre de los Ping\u00fcinos de Magallanes en la Reserva Punta Tombo\" style=\"object-fit:cover;\" srcset=\"https:\/\/www.greenpeace.org\/static\/planet4-argentina-stateless\/2024\/11\/bf41779f-pinguinos-en-punta-tombo-04-\u00a9-osvaldo-tesoro-greenpeace.jpg 2500w, https:\/\/www.greenpeace.org\/static\/planet4-argentina-stateless\/2024\/11\/bf41779f-pinguinos-en-punta-tombo-04-\u00a9-osvaldo-tesoro-greenpeace-300x193.jpg 300w, https:\/\/www.greenpeace.org\/static\/planet4-argentina-stateless\/2024\/11\/bf41779f-pinguinos-en-punta-tombo-04-\u00a9-osvaldo-tesoro-greenpeace-1024x660.jpg 1024w, https:\/\/www.greenpeace.org\/static\/planet4-argentina-stateless\/2024\/11\/bf41779f-pinguinos-en-punta-tombo-04-\u00a9-osvaldo-tesoro-greenpeace-768x495.jpg 768w, https:\/\/www.greenpeace.org\/static\/planet4-argentina-stateless\/2024\/11\/bf41779f-pinguinos-en-punta-tombo-04-\u00a9-osvaldo-tesoro-greenpeace-1536x990.jpg 1536w, https:\/\/www.greenpeace.org\/static\/planet4-argentina-stateless\/2024\/11\/bf41779f-pinguinos-en-punta-tombo-04-\u00a9-osvaldo-tesoro-greenpeace-2048x1320.jpg 2048w, https:\/\/www.greenpeace.org\/static\/planet4-argentina-stateless\/2024\/11\/bf41779f-pinguinos-en-punta-tombo-04-\u00a9-osvaldo-tesoro-greenpeace-510x329.jpg 510w\" sizes=\"auto, (max-width: 2500px) 100vw, 2500px\" data-image-size=\"post-thumbnail\" data-stateless-media-bucket=\"planet4-argentina-stateless\" data-stateless-media-name=\"2024\/11\/bf41779f-pinguinos-en-punta-tombo-04-\u00a9-osvaldo-tesoro-greenpeace.jpg\" \/><\/a><\/figure>\n\n        <div class=\"wp-block-group is-layout-flow wp-block-group-is-layout-flow\">\n        <div class=\"wp-block-group is-layout-flex wp-block-group-is-layout-flex\"><div class=\"wp-block-post-terms\"><a href=\"https:\/\/www.greenpeace.org\/argentina\/category\/problemas\/oceanos\/\">Oc\u00e9anos<\/a><\/div>\n        \n        \n        <\/div>\n        \n        <h3 class=\"wp-block-post-title\"><a href=\"https:\/\/www.greenpeace.org\/argentina\/blog\/problemas\/oceanos\/dia-del-pinguino-justicia-por-la-masacre-de-los-pinguinos-de-magallanes-en-la-reserva-punta-tombo\/\" target=\"_self\" >D\u00eda del Ping\u00fcino: justicia por la masacre de los Ping\u00fcinos de Magallanes en la Reserva Punta Tombo<\/a><\/h3>\n        <div class=\"wp-block-post-excerpt\"><p class=\"wp-block-post-excerpt__excerpt\">Este caso no s\u00f3lo represent\u00f3 un acto de violencia contra la naturaleza, sino que tambi\u00e9n subraya la importancia de avanzar en figuras del delito ambiental <\/p><\/div>\n        \n        <div class=\"wp-block-group posts-list-meta is-layout-flow wp-block-group-is-layout-flow\"><span class='article-list-item-author'><a href='https:\/\/www.greenpeace.org\/argentina\/author\/lvazquez\/'>Editor<\/a><\/span>\n        <div class=\"wp-block-post-date\"><time datetime=\"2026-04-24T21:59:36-03:00\">24 abril 2026<\/time><\/div>\n        \n        <\/div>\n        <\/div>\n        <\/div>\n\n            <\/li><li class=\"wp-block-post post-33554 post type-post status-publish format-standard has-post-thumbnail hentry category-sustentabilidad p4-page-type-blog\">\n            \n<div class=\"wp-block-columns is-layout-flex wp-container-core-columns-is-layout-9d6595d7 wp-block-columns-is-layout-flex\"><figure class=\"wp-block-post-featured-image\"><a href=\"https:\/\/www.greenpeace.org\/argentina\/blog\/problemas\/sustentabilidad\/dia-de-la-tierra-un-llamado-a-construir-esperanza-en-tiempos-de-crisis-ambiental\/\" target=\"_self\"  ><img loading=\"lazy\" decoding=\"async\" width=\"2500\" height=\"1875\" src=\"https:\/\/www.greenpeace.org\/static\/planet4-argentina-stateless\/2026\/04\/c79512f1-gp0stqt3a_pressmedia-2500px.jpg\" class=\"attachment-post-thumbnail size-post-thumbnail wp-post-image wp-stateless-item\" alt=\"D\u00eda de la Tierra: un llamado a construir esperanza en tiempos de crisis ambiental\u00a0\" style=\"object-fit:cover;\" srcset=\"https:\/\/www.greenpeace.org\/static\/planet4-argentina-stateless\/2026\/04\/c79512f1-gp0stqt3a_pressmedia-2500px.jpg 2500w, https:\/\/www.greenpeace.org\/static\/planet4-argentina-stateless\/2026\/04\/c79512f1-gp0stqt3a_pressmedia-2500px-300x225.jpg 300w, https:\/\/www.greenpeace.org\/static\/planet4-argentina-stateless\/2026\/04\/c79512f1-gp0stqt3a_pressmedia-2500px-1024x768.jpg 1024w, https:\/\/www.greenpeace.org\/static\/planet4-argentina-stateless\/2026\/04\/c79512f1-gp0stqt3a_pressmedia-2500px-768x576.jpg 768w, https:\/\/www.greenpeace.org\/static\/planet4-argentina-stateless\/2026\/04\/c79512f1-gp0stqt3a_pressmedia-2500px-1536x1152.jpg 1536w, https:\/\/www.greenpeace.org\/static\/planet4-argentina-stateless\/2026\/04\/c79512f1-gp0stqt3a_pressmedia-2500px-2048x1536.jpg 2048w, https:\/\/www.greenpeace.org\/static\/planet4-argentina-stateless\/2026\/04\/c79512f1-gp0stqt3a_pressmedia-2500px-1821x1366.jpg 1821w, https:\/\/www.greenpeace.org\/static\/planet4-argentina-stateless\/2026\/04\/c79512f1-gp0stqt3a_pressmedia-2500px-453x340.jpg 453w\" sizes=\"auto, (max-width: 2500px) 100vw, 2500px\" data-image-size=\"post-thumbnail\" data-stateless-media-bucket=\"planet4-argentina-stateless\" data-stateless-media-name=\"2026\/04\/c79512f1-gp0stqt3a_pressmedia-2500px.jpg\" \/><\/a><\/figure>\n\n        <div class=\"wp-block-group is-layout-flow wp-block-group-is-layout-flow\">\n        <div class=\"wp-block-group is-layout-flex wp-block-group-is-layout-flex\"><div class=\"wp-block-post-terms\"><a href=\"https:\/\/www.greenpeace.org\/argentina\/category\/problemas\/sustentabilidad\/\">Sustentabilidad<\/a><\/div>\n        \n        \n        <\/div>\n        \n        <h3 class=\"wp-block-post-title\"><a href=\"https:\/\/www.greenpeace.org\/argentina\/blog\/problemas\/sustentabilidad\/dia-de-la-tierra-un-llamado-a-construir-esperanza-en-tiempos-de-crisis-ambiental\/\" target=\"_self\" >D\u00eda de la Tierra: un llamado a construir esperanza en tiempos de crisis ambiental\u00a0<\/a><\/h3>\n        <div class=\"wp-block-post-excerpt\"><p class=\"wp-block-post-excerpt__excerpt\">La Tierra nos necesita l\u00facidos, no desesperados. <\/p><\/div>\n        \n        <div class=\"wp-block-group posts-list-meta is-layout-flow wp-block-group-is-layout-flow\"><span class='article-list-item-author'>Meri Castro<\/span>\n        <div class=\"wp-block-post-date\"><time datetime=\"2026-04-21T13:34:52-03:00\">21 abril 2026<\/time><\/div>\n        \n        <\/div>\n        <\/div>\n        <\/div>\n\n            <\/li><li class=\"wp-block-post post-33534 post type-post status-publish format-standard has-post-thumbnail hentry category-climayenergia tag-voluntarios tag-glaciares p4-page-type-blog\">\n            \n<div class=\"wp-block-columns is-layout-flex wp-container-core-columns-is-layout-9d6595d7 wp-block-columns-is-layout-flex\"><figure class=\"wp-block-post-featured-image\"><a href=\"https:\/\/www.greenpeace.org\/argentina\/blog\/problemas\/climayenergia\/greenpeace-en-las-calles-en-la-jornada-nacional-por-la-demanda-colectiva-para-defender-los-glaciares-sumate\/\" target=\"_self\"  ><img loading=\"lazy\" decoding=\"async\" width=\"499\" height=\"621\" src=\"https:\/\/www.greenpeace.org\/static\/planet4-argentina-stateless\/2026\/04\/5fa6cded-flyer.jpg\" class=\"attachment-post-thumbnail size-post-thumbnail wp-post-image wp-stateless-item\" alt=\"Greenpeace en las calles en la \u201cJornada Nacional por la demanda colectiva para defender los Glaciares&#8221;. \u00a1Sumate!\" style=\"object-fit:cover;\" srcset=\"https:\/\/www.greenpeace.org\/static\/planet4-argentina-stateless\/2026\/04\/5fa6cded-flyer.jpg 499w, https:\/\/www.greenpeace.org\/static\/planet4-argentina-stateless\/2026\/04\/5fa6cded-flyer-241x300.jpg 241w, https:\/\/www.greenpeace.org\/static\/planet4-argentina-stateless\/2026\/04\/5fa6cded-flyer-273x340.jpg 273w\" sizes=\"auto, (max-width: 499px) 100vw, 499px\" data-image-size=\"post-thumbnail\" data-stateless-media-bucket=\"planet4-argentina-stateless\" data-stateless-media-name=\"2026\/04\/5fa6cded-flyer.jpg\" \/><\/a><\/figure>\n\n        <div class=\"wp-block-group is-layout-flow wp-block-group-is-layout-flow\">\n        <div class=\"wp-block-group is-layout-flex wp-block-group-is-layout-flex\"><div class=\"wp-block-post-terms\"><a href=\"https:\/\/www.greenpeace.org\/argentina\/category\/problemas\/climayenergia\/\">Clima y Energ\u00eda<\/a><\/div>\n        \n        \n        <\/div>\n        \n        <h3 class=\"wp-block-post-title\"><a href=\"https:\/\/www.greenpeace.org\/argentina\/blog\/problemas\/climayenergia\/greenpeace-en-las-calles-en-la-jornada-nacional-por-la-demanda-colectiva-para-defender-los-glaciares-sumate\/\" target=\"_self\" >Greenpeace en las calles en la \u201cJornada Nacional por la demanda colectiva para defender los Glaciares&#8221;. \u00a1Sumate!<\/a><\/h3>\n        <div class=\"wp-block-post-excerpt\"><p class=\"wp-block-post-excerpt__excerpt\">Nuestros equipos locales de voluntarios y voluntarias van a estar presentes en las calles y en diferentes provincias este fin de semana. Sumate para realizar juntos actividades <\/p><\/div>\n        \n        <div class=\"wp-block-group posts-list-meta is-layout-flow wp-block-group-is-layout-flow\"><span class='article-list-item-author'><a href='https:\/\/www.greenpeace.org\/argentina\/author\/lcolombo\/'>Laura Colombo<\/a><\/span>\n        <div class=\"wp-block-post-date\"><time datetime=\"2026-04-17T17:22:06-03:00\">17 abril 2026<\/time><\/div>\n        \n        <\/div>\n        <\/div>\n        <\/div>\n\n            <\/li><li class=\"wp-block-post post-33498 post type-post status-publish format-standard has-post-thumbnail hentry category-climayenergia tag-glaciares p4-page-type-blog\">\n            \n<div class=\"wp-block-columns is-layout-flex wp-container-core-columns-is-layout-9d6595d7 wp-block-columns-is-layout-flex\"><figure class=\"wp-block-post-featured-image\"><a href=\"https:\/\/www.greenpeace.org\/argentina\/blog\/problemas\/climayenergia\/todo-lo-que-tenes-que-saber-para-sumarte-a-la-demanda-colectiva-para-defender-el-agua\/\" target=\"_self\"  ><img loading=\"lazy\" decoding=\"async\" width=\"977\" height=\"569\" src=\"https:\/\/www.greenpeace.org\/static\/planet4-argentina-stateless\/2026\/04\/eccf449d-box3.png\" class=\"attachment-post-thumbnail size-post-thumbnail wp-post-image wp-stateless-item\" alt=\"Todo lo que ten\u00e9s que saber para sumarte a la demanda colectiva para defender el agua.\" style=\"object-fit:cover;\" srcset=\"https:\/\/www.greenpeace.org\/static\/planet4-argentina-stateless\/2026\/04\/eccf449d-box3.png 977w, https:\/\/www.greenpeace.org\/static\/planet4-argentina-stateless\/2026\/04\/eccf449d-box3-300x175.png 300w, https:\/\/www.greenpeace.org\/static\/planet4-argentina-stateless\/2026\/04\/eccf449d-box3-768x447.png 768w, https:\/\/www.greenpeace.org\/static\/planet4-argentina-stateless\/2026\/04\/eccf449d-box3-510x297.png 510w\" sizes=\"auto, (max-width: 977px) 100vw, 977px\" data-image-size=\"post-thumbnail\" data-stateless-media-bucket=\"planet4-argentina-stateless\" data-stateless-media-name=\"2026\/04\/eccf449d-box3.png\" \/><\/a><\/figure>\n\n        <div class=\"wp-block-group is-layout-flow wp-block-group-is-layout-flow\">\n        <div class=\"wp-block-group is-layout-flex wp-block-group-is-layout-flex\"><div class=\"wp-block-post-terms\"><a href=\"https:\/\/www.greenpeace.org\/argentina\/category\/problemas\/climayenergia\/\">Clima y Energ\u00eda<\/a><\/div>\n        \n        \n        <\/div>\n        \n        <h3 class=\"wp-block-post-title\"><a href=\"https:\/\/www.greenpeace.org\/argentina\/blog\/problemas\/climayenergia\/todo-lo-que-tenes-que-saber-para-sumarte-a-la-demanda-colectiva-para-defender-el-agua\/\" target=\"_self\" >Todo lo que ten\u00e9s que saber para sumarte a la demanda colectiva para defender el agua.<\/a><\/h3>\n        <div class=\"wp-block-post-excerpt\"><p class=\"wp-block-post-excerpt__excerpt\">Las personas pueden sumarse para acompa\u00f1ar y fortalecer el reclamo desde lo social y lo colectivo, aumentando su visibilidad y legitimidad. <\/p><\/div>\n        \n        <div class=\"wp-block-group posts-list-meta is-layout-flow wp-block-group-is-layout-flow\"><span class='article-list-item-author'><a href='https:\/\/www.greenpeace.org\/argentina\/author\/lcolombo\/'>Laura Colombo<\/a><\/span>\n        <div class=\"wp-block-post-date\"><time datetime=\"2026-04-10T17:49:49-03:00\">10 abril 2026<\/time><\/div>\n        \n        <\/div>\n        <\/div>\n        <\/div>\n\n            <\/li><\/ul>\n\n    \n<div class=\"wp-block-buttons carousel-controls is-horizontal is-content-justification-space-between is-nowrap is-layout-flex wp-container-core-buttons-is-layout-044bd602 wp-block-buttons-is-layout-flex\">\n            <div class=\"wp-block-button carousel-control-prev\"><button type=\"button\" class=\"wp-block-button__link wp-element-button\">Prev<\/button><\/div>\n        \n\n            <div class=\"wp-block-button carousel-control-next\"><button type=\"button\" class=\"wp-block-button__link wp-element-button\">Next<\/button><\/div>\n        <\/div>\n\n\n    <li class=\" wp-block-navigation-item see-all-link wp-block-navigation-link\"><a class=\"wp-block-navigation-item__content\"  href=\"http:\/\/www.greenpeace.org\/argentina\/news-stories\/?post-type=blog\"><span class=\"wp-block-navigation-item__label\">See all stories<\/span><\/a><\/li><\/div>\n    ","protected":false},"excerpt":{"rendered":"","protected":false},"author":19,"featured_media":0,"parent":0,"menu_order":0,"comment_status":"closed","ping_status":"closed","template":"","meta":{"ep_exclude_from_search":false,"p4_hide_page_title_checkbox":"on","p4_title":"","p4_subtitle":"","p4_description":"","background_image_id":"","background_image":"","p4_button_title":"","p4_button_link":"","p4_button_link_checkbox":"","p4_og_title":"","p4_og_description":"","p4_og_image":"","p4_og_image_id":"","p4_seo_canonical_url":"","p4_campaign_name":"not set","p4_local_project":"not set","p4_basket_name":"not set","p4_department":"","footnotes":""},"categories":[44],"tags":[],"class_list":["post-359","page","type-page","status-publish","hentry","category-blog"],"_links":{"self":[{"href":"https:\/\/www.greenpeace.org\/argentina\/wp-json\/wp\/v2\/pages\/359","targetHints":{"allow":["GET"]}}],"collection":[{"href":"https:\/\/www.greenpeace.org\/argentina\/wp-json\/wp\/v2\/pages"}],"about":[{"href":"https:\/\/www.greenpeace.org\/argentina\/wp-json\/wp\/v2\/types\/page"}],"author":[{"embeddable":true,"href":"https:\/\/www.greenpeace.org\/argentina\/wp-json\/wp\/v2\/users\/19"}],"replies":[{"embeddable":true,"href":"https:\/\/www.greenpeace.org\/argentina\/wp-json\/wp\/v2\/comments?post=359"}],"version-history":[{"count":18,"href":"https:\/\/www.greenpeace.org\/argentina\/wp-json\/wp\/v2\/pages\/359\/revisions"}],"predecessor-version":[{"id":31824,"href":"https:\/\/www.greenpeace.org\/argentina\/wp-json\/wp\/v2\/pages\/359\/revisions\/31824"}],"wp:attachment":[{"href":"https:\/\/www.greenpeace.org\/argentina\/wp-json\/wp\/v2\/media?parent=359"}],"wp:term":[{"taxonomy":"category","embeddable":true,"href":"https:\/\/www.greenpeace.org\/argentina\/wp-json\/wp\/v2\/categories?post=359"},{"taxonomy":"post_tag","embeddable":true,"href":"https:\/\/www.greenpeace.org\/argentina\/wp-json\/wp\/v2\/tags?post=359"}],"curies":[{"name":"wp","href":"https:\/\/api.w.org\/{rel}","templated":true}]}}