{"id":392,"date":"2018-10-31T14:16:49","date_gmt":"2018-10-31T14:16:49","guid":{"rendered":"https:\/\/www.greenpeace.org\/argentina\/?page_id=392"},"modified":"2025-06-27T10:47:01","modified_gmt":"2025-06-27T13:47:01","slug":"defiende-a-las-ballenas","status":"publish","type":"page","link":"https:\/\/www.greenpeace.org\/argentina\/participa\/involucrate\/defiende-a-las-ballenas\/","title":{"rendered":"Defend\u00e9 a las ballenas"},"content":{"rendered":"\n<div class=\"wp-block-group alignfull is-layout-flow wp-block-group-is-layout-flow\">\n<div class=\"wp-block-cover\" style=\"min-height:430px;aspect-ratio:unset;\"><img loading=\"lazy\" decoding=\"async\" width=\"1024\" height=\"596\" class=\"wp-block-cover__image-background wp-image-23131\" alt=\"Ballena Franca Austral\" src=\"https:\/\/www.greenpeace.org\/static\/planet4-argentina-stateless\/2024\/02\/8a5092a9-ballena-franca-austral-3-1024x596.jpg\" style=\"object-position:50% 71%\" data-object-fit=\"cover\" data-object-position=\"50% 71%\" srcset=\"https:\/\/www.greenpeace.org\/static\/planet4-argentina-stateless\/2024\/02\/8a5092a9-ballena-franca-austral-3-1024x596.jpg 1024w, https:\/\/www.greenpeace.org\/static\/planet4-argentina-stateless\/2024\/02\/8a5092a9-ballena-franca-austral-3-300x175.jpg 300w, https:\/\/www.greenpeace.org\/static\/planet4-argentina-stateless\/2024\/02\/8a5092a9-ballena-franca-austral-3-768x447.jpg 768w, https:\/\/www.greenpeace.org\/static\/planet4-argentina-stateless\/2024\/02\/8a5092a9-ballena-franca-austral-3-1536x894.jpg 1536w, https:\/\/www.greenpeace.org\/static\/planet4-argentina-stateless\/2024\/02\/8a5092a9-ballena-franca-austral-3-2048x1192.jpg 2048w, https:\/\/www.greenpeace.org\/static\/planet4-argentina-stateless\/2024\/02\/8a5092a9-ballena-franca-austral-3-510x297.jpg 510w\" sizes=\"auto, (max-width: 1024px) 100vw, 1024px\" \/><span aria-hidden=\"true\" class=\"wp-block-cover__background has-background-dim-20 has-background-dim\"><\/span><div class=\"wp-block-cover__inner-container is-layout-flow wp-block-cover-is-layout-flow\">\n<h2 class=\"wp-block-heading has-text-align-center has-x-large-font-size\">Defend\u00e9 a las ballenas<\/h2>\n<\/div><\/div>\n<\/div>\n\n<p><span style=\"font-weight: 400;\">Las ballenas son animales de gran tama\u00f1o, inteligentes y pac\u00edficos. Estos mam\u00edferos marinos realizan largos viajes migratorios y tienen comportamientos sociales muy complejos. Se sabe que algunas especies utilizan diferentes series de sonidos para comunicarse. Sin embargo, a\u00fan queda mucho por aprender sobre su forma de vida. <\/span><\/p>\n\n<p><span style=\"font-weight: 400;\">En la actualidad, la cacer\u00eda sigue siendo una amenaza para estos cet\u00e1ceos, aunque otras causas ambientales tambi\u00e9n est\u00e1n afectando su supervivencia. El cambio clim\u00e1tico, la contaminaci\u00f3n, la destrucci\u00f3n de su h\u00e1bitat y la pesca sin control son solo algunos de los problemas que debemos resolver en forma urgente si queremos un mar saludable.<\/span><\/p>\n\n<p><span style=\"font-weight: 400;\">Lamentablemente, a trav\u00e9s de los a\u00f1os disminuyeron las poblaciones de la mayor\u00eda de las especies de ballenas. Algunas est\u00e1n al borde de la extinci\u00f3n y otras en lenta recuperaci\u00f3n. <\/span><\/p>\n\n<p><span style=\"font-weight: 400;\">En Greenpeace trabajamos desde 1975 para detener la matanza de estos mam\u00edferos. En 1982 participamos en la campa\u00f1a que logr\u00f3 que la Comisi\u00f3n Ballenera Internacional (CBI) decretara una moratoria a la caza comercial de ballenas. <\/span><\/p>\n\n<p><span style=\"font-weight: 400;\">A pesar de esto, Jap\u00f3n, Noruega e Islandia no la aceptaron y las han seguido capturando con la excusa de \u00a8pesca de investigaci\u00f3n\u00a8.<\/span><\/p>\n\n<p><span style=\"font-weight: 400;\">Por eso, hacemos campa\u00f1as en todo el mundo para defender a las poblaciones de ballenas que a\u00fan sobreviven y que est\u00e1n restableci\u00e9ndose.<\/span><\/p>\n\n\n<div class=\"wp-block-group alignfull block has-beige-100-background-color has-background is-layout-flow wp-block-group-is-layout-flow\">\n<div class=\"wp-block-group container is-layout-flow wp-block-group-is-layout-flow\">\n<div style=\"height:24px\" aria-hidden=\"true\" class=\"wp-block-spacer\"><\/div>\n\n\n\n<h3 class=\"wp-block-heading has-text-align-center\">Profundiz\u00e1 en los siguientes temas<\/h3>\n\n\n\n<div class=\"wp-block-columns is-layout-flex wp-container-core-columns-is-layout-9d6595d7 wp-block-columns-is-layout-flex\">\n<div class=\"wp-block-column is-layout-flow wp-block-column-is-layout-flow\">\n<div class=\"wp-block-group group-stretched-link is-layout-flow wp-block-group-is-layout-flow\">\n<figure class=\"wp-block-image aligncenter size-full is-resized force-no-lightbox force-no-caption is-style-rounded-180\"><a href=\"https:\/\/www.greenpeace.org\/colombia\/los-hechos-fundamentales-de-nuestra-campana-en-defensa-de-las-ballenas\/\"><img decoding=\"async\" src=\"https:\/\/www.greenpeace.org\/static\/planet4-colombia-stateless\/2021\/09\/2c4e06ab-foto2jpg.jpg\" alt=\"\" class=\"wp-image-5309\"\/><\/a><figcaption class=\"wp-element-caption\">Una de las primeras campa\u00f1as de Greenpeace fue contra la caza comercial de ballenas, que hab\u00eda devastado a la especie y la hab\u00eda llevado al borde de la extinci\u00f3n durante la primera mitad del siglo XX. \n<\/figcaption><\/figure>\n\n\n\n<h4 class=\"wp-block-heading has-text-align-center is-style-chevron\" style=\"font-size:1rem\"><a href=\"https:\/\/www.greenpeace.org\/argentina\/los-hechos-fundamentales-de-nuestra-campana-icono-50-anos-defendiendo-a-las-ballenas\/\">Defensa de las ballenas<\/a><\/h4>\n\n\n\n<div style=\"height:16px\" aria-hidden=\"true\" class=\"wp-block-spacer\"><\/div>\n<\/div>\n<\/div>\n\n\n\n<div class=\"wp-block-column is-layout-flow wp-block-column-is-layout-flow\">\n<div class=\"wp-block-group group-stretched-link is-layout-flow wp-block-group-is-layout-flow\">\n<figure class=\"wp-block-image aligncenter size-large is-resized force-no-lightbox force-no-caption is-style-rounded-180\"><img decoding=\"async\" src=\"https:\/\/www.greenpeace.org\/static\/planet4-colombia-stateless\/2020\/01\/86f18a86-oceanos-1024x597.jpg\" alt=\"\" class=\"wp-image-2701\"\/><figcaption class=\"wp-element-caption\">A pod of dolphins are pictured swimming close to the Greenpeace ship Arctic Sunrise, 20 miles off the north coast of Corsica, in the Pelagos Sanctuary for Mediterranean Marine Mammals.<\/figcaption><\/figure>\n\n\n\n<h4 class=\"wp-block-heading has-text-align-center is-style-chevron\" style=\"font-size:1rem\"><a href=\"https:\/\/www.greenpeace.org\/argentina\/tag\/santuariosmarinos\/\">Santuarios Marinos<\/a><\/h4>\n\n\n\n<div style=\"height:16px\" aria-hidden=\"true\" class=\"wp-block-spacer\"><\/div>\n<\/div>\n<\/div>\n\n\n\n<div class=\"wp-block-column is-layout-flow wp-block-column-is-layout-flow\">\n<div class=\"wp-block-group group-stretched-link is-layout-flow wp-block-group-is-layout-flow\">\n<figure class=\"wp-block-image aligncenter size-large is-resized force-no-lightbox force-no-caption is-style-rounded-180\"><a href=\"https:\/\/www.greenpeace.org\/colombia\/quieres-saber-mas-sobre-las-ballenas\/\"><img decoding=\"async\" src=\"https:\/\/www.greenpeace.org\/static\/planet4-colombia-stateless\/2022\/06\/0b5bfbd2-ballenas-jorobadas-en-tonga-1-1024x665.jpg\" alt=\"\" class=\"wp-image-6070\"\/><\/a><figcaption class=\"wp-element-caption\">Frente a las m\u00faltiples amenazas que sufren los oc\u00e9anos en el marco de la actual crisis clim\u00e1tica y de biodiversidad, Greenpeace record\u00f3 los motivos para defender estos ecosistemas fundamentales, en ocasi\u00f3n de una nueva edici\u00f3n del D\u00eda Mundial de los Oc\u00e9anos. La acidificaci\u00f3n, la sobrepesca, el vertimiento de residuos t\u00f3xicos, las islas de basuras y dem\u00e1s contaminaci\u00f3n hacen que sea urgente la protecci\u00f3n de los mismos.<\/figcaption><\/figure>\n\n\n\n<h4 class=\"wp-block-heading has-text-align-center is-style-chevron\" style=\"font-size:1rem\"><a href=\"https:\/\/www.greenpeace.org\/argentina\/queres-saber-mas-sobre-las-ballenas\/\">M\u00e1s sobre ballenas<\/a><\/h4>\n\n\n\n<div style=\"height:16px\" aria-hidden=\"true\" class=\"wp-block-spacer\"><\/div>\n<\/div>\n<\/div>\n<\/div>\n<\/div>\n<\/div>\n\n\n<h3 class=\"wp-block-heading\"><strong>Videos <\/strong><\/h3>\n\n<p><iframe loading=\"lazy\" src=\"https:\/\/www.youtube.com\/embed\/videoseries?list=PLKDiTVy7lFIX0rkqduYKLUhUjLnPGH5un\" width=\"560\" height=\"315\" frameborder=\"0\" allowfullscreen=\"allowfullscreen\"><span data-mce-type=\"bookmark\" style=\"display: inline-block; width: 0px; overflow: hidden; line-height: 0;\" \n\n\n\n\n\n\n\n\n\n\n\n\n\n\n\n\n\n\n\n\n<h3>&nbsp;<\/h3>\n<h3><strong>Videos&nbsp;<\/strong><\/h3>\n<p><iframe loading=\"lazy\" src=\"https:\/\/www.youtube.com\/embed\/videoseries?list=PLgR0D19YPNICI-c7JPVXJruX42nSYhL43\" width=\"560\" height=\"315\" frameborder=\"0\" allowfullscreen=\"allowfullscreen\"><span data-mce-type=\"bookmark\" style=\"display: inline-block; width: 0px; overflow: hidden; line-height: 0;\" class=\"mce_SELRES_start\">\ufeff<\/span><span data-mce-type=\"bookmark\" style=\"display: inline-block; width: 0px; overflow: hidden; line-height: 0;\" class=\"mce_SELRES_start\">\ufeff<\/span><span data-mce-type=\"bookmark\" style=\"display: inline-block; width: 0px; overflow: hidden; line-height: 0;\" class=\"mce_SELRES_start\">\ufeff<\/span><\/iframe><\/p>\n\n<p><\/p>\n","protected":false},"excerpt":{"rendered":"<p>Las ballenas son animales de gran tama\u00f1o, inteligentes y pac\u00edficos. Estos mam\u00edferos marinos realizan largos viajes migratorios y tienen comportamientos sociales muy complejos. Se sabe que algunas especies utilizan diferentes series de sonidos para comunicarse. Sin embargo, a\u00fan queda mucho por aprender sobre su forma de vida. En la actualidad, la cacer\u00eda sigue siendo una [&hellip;]<\/p>\n","protected":false},"author":19,"featured_media":357,"parent":11,"menu_order":0,"comment_status":"closed","ping_status":"closed","template":"","meta":{"ep_exclude_from_search":false,"p4_hide_page_title_checkbox":"on","p4_title":"","p4_subtitle":"","p4_description":"","background_image_id":"","background_image":"","p4_button_title":"","p4_button_link":"","p4_button_link_checkbox":"","p4_og_title":"","p4_og_description":"","p4_og_image":"","p4_og_image_id":"","p4_seo_canonical_url":"","p4_campaign_name":"not set","p4_local_project":"not set","p4_basket_name":"not set","p4_department":"","footnotes":""},"categories":[17],"tags":[19],"class_list":["post-392","page","type-page","status-publish","has-post-thumbnail","hentry","category-oceanos","tag-ballenas"],"_links":{"self":[{"href":"https:\/\/www.greenpeace.org\/argentina\/wp-json\/wp\/v2\/pages\/392","targetHints":{"allow":["GET"]}}],"collection":[{"href":"https:\/\/www.greenpeace.org\/argentina\/wp-json\/wp\/v2\/pages"}],"about":[{"href":"https:\/\/www.greenpeace.org\/argentina\/wp-json\/wp\/v2\/types\/page"}],"author":[{"embeddable":true,"href":"https:\/\/www.greenpeace.org\/argentina\/wp-json\/wp\/v2\/users\/19"}],"replies":[{"embeddable":true,"href":"https:\/\/www.greenpeace.org\/argentina\/wp-json\/wp\/v2\/comments?post=392"}],"version-history":[{"count":20,"href":"https:\/\/www.greenpeace.org\/argentina\/wp-json\/wp\/v2\/pages\/392\/revisions"}],"predecessor-version":[{"id":30283,"href":"https:\/\/www.greenpeace.org\/argentina\/wp-json\/wp\/v2\/pages\/392\/revisions\/30283"}],"up":[{"embeddable":true,"href":"https:\/\/www.greenpeace.org\/argentina\/wp-json\/wp\/v2\/pages\/11"}],"wp:featuredmedia":[{"embeddable":true,"href":"https:\/\/www.greenpeace.org\/argentina\/wp-json\/wp\/v2\/media\/357"}],"wp:attachment":[{"href":"https:\/\/www.greenpeace.org\/argentina\/wp-json\/wp\/v2\/media?parent=392"}],"wp:term":[{"taxonomy":"category","embeddable":true,"href":"https:\/\/www.greenpeace.org\/argentina\/wp-json\/wp\/v2\/categories?post=392"},{"taxonomy":"post_tag","embeddable":true,"href":"https:\/\/www.greenpeace.org\/argentina\/wp-json\/wp\/v2\/tags?post=392"}],"curies":[{"name":"wp","href":"https:\/\/api.w.org\/{rel}","templated":true}]}}