{"id":401,"date":"2018-10-31T14:47:43","date_gmt":"2018-10-31T14:47:43","guid":{"rendered":"https:\/\/www.greenpeace.org\/argentina\/?page_id=401"},"modified":"2024-03-26T08:39:07","modified_gmt":"2024-03-26T11:39:07","slug":"los-hechos-fundamentales-de-nuestra-campana-en-defensa-de-las-ballenas","status":"publish","type":"page","link":"https:\/\/www.greenpeace.org\/argentina\/los-hechos-fundamentales-de-nuestra-campana-en-defensa-de-las-ballenas\/","title":{"rendered":"Los hechos fundamentales de nuestra campa\u00f1a en defensa de las ballenas"},"content":{"rendered":"\n                    <div class=\"wp-block-group is-vertical is-layout-flex wp-container-core-group-is-layout-8cf370e7 wp-block-group-is-layout-flex\">\n                    \n\n                    \n                    <\/div>\n                    \n<p><strong>1975:<\/strong> <span style=\"font-weight: 400;\">Lanzamos la campa\u00f1a para salvar a las ballenas cuando nuestra embarcaci\u00f3n &#8220;Phyllis Cormack&#8221; se enfrenta al barco ballenero sovi\u00e9tico &#8220;Dalniy Vostok&#8221;, a 60 millas de la costa de Eureka, California, Estados Unidos. El primer gom\u00f3n de Greenpeace se interpone entre el arp\u00f3n y la ballena. El arponero dispara por encima del gom\u00f3n, pero la filmaci\u00f3n de este hecho, en el cual activistas arriesgan su vida por estos mam\u00edferos marinos, impulsa un movimiento global contra la cacer\u00eda.<\/span><\/p>\n\n<p><b>1976:<\/b><span style=\"font-weight: 400;\"> Con un barco m\u00e1s grande, el &#8220;James Bay&#8221;, nos enfrentamos a balleneros sovi\u00e9ticos a 1.400 millas de la costa de California, Estados Unidos.<\/span><\/p>\n\n<p><b>1977:<\/b><span style=\"font-weight: 400;\"> En junio, nuestro barco emblema &#8220;Rainbow Warrior&#8221; realiza su primera campa\u00f1a al enfrentar a balleneros de Islandia. En septiembre, confrontamos con gomones a balleneros sovi\u00e9ticos a 50 millas de la costa oeste de Australia.<\/span><\/p>\n\n<p><b>1978:<\/b><span style=\"font-weight: 400;\"> El &#8220;Rainbow Warrior&#8221; se enfrenta a balleneros espa\u00f1oles frente a la costa de Espa\u00f1a.<\/span><\/p>\n\n<p><b>1979:<\/b><span style=\"font-weight: 400;\"> El &#8220;Rainbow Warrior&#8221; es detenido por las autoridades durante su confrontaci\u00f3n con balleneros de Islandia.<\/span><\/p>\n\n<p><b>1979-1980:<\/b><span style=\"font-weight: 400;\"> Investigadores de nuestra organizaci\u00f3n en Taiw\u00e1n fotograf\u00edan y documentan a una flota de cuatro balleneros piratas cuando uno por uno entran a puerto para desembarcar sus capturas, las cuales son contrabandeadas a Jap\u00f3n. Con la publicaci\u00f3n de la evidencia, los balleneros piratas ser\u00edan forzados a abandonar su negocio ilegal.<\/span><\/p>\n\n<p><b>1980:<\/b><span style=\"font-weight: 400;\"> El &#8220;Rainbow Warrior&#8221; es arrestado por la armada de Espa\u00f1a cuando evitaba que barcos balleneros espa\u00f1oles persiguieran ballenas. Las autoridades nacionales quitan una parte vital del sistema de propulsi\u00f3n de la nave y la ponen bajo guardia armada. Luego, Espa\u00f1a se volver\u00eda un pa\u00eds conservacionista de ballenas.<\/span><\/p>\n\n<p><b>1981:<\/b><span style=\"font-weight: 400;\"> Un activista de Greenpeace se trepa a un barco ballenero japon\u00e9s (cuando est\u00e1 a un cuarto de milla de la costa de Jap\u00f3n) y se encadena al arp\u00f3n obligando a la nave a regresar a puerto durante la temporada alta de caza de ballenas. Este a\u00f1o, celebramos nuestra primera victoria legal cuando la Comisi\u00f3n Ballenera Internacional decreta una moratoria sobre la cacer\u00eda de cachalotes.<\/span><\/p>\n\n<p><b>1982: <\/b><span style=\"font-weight: 400;\">El 23 de julio la Comisi\u00f3n Ballenera Internacional vota a favor de una moratoria a la cacer\u00eda comercial de ballenas que entrar\u00e1 en efecto en 1986. En noviembre, tras una objeci\u00f3n de Per\u00fa a la moratoria, el &#8220;Rainbow Warrior&#8221; se enfrenta a balleneros peruanos. En&nbsp;<\/span><span style=\"font-weight: 400;\">Greenpeace trabajamos para consolidar nuestra posici\u00f3n alineada al bloque conservacionista latinoamericano.<\/span><\/p>\n\n<p><b>1983:<\/b><span style=\"font-weight: 400;\"> El &#8220;Rainbow Warrior&#8221; entra a aguas de la Uni\u00f3n Sovi\u00e9tica para documentar la caza de ballenas grises. Arrestan a los activistas de Greenpeace que bajan a tierra y nuestro barco es perseguido por naves de la armada sovi\u00e9tica a trav\u00e9s del Estrecho de Bering. Despu\u00e9s de que la filmaci\u00f3n de la persecuci\u00f3n es vista por todo el mundo los activistas son liberados.<\/span><\/p>\n\n<p><span style=\"font-weight: 400;\">En julio, Per\u00fa retira su objeci\u00f3n a la moratoria a la caza comercial de ballenas y deja de capturarlas. Luego, abandona la Comisi\u00f3n Ballenera Internacional y al tiempo retorna.<\/span><\/p>\n\n<p><b>1985:<\/b><span style=\"font-weight: 400;\"> En julio, nuestro barco &#8220;Sirius&#8221; llega a Inglaterra para entregar 1 mill\u00f3n de firmas a los delegados de la Comisi\u00f3n Ballenera Internacional para solicitar el fin de la caza de ballenas.<\/span><\/p>\n\n<p><b>1986: <\/b><span style=\"font-weight: 400;\">La guardia costera de Noruega arresta a nuestra nave &#8220;Moby Dick&#8221; en dos ocasiones por impedir que los balleneros de ese pa\u00eds cazaran ballenas.<\/span><\/p>\n\n<p><b>1987: <\/b><span style=\"font-weight: 400;\">Activistas de Greenpeace en Alemania interceptan un cargamento ilegal de carne de ballena de Islandia que ser\u00eda exportado a Jap\u00f3n. Las autoridades alemanas env\u00edan la carne de regreso a Islandia. <\/span><\/p>\n\n<p><span style=\"font-weight: 400;\">En diciembre, Jap\u00f3n empieza a cazar ballenas con la justificaci\u00f3n de llevar a cabo investigaciones cient\u00edficas. Varios activistas de Greenpeace, junto con una ballena inflable de 30 metros, son arrestados por la polic\u00eda japonesa cuando protestaban frente a un barco ballenero que estaba por partir hacia la Ant\u00e1rtida.<\/span><\/p>\n\n<p><b>1989: <\/b><span style=\"font-weight: 400;\">Islandia detiene su programa ballenero debido, en parte, al boicot internacional dirigido por Greenpeace y otras organizaciones en contra del pescado de ese pa\u00eds.<\/span><\/p>\n\n<p><b>1990: <\/b><span style=\"font-weight: 400;\">Nuestro barco &#8220;Gondwana&#8221; intercepta a la flota ballenera japonesa entre Australia y Nueva Zelanda. Activistas de Greenpeace saltan desde helic\u00f3pteros frente a las naves en un esfuerzo por detenerlas.<\/span><\/p>\n\n<p><b>1991-1992: <\/b><span style=\"font-weight: 400;\">Nuestra embarcaci\u00f3n &#8220;MV Greenpeace&#8221; obstaculiza en repetidas ocasiones a la flota ballenera japonesa en la Ant\u00e1rtida para evitar que capturen ballenas. Activistas de Greenpeace ocupan uno de los barcos balleneros evitando que las suban.<\/span><\/p>\n\n<p><b>1993: <\/b><span style=\"font-weight: 400;\">En octubre, entregamos 2 millones de firmas al gobierno de los Estados Unidos solicitando la creaci\u00f3n de un santuario ballenero en las aguas que rodean la Ant\u00e1rtida.<\/span><\/p>\n\n<p><b>1994:<\/b><span style=\"font-weight: 400;\"> Durante la reuni\u00f3n anual de la Comisi\u00f3n Ballenera Internacional en Puerto Vallarta, M\u00e9xico, se crea el Santuario Austral que rodea a la Ant\u00e1rtida. <\/span><\/p>\n\n<p><span style=\"font-weight: 400;\">Los barcos de Greenpeace &#8220;Solo&#8221; y &#8220;Sirius&#8221; se enfrentan a balleneros de Noruega cuando reanuda la cacer\u00eda comercial de ballenas. Despu\u00e9s de tres semanas de confrontaci\u00f3n las dos embarcaciones son arrestadas por la guardia costera del pa\u00eds.<\/span><\/p>\n\n<p><b>1995: <\/b><span style=\"font-weight: 400;\">En febrero, el barco &#8220;MV Greenpeace&#8221; encuentra a la flota ballenera japonesa violando el Santuario Austral. Nuestro helic\u00f3ptero entorpece la cacer\u00eda coloc\u00e1ndose entre el arp\u00f3n y las ballenas. <\/span><\/p>\n\n<p><span style=\"font-weight: 400;\">En Noruega, siete activistas se encadenan al barco ballenero del presidente de la asociaci\u00f3n ballenera noruega, quien golpea a los activistas frente a c\u00e1maras.<\/span><\/p>\n\n<p><b>1997:<\/b><span style=\"font-weight: 400;\"> Jap\u00f3n y Noruega proponen ante la CITES (<\/span><span style=\"font-weight: 400;\">Convenci\u00f3n sobre el Comercio Internacional de Especies Amenazadas de Fauna y Flora Silvestres)<\/span><span style=\"font-weight: 400;\"> la desprotecci\u00f3n de las ballenas gris, minke y bryde. El trabajo pol\u00edtico de Greenpeace junto con otras organizaciones consigue que la propuesta sea rechazada.<\/span><\/p>\n\n<p><b>1998: <\/b><span style=\"font-weight: 400;\">En su camino a la Ant\u00e1rtida se incendia un barco ballenero japon\u00e9s a 600 millas de Nueva Caledonia, Ocean\u00eda. Despu\u00e9s de que la nave es reparada en el puerto de Noumea, bloqueamos su salida.<\/span><\/p>\n\n<p><b>1999: <\/b><span style=\"font-weight: 400;\">Nuestra embarcaci\u00f3n &#8220;Sirius&#8221; se enfrenta a balleneros noruegos en el Mar del Norte, donde el barco &#8220;Kato&#8221; dispara en contra de los gomones de Greenpeace y deja inservible a uno de ellos. Un guardacostas noruego embiste otro de los gomones y uno de nuestros activistas es enviado al hospital con diversas fracturas. El &#8220;Sirius&#8221; y su tripulaci\u00f3n son detenidos. <\/span><\/p>\n\n<p><span style=\"font-weight: 400;\">El &#8220;Arctic Sunrise&#8221;, otra de nuestras naves, enfrenta a la flota ballenera japonesa en la Ant\u00e1rtida, donde es embestido por el barco factor\u00eda &#8220;Nishin Maru&#8221;. Nuestros activistas amarran los gomones a las ballenas arponeadas para impedir que los cazadores completen su maniobra.&nbsp;<\/span><\/p>\n\n<p><b>2000: <\/b><span style=\"font-weight: 400;\">Jap\u00f3n y Noruega proponen ante la CITES (<\/span><span style=\"font-weight: 400;\">Convenci\u00f3n sobre el Comercio Internacional de Especies Amenazadas de Fauna y Flora Silvestres)<\/span><span style=\"font-weight: 400;\"> la desprotecci\u00f3n de la ballena gris y la minke. Protestamos con una ballena inflable frente a la sede de la reuni\u00f3n, en Nairobi, Kenia. La propuesta es rechazada. <\/span><\/p>\n\n<p><span style=\"font-weight: 400;\">En la CBI (Comisi\u00f3n Ballenera Internacional) Jap\u00f3n bloquea, con los votos comprados a pa\u00edses caribe\u00f1os, la iniciativa de crear el Santuario del Pac\u00edfico Sur. Asimismo, en abierta violaci\u00f3n a las disposiciones de la CBI, Jap\u00f3n reanuda la caza de ballenas bryde y cachalote en el Pac\u00edfico Norte.<\/span><\/p>\n\n<p><b>2001: <\/b><span style=\"font-weight: 400;\">Desafiando a la CITES y a la CBI, Noruega anuncia que reanudar\u00e1 la exportaci\u00f3n de productos de ballena a Jap\u00f3n. <\/span><\/p>\n\n<p><span style=\"font-weight: 400;\">Tras nuestras denuncias, Jap\u00f3n contin\u00faa comprando votos a pa\u00edses caribe\u00f1os, centroamericanos y africanos, con lo cual bloquea en la CBI las propuestas de santuarios en el Pac\u00edfico Sur y Atl\u00e1ntico Sur. <\/span><\/p>\n\n<p><span style=\"font-weight: 400;\">La campa\u00f1a de Greenpeace es fundamental para lograr que Argentina se una a Brasil en el impulso de la propuesta de creaci\u00f3n del Santuario del Atl\u00e1ntico Sur. <\/span><\/p>\n\n<p><span style=\"font-weight: 400;\">En Latinoam\u00e9rica, comenzamos una campa\u00f1a para neutralizar los votos que Jap\u00f3n reclut\u00f3 de pa\u00edses de la regi\u00f3n.<\/span><\/p>\n\n<p><b>2003: <\/b><span style=\"font-weight: 400;\">En la reuni\u00f3n de la CBI celebrada en Berl\u00edn, Alemania, se aprueba la &#8220;Iniciativa de Berl\u00edn&#8221;, esta medida se basa en el Fortalecimiento de la Agenda de Conservaci\u00f3n de la Comisi\u00f3n Ballenera Internacional.<\/span><\/p>\n\n<p><span style=\"font-weight: 400;\">Islandia se asigna una cuota de 38 rorcuales aliblancos (<\/span><span style=\"font-weight: 400;\">ballenas minke)<\/span><span style=\"font-weight: 400;\">, de los cuales caza 36. La intenci\u00f3n es atrapar 200 ballenas minke, 200 rorcuales comunes (ballenas de aleta) y 100 rorcuales boreales &nbsp;(ballenas sei) durante un periodo de dos a\u00f1os. El &#8220;Rainbow Warrior&#8221; visita el pa\u00eds. <\/span><\/p>\n\n<p><span style=\"font-weight: 400;\">Se logra que los pa\u00edses reclutados por Jap\u00f3n en Latinoam\u00e9rica comiencen a votar a favor de la conservaci\u00f3n.<\/span><\/p>\n\n<p><b>2004: <\/b><span style=\"font-weight: 400;\">Islandia captura 25 rorcuales aliblancos (<\/span><span style=\"font-weight: 400;\">ballenas minke)<\/span><span style=\"font-weight: 400;\">. Nuestro barco&#8221;MV Esperanza&#8221; visita el pa\u00eds. El mercado local est\u00e1 bajando, no hay exportaciones a la vista y la oposici\u00f3n a esta actividad es cada vez m\u00e1s grande.<\/span><\/p>\n\n<p><b>2005: <\/b><span style=\"font-weight: 400;\">En marzo, nuestra embarcaci\u00f3n &#8220;Rainbow Warrior&#8221; visita la ciudad de Ulsan, Corea, sede de la reuni\u00f3n internacional de la Comisi\u00f3n Ballenera Internacional (CBI). <\/span><\/p>\n\n<p><span style=\"font-weight: 400;\">Establecemos una base temporal en el lugar y trabajamos junto a la Federaci\u00f3n del Movimiento Coreano por el Medio Ambiente. All\u00ed se pondr\u00e1 \u00e9nfasis en lograr que Corea cambie su postura pro caza de ballenas y adem\u00e1s, que modifique la decisi\u00f3n de construir una industria transformadora de carne de estos mam\u00edferos marinos. <\/span><span style=\"font-weight: 400;\">La base estar\u00e1 en el pa\u00eds hasta el final de la reuni\u00f3n de la CBI. <\/span><\/p>\n\n<p><span style=\"font-weight: 400;\">Uno de nuestros barcos visita Islandia por tercer a\u00f1o consecutivo, esta vez es el &#8220;Arctic Sunrise&#8221;.<\/span><\/p>\n\n<p><b>2006: <\/b><span style=\"font-weight: 400;\">Jap\u00f3n anuncia que duplicar\u00eda la cuota de ballenas a ser cazadas como parte de su programa de investigaci\u00f3n cient\u00edfica en la Ant\u00e1rtida. Nuestro barco \u201cEsperanza\u201d zarpa desde Ciudad del Cabo, Sud\u00e1frica, con destino al mar Ant\u00e1rtico para detener y documentar la caza dentro de los l\u00edmites del Santuario Ballenero Austral. <\/span><\/p>\n\n<p><span style=\"font-weight: 400;\">En junio, en el encuentro anual de la CBI, Jap\u00f3n y otros 32 pa\u00edses votan a favor de la &nbsp;<\/span><span style=\"font-weight: 400;\">\u00a8Declaraci\u00f3n de St.Kitts\u00a8<\/span><span style=\"font-weight: 400;\"> (<\/span><span style=\"font-weight: 400;\">el texto apoya la intenci\u00f3n de volver a la caza comercial en el futuro)<\/span> <span style=\"font-weight: 400;\">superando por un voto a los pa\u00edses conservacionistas. <\/span><\/p>\n\n<p><span style=\"font-weight: 400;\">El documento explica que una peque\u00f1a porci\u00f3n de la dieta alimenticia de las ballenas est\u00e1 compuesta por peces, y por esta raz\u00f3n ellas son responsables del colapso de las pesquer\u00edas (<\/span><span style=\"font-weight: 400;\">peces que se explotan comercialmente, ya sea para alimento humano o harina de pescado)<\/span><span style=\"font-weight: 400;\">. Esta declaraci\u00f3n no pudo ser fundamentada ya que no existe ning\u00fan estudio cient\u00edfico publicado que compruebe esta afirmaci\u00f3n. As\u00ed, Jap\u00f3n consigue un pretexto m\u00e1s en su esfuerzo por revertir la moratoria contra la caza comercial de ballenas. <\/span><\/p>\n\n<p><span style=\"font-weight: 400;\">La campa\u00f1a de Greenpeace en Latinoam\u00e9rica logra que en el resto de las votaciones la defensa de las ballenas se imponga por uno o dos votos.<\/span><\/p>\n\n<p><b>2007:<\/b><span style=\"font-weight: 400;\"> Mediante el trabajo en Am\u00e9rica Latina y pa\u00edses europeos que se suman a la CBI, se consigue que en la reuni\u00f3n de la Comisi\u00f3n Ballenera Internacional, organizada en Alaska, el balance de votos tenga nuevamente una clara mayor\u00eda conservacionista.<\/span><\/p>\n\n<p><span style=\"font-weight: 400;\">En un hecho \u00fanico, se consigue que pa\u00edses que hab\u00edan sido extorsionados por Jap\u00f3n para votar a favor de la cacer\u00eda (Panam\u00e1, Nicaragua, Guatemala) cambien su voto a la conservaci\u00f3n. Esto solo sucedi\u00f3 en Latinoam\u00e9rica.<\/span><\/p>\n\n<p><b>2008: <\/b><span style=\"font-weight: 400;\">La CBI comienza un proceso de reforma que llevar\u00e1 varios a\u00f1os y muchas negociaciones. Trabajamos para que se transforme de un organismo que regula la cacer\u00eda a uno que se focalice en la conservaci\u00f3n. <\/span><\/p>\n\n<p><span style=\"font-weight: 400;\">La reuni\u00f3n del a\u00f1o se celebra en Santiago de Chile, y con la suma de nuevos miembros a la Comisi\u00f3n Ballenera Internacional: Costa Rica, Ecuador y Uruguay. As\u00ed se consolida el Bloque Latinoamericano como un protagonista por la conservaci\u00f3n en el proceso de reforma. Apoyamos y presentamos nuestras demandas al bloque regional. <\/span><\/p>\n\n<p><span style=\"font-weight: 400;\">Durante el mismo a\u00f1o , descubrimos y demostramos la corrupci\u00f3n de funcionarios del gobierno de Jap\u00f3n como otra de las razones para terminar con la cacer\u00eda de ballenas. <\/span><span style=\"font-weight: 400;\">Dos activistas de Greenpeace son arrestados<\/span><span style=\"font-weight: 400;\"> durante m\u00e1s de 20 d\u00edas y luego enjuiciados. &nbsp;<\/span><\/p>\n\n<p><b>2009:<\/b><span style=\"font-weight: 400;\"> Con pocos avances contin\u00faa el proceso de reforma de la CBI. Rep\u00fablica Dominicana se suma al organismo, Colombia inicia el proceso de adhesi\u00f3n y el bloque latinoamericano se re\u00fane por sexta vez.<\/span><\/p>\n\n<p><span style=\"font-weight: 400;\">Jap\u00f3n contin\u00faa comprando votos a pa\u00edses en desarrollo de \u00c1frica.<\/span><\/p>\n\n<p><b>2010:<\/b><span style=\"font-weight: 400;\"> Fracasan los intentos de llegar a un acuerdo de reforma de la CBI, Jap\u00f3n se resiste a hacer concesiones y comprometerse a aceptar un plazo para terminar con la cacer\u00eda en el hemisferio sur (en el santuario Austral).<\/span><\/p>\n\n<p><span style=\"font-weight: 400;\">Los activistas de Greenpeace Jap\u00f3n que hab\u00edan sido arrestados en 2008, son sentenciados a 18 meses de prisi\u00f3n en suspenso, la oficina japonesa de Greenpeace apela la medida.<\/span><\/p>\n\n<p><b>2011:&nbsp;<\/b><span style=\"font-weight: 400;\">Jap\u00f3n evita la votaci\u00f3n a favor del Santuario Ballenero del Atl\u00e1ntico Sur<\/span><span style=\"font-weight: 400;\"> en la 63\u00ba reuni\u00f3n anual de la Comisi\u00f3n Ballenera Internacional. Esta era una de las propuestas m\u00e1s importantes del encuentro, pero Jap\u00f3n y sus aliados abandonaron el recinto, impidiendo una resoluci\u00f3n favorable.<\/span><\/p>\n\n<p><b>2014: <\/b><span style=\"font-weight: 400;\">La Corte Internacional de Justicia de la Haya le ordena a Jap\u00f3n abandonar la caza cient\u00edfica<\/span><span style=\"font-weight: 400;\"> de ballenas en el oc\u00e9ano Ant\u00e1rtico tras una demanda interpuesta por Australia.<\/span><\/p>\n\n<p><b>2016: <\/b><span style=\"font-weight: 400;\">En la reuni\u00f3n anual de la Comisi\u00f3n Ballenera Internacional <\/span><span style=\"font-weight: 400;\">se vuelve a debatir la creaci\u00f3n de un <\/span><span style=\"font-weight: 400;\">santuario en el Atl\u00e1ntico Sur<\/span><span style=\"font-weight: 400;\"> (<\/span><span style=\"font-weight: 400;\">m\u00e1s de 20 millones de kil\u00f3metros cuadrados)<\/span><span style=\"font-weight: 400;\">. A<\/span><span style=\"font-weight: 400;\"> pesar de que la mayor\u00eda de los pa\u00edses que asistieron a la convenci\u00f3n estuvieron a favor, no se obtuvieron las tres cuartas partes de los votos requeridos para su aprobaci\u00f3n.<\/span><\/p>\n\n<p><b>2018:<\/b><span style=\"font-weight: 400;\"> La CBI bloquea el regreso a la caza comercial propuesto por Jap\u00f3n. Esto provoca que el pa\u00eds se retire del organismo por decisi\u00f3n propia. <\/span><span style=\"font-weight: 400;\">A partir de esta resoluci\u00f3n surge la oportunidad de crear nuevos santuarios balleneros en el hemisferio sur.<\/span><\/p>\n","protected":false},"excerpt":{"rendered":"<p>1975: Lanzamos la campa\u00f1a para salvar a las ballenas cuando nuestra embarcaci\u00f3n &#8220;Phyllis Cormack&#8221; se enfrenta al barco ballenero sovi\u00e9tico &#8220;Dalniy Vostok&#8221;, a 60 millas de la costa de Eureka, California, Estados Unidos. El primer gom\u00f3n de Greenpeace se interpone entre el arp\u00f3n y la ballena. El arponero dispara por encima del gom\u00f3n, pero la [&hellip;]<\/p>\n","protected":false},"author":19,"featured_media":0,"parent":0,"menu_order":0,"comment_status":"closed","ping_status":"closed","template":"","meta":{"ep_exclude_from_search":false,"p4_hide_page_title_checkbox":"","p4_title":"","p4_subtitle":"","p4_description":"","background_image_id":"","background_image":"","p4_button_title":"","p4_button_link":"","p4_button_link_checkbox":"","p4_og_title":"","p4_og_description":"","p4_og_image":"","p4_og_image_id":"","p4_seo_canonical_url":"","p4_campaign_name":"not set","p4_local_project":"not set","p4_basket_name":"not set","p4_department":"","footnotes":""},"categories":[],"tags":[],"class_list":["post-401","page","type-page","status-publish","hentry"],"_links":{"self":[{"href":"https:\/\/www.greenpeace.org\/argentina\/wp-json\/wp\/v2\/pages\/401","targetHints":{"allow":["GET"]}}],"collection":[{"href":"https:\/\/www.greenpeace.org\/argentina\/wp-json\/wp\/v2\/pages"}],"about":[{"href":"https:\/\/www.greenpeace.org\/argentina\/wp-json\/wp\/v2\/types\/page"}],"author":[{"embeddable":true,"href":"https:\/\/www.greenpeace.org\/argentina\/wp-json\/wp\/v2\/users\/19"}],"replies":[{"embeddable":true,"href":"https:\/\/www.greenpeace.org\/argentina\/wp-json\/wp\/v2\/comments?post=401"}],"version-history":[{"count":8,"href":"https:\/\/www.greenpeace.org\/argentina\/wp-json\/wp\/v2\/pages\/401\/revisions"}],"predecessor-version":[{"id":23472,"href":"https:\/\/www.greenpeace.org\/argentina\/wp-json\/wp\/v2\/pages\/401\/revisions\/23472"}],"wp:attachment":[{"href":"https:\/\/www.greenpeace.org\/argentina\/wp-json\/wp\/v2\/media?parent=401"}],"wp:term":[{"taxonomy":"category","embeddable":true,"href":"https:\/\/www.greenpeace.org\/argentina\/wp-json\/wp\/v2\/categories?post=401"},{"taxonomy":"post_tag","embeddable":true,"href":"https:\/\/www.greenpeace.org\/argentina\/wp-json\/wp\/v2\/tags?post=401"}],"curies":[{"name":"wp","href":"https:\/\/api.w.org\/{rel}","templated":true}]}}