{"id":4255,"date":"2020-04-01T14:57:17","date_gmt":"2020-04-01T17:57:17","guid":{"rendered":"https:\/\/www.greenpeace.org\/argentina\/coronavirus\/"},"modified":"2026-04-08T05:36:21","modified_gmt":"2026-04-08T08:36:21","slug":"coronavirus","status":"publish","type":"page","link":"https:\/\/www.greenpeace.org\/argentina\/coronavirus\/","title":{"rendered":"#Coronavirus"},"content":{"rendered":"\n        <div class=\"wp-block-query actions-list p4-query-loop is-custom-layout-actions-list is-custom-layout-grid is-layout-grid wp-container-core-query-is-layout-29f43435 wp-block-query-is-layout-grid\"><h2 class=\"wp-block-heading\">u00bfQuu00e9 podu00e9s hacer?<\/h2>\n        <p style=\"margin-top: 24px; margin-bottom: 32px;\">Queremos que participes porque juntos somos fuertes.<\/p>\n        <div class=\"wp-block-query-no-results\">\n        <p >No posts found.<\/p>\n        <\/div>\n        \n        \n<div class=\"wp-block-buttons carousel-controls is-horizontal is-content-justification-space-between is-nowrap is-layout-flex wp-container-core-buttons-is-layout-044bd602 wp-block-buttons-is-layout-flex\">\n            <div class=\"wp-block-button carousel-control-prev\"><button type=\"button\" class=\"wp-block-button__link wp-element-button\">Prev<\/button><\/div>\n        \n\n            <div class=\"wp-block-button carousel-control-next\"><button type=\"button\" class=\"wp-block-button__link wp-element-button\">Next<\/button><\/div>\n        <\/div>\n\n        \n<div class=\"wp-block-buttons load-more-actions-container is-content-justification-center is-layout-flex wp-container-core-buttons-is-layout-16018d1d wp-block-buttons-is-layout-flex\">\n                <div class=\"wp-block-button is-style-secondary\"><button type=\"button\" class=\"wp-block-button__link wp-element-button\">Mostrar m\u00e1s<\/button><\/div>\n            \n<\/div>\n<\/div>\n        \n    <div class=\"wp-block-query posts-list p4-query-loop is-custom-layout-list is-layout-flow wp-block-query-is-layout-flow\">\n        <div class=\"wp-block-group is-content-justification-space-between is-layout-flex wp-container-core-group-is-layout-3d213aab wp-block-group-is-layout-flex\"><h2 class=\"wp-block-heading\">Related Articles<\/h2>\n        <li class=\" wp-block-navigation-item see-all-link wp-block-navigation-link\"><a class=\"wp-block-navigation-item__content\"  href=\"http:\/\/www.greenpeace.org\/argentina\/news-stories\/?tag=coronavirus\"><span class=\"wp-block-navigation-item__label\">See all stories<\/span><\/a><\/li>\n        \n        <\/div>\n        \n\n    <p style=\"margin-top: 24px; margin-bottom: 36px;\"><\/p>\n\n    \n\n    <ul class=\"wp-block-post-template is-layout-flow wp-block-post-template-is-layout-flow\"><li class=\"wp-block-post post-11444 post type-post status-publish format-standard has-post-thumbnail hentry category-blog category-bosques category-climayenergia category-contaminacion category-oceanos tag-agroecologia tag-australiaenllamas tag-coronavirus tag-destruirbosquesesuncrimen tag-santuariosmarinos p4-page-type-blog\">\n            \n<div class=\"wp-block-columns is-layout-flex wp-container-core-columns-is-layout-9d6595d7 wp-block-columns-is-layout-flex\"><figure class=\"wp-block-post-featured-image\"><a href=\"https:\/\/www.greenpeace.org\/argentina\/blog\/problemas\/bosques\/este-fue-el-2020\/\" target=\"_self\"  ><img loading=\"lazy\" decoding=\"async\" width=\"1200\" height=\"801\" src=\"https:\/\/www.greenpeace.org\/static\/planet4-argentina-stateless\/3797ec08-gp0stuj49_medium_res.jpg\" class=\"attachment-post-thumbnail size-post-thumbnail wp-post-image wp-stateless-item\" alt=\"Este fue el 2020\" style=\"object-fit:cover;\" data-image-size=\"post-thumbnail\" data-stateless-media-bucket=\"planet4-argentina-stateless\" data-stateless-media-name=\"3797ec08-gp0stuj49_medium_res.jpg\" \/><\/a><\/figure>\n\n        <div class=\"wp-block-group is-layout-flow wp-block-group-is-layout-flow\">\n        <div class=\"wp-block-group is-layout-flex wp-block-group-is-layout-flex\"><div class=\"wp-block-post-terms\"><a href=\"https:\/\/www.greenpeace.org\/argentina\/category\/blog\/\">Blog<\/a><\/div>\n        \n        \n        <\/div>\n        \n        <h3 class=\"wp-block-post-title\"><a href=\"https:\/\/www.greenpeace.org\/argentina\/blog\/problemas\/bosques\/este-fue-el-2020\/\" target=\"_self\" >Este fue el 2020<\/a><\/h3>\n        <div class=\"wp-block-post-excerpt\"><p class=\"wp-block-post-excerpt__excerpt\">Esta colecci\u00f3n de fotos es para aplaudir a activistas y fot\u00f3grafos que arriesgaron sus vidas durante la pandemia para ser testigos de estos incidentes y para asegurarse de que fueran documentados para que el mundo los viera. <\/p><\/div>\n        \n        <div class=\"wp-block-group posts-list-meta is-layout-flow wp-block-group-is-layout-flow\"><span class='article-list-item-author'><a href='https:\/\/www.greenpeace.org\/argentina\/author\/lcolombo\/'>Laura Colombo<\/a><\/span>\n        <div class=\"wp-block-post-date\"><time datetime=\"2020-12-21T17:10:40-03:00\">21 diciembre 2020<\/time><\/div>\n        \n        <\/div>\n        <\/div>\n        <\/div>\n\n            <\/li><li class=\"wp-block-post post-10224 post type-post status-publish format-standard has-post-thumbnail hentry category-blog tag-voluntarios tag-coronavirus p4-page-type-blog\">\n            \n<div class=\"wp-block-columns is-layout-flex wp-container-core-columns-is-layout-9d6595d7 wp-block-columns-is-layout-flex\"><figure class=\"wp-block-post-featured-image\"><a href=\"https:\/\/www.greenpeace.org\/argentina\/blog\/blog\/colaboramos-para-hacer-frente-al-coronavirus-en-mar-del-plata\/\" target=\"_self\"  ><img loading=\"lazy\" decoding=\"async\" width=\"1280\" height=\"710\" src=\"https:\/\/www.greenpeace.org\/static\/planet4-argentina-stateless\/2020\/06\/02b96570-mardel_1.jpeg\" class=\"attachment-post-thumbnail size-post-thumbnail wp-post-image wp-stateless-item\" alt=\"Colaboramos para hacer frente al coronavirus en Mar del Plata\" style=\"object-fit:cover;\" srcset=\"https:\/\/www.greenpeace.org\/static\/planet4-argentina-stateless\/2020\/06\/02b96570-mardel_1.jpeg 1280w, https:\/\/www.greenpeace.org\/static\/planet4-argentina-stateless\/2020\/06\/02b96570-mardel_1-300x166.jpeg 300w, https:\/\/www.greenpeace.org\/static\/planet4-argentina-stateless\/2020\/06\/02b96570-mardel_1-1024x568.jpeg 1024w, https:\/\/www.greenpeace.org\/static\/planet4-argentina-stateless\/2020\/06\/02b96570-mardel_1-768x426.jpeg 768w, https:\/\/www.greenpeace.org\/static\/planet4-argentina-stateless\/2020\/06\/02b96570-mardel_1-510x283.jpeg 510w\" sizes=\"auto, (max-width: 1280px) 100vw, 1280px\" data-image-size=\"post-thumbnail\" data-stateless-media-bucket=\"planet4-argentina-stateless\" data-stateless-media-name=\"2020\/06\/02b96570-mardel_1.jpeg\" \/><\/a><\/figure>\n\n        <div class=\"wp-block-group is-layout-flow wp-block-group-is-layout-flow\">\n        <div class=\"wp-block-group is-layout-flex wp-block-group-is-layout-flex\"><div class=\"wp-block-post-terms\"><a href=\"https:\/\/www.greenpeace.org\/argentina\/category\/blog\/\">Blog<\/a><\/div>\n        \n        \n        <\/div>\n        \n        <h3 class=\"wp-block-post-title\"><a href=\"https:\/\/www.greenpeace.org\/argentina\/blog\/blog\/colaboramos-para-hacer-frente-al-coronavirus-en-mar-del-plata\/\" target=\"_self\" >Colaboramos para hacer frente al coronavirus en Mar del Plata<\/a><\/h3>\n        <div class=\"wp-block-post-excerpt\"><p class=\"wp-block-post-excerpt__excerpt\">En esta nota voluntarias del equipo de Mar del Plata te cuentan lo que hicieron para ayudar al personal del Hospital Regional Interzonal de dicha ciudad y c\u00f3mo se sintieron al hacer este aporte a la comunidad. <\/p><\/div>\n        \n        <div class=\"wp-block-group posts-list-meta is-layout-flow wp-block-group-is-layout-flow\"><span class='article-list-item-author'><a href='https:\/\/www.greenpeace.org\/argentina\/author\/voluntarios\/'>Voluntarios Argentina<\/a><\/span>\n        <div class=\"wp-block-post-date\"><time datetime=\"2020-06-04T14:00:00-03:00\">4 junio 2020<\/time><\/div>\n        \n        <\/div>\n        <\/div>\n        <\/div>\n\n            <\/li><li class=\"wp-block-post post-10124 post type-post status-publish format-standard has-post-thumbnail hentry category-blog category-bosques tag-coronavirus tag-destruirbosquesesuncrimen p4-page-type-blog\">\n            \n<div class=\"wp-block-columns is-layout-flex wp-container-core-columns-is-layout-9d6595d7 wp-block-columns-is-layout-flex\"><figure class=\"wp-block-post-featured-image\"><a href=\"https:\/\/www.greenpeace.org\/argentina\/blog\/problemas\/bosques\/covid-19-animales-en-la-ciudad-animales-sin-hogar\/\" target=\"_self\"  ><img loading=\"lazy\" decoding=\"async\" width=\"754\" height=\"498\" src=\"https:\/\/www.greenpeace.org\/static\/planet4-argentina-stateless\/2020\/05\/b2ab360c-file-20200329-146719-1quuxfr.jpeg\" class=\"attachment-post-thumbnail size-post-thumbnail wp-post-image wp-stateless-item\" alt=\"COVID 19: Animales en la ciudad. Animales sin hogar.\" style=\"object-fit:cover;\" srcset=\"https:\/\/www.greenpeace.org\/static\/planet4-argentina-stateless\/2020\/05\/b2ab360c-file-20200329-146719-1quuxfr.jpeg 754w, https:\/\/www.greenpeace.org\/static\/planet4-argentina-stateless\/2020\/05\/b2ab360c-file-20200329-146719-1quuxfr-300x198.jpeg 300w, https:\/\/www.greenpeace.org\/static\/planet4-argentina-stateless\/2020\/05\/b2ab360c-file-20200329-146719-1quuxfr-510x337.jpeg 510w\" sizes=\"auto, (max-width: 754px) 100vw, 754px\" data-image-size=\"post-thumbnail\" data-stateless-media-bucket=\"planet4-argentina-stateless\" data-stateless-media-name=\"2020\/05\/b2ab360c-file-20200329-146719-1quuxfr.jpeg\" \/><\/a><\/figure>\n\n        <div class=\"wp-block-group is-layout-flow wp-block-group-is-layout-flow\">\n        <div class=\"wp-block-group is-layout-flex wp-block-group-is-layout-flex\"><div class=\"wp-block-post-terms\"><a href=\"https:\/\/www.greenpeace.org\/argentina\/category\/blog\/\">Blog<\/a><\/div>\n        \n        \n        <\/div>\n        \n        <h3 class=\"wp-block-post-title\"><a href=\"https:\/\/www.greenpeace.org\/argentina\/blog\/problemas\/bosques\/covid-19-animales-en-la-ciudad-animales-sin-hogar\/\" target=\"_self\" >COVID 19: Animales en la ciudad. Animales sin hogar.<\/a><\/h3>\n        <div class=\"wp-block-post-excerpt\"><p class=\"wp-block-post-excerpt__excerpt\">La pandemia de coronavirus hizo que los espacios p\u00fablicos de todo el mundo fueran abandonados temporalmente. Las avenidas principales empezaron a estar casi vac\u00edas y las plazas p\u00fablicas silenciosas. Y&hellip; <\/p><\/div>\n        \n        <div class=\"wp-block-group posts-list-meta is-layout-flow wp-block-group-is-layout-flow\"><span class='article-list-item-author'><a href='https:\/\/www.greenpeace.org\/argentina\/author\/lcolombo\/'>Laura Colombo<\/a><\/span>\n        <div class=\"wp-block-post-date\"><time datetime=\"2020-05-11T21:10:16-03:00\">11 mayo 2020<\/time><\/div>\n        \n        <\/div>\n        <\/div>\n        <\/div>\n\n            <\/li><\/ul>\n\n    \n<div class=\"wp-block-buttons carousel-controls is-horizontal is-content-justification-space-between is-nowrap is-layout-flex wp-container-core-buttons-is-layout-044bd602 wp-block-buttons-is-layout-flex\">\n            <div class=\"wp-block-button carousel-control-prev\"><button type=\"button\" class=\"wp-block-button__link wp-element-button\">Prev<\/button><\/div>\n        \n\n            <div class=\"wp-block-button carousel-control-next\"><button type=\"button\" class=\"wp-block-button__link wp-element-button\">Next<\/button><\/div>\n        <\/div>\n\n\n    <li class=\" wp-block-navigation-item see-all-link wp-block-navigation-link\"><a class=\"wp-block-navigation-item__content\"  href=\"http:\/\/www.greenpeace.org\/argentina\/news-stories\/?tag=coronavirus\"><span class=\"wp-block-navigation-item__label\">See all stories<\/span><\/a><\/li><\/div>\n    \n    <div class=\"wp-block-query posts-list p4-query-loop is-custom-layout-grid is-layout-grid wp-container-core-query-is-layout-b8bb0bd1 wp-block-query-is-layout-grid\">\n        <div class=\"wp-block-group is-content-justification-space-between is-layout-flex wp-container-core-group-is-layout-3d213aab wp-block-group-is-layout-flex\"><h2 class=\"wp-block-heading\">Publications<\/h2>\n        <li class=\" wp-block-navigation-item see-all-link wp-block-navigation-link\"><a class=\"wp-block-navigation-item__content\"  href=\"http:\/\/www.greenpeace.org\/argentina\/news-stories\/?tag=coronavirus&#038;post-type=\"><span class=\"wp-block-navigation-item__label\">See all stories<\/span><\/a><\/li>\n        \n        <\/div>\n        \n\n    <p style=\"margin-top: 24px; margin-bottom: 36px;\"><\/p>\n\n    <div class=\"wp-block-query-no-results\">\n        <p style=\"\">No posts found.<\/p>\n        <\/div>\n\n    \n\n    \n<div class=\"wp-block-buttons carousel-controls is-horizontal is-content-justification-space-between is-nowrap is-layout-flex wp-container-core-buttons-is-layout-044bd602 wp-block-buttons-is-layout-flex\">\n            <div class=\"wp-block-button carousel-control-prev\"><button type=\"button\" class=\"wp-block-button__link wp-element-button\">Prev<\/button><\/div>\n        \n\n            <div class=\"wp-block-button carousel-control-next\"><button type=\"button\" class=\"wp-block-button__link wp-element-button\">Next<\/button><\/div>\n        <\/div>\n\n\n    <li class=\" wp-block-navigation-item see-all-link wp-block-navigation-link\"><a class=\"wp-block-navigation-item__content\"  href=\"http:\/\/www.greenpeace.org\/argentina\/news-stories\/?tag=coronavirus&#038;post-type=\"><span class=\"wp-block-navigation-item__label\">See all stories<\/span><\/a><\/li><\/div>\n    <div data-render=\"planet4-blocks\/happypoint\" data-attributes=\"{&quot;attributes&quot;:{&quot;mailing_list_iframe&quot;:true,&quot;opacity&quot;:30,&quot;override_default_content&quot;:false,&quot;local_content_provider&quot;:&quot;none&quot;}}\"><\/div>","protected":false},"excerpt":{"rendered":"","protected":false},"author":19,"featured_media":0,"parent":0,"menu_order":0,"comment_status":"closed","ping_status":"closed","template":"","meta":{"ep_exclude_from_search":false,"p4_hide_page_title_checkbox":"","p4_title":"","p4_subtitle":"","p4_description":"","background_image_id":"","background_image":"","p4_button_title":"","p4_button_link":"","p4_button_link_checkbox":"","p4_og_title":"","p4_og_description":"","p4_og_image":"","p4_og_image_id":"","p4_seo_canonical_url":"","p4_campaign_name":"","p4_local_project":"","p4_basket_name":"","p4_department":"","footnotes":""},"categories":[],"tags":[],"class_list":["post-4255","page","type-page","status-publish","hentry"],"_links":{"self":[{"href":"https:\/\/www.greenpeace.org\/argentina\/wp-json\/wp\/v2\/pages\/4255","targetHints":{"allow":["GET"]}}],"collection":[{"href":"https:\/\/www.greenpeace.org\/argentina\/wp-json\/wp\/v2\/pages"}],"about":[{"href":"https:\/\/www.greenpeace.org\/argentina\/wp-json\/wp\/v2\/types\/page"}],"author":[{"embeddable":true,"href":"https:\/\/www.greenpeace.org\/argentina\/wp-json\/wp\/v2\/users\/19"}],"replies":[{"embeddable":true,"href":"https:\/\/www.greenpeace.org\/argentina\/wp-json\/wp\/v2\/comments?post=4255"}],"version-history":[{"count":11,"href":"https:\/\/www.greenpeace.org\/argentina\/wp-json\/wp\/v2\/pages\/4255\/revisions"}],"predecessor-version":[{"id":33428,"href":"https:\/\/www.greenpeace.org\/argentina\/wp-json\/wp\/v2\/pages\/4255\/revisions\/33428"}],"wp:attachment":[{"href":"https:\/\/www.greenpeace.org\/argentina\/wp-json\/wp\/v2\/media?parent=4255"}],"wp:term":[{"taxonomy":"category","embeddable":true,"href":"https:\/\/www.greenpeace.org\/argentina\/wp-json\/wp\/v2\/categories?post=4255"},{"taxonomy":"post_tag","embeddable":true,"href":"https:\/\/www.greenpeace.org\/argentina\/wp-json\/wp\/v2\/tags?post=4255"}],"curies":[{"name":"wp","href":"https:\/\/api.w.org\/{rel}","templated":true}]}}