{"id":429,"date":"2018-10-31T15:08:54","date_gmt":"2018-10-31T15:08:54","guid":{"rendered":"https:\/\/www.greenpeace.org\/argentina\/?page_id=429"},"modified":"2024-03-26T08:39:06","modified_gmt":"2024-03-26T11:39:06","slug":"terminos-y-condiciones","status":"publish","type":"page","link":"https:\/\/www.greenpeace.org\/argentina\/terminos-y-condiciones\/","title":{"rendered":"T\u00e9rminos y condiciones"},"content":{"rendered":"\n                    <div class=\"wp-block-group is-vertical is-layout-flex wp-container-core-group-is-layout-8cf370e7 wp-block-group-is-layout-flex\">\n                    \n\n                    \n                    <\/div>\n                    \n<h2 class=\"wp-block-heading\"><\/h2>\n\n<p><span style=\"font-weight: 400;\">Greenpeace es una red formada por Greenpeace Internacional y 27 oficinas nacionales y regionales de Greenpeace, las cuales son todas entidades separadas e independientes.<\/span><\/p>\n\n<p><span style=\"font-weight: 400;\">El contenido de cada subsecci\u00f3n de greenpeace.org es publicado y administrado por la entidad responsable. Por ejemplo, las p\u00e1ginas cuya direcci\u00f3n comienzan con http:\/\/www.greenpeace.org est\u00e1n bajo el control editorial de Greenpeace Internacional. <\/span><\/p>\n\n<p><span style=\"font-weight: 400;\">Para preguntas u otros comentarios, comunicate con la entidad de Greenpeace responsable. En general, pod\u00e9s ver la entidad correspondiente <\/span>en la parte superior de cada p\u00e1gina web.<\/p>\n\n<p><span style=\"font-weight: 400;\">En pos de la conveniencia, en este sitio web podemos referirnos a \u201cGreenpeace\u201d cuando se habla de Greenpeace Internacional o de una de las organizaciones nacionales o regionales de Greenpeace. Adem\u00e1s, por razones de conveniencia<\/span> <span style=\"font-weight: 400;\">tambi\u00e9n podemos usar las palabras \u201cnosotros\u201d, \u201cnos\u201d y \u201cnuestro\u201d  para referirnos a otras entidades en la red de Greenpeace y a sus respectivos empleados, activistas y voluntarios.<\/span><\/p>\n\n<h2 class=\"wp-block-heading\"><\/h2>\n\n<h2 class=\"wp-block-heading\"><\/h2>\n","protected":false},"excerpt":{"rendered":"<p>Greenpeace es una red formada por Greenpeace Internacional y 27 oficinas nacionales y regionales de Greenpeace, las cuales son todas entidades separadas e independientes. El contenido de cada subsecci\u00f3n de greenpeace.org es publicado y administrado por la entidad responsable. Por ejemplo, las p\u00e1ginas cuya direcci\u00f3n comienzan con http:\/\/www.greenpeace.org est\u00e1n bajo el control editorial de Greenpeace [&hellip;]<\/p>\n","protected":false},"author":19,"featured_media":0,"parent":0,"menu_order":0,"comment_status":"closed","ping_status":"closed","template":"","meta":{"ep_exclude_from_search":false,"p4_hide_page_title_checkbox":"","p4_title":"","p4_subtitle":"","p4_description":"","background_image_id":"","background_image":"","p4_button_title":"","p4_button_link":"","p4_button_link_checkbox":"","p4_og_title":"","p4_og_description":"","p4_og_image":"","p4_og_image_id":"","p4_seo_canonical_url":"","p4_campaign_name":"not set","p4_local_project":"not set","p4_basket_name":"not set","p4_department":"","footnotes":""},"categories":[],"tags":[],"class_list":["post-429","page","type-page","status-publish","hentry"],"_links":{"self":[{"href":"https:\/\/www.greenpeace.org\/argentina\/wp-json\/wp\/v2\/pages\/429","targetHints":{"allow":["GET"]}}],"collection":[{"href":"https:\/\/www.greenpeace.org\/argentina\/wp-json\/wp\/v2\/pages"}],"about":[{"href":"https:\/\/www.greenpeace.org\/argentina\/wp-json\/wp\/v2\/types\/page"}],"author":[{"embeddable":true,"href":"https:\/\/www.greenpeace.org\/argentina\/wp-json\/wp\/v2\/users\/19"}],"replies":[{"embeddable":true,"href":"https:\/\/www.greenpeace.org\/argentina\/wp-json\/wp\/v2\/comments?post=429"}],"version-history":[{"count":20,"href":"https:\/\/www.greenpeace.org\/argentina\/wp-json\/wp\/v2\/pages\/429\/revisions"}],"predecessor-version":[{"id":23469,"href":"https:\/\/www.greenpeace.org\/argentina\/wp-json\/wp\/v2\/pages\/429\/revisions\/23469"}],"wp:attachment":[{"href":"https:\/\/www.greenpeace.org\/argentina\/wp-json\/wp\/v2\/media?parent=429"}],"wp:term":[{"taxonomy":"category","embeddable":true,"href":"https:\/\/www.greenpeace.org\/argentina\/wp-json\/wp\/v2\/categories?post=429"},{"taxonomy":"post_tag","embeddable":true,"href":"https:\/\/www.greenpeace.org\/argentina\/wp-json\/wp\/v2\/tags?post=429"}],"curies":[{"name":"wp","href":"https:\/\/api.w.org\/{rel}","templated":true}]}}