{"id":431,"date":"2018-10-31T15:09:26","date_gmt":"2018-10-31T15:09:26","guid":{"rendered":"https:\/\/www.greenpeace.org\/argentina\/?page_id=431"},"modified":"2024-03-26T08:39:05","modified_gmt":"2024-03-26T11:39:05","slug":"trabaja-con-nosotros","status":"publish","type":"page","link":"https:\/\/www.greenpeace.org\/argentina\/trabaja-con-nosotros\/","title":{"rendered":"Trabaj\u00e1 con nosotros"},"content":{"rendered":"\n                    <div class=\"wp-block-group is-vertical is-layout-flex wp-container-core-group-is-layout-8cf370e7 wp-block-group-is-layout-flex\">\n                    \n                                <p>En Greenpeace, el fuerte compromiso de nuestros integrantes es determinante a la hora de ganar campa\u00f1as y seguir defendiendo el medioambiente.\r\nDesafiamos todo: gobiernos, formas de comunicaci\u00f3n p\u00fablica, partidos pol\u00edticos y grandes corporaciones.\r\nBuscamos a alguien que nos desaf\u00ede a nosotros.<\/p>\n                            \n\n                    \n                    <\/div>\n                    \n<h2 class=\"wp-block-heading\"><\/h2>\n\n<p><span style=\"font-weight: 400;\">Los problemas ambientales globales que enfrentamos son inmediatos y la repercusi\u00f3n que tienen es enorme. A medida que el mundo cambia, nosotros tambi\u00e9n lo hacemos. Queremos ser mejores, m\u00e1s r\u00e1pidos y m\u00e1s eficaces. Trabajamos con el fin de construir una organizaci\u00f3n global, innovadora e impactante.<br><br>Buscamos liderar campa\u00f1as din\u00e1micas en los lugares donde necesitamos los mayores resultados. Nuestro fin es asegurar al mundo que seguimos evolucionando como una organizaci\u00f3n de aprendizaje y empoderamiento.<br><br>Sabemos que este objetivo lo logramos especialmente a trav\u00e9s de nuestra gente. Las personas son una de las mayores fortalezas de Greenpeace, por eso, invertimos de manera sustancial en el reclutamiento, capacitaci\u00f3n y retenci\u00f3n del talento humano.<br><br>Tambi\u00e9n, estamos aumentando la inversi\u00f3n en el trabajo con nuestros seguidores y voluntarios. Hacemos campa\u00f1as con ellos para obtener victorias m\u00e1s grandes.<br><br>Si cre\u00e9s que pod\u00e9s cambiar el mundo desafiando gobiernos, partidos pol\u00edticos y grandes corporaciones para conservar un planeta m\u00e1s verde, pac\u00edfico y equitativo, te invitamos a que nos env\u00edes tu CV a <\/span><a rel=\"noreferrer noopener\" href=\"mailto:andino.busquedas@greenpeace.org\" target=\"_blank\"><b>andino.busquedas@greenpeace.org<\/b><\/a><\/p>\n\n<p><\/p>\n","protected":false},"excerpt":{"rendered":"<p>En Greenpeace, el fuerte compromiso de nuestros integrantes es determinante a la hora de ganar campa\u00f1as y seguir defendiendo el medioambiente. Desafiamos todo: gobiernos, formas de comunicaci\u00f3n p\u00fablica, partidos pol\u00edticos y grandes corporaciones. Buscamos a alguien que nos desaf\u00ede a nosotros. Los problemas ambientales globales que enfrentamos son inmediatos y la repercusi\u00f3n que tienen es [&hellip;]<\/p>\n","protected":false},"author":19,"featured_media":0,"parent":0,"menu_order":0,"comment_status":"closed","ping_status":"closed","template":"","meta":{"ep_exclude_from_search":false,"p4_hide_page_title_checkbox":"","p4_title":"","p4_subtitle":"","p4_description":"","background_image_id":"","background_image":"","p4_button_title":"","p4_button_link":"","p4_button_link_checkbox":"","p4_og_title":"","p4_og_description":"","p4_og_image":"","p4_og_image_id":"","p4_seo_canonical_url":"","p4_campaign_name":"not set","p4_local_project":"not set","p4_basket_name":"not set","p4_department":"","footnotes":""},"categories":[],"tags":[],"class_list":["post-431","page","type-page","status-publish","hentry"],"_links":{"self":[{"href":"https:\/\/www.greenpeace.org\/argentina\/wp-json\/wp\/v2\/pages\/431","targetHints":{"allow":["GET"]}}],"collection":[{"href":"https:\/\/www.greenpeace.org\/argentina\/wp-json\/wp\/v2\/pages"}],"about":[{"href":"https:\/\/www.greenpeace.org\/argentina\/wp-json\/wp\/v2\/types\/page"}],"author":[{"embeddable":true,"href":"https:\/\/www.greenpeace.org\/argentina\/wp-json\/wp\/v2\/users\/19"}],"replies":[{"embeddable":true,"href":"https:\/\/www.greenpeace.org\/argentina\/wp-json\/wp\/v2\/comments?post=431"}],"version-history":[{"count":20,"href":"https:\/\/www.greenpeace.org\/argentina\/wp-json\/wp\/v2\/pages\/431\/revisions"}],"predecessor-version":[{"id":23468,"href":"https:\/\/www.greenpeace.org\/argentina\/wp-json\/wp\/v2\/pages\/431\/revisions\/23468"}],"wp:attachment":[{"href":"https:\/\/www.greenpeace.org\/argentina\/wp-json\/wp\/v2\/media?parent=431"}],"wp:term":[{"taxonomy":"category","embeddable":true,"href":"https:\/\/www.greenpeace.org\/argentina\/wp-json\/wp\/v2\/categories?post=431"},{"taxonomy":"post_tag","embeddable":true,"href":"https:\/\/www.greenpeace.org\/argentina\/wp-json\/wp\/v2\/tags?post=431"}],"curies":[{"name":"wp","href":"https:\/\/api.w.org\/{rel}","templated":true}]}}