{"id":4395,"date":"2020-04-21T14:10:59","date_gmt":"2020-04-21T17:10:59","guid":{"rendered":"https:\/\/www.greenpeace.org\/argentina\/destruirbosquesesuncrimen\/"},"modified":"2026-04-08T05:36:19","modified_gmt":"2026-04-08T08:36:19","slug":"destruirbosquesesuncrimen","status":"publish","type":"page","link":"https:\/\/www.greenpeace.org\/argentina\/destruirbosquesesuncrimen\/","title":{"rendered":"#DestruirBosquesesunCrimen"},"content":{"rendered":"\n                    <div class=\"wp-block-group is-vertical is-layout-flex wp-container-core-group-is-layout-8cf370e7 wp-block-group-is-layout-flex\">\n                    \n\n                    \n                    <\/div>\n                    \n        <div class=\"wp-block-query actions-list p4-query-loop is-custom-layout-actions-list is-custom-layout-grid is-layout-grid wp-container-core-query-is-layout-29f43435 wp-block-query-is-layout-grid\"><h2 class=\"wp-block-heading\">u00bfQuu00e9 podu00e9s hacer?<\/h2>\n        <p style=\"margin-top: 24px; margin-bottom: 32px;\">Queremos que participes porque juntos somos fuertes.<\/p>\n        \n        <ul class=\"wp-block-post-template is-layout-flow wp-block-post-template-is-layout-flow\"><li class=\"wp-block-post post-4400 page type-page status-publish has-post-thumbnail hentry category-bosques tag-destruirbosquesesuncrimen\">\n                <figure class=\"wp-block-post-featured-image\"><img loading=\"lazy\" decoding=\"async\" width=\"2000\" height=\"1334\" src=\"https:\/\/www.greenpeace.org\/static\/planet4-argentina-stateless\/2020\/03\/bc092866-gpa_topadoraschaco_03-2.jpg\" class=\"attachment-post-thumbnail size-post-thumbnail wp-post-image wp-stateless-item\" alt=\"Topadora deforestando en Chaco.\" style=\"object-fit:cover;\" srcset=\"https:\/\/www.greenpeace.org\/static\/planet4-argentina-stateless\/2020\/03\/bc092866-gpa_topadoraschaco_03-2.jpg 2000w, https:\/\/www.greenpeace.org\/static\/planet4-argentina-stateless\/2020\/03\/bc092866-gpa_topadoraschaco_03-2-300x200.jpg 300w, https:\/\/www.greenpeace.org\/static\/planet4-argentina-stateless\/2020\/03\/bc092866-gpa_topadoraschaco_03-2-1024x683.jpg 1024w, https:\/\/www.greenpeace.org\/static\/planet4-argentina-stateless\/2020\/03\/bc092866-gpa_topadoraschaco_03-2-768x512.jpg 768w, https:\/\/www.greenpeace.org\/static\/planet4-argentina-stateless\/2020\/03\/bc092866-gpa_topadoraschaco_03-2-1536x1025.jpg 1536w, https:\/\/www.greenpeace.org\/static\/planet4-argentina-stateless\/2020\/03\/bc092866-gpa_topadoraschaco_03-2-510x340.jpg 510w\" sizes=\"auto, (max-width: 2000px) 100vw, 2000px\" data-image-size=\"post-thumbnail\" data-stateless-media-bucket=\"planet4-argentina-stateless\" data-stateless-media-name=\"2020\/03\/bc092866-gpa_topadoraschaco_03-2.jpg\" \/><\/figure>\n                \n                <div class=\"wp-block-group group-stretched-link is-layout-flow wp-block-group-is-layout-flow\"><div class=\"wp-block-post-terms\">Bosques<\/div>\n                <h3 class=\"wp-block-post-title\"><a href=\"https:\/\/www.greenpeace.org\/argentina\/participa\/deforestacion-cero-en-el-norte-de-argentina\/\" target=\"_self\" >Exig\u00ed deforestaci\u00f3n cero<\/a><\/h3>\n                <div class=\"wp-block-post-excerpt\"><p class=\"wp-block-post-excerpt__excerpt\">Un monitoreo satelital de Greenpeace demostr\u00f3 que Chaco, por el avance de la producci\u00f3n agropecuaria, es la provincia con m\u00e1s p\u00e9rdidas de bosques nativos. <\/p><\/div><\/div>\n                \n                \n        <div class=\"wp-block-group read-more-nav is-layout-flow wp-block-group-is-layout-flow\"><a href=\"https:\/\/www.greenpeace.org\/argentina\/participa\/deforestacion-cero-en-el-norte-de-argentina\/\" class=\"btn btn-primary btn-small\" aria-label=\"Particip\u00e1\">Particip\u00e1<\/a>\n        \n        \n        <\/div>\n        \n                <\/li><\/ul>\n        \n<div class=\"wp-block-buttons carousel-controls is-horizontal is-content-justification-space-between is-nowrap is-layout-flex wp-container-core-buttons-is-layout-044bd602 wp-block-buttons-is-layout-flex\">\n            <div class=\"wp-block-button carousel-control-prev\"><button type=\"button\" class=\"wp-block-button__link wp-element-button\">Prev<\/button><\/div>\n        \n\n            <div class=\"wp-block-button carousel-control-next\"><button type=\"button\" class=\"wp-block-button__link wp-element-button\">Next<\/button><\/div>\n        <\/div>\n\n        \n<div class=\"wp-block-buttons load-more-actions-container is-content-justification-center is-layout-flex wp-container-core-buttons-is-layout-16018d1d wp-block-buttons-is-layout-flex\">\n                <div class=\"wp-block-button is-style-secondary\"><button type=\"button\" class=\"wp-block-button__link wp-element-button\">Mostrar m\u00e1s<\/button><\/div>\n            \n<\/div>\n<\/div>\n        \n    <div class=\"wp-block-query posts-list p4-query-loop is-custom-layout-list is-layout-flow wp-block-query-is-layout-flow\">\n        <div class=\"wp-block-group is-content-justification-space-between is-layout-flex wp-container-core-group-is-layout-3d213aab wp-block-group-is-layout-flex\"><h2 class=\"wp-block-heading\">Related Articles<\/h2>\n        <li class=\" wp-block-navigation-item see-all-link wp-block-navigation-link\"><a class=\"wp-block-navigation-item__content\"  href=\"http:\/\/www.greenpeace.org\/argentina\/news-stories\/?tag=destruirbosquesesuncrimen\"><span class=\"wp-block-navigation-item__label\">See all stories<\/span><\/a><\/li>\n        \n        <\/div>\n        \n\n    <p style=\"margin-top: 24px; margin-bottom: 36px;\"><\/p>\n\n    \n\n    <ul class=\"wp-block-post-template is-layout-flow wp-block-post-template-is-layout-flow\"><li class=\"wp-block-post post-33274 post type-post status-publish format-standard has-post-thumbnail hentry category-bosques tag-destruirbosquesesuncrimen p4-page-type-story\">\n            \n<div class=\"wp-block-columns is-layout-flex wp-container-core-columns-is-layout-9d6595d7 wp-block-columns-is-layout-flex\"><figure class=\"wp-block-post-featured-image\"><a href=\"https:\/\/www.greenpeace.org\/argentina\/story\/problemas\/bosques\/greenpeace-denuncio-ante-la-corte-suprema-el-aumento-de-la-deforestacion-y-el-riesgo-de-flexibilizar-la-ley-de-bosques\/\" target=\"_self\"  ><img loading=\"lazy\" decoding=\"async\" width=\"2560\" height=\"1706\" src=\"https:\/\/www.greenpeace.org\/static\/planet4-argentina-stateless\/2026\/02\/18a51803-salta-1-\u00a9-martin-katz-greenpeace-scaled.jpg\" class=\"attachment-post-thumbnail size-post-thumbnail wp-post-image wp-stateless-item\" alt=\"Greenpeace denunci\u00f3 ante la Corte Suprema el aumento de la deforestaci\u00f3n y el riesgo de flexibilizar la Ley de Bosques\" style=\"object-fit:cover;\" srcset=\"https:\/\/www.greenpeace.org\/static\/planet4-argentina-stateless\/2026\/02\/18a51803-salta-1-\u00a9-martin-katz-greenpeace-scaled.jpg 2560w, https:\/\/www.greenpeace.org\/static\/planet4-argentina-stateless\/2026\/02\/18a51803-salta-1-\u00a9-martin-katz-greenpeace-300x200.jpg 300w, https:\/\/www.greenpeace.org\/static\/planet4-argentina-stateless\/2026\/02\/18a51803-salta-1-\u00a9-martin-katz-greenpeace-1024x683.jpg 1024w, https:\/\/www.greenpeace.org\/static\/planet4-argentina-stateless\/2026\/02\/18a51803-salta-1-\u00a9-martin-katz-greenpeace-768x512.jpg 768w, https:\/\/www.greenpeace.org\/static\/planet4-argentina-stateless\/2026\/02\/18a51803-salta-1-\u00a9-martin-katz-greenpeace-1536x1024.jpg 1536w, https:\/\/www.greenpeace.org\/static\/planet4-argentina-stateless\/2026\/02\/18a51803-salta-1-\u00a9-martin-katz-greenpeace-2048x1366.jpg 2048w, https:\/\/www.greenpeace.org\/static\/planet4-argentina-stateless\/2026\/02\/18a51803-salta-1-\u00a9-martin-katz-greenpeace-510x340.jpg 510w\" sizes=\"auto, (max-width: 2560px) 100vw, 2560px\" data-image-size=\"post-thumbnail\" data-stateless-media-bucket=\"planet4-argentina-stateless\" data-stateless-media-name=\"2026\/02\/18a51803-salta-1-\u00a9-martin-katz-greenpeace-scaled.jpg\" \/><\/a><\/figure>\n\n        <div class=\"wp-block-group is-layout-flow wp-block-group-is-layout-flow\">\n        <div class=\"wp-block-group is-layout-flex wp-block-group-is-layout-flex\"><div class=\"wp-block-post-terms\"><a href=\"https:\/\/www.greenpeace.org\/argentina\/category\/problemas\/bosques\/\">Bosques<\/a><\/div>\n        \n        \n        <\/div>\n        \n        <h3 class=\"wp-block-post-title\"><a href=\"https:\/\/www.greenpeace.org\/argentina\/story\/problemas\/bosques\/greenpeace-denuncio-ante-la-corte-suprema-el-aumento-de-la-deforestacion-y-el-riesgo-de-flexibilizar-la-ley-de-bosques\/\" target=\"_self\" >Greenpeace denunci\u00f3 ante la Corte Suprema el aumento de la deforestaci\u00f3n y el riesgo de flexibilizar la Ley de Bosques<\/a><\/h3>\n        <div class=\"wp-block-post-excerpt\"><p class=\"wp-block-post-excerpt__excerpt\">En el marco del D\u00eda Internacional de los Bosques, Greenpeace denunci\u00f3 ante el m\u00e1ximo tribunal que durante 2025 la p\u00e9rdida de bosques en el norte del pa\u00eds aument\u00f3 un 40% <\/p><\/div>\n        \n        <div class=\"wp-block-group posts-list-meta is-layout-flow wp-block-group-is-layout-flow\"><span class='article-list-item-author'><a href='https:\/\/www.greenpeace.org\/argentina\/author\/prensaarg\/'>Prensa Argentina<\/a><\/span>\n        <div class=\"wp-block-post-date\"><time datetime=\"2026-03-20T15:56:20-03:00\">20 marzo 2026<\/time><\/div>\n        \n        <\/div>\n        <\/div>\n        <\/div>\n\n            <\/li><li class=\"wp-block-post post-32883 post type-post status-publish format-standard has-post-thumbnail hentry category-bosques tag-destruirbosquesesuncrimen p4-page-type-story\">\n            \n<div class=\"wp-block-columns is-layout-flex wp-container-core-columns-is-layout-9d6595d7 wp-block-columns-is-layout-flex\"><figure class=\"wp-block-post-featured-image\"><a href=\"https:\/\/www.greenpeace.org\/argentina\/story\/problemas\/bosques\/greenpeace-denuncia-que-aumento-un-40-la-perdida-de-bosques-en-el-norte\/\" target=\"_self\"  ><img loading=\"lazy\" decoding=\"async\" width=\"2560\" height=\"1706\" src=\"https:\/\/www.greenpeace.org\/static\/planet4-argentina-stateless\/2026\/02\/0c1ada4d-formosa-1-\u00a9-martin-katz-greenpeace-scaled.jpg\" class=\"attachment-post-thumbnail size-post-thumbnail wp-post-image wp-stateless-item\" alt=\"Greenpeace denuncia que aument\u00f3 un 40% la p\u00e9rdida de bosques en el norte\" style=\"object-fit:cover;\" srcset=\"https:\/\/www.greenpeace.org\/static\/planet4-argentina-stateless\/2026\/02\/0c1ada4d-formosa-1-\u00a9-martin-katz-greenpeace-scaled.jpg 2560w, https:\/\/www.greenpeace.org\/static\/planet4-argentina-stateless\/2026\/02\/0c1ada4d-formosa-1-\u00a9-martin-katz-greenpeace-300x200.jpg 300w, https:\/\/www.greenpeace.org\/static\/planet4-argentina-stateless\/2026\/02\/0c1ada4d-formosa-1-\u00a9-martin-katz-greenpeace-1024x683.jpg 1024w, https:\/\/www.greenpeace.org\/static\/planet4-argentina-stateless\/2026\/02\/0c1ada4d-formosa-1-\u00a9-martin-katz-greenpeace-768x512.jpg 768w, https:\/\/www.greenpeace.org\/static\/planet4-argentina-stateless\/2026\/02\/0c1ada4d-formosa-1-\u00a9-martin-katz-greenpeace-1536x1024.jpg 1536w, https:\/\/www.greenpeace.org\/static\/planet4-argentina-stateless\/2026\/02\/0c1ada4d-formosa-1-\u00a9-martin-katz-greenpeace-2048x1366.jpg 2048w, https:\/\/www.greenpeace.org\/static\/planet4-argentina-stateless\/2026\/02\/0c1ada4d-formosa-1-\u00a9-martin-katz-greenpeace-510x340.jpg 510w\" sizes=\"auto, (max-width: 2560px) 100vw, 2560px\" data-image-size=\"post-thumbnail\" data-stateless-media-bucket=\"planet4-argentina-stateless\" data-stateless-media-name=\"2026\/02\/0c1ada4d-formosa-1-\u00a9-martin-katz-greenpeace-scaled.jpg\" \/><\/a><\/figure>\n\n        <div class=\"wp-block-group is-layout-flow wp-block-group-is-layout-flow\">\n        <div class=\"wp-block-group is-layout-flex wp-block-group-is-layout-flex\"><div class=\"wp-block-post-terms\"><a href=\"https:\/\/www.greenpeace.org\/argentina\/category\/problemas\/bosques\/\">Bosques<\/a><\/div>\n        \n        \n        <\/div>\n        \n        <h3 class=\"wp-block-post-title\"><a href=\"https:\/\/www.greenpeace.org\/argentina\/story\/problemas\/bosques\/greenpeace-denuncia-que-aumento-un-40-la-perdida-de-bosques-en-el-norte\/\" target=\"_self\" >Greenpeace denuncia que aument\u00f3 un 40% la p\u00e9rdida de bosques en el norte<\/a><\/h3>\n        <div class=\"wp-block-post-excerpt\"><p class=\"wp-block-post-excerpt__excerpt\">Desmontes e incendios arrasaron con m\u00e1s de 210.000 hect\u00e1reas en 2025 <\/p><\/div>\n        \n        <div class=\"wp-block-group posts-list-meta is-layout-flow wp-block-group-is-layout-flow\"><span class='article-list-item-author'><a href='https:\/\/www.greenpeace.org\/argentina\/author\/prensaarg\/'>Prensa Argentina<\/a><\/span>\n        <div class=\"wp-block-post-date\"><time datetime=\"2026-02-18T11:51:36-03:00\">18 febrero 2026<\/time><\/div>\n        \n        <\/div>\n        <\/div>\n        <\/div>\n\n            <\/li><li class=\"wp-block-post post-32825 post type-post status-publish format-standard has-post-thumbnail hentry category-blog category-bosques tag-destruirbosquesesuncrimen tag-incendios-forestales p4-page-type-blog\">\n            \n<div class=\"wp-block-columns is-layout-flex wp-container-core-columns-is-layout-9d6595d7 wp-block-columns-is-layout-flex\"><figure class=\"wp-block-post-featured-image\"><a href=\"https:\/\/www.greenpeace.org\/argentina\/blog\/problemas\/bosques\/guia-para-prevenir-los-incendios-forestales-la-urgencia-de-cuidar-nuestros-bosques-2\/\" target=\"_self\"  ><img loading=\"lazy\" decoding=\"async\" width=\"2560\" height=\"1707\" src=\"https:\/\/www.greenpeace.org\/static\/planet4-argentina-stateless\/2026\/01\/18bfd54e-gpa-incendios-pto.-patriada-chubut-22-\u00a9-matias-garay-greenpeace-scaled.jpg\" class=\"attachment-post-thumbnail size-post-thumbnail wp-post-image wp-stateless-item\" alt=\"Gu\u00eda para prevenir los incendios forestales: la urgencia de cuidar nuestros bosques\" style=\"object-fit:cover;\" srcset=\"https:\/\/www.greenpeace.org\/static\/planet4-argentina-stateless\/2026\/01\/18bfd54e-gpa-incendios-pto.-patriada-chubut-22-\u00a9-matias-garay-greenpeace-scaled.jpg 2560w, https:\/\/www.greenpeace.org\/static\/planet4-argentina-stateless\/2026\/01\/18bfd54e-gpa-incendios-pto.-patriada-chubut-22-\u00a9-matias-garay-greenpeace-300x200.jpg 300w, https:\/\/www.greenpeace.org\/static\/planet4-argentina-stateless\/2026\/01\/18bfd54e-gpa-incendios-pto.-patriada-chubut-22-\u00a9-matias-garay-greenpeace-1024x683.jpg 1024w, https:\/\/www.greenpeace.org\/static\/planet4-argentina-stateless\/2026\/01\/18bfd54e-gpa-incendios-pto.-patriada-chubut-22-\u00a9-matias-garay-greenpeace-768x512.jpg 768w, https:\/\/www.greenpeace.org\/static\/planet4-argentina-stateless\/2026\/01\/18bfd54e-gpa-incendios-pto.-patriada-chubut-22-\u00a9-matias-garay-greenpeace-1536x1024.jpg 1536w, https:\/\/www.greenpeace.org\/static\/planet4-argentina-stateless\/2026\/01\/18bfd54e-gpa-incendios-pto.-patriada-chubut-22-\u00a9-matias-garay-greenpeace-2048x1366.jpg 2048w, https:\/\/www.greenpeace.org\/static\/planet4-argentina-stateless\/2026\/01\/18bfd54e-gpa-incendios-pto.-patriada-chubut-22-\u00a9-matias-garay-greenpeace-510x340.jpg 510w\" sizes=\"auto, (max-width: 2560px) 100vw, 2560px\" data-image-size=\"post-thumbnail\" data-stateless-media-bucket=\"planet4-argentina-stateless\" data-stateless-media-name=\"2026\/01\/18bfd54e-gpa-incendios-pto.-patriada-chubut-22-\u00a9-matias-garay-greenpeace-scaled.jpg\" \/><\/a><\/figure>\n\n        <div class=\"wp-block-group is-layout-flow wp-block-group-is-layout-flow\">\n        <div class=\"wp-block-group is-layout-flex wp-block-group-is-layout-flex\"><div class=\"wp-block-post-terms\"><a href=\"https:\/\/www.greenpeace.org\/argentina\/category\/blog\/\">Blog<\/a><\/div>\n        \n        \n        <\/div>\n        \n        <h3 class=\"wp-block-post-title\"><a href=\"https:\/\/www.greenpeace.org\/argentina\/blog\/problemas\/bosques\/guia-para-prevenir-los-incendios-forestales-la-urgencia-de-cuidar-nuestros-bosques-2\/\" target=\"_self\" >Gu\u00eda para prevenir los incendios forestales: la urgencia de cuidar nuestros bosques<\/a><\/h3>\n        <div class=\"wp-block-post-excerpt\"><p class=\"wp-block-post-excerpt__excerpt\">El fuego es evitable y en esta nota te contamos por qu\u00e9. <\/p><\/div>\n        \n        <div class=\"wp-block-group posts-list-meta is-layout-flow wp-block-group-is-layout-flow\"><span class='article-list-item-author'><a href='https:\/\/www.greenpeace.org\/argentina\/author\/meri\/'>Meri Castro<\/a><\/span>\n        <div class=\"wp-block-post-date\"><time datetime=\"2026-02-02T09:40:46-03:00\">2 febrero 2026<\/time><\/div>\n        \n        <\/div>\n        <\/div>\n        <\/div>\n\n            <\/li><\/ul>\n\n    \n<div class=\"wp-block-buttons carousel-controls is-horizontal is-content-justification-space-between is-nowrap is-layout-flex wp-container-core-buttons-is-layout-044bd602 wp-block-buttons-is-layout-flex\">\n            <div class=\"wp-block-button carousel-control-prev\"><button type=\"button\" class=\"wp-block-button__link wp-element-button\">Prev<\/button><\/div>\n        \n\n            <div class=\"wp-block-button carousel-control-next\"><button type=\"button\" class=\"wp-block-button__link wp-element-button\">Next<\/button><\/div>\n        <\/div>\n\n\n    <li class=\" wp-block-navigation-item see-all-link wp-block-navigation-link\"><a class=\"wp-block-navigation-item__content\"  href=\"http:\/\/www.greenpeace.org\/argentina\/news-stories\/?tag=destruirbosquesesuncrimen\"><span class=\"wp-block-navigation-item__label\">See all stories<\/span><\/a><\/li><\/div>\n    \n    <div class=\"wp-block-query posts-list p4-query-loop is-custom-layout-grid is-layout-grid wp-container-core-query-is-layout-b8bb0bd1 wp-block-query-is-layout-grid\">\n        <div class=\"wp-block-group is-content-justification-space-between is-layout-flex wp-container-core-group-is-layout-3d213aab wp-block-group-is-layout-flex\"><h2 class=\"wp-block-heading\">Publications<\/h2>\n        <li class=\" wp-block-navigation-item see-all-link wp-block-navigation-link\"><a class=\"wp-block-navigation-item__content\"  href=\"http:\/\/www.greenpeace.org\/argentina\/news-stories\/?tag=destruirbosquesesuncrimen&#038;post-type=\"><span class=\"wp-block-navigation-item__label\">See all stories<\/span><\/a><\/li>\n        \n        <\/div>\n        \n\n    <p style=\"margin-top: 24px; margin-bottom: 36px;\"><\/p>\n\n    <div class=\"wp-block-query-no-results\">\n        <p style=\"\">No posts found.<\/p>\n        <\/div>\n\n    \n\n    \n<div class=\"wp-block-buttons carousel-controls is-horizontal is-content-justification-space-between is-nowrap is-layout-flex wp-container-core-buttons-is-layout-044bd602 wp-block-buttons-is-layout-flex\">\n            <div class=\"wp-block-button carousel-control-prev\"><button type=\"button\" class=\"wp-block-button__link wp-element-button\">Prev<\/button><\/div>\n        \n\n            <div class=\"wp-block-button carousel-control-next\"><button type=\"button\" class=\"wp-block-button__link wp-element-button\">Next<\/button><\/div>\n        <\/div>\n\n\n    <li class=\" wp-block-navigation-item see-all-link wp-block-navigation-link\"><a class=\"wp-block-navigation-item__content\"  href=\"http:\/\/www.greenpeace.org\/argentina\/news-stories\/?tag=destruirbosquesesuncrimen&#038;post-type=\"><span class=\"wp-block-navigation-item__label\">See all stories<\/span><\/a><\/li><\/div>\n    <div data-render=\"planet4-blocks\/happypoint\" data-attributes=\"{&quot;attributes&quot;:{&quot;mailing_list_iframe&quot;:true,&quot;opacity&quot;:30,&quot;override_default_content&quot;:false,&quot;local_content_provider&quot;:&quot;none&quot;}}\"><\/div>","protected":false},"excerpt":{"rendered":"","protected":false},"author":19,"featured_media":0,"parent":0,"menu_order":0,"comment_status":"closed","ping_status":"closed","template":"","meta":{"ep_exclude_from_search":false,"p4_hide_page_title_checkbox":"","p4_title":"","p4_subtitle":"","p4_description":"","background_image_id":"","background_image":"","p4_button_title":"","p4_button_link":"","p4_button_link_checkbox":"","p4_og_title":"","p4_og_description":"","p4_og_image":"","p4_og_image_id":"","p4_seo_canonical_url":"","p4_campaign_name":"","p4_local_project":"","p4_basket_name":"","p4_department":"","footnotes":""},"categories":[],"tags":[],"class_list":["post-4395","page","type-page","status-publish","hentry"],"_links":{"self":[{"href":"https:\/\/www.greenpeace.org\/argentina\/wp-json\/wp\/v2\/pages\/4395","targetHints":{"allow":["GET"]}}],"collection":[{"href":"https:\/\/www.greenpeace.org\/argentina\/wp-json\/wp\/v2\/pages"}],"about":[{"href":"https:\/\/www.greenpeace.org\/argentina\/wp-json\/wp\/v2\/types\/page"}],"author":[{"embeddable":true,"href":"https:\/\/www.greenpeace.org\/argentina\/wp-json\/wp\/v2\/users\/19"}],"replies":[{"embeddable":true,"href":"https:\/\/www.greenpeace.org\/argentina\/wp-json\/wp\/v2\/comments?post=4395"}],"version-history":[{"count":12,"href":"https:\/\/www.greenpeace.org\/argentina\/wp-json\/wp\/v2\/pages\/4395\/revisions"}],"predecessor-version":[{"id":33427,"href":"https:\/\/www.greenpeace.org\/argentina\/wp-json\/wp\/v2\/pages\/4395\/revisions\/33427"}],"wp:attachment":[{"href":"https:\/\/www.greenpeace.org\/argentina\/wp-json\/wp\/v2\/media?parent=4395"}],"wp:term":[{"taxonomy":"category","embeddable":true,"href":"https:\/\/www.greenpeace.org\/argentina\/wp-json\/wp\/v2\/categories?post=4395"},{"taxonomy":"post_tag","embeddable":true,"href":"https:\/\/www.greenpeace.org\/argentina\/wp-json\/wp\/v2\/tags?post=4395"}],"curies":[{"name":"wp","href":"https:\/\/api.w.org\/{rel}","templated":true}]}}