{"id":462,"date":"2019-01-03T18:58:10","date_gmt":"2019-01-03T18:58:10","guid":{"rendered":"https:\/\/www.greenpeace.org\/argentina\/?page_id=462"},"modified":"2025-06-23T06:25:02","modified_gmt":"2025-06-23T09:25:02","slug":"centro-de-prensa","status":"publish","type":"page","link":"https:\/\/www.greenpeace.org\/argentina\/centro-de-prensa\/","title":{"rendered":"Centro de Prensa"},"content":{"rendered":"\n                \n                <div class=\"wp-block-group alignfull is-layout-flow wp-block-group-is-layout-flow\">\n                \n                <div class=\"wp-block-group container is-layout-flow wp-block-group-is-layout-flow\">\n                \n                <div class=\"wp-block-media-text alignfull has-media-on-the-right is-stacked-on-mobile is-pattern-p4-page-header is-style-parallax\">\n\n                <div class=\"wp-block-media-text__content\">\n                    <div class=\"wp-block-group is-layout-flow wp-block-group-is-layout-flow\">\n                    \n                        <h1 class=\"wp-block-heading has-white-background-color has-background\">\n                            Centro de Prensa\n                        <\/h1>\n                    <\/div>\n                \n\n                \n                        <p style=\"font-size:1.25rem\">\n                            <span style=\"font-weight: 400\">Esta secci\u00f3n es para uso exclusivo de los medios de comunicaci\u00f3n. Rogamos no contactarse para proponer proyectos escolares, formular denuncias o realizar consultas generales.<\/span>\n                        <\/p>\n                    \n\n                \n\n                <\/div>\n                <figure class=\"wp-block-media-text__media\">\n                    <img loading=\"lazy\" decoding=\"async\" width=\"2500\" height=\"1669\"\n                        src=\"https:\/\/www.greenpeace.org\/static\/planet4-argentina-stateless\/2019\/02\/4e436f2d-09fa8d4f-93536dbf-gp048x8_pressmedia.jpg\"\n                        alt=\"\"\n                        sizes=\"auto, (min-width: 601px) 50vw, 100vw\" srcset=\"https:\/\/www.greenpeace.org\/static\/planet4-argentina-stateless\/2019\/02\/4e436f2d-09fa8d4f-93536dbf-gp048x8_pressmedia.jpg 2500w, https:\/\/www.greenpeace.org\/static\/planet4-argentina-stateless\/2019\/02\/4e436f2d-09fa8d4f-93536dbf-gp048x8_pressmedia-300x200.jpg 300w, https:\/\/www.greenpeace.org\/static\/planet4-argentina-stateless\/2019\/02\/4e436f2d-09fa8d4f-93536dbf-gp048x8_pressmedia-768x513.jpg 768w, https:\/\/www.greenpeace.org\/static\/planet4-argentina-stateless\/2019\/02\/4e436f2d-09fa8d4f-93536dbf-gp048x8_pressmedia-1024x684.jpg 1024w, https:\/\/www.greenpeace.org\/static\/planet4-argentina-stateless\/2019\/02\/4e436f2d-09fa8d4f-93536dbf-gp048x8_pressmedia-2046x1366.jpg 2046w, https:\/\/www.greenpeace.org\/static\/planet4-argentina-stateless\/2019\/02\/4e436f2d-09fa8d4f-93536dbf-gp048x8_pressmedia-510x340.jpg 510w\" class=\"wp-image-964 size-full\"\n                    \/>\n                <\/figure>\n                <\/div>\n                \n                <\/div>\n                \n                <\/div>\n                \n                \n<h2 class=\"wp-block-heading\"><\/h2>\n\n<h4 class=\"wp-block-heading\"><strong>Contactos \u00c1rea de Prensa<\/strong><\/h4>\n\n<p><strong>Rolf Holzmann<\/strong>\u00a0<strong>\u2013 Director de Comunicaciones<\/strong><br><a rel=\"noreferrer noopener\" href=\"mailto:rholzman@greenpeace.org\" target=\"_blank\"><strong><a rel=\"noreferrer noopener\" href=\"mailto:rolf.holzmann@greenpeace.org\" target=\"_blank\">rolf.holzmann@greenpeace.org<\/a><\/strong><\/a><\/p>\n\n<p><strong>Mariana Ciaschini<\/strong> <strong>&#8211; Coordinadora de prensa<\/strong><br><a rel=\"noreferrer noopener\" href=\"mailto:mariana.ciaschini@greenpeace.org\" target=\"_blank\"><strong>mariana.ciaschini@greenpeace.org<\/strong><\/a><\/p>\n\n<p><strong>Mar\u00eda Florencia Rodr\u00edguez &#8211; Press officer<\/strong><br><a rel=\"noreferrer noopener\" href=\"mailto:maria.florencia.rodriguez@greenpeace.org\" target=\"_blank\"><strong>maria.florencia.rodriguez@greenpeace.org<\/strong><\/a><br><\/p>\n\n<p><\/p>\n\n<h2 class=\"wp-block-heading\"><\/h2>\n\n<h4 class=\"wp-block-heading\"><b>Recepci\u00f3n de comunicados, gacetillas e informes<\/b><\/h4>\n\n<p><span style=\"font-weight: 400;\">Para recibir nuestras gacetillas, comunicados e informes, por favor, enviar un correo electr\u00f3nico consignando nombre, apellido, medio, e-mail y tel\u00e9fono a <\/span><a href=\"mailto:prensa@greenpeace.org.ar\"><b>prensa@greenpeace.org.ar <\/b><\/a><\/p>\n\n<h2 class=\"wp-block-heading\"><\/h2>\n\n<h4 class=\"wp-block-heading\"><b>Servicio fotogr\u00e1fico y banco de im\u00e1genes<\/b><\/h4>\n\n<p>Proveemos im\u00e1genes de expediciones o acciones de Greenpeace en alta resoluci\u00f3n. Tambi\u00e9n suministramos fotograf\u00edas e im\u00e1genes de archivo y facilitamos material de documentaci\u00f3n.<\/p>\n\n<p>No comercializamos nuestras im\u00e1genes y las cedemos gratuitamente a los medios de comunicaci\u00f3n.<br>Sin embargo, solicitamos el respeto de las reglas \u00e9ticas que rigen nuestra pol\u00edtica de cesi\u00f3n de im\u00e1genes, lo que implica el respeto al cr\u00e9dito y al contenido de las fotograf\u00edas, de modo tal que no sean editadas ni alteradas digitalmente.<\/p>\n\n<p><strong><strong>Las fotograf\u00edas que brindamos deben ser publicadas consignando la fuente y el nombre del fot\u00f3grafo.<\/strong><\/strong><br><strong><strong>Por ejemplo: Foto: Greenpeace\/fot\u00f3grafo.<\/strong><\/strong><\/p>\n\n<p><\/p>\n\n<h2 class=\"wp-block-heading\"><\/h2>\n","protected":false},"excerpt":{"rendered":"<p>Contactos \u00c1rea de Prensa Rolf Holzmann\u00a0\u2013 Director de Comunicacionesrolf.holzmann@greenpeace.org Mariana Ciaschini &#8211; Coordinadora de prensamariana.ciaschini@greenpeace.org Mar\u00eda Florencia Rodr\u00edguez &#8211; Press officermaria.florencia.rodriguez@greenpeace.org Recepci\u00f3n de comunicados, gacetillas e informes Para recibir nuestras gacetillas, comunicados e informes, por favor, enviar un correo electr\u00f3nico consignando nombre, apellido, medio, e-mail y tel\u00e9fono a prensa@greenpeace.org.ar Servicio fotogr\u00e1fico y banco de im\u00e1genes [&hellip;]<\/p>\n","protected":false},"author":19,"featured_media":0,"parent":0,"menu_order":0,"comment_status":"closed","ping_status":"closed","template":"","meta":{"ep_exclude_from_search":false,"p4_hide_page_title_checkbox":"on","p4_title":"","p4_subtitle":"","p4_description":"","background_image_id":"","background_image":"","p4_button_title":"","p4_button_link":"","p4_button_link_checkbox":"","p4_og_title":"","p4_og_description":"","p4_og_image":"","p4_og_image_id":"","p4_seo_canonical_url":"","p4_campaign_name":"not set","p4_local_project":"not set","p4_basket_name":"not set","p4_department":"","footnotes":""},"categories":[],"tags":[],"class_list":["post-462","page","type-page","status-publish","hentry"],"_links":{"self":[{"href":"https:\/\/www.greenpeace.org\/argentina\/wp-json\/wp\/v2\/pages\/462","targetHints":{"allow":["GET"]}}],"collection":[{"href":"https:\/\/www.greenpeace.org\/argentina\/wp-json\/wp\/v2\/pages"}],"about":[{"href":"https:\/\/www.greenpeace.org\/argentina\/wp-json\/wp\/v2\/types\/page"}],"author":[{"embeddable":true,"href":"https:\/\/www.greenpeace.org\/argentina\/wp-json\/wp\/v2\/users\/19"}],"replies":[{"embeddable":true,"href":"https:\/\/www.greenpeace.org\/argentina\/wp-json\/wp\/v2\/comments?post=462"}],"version-history":[{"count":20,"href":"https:\/\/www.greenpeace.org\/argentina\/wp-json\/wp\/v2\/pages\/462\/revisions"}],"predecessor-version":[{"id":29706,"href":"https:\/\/www.greenpeace.org\/argentina\/wp-json\/wp\/v2\/pages\/462\/revisions\/29706"}],"wp:attachment":[{"href":"https:\/\/www.greenpeace.org\/argentina\/wp-json\/wp\/v2\/media?parent=462"}],"wp:term":[{"taxonomy":"category","embeddable":true,"href":"https:\/\/www.greenpeace.org\/argentina\/wp-json\/wp\/v2\/categories?post=462"},{"taxonomy":"post_tag","embeddable":true,"href":"https:\/\/www.greenpeace.org\/argentina\/wp-json\/wp\/v2\/tags?post=462"}],"curies":[{"name":"wp","href":"https:\/\/api.w.org\/{rel}","templated":true}]}}