{"id":580,"date":"2019-01-14T15:00:52","date_gmt":"2019-01-14T15:00:52","guid":{"rendered":"https:\/\/www.greenpeace.org\/argentina\/?page_id=580"},"modified":"2025-09-23T06:43:39","modified_gmt":"2025-09-23T09:43:39","slug":"respiremos-aire-mas-limpio-en-buenos-aires","status":"publish","type":"page","link":"https:\/\/www.greenpeace.org\/argentina\/participa\/involucrate\/respiremos-aire-mas-limpio-en-buenos-aires\/","title":{"rendered":"Respiremos aire m\u00e1s limpio en Buenos Aires"},"content":{"rendered":"\n                \n                <div class=\"wp-block-group alignfull is-layout-flow wp-block-group-is-layout-flow\">\n                \n                <div class=\"wp-block-group container is-layout-flow wp-block-group-is-layout-flow\">\n                \n                <div class=\"wp-block-media-text alignfull has-media-on-the-right is-stacked-on-mobile is-pattern-p4-page-header is-style-parallax\">\n\n                <div class=\"wp-block-media-text__content\">\n                    <div class=\"wp-block-group is-layout-flow wp-block-group-is-layout-flow\">\n                    \n                        <h1 class=\"wp-block-heading has-white-background-color has-background\">\n                            Respiremos aire m\u00e1s limpio en Buenos Aires\n                        <\/h1>\n                    <\/div>\n                \n\n                \n                        <p style=\"font-size:1.25rem\">\n                            <span style=\"font-weight: 400\">Al igual que en muchas otras ciudades del mundo, en Buenos Aires \u00a0respiramos contaminantes generados por el uso de derivados del petr\u00f3leo, como el gasoil que liberan colectivos y camiones. No podemos permitir que este tipo de energ\u00eda contin\u00fae afectando la salud de los ciudadanos. Por eso, le pedimos al gobierno porte\u00f1o que se comprometa a trabajar en la transici\u00f3n a transportes basados en energ\u00edas limpias.<\/span>\n                        <\/p>\n                    \n\n                \n\n                <\/div>\n                <figure class=\"wp-block-media-text__media\">\n                    <img loading=\"lazy\" decoding=\"async\" width=\"800\" height=\"533\"\n                        src=\"https:\/\/www.greenpeace.org\/static\/planet4-argentina-stateless\/2019\/01\/33ff06a9-k1.jpg\"\n                        alt=\"\"\n                        sizes=\"auto, (min-width: 601px) 50vw, 100vw\" srcset=\"https:\/\/www.greenpeace.org\/static\/planet4-argentina-stateless\/2019\/01\/33ff06a9-k1.jpg 800w, https:\/\/www.greenpeace.org\/static\/planet4-argentina-stateless\/2019\/01\/33ff06a9-k1-300x200.jpg 300w, https:\/\/www.greenpeace.org\/static\/planet4-argentina-stateless\/2019\/01\/33ff06a9-k1-768x512.jpg 768w, https:\/\/www.greenpeace.org\/static\/planet4-argentina-stateless\/2019\/01\/33ff06a9-k1-510x340.jpg 510w\" class=\"wp-image-583 size-full\"\n                    \/>\n                <\/figure>\n                <\/div>\n                \n                <\/div>\n                \n                <\/div>\n                \n                <p><span style=\"font-weight: 400;\">A trav\u00e9s de mediciones cient\u00edficas, confirmamos que los valores de contaminaci\u00f3n de aire en la Ciudad de Buenos Aires superan los niveles establecidos por la Organizaci\u00f3n Mundial de la Salud (OMS). De hecho, seg\u00fan los resultados de estudios que realizamos junto a vecinos de la ciudad en distintos barrios porte\u00f1os, hay locaciones que superan los niveles de exposici\u00f3n cr\u00f3nica hasta tres veces los par\u00e1metros de la OMS.<\/span><\/p>\n<p><span style=\"font-weight: 400;\">A pesar de que la contaminaci\u00f3n es un tema cr\u00edtico, el gobierno no es eficiente a la hora de realizar mediciones. Los controles oficiales son limitados ya que la ciudad s\u00f3lo cuenta con tres estaciones de monitoreo, cuando otras ciudades en Latinoam\u00e9rica cuentan con m\u00e1s de diez. &nbsp;Adem\u00e1s, el sistema que utiliza la ciudad no mide algunos de los componentes m\u00e1s t\u00f3xicos y perjudiciales para la salud. <\/span><\/p>\n<p><span style=\"font-weight: 400;\">Entre los componentes se encuentran el di\u00f3xido de nitr\u00f3geno (NO<\/span><span style=\"font-weight: 400;\">2<\/span><span style=\"font-weight: 400;\">) y el material particulado 2.5 micras (PM 2.5) que provienen de la contaminaci\u00f3n del aire generada por las emisiones que liberan colectivos y camiones, entre otros. Mientras se siga usando esta energ\u00eda sucia, respirar en Buenos Aires ser\u00e1 una amenaza. La inhalaci\u00f3n de ambos componentes es perjudicial para la salud y puede causar enfermedades como asma, enfermedad pulmonar obstructiva cr\u00f3nica (EPOC), c\u00e1ncer, enfermedades card\u00edacas y accidentes cerebrovasculares (ACV).<\/span><\/p>\n<p><span style=\"font-weight: 400;\">Exigimos que el gobierno se comprometa a trabajar en transporte p\u00fablico basado en energ\u00edas limpias.<\/span><\/p>\n<\/p>\n<p><b>Esto es lo que hicimos:<\/b><\/p>\n<p><b>1-<\/b><span style=\"font-weight: 400;\"> Realizamos mediciones cient\u00edficas de la calidad del aire en la Ciudad de Buenos Aires &nbsp;y los resultados sobrepasaron los valores establecidos por la Organizaci\u00f3n Mundial de la Salud (OMS). <\/span><\/p>\n<p><b>2-<\/b><span style=\"font-weight: 400;\"> Llevamos adelante un proyecto de ciencia ciudadana junto a vecinos porte\u00f1os y logramos identificar los barrios con peor calidad de aire de la ciudad, seg\u00fan el resultado de nuestros monitoreos.<\/span><\/p>\n<p><b>3-<\/b><span style=\"font-weight: 400;\"> Pusimos en el foco de la agenda p\u00fablica la problem\u00e1tica de la contaminaci\u00f3n de aire y la urgencia del traspaso hacia energ\u00edas limpias y sustentables.<\/span><\/p>\n<\/p>\n<h3><b>Le\u00e9 m\u00e1s<\/b><\/h3>\n<p><strong><a href=\"http:\/\/greenpeace.org.ar\/pdf\/aire\/reporte-informe-ciencia-ciudadana.pdf\">Ciencia Ciudadana: Estudio sobre contaminaci\u00f3n de aire en CABA &#8211; Medici\u00f3n de di\u00f3xido de nitr\u00f3geno (septiembre 2018)<\/a><\/strong><\/p>\n<p><strong><a href=\"http:\/\/greenpeace.org.ar\/pdf\/aire\/MONITOREO_CALIDAD_DEL_AIRE-Greenpeace.pdf\">Monitoreo de la calidad del aire en la Ciudad de Buenos Aires (agosto 2018)<\/a><\/strong><\/p>\n<p><strong><a href=\"https:\/\/www.google.com\/maps\/d\/viewer?mid=1IV7mplClf4B52OUL2cOLIRl2it0Rq_Np&amp;ll=-34.603679717393696%2C-58.39094471149883&amp;z=13\">Niveles de di\u00f3xido de nitr\u00f3geno registrados en diferentes barrios de la Ciudad de Buenos Aires (2018) (mapa interactivo)<\/a><\/strong><\/p>\n<p><strong><a href=\"https:\/\/www.google.com\/maps\/d\/viewer?mid=1PKSCg3yH6-WIudKAh3-dNvswp_oFKuE4&amp;ll=-34.63069600000001%2C-58.39266409999999&amp;z=13&amp;send_key=OTAtMTY0MS01MDM2LTY0NjMtMjkyNjI1NS0&amp;contact_key=90v3G9LCo63lwFFePcnL6zN2CcQrKCxwO2Aucl7BraWYPCc&amp;utm_source=datacrush\">Niveles de materia particulada fina (PM2.5) registrados en &nbsp;hospitales pedi\u00e1tricos y jardines maternales de la Ciudad de Buenos Aires (2018) (mapa interactivo)<\/a><\/strong><\/p><\/p>\n\n    <div class=\"wp-block-query posts-list p4-query-loop is-custom-layout-list is-layout-flow wp-block-query-is-layout-flow\">\n        <div class=\"wp-block-group is-content-justification-space-between is-layout-flex wp-container-core-group-is-layout-3d213aab wp-block-group-is-layout-flex\"><h2 class=\"wp-block-heading\">\u00daltimas noticias<\/h2>\n        <li class=\" wp-block-navigation-item see-all-link wp-block-navigation-link\"><a class=\"wp-block-navigation-item__content\"  href=\"http:\/\/www.greenpeace.org\/argentina\/news-stories\/?tag=airelimpioya\"><span class=\"wp-block-navigation-item__label\">See all stories<\/span><\/a><\/li>\n        \n        <\/div>\n        \n\n    <p style=\"margin-top: 24px; margin-bottom: 36px;\"><\/p>\n\n    \n\n    <ul class=\"wp-block-post-template is-layout-flow wp-block-post-template-is-layout-flow\"><li class=\"wp-block-post post-27132 post type-post status-publish format-standard has-post-thumbnail hentry category-contaminacion tag-airelimpioya tag-excesodedesmontes p4-page-type-blog\">\n            \n<div class=\"wp-block-columns is-layout-flex wp-container-core-columns-is-layout-9d6595d7 wp-block-columns-is-layout-flex\"><figure class=\"wp-block-post-featured-image\"><a href=\"https:\/\/www.greenpeace.org\/argentina\/blog\/problemas\/contaminacion\/el-aire-contaminado-mata-mas-que-el-cigarrillo-cada-vez-mas-personas-no-fumadoras-enferman-de-cancer-de-pulmon\/\" target=\"_self\"  ><img loading=\"lazy\" decoding=\"async\" width=\"800\" height=\"534\" src=\"https:\/\/www.greenpeace.org\/static\/planet4-argentina-stateless\/2025\/03\/b14b06e1-gp0stsj6n_low-res-with-credit-line-800px.jpg\" class=\"attachment-post-thumbnail size-post-thumbnail wp-post-image wp-stateless-item\" alt=\"El aire contaminado mata m\u00e1s que el cigarrillo: cada vez m\u00e1s personas no fumadoras enferman de c\u00e1ncer de pulm\u00f3n\" style=\"object-fit:cover;\" srcset=\"https:\/\/www.greenpeace.org\/static\/planet4-argentina-stateless\/2025\/03\/b14b06e1-gp0stsj6n_low-res-with-credit-line-800px.jpg 800w, https:\/\/www.greenpeace.org\/static\/planet4-argentina-stateless\/2025\/03\/b14b06e1-gp0stsj6n_low-res-with-credit-line-800px-300x200.jpg 300w, https:\/\/www.greenpeace.org\/static\/planet4-argentina-stateless\/2025\/03\/b14b06e1-gp0stsj6n_low-res-with-credit-line-800px-768x513.jpg 768w, https:\/\/www.greenpeace.org\/static\/planet4-argentina-stateless\/2025\/03\/b14b06e1-gp0stsj6n_low-res-with-credit-line-800px-510x340.jpg 510w\" sizes=\"auto, (max-width: 800px) 100vw, 800px\" data-image-size=\"post-thumbnail\" data-stateless-media-bucket=\"planet4-argentina-stateless\" data-stateless-media-name=\"2025\/03\/b14b06e1-gp0stsj6n_low-res-with-credit-line-800px.jpg\" \/><\/a><\/figure>\n\n        <div class=\"wp-block-group is-layout-flow wp-block-group-is-layout-flow\">\n        <div class=\"wp-block-group is-layout-flex wp-block-group-is-layout-flex\"><div class=\"wp-block-post-terms\"><a href=\"https:\/\/www.greenpeace.org\/argentina\/category\/problemas\/contaminacion\/\">Contaminaci\u00f3n<\/a><\/div>\n        \n        \n        <\/div>\n        \n        <h3 class=\"wp-block-post-title\"><a href=\"https:\/\/www.greenpeace.org\/argentina\/blog\/problemas\/contaminacion\/el-aire-contaminado-mata-mas-que-el-cigarrillo-cada-vez-mas-personas-no-fumadoras-enferman-de-cancer-de-pulmon\/\" target=\"_self\" >El aire contaminado mata m\u00e1s que el cigarrillo: cada vez m\u00e1s personas no fumadoras enferman de c\u00e1ncer de pulm\u00f3n<\/a><\/h3>\n        <div class=\"wp-block-post-excerpt\"><p class=\"wp-block-post-excerpt__excerpt\">Los factores ambientales tienen un papel creciente en la epidemiolog\u00eda del c\u00e1ncer de pulm\u00f3n. <\/p><\/div>\n        \n        <div class=\"wp-block-group posts-list-meta is-layout-flow wp-block-group-is-layout-flow\"><span class='article-list-item-author'>Meri Castro<\/span>\n        <div class=\"wp-block-post-date\"><time datetime=\"2025-03-10T10:57:30-03:00\">10 marzo 2025<\/time><\/div>\n        \n        <\/div>\n        <\/div>\n        <\/div>\n\n            <\/li><li class=\"wp-block-post post-25386 post type-post status-publish format-standard has-post-thumbnail hentry category-bosques category-contaminacion tag-airelimpioya tag-destruirbosquesesuncrimen tag-excesodedesmontes p4-page-type-blog\">\n            \n<div class=\"wp-block-columns is-layout-flex wp-container-core-columns-is-layout-9d6595d7 wp-block-columns-is-layout-flex\"><figure class=\"wp-block-post-featured-image\"><a href=\"https:\/\/www.greenpeace.org\/argentina\/blog\/problemas\/bosques\/lluvia-negra-que-es-y-que-se-espera-que-suceda-en-nuestro-pais\/\" target=\"_self\"  ><img loading=\"lazy\" decoding=\"async\" width=\"800\" height=\"600\" src=\"https:\/\/www.greenpeace.org\/static\/planet4-argentina-stateless\/2024\/09\/f79432c7-gp1ta6mq_low-res-with-credit-line-800px.jpg\" class=\"attachment-post-thumbnail size-post-thumbnail wp-post-image wp-stateless-item\" alt=\"Lluvia negra: \u00bfqu\u00e9 es y qu\u00e9 se espera que suceda en nuestro pa\u00eds?\" style=\"object-fit:cover;\" srcset=\"https:\/\/www.greenpeace.org\/static\/planet4-argentina-stateless\/2024\/09\/f79432c7-gp1ta6mq_low-res-with-credit-line-800px.jpg 800w, https:\/\/www.greenpeace.org\/static\/planet4-argentina-stateless\/2024\/09\/f79432c7-gp1ta6mq_low-res-with-credit-line-800px-300x225.jpg 300w, https:\/\/www.greenpeace.org\/static\/planet4-argentina-stateless\/2024\/09\/f79432c7-gp1ta6mq_low-res-with-credit-line-800px-768x576.jpg 768w, https:\/\/www.greenpeace.org\/static\/planet4-argentina-stateless\/2024\/09\/f79432c7-gp1ta6mq_low-res-with-credit-line-800px-453x340.jpg 453w\" sizes=\"auto, (max-width: 800px) 100vw, 800px\" data-image-size=\"post-thumbnail\" data-stateless-media-bucket=\"planet4-argentina-stateless\" data-stateless-media-name=\"2024\/09\/f79432c7-gp1ta6mq_low-res-with-credit-line-800px.jpg\" \/><\/a><\/figure>\n\n        <div class=\"wp-block-group is-layout-flow wp-block-group-is-layout-flow\">\n        <div class=\"wp-block-group is-layout-flex wp-block-group-is-layout-flex\"><div class=\"wp-block-post-terms\"><a href=\"https:\/\/www.greenpeace.org\/argentina\/category\/problemas\/bosques\/\">Bosques<\/a><\/div>\n        \n        \n        <\/div>\n        \n        <h3 class=\"wp-block-post-title\"><a href=\"https:\/\/www.greenpeace.org\/argentina\/blog\/problemas\/bosques\/lluvia-negra-que-es-y-que-se-espera-que-suceda-en-nuestro-pais\/\" target=\"_self\" >Lluvia negra: \u00bfqu\u00e9 es y qu\u00e9 se espera que suceda en nuestro pa\u00eds?<\/a><\/h3>\n        <div class=\"wp-block-post-excerpt\"><p class=\"wp-block-post-excerpt__excerpt\">El humo de los incendios forestales que contin\u00faan activos en Bolivia, Brasil y Paraguay lleg\u00f3 a gran parte de nuestro pa\u00eds y puso en alerta a 10 provincias, incluyendo el&hellip; <\/p><\/div>\n        \n        <div class=\"wp-block-group posts-list-meta is-layout-flow wp-block-group-is-layout-flow\"><span class='article-list-item-author'>Meri Castro<\/span>\n        <div class=\"wp-block-post-date\"><time datetime=\"2024-09-11T13:30:19-03:00\">11 septiembre 2024<\/time><\/div>\n        \n        <\/div>\n        <\/div>\n        <\/div>\n\n            <\/li><li class=\"wp-block-post post-25350 post type-post status-publish format-standard has-post-thumbnail hentry category-contaminacion tag-airelimpioya tag-atanor p4-page-type-blog\">\n            \n<div class=\"wp-block-columns is-layout-flex wp-container-core-columns-is-layout-9d6595d7 wp-block-columns-is-layout-flex\"><figure class=\"wp-block-post-featured-image\"><a href=\"https:\/\/www.greenpeace.org\/argentina\/blog\/problemas\/contaminacion\/dia-internacional-del-aire-limpio-sin-motivos-para-festejar\/\" target=\"_self\"  ><img loading=\"lazy\" decoding=\"async\" width=\"2500\" height=\"1667\" src=\"https:\/\/www.greenpeace.org\/static\/planet4-argentina-stateless\/2024\/09\/bb72e7a5-aire-limpio.jpg\" class=\"attachment-post-thumbnail size-post-thumbnail wp-post-image wp-stateless-item\" alt=\"D\u00eda internacional del Aire Limpio: sin motivos para festejar\" style=\"object-fit:cover;\" srcset=\"https:\/\/www.greenpeace.org\/static\/planet4-argentina-stateless\/2024\/09\/bb72e7a5-aire-limpio.jpg 2500w, https:\/\/www.greenpeace.org\/static\/planet4-argentina-stateless\/2024\/09\/bb72e7a5-aire-limpio-300x200.jpg 300w, https:\/\/www.greenpeace.org\/static\/planet4-argentina-stateless\/2024\/09\/bb72e7a5-aire-limpio-1024x683.jpg 1024w, https:\/\/www.greenpeace.org\/static\/planet4-argentina-stateless\/2024\/09\/bb72e7a5-aire-limpio-768x512.jpg 768w, https:\/\/www.greenpeace.org\/static\/planet4-argentina-stateless\/2024\/09\/bb72e7a5-aire-limpio-1536x1024.jpg 1536w, https:\/\/www.greenpeace.org\/static\/planet4-argentina-stateless\/2024\/09\/bb72e7a5-aire-limpio-2048x1366.jpg 2048w, https:\/\/www.greenpeace.org\/static\/planet4-argentina-stateless\/2024\/09\/bb72e7a5-aire-limpio-510x340.jpg 510w\" sizes=\"auto, (max-width: 2500px) 100vw, 2500px\" data-image-size=\"post-thumbnail\" data-stateless-media-bucket=\"planet4-argentina-stateless\" data-stateless-media-name=\"2024\/09\/bb72e7a5-aire-limpio.jpg\" \/><\/a><\/figure>\n\n        <div class=\"wp-block-group is-layout-flow wp-block-group-is-layout-flow\">\n        <div class=\"wp-block-group is-layout-flex wp-block-group-is-layout-flex\"><div class=\"wp-block-post-terms\"><a href=\"https:\/\/www.greenpeace.org\/argentina\/category\/problemas\/contaminacion\/\">Contaminaci\u00f3n<\/a><\/div>\n        \n        \n        <\/div>\n        \n        <h3 class=\"wp-block-post-title\"><a href=\"https:\/\/www.greenpeace.org\/argentina\/blog\/problemas\/contaminacion\/dia-internacional-del-aire-limpio-sin-motivos-para-festejar\/\" target=\"_self\" >D\u00eda internacional del Aire Limpio: sin motivos para festejar<\/a><\/h3>\n        <div class=\"wp-block-post-excerpt\"><p class=\"wp-block-post-excerpt__excerpt\">Es tiempo de debatir sobre este gran asunto de salud p\u00fablica.\u00a0 <\/p><\/div>\n        \n        <div class=\"wp-block-group posts-list-meta is-layout-flow wp-block-group-is-layout-flow\"><span class='article-list-item-author'>Meri Castro<\/span>\n        <div class=\"wp-block-post-date\"><time datetime=\"2024-09-06T12:52:51-03:00\">6 septiembre 2024<\/time><\/div>\n        \n        <\/div>\n        <\/div>\n        <\/div>\n\n            <\/li><\/ul>\n\n    \n<div class=\"wp-block-buttons carousel-controls is-horizontal is-content-justification-space-between is-nowrap is-layout-flex wp-container-core-buttons-is-layout-044bd602 wp-block-buttons-is-layout-flex\">\n            <div class=\"wp-block-button carousel-control-prev\"><button type=\"button\" class=\"wp-block-button__link wp-element-button\">Prev<\/button><\/div>\n        \n\n            <div class=\"wp-block-button carousel-control-next\"><button type=\"button\" class=\"wp-block-button__link wp-element-button\">Next<\/button><\/div>\n        <\/div>\n\n\n    <li class=\" wp-block-navigation-item see-all-link wp-block-navigation-link\"><a class=\"wp-block-navigation-item__content\"  href=\"http:\/\/www.greenpeace.org\/argentina\/news-stories\/?tag=airelimpioya\"><span class=\"wp-block-navigation-item__label\">See all stories<\/span><\/a><\/li><\/div>\n    <div data-render=\"planet4-blocks\/happypoint\" data-attributes=\"{&quot;attributes&quot;:{&quot;focus_image&quot;:&quot;50% 50%&quot;,&quot;opacity&quot;:40,&quot;mailing_list_iframe&quot;:true,&quot;iframe_url&quot;:&quot;https:\\\/\\\/unite.greenpeace.org.ar\\\/happypoint\\\/&quot;,&quot;id&quot;:16,&quot;override_default_content&quot;:false,&quot;local_content_provider&quot;:&quot;none&quot;}}\"><\/div>","protected":false},"excerpt":{"rendered":"<p>A trav\u00e9s de mediciones cient\u00edficas, confirmamos que los valores de contaminaci\u00f3n de aire en la Ciudad de Buenos Aires superan los niveles establecidos por la Organizaci\u00f3n Mundial de la Salud (OMS). De hecho, seg\u00fan los resultados de estudios que realizamos junto a vecinos de la ciudad en distintos barrios porte\u00f1os, hay locaciones que superan los [&hellip;]<\/p>\n","protected":false},"author":19,"featured_media":583,"parent":11,"menu_order":0,"comment_status":"closed","ping_status":"closed","template":"","meta":{"ep_exclude_from_search":false,"p4_hide_page_title_checkbox":"on","p4_title":"","p4_subtitle":"","p4_description":"","background_image_id":"","background_image":"","p4_button_title":"","p4_button_link":"","p4_button_link_checkbox":"","p4_og_title":"","p4_og_description":"","p4_og_image":"","p4_og_image_id":"","p4_seo_canonical_url":"","p4_campaign_name":"not set","p4_local_project":"not set","p4_basket_name":"not set","p4_department":"","footnotes":""},"categories":[4],"tags":[26],"class_list":["post-580","page","type-page","status-publish","has-post-thumbnail","hentry","category-contaminacion","tag-airelimpioya"],"_links":{"self":[{"href":"https:\/\/www.greenpeace.org\/argentina\/wp-json\/wp\/v2\/pages\/580","targetHints":{"allow":["GET"]}}],"collection":[{"href":"https:\/\/www.greenpeace.org\/argentina\/wp-json\/wp\/v2\/pages"}],"about":[{"href":"https:\/\/www.greenpeace.org\/argentina\/wp-json\/wp\/v2\/types\/page"}],"author":[{"embeddable":true,"href":"https:\/\/www.greenpeace.org\/argentina\/wp-json\/wp\/v2\/users\/19"}],"replies":[{"embeddable":true,"href":"https:\/\/www.greenpeace.org\/argentina\/wp-json\/wp\/v2\/comments?post=580"}],"version-history":[{"count":20,"href":"https:\/\/www.greenpeace.org\/argentina\/wp-json\/wp\/v2\/pages\/580\/revisions"}],"predecessor-version":[{"id":31819,"href":"https:\/\/www.greenpeace.org\/argentina\/wp-json\/wp\/v2\/pages\/580\/revisions\/31819"}],"up":[{"embeddable":true,"href":"https:\/\/www.greenpeace.org\/argentina\/wp-json\/wp\/v2\/pages\/11"}],"wp:featuredmedia":[{"embeddable":true,"href":"https:\/\/www.greenpeace.org\/argentina\/wp-json\/wp\/v2\/media\/583"}],"wp:attachment":[{"href":"https:\/\/www.greenpeace.org\/argentina\/wp-json\/wp\/v2\/media?parent=580"}],"wp:term":[{"taxonomy":"category","embeddable":true,"href":"https:\/\/www.greenpeace.org\/argentina\/wp-json\/wp\/v2\/categories?post=580"},{"taxonomy":"post_tag","embeddable":true,"href":"https:\/\/www.greenpeace.org\/argentina\/wp-json\/wp\/v2\/tags?post=580"}],"curies":[{"name":"wp","href":"https:\/\/api.w.org\/{rel}","templated":true}]}}