{"id":624,"date":"2019-01-24T14:46:35","date_gmt":"2019-01-24T14:46:35","guid":{"rendered":"https:\/\/www.greenpeace.org\/argentina\/?page_id=624"},"modified":"2025-09-23T06:43:36","modified_gmt":"2025-09-23T09:43:36","slug":"no-mas-contaminacion-en-patagonia","status":"publish","type":"page","link":"https:\/\/www.greenpeace.org\/argentina\/participa\/involucrate\/no-mas-contaminacion-en-patagonia\/","title":{"rendered":"No m\u00e1s contaminaci\u00f3n en Patagonia"},"content":{"rendered":"\n                \n                <div class=\"wp-block-group alignfull is-layout-flow wp-block-group-is-layout-flow\">\n                \n                <div class=\"wp-block-group container is-layout-flow wp-block-group-is-layout-flow\">\n                \n                <div class=\"wp-block-media-text alignfull has-media-on-the-right is-stacked-on-mobile is-pattern-p4-page-header is-style-parallax\">\n\n                <div class=\"wp-block-media-text__content\">\n                    <div class=\"wp-block-group is-layout-flow wp-block-group-is-layout-flow\">\n                    \n                        <h1 class=\"wp-block-heading has-white-background-color has-background\">\n                            No m\u00e1s contaminaci\u00f3n en Patagonia\n                        <\/h1>\n                    <\/div>\n                \n\n                \n                        <p style=\"font-size:1.25rem\">\n                            Grandes empresas petroleras como Shell, YPF y Total -entre otras- est\u00e1n vertiendo residuos t\u00f3xicos en el norte de la Patagonia, poniendo en riesgo nuestro ecosistema y contribuyendo al cambio clim\u00e1tico global.\r\n<div class=\"m_-3180858641113127273gmail-page-header-content\">\r\n\r\nDecile no a la\u00a0contaminaci\u00f3n.\r\n\r\n<\/div>\n                        <\/p>\n                    \n\n                \n\n                <\/div>\n                <figure class=\"wp-block-media-text__media\">\n                    <img loading=\"lazy\" decoding=\"async\" width=\"2500\" height=\"1875\"\n                        src=\"https:\/\/www.greenpeace.org\/static\/planet4-argentina-stateless\/2019\/01\/c1c120ab-gpa_vertederovacamuerta_02-1.jpg\"\n                        alt=\"\"\n                        sizes=\"auto, (min-width: 601px) 50vw, 100vw\" srcset=\"https:\/\/www.greenpeace.org\/static\/planet4-argentina-stateless\/2019\/01\/c1c120ab-gpa_vertederovacamuerta_02-1.jpg 2500w, https:\/\/www.greenpeace.org\/static\/planet4-argentina-stateless\/2019\/01\/c1c120ab-gpa_vertederovacamuerta_02-1-300x225.jpg 300w, https:\/\/www.greenpeace.org\/static\/planet4-argentina-stateless\/2019\/01\/c1c120ab-gpa_vertederovacamuerta_02-1-768x576.jpg 768w, https:\/\/www.greenpeace.org\/static\/planet4-argentina-stateless\/2019\/01\/c1c120ab-gpa_vertederovacamuerta_02-1-1024x768.jpg 1024w, https:\/\/www.greenpeace.org\/static\/planet4-argentina-stateless\/2019\/01\/c1c120ab-gpa_vertederovacamuerta_02-1-1821x1366.jpg 1821w, https:\/\/www.greenpeace.org\/static\/planet4-argentina-stateless\/2019\/01\/c1c120ab-gpa_vertederovacamuerta_02-1-453x340.jpg 453w\" class=\"wp-image-625 size-full\"\n                    \/>\n                <\/figure>\n                <\/div>\n                \n                <\/div>\n                \n                <\/div>\n                \n                <p><span style=\"font-weight: 400;\">Si usamos cada vez m\u00e1s combustibles f\u00f3siles, se agudizar\u00e1 el cambio clim\u00e1tico global, se retrasar\u00e1 la inversi\u00f3n en energ\u00edas renovables y se agravar\u00e1 la amenaza de contaminaci\u00f3n para las comunidades del norte patag\u00f3nico. <\/span><\/p>\n<p><span style=\"font-weight: 400;\">Explotar al m\u00e1ximo todas las reservas de gas no convencional del pa\u00eds, entre ellas Vaca Muerta, consumir\u00eda hasta un 11,40% de la cantidad de carbono que el mundo puede producir para respetar el Acuerdo clim\u00e1tico de Par\u00eds y evitar sobrepasar los 1,5\u00b0C. Para lograrlo, es necesario reducir las emisiones de gases de efecto invernadero a la mitad en la pr\u00f3xima d\u00e9cada y llegar a cero para 2050. Esto requiere acciones radicales y urgentes para disminuir dr\u00e1sticamente el uso del carb\u00f3n, el petr\u00f3leo y el gas, mientras se potencia el desarrollo de fuentes limpias y renovables como la e\u00f3lica y la solar. Abrir m\u00e1s reservas de petr\u00f3leo, gas y carb\u00f3n es condenar al mundo a impactos clim\u00e1ticos letales. <\/span><\/p>\n<p><span style=\"font-weight: 400;\">A fines de 2018, descubrimos que la compa\u00f1\u00eda Treater S.A., proveedora de empresas petroleras internacionales, est\u00e1 desechando residuos industriales t\u00f3xicos, provenientes del fracking, en piletones de tama\u00f1o equivalente a 15 canchas de f\u00fatbol. Estos desperdicios se descartan directamente sobre el suelo y sin tomar medidas de seguridad, como si fueran verdaderas cloacas petroleras. <\/span><\/p>\n<p><span style=\"font-weight: 400;\">Todo esto sucede apenas a 5 kil\u00f3metros de la ciudad de A\u00f1elo, en Neuqu\u00e9n, cerca de campos agr\u00edcolas y del R\u00edo Neuqu\u00e9n, lo que lo convierte en una pr\u00e1ctica ilegal: el decreto provincial 2263 reglament\u00f3 la gesti\u00f3n de residuos a una distancia m\u00ednima de 8 kil\u00f3metros.<\/span><\/p>\n<p><span style=\"font-weight: 400;\">A esto se le suman accidentes como el <\/span><a href=\"https:\/\/www.greenpeace.org\/argentina\/issues\/climayenergia\/881\/imagenes-exclusivas-del-derrame-de-petroleo-en-vaca-muerta-2\/\"><b>derrame de petr\u00f3leo que ocurri\u00f3 en 2018 en el yacimiento Bandurria Sur<\/b><\/a><span style=\"font-weight: 400;\"> que opera la petrolera YPF: un escape de gas no convencional y petr\u00f3leo que dur\u00f3 36 horas y lleg\u00f3 a contaminar m\u00e1s de 80 hect\u00e1reas. <\/span><\/p>\n<p><span style=\"font-weight: 400;\">Y la <\/span><a href=\"https:\/\/www.greenpeace.org\/argentina\/issues\/climayenergia\/1111\/explosion-en-vaca-muerta\/\"><b>explosi\u00f3n en el yacimiento La Ribera<\/b><\/a><span style=\"font-weight: 400;\"> que, en julio del mismo a\u00f1o, provoc\u00f3 la muerte de un trabajador y dej\u00f3 gravemente herido a otro. <\/span><\/p>\n<p><span style=\"font-weight: 400;\">Estos casos son muestra de la irresponsabilidad con la que opera hoy la industria del fracking en la Patagonia. Esta actividad no solo pone en peligro la vida de las comunidades y de las especies que habitan la zona, sino que tambi\u00e9n agrava el cambio clim\u00e1tico. Decile no al fracking en Vaca Muerta.<\/span><\/p>\n<p>\u00a0<\/p>\n<h3><b>Le\u00e9 m\u00e1s<br \/><\/b><\/h3>\n<p><a href=\"https:\/\/greenpeace.org.ar\/vacamuerta\/Nuestra-investigacion.pdf\"><b>C\u00f3mo las investigaciones de Greenpeace ayudaron a descubrir un vertedero de residuos ilegal y rastrear a los responsables (2018)<\/b><\/a><\/p>\n<p><a href=\"https:\/\/greenpeace.org.ar\/vacamuerta\/Analisis-brief-final.pdf\"><b>Informe: contaminantes org\u00e1nicos y metales en muestras de agua, sedimentos y lodo en dos sitios de fracturaci\u00f3n hidr\u00e1ulica de Argentina (2018)<\/b><\/a><\/p>\n<p><a href=\"https:\/\/greenpeace.org.ar\/vacamuerta\/Denuncia-Penal-TREATER.pdf\"><b>Denuncia penal contra Treater Neuquen S.A. (octubre 2018)<\/b><\/a><\/p>\n<p><a href=\"http:\/\/greenpeace.org.ar\/pdf\/GP_InfografiaVacaMuerta_04.pdf\"><b>\u00bfPor qu\u00e9 decimos No a Vaca Muerta?<\/b><\/a><\/p>\n<p><b>Informes de Greenpeace y OCI (Oil Change International): <\/b><\/p>\n<p><strong>&#8211;\u00a0<a href=\"http:\/\/www.greenpeace.org\/argentina\/Global\/argentina\/2018\/06\/debunked_vaca_muerta_spa_06a_fin_cmyk.pdf\">Derribar los mitos sobre la formaci\u00f3n de gas de esquisto de Vaca Muerta\u00a0<\/a><\/strong><\/p>\n<p><strong>&#8211; <a href=\"http:\/\/www.greenpeace.org\/argentina\/Global\/argentina\/2018\/06\/debunked_g20_esp_03_fin_web.pdf\">Derribar el mito del G20 de que el gas es un combustible limpio\u00a0<\/a><\/strong><\/p>\n<p><b>Informe de FARN:<\/b><\/p>\n<p><span style=\"font-weight: 400;\"><strong>&#8211;<\/strong> <strong><a href=\"http:\/\/www.greenpeace.org\/argentina\/Global\/argentina\/2018\/06\/DOC_COMBUSTIBLES_final.pdf\">Los subsidios a los combustibles f\u00f3siles en Argentina 2017-2018\u00a0<\/a><\/strong><\/span><\/p>\n<p>\u00a0<\/p>\n\n    <div class=\"wp-block-query posts-list p4-query-loop is-custom-layout-list is-layout-flow wp-block-query-is-layout-flow\">\n        <div class=\"wp-block-group is-content-justification-space-between is-layout-flex wp-container-core-group-is-layout-3d213aab wp-block-group-is-layout-flex\"><h2 class=\"wp-block-heading\">\u00daltimas noticias<\/h2>\n        <li class=\" wp-block-navigation-item see-all-link wp-block-navigation-link\"><a class=\"wp-block-navigation-item__content\"  href=\"http:\/\/www.greenpeace.org\/argentina\/news-stories\/?tag=noavacamuerta\"><span class=\"wp-block-navigation-item__label\">See all stories<\/span><\/a><\/li>\n        \n        <\/div>\n        \n\n    <p style=\"margin-top: 24px; margin-bottom: 36px;\"><\/p>\n\n    \n\n    <ul class=\"wp-block-post-template is-layout-flow wp-block-post-template-is-layout-flow\"><li class=\"wp-block-post post-11124 post type-post status-publish format-standard has-post-thumbnail hentry category-climayenergia tag-noavacamuerta p4-page-type-story\">\n            \n<div class=\"wp-block-columns is-layout-flex wp-container-core-columns-is-layout-9d6595d7 wp-block-columns-is-layout-flex\"><figure class=\"wp-block-post-featured-image\"><a href=\"https:\/\/www.greenpeace.org\/argentina\/story\/problemas\/climayenergia\/greenpeace-incentivar-la-produccion-del-gas-es-negar-la-existencia-de-la-emergencia-climatica-y-volver-a-recetas-fracasadas\/\" target=\"_self\"  ><img loading=\"lazy\" decoding=\"async\" width=\"2500\" height=\"1667\" src=\"https:\/\/www.greenpeace.org\/static\/planet4-argentina-stateless\/2020\/10\/02849770-gpa_basurerotox_41.jpg\" class=\"attachment-post-thumbnail size-post-thumbnail wp-post-image wp-stateless-item\" alt=\"La producci\u00f3n de gas y sus da\u00f1os al medio ambiente\" style=\"object-fit:cover;\" srcset=\"https:\/\/www.greenpeace.org\/static\/planet4-argentina-stateless\/2020\/10\/02849770-gpa_basurerotox_41.jpg 2500w, https:\/\/www.greenpeace.org\/static\/planet4-argentina-stateless\/2020\/10\/02849770-gpa_basurerotox_41-300x200.jpg 300w, https:\/\/www.greenpeace.org\/static\/planet4-argentina-stateless\/2020\/10\/02849770-gpa_basurerotox_41-1024x683.jpg 1024w, https:\/\/www.greenpeace.org\/static\/planet4-argentina-stateless\/2020\/10\/02849770-gpa_basurerotox_41-768x512.jpg 768w, https:\/\/www.greenpeace.org\/static\/planet4-argentina-stateless\/2020\/10\/02849770-gpa_basurerotox_41-1536x1024.jpg 1536w, https:\/\/www.greenpeace.org\/static\/planet4-argentina-stateless\/2020\/10\/02849770-gpa_basurerotox_41-2048x1366.jpg 2048w, https:\/\/www.greenpeace.org\/static\/planet4-argentina-stateless\/2020\/10\/02849770-gpa_basurerotox_41-510x340.jpg 510w\" sizes=\"auto, (max-width: 2500px) 100vw, 2500px\" data-image-size=\"post-thumbnail\" data-stateless-media-bucket=\"planet4-argentina-stateless\" data-stateless-media-name=\"2020\/10\/02849770-gpa_basurerotox_41.jpg\" \/><\/a><\/figure>\n\n        <div class=\"wp-block-group is-layout-flow wp-block-group-is-layout-flow\">\n        <div class=\"wp-block-group is-layout-flex wp-block-group-is-layout-flex\"><div class=\"wp-block-post-terms\"><a href=\"https:\/\/www.greenpeace.org\/argentina\/category\/problemas\/climayenergia\/\">Clima y Energ\u00eda<\/a><\/div>\n        \n        \n        <\/div>\n        \n        <h3 class=\"wp-block-post-title\"><a href=\"https:\/\/www.greenpeace.org\/argentina\/story\/problemas\/climayenergia\/greenpeace-incentivar-la-produccion-del-gas-es-negar-la-existencia-de-la-emergencia-climatica-y-volver-a-recetas-fracasadas\/\" target=\"_self\" >La producci\u00f3n de gas y sus da\u00f1os al medio ambiente<\/a><\/h3>\n        <div class=\"wp-block-post-excerpt\"><p class=\"wp-block-post-excerpt__excerpt\">Greenpeace advierte que, incentivar la producci\u00f3n de gas, es evadir la existencia de la emergencia clim\u00e1tica. <\/p><\/div>\n        \n        <div class=\"wp-block-group posts-list-meta is-layout-flow wp-block-group-is-layout-flow\"><span class='article-list-item-author'><a href='https:\/\/www.greenpeace.org\/argentina\/author\/prensaarg\/'>Prensa Argentina<\/a><\/span>\n        <div class=\"wp-block-post-date\"><time datetime=\"2020-10-15T15:46:08-03:00\">15 octubre 2020<\/time><\/div>\n        \n        <\/div>\n        <\/div>\n        <\/div>\n\n            <\/li><li class=\"wp-block-post post-10191 post type-post status-publish format-standard has-post-thumbnail hentry category-climayenergia tag-noavacamuerta p4-page-type-story\">\n            \n<div class=\"wp-block-columns is-layout-flex wp-container-core-columns-is-layout-9d6595d7 wp-block-columns-is-layout-flex\"><figure class=\"wp-block-post-featured-image\"><a href=\"https:\/\/www.greenpeace.org\/argentina\/story\/problemas\/climayenergia\/greenpeace-ante-los-falsos-argumentos-de-funcionarios-en-neuquen-sobre-la-contaminacion-en-vaca-muerta\/\" target=\"_self\"  ><img loading=\"lazy\" decoding=\"async\" width=\"2500\" height=\"1875\" src=\"https:\/\/www.greenpeace.org\/static\/planet4-argentina-stateless\/2020\/05\/b223935e-gpa_vertederovacamuerta_02.jpg\" class=\"attachment-post-thumbnail size-post-thumbnail wp-post-image wp-stateless-item\" alt=\"Greenpeace ante los falsos argumentos de funcionarios en Neuqu\u00e9n sobre la contaminaci\u00f3n en Vaca Muerta\" style=\"object-fit:cover;\" srcset=\"https:\/\/www.greenpeace.org\/static\/planet4-argentina-stateless\/2020\/05\/b223935e-gpa_vertederovacamuerta_02.jpg 2500w, https:\/\/www.greenpeace.org\/static\/planet4-argentina-stateless\/2020\/05\/b223935e-gpa_vertederovacamuerta_02-300x225.jpg 300w, https:\/\/www.greenpeace.org\/static\/planet4-argentina-stateless\/2020\/05\/b223935e-gpa_vertederovacamuerta_02-1024x768.jpg 1024w, https:\/\/www.greenpeace.org\/static\/planet4-argentina-stateless\/2020\/05\/b223935e-gpa_vertederovacamuerta_02-768x576.jpg 768w, https:\/\/www.greenpeace.org\/static\/planet4-argentina-stateless\/2020\/05\/b223935e-gpa_vertederovacamuerta_02-1536x1152.jpg 1536w, https:\/\/www.greenpeace.org\/static\/planet4-argentina-stateless\/2020\/05\/b223935e-gpa_vertederovacamuerta_02-2048x1536.jpg 2048w, https:\/\/www.greenpeace.org\/static\/planet4-argentina-stateless\/2020\/05\/b223935e-gpa_vertederovacamuerta_02-1821x1366.jpg 1821w, https:\/\/www.greenpeace.org\/static\/planet4-argentina-stateless\/2020\/05\/b223935e-gpa_vertederovacamuerta_02-453x340.jpg 453w\" sizes=\"auto, (max-width: 2500px) 100vw, 2500px\" data-image-size=\"post-thumbnail\" data-stateless-media-bucket=\"planet4-argentina-stateless\" data-stateless-media-name=\"2020\/05\/b223935e-gpa_vertederovacamuerta_02.jpg\" \/><\/a><\/figure>\n\n        <div class=\"wp-block-group is-layout-flow wp-block-group-is-layout-flow\">\n        <div class=\"wp-block-group is-layout-flex wp-block-group-is-layout-flex\"><div class=\"wp-block-post-terms\"><a href=\"https:\/\/www.greenpeace.org\/argentina\/category\/problemas\/climayenergia\/\">Clima y Energ\u00eda<\/a><\/div>\n        \n        \n        <\/div>\n        \n        <h3 class=\"wp-block-post-title\"><a href=\"https:\/\/www.greenpeace.org\/argentina\/story\/problemas\/climayenergia\/greenpeace-ante-los-falsos-argumentos-de-funcionarios-en-neuquen-sobre-la-contaminacion-en-vaca-muerta\/\" target=\"_self\" >Greenpeace ante los falsos argumentos de funcionarios en Neuqu\u00e9n sobre la contaminaci\u00f3n en Vaca Muerta<\/a><\/h3>\n        <div class=\"wp-block-post-excerpt\"><p class=\"wp-block-post-excerpt__excerpt\">Greenpeace respondi\u00f3 ante los falsos argumentos del secretario de Desarrollo Territorial y Ambiente de Neuqu\u00e9n, Jorge Lara y el fiscal de Delitos Ambientales de Neuqu\u00e9n, Maximiliano Breide Obeid, quienes la&hellip; <\/p><\/div>\n        \n        <div class=\"wp-block-group posts-list-meta is-layout-flow wp-block-group-is-layout-flow\"><span class='article-list-item-author'><a href='https:\/\/www.greenpeace.org\/argentina\/author\/prensaarg\/'>Prensa Argentina<\/a><\/span>\n        <div class=\"wp-block-post-date\"><time datetime=\"2020-05-27T11:58:00-03:00\">27 mayo 2020<\/time><\/div>\n        \n        <\/div>\n        <\/div>\n        <\/div>\n\n            <\/li><li class=\"wp-block-post post-2545 post type-post status-publish format-standard has-post-thumbnail hentry category-climayenergia category-greenpeace tag-noavacamuerta p4-page-type-story\">\n            \n<div class=\"wp-block-columns is-layout-flex wp-container-core-columns-is-layout-9d6595d7 wp-block-columns-is-layout-flex\"><figure class=\"wp-block-post-featured-image\"><a href=\"https:\/\/www.greenpeace.org\/argentina\/story\/problemas\/climayenergia\/greenpeace-el-gobierno-niega-su-cuota-de-responsabilidad-ante-el-cambio-climatico\/\" target=\"_self\"  ><img loading=\"lazy\" decoding=\"async\" width=\"2500\" height=\"1667\" src=\"https:\/\/www.greenpeace.org\/static\/planet4-argentina-stateless\/2019\/09\/7e99a7d8-gp0sttnvo.jpg\" class=\"attachment-post-thumbnail size-post-thumbnail wp-post-image wp-stateless-item\" alt=\"Greenpeace: \u201cEl gobierno niega su cuota de responsabilidad ante el cambio clim\u00e1tico\u201d\" style=\"object-fit:cover;\" srcset=\"https:\/\/www.greenpeace.org\/static\/planet4-argentina-stateless\/2019\/09\/7e99a7d8-gp0sttnvo.jpg 2500w, https:\/\/www.greenpeace.org\/static\/planet4-argentina-stateless\/2019\/09\/7e99a7d8-gp0sttnvo-300x200.jpg 300w, https:\/\/www.greenpeace.org\/static\/planet4-argentina-stateless\/2019\/09\/7e99a7d8-gp0sttnvo-768x512.jpg 768w, https:\/\/www.greenpeace.org\/static\/planet4-argentina-stateless\/2019\/09\/7e99a7d8-gp0sttnvo-1024x683.jpg 1024w, https:\/\/www.greenpeace.org\/static\/planet4-argentina-stateless\/2019\/09\/7e99a7d8-gp0sttnvo-2048x1366.jpg 2048w, https:\/\/www.greenpeace.org\/static\/planet4-argentina-stateless\/2019\/09\/7e99a7d8-gp0sttnvo-510x340.jpg 510w\" sizes=\"auto, (max-width: 2500px) 100vw, 2500px\" data-image-size=\"post-thumbnail\" data-stateless-media-bucket=\"planet4-argentina-stateless\" data-stateless-media-name=\"2019\/09\/7e99a7d8-gp0sttnvo.jpg\" \/><\/a><\/figure>\n\n        <div class=\"wp-block-group is-layout-flow wp-block-group-is-layout-flow\">\n        <div class=\"wp-block-group is-layout-flex wp-block-group-is-layout-flex\"><div class=\"wp-block-post-terms\"><a href=\"https:\/\/www.greenpeace.org\/argentina\/category\/problemas\/climayenergia\/\">Clima y Energ\u00eda<\/a><\/div>\n        \n        \n        <\/div>\n        \n        <h3 class=\"wp-block-post-title\"><a href=\"https:\/\/www.greenpeace.org\/argentina\/story\/problemas\/climayenergia\/greenpeace-el-gobierno-niega-su-cuota-de-responsabilidad-ante-el-cambio-climatico\/\" target=\"_self\" >Greenpeace: \u201cEl gobierno niega su cuota de responsabilidad ante el cambio clim\u00e1tico\u201d<\/a><\/h3>\n        <div class=\"wp-block-post-excerpt\"><p class=\"wp-block-post-excerpt__excerpt\">Buenos Aires, 24 de septiembre de 2019.&#8211; La organizaci\u00f3n ambientalista Greenpeace se refiri\u00f3 a las declaraciones del gobierno sobre la denuncia de los 16 j\u00f3venes por los efectos del Cambio&hellip; <\/p><\/div>\n        \n        <div class=\"wp-block-group posts-list-meta is-layout-flow wp-block-group-is-layout-flow\"><span class='article-list-item-author'>Editor<\/span>\n        <div class=\"wp-block-post-date\"><time datetime=\"2019-09-25T10:10:00-03:00\">25 septiembre 2019<\/time><\/div>\n        \n        <\/div>\n        <\/div>\n        <\/div>\n\n            <\/li><\/ul>\n\n    \n<div class=\"wp-block-buttons carousel-controls is-horizontal is-content-justification-space-between is-nowrap is-layout-flex wp-container-core-buttons-is-layout-044bd602 wp-block-buttons-is-layout-flex\">\n            <div class=\"wp-block-button carousel-control-prev\"><button type=\"button\" class=\"wp-block-button__link wp-element-button\">Prev<\/button><\/div>\n        \n\n            <div class=\"wp-block-button carousel-control-next\"><button type=\"button\" class=\"wp-block-button__link wp-element-button\">Next<\/button><\/div>\n        <\/div>\n\n\n    <li class=\" wp-block-navigation-item see-all-link wp-block-navigation-link\"><a class=\"wp-block-navigation-item__content\"  href=\"http:\/\/www.greenpeace.org\/argentina\/news-stories\/?tag=noavacamuerta\"><span class=\"wp-block-navigation-item__label\">See all stories<\/span><\/a><\/li><\/div>\n    <h3><strong>Videos&nbsp;<\/strong><\/h3>\n<p><iframe loading=\"lazy\" src=\"https:\/\/www.youtube.com\/embed\/videoseries?list=PLgR0D19YPNIDI9KEdUkqRY4QAhyxiygLe\" width=\"560\" height=\"315\" frameborder=\"0\" allowfullscreen=\"allowfullscreen\"><span data-mce-type=\"bookmark\" style=\"display: inline-block; width: 0px; overflow: hidden; line-height: 0;\" class=\"mce_SELRES_start\">\ufeff<\/span><span data-mce-type=\"bookmark\" style=\"display: inline-block; width: 0px; overflow: hidden; line-height: 0;\" class=\"mce_SELRES_start\">\ufeff<\/span><span data-mce-type=\"bookmark\" style=\"display: inline-block; width: 0px; overflow: hidden; line-height: 0;\" class=\"mce_SELRES_start\">\ufeff<\/span><\/iframe><\/p><\/p>\n<div data-render=\"planet4-blocks\/happypoint\" data-attributes=\"{&quot;attributes&quot;:{&quot;focus_image&quot;:&quot;50% 50%&quot;,&quot;opacity&quot;:40,&quot;iframe_url&quot;:&quot;https:\\\/\\\/unite.greenpeace.org.ar\\\/happypoint\\\/&quot;,&quot;id&quot;:16,&quot;override_default_content&quot;:true,&quot;local_content_provider&quot;:&quot;iframe_url&quot;}}\"><\/div>","protected":false},"excerpt":{"rendered":"<p>Si usamos cada vez m\u00e1s combustibles f\u00f3siles, se agudizar\u00e1 el cambio clim\u00e1tico global, se retrasar\u00e1 la inversi\u00f3n en energ\u00edas renovables y se agravar\u00e1 la amenaza de contaminaci\u00f3n para las comunidades del norte patag\u00f3nico. Explotar al m\u00e1ximo todas las reservas de gas no convencional del pa\u00eds, entre ellas Vaca Muerta, consumir\u00eda hasta un 11,40% de la [&hellip;]<\/p>\n","protected":false},"author":19,"featured_media":625,"parent":11,"menu_order":0,"comment_status":"closed","ping_status":"closed","template":"","meta":{"ep_exclude_from_search":false,"p4_hide_page_title_checkbox":"on","p4_title":"","p4_subtitle":"","p4_description":"","background_image_id":"","background_image":"","p4_button_title":"","p4_button_link":"","p4_button_link_checkbox":"","p4_og_title":"","p4_og_description":"","p4_og_image":"","p4_og_image_id":"","p4_seo_canonical_url":"","p4_campaign_name":"not set","p4_local_project":"not set","p4_basket_name":"not set","p4_department":"","footnotes":""},"categories":[3],"tags":[28],"class_list":["post-624","page","type-page","status-publish","has-post-thumbnail","hentry","category-climayenergia","tag-noavacamuerta"],"_links":{"self":[{"href":"https:\/\/www.greenpeace.org\/argentina\/wp-json\/wp\/v2\/pages\/624","targetHints":{"allow":["GET"]}}],"collection":[{"href":"https:\/\/www.greenpeace.org\/argentina\/wp-json\/wp\/v2\/pages"}],"about":[{"href":"https:\/\/www.greenpeace.org\/argentina\/wp-json\/wp\/v2\/types\/page"}],"author":[{"embeddable":true,"href":"https:\/\/www.greenpeace.org\/argentina\/wp-json\/wp\/v2\/users\/19"}],"replies":[{"embeddable":true,"href":"https:\/\/www.greenpeace.org\/argentina\/wp-json\/wp\/v2\/comments?post=624"}],"version-history":[{"count":20,"href":"https:\/\/www.greenpeace.org\/argentina\/wp-json\/wp\/v2\/pages\/624\/revisions"}],"predecessor-version":[{"id":31817,"href":"https:\/\/www.greenpeace.org\/argentina\/wp-json\/wp\/v2\/pages\/624\/revisions\/31817"}],"up":[{"embeddable":true,"href":"https:\/\/www.greenpeace.org\/argentina\/wp-json\/wp\/v2\/pages\/11"}],"wp:featuredmedia":[{"embeddable":true,"href":"https:\/\/www.greenpeace.org\/argentina\/wp-json\/wp\/v2\/media\/625"}],"wp:attachment":[{"href":"https:\/\/www.greenpeace.org\/argentina\/wp-json\/wp\/v2\/media?parent=624"}],"wp:term":[{"taxonomy":"category","embeddable":true,"href":"https:\/\/www.greenpeace.org\/argentina\/wp-json\/wp\/v2\/categories?post=624"},{"taxonomy":"post_tag","embeddable":true,"href":"https:\/\/www.greenpeace.org\/argentina\/wp-json\/wp\/v2\/tags?post=624"}],"curies":[{"name":"wp","href":"https:\/\/api.w.org\/{rel}","templated":true}]}}