{"id":679,"date":"2019-01-24T19:23:11","date_gmt":"2019-01-24T22:23:11","guid":{"rendered":"https:\/\/www.greenpeace.org\/argentina\/?page_id=679"},"modified":"2025-09-23T06:43:34","modified_gmt":"2025-09-23T09:43:34","slug":"la-limpieza-del-riachuelo-una-deuda-pendiente","status":"publish","type":"page","link":"https:\/\/www.greenpeace.org\/argentina\/participa\/involucrate\/la-limpieza-del-riachuelo-una-deuda-pendiente\/","title":{"rendered":"Riachuelo: una deuda pendiente"},"content":{"rendered":"\n                \n                <div class=\"wp-block-group alignfull is-layout-flow wp-block-group-is-layout-flow\">\n                \n                <div class=\"wp-block-group container is-layout-flow wp-block-group-is-layout-flow\">\n                \n                <div class=\"wp-block-media-text alignfull has-media-on-the-right is-stacked-on-mobile is-pattern-p4-page-header is-style-parallax\">\n\n                <div class=\"wp-block-media-text__content\">\n                    <div class=\"wp-block-group is-layout-flow wp-block-group-is-layout-flow\">\n                    \n                        <h1 class=\"wp-block-heading has-white-background-color has-background\">\n                            La limpieza del Riachuelo: una deuda pendiente\n                        <\/h1>\n                    <\/div>\n                \n\n                \n                        <p style=\"font-size:1.25rem\">\n                            <span style=\"font-weight: 400\">La contaminaci\u00f3n del Riachuelo alcanza niveles cr\u00edticos en los cursos medio y bajo del r\u00edo y provoca consecuencias directas sobre la salud y la calidad de vida de las 5 millones de personas que viven en la cuenca Matanza-Riachuelo, que atraviesa 14 municipios de la provincia de Buenos Aires e incluye a la Ciudad. <\/span> <span style=\"font-weight: 400\">La Cuenca es la regi\u00f3n m\u00e1s afectada a nivel ambiental y social de Argentina y una de las diez m\u00e1s contaminadas del planeta. <\/span> <span style=\"font-weight: 400\">A\u00f1os de imprudencia y abandono convirtieron al r\u00edo en un \u00edcono nacional de la injusticia ambiental.<\/span>\n                        <\/p>\n                    \n\n                \n\n                <\/div>\n                <figure class=\"wp-block-media-text__media\">\n                    <img loading=\"lazy\" decoding=\"async\" width=\"3000\" height=\"1996\"\n                        src=\"https:\/\/www.greenpeace.org\/static\/planet4-argentina-stateless\/2019\/02\/da462c85-gpa_contaminacionriachuelo_04.jpg\"\n                        alt=\"\"\n                        sizes=\"auto, (min-width: 601px) 50vw, 100vw\" srcset=\"https:\/\/www.greenpeace.org\/static\/planet4-argentina-stateless\/2019\/02\/da462c85-gpa_contaminacionriachuelo_04.jpg 3000w, https:\/\/www.greenpeace.org\/static\/planet4-argentina-stateless\/2019\/02\/da462c85-gpa_contaminacionriachuelo_04-300x200.jpg 300w, https:\/\/www.greenpeace.org\/static\/planet4-argentina-stateless\/2019\/02\/da462c85-gpa_contaminacionriachuelo_04-768x511.jpg 768w, https:\/\/www.greenpeace.org\/static\/planet4-argentina-stateless\/2019\/02\/da462c85-gpa_contaminacionriachuelo_04-1024x681.jpg 1024w, https:\/\/www.greenpeace.org\/static\/planet4-argentina-stateless\/2019\/02\/da462c85-gpa_contaminacionriachuelo_04-2048x1363.jpg 2048w, https:\/\/www.greenpeace.org\/static\/planet4-argentina-stateless\/2019\/02\/da462c85-gpa_contaminacionriachuelo_04-510x340.jpg 510w\" class=\"wp-image-1081 size-full\"\n                    \/>\n                <\/figure>\n                <\/div>\n                \n                <\/div>\n                \n                <\/div>\n                \n                \n<p><b>Origen de la contaminaci\u00f3n de la Cuenca Matanza &#8211; Riachuelo<\/b><\/p>\n\n<p><span style=\"font-weight: 400;\">Los desechos industriales y cloacales sin el tratamiento correcto y los basurales son los principales responsables del estado de deterioro de la cuenca.<\/span><\/p>\n\n<p><span style=\"font-weight: 400;\">La situaci\u00f3n actual es alarmante. Seg\u00fan c\u00e1lculos de la Autoridad de la Cuenca Matanza Riachuelo, el organismo p\u00fablico responsable del saneamiento ambiental del r\u00edo, m\u00e1s de 2.5 millones de personas -casi el 50 por ciento de la poblaci\u00f3n estimada de la zona- no cuentan con cloacas. Adem\u00e1s, miles de industrias all\u00ed ubicadas vuelcan sus desechos directamente en el r\u00edo, o en cloacas que desembocan en \u00e9l.<\/span><\/p>\n\n<p><b>El fallo judicial<\/b><\/p>\n\n<p><span style=\"font-weight: 400;\">En el a\u00f1o 2004, un grupo de vecinos interpuso una demanda contra el Estado Nacional, la provincia de Buenos Aires, el gobierno de la Ciudad Aut\u00f3noma de Buenos Aires y 44 empresas por da\u00f1os y perjuicios sufridos a ra\u00edz de la contaminaci\u00f3n del Riachuelo.<\/span><span style=\"font-weight: 400;\"><br><\/span><span style=\"font-weight: 400;\"><br><\/span><span style=\"font-weight: 400;\">El 20 de junio de 2006, la Corte Suprema de Justicia de la Naci\u00f3n se declar\u00f3 competente en la causa e intim\u00f3 a los demandados a que presenten un plan de saneamiento de la cuenca. As\u00ed se cre\u00f3 la Autoridad de la Cuenca Matanza Riachuelo (ACUMAR), ente que coordina el trabajo con los tres gobiernos que tienen competencia en el territorio: Naci\u00f3n, provincia de Buenos Aires y Ciudad Aut\u00f3noma de Buenos Aires.<\/span><\/p>\n\n<p><span style=\"font-weight: 400;\">Finalmente, en julio de 2008 la Corte dict\u00f3 una sentencia hist\u00f3rica a la demanda de 2004, en la cual orden\u00f3 a los tres estados demandados a sanear el Riachuelo. A su vez, encarg\u00f3 a Greenpeace, junto al Defensor del Pueblo y otras cuatro organizaciones no gubernamentales, la conformaci\u00f3n de un Cuerpo Colegiado para controlar el Plan de Saneamiento Ambiental en representaci\u00f3n de la ciudadan\u00eda. <\/span><\/p>\n\n<p><span style=\"font-weight: 400;\">En 2016, en una audiencia p\u00fablica ACUMAR reconoci\u00f3 que luego de 5.200 millones de d\u00f3lares gastados solo se hab\u00eda cumplido con el 20% del saneamiento y la relocalizaci\u00f3n de los vecinos que exigi\u00f3 la Corte. <\/span><\/p>\n\n<p><span style=\"font-weight: 400;\">Transcurri\u00f3 m\u00e1s de una d\u00e9cada desde el fallo y todav\u00eda contin\u00faan las fallas en el control y el seguimiento y la falta de una gesti\u00f3n integral. Desde Greenpeace demandamos la adopci\u00f3n de un plan cuyos ejes principales sean la producci\u00f3n limpia, el saneamiento y las soluciones habitacionales para toda la Cuenca.<\/span><\/p>\n\n<p><b>Esto es lo que hicimos:<\/b><\/p>\n\n<ul class=\"wp-block-list\"><li style=\"font-weight: 400;\"><span style=\"font-weight: 400;\"><span style=\"font-weight: 400;\"><span style=\"font-weight: 400;\">Denunciamos p\u00fablicamente la contaminaci\u00f3n en la Cuenca Matanza-Riachuelo.<\/span><\/span><\/span><\/li><li style=\"font-weight: 400;\"><span style=\"font-weight: 400;\"><span style=\"font-weight: 400;\"><span style=\"font-weight: 400;\">Formamos parte del Cuerpo Colegiado para el control ciudadano del Plan de Saneamiento Ambiental.<\/span><\/span><\/span><\/li><li style=\"font-weight: 400;\"><span style=\"font-weight: 400;\">Realizamos informes en los que demostramos que, a\u00f1os despu\u00e9s del fallo de la Corte, el Riachuelo sigue estando altamente contaminado.<\/span><\/li><\/ul>\n\n<h3 class=\"wp-block-heading\"><strong>Le\u00e9 m\u00e1s<\/strong><\/h3>\n\n<p><a href=\"http:\/\/greenpeace.org.ar\/pdf\/riachuelo\/9%20A%C3%91OS%20DEL%20FALLO%20DE%20LA%20CORTE%20%281%29.pdf\"><b>9 a\u00f1os del fallo de la corte: Una pol\u00edtica de Estado todav\u00eda ausente (julio 2017)<\/b><\/a><\/p>\n\n<p><a href=\"http:\/\/greenpeace.org.ar\/pdf\/riachuelo\/Riachuelo-6l-fallo-CSJN.pdf\"><b>Riachuelo: avances y cuentas pendientes a 6 a\u00f1os del Fallo de la Corte Suprema de la Naci\u00f3n (julio 2014)<\/b><\/a><\/p>\n\n<p><a href=\"http:\/\/greenpeace.org.ar\/pdf\/riachuelo\/Analisis-CalidadAguaRiachuelo2008-2012%20Greenpeace.pdf\"><b>Cueros t\u00f3xicos II &#8211; Curtiembres: actualizaci\u00f3n de evidencias de contaminaci\u00f3n en la Cuenca Matanza Riachuelo (febrero 2013)<\/b><\/a><\/p>\n\n<p><a href=\"http:\/\/greenpeace.org.ar\/pdf\/riachuelo\/la-contaminacion-viste-a-la-moda-5.pdf\"><b>La contaminaci\u00f3n viste a la moda &#8211; Los v\u00ednculos entre las marcas de indumentaria y la contaminaci\u00f3n del Riachuelo (agosto 2011)<\/b><\/a><\/p>\n\n<p><a href=\"http:\/\/greenpeace.org.ar\/pdf\/riachuelo\/asbestos-cuenca-riachuelo.pdf\"><b>Residuos de asbesto en la cuenca Matanza Riachuelo (enero 2011)<\/b><\/a><\/p>\n\n<p><a href=\"http:\/\/www.greenpeace.org\/argentina\/Global\/argentina\/report\/2010\/5\/riachuelo-doscientos-contaminacion-informe.pdf\"><strong>Riachuelo: 200 a\u00f1os de contaminaci\u00f3n (noviembre 2010)<\/strong><\/a><\/p>\n\n    <div class=\"wp-block-query posts-list p4-query-loop is-custom-layout-list is-layout-flow wp-block-query-is-layout-flow\">\n        <div class=\"wp-block-group is-content-justification-space-between is-layout-flex wp-container-core-group-is-layout-3d213aab wp-block-group-is-layout-flex\"><h2 class=\"wp-block-heading\">\u00daltimas noticias<\/h2>\n        <li class=\" wp-block-navigation-item see-all-link wp-block-navigation-link\"><a class=\"wp-block-navigation-item__content\"  href=\"http:\/\/www.greenpeace.org\/argentina\/news-stories\/?tag=riachuelo\"><span class=\"wp-block-navigation-item__label\">See all stories<\/span><\/a><\/li>\n        \n        <\/div>\n        \n\n    <p style=\"margin-top: 24px; margin-bottom: 36px;\"><\/p>\n\n    \n\n    <ul class=\"wp-block-post-template is-layout-flow wp-block-post-template-is-layout-flow\"><li class=\"wp-block-post post-681 post type-post status-publish format-standard has-post-thumbnail hentry category-contaminacion tag-riachuelo p4-page-type-story\">\n            \n<div class=\"wp-block-columns is-layout-flex wp-container-core-columns-is-layout-9d6595d7 wp-block-columns-is-layout-flex\"><figure class=\"wp-block-post-featured-image\"><a href=\"https:\/\/www.greenpeace.org\/argentina\/story\/problemas\/contaminacion\/a-diez-anos-del-fallo-que-ordeno-el-saneamiento-de-la-cuenca-matanza-riachuelo\/\" target=\"_self\"  ><img loading=\"lazy\" decoding=\"async\" width=\"540\" height=\"360\" src=\"https:\/\/www.greenpeace.org\/static\/planet4-argentina-stateless\/2019\/01\/79b3bf85-riachuelo_cuerpo.jpg\" class=\"attachment-post-thumbnail size-post-thumbnail wp-post-image wp-stateless-item\" alt=\"A diez a\u00f1os del fallo que orden\u00f3 el saneamiento de la cuenca Matanza-Riachuelo\" style=\"object-fit:cover;\" srcset=\"https:\/\/www.greenpeace.org\/static\/planet4-argentina-stateless\/2019\/01\/79b3bf85-riachuelo_cuerpo.jpg 540w, https:\/\/www.greenpeace.org\/static\/planet4-argentina-stateless\/2019\/01\/79b3bf85-riachuelo_cuerpo-300x200.jpg 300w, https:\/\/www.greenpeace.org\/static\/planet4-argentina-stateless\/2019\/01\/79b3bf85-riachuelo_cuerpo-510x340.jpg 510w\" sizes=\"auto, (max-width: 540px) 100vw, 540px\" data-image-size=\"post-thumbnail\" data-stateless-media-bucket=\"planet4-argentina-stateless\" data-stateless-media-name=\"2019\/01\/79b3bf85-riachuelo_cuerpo.jpg\" \/><\/a><\/figure>\n\n        <div class=\"wp-block-group is-layout-flow wp-block-group-is-layout-flow\">\n        <div class=\"wp-block-group is-layout-flex wp-block-group-is-layout-flex\"><div class=\"wp-block-post-terms\"><a href=\"https:\/\/www.greenpeace.org\/argentina\/category\/problemas\/contaminacion\/\">Contaminaci\u00f3n<\/a><\/div>\n        \n        \n        <\/div>\n        \n        <h3 class=\"wp-block-post-title\"><a href=\"https:\/\/www.greenpeace.org\/argentina\/story\/problemas\/contaminacion\/a-diez-anos-del-fallo-que-ordeno-el-saneamiento-de-la-cuenca-matanza-riachuelo\/\" target=\"_self\" >A diez a\u00f1os del fallo que orden\u00f3 el saneamiento de la cuenca Matanza-Riachuelo<\/a><\/h3>\n        <div class=\"wp-block-post-excerpt\"><p class=\"wp-block-post-excerpt__excerpt\">El 8 de julio de 2008 un fallo de la Corte Suprema de Justicia de la Naci\u00f3n (CSJN) orden\u00f3 a ACUMAR (Autoridad de Cuenca Matanza-Riachuelo) a recomponer el da\u00f1o ambiental&hellip; <\/p><\/div>\n        \n        <div class=\"wp-block-group posts-list-meta is-layout-flow wp-block-group-is-layout-flow\"><span class='article-list-item-author'><a href='https:\/\/www.greenpeace.org\/argentina\/author\/lvazquez\/'>Editor<\/a><\/span>\n        <div class=\"wp-block-post-date\"><time datetime=\"2018-07-06T19:23:30-03:00\">6 julio 2018<\/time><\/div>\n        \n        <\/div>\n        <\/div>\n        <\/div>\n\n            <\/li><li class=\"wp-block-post post-685 post type-post status-publish format-standard has-post-thumbnail hentry category-contaminacion tag-riachuelo p4-page-type-story\">\n            \n<div class=\"wp-block-columns is-layout-flex wp-container-core-columns-is-layout-9d6595d7 wp-block-columns-is-layout-flex\"><figure class=\"wp-block-post-featured-image\"><a href=\"https:\/\/www.greenpeace.org\/argentina\/story\/problemas\/contaminacion\/el-riachuelo-condenado-a-un-triste-futuro\/\" target=\"_self\"  ><img loading=\"lazy\" decoding=\"async\" width=\"800\" height=\"532\" src=\"https:\/\/www.greenpeace.org\/static\/planet4-argentina-stateless\/2019\/01\/6d709248-riachuelo_cuerpo-1.jpg\" class=\"attachment-post-thumbnail size-post-thumbnail wp-post-image wp-stateless-item\" alt=\"El Riachuelo condenado a un triste futuro\" style=\"object-fit:cover;\" srcset=\"https:\/\/www.greenpeace.org\/static\/planet4-argentina-stateless\/2019\/01\/6d709248-riachuelo_cuerpo-1.jpg 800w, https:\/\/www.greenpeace.org\/static\/planet4-argentina-stateless\/2019\/01\/6d709248-riachuelo_cuerpo-1-300x200.jpg 300w, https:\/\/www.greenpeace.org\/static\/planet4-argentina-stateless\/2019\/01\/6d709248-riachuelo_cuerpo-1-768x511.jpg 768w, https:\/\/www.greenpeace.org\/static\/planet4-argentina-stateless\/2019\/01\/6d709248-riachuelo_cuerpo-1-510x340.jpg 510w\" sizes=\"auto, (max-width: 800px) 100vw, 800px\" data-image-size=\"post-thumbnail\" data-stateless-media-bucket=\"planet4-argentina-stateless\" data-stateless-media-name=\"2019\/01\/6d709248-riachuelo_cuerpo-1.jpg\" \/><\/a><\/figure>\n\n        <div class=\"wp-block-group is-layout-flow wp-block-group-is-layout-flow\">\n        <div class=\"wp-block-group is-layout-flex wp-block-group-is-layout-flex\"><div class=\"wp-block-post-terms\"><a href=\"https:\/\/www.greenpeace.org\/argentina\/category\/problemas\/contaminacion\/\">Contaminaci\u00f3n<\/a><\/div>\n        \n        \n        <\/div>\n        \n        <h3 class=\"wp-block-post-title\"><a href=\"https:\/\/www.greenpeace.org\/argentina\/story\/problemas\/contaminacion\/el-riachuelo-condenado-a-un-triste-futuro\/\" target=\"_self\" >El Riachuelo condenado a un triste futuro<\/a><\/h3>\n        <div class=\"wp-block-post-excerpt\"><p class=\"wp-block-post-excerpt__excerpt\">Nueve a\u00f1os pasaron del fallo de la Corte Suprema de Justicia de la Naci\u00f3n (CSJN) que conden\u00f3 al Estado Nacional, la Provincia de Buenos Aires y la Ciudad Aut\u00f3noma de&hellip; <\/p><\/div>\n        \n        <div class=\"wp-block-group posts-list-meta is-layout-flow wp-block-group-is-layout-flow\"><span class='article-list-item-author'><a href='https:\/\/www.greenpeace.org\/argentina\/author\/lvazquez\/'>Editor<\/a><\/span>\n        <div class=\"wp-block-post-date\"><time datetime=\"2017-07-07T19:25:12-03:00\">7 julio 2017<\/time><\/div>\n        \n        <\/div>\n        <\/div>\n        <\/div>\n\n            <\/li><li class=\"wp-block-post post-689 post type-post status-publish format-standard has-post-thumbnail hentry category-contaminacion tag-riachuelo p4-page-type-story\">\n            \n<div class=\"wp-block-columns is-layout-flex wp-container-core-columns-is-layout-9d6595d7 wp-block-columns-is-layout-flex\"><figure class=\"wp-block-post-featured-image\"><a href=\"https:\/\/www.greenpeace.org\/argentina\/story\/problemas\/contaminacion\/riachuelo-en-ocho-anos-se-ha-cumplido-el-20-de-la-sentencia\/\" target=\"_self\"  ><img loading=\"lazy\" decoding=\"async\" width=\"800\" height=\"397\" src=\"https:\/\/www.greenpeace.org\/static\/planet4-argentina-stateless\/2019\/01\/e2d7dc67-riosantacruz1.jpg\" class=\"attachment-post-thumbnail size-post-thumbnail wp-post-image wp-stateless-item\" alt=\"Riachuelo: En ocho a\u00f1os se ha cumplido el 20% de la sentencia\" style=\"object-fit:cover;\" srcset=\"https:\/\/www.greenpeace.org\/static\/planet4-argentina-stateless\/2019\/01\/e2d7dc67-riosantacruz1.jpg 800w, https:\/\/www.greenpeace.org\/static\/planet4-argentina-stateless\/2019\/01\/e2d7dc67-riosantacruz1-300x149.jpg 300w, https:\/\/www.greenpeace.org\/static\/planet4-argentina-stateless\/2019\/01\/e2d7dc67-riosantacruz1-768x381.jpg 768w, https:\/\/www.greenpeace.org\/static\/planet4-argentina-stateless\/2019\/01\/e2d7dc67-riosantacruz1-510x253.jpg 510w\" sizes=\"auto, (max-width: 800px) 100vw, 800px\" data-image-size=\"post-thumbnail\" data-stateless-media-bucket=\"planet4-argentina-stateless\" data-stateless-media-name=\"2019\/01\/e2d7dc67-riosantacruz1.jpg\" \/><\/a><\/figure>\n\n        <div class=\"wp-block-group is-layout-flow wp-block-group-is-layout-flow\">\n        <div class=\"wp-block-group is-layout-flex wp-block-group-is-layout-flex\"><div class=\"wp-block-post-terms\"><a href=\"https:\/\/www.greenpeace.org\/argentina\/category\/problemas\/contaminacion\/\">Contaminaci\u00f3n<\/a><\/div>\n        \n        \n        <\/div>\n        \n        <h3 class=\"wp-block-post-title\"><a href=\"https:\/\/www.greenpeace.org\/argentina\/story\/problemas\/contaminacion\/riachuelo-en-ocho-anos-se-ha-cumplido-el-20-de-la-sentencia\/\" target=\"_self\" >Riachuelo: En ocho a\u00f1os se ha cumplido el 20% de la sentencia<\/a><\/h3>\n        <div class=\"wp-block-post-excerpt\"><p class=\"wp-block-post-excerpt__excerpt\">En el d\u00eda de ayer se realiz\u00f3 audiencia p\u00fablica celebrada por la Corte Suprema con el objetivo de analizar el grado de avance en el cumplimiento del fallo Mendoza. Luego&hellip; <\/p><\/div>\n        \n        <div class=\"wp-block-group posts-list-meta is-layout-flow wp-block-group-is-layout-flow\"><span class='article-list-item-author'><a href='https:\/\/www.greenpeace.org\/argentina\/author\/lvazquez\/'>Editor<\/a><\/span>\n        <div class=\"wp-block-post-date\"><time datetime=\"2016-12-12T19:26:55-03:00\">12 diciembre 2016<\/time><\/div>\n        \n        <\/div>\n        <\/div>\n        <\/div>\n\n            <\/li><\/ul>\n\n    \n<div class=\"wp-block-buttons carousel-controls is-horizontal is-content-justification-space-between is-nowrap is-layout-flex wp-container-core-buttons-is-layout-044bd602 wp-block-buttons-is-layout-flex\">\n            <div class=\"wp-block-button carousel-control-prev\"><button type=\"button\" class=\"wp-block-button__link wp-element-button\">Prev<\/button><\/div>\n        \n\n            <div class=\"wp-block-button carousel-control-next\"><button type=\"button\" class=\"wp-block-button__link wp-element-button\">Next<\/button><\/div>\n        <\/div>\n\n\n    <li class=\" wp-block-navigation-item see-all-link wp-block-navigation-link\"><a class=\"wp-block-navigation-item__content\"  href=\"http:\/\/www.greenpeace.org\/argentina\/news-stories\/?tag=riachuelo\"><span class=\"wp-block-navigation-item__label\">See all stories<\/span><\/a><\/li><\/div>\n    <div data-render=\"planet4-blocks\/happypoint\" data-attributes=\"{&quot;attributes&quot;:{&quot;focus_image&quot;:&quot;50% 50%&quot;,&quot;opacity&quot;:40,&quot;mailing_list_iframe&quot;:true,&quot;iframe_url&quot;:&quot;https:\\\/\\\/unite.greenpeace.org.ar\\\/happypoint\\\/&quot;,&quot;id&quot;:16,&quot;override_default_content&quot;:false,&quot;local_content_provider&quot;:&quot;none&quot;}}\"><\/div>","protected":false},"excerpt":{"rendered":"<p>Greenpeace denunci\u00f3n la contaminaci\u00f3n del Riachuelo ya que alcanza niveles cr\u00edticos y provoca consecuencias directas sobre la salud de las personas.<\/p>\n","protected":false},"author":19,"featured_media":678,"parent":11,"menu_order":0,"comment_status":"closed","ping_status":"closed","template":"","meta":{"ep_exclude_from_search":false,"p4_hide_page_title_checkbox":"on","p4_title":"","p4_subtitle":"","p4_description":"","background_image_id":"","background_image":"","p4_button_title":"","p4_button_link":"","p4_button_link_checkbox":"","p4_og_title":"","p4_og_description":"","p4_og_image":"","p4_og_image_id":"","p4_seo_canonical_url":"","p4_campaign_name":"not set","p4_local_project":"not set","p4_basket_name":"not set","p4_department":"","footnotes":""},"categories":[4],"tags":[30],"class_list":["post-679","page","type-page","status-publish","has-post-thumbnail","hentry","category-contaminacion","tag-riachuelo"],"_links":{"self":[{"href":"https:\/\/www.greenpeace.org\/argentina\/wp-json\/wp\/v2\/pages\/679","targetHints":{"allow":["GET"]}}],"collection":[{"href":"https:\/\/www.greenpeace.org\/argentina\/wp-json\/wp\/v2\/pages"}],"about":[{"href":"https:\/\/www.greenpeace.org\/argentina\/wp-json\/wp\/v2\/types\/page"}],"author":[{"embeddable":true,"href":"https:\/\/www.greenpeace.org\/argentina\/wp-json\/wp\/v2\/users\/19"}],"replies":[{"embeddable":true,"href":"https:\/\/www.greenpeace.org\/argentina\/wp-json\/wp\/v2\/comments?post=679"}],"version-history":[{"count":20,"href":"https:\/\/www.greenpeace.org\/argentina\/wp-json\/wp\/v2\/pages\/679\/revisions"}],"predecessor-version":[{"id":31815,"href":"https:\/\/www.greenpeace.org\/argentina\/wp-json\/wp\/v2\/pages\/679\/revisions\/31815"}],"up":[{"embeddable":true,"href":"https:\/\/www.greenpeace.org\/argentina\/wp-json\/wp\/v2\/pages\/11"}],"wp:featuredmedia":[{"embeddable":true,"href":"https:\/\/www.greenpeace.org\/argentina\/wp-json\/wp\/v2\/media\/678"}],"wp:attachment":[{"href":"https:\/\/www.greenpeace.org\/argentina\/wp-json\/wp\/v2\/media?parent=679"}],"wp:term":[{"taxonomy":"category","embeddable":true,"href":"https:\/\/www.greenpeace.org\/argentina\/wp-json\/wp\/v2\/categories?post=679"},{"taxonomy":"post_tag","embeddable":true,"href":"https:\/\/www.greenpeace.org\/argentina\/wp-json\/wp\/v2\/tags?post=679"}],"curies":[{"name":"wp","href":"https:\/\/api.w.org\/{rel}","templated":true}]}}