{"id":799,"date":"2019-01-25T19:35:37","date_gmt":"2019-01-25T22:35:37","guid":{"rendered":"https:\/\/www.greenpeace.org\/argentina\/?page_id=799"},"modified":"2025-09-23T06:43:31","modified_gmt":"2025-09-23T09:43:31","slug":"ley-de-basura-cero-mas-de-14-anos-de-metas-incumplidas","status":"publish","type":"page","link":"https:\/\/www.greenpeace.org\/argentina\/participa\/involucrate\/con-incineracion-no-hay-basura-cero\/ley-de-basura-cero-mas-de-14-anos-de-metas-incumplidas\/","title":{"rendered":"Ley de Basura Cero: m\u00e1s de 14 a\u00f1os de metas incumplidas"},"content":{"rendered":"\n                    <div class=\"wp-block-group is-vertical is-layout-flex wp-container-core-group-is-layout-8cf370e7 wp-block-group-is-layout-flex\">\n                    \n\n                    \n                    <\/div>\n                    \n<p>En la Ciudad de Buenos Aires la basura es uno de los problemas estructurales m\u00e1s importantes. La ley 1854 de Gesti\u00f3n de los Residuos Urbanos (Basura Cero), sancionada en 2005, propone la progresiva reducci\u00f3n de la cantidad de basura que se entierra mediante el crecimiento de las industrias asociadas al reciclado y la reducci\u00f3n en la generaci\u00f3n de residuos. Sin embargo, no se cumple.<\/p>\n\n<p>En septiembre de 2004 varios legisladores, con nuestro apoyo, el de la Cooperativa de Trabajo y Medio Ambiente El Ceibo y otros representantes del sector no gubernamental, presentaron el proyecto de ley de Basura Cero.<\/p>\n\n<p>Fue debatido en un proceso que dur\u00f3 un a\u00f1o y, tras idas y venidas y algunas modificaciones, la ley fue aprobada por unanimidad el 24 de noviembre de 2005. Al a\u00f1o siguiente fue promulgada y en 2008 se logr\u00f3 la reglamentaci\u00f3n definitiva.<\/p>\n\n<p>Desde entonces, continuamos reclamando su correcta implementaci\u00f3n de al Gobierno de la Ciudad de Buenos Aires. A m\u00e1s de catorce a\u00f1os desde su sanci\u00f3n, la ley sigue sin respetarse.<\/p>\n\n<p>Los residuos s\u00f3lidos urbanos a\u00fan constituyen una de las problem\u00e1ticas m\u00e1s graves de la Ciudad. El gobierno sigue enviando la mayor parte de la basura a rellenos sanitarios, cuando la meta fijada por la ley era una reducci\u00f3n escalonada del 30% para 2010, del 50% para 2012, y un 75% para 2017. No obstante, en 2017 se lleg\u00f3 a un 26% de reducci\u00f3n de residuos, es decir, no se cumpli\u00f3 ni siquiera el primer objetivo del plan.<\/p>\n\n<p>Sumado a esto, la Legislatura de la Ciudad aprob\u00f3 el 3 de mayo de 2018 la modificaci\u00f3n de la Ley de Basura Cero para permitir la incineraci\u00f3n de residuos, una tecnolog\u00eda obsoleta y contaminante, expl\u00edcitamente prohibida en el texto original.<\/p>\n\n<p>A trav\u00e9s de la Ley N\u00b0 5.966 tambi\u00e9n se modificaron los objetivos y el a\u00f1o de base para reducir la basura que se env\u00eda a rellenos sanitarios: 50% para 2021, 65% para 2025 y 80% para 2030. Los legisladores tomaron como base a 2012, a\u00f1o en el que se enterraron 2.131.072 millones de toneladas de residuos, en vez de 2017, cuando la cantidad fue aproximadamente la mitad.<\/p>\n\n<p>A su vez, la ordenanza N\u00b0 39.025 \u201cC\u00f3digo de Prevenci\u00f3n de la Contaminaci\u00f3n Ambiental\u201d que proh\u00edbe la instalaci\u00f3n de incineradores sufri\u00f3 alteraciones para la habilitaci\u00f3n de la nueva ley.<\/p>\n\n<p><strong>Esto es lo que hicimos:<\/strong><br>\u2022 Promovimos y apoyamos el proyecto de ley de Basura Cero.<br>\u2022 Reclamamos por su correcta implementaci\u00f3n.<br><strong>\u2022<\/strong> Defendimos la ley antes los cambios para habilitar la incineraci\u00f3n en la Ciudad de Buenos Aires.<\/p>\n\n<h3 class=\"wp-block-heading\"><strong>Le\u00e9 m\u00e1s<\/strong><\/h3>\n\n<p><strong><a href=\"http:\/\/greenpeace.org.ar\/pdf\/aire\/ley-n-1854-de-basura-cero.pdf\">Ley N\u00ba 1854: Gesti\u00f3n de los residuos urbanos de la Ciudad de Buenos Aires (Basura Cero) (2005)<\/a><\/strong><\/p>\n\n<p><strong><a href=\"http:\/\/greenpeace.org.ar\/pdf\/aire\/LEY%205966.pdf\">Ley N.\u00ba 5966 (modificaci\u00f3n de la Ley N\u00ba 1854)<\/a><\/strong><\/p>\n\n<div style=\"height:60px\" aria-hidden=\"true\" class=\"wp-block-spacer\"><\/div>\n\n    <div class=\"wp-block-query posts-list p4-query-loop is-custom-layout-list is-layout-flow wp-block-query-is-layout-flow\">\n        <div class=\"wp-block-group is-content-justification-space-between is-layout-flex wp-container-core-group-is-layout-3d213aab wp-block-group-is-layout-flex\"><h2 class=\"wp-block-heading\">Art\u00edculos relacionados<\/h2>\n        <li class=\" wp-block-navigation-item see-all-link wp-block-navigation-link\"><a class=\"wp-block-navigation-item__content\"  href=\"http:\/\/www.greenpeace.org\/argentina\/news-stories\/?tag=plasticos\"><span class=\"wp-block-navigation-item__label\">See all stories<\/span><\/a><\/li>\n        \n        <\/div>\n        \n\n    <p style=\"margin-top: 24px; margin-bottom: 36px;\"><\/p>\n\n    \n\n    <ul class=\"wp-block-post-template is-layout-flow wp-block-post-template-is-layout-flow\"><li class=\"wp-block-post post-31339 post type-post status-publish format-standard has-post-thumbnail hentry category-contaminacion tag-plasticos p4-page-type-story\">\n            \n<div class=\"wp-block-columns is-layout-flex wp-container-core-columns-is-layout-9d6595d7 wp-block-columns-is-layout-flex\"><figure class=\"wp-block-post-featured-image\"><a href=\"https:\/\/www.greenpeace.org\/argentina\/story\/problemas\/contaminacion\/un-tratado-fuerte-ya-inician-las-negociaciones-finales-por-el-tratado-global-de-plasticos-mientras-la-sociedad-civil-exige-ambicion-y-justicia\/\" target=\"_self\"  ><img loading=\"lazy\" decoding=\"async\" width=\"1200\" height=\"800\" src=\"https:\/\/www.greenpeace.org\/static\/planet4-argentina-stateless\/2025\/08\/e8e0adff-gp0su6dt9_medium-res-with-credit-line-1200px.jpg\" class=\"attachment-post-thumbnail size-post-thumbnail wp-post-image wp-stateless-item\" alt=\"\u00a1Un tratado fuerte ya! Inician las negociaciones finales por el Tratado Global de Pl\u00e1sticos mientras la sociedad civil exige ambici\u00f3n y justicia\" style=\"object-fit:cover;\" srcset=\"https:\/\/www.greenpeace.org\/static\/planet4-argentina-stateless\/2025\/08\/e8e0adff-gp0su6dt9_medium-res-with-credit-line-1200px.jpg 1200w, https:\/\/www.greenpeace.org\/static\/planet4-argentina-stateless\/2025\/08\/e8e0adff-gp0su6dt9_medium-res-with-credit-line-1200px-300x200.jpg 300w, https:\/\/www.greenpeace.org\/static\/planet4-argentina-stateless\/2025\/08\/e8e0adff-gp0su6dt9_medium-res-with-credit-line-1200px-1024x683.jpg 1024w, https:\/\/www.greenpeace.org\/static\/planet4-argentina-stateless\/2025\/08\/e8e0adff-gp0su6dt9_medium-res-with-credit-line-1200px-768x512.jpg 768w, https:\/\/www.greenpeace.org\/static\/planet4-argentina-stateless\/2025\/08\/e8e0adff-gp0su6dt9_medium-res-with-credit-line-1200px-510x340.jpg 510w\" sizes=\"auto, (max-width: 1200px) 100vw, 1200px\" data-image-size=\"post-thumbnail\" data-stateless-media-bucket=\"planet4-argentina-stateless\" data-stateless-media-name=\"2025\/08\/e8e0adff-gp0su6dt9_medium-res-with-credit-line-1200px.jpg\" \/><\/a><\/figure>\n\n        <div class=\"wp-block-group is-layout-flow wp-block-group-is-layout-flow\">\n        <div class=\"wp-block-group is-layout-flex wp-block-group-is-layout-flex\"><div class=\"wp-block-post-terms\"><a href=\"https:\/\/www.greenpeace.org\/argentina\/category\/problemas\/contaminacion\/\">Contaminaci\u00f3n<\/a><\/div>\n        \n        \n        <\/div>\n        \n        <h3 class=\"wp-block-post-title\"><a href=\"https:\/\/www.greenpeace.org\/argentina\/story\/problemas\/contaminacion\/un-tratado-fuerte-ya-inician-las-negociaciones-finales-por-el-tratado-global-de-plasticos-mientras-la-sociedad-civil-exige-ambicion-y-justicia\/\" target=\"_self\" >\u00a1Un tratado fuerte ya! Inician las negociaciones finales por el Tratado Global de Pl\u00e1sticos mientras la sociedad civil exige ambici\u00f3n y justicia<\/a><\/h3>\n        <div class=\"wp-block-post-excerpt\"><p class=\"wp-block-post-excerpt__excerpt\">Comenzaron en Ginebra las negociaciones finales para alcanzar un Tratado Global de Pl\u00e1sticos, y la sociedad civil ha alzado la voz con m\u00e1s fuerza que nunca <\/p><\/div>\n        \n        <div class=\"wp-block-group posts-list-meta is-layout-flow wp-block-group-is-layout-flow\"><span class='article-list-item-author'><a href='https:\/\/www.greenpeace.org\/argentina\/author\/prensaarg\/'>Prensa Argentina<\/a><\/span>\n        <div class=\"wp-block-post-date\"><time datetime=\"2025-08-06T11:37:53-03:00\">6 agosto 2025<\/time><\/div>\n        \n        <\/div>\n        <\/div>\n        <\/div>\n\n            <\/li><li class=\"wp-block-post post-31206 post type-post status-publish format-standard has-post-thumbnail hentry category-contaminacion tag-plasticos p4-page-type-blog\">\n            \n<div class=\"wp-block-columns is-layout-flex wp-container-core-columns-is-layout-9d6595d7 wp-block-columns-is-layout-flex\"><figure class=\"wp-block-post-featured-image\"><a href=\"https:\/\/www.greenpeace.org\/argentina\/blog\/problemas\/contaminacion\/escaladores-de-greenpeace-protestan-desde-un-puente-en-reino-unido-para-pedir-fin-a-la-era-de-los-plasticos\/\" target=\"_self\"  ><img loading=\"lazy\" decoding=\"async\" width=\"1920\" height=\"1280\" src=\"https:\/\/www.greenpeace.org\/static\/planet4-argentina-stateless\/2025\/07\/24b764b0-gp0su6ban_medium-res-1200px-1920x0-c-default.jpg\" class=\"attachment-post-thumbnail size-post-thumbnail wp-post-image wp-stateless-item\" alt=\"Escaladores de Greenpeace protestan desde un puente en Reino Unido para pedir fin a la era de los pl\u00e1sticos\" style=\"object-fit:cover;\" srcset=\"https:\/\/www.greenpeace.org\/static\/planet4-argentina-stateless\/2025\/07\/24b764b0-gp0su6ban_medium-res-1200px-1920x0-c-default.jpg 1920w, https:\/\/www.greenpeace.org\/static\/planet4-argentina-stateless\/2025\/07\/24b764b0-gp0su6ban_medium-res-1200px-1920x0-c-default-300x200.jpg 300w, https:\/\/www.greenpeace.org\/static\/planet4-argentina-stateless\/2025\/07\/24b764b0-gp0su6ban_medium-res-1200px-1920x0-c-default-1024x683.jpg 1024w, https:\/\/www.greenpeace.org\/static\/planet4-argentina-stateless\/2025\/07\/24b764b0-gp0su6ban_medium-res-1200px-1920x0-c-default-768x512.jpg 768w, https:\/\/www.greenpeace.org\/static\/planet4-argentina-stateless\/2025\/07\/24b764b0-gp0su6ban_medium-res-1200px-1920x0-c-default-1536x1024.jpg 1536w, https:\/\/www.greenpeace.org\/static\/planet4-argentina-stateless\/2025\/07\/24b764b0-gp0su6ban_medium-res-1200px-1920x0-c-default-510x340.jpg 510w\" sizes=\"auto, (max-width: 1920px) 100vw, 1920px\" data-image-size=\"post-thumbnail\" data-stateless-media-bucket=\"planet4-argentina-stateless\" data-stateless-media-name=\"2025\/07\/24b764b0-gp0su6ban_medium-res-1200px-1920x0-c-default.jpg\" \/><\/a><\/figure>\n\n        <div class=\"wp-block-group is-layout-flow wp-block-group-is-layout-flow\">\n        <div class=\"wp-block-group is-layout-flex wp-block-group-is-layout-flex\"><div class=\"wp-block-post-terms\"><a href=\"https:\/\/www.greenpeace.org\/argentina\/category\/problemas\/contaminacion\/\">Contaminaci\u00f3n<\/a><\/div>\n        \n        \n        <\/div>\n        \n        <h3 class=\"wp-block-post-title\"><a href=\"https:\/\/www.greenpeace.org\/argentina\/blog\/problemas\/contaminacion\/escaladores-de-greenpeace-protestan-desde-un-puente-en-reino-unido-para-pedir-fin-a-la-era-de-los-plasticos\/\" target=\"_self\" >Escaladores de Greenpeace protestan desde un puente en Reino Unido para pedir fin a la era de los pl\u00e1sticos<\/a><\/h3>\n        <div class=\"wp-block-post-excerpt\"><p class=\"wp-block-post-excerpt__excerpt\">Un equipo internacional de activistas de Greenpeace ha descendido en rappel desde el puente Forth Road de Escocia para impedir que un petrolero de INEOS entregue su cargamento de gas&hellip; <\/p><\/div>\n        \n        <div class=\"wp-block-group posts-list-meta is-layout-flow wp-block-group-is-layout-flow\"><span class='article-list-item-author'><a href='https:\/\/www.greenpeace.org\/argentina\/author\/lcolombo\/'>Laura Colombo<\/a><\/span>\n        <div class=\"wp-block-post-date\"><time datetime=\"2025-07-28T11:34:58-03:00\">28 julio 2025<\/time><\/div>\n        \n        <\/div>\n        <\/div>\n        <\/div>\n\n            <\/li><li class=\"wp-block-post post-31198 post type-post status-publish format-standard has-post-thumbnail hentry category-contaminacion tag-plasticos p4-page-type-blog\">\n            \n<div class=\"wp-block-columns is-layout-flex wp-container-core-columns-is-layout-9d6595d7 wp-block-columns-is-layout-flex\"><figure class=\"wp-block-post-featured-image\"><a href=\"https:\/\/www.greenpeace.org\/argentina\/blog\/problemas\/contaminacion\/ultra-fast-fashion-la-moda-que-se-usa-una-vez-y-contamina-durante-siglos\/\" target=\"_self\"  ><img loading=\"lazy\" decoding=\"async\" width=\"1200\" height=\"800\" src=\"https:\/\/www.greenpeace.org\/static\/planet4-argentina-stateless\/2025\/07\/74df3e2d-gp0stqczk.jpg\" class=\"attachment-post-thumbnail size-post-thumbnail wp-post-image wp-stateless-item\" alt=\"Ultra fast fashion: la moda que se usa una vez y contamina durante siglos\" style=\"object-fit:cover;\" srcset=\"https:\/\/www.greenpeace.org\/static\/planet4-argentina-stateless\/2025\/07\/74df3e2d-gp0stqczk.jpg 1200w, https:\/\/www.greenpeace.org\/static\/planet4-argentina-stateless\/2025\/07\/74df3e2d-gp0stqczk-300x200.jpg 300w, https:\/\/www.greenpeace.org\/static\/planet4-argentina-stateless\/2025\/07\/74df3e2d-gp0stqczk-1024x683.jpg 1024w, https:\/\/www.greenpeace.org\/static\/planet4-argentina-stateless\/2025\/07\/74df3e2d-gp0stqczk-768x512.jpg 768w, https:\/\/www.greenpeace.org\/static\/planet4-argentina-stateless\/2025\/07\/74df3e2d-gp0stqczk-510x340.jpg 510w\" sizes=\"auto, (max-width: 1200px) 100vw, 1200px\" data-image-size=\"post-thumbnail\" data-stateless-media-bucket=\"planet4-argentina-stateless\" data-stateless-media-name=\"2025\/07\/74df3e2d-gp0stqczk.jpg\" \/><\/a><\/figure>\n\n        <div class=\"wp-block-group is-layout-flow wp-block-group-is-layout-flow\">\n        <div class=\"wp-block-group is-layout-flex wp-block-group-is-layout-flex\"><div class=\"wp-block-post-terms\"><a href=\"https:\/\/www.greenpeace.org\/argentina\/category\/problemas\/contaminacion\/\">Contaminaci\u00f3n<\/a><\/div>\n        \n        \n        <\/div>\n        \n        <h3 class=\"wp-block-post-title\"><a href=\"https:\/\/www.greenpeace.org\/argentina\/blog\/problemas\/contaminacion\/ultra-fast-fashion-la-moda-que-se-usa-una-vez-y-contamina-durante-siglos\/\" target=\"_self\" >Ultra fast fashion: la moda que se usa una vez y contamina durante siglos<\/a><\/h3>\n        <div class=\"wp-block-post-excerpt\"><p class=\"wp-block-post-excerpt__excerpt\">Volvemos a entrar en un tema que nunca pasa de moda. <\/p><\/div>\n        \n        <div class=\"wp-block-group posts-list-meta is-layout-flow wp-block-group-is-layout-flow\"><span class='article-list-item-author'>Meri Castro<\/span>\n        <div class=\"wp-block-post-date\"><time datetime=\"2025-07-28T10:44:02-03:00\">28 julio 2025<\/time><\/div>\n        \n        <\/div>\n        <\/div>\n        <\/div>\n\n            <\/li><\/ul>\n\n    \n<div class=\"wp-block-buttons carousel-controls is-horizontal is-content-justification-space-between is-nowrap is-layout-flex wp-container-core-buttons-is-layout-044bd602 wp-block-buttons-is-layout-flex\">\n            <div class=\"wp-block-button carousel-control-prev\"><button type=\"button\" class=\"wp-block-button__link wp-element-button\">Prev<\/button><\/div>\n        \n\n            <div class=\"wp-block-button carousel-control-next\"><button type=\"button\" class=\"wp-block-button__link wp-element-button\">Next<\/button><\/div>\n        <\/div>\n\n\n    <li class=\" wp-block-navigation-item see-all-link wp-block-navigation-link\"><a class=\"wp-block-navigation-item__content\"  href=\"http:\/\/www.greenpeace.org\/argentina\/news-stories\/?tag=plasticos\"><span class=\"wp-block-navigation-item__label\">See all stories<\/span><\/a><\/li><\/div>\n    ","protected":false},"excerpt":{"rendered":"<p>Preocupaci\u00f3n de Greenpeace por no cumplirse la Ley de Basura Cero, que propone la reducci\u00f3n de la cantidad de basura que se entierra.<\/p>\n","protected":false},"author":19,"featured_media":0,"parent":759,"menu_order":0,"comment_status":"closed","ping_status":"closed","template":"","meta":{"ep_exclude_from_search":false,"p4_hide_page_title_checkbox":"","p4_title":"","p4_subtitle":"","p4_description":"","background_image_id":"","background_image":"","p4_button_title":"","p4_button_link":"","p4_button_link_checkbox":"","p4_og_title":"","p4_og_description":"","p4_og_image":"","p4_og_image_id":"","p4_seo_canonical_url":"","p4_campaign_name":"not set","p4_local_project":"not set","p4_basket_name":"not set","p4_department":"","footnotes":""},"categories":[4],"tags":[32,59,40,34],"class_list":["post-799","page","type-page","status-publish","hentry","category-contaminacion","tag-quemarbasuramata","tag-plasticos","tag-importacionderesiduos","tag-residuoselectronicos"],"_links":{"self":[{"href":"https:\/\/www.greenpeace.org\/argentina\/wp-json\/wp\/v2\/pages\/799","targetHints":{"allow":["GET"]}}],"collection":[{"href":"https:\/\/www.greenpeace.org\/argentina\/wp-json\/wp\/v2\/pages"}],"about":[{"href":"https:\/\/www.greenpeace.org\/argentina\/wp-json\/wp\/v2\/types\/page"}],"author":[{"embeddable":true,"href":"https:\/\/www.greenpeace.org\/argentina\/wp-json\/wp\/v2\/users\/19"}],"replies":[{"embeddable":true,"href":"https:\/\/www.greenpeace.org\/argentina\/wp-json\/wp\/v2\/comments?post=799"}],"version-history":[{"count":15,"href":"https:\/\/www.greenpeace.org\/argentina\/wp-json\/wp\/v2\/pages\/799\/revisions"}],"predecessor-version":[{"id":31813,"href":"https:\/\/www.greenpeace.org\/argentina\/wp-json\/wp\/v2\/pages\/799\/revisions\/31813"}],"up":[{"embeddable":true,"href":"https:\/\/www.greenpeace.org\/argentina\/wp-json\/wp\/v2\/pages\/759"}],"wp:attachment":[{"href":"https:\/\/www.greenpeace.org\/argentina\/wp-json\/wp\/v2\/media?parent=799"}],"wp:term":[{"taxonomy":"category","embeddable":true,"href":"https:\/\/www.greenpeace.org\/argentina\/wp-json\/wp\/v2\/categories?post=799"},{"taxonomy":"post_tag","embeddable":true,"href":"https:\/\/www.greenpeace.org\/argentina\/wp-json\/wp\/v2\/tags?post=799"}],"curies":[{"name":"wp","href":"https:\/\/api.w.org\/{rel}","templated":true}]}}