{"id":887,"date":"2019-01-30T19:57:38","date_gmt":"2019-01-30T19:57:38","guid":{"rendered":"https:\/\/www.greenpeace.org\/argentina\/?page_id=887"},"modified":"2025-09-23T06:43:28","modified_gmt":"2025-09-23T09:43:28","slug":"la-agricultura-sustentable-es-posible","status":"publish","type":"page","link":"https:\/\/www.greenpeace.org\/argentina\/participa\/involucrate\/la-agricultura-sustentable-es-posible\/","title":{"rendered":"La agricultura sustentable es posible"},"content":{"rendered":"\n                    <div class=\"wp-block-group is-vertical is-layout-flex wp-container-core-group-is-layout-8cf370e7 wp-block-group-is-layout-flex\">\n                    \n\n                    \n                    <\/div>\n                    <p><strong>\u00bfSab\u00e9s c\u00f3mo se producen los alimentos que com\u00e9s todos los d\u00edas? <\/strong><\/p>\n<p><span style=\"font-weight: 400;\">Muchas frutas, verduras y hasta la yerba mate est\u00e1n expuestas a agrot\u00f3xicos o plaguicidas. Estos productos qu\u00edmicos se utilizan en la agricultura para proteger los cultivos y matar insectos, hongos, malezas y otras plagas.<\/span><\/p>\n<p><span style=\"font-weight: 400;\">El m\u00e1s usado en el mundo es el herbicida Roundup, que contiene glifosato. La empresa Monsanto utiliza este producto qu\u00edmico para impedir el desarrollo de hierbas perjudiciales en las cosechas.<\/span><\/p>\n<p><span style=\"font-weight: 400;\">Pero debido a que demasiado herbicida podr\u00eda da\u00f1ar la siembra, la compa\u00f1\u00eda &nbsp;tambi\u00e9n gener\u00f3 variedades de cultivos transg\u00e9nicos <\/span><span style=\"font-weight: 400;\">(modificados gen\u00e9ticamente), que pueden soportar la aplicaci\u00f3n de herbicidas, especialmente los basados en glifosato. <\/span><\/p>\n<p><span style=\"font-weight: 400;\">De esta manera, Monsanto se asegur\u00f3 la venta de semillas transg\u00e9nicas y del herbicida que necesitan. El uso del glifosato se hizo masivo y la compa\u00f1\u00eda se convirti\u00f3 en el <\/span><span style=\"font-weight: 400;\">mayor fabricante de productos qu\u00edmicos para la siembra.<\/span><\/p>\n<p><span style=\"font-weight: 400;\">En Argentina, la utilizaci\u00f3n de cultivos transg\u00e9nicos se aprob\u00f3 en 1996 y hoy nuestro pa\u00eds es <\/span><span style=\"font-weight: 400;\">uno de los principales productores del mundo. Soja, ma\u00edz y algod\u00f3n con alteraciones gen\u00e9ticas llenan las superficies cultivables.<\/span><\/p>\n<p><span style=\"font-weight: 400;\">Adem\u00e1s, el uso de <\/span><span style=\"font-weight: 400;\">glifosato est\u00e1 permitido en la yerba mate, vid, trigo, girasol, hortalizas, pasturas, c\u00edtricos y frutales de pepita (manzana, pera y membrillo). <\/span><\/p>\n<p><span style=\"font-weight: 400;\">En el mundo se aplica en 750 productos destinados a la agricultura, plantaciones forestales y ambientes urbanos.<br \/><\/span><\/p>\n<\/p>\n<p><b>\u00bfQu\u00e9 consecuencias provocan los agrot\u00f3xicos?<\/b><\/p>\n<p><span style=\"font-weight: 400;\">&#8211; Contaminan el agua, el suelo y los alimentos que comemos<br \/><\/span><span style=\"font-weight: 400;\">&#8211; Ponen en riesgo la salud de <\/span><span style=\"font-weight: 400;\">agricultores, comunidades rurales y consumidores<br \/><\/span><span style=\"font-weight: 400;\">&#8211; Aumentan los costos de producci\u00f3n<br \/><\/span><span style=\"font-weight: 400;\">&#8211; Provocan la p\u00e9rdida de la biodiversidad<br \/><\/span><span style=\"font-weight: 400;\">&#8211; Desarrollan mayor resistencia en insectos <\/span><\/p>\n<p><span style=\"font-weight: 400;\">En 2015, la Organizaci\u00f3n Mundial de la Salud (OMS) advirti\u00f3 que el glifosato podr\u00eda causar c\u00e1ncer<\/span><span style=\"font-weight: 400;\">. <\/span><span style=\"font-weight: 400;\">La<\/span><span style=\"font-weight: 400;\"> Agencia Internacional para la Investigaci\u00f3n del C\u00e1ncer (IARC) lo categoriz\u00f3 <\/span><span style=\"font-weight: 400;\">dentro del Grupo 2A- <\/span><span style=\"font-weight: 400;\">Probablemente cancer\u00edgeno para los seres humanos.<\/span><\/p>\n<p><span style=\"font-weight: 400;\">Los \u00fanicos que se benefician por el amplio uso de los agrot\u00f3xicos son un grupo de compa\u00f1\u00edas multinacionales (como Bayer -due\u00f1a de Monsanto-, Syngenta, BASF, DuPont-Pioneer y Dow) y grandes empresarios.<\/span><\/p>\n<p><span style=\"font-weight: 400;\">Mientras tanto, en los campos hay cada vez menos diversidad, menos vida, menos agricultores, menos soberan\u00eda monetaria, menos tierras cultivables y menos familias.<\/span><\/p>\n<\/p>\n<p><b>La alternativa: una revoluci\u00f3n agroecol\u00f3gica<\/b><\/p>\n<p><span style=\"font-weight: 400;\">E<\/span><span style=\"font-weight: 400;\">l sistema alimentario industrial actual se basa en monocultivos (\u00e1reas de gran extensi\u00f3n cultivadas con una sola especie) sembrados con semillas trang\u00e9nicas. Estas plantaciones necesitan enormes cantidades de plaguicidas y fertilizantes sint\u00e9ticos para generar productos b\u00e1sicos destinados a la alimentaci\u00f3n animal, la producci\u00f3n de biocombustibles o ingredientes para comida \u00a8chatarra\u00a8. Adem\u00e1s, para su traslado son necesarios hidrocarburos.<\/span><\/p>\n<p><span style=\"font-weight: 400;\">En cambio, la agroecolog\u00eda es un sistema de producci\u00f3n que, al estar basado en saberes tradicionales y pr\u00e1cticas de cultivo en equilibrio con la tierra, no requiere agrot\u00f3xicos ni cultivos transg\u00e9nicos. Como resultado, produce alimentos sanos sin contaminar el medio ambiente.<\/span><\/p>\n<p><span style=\"font-weight: 400;\">El objetivo de esta clase de agricultura es que la comida saludable sea accesible para toda la poblaci\u00f3n y que la tecnolog\u00eda agr\u00edcola sea controlada por las comunidades locales, en lugar de las empresas multinacionales.<\/span><\/p>\n<\/p>\n<p><b>\u00bfCu\u00e1les son los beneficios de la agroecolog\u00eda?<\/b><\/p>\n<p><span style=\"font-weight: 400;\">&#8211; Los cultivos tienen mejor sabor y son m\u00e1s sanos<br \/><\/span><span style=\"font-weight: 400;\">&#8211; Respeta la biodiversidad<br \/><\/span><span style=\"font-weight: 400;\">&#8211; Busca acortar la cadena de comercializaci\u00f3n<br \/><\/span><span style=\"font-weight: 400;\">&#8211; Los agricultores logran beneficios econ\u00f3micos estables<br \/><\/span><span style=\"font-weight: 400;\">&#8211; No utiliza insumos qu\u00edmicos sint\u00e9ticos. El control de plagas se realiza, por ejemplo, mediante la introducci\u00f3n de plantas que las repelen y atraen insectos beneficiosos<br \/><\/span><span style=\"font-weight: 400;\">&#8211; Protege el suelo y el agua<br \/><\/span><span style=\"font-weight: 400;\">&#8211; Permite que las comunidades produzcan los alimentos que necesitan<br \/><\/span><span style=\"font-weight: 400;\">&#8211; Los cultivos rinden m\u00e1s: se producen m\u00e1s alimentos por hect\u00e1rea que en la agricultura convencional<br \/><\/span><span style=\"font-weight: 400;\">&#8211; Utiliza abonos naturales. Incorpora esti\u00e9rcol animal y compost<br \/><\/span><span style=\"font-weight: 400;\">&#8211; Los cultivos se rotan para favorecer la riqueza del suelo y evitar que aparezcan plagas<br \/><\/span><span style=\"font-weight: 400;\">&#8211; Se cultiva una combinaci\u00f3n de diferentes cultivos y variedades de plantas (asociaci\u00f3n de cultivos) en el mismo campo<\/span><\/p>\n<p><span style=\"font-weight: 400;\">Desde Greenpeace reclamamos a gobiernos y empresas privadas mayor inversi\u00f3n y apoyo para la agricultura ecol\u00f3gica y el abandono del uso de semillas transg\u00e9nicas y agrot\u00f3xicos.<\/span><\/p>\n<\/p>\n<h3><b>Le\u00e9 m\u00e1s<\/b><\/h3>\n<p><a href=\"https:\/\/www.greenpeace.org\/argentina\/estos-son-los-7-principios-basicos-de-la-agroecologia\/\"><b>Los 7 principios b\u00e1sicos de la agroecolog\u00eda.<\/b><\/a><\/p>\n<p><a href=\"https:\/\/www.greenpeace.org\/argentina\/que-es-un-transgenico\/\"><b>\u00bfQu\u00e9 es un transg\u00e9nico?<\/b><\/a><\/p>\n<p><a href=\"http:\/\/greenpeace.org.ar\/pdf\/agroecologia\/INFORME-Ley-de-semillas-30-vinculos-entre-el-Gob-y-las-agroquimicas.pdf\"><b>Ley de semillas: del campo al plato, el lobby de las empresas qu\u00edmicas (marzo 2017)<\/b><\/a><\/p>\n<p><a href=\"http:\/\/greenpeace.org.ar\/pdf\/agroecologia\/informe_20_a%C3%B1os_de_transgenicos.pdf\"><b>Transg\u00e9nicos en Argentina: 20 a\u00f1os de promesas incumplidas (marzo 2016)<\/b><\/a><\/p>\n<p><a href=\"http:\/\/greenpeace.org.ar\/pdf\/agroecologia\/final_20_anios_fracasos_transgenicos.pdf\"><b>20 a\u00f1os de fracaso &#8211; Por qu\u00e9 los cultivos transg\u00e9nicos han fallado en cumplir sus promesas (noviembre de 2015)<\/b><\/a><\/p>\n<p><a href=\"http:\/\/greenpeace.org.ar\/pdf\/agroecologia\/inta_plaguicidas_agregados_al_suelo_2015.pdf\"><b>Los plaguicidas agregados al suelo y su destino en el ambiente &#8211; INTA (Instituto Nacional de Tecnolog\u00eda Agropecuaria)<\/b><span style=\"font-weight: 400;\"> (2015)<\/span><\/a><\/p>\n<p><a href=\"http:\/\/greenpeace.org.ar\/pdf\/agroecologia\/Agricultura%20Ecologica%20Caso%20Misiones.pdf\"><b>Agricultura ecol\u00f3gica &#8211; Caso Misiones: La cuna de la yerba mate (agosto 2015)<\/b><\/a><\/p>\n<p><a href=\"http:\/\/greenpeace.org.ar\/pdf\/agroecologia\/informe-glifosato-espa%C3%B1ol-v2.pdf\"><b>Tolerancia a herbicidas y cultivos transg\u00e9nicos &#8211; Por qu\u00e9 el mundo deber\u00eda estar preparado para abandonar el glifosato (julio 2011)<\/b><\/a><\/p>\n<p><a href=\"http:\/\/greenpeace.org.ar\/pdf\/agroecologia\/Soja-transgenica.pdf\"><b>Soja transg\u00e9nica: Agricultura sin agricultores <\/b><span style=\"font-weight: 400;\">(enero 2007)<\/span><\/a><\/p><\/p>\n\n    <div class=\"wp-block-query posts-list p4-query-loop is-custom-layout-list is-layout-flow wp-block-query-is-layout-flow\">\n        <div class=\"wp-block-group is-content-justification-space-between is-layout-flex wp-container-core-group-is-layout-3d213aab wp-block-group-is-layout-flex\"><h2 class=\"wp-block-heading\">\u00daltimas noticias<\/h2>\n        <li class=\" wp-block-navigation-item see-all-link wp-block-navigation-link\"><a class=\"wp-block-navigation-item__content\"  href=\"http:\/\/www.greenpeace.org\/argentina\/news-stories\/?tag=agroecologia\"><span class=\"wp-block-navigation-item__label\">See all stories<\/span><\/a><\/li>\n        \n        <\/div>\n        \n\n    <p style=\"margin-top: 24px; margin-bottom: 36px;\"><\/p>\n\n    \n\n    <ul class=\"wp-block-post-template is-layout-flow wp-block-post-template-is-layout-flow\"><li class=\"wp-block-post post-32047 post type-post status-publish format-standard has-post-thumbnail hentry category-contaminacion tag-agroecologia p4-page-type-story\">\n            \n<div class=\"wp-block-columns is-layout-flex wp-container-core-columns-is-layout-9d6595d7 wp-block-columns-is-layout-flex\"><figure class=\"wp-block-post-featured-image\"><a href=\"https:\/\/www.greenpeace.org\/argentina\/story\/problemas\/contaminacion\/agrotoxicos-argentina-avanza-hacia-la-aceptacion-del-riesgo-no-hacia-su-reduccion\/\" target=\"_self\"  ><img loading=\"lazy\" decoding=\"async\" width=\"2560\" height=\"1707\" src=\"https:\/\/www.greenpeace.org\/static\/planet4-argentina-stateless\/2022\/10\/52525f4d-gpa_agrotoxicos_03-scaled.jpg\" class=\"attachment-post-thumbnail size-post-thumbnail wp-post-image wp-stateless-item\" alt=\"Agrot\u00f3xicos: Argentina avanza hacia la aceptaci\u00f3n del riesgo, no hacia su reducci\u00f3n.\" style=\"object-fit:cover;\" srcset=\"https:\/\/www.greenpeace.org\/static\/planet4-argentina-stateless\/2022\/10\/52525f4d-gpa_agrotoxicos_03-scaled.jpg 2560w, https:\/\/www.greenpeace.org\/static\/planet4-argentina-stateless\/2022\/10\/52525f4d-gpa_agrotoxicos_03-300x200.jpg 300w, https:\/\/www.greenpeace.org\/static\/planet4-argentina-stateless\/2022\/10\/52525f4d-gpa_agrotoxicos_03-1024x683.jpg 1024w, https:\/\/www.greenpeace.org\/static\/planet4-argentina-stateless\/2022\/10\/52525f4d-gpa_agrotoxicos_03-768x512.jpg 768w, https:\/\/www.greenpeace.org\/static\/planet4-argentina-stateless\/2022\/10\/52525f4d-gpa_agrotoxicos_03-1536x1024.jpg 1536w, https:\/\/www.greenpeace.org\/static\/planet4-argentina-stateless\/2022\/10\/52525f4d-gpa_agrotoxicos_03-2048x1366.jpg 2048w, https:\/\/www.greenpeace.org\/static\/planet4-argentina-stateless\/2022\/10\/52525f4d-gpa_agrotoxicos_03-510x340.jpg 510w\" sizes=\"auto, (max-width: 2560px) 100vw, 2560px\" data-image-size=\"post-thumbnail\" data-stateless-media-bucket=\"planet4-argentina-stateless\" data-stateless-media-name=\"2022\/10\/52525f4d-gpa_agrotoxicos_03-scaled.jpg\" \/><\/a><\/figure>\n\n        <div class=\"wp-block-group is-layout-flow wp-block-group-is-layout-flow\">\n        <div class=\"wp-block-group is-layout-flex wp-block-group-is-layout-flex\"><div class=\"wp-block-post-terms\"><a href=\"https:\/\/www.greenpeace.org\/argentina\/category\/problemas\/contaminacion\/\">Contaminaci\u00f3n<\/a><\/div>\n        \n        \n        <\/div>\n        \n        <h3 class=\"wp-block-post-title\"><a href=\"https:\/\/www.greenpeace.org\/argentina\/story\/problemas\/contaminacion\/agrotoxicos-argentina-avanza-hacia-la-aceptacion-del-riesgo-no-hacia-su-reduccion\/\" target=\"_self\" >Agrot\u00f3xicos: Argentina avanza hacia la aceptaci\u00f3n del riesgo, no hacia su reducci\u00f3n.<\/a><\/h3>\n        <div class=\"wp-block-post-excerpt\"><p class=\"wp-block-post-excerpt__excerpt\">Hace a\u00f1os que Greenpeace advierte que el uso masivo de glifosato y otros agrot\u00f3xicos no solo genera contaminaci\u00f3n ambiental sino que consolida un modelo de agricultura dependiente de insumos qu\u00edmicos y semillas transg\u00e9nicas. <\/p><\/div>\n        \n        <div class=\"wp-block-group posts-list-meta is-layout-flow wp-block-group-is-layout-flow\"><span class='article-list-item-author'><a href='https:\/\/www.greenpeace.org\/argentina\/author\/prensaarg\/'>Prensa Argentina<\/a><\/span>\n        <div class=\"wp-block-post-date\"><time datetime=\"2025-10-31T17:32:42-03:00\">31 octubre 2025<\/time><\/div>\n        \n        <\/div>\n        <\/div>\n        <\/div>\n\n            <\/li><li class=\"wp-block-post post-25849 post type-post status-publish format-standard has-post-thumbnail hentry category-climayenergia category-contaminacion tag-consumo tag-cambio-climatico tag-agroecologia p4-page-type-blog\">\n            \n<div class=\"wp-block-columns is-layout-flex wp-container-core-columns-is-layout-9d6595d7 wp-block-columns-is-layout-flex\"><figure class=\"wp-block-post-featured-image\"><a href=\"https:\/\/www.greenpeace.org\/argentina\/blog\/problemas\/climayenergia\/metano-todo-lo-que-tienes-que-saber-del-gas-que-calienta-nuestro-planeta\/\" target=\"_self\"  ><img loading=\"lazy\" decoding=\"async\" width=\"1024\" height=\"683\" src=\"https:\/\/www.greenpeace.org\/static\/planet4-argentina-stateless\/2024\/11\/02b8812e-ordana-vacas.jpg\" class=\"attachment-post-thumbnail size-post-thumbnail wp-post-image wp-stateless-item\" alt=\"Metano: todo lo que ten\u00e9s que saber del gas que calienta nuestro planeta\" style=\"object-fit:cover;\" srcset=\"https:\/\/www.greenpeace.org\/static\/planet4-argentina-stateless\/2024\/11\/02b8812e-ordana-vacas.jpg 1024w, https:\/\/www.greenpeace.org\/static\/planet4-argentina-stateless\/2024\/11\/02b8812e-ordana-vacas-300x200.jpg 300w, https:\/\/www.greenpeace.org\/static\/planet4-argentina-stateless\/2024\/11\/02b8812e-ordana-vacas-768x512.jpg 768w, https:\/\/www.greenpeace.org\/static\/planet4-argentina-stateless\/2024\/11\/02b8812e-ordana-vacas-510x340.jpg 510w\" sizes=\"auto, (max-width: 1024px) 100vw, 1024px\" data-image-size=\"post-thumbnail\" data-stateless-media-bucket=\"planet4-argentina-stateless\" data-stateless-media-name=\"2024\/11\/02b8812e-ordana-vacas.jpg\" \/><\/a><\/figure>\n\n        <div class=\"wp-block-group is-layout-flow wp-block-group-is-layout-flow\">\n        <div class=\"wp-block-group is-layout-flex wp-block-group-is-layout-flex\"><div class=\"wp-block-post-terms\"><a href=\"https:\/\/www.greenpeace.org\/argentina\/category\/problemas\/climayenergia\/\">Clima y Energ\u00eda<\/a><\/div>\n        \n        \n        <\/div>\n        \n        <h3 class=\"wp-block-post-title\"><a href=\"https:\/\/www.greenpeace.org\/argentina\/blog\/problemas\/climayenergia\/metano-todo-lo-que-tienes-que-saber-del-gas-que-calienta-nuestro-planeta\/\" target=\"_self\" >Metano: todo lo que ten\u00e9s que saber del gas que calienta nuestro planeta<\/a><\/h3>\n        <div class=\"wp-block-post-excerpt\"><p class=\"wp-block-post-excerpt__excerpt\">\u00bfC\u00f3mo contamina la industria global de la carne y los l\u00e1cteos? <\/p><\/div>\n        \n        <div class=\"wp-block-group posts-list-meta is-layout-flow wp-block-group-is-layout-flow\"><span class='article-list-item-author'>Meri Castro<\/span>\n        <div class=\"wp-block-post-date\"><time datetime=\"2024-11-13T11:10:38-03:00\">13 noviembre 2024<\/time><\/div>\n        \n        <\/div>\n        <\/div>\n        <\/div>\n\n            <\/li><li class=\"wp-block-post post-25487 post type-post status-publish format-standard has-post-thumbnail hentry category-contaminacion category-sustentabilidad tag-agroecologia tag-atanor p4-page-type-blog\">\n            \n<div class=\"wp-block-columns is-layout-flex wp-container-core-columns-is-layout-9d6595d7 wp-block-columns-is-layout-flex\"><figure class=\"wp-block-post-featured-image\"><a href=\"https:\/\/www.greenpeace.org\/argentina\/blog\/problemas\/contaminacion\/agroquimicos-por-que-la-agricultura-se-volvio-dependiente-a-ellos-y-que-consecuencias-trae\/\" target=\"_self\"  ><img loading=\"lazy\" decoding=\"async\" width=\"800\" height=\"533\" src=\"https:\/\/www.greenpeace.org\/static\/planet4-argentina-stateless\/2024\/09\/e212bbf3-gp0bj9_low-res-with-credit-line-800px.jpg\" class=\"attachment-post-thumbnail size-post-thumbnail wp-post-image wp-stateless-item\" alt=\"Agroqu\u00edmicos: \u00bfpor qu\u00e9 la agricultura se volvi\u00f3 dependiente de ellos y qu\u00e9 consecuencias trae?\u00a0\" style=\"object-fit:cover;\" srcset=\"https:\/\/www.greenpeace.org\/static\/planet4-argentina-stateless\/2024\/09\/e212bbf3-gp0bj9_low-res-with-credit-line-800px.jpg 800w, https:\/\/www.greenpeace.org\/static\/planet4-argentina-stateless\/2024\/09\/e212bbf3-gp0bj9_low-res-with-credit-line-800px-300x200.jpg 300w, https:\/\/www.greenpeace.org\/static\/planet4-argentina-stateless\/2024\/09\/e212bbf3-gp0bj9_low-res-with-credit-line-800px-768x512.jpg 768w, https:\/\/www.greenpeace.org\/static\/planet4-argentina-stateless\/2024\/09\/e212bbf3-gp0bj9_low-res-with-credit-line-800px-510x340.jpg 510w\" sizes=\"auto, (max-width: 800px) 100vw, 800px\" data-image-size=\"post-thumbnail\" data-stateless-media-bucket=\"planet4-argentina-stateless\" data-stateless-media-name=\"2024\/09\/e212bbf3-gp0bj9_low-res-with-credit-line-800px.jpg\" \/><\/a><\/figure>\n\n        <div class=\"wp-block-group is-layout-flow wp-block-group-is-layout-flow\">\n        <div class=\"wp-block-group is-layout-flex wp-block-group-is-layout-flex\"><div class=\"wp-block-post-terms\"><a href=\"https:\/\/www.greenpeace.org\/argentina\/category\/problemas\/contaminacion\/\">Contaminaci\u00f3n<\/a><\/div>\n        \n        \n        <\/div>\n        \n        <h3 class=\"wp-block-post-title\"><a href=\"https:\/\/www.greenpeace.org\/argentina\/blog\/problemas\/contaminacion\/agroquimicos-por-que-la-agricultura-se-volvio-dependiente-a-ellos-y-que-consecuencias-trae\/\" target=\"_self\" >Agroqu\u00edmicos: \u00bfpor qu\u00e9 la agricultura se volvi\u00f3 dependiente de ellos y qu\u00e9 consecuencias trae?\u00a0<\/a><\/h3>\n        <div class=\"wp-block-post-excerpt\"><p class=\"wp-block-post-excerpt__excerpt\">Una reflexi\u00f3n necesaria sobre c\u00f3mo producimos alimentos. <\/p><\/div>\n        \n        <div class=\"wp-block-group posts-list-meta is-layout-flow wp-block-group-is-layout-flow\"><span class='article-list-item-author'>Meri Castro<\/span>\n        <div class=\"wp-block-post-date\"><time datetime=\"2024-09-19T11:35:26-03:00\">19 septiembre 2024<\/time><\/div>\n        \n        <\/div>\n        <\/div>\n        <\/div>\n\n            <\/li><\/ul>\n\n    \n<div class=\"wp-block-buttons carousel-controls is-horizontal is-content-justification-space-between is-nowrap is-layout-flex wp-container-core-buttons-is-layout-044bd602 wp-block-buttons-is-layout-flex\">\n            <div class=\"wp-block-button carousel-control-prev\"><button type=\"button\" class=\"wp-block-button__link wp-element-button\">Prev<\/button><\/div>\n        \n\n            <div class=\"wp-block-button carousel-control-next\"><button type=\"button\" class=\"wp-block-button__link wp-element-button\">Next<\/button><\/div>\n        <\/div>\n\n\n    <li class=\" wp-block-navigation-item see-all-link wp-block-navigation-link\"><a class=\"wp-block-navigation-item__content\"  href=\"http:\/\/www.greenpeace.org\/argentina\/news-stories\/?tag=agroecologia\"><span class=\"wp-block-navigation-item__label\">See all stories<\/span><\/a><\/li><\/div>\n    <\/p>\n<h3><b>Videos&nbsp;<\/b><\/h3>\n\n<iframe loading=\"lazy\" width=\"560\" height=\"315\" src=\"https:\/\/www.youtube.com\/embed\/videoseries?list=PLgR0D19YPNIBJrbv_DG4aXgq_FNojExhJ\" title=\"YouTube video player\" frameborder=\"0\" allow=\"accelerometer; autoplay; clipboard-write; encrypted-media; gyroscope; picture-in-picture\" allowfullscreen><\/iframe>\n<div data-render=\"planet4-blocks\/happypoint\" data-attributes=\"{&quot;attributes&quot;:{&quot;iframe_url&quot;:&quot;https:\\\/\\\/unite.greenpeace.org.ar\\\/happypoint\\\/&quot;,&quot;override_default_content&quot;:true,&quot;local_content_provider&quot;:&quot;iframe_url&quot;,&quot;opacity&quot;:30}}\"><\/div>","protected":false},"excerpt":{"rendered":"<p>\u00bfSab\u00e9s c\u00f3mo se producen los alimentos que com\u00e9s todos los d\u00edas? \u00bfQu\u00e9 consecuencias provocan los agrot\u00f3xicos?<\/p>\n","protected":false},"author":19,"featured_media":888,"parent":11,"menu_order":0,"comment_status":"closed","ping_status":"closed","template":"","meta":{"ep_exclude_from_search":false,"p4_hide_page_title_checkbox":"","p4_title":"","p4_subtitle":"","p4_description":"","background_image_id":"","background_image":"","p4_button_title":"","p4_button_link":"","p4_button_link_checkbox":"","p4_og_title":"","p4_og_description":"","p4_og_image":"","p4_og_image_id":"","p4_seo_canonical_url":"","p4_campaign_name":"not set","p4_local_project":"not set","p4_basket_name":"not set","p4_department":"","footnotes":""},"categories":[62],"tags":[33],"class_list":["post-887","page","type-page","status-publish","has-post-thumbnail","hentry","category-sustentabilidad","tag-agroecologia"],"_links":{"self":[{"href":"https:\/\/www.greenpeace.org\/argentina\/wp-json\/wp\/v2\/pages\/887","targetHints":{"allow":["GET"]}}],"collection":[{"href":"https:\/\/www.greenpeace.org\/argentina\/wp-json\/wp\/v2\/pages"}],"about":[{"href":"https:\/\/www.greenpeace.org\/argentina\/wp-json\/wp\/v2\/types\/page"}],"author":[{"embeddable":true,"href":"https:\/\/www.greenpeace.org\/argentina\/wp-json\/wp\/v2\/users\/19"}],"replies":[{"embeddable":true,"href":"https:\/\/www.greenpeace.org\/argentina\/wp-json\/wp\/v2\/comments?post=887"}],"version-history":[{"count":21,"href":"https:\/\/www.greenpeace.org\/argentina\/wp-json\/wp\/v2\/pages\/887\/revisions"}],"predecessor-version":[{"id":31811,"href":"https:\/\/www.greenpeace.org\/argentina\/wp-json\/wp\/v2\/pages\/887\/revisions\/31811"}],"up":[{"embeddable":true,"href":"https:\/\/www.greenpeace.org\/argentina\/wp-json\/wp\/v2\/pages\/11"}],"wp:featuredmedia":[{"embeddable":true,"href":"https:\/\/www.greenpeace.org\/argentina\/wp-json\/wp\/v2\/media\/888"}],"wp:attachment":[{"href":"https:\/\/www.greenpeace.org\/argentina\/wp-json\/wp\/v2\/media?parent=887"}],"wp:term":[{"taxonomy":"category","embeddable":true,"href":"https:\/\/www.greenpeace.org\/argentina\/wp-json\/wp\/v2\/categories?post=887"},{"taxonomy":"post_tag","embeddable":true,"href":"https:\/\/www.greenpeace.org\/argentina\/wp-json\/wp\/v2\/tags?post=887"}],"curies":[{"name":"wp","href":"https:\/\/api.w.org\/{rel}","templated":true}]}}