{"id":890,"date":"2019-01-30T20:00:16","date_gmt":"2019-01-30T23:00:16","guid":{"rendered":"https:\/\/www.greenpeace.org\/argentina\/?page_id=890"},"modified":"2025-09-23T06:43:27","modified_gmt":"2025-09-23T09:43:27","slug":"estos-son-los-7-principios-basicos-de-la-agroecologia","status":"publish","type":"page","link":"https:\/\/www.greenpeace.org\/argentina\/estos-son-los-7-principios-basicos-de-la-agroecologia\/","title":{"rendered":"7 principios b\u00e1sicos de la agroecolog\u00eda"},"content":{"rendered":"\n\n<div class=\"wp-block-group alignfull is-layout-flow wp-block-group-is-layout-flow\">\n<div class=\"wp-block-group container is-layout-flow wp-block-group-is-layout-flow\">\n<div class=\"wp-block-media-text alignfull has-media-on-the-right is-stacked-on-mobile is-pattern-p4-page-header is-style-parallax\"><div class=\"wp-block-media-text__content\">\n<div class=\"wp-block-group is-layout-flow wp-block-group-is-layout-flow\">\n<h1 class=\"wp-block-heading has-white-background-color has-background\">7 principios b\u00e1sicos de la agroecolog\u00eda<\/h1>\n<\/div>\n\n\n\n<p style=\"font-size:1.25rem\"><\/p>\n<\/div><figure class=\"wp-block-media-text__media\"><img loading=\"lazy\" decoding=\"async\" width=\"800\" height=\"533\" src=\"https:\/\/www.greenpeace.org\/static\/planet4-argentina-stateless\/2024\/08\/9676c1ec-gp1surpx_low-res-with-credit-line-800px.jpg\" alt=\"\" sizes=\"auto, (min-width: 601px) 50vw, 100vw\" srcset=\"https:\/\/www.greenpeace.org\/static\/planet4-argentina-stateless\/2024\/08\/9676c1ec-gp1surpx_low-res-with-credit-line-800px.jpg 800w, https:\/\/www.greenpeace.org\/static\/planet4-argentina-stateless\/2024\/08\/9676c1ec-gp1surpx_low-res-with-credit-line-800px-300x200.jpg 300w, https:\/\/www.greenpeace.org\/static\/planet4-argentina-stateless\/2024\/08\/9676c1ec-gp1surpx_low-res-with-credit-line-800px-768x512.jpg 768w, https:\/\/www.greenpeace.org\/static\/planet4-argentina-stateless\/2024\/08\/9676c1ec-gp1surpx_low-res-with-credit-line-800px-510x340.jpg 510w\" class=\"wp-image-25163 size-full\"\/><\/figure><\/div>\n<\/div>\n<\/div>\n\n\n<p class=\"has-drop-cap\"><strong>1. Soberan\u00eda alimentaria<\/strong><\/p>\n\n<p><span style=\"font-weight: 400;\">Productores y consumidores, no corporaciones, deben tener el control de la cadena alimenticia y determinar c\u00f3mo se produce la comida.<\/span><\/p>\n\n<div style=\"height:10px\" aria-hidden=\"true\" class=\"wp-block-spacer\"><\/div>\n\n<p class=\"has-drop-cap\"><b>2. Valorizaci\u00f3n de la vida rural<\/b><\/p>\n\n<p><span style=\"font-weight: 400;\">La agroecolog\u00eda contribuye al desarrollo del campo y a la lucha contra la pobreza porque garantiza un medio de vida seguro, sano y econ\u00f3micamente viable.<\/span><\/p>\n\n<div style=\"height:10px\" aria-hidden=\"true\" class=\"wp-block-spacer\"><\/div>\n\n<p class=\"has-drop-cap\"><b>3. Producci\u00f3n inteligente<\/b><\/p>\n\n<p><span style=\"font-weight: 400;\">La agroecolog\u00eda produce con saberes locales y se apoya en los ciclos de la naturaleza, no en las corporaciones. As\u00ed los agricultores pueden lograr mayor autonom\u00eda, estabilidad y ampliar su margen de ganancia.<\/span><\/p>\n\n<div style=\"height:10px\" aria-hidden=\"true\" class=\"wp-block-spacer\"><\/div>\n\n<p class=\"has-drop-cap\"><strong>4.<\/strong><b> Biodiversidad<\/b><\/p>\n\n<p><span style=\"font-weight: 400;\">La agroecolog\u00eda se basa en la diversidad desde la semilla hasta el paisaje. As\u00ed favorece el equilibrio de la naturaleza y la variedad en la dieta de la poblaci\u00f3n.<\/span><\/p>\n\n<div style=\"height:10px\" aria-hidden=\"true\" class=\"wp-block-spacer\"><\/div>\n\n<p class=\"has-drop-cap\"><strong>5. <\/strong><b>Protecci\u00f3n ecol\u00f3gica contra las plagas<\/b><\/p>\n\n<p><span style=\"font-weight: 400;\">La agroecolog\u00eda busca el equilibrio de los ecosistemas, as\u00ed posibilita a los agricultores el control de las plagas y malas hierbas sin el uso de agrot\u00f3xicos.<\/span><\/p>\n\n<div style=\"height:10px\" aria-hidden=\"true\" class=\"wp-block-spacer\"><\/div>\n\n<p class=\"has-drop-cap\"><strong>6.<\/strong><b> Suelos sanos<\/b><\/p>\n\n<p><span style=\"font-weight: 400;\">La agricultura ecol\u00f3gica aumenta la fertilidad del suelo al no utilizar agrot\u00f3xicos y al mismo tiempo los protege de la erosi\u00f3n, la contaminaci\u00f3n y la acidificaci\u00f3n.<\/span><\/p>\n\n<div style=\"height:10px\" aria-hidden=\"true\" class=\"wp-block-spacer\"><\/div>\n\n<p class=\"has-drop-cap\"><b>7. Sistemas alimentarios resilientes<\/b><\/p>\n\n<p><span style=\"font-weight: 400;\">La agricultura ecol\u00f3gica construye ecosistemas productivos con capacidad para adaptarse a las crisis clim\u00e1ticas y econ\u00f3micas.<\/span><\/p>\n\n<div style=\"height:10px\" aria-hidden=\"true\" class=\"wp-block-spacer\"><\/div>\n\n    <div class=\"wp-block-query posts-list p4-query-loop is-custom-layout-list is-layout-flow wp-block-query-is-layout-flow\">\n        <div class=\"wp-block-group is-content-justification-space-between is-layout-flex wp-container-core-group-is-layout-3d213aab wp-block-group-is-layout-flex\"><h2 class=\"wp-block-heading\">Art\u00edculos relacionados<\/h2>\n        <li class=\" wp-block-navigation-item see-all-link wp-block-navigation-link\"><a class=\"wp-block-navigation-item__content\"  href=\"http:\/\/www.greenpeace.org\/argentina\/news-stories\/?tag=agroecologia\"><span class=\"wp-block-navigation-item__label\">See all stories<\/span><\/a><\/li>\n        \n        <\/div>\n        \n\n    <p style=\"margin-top: 24px; margin-bottom: 36px;\">Continu\u00e1 leyendo sobre agroecolog\u00eda <\/p>\n\n    \n\n    <ul class=\"wp-block-post-template is-layout-flow wp-block-post-template-is-layout-flow\"><li class=\"wp-block-post post-32047 post type-post status-publish format-standard has-post-thumbnail hentry category-contaminacion tag-agroecologia p4-page-type-story\">\n            \n<div class=\"wp-block-columns is-layout-flex wp-container-core-columns-is-layout-9d6595d7 wp-block-columns-is-layout-flex\"><figure class=\"wp-block-post-featured-image\"><a href=\"https:\/\/www.greenpeace.org\/argentina\/story\/problemas\/contaminacion\/agrotoxicos-argentina-avanza-hacia-la-aceptacion-del-riesgo-no-hacia-su-reduccion\/\" target=\"_self\"  ><img loading=\"lazy\" decoding=\"async\" width=\"2560\" height=\"1707\" src=\"https:\/\/www.greenpeace.org\/static\/planet4-argentina-stateless\/2022\/10\/52525f4d-gpa_agrotoxicos_03-scaled.jpg\" class=\"attachment-post-thumbnail size-post-thumbnail wp-post-image wp-stateless-item\" alt=\"Agrot\u00f3xicos: Argentina avanza hacia la aceptaci\u00f3n del riesgo, no hacia su reducci\u00f3n.\" style=\"object-fit:cover;\" srcset=\"https:\/\/www.greenpeace.org\/static\/planet4-argentina-stateless\/2022\/10\/52525f4d-gpa_agrotoxicos_03-scaled.jpg 2560w, https:\/\/www.greenpeace.org\/static\/planet4-argentina-stateless\/2022\/10\/52525f4d-gpa_agrotoxicos_03-300x200.jpg 300w, https:\/\/www.greenpeace.org\/static\/planet4-argentina-stateless\/2022\/10\/52525f4d-gpa_agrotoxicos_03-1024x683.jpg 1024w, https:\/\/www.greenpeace.org\/static\/planet4-argentina-stateless\/2022\/10\/52525f4d-gpa_agrotoxicos_03-768x512.jpg 768w, https:\/\/www.greenpeace.org\/static\/planet4-argentina-stateless\/2022\/10\/52525f4d-gpa_agrotoxicos_03-1536x1024.jpg 1536w, https:\/\/www.greenpeace.org\/static\/planet4-argentina-stateless\/2022\/10\/52525f4d-gpa_agrotoxicos_03-2048x1366.jpg 2048w, https:\/\/www.greenpeace.org\/static\/planet4-argentina-stateless\/2022\/10\/52525f4d-gpa_agrotoxicos_03-510x340.jpg 510w\" sizes=\"auto, (max-width: 2560px) 100vw, 2560px\" data-image-size=\"post-thumbnail\" data-stateless-media-bucket=\"planet4-argentina-stateless\" data-stateless-media-name=\"2022\/10\/52525f4d-gpa_agrotoxicos_03-scaled.jpg\" \/><\/a><\/figure>\n\n        <div class=\"wp-block-group is-layout-flow wp-block-group-is-layout-flow\">\n        <div class=\"wp-block-group is-layout-flex wp-block-group-is-layout-flex\"><div class=\"wp-block-post-terms\"><a href=\"https:\/\/www.greenpeace.org\/argentina\/category\/problemas\/contaminacion\/\">Contaminaci\u00f3n<\/a><\/div>\n        \n        \n        <\/div>\n        \n        <h3 class=\"wp-block-post-title\"><a href=\"https:\/\/www.greenpeace.org\/argentina\/story\/problemas\/contaminacion\/agrotoxicos-argentina-avanza-hacia-la-aceptacion-del-riesgo-no-hacia-su-reduccion\/\" target=\"_self\" >Agrot\u00f3xicos: Argentina avanza hacia la aceptaci\u00f3n del riesgo, no hacia su reducci\u00f3n.<\/a><\/h3>\n        <div class=\"wp-block-post-excerpt\"><p class=\"wp-block-post-excerpt__excerpt\">Hace a\u00f1os que Greenpeace advierte que el uso masivo de glifosato y otros agrot\u00f3xicos no solo genera contaminaci\u00f3n ambiental sino que consolida un modelo de agricultura dependiente de insumos qu\u00edmicos y semillas transg\u00e9nicas. <\/p><\/div>\n        \n        <div class=\"wp-block-group posts-list-meta is-layout-flow wp-block-group-is-layout-flow\"><span class='article-list-item-author'><a href='https:\/\/www.greenpeace.org\/argentina\/author\/prensaarg\/'>Prensa Argentina<\/a><\/span>\n        <div class=\"wp-block-post-date\"><time datetime=\"2025-10-31T17:32:42-03:00\">31 octubre 2025<\/time><\/div>\n        \n        <\/div>\n        <\/div>\n        <\/div>\n\n            <\/li><li class=\"wp-block-post post-25849 post type-post status-publish format-standard has-post-thumbnail hentry category-climayenergia category-contaminacion tag-consumo tag-cambio-climatico tag-agroecologia p4-page-type-blog\">\n            \n<div class=\"wp-block-columns is-layout-flex wp-container-core-columns-is-layout-9d6595d7 wp-block-columns-is-layout-flex\"><figure class=\"wp-block-post-featured-image\"><a href=\"https:\/\/www.greenpeace.org\/argentina\/blog\/problemas\/climayenergia\/metano-todo-lo-que-tienes-que-saber-del-gas-que-calienta-nuestro-planeta\/\" target=\"_self\"  ><img loading=\"lazy\" decoding=\"async\" width=\"1024\" height=\"683\" src=\"https:\/\/www.greenpeace.org\/static\/planet4-argentina-stateless\/2024\/11\/02b8812e-ordana-vacas.jpg\" class=\"attachment-post-thumbnail size-post-thumbnail wp-post-image wp-stateless-item\" alt=\"Metano: todo lo que ten\u00e9s que saber del gas que calienta nuestro planeta\" style=\"object-fit:cover;\" srcset=\"https:\/\/www.greenpeace.org\/static\/planet4-argentina-stateless\/2024\/11\/02b8812e-ordana-vacas.jpg 1024w, https:\/\/www.greenpeace.org\/static\/planet4-argentina-stateless\/2024\/11\/02b8812e-ordana-vacas-300x200.jpg 300w, https:\/\/www.greenpeace.org\/static\/planet4-argentina-stateless\/2024\/11\/02b8812e-ordana-vacas-768x512.jpg 768w, https:\/\/www.greenpeace.org\/static\/planet4-argentina-stateless\/2024\/11\/02b8812e-ordana-vacas-510x340.jpg 510w\" sizes=\"auto, (max-width: 1024px) 100vw, 1024px\" data-image-size=\"post-thumbnail\" data-stateless-media-bucket=\"planet4-argentina-stateless\" data-stateless-media-name=\"2024\/11\/02b8812e-ordana-vacas.jpg\" \/><\/a><\/figure>\n\n        <div class=\"wp-block-group is-layout-flow wp-block-group-is-layout-flow\">\n        <div class=\"wp-block-group is-layout-flex wp-block-group-is-layout-flex\"><div class=\"wp-block-post-terms\"><a href=\"https:\/\/www.greenpeace.org\/argentina\/category\/problemas\/climayenergia\/\">Clima y Energ\u00eda<\/a><\/div>\n        \n        \n        <\/div>\n        \n        <h3 class=\"wp-block-post-title\"><a href=\"https:\/\/www.greenpeace.org\/argentina\/blog\/problemas\/climayenergia\/metano-todo-lo-que-tienes-que-saber-del-gas-que-calienta-nuestro-planeta\/\" target=\"_self\" >Metano: todo lo que ten\u00e9s que saber del gas que calienta nuestro planeta<\/a><\/h3>\n        <div class=\"wp-block-post-excerpt\"><p class=\"wp-block-post-excerpt__excerpt\">\u00bfC\u00f3mo contamina la industria global de la carne y los l\u00e1cteos? <\/p><\/div>\n        \n        <div class=\"wp-block-group posts-list-meta is-layout-flow wp-block-group-is-layout-flow\"><span class='article-list-item-author'>Meri Castro<\/span>\n        <div class=\"wp-block-post-date\"><time datetime=\"2024-11-13T11:10:38-03:00\">13 noviembre 2024<\/time><\/div>\n        \n        <\/div>\n        <\/div>\n        <\/div>\n\n            <\/li><li class=\"wp-block-post post-25487 post type-post status-publish format-standard has-post-thumbnail hentry category-contaminacion category-sustentabilidad tag-agroecologia tag-atanor p4-page-type-blog\">\n            \n<div class=\"wp-block-columns is-layout-flex wp-container-core-columns-is-layout-9d6595d7 wp-block-columns-is-layout-flex\"><figure class=\"wp-block-post-featured-image\"><a href=\"https:\/\/www.greenpeace.org\/argentina\/blog\/problemas\/contaminacion\/agroquimicos-por-que-la-agricultura-se-volvio-dependiente-a-ellos-y-que-consecuencias-trae\/\" target=\"_self\"  ><img loading=\"lazy\" decoding=\"async\" width=\"800\" height=\"533\" src=\"https:\/\/www.greenpeace.org\/static\/planet4-argentina-stateless\/2024\/09\/e212bbf3-gp0bj9_low-res-with-credit-line-800px.jpg\" class=\"attachment-post-thumbnail size-post-thumbnail wp-post-image wp-stateless-item\" alt=\"Agroqu\u00edmicos: \u00bfpor qu\u00e9 la agricultura se volvi\u00f3 dependiente de ellos y qu\u00e9 consecuencias trae?\u00a0\" style=\"object-fit:cover;\" srcset=\"https:\/\/www.greenpeace.org\/static\/planet4-argentina-stateless\/2024\/09\/e212bbf3-gp0bj9_low-res-with-credit-line-800px.jpg 800w, https:\/\/www.greenpeace.org\/static\/planet4-argentina-stateless\/2024\/09\/e212bbf3-gp0bj9_low-res-with-credit-line-800px-300x200.jpg 300w, https:\/\/www.greenpeace.org\/static\/planet4-argentina-stateless\/2024\/09\/e212bbf3-gp0bj9_low-res-with-credit-line-800px-768x512.jpg 768w, https:\/\/www.greenpeace.org\/static\/planet4-argentina-stateless\/2024\/09\/e212bbf3-gp0bj9_low-res-with-credit-line-800px-510x340.jpg 510w\" sizes=\"auto, (max-width: 800px) 100vw, 800px\" data-image-size=\"post-thumbnail\" data-stateless-media-bucket=\"planet4-argentina-stateless\" data-stateless-media-name=\"2024\/09\/e212bbf3-gp0bj9_low-res-with-credit-line-800px.jpg\" \/><\/a><\/figure>\n\n        <div class=\"wp-block-group is-layout-flow wp-block-group-is-layout-flow\">\n        <div class=\"wp-block-group is-layout-flex wp-block-group-is-layout-flex\"><div class=\"wp-block-post-terms\"><a href=\"https:\/\/www.greenpeace.org\/argentina\/category\/problemas\/contaminacion\/\">Contaminaci\u00f3n<\/a><\/div>\n        \n        \n        <\/div>\n        \n        <h3 class=\"wp-block-post-title\"><a href=\"https:\/\/www.greenpeace.org\/argentina\/blog\/problemas\/contaminacion\/agroquimicos-por-que-la-agricultura-se-volvio-dependiente-a-ellos-y-que-consecuencias-trae\/\" target=\"_self\" >Agroqu\u00edmicos: \u00bfpor qu\u00e9 la agricultura se volvi\u00f3 dependiente de ellos y qu\u00e9 consecuencias trae?\u00a0<\/a><\/h3>\n        <div class=\"wp-block-post-excerpt\"><p class=\"wp-block-post-excerpt__excerpt\">Una reflexi\u00f3n necesaria sobre c\u00f3mo producimos alimentos. <\/p><\/div>\n        \n        <div class=\"wp-block-group posts-list-meta is-layout-flow wp-block-group-is-layout-flow\"><span class='article-list-item-author'>Meri Castro<\/span>\n        <div class=\"wp-block-post-date\"><time datetime=\"2024-09-19T11:35:26-03:00\">19 septiembre 2024<\/time><\/div>\n        \n        <\/div>\n        <\/div>\n        <\/div>\n\n            <\/li><\/ul>\n\n    \n<div class=\"wp-block-buttons carousel-controls is-horizontal is-content-justification-space-between is-nowrap is-layout-flex wp-container-core-buttons-is-layout-044bd602 wp-block-buttons-is-layout-flex\">\n            <div class=\"wp-block-button carousel-control-prev\"><button type=\"button\" class=\"wp-block-button__link wp-element-button\">Prev<\/button><\/div>\n        \n\n            <div class=\"wp-block-button carousel-control-next\"><button type=\"button\" class=\"wp-block-button__link wp-element-button\">Next<\/button><\/div>\n        <\/div>\n\n\n    <li class=\" wp-block-navigation-item see-all-link wp-block-navigation-link\"><a class=\"wp-block-navigation-item__content\"  href=\"http:\/\/www.greenpeace.org\/argentina\/news-stories\/?tag=agroecologia\"><span class=\"wp-block-navigation-item__label\">See all stories<\/span><\/a><\/li><\/div>\n    ","protected":false},"excerpt":{"rendered":"<p>La agroecolog\u00eda contribuye al desarrollo del campo y garantiza un medio de vida seguro, sano y econ\u00f3micamente viable.<\/p>\n","protected":false},"author":19,"featured_media":13167,"parent":0,"menu_order":0,"comment_status":"closed","ping_status":"closed","template":"","meta":{"ep_exclude_from_search":false,"p4_hide_page_title_checkbox":"on","p4_title":"","p4_subtitle":"","p4_description":"","background_image_id":"","background_image":"","p4_button_title":"","p4_button_link":"","p4_button_link_checkbox":"","p4_og_title":"","p4_og_description":"","p4_og_image":"","p4_og_image_id":"","p4_seo_canonical_url":"","p4_campaign_name":"not set","p4_local_project":"not set","p4_basket_name":"not set","p4_department":"","footnotes":""},"categories":[2],"tags":[33],"class_list":["post-890","page","type-page","status-publish","has-post-thumbnail","hentry","category-bosques","tag-agroecologia"],"_links":{"self":[{"href":"https:\/\/www.greenpeace.org\/argentina\/wp-json\/wp\/v2\/pages\/890","targetHints":{"allow":["GET"]}}],"collection":[{"href":"https:\/\/www.greenpeace.org\/argentina\/wp-json\/wp\/v2\/pages"}],"about":[{"href":"https:\/\/www.greenpeace.org\/argentina\/wp-json\/wp\/v2\/types\/page"}],"author":[{"embeddable":true,"href":"https:\/\/www.greenpeace.org\/argentina\/wp-json\/wp\/v2\/users\/19"}],"replies":[{"embeddable":true,"href":"https:\/\/www.greenpeace.org\/argentina\/wp-json\/wp\/v2\/comments?post=890"}],"version-history":[{"count":20,"href":"https:\/\/www.greenpeace.org\/argentina\/wp-json\/wp\/v2\/pages\/890\/revisions"}],"predecessor-version":[{"id":31810,"href":"https:\/\/www.greenpeace.org\/argentina\/wp-json\/wp\/v2\/pages\/890\/revisions\/31810"}],"wp:featuredmedia":[{"embeddable":true,"href":"https:\/\/www.greenpeace.org\/argentina\/wp-json\/wp\/v2\/media\/13167"}],"wp:attachment":[{"href":"https:\/\/www.greenpeace.org\/argentina\/wp-json\/wp\/v2\/media?parent=890"}],"wp:term":[{"taxonomy":"category","embeddable":true,"href":"https:\/\/www.greenpeace.org\/argentina\/wp-json\/wp\/v2\/categories?post=890"},{"taxonomy":"post_tag","embeddable":true,"href":"https:\/\/www.greenpeace.org\/argentina\/wp-json\/wp\/v2\/tags?post=890"}],"curies":[{"name":"wp","href":"https:\/\/api.w.org\/{rel}","templated":true}]}}