{"id":893,"date":"2019-01-30T20:02:03","date_gmt":"2019-01-30T20:02:03","guid":{"rendered":"https:\/\/www.greenpeace.org\/argentina\/?page_id=893"},"modified":"2024-03-26T08:38:58","modified_gmt":"2024-03-26T11:38:58","slug":"que-es-un-transgenico","status":"publish","type":"page","link":"https:\/\/www.greenpeace.org\/argentina\/que-es-un-transgenico\/","title":{"rendered":"\u00bfQu\u00e9 es un transg\u00e9nico?"},"content":{"rendered":"\n                    <div class=\"wp-block-group is-vertical is-layout-flex wp-container-core-group-is-layout-8cf370e7 wp-block-group-is-layout-flex\">\n                    \n\n                    \n                    <\/div>\n                    \n<p><span style=\"font-weight: 400;\">Un transg\u00e9nico (organismo gen\u00e9ticamente modificado &#8211; OGM) es un ser vivo creado artificialmente a trav\u00e9s de una t\u00e9cnica que permite insertar genes de virus, bacterias, vegetales, animales e incluso de humanos a una planta o a un animal. <\/span><\/p>\n\n<p><span style=\"font-weight: 400;\">Por ejemplo, los biotecn\u00f3logos pueden tomar el gen de una bacteria e insertarla en el ma\u00edz. As\u00ed crean un organismo vivo completamente nuevo con el fin de producir una sustancia insecticida. Tambi\u00e9n, es posible introducirle un gen para que sea resistente a herbicidas.<\/span><\/p>\n\n<p><span style=\"font-weight: 400;\">Esta t\u00e9cnica permite a los biotecn\u00f3logos saltarse la selecci\u00f3n natural al intercambiar genes entre especies, e incluso reinos, que naturalmente no podr\u00edan cruzarse. <\/span><\/p>\n\n<p><span style=\"font-weight: 400;\">El objetivo de la biotecnolog\u00eda aplicada a la agricultura es controlar la producci\u00f3n de alimentos, con el fin de lograr mayores ganancias para empresas como Bayer-Monsanto, Syngenta, DuPont-Pioneer y Dow AgroSciences. Al desarrollar estos organismos tratan de dominar los granos b\u00e1sicos que alimentan a la humanidad: ma\u00edz, soja, canola, algod\u00f3n, sorgo, arroz y trigo.<\/span><\/p>\n\n<p><span style=\"font-weight: 400;\">En 2015, m\u00e1s de 300 investigadores independientes firmaron un posicionamiento conjunto en el que determinaron que no exist\u00eda un consenso cient\u00edfico sobre la seguridad de los cultivos transg\u00e9nicos y ped\u00edan que, por seguridad, se evaluara caso por caso.<\/span><\/p>\n","protected":false},"excerpt":{"rendered":"<p>Un transg\u00e9nico (organismo gen\u00e9ticamente modificado &#8211; OGM) es un ser vivo creado artificialmente a trav\u00e9s de una t\u00e9cnica que permite insertar genes de virus, bacterias, vegetales, animales e incluso de humanos a una planta o a un animal. Por ejemplo, los biotecn\u00f3logos pueden tomar el gen de una bacteria e insertarla en el ma\u00edz. As\u00ed [&hellip;]<\/p>\n","protected":false},"author":19,"featured_media":0,"parent":0,"menu_order":0,"comment_status":"closed","ping_status":"closed","template":"","meta":{"ep_exclude_from_search":false,"p4_hide_page_title_checkbox":"","p4_title":"","p4_subtitle":"","p4_description":"","background_image_id":"","background_image":"","p4_button_title":"","p4_button_link":"","p4_button_link_checkbox":"","p4_og_title":"","p4_og_description":"","p4_og_image":"","p4_og_image_id":"","p4_seo_canonical_url":"","p4_campaign_name":"not set","p4_local_project":"not set","p4_basket_name":"not set","p4_department":"","footnotes":""},"categories":[],"tags":[],"class_list":["post-893","page","type-page","status-publish","hentry"],"_links":{"self":[{"href":"https:\/\/www.greenpeace.org\/argentina\/wp-json\/wp\/v2\/pages\/893","targetHints":{"allow":["GET"]}}],"collection":[{"href":"https:\/\/www.greenpeace.org\/argentina\/wp-json\/wp\/v2\/pages"}],"about":[{"href":"https:\/\/www.greenpeace.org\/argentina\/wp-json\/wp\/v2\/types\/page"}],"author":[{"embeddable":true,"href":"https:\/\/www.greenpeace.org\/argentina\/wp-json\/wp\/v2\/users\/19"}],"replies":[{"embeddable":true,"href":"https:\/\/www.greenpeace.org\/argentina\/wp-json\/wp\/v2\/comments?post=893"}],"version-history":[{"count":6,"href":"https:\/\/www.greenpeace.org\/argentina\/wp-json\/wp\/v2\/pages\/893\/revisions"}],"predecessor-version":[{"id":23455,"href":"https:\/\/www.greenpeace.org\/argentina\/wp-json\/wp\/v2\/pages\/893\/revisions\/23455"}],"wp:attachment":[{"href":"https:\/\/www.greenpeace.org\/argentina\/wp-json\/wp\/v2\/media?parent=893"}],"wp:term":[{"taxonomy":"category","embeddable":true,"href":"https:\/\/www.greenpeace.org\/argentina\/wp-json\/wp\/v2\/categories?post=893"},{"taxonomy":"post_tag","embeddable":true,"href":"https:\/\/www.greenpeace.org\/argentina\/wp-json\/wp\/v2\/tags?post=893"}],"curies":[{"name":"wp","href":"https:\/\/api.w.org\/{rel}","templated":true}]}}