{"id":973,"date":"2019-02-04T15:01:56","date_gmt":"2019-02-04T15:01:56","guid":{"rendered":"https:\/\/www.greenpeace.org\/argentina\/?page_id=973"},"modified":"2026-02-05T15:07:13","modified_gmt":"2026-02-05T18:07:13","slug":"contacto","status":"publish","type":"page","link":"https:\/\/www.greenpeace.org\/argentina\/contacto\/","title":{"rendered":"Contacto"},"content":{"rendered":"\n<h3 class=\"wp-block-heading\"><b>Greenpeace en Argentina<\/b><\/h3>\n\n<p><span style=\"font-weight: 400;\">Escribinos a <\/span><strong><a href=\"mailto:ciberactivistas@infogreenpeace.org\" target=\"_blank\" rel=\"noreferrer noopener\">ciberactivistas@infogreenpeace.org<\/a><\/strong><\/p>\n\n<p>Si quer\u00e9s asociarte a Greenpeace y unirte a la defensa del medioambiente, <strong><a href=\"https:\/\/app.greenpeace.org.ar\/coupon\/regular\/forms\/registration?utm_source=web&amp;utm_medium=hub&amp;utm_content=Web_hub_Contacto&amp;utm_term=todos&amp;utm_campaign=FR\" target=\"_blank\" rel=\"noreferrer noopener\">complet\u00e1 el formulario online en dos simples pasos.<\/a><\/strong><\/p>\n\n<h4 class=\"wp-block-heading\"><b>Atenci\u00f3n exclusiva a <b>socios <\/b>y socias<\/b><\/h4>\n\n<p><span style=\"font-weight: 400;\">Envianos tu mensaje a <\/span><strong><a href=\"mailto:socios@greenpeace.ar\" target=\"_blank\" rel=\"noreferrer noopener\">socios@infogreenpeace.org<\/a><\/strong><\/p>\n\n<h4 class=\"wp-block-heading\"><strong>Atenci\u00f3n general<\/strong><b> <\/b><\/h4>\n\n<p>Llamanos al <strong>\u00a0<strong>0-800-342-1010<\/strong>\u00a0<\/strong> de lunes a viernes de 10 a 18h.<\/p>\n\n<h4 class=\"wp-block-heading\"><strong>Nuestra oficina<\/strong><\/h4>\n\n<p><\/p>\n\n<p><em>Importante: actualmente no contamos con atenci\u00f3n presencial, pero pod\u00e9s contactarnos por mail o tel\u00e9fono.<\/em><\/p>\n\n<h2 class=\"wp-block-heading\"><span style=\"font-weight: 400;\"><br><\/span><\/h2>\n\n<p><span style=\"font-weight: 400;\"><\/span><\/p>\n","protected":false},"excerpt":{"rendered":"<p>Greenpeace en Argentina Escribinos a ciberactivistas@infogreenpeace.org Si quer\u00e9s asociarte a Greenpeace y unirte a la defensa del medioambiente, complet\u00e1 el formulario online en dos simples pasos. Atenci\u00f3n exclusiva a socios y socias Envianos tu mensaje a socios@infogreenpeace.org Atenci\u00f3n general Llamanos al \u00a00-800-342-1010\u00a0 de lunes a viernes de 10 a 18h. Nuestra oficina Importante: actualmente no [&hellip;]<\/p>\n","protected":false},"author":19,"featured_media":15439,"parent":0,"menu_order":0,"comment_status":"closed","ping_status":"closed","template":"","meta":{"ep_exclude_from_search":false,"p4_hide_page_title_checkbox":"","p4_title":"","p4_subtitle":"","p4_description":"","background_image_id":"","background_image":"","p4_button_title":"","p4_button_link":"","p4_button_link_checkbox":"","p4_og_title":"","p4_og_description":"","p4_og_image":"","p4_og_image_id":"","p4_seo_canonical_url":"","p4_campaign_name":"not set","p4_local_project":"not set","p4_basket_name":"not set","p4_department":"","footnotes":""},"categories":[],"tags":[],"class_list":["post-973","page","type-page","status-publish","has-post-thumbnail","hentry"],"_links":{"self":[{"href":"https:\/\/www.greenpeace.org\/argentina\/wp-json\/wp\/v2\/pages\/973","targetHints":{"allow":["GET"]}}],"collection":[{"href":"https:\/\/www.greenpeace.org\/argentina\/wp-json\/wp\/v2\/pages"}],"about":[{"href":"https:\/\/www.greenpeace.org\/argentina\/wp-json\/wp\/v2\/types\/page"}],"author":[{"embeddable":true,"href":"https:\/\/www.greenpeace.org\/argentina\/wp-json\/wp\/v2\/users\/19"}],"replies":[{"embeddable":true,"href":"https:\/\/www.greenpeace.org\/argentina\/wp-json\/wp\/v2\/comments?post=973"}],"version-history":[{"count":20,"href":"https:\/\/www.greenpeace.org\/argentina\/wp-json\/wp\/v2\/pages\/973\/revisions"}],"predecessor-version":[{"id":32858,"href":"https:\/\/www.greenpeace.org\/argentina\/wp-json\/wp\/v2\/pages\/973\/revisions\/32858"}],"wp:featuredmedia":[{"embeddable":true,"href":"https:\/\/www.greenpeace.org\/argentina\/wp-json\/wp\/v2\/media\/15439"}],"wp:attachment":[{"href":"https:\/\/www.greenpeace.org\/argentina\/wp-json\/wp\/v2\/media?parent=973"}],"wp:term":[{"taxonomy":"category","embeddable":true,"href":"https:\/\/www.greenpeace.org\/argentina\/wp-json\/wp\/v2\/categories?post=973"},{"taxonomy":"post_tag","embeddable":true,"href":"https:\/\/www.greenpeace.org\/argentina\/wp-json\/wp\/v2\/tags?post=973"}],"curies":[{"name":"wp","href":"https:\/\/api.w.org\/{rel}","templated":true}]}}