{"id":1813,"date":"2019-02-15T11:58:19","date_gmt":"2019-02-15T10:58:19","guid":{"rendered":"https:\/\/www.greenpeace.org\/belgium\/?page_id=1813"},"modified":"2025-02-18T15:57:19","modified_gmt":"2025-02-18T14:57:19","slug":"contact","status":"publish","type":"page","link":"https:\/\/www.greenpeace.org\/belgium\/fr\/contact\/","title":{"rendered":"Nous contacter"},"content":{"rendered":"\n<div style=\"height:50px\" aria-hidden=\"true\" class=\"wp-block-spacer\"><\/div>\n\n<div class=\"wp-block-group is-nowrap is-layout-flex wp-container-core-group-is-layout-ad2f72ca wp-block-group-is-layout-flex\">\n<figure class=\"wp-block-image alignleft size-full is-resized\"><img loading=\"lazy\" decoding=\"async\" width=\"512\" height=\"512\" src=\"https:\/\/www.greenpeace.org\/static\/planet4-belgium-stateless\/2023\/09\/eb81e1eb-greenpeace-belgique-contact-pictogramme.png\" alt=\"\" class=\"wp-image-53575\" style=\"width:65px;height:65px\" srcset=\"https:\/\/www.greenpeace.org\/static\/planet4-belgium-stateless\/2023\/09\/eb81e1eb-greenpeace-belgique-contact-pictogramme.png 512w, https:\/\/www.greenpeace.org\/static\/planet4-belgium-stateless\/2023\/09\/eb81e1eb-greenpeace-belgique-contact-pictogramme-300x300.png 300w, https:\/\/www.greenpeace.org\/static\/planet4-belgium-stateless\/2023\/09\/eb81e1eb-greenpeace-belgique-contact-pictogramme-150x150.png 150w, https:\/\/www.greenpeace.org\/static\/planet4-belgium-stateless\/2023\/09\/eb81e1eb-greenpeace-belgique-contact-pictogramme-340x340.png 340w\" sizes=\"auto, (max-width: 512px) 100vw, 512px\" \/><\/figure>\n\n\n\n<h2 class=\"wp-block-heading\"><mark style=\"background-color:#ffe100\" class=\"has-inline-color has-grey-900-color\">NOUS CONTACTER<\/mark><\/h2>\n\n\n\n<p><\/p>\n\n\n\n<h2 class=\"wp-block-heading\"><\/h2>\n<\/div>\n\n<p>Vous avez des questions sp\u00e9cifiques \u00e0 propos des dons, des moyens de paiement en ligne ou encore de votre attestation fiscale ? Consultez <a href=\"https:\/\/www.greenpeace.org\/belgium\/fr\/faq\/\">notre foire aux questions<\/a> ou contactez-nous via le formulaire ci-dessous.<\/p>\n\n<div style=\"height:50px\" aria-hidden=\"true\" class=\"wp-block-spacer\"><\/div>\n\n<div class=\"wp-block-columns is-layout-flex wp-container-core-columns-is-layout-9d6595d7 wp-block-columns-is-layout-flex\">\n<div class=\"wp-block-column is-layout-flow wp-block-column-is-layout-flow\" style=\"flex-basis:66.66%\"><script type=\"text\/javascript\">\n\/* <![CDATA[ *\/\nvar gform;gform||(document.addEventListener(\"gform_main_scripts_loaded\",function(){gform.scriptsLoaded=!0}),document.addEventListener(\"gform\/theme\/scripts_loaded\",function(){gform.themeScriptsLoaded=!0}),window.addEventListener(\"DOMContentLoaded\",function(){gform.domLoaded=!0}),gform={domLoaded:!1,scriptsLoaded:!1,themeScriptsLoaded:!1,isFormEditor:()=>\"function\"==typeof InitializeEditor,callIfLoaded:function(o){return!(!gform.domLoaded||!gform.scriptsLoaded||!gform.themeScriptsLoaded&&!gform.isFormEditor()||(gform.isFormEditor()&&console.warn(\"The use of gform.initializeOnLoaded() is deprecated in the form editor context and will be removed in Gravity Forms 3.1.\"),o(),0))},initializeOnLoaded:function(o){gform.callIfLoaded(o)||(document.addEventListener(\"gform_main_scripts_loaded\",()=>{gform.scriptsLoaded=!0,gform.callIfLoaded(o)}),document.addEventListener(\"gform\/theme\/scripts_loaded\",()=>{gform.themeScriptsLoaded=!0,gform.callIfLoaded(o)}),window.addEventListener(\"DOMContentLoaded\",()=>{gform.domLoaded=!0,gform.callIfLoaded(o)}))},hooks:{action:{},filter:{}},addAction:function(o,r,e,t){gform.addHook(\"action\",o,r,e,t)},addFilter:function(o,r,e,t){gform.addHook(\"filter\",o,r,e,t)},doAction:function(o){gform.doHook(\"action\",o,arguments)},applyFilters:function(o){return gform.doHook(\"filter\",o,arguments)},removeAction:function(o,r){gform.removeHook(\"action\",o,r)},removeFilter:function(o,r,e){gform.removeHook(\"filter\",o,r,e)},addHook:function(o,r,e,t,n){null==gform.hooks[o][r]&&(gform.hooks[o][r]=[]);var d=gform.hooks[o][r];null==n&&(n=r+\"_\"+d.length),gform.hooks[o][r].push({tag:n,callable:e,priority:t=null==t?10:t})},doHook:function(r,o,e){var t;if(e=Array.prototype.slice.call(e,1),null!=gform.hooks[r][o]&&((o=gform.hooks[r][o]).sort(function(o,r){return o.priority-r.priority}),o.forEach(function(o){\"function\"!=typeof(t=o.callable)&&(t=window[t]),\"action\"==r?t.apply(null,e):e[0]=t.apply(null,e)})),\"filter\"==r)return e[0]},removeHook:function(o,r,t,n){var e;null!=gform.hooks[o][r]&&(e=(e=gform.hooks[o][r]).filter(function(o,r,e){return!!(null!=n&&n!=o.tag||null!=t&&t!=o.priority)}),gform.hooks[o][r]=e)}});\n\/* ]]> *\/\n<\/script>\n\n                <div class='gf_browser_gecko gform_wrapper gravity-theme gform-theme--no-framework' data-form-theme='gravity-theme' data-form-index='0' id='gform_wrapper_6' style='display:none'><div id='gf_6' class='gform_anchor' tabindex='-1'><\/div>\n                        <div class='gform_heading'>\n\t\t\t\t\t\t\t<p class='gform_required_legend'>&quot;<span class=\"gfield_required gfield_required_asterisk\">*<\/span>&quot; indicates required fields<\/p>\n                        <\/div><form method='post' enctype='multipart\/form-data' target='gform_ajax_frame_6' id='gform_6'  action='\/belgium\/fr\/wp-json\/wp\/v2\/pages\/1813#gf_6' data-formid='6' novalidate>\n                        <div class='gform-body gform_body'><div id='gform_fields_6' class='gform_fields top_label form_sublabel_below description_below validation_below'><fieldset id=\"field_6_1\" class=\"gfield gfield--type-name gfield_contains_required field_sublabel_below gfield--no-description field_description_below field_validation_below gfield_visibility_visible\"  ><legend class='gfield_label gform-field-label gfield_label_before_complex' >Nom<span class=\"gfield_required\"><span class=\"gfield_required gfield_required_asterisk\">*<\/span><\/span><\/legend><div class='ginput_complex ginput_container ginput_container--name no_prefix has_first_name no_middle_name has_last_name no_suffix gf_name_has_2 ginput_container_name gform-grid-row' id='input_6_1'>\n                            \n                            <span id='input_6_1_3_container' class='name_first gform-grid-col gform-grid-col--size-auto' >\n                                                    <input type='text' name='input_1.3' id='input_6_1_3' value=''   aria-required='true'     \/>\n                                                    <label for='input_6_1_3' class='gform-field-label gform-field-label--type-sub '>Nom<\/label>\n                                                <\/span>\n                            \n                            <span id='input_6_1_6_container' class='name_last gform-grid-col gform-grid-col--size-auto' >\n                                                    <input type='text' name='input_1.6' id='input_6_1_6' value=''   aria-required='true'     \/>\n                                                    <label for='input_6_1_6' class='gform-field-label gform-field-label--type-sub '>Pr\u00e9nom<\/label>\n                                                <\/span>\n                            \n                        <\/div><\/fieldset><div id=\"field_6_3\" class=\"gfield gfield--type-email gfield--width-full gfield_contains_required field_sublabel_below gfield--no-description field_description_below field_validation_below gfield_visibility_visible\"  ><label class='gfield_label gform-field-label' for='input_6_3'>Email<span class=\"gfield_required\"><span class=\"gfield_required gfield_required_asterisk\">*<\/span><\/span><\/label><div class='ginput_container ginput_container_email'>\n                            <input name='input_3' id='input_6_3' type='email' value='' class='large'    aria-required=\"true\" aria-invalid=\"false\"  \/>\n                        <\/div><\/div><div id=\"field_6_4\" class=\"gfield gfield--type-phone gfield--width-full field_sublabel_below gfield--no-description field_description_below field_validation_below gfield_visibility_visible\"  ><label class='gfield_label gform-field-label' for='input_6_4'>T\u00e9l\u00e9phone<\/label><div class='ginput_container ginput_container_phone'><input name='input_4' id='input_6_4' type='tel' value='' class='large'    aria-invalid=\"false\"   \/><\/div><\/div><div id=\"field_6_5\" class=\"gfield gfield--type-select gfield--width-full gfield_contains_required field_sublabel_below gfield--no-description field_description_below field_validation_below gfield_visibility_visible\"  ><label class='gfield_label gform-field-label' for='input_6_5'>A propos<span class=\"gfield_required\"><span class=\"gfield_required gfield_required_asterisk\">*<\/span><\/span><\/label><div class='ginput_container ginput_container_select'><select name='input_5' id='input_6_5' class='large gfield_select'    aria-required=\"true\" aria-invalid=\"false\" ><option value='Mes informations' >Mes informations<\/option><option value='Mon don' >Mon don<\/option><option value='Campagnes &amp; communications' >Campagnes &amp; communications<\/option><option value='Autre' >Autre<\/option><\/select><\/div><\/div><div id=\"field_6_8\" class=\"gfield gfield--type-select gfield--width-full field_sublabel_below gfield--no-description field_description_below field_validation_below gfield_visibility_visible\"  ><label class='gfield_label gform-field-label' for='input_6_8'>Mon don<\/label><div class='ginput_container ginput_container_select'><select name='input_8' id='input_6_8' class='large gfield_select'     aria-invalid=\"false\" ><option value='Je souhaite faire un don' >Je souhaite faire un don<\/option><option value='Je souhaite modifier mon num\u00e9ro de compte en banque' >Je souhaite modifier mon num\u00e9ro de compte en banque<\/option><option value='Je souhaite modifier le montant de mon don' >Je souhaite modifier le montant de mon don<\/option><option value='J&#039;ai n&#039;ai pas re\u00e7u de confirmation de mon don' >J&#039;ai n&#039;ai pas re\u00e7u de confirmation de mon don<\/option><option value='Je souhaite changer mon don' >Je souhaite changer mon don<\/option><option value='Autre' >Autre<\/option><\/select><\/div><\/div><div id=\"field_6_9\" class=\"gfield gfield--type-select gfield--width-full field_sublabel_below gfield--no-description field_description_below field_validation_below gfield_visibility_visible\"  ><label class='gfield_label gform-field-label' for='input_6_9'>Mes informations<\/label><div class='ginput_container ginput_container_select'><select name='input_9' id='input_6_9' class='large gfield_select'     aria-invalid=\"false\" ><option value='Je souhaite obtenir mon attestation fiscale' >Je souhaite obtenir mon attestation fiscale<\/option><option value='Je souhaite modifier mon adresse postale' >Je souhaite modifier mon adresse postale<\/option><option value='Je souhaite modifier mon adresse email' >Je souhaite modifier mon adresse email<\/option><option value='Je souhaite consulter \/ modifier mes donn\u00e9es' >Je souhaite consulter \/ modifier mes donn\u00e9es<\/option><option value='Autre' >Autre<\/option><\/select><\/div><\/div><div id=\"field_6_10\" class=\"gfield gfield--type-select gfield--width-full field_sublabel_below gfield--no-description field_description_below field_validation_below gfield_visibility_visible\"  ><label class='gfield_label gform-field-label' for='input_6_10'>Campagnes &amp; communications<\/label><div class='ginput_container ginput_container_select'><select name='input_10' id='input_6_10' class='large gfield_select'     aria-invalid=\"false\" ><option value='J&#039;ai une question au sujet d&#039;une campagne de Greenpeace' >J&#039;ai une question au sujet d&#039;une campagne de Greenpeace<\/option><option value='J&#039;ai une question sur votre campagne de telemarketing' >J&#039;ai une question sur votre campagne de telemarketing<\/option><option value='J&#039;ai une question sur votre campagne de recrutement en rue' >J&#039;ai une question sur votre campagne de recrutement en rue<\/option><option value='Je souhaite recevoir les communications de Greenpeace' >Je souhaite recevoir les communications de Greenpeace<\/option><option value='J&#039;ai re\u00e7u des communications que je ne souhaitais pas' >J&#039;ai re\u00e7u des communications que je ne souhaitais pas<\/option><option value='Je souhaite en faire plus pour Greenpeace' >Je souhaite en faire plus pour Greenpeace<\/option><option value='Autre' >Autre<\/option><\/select><\/div><\/div><div id=\"field_6_13\" class=\"gfield gfield--type-text gfield--width-full field_sublabel_below gfield--no-description field_description_below field_validation_below gfield_visibility_visible\"  ><label class='gfield_label gform-field-label' for='input_6_13'>Sujet<\/label><div class='ginput_container ginput_container_text'><input name='input_13' id='input_6_13' type='text' value='' class='large'      aria-invalid=\"false\"   \/><\/div><\/div><div id=\"field_6_11\" class=\"gfield gfield--type-textarea gfield--width-full field_sublabel_below gfield--no-description field_description_below field_validation_below gfield_visibility_visible\"  ><label class='gfield_label gform-field-label' for='input_6_11'>Votre mail<\/label><div class='ginput_container ginput_container_textarea'><textarea name='input_11' id='input_6_11' class='textarea large'      aria-invalid=\"false\"   rows='10' cols='50'><\/textarea><\/div><\/div><fieldset id=\"field_6_12\" class=\"gfield gfield--type-radio gfield--type-choice gfield--width-full gfield_contains_required field_sublabel_below gfield--no-description field_description_below field_validation_below gfield_visibility_visible custom-control\"  data-field-class=\"custom-control\" ><legend class='gfield_label gform-field-label' >En soumettant ce formulaire, vous acceptez que nous gardions vos coordonn\u00e9es enregistr\u00e9es dans le seul but de reprendre contact avec vous. Vos coordonn\u00e9es sont trait\u00e9es avec la plus grande confidentialit\u00e9 et ne seront pas divulgu\u00e9es \u00e0 des tiers (sauf si nous y sommes tenus par la loi). Vos coordonn\u00e9es seront supprim\u00e9es apr\u00e8s 6 mois et peuvent \u00eatre imm\u00e9diatement supprim\u00e9es \u00e0 votre demande.<span class=\"gfield_required\"><span class=\"gfield_required gfield_required_asterisk\">*<\/span><\/span><\/legend><div class='ginput_container ginput_container_radio'><div class='gfield_radio' id='input_6_12'>\n\t\t\t<div class='gchoice gchoice_6_12_0'>\n\t\t\t\t\t<input class='gfield-choice-input' name='input_12' type='radio' value='Je suis d&#039;accord'  id='choice_6_12_0' onchange='gformToggleRadioOther( this )'    \/>\n\t\t\t\t\t<label for='choice_6_12_0' id='label_6_12_0' class='gform-field-label gform-field-label--type-inline'>Je suis d&rsquo;accord<\/label>\n\t\t\t<\/div><\/div><\/div><\/fieldset><\/div><\/div>\n        <div class='gform-footer gform_footer top_label'> <input type='submit' id='gform_submit_button_6' class='gform_button button' onclick='gform.submission.handleButtonClick(this);' data-submission-type='submit' value='Envoyer'  \/> <input type='hidden' name='gform_ajax' value='form_id=6&amp;title=&amp;description=&amp;tabindex=0&amp;theme=gravity-theme&amp;styles={&quot;inputPrimaryColor&quot;:&quot;#204ce5&quot;}&amp;hash=84718c33605ab5a08ea97db7705d57e6' \/>\n            <input type='hidden' class='gform_hidden' name='gform_submission_method' data-js='gform_submission_method_6' value='iframe' \/>\n            <input type='hidden' class='gform_hidden' name='gform_theme' data-js='gform_theme_6' id='gform_theme_6' value='gravity-theme' \/>\n            <input type='hidden' class='gform_hidden' name='gform_style_settings' data-js='gform_style_settings_6' id='gform_style_settings_6' value='{&quot;inputPrimaryColor&quot;:&quot;#204ce5&quot;}' \/>\n            <input type='hidden' class='gform_hidden' name='is_submit_6' value='1' \/>\n            <input type='hidden' class='gform_hidden' name='gform_submit' value='6' \/>\n            \n            <input type='hidden' class='gform_hidden' name='gform_currency' data-currency='EUR' value='dXdfj3eQ358lJ6go4EOqqShiCGLDQUlYSNsp8l6YzwXQ4xtCaqflwFeSklyKhIt5xf6vz8DGqSyOrT+laDJY3QuLj\/Gnl4Fu+02fvsaTM+xQRs0=' \/>\n            <input type='hidden' class='gform_hidden' name='gform_unique_id' value='' \/>\n            <input type='hidden' class='gform_hidden' name='state_6' value='WyJ7XCIxMlwiOltcImIwNTAwMmZlZWEyMmEwMDkzMzRmNzY3MWFhOGIxNmU5XCJdfSIsIjk2MWI5NmQyOGYwNTA3MDQ1YzkzN2ExNDE3Y2JhN2M0Il0=' \/>\n            <input type='hidden' autocomplete='off' class='gform_hidden' name='gform_target_page_number_6' id='gform_target_page_number_6' value='0' \/>\n            <input type='hidden' autocomplete='off' class='gform_hidden' name='gform_source_page_number_6' id='gform_source_page_number_6' value='1' \/>\n            <input type='hidden' name='gform_field_values' value='' \/>\n            \n        <\/div>\n                        <p style=\"display: none !important;\" class=\"akismet-fields-container\" data-prefix=\"ak_\"><label>&#916;<textarea name=\"ak_hp_textarea\" cols=\"45\" rows=\"8\" maxlength=\"100\"><\/textarea><\/label><input type=\"hidden\" id=\"ak_js_1\" name=\"ak_js\" value=\"137\"\/><script>document.getElementById( \"ak_js_1\" ).setAttribute( \"value\", ( new Date() ).getTime() );<\/script><\/p><\/form>\n                        <\/div>\n\t\t                <iframe style='display:none;width:0px;height:0px;' src='about:blank' name='gform_ajax_frame_6' id='gform_ajax_frame_6' title='This iframe contains the logic required to handle Ajax powered Gravity Forms.'><\/iframe>\n\t\t                <script type=\"text\/javascript\">\n\/* <![CDATA[ *\/\n gform.initializeOnLoaded( function() {gformInitSpinner( 6, 'https:\/\/www.greenpeace.org\/belgium\/wp-content\/plugins\/gravityforms\/images\/spinner.svg', true );jQuery('#gform_ajax_frame_6').on('load',function(){var contents = jQuery(this).contents().find('*').html();var is_postback = contents.indexOf('GF_AJAX_POSTBACK') >= 0;if(!is_postback){return;}var form_content = jQuery(this).contents().find('#gform_wrapper_6');var is_confirmation = jQuery(this).contents().find('#gform_confirmation_wrapper_6').length > 0;var is_redirect = contents.indexOf('gformRedirect(){') >= 0;var is_form = form_content.length > 0 && ! is_redirect && ! is_confirmation;var mt = parseInt(jQuery('html').css('margin-top'), 10) + parseInt(jQuery('body').css('margin-top'), 10) + 100;if(is_form){form_content.find('form').css('opacity', 0);jQuery('#gform_wrapper_6').html(form_content.html());if(form_content.hasClass('gform_validation_error')){jQuery('#gform_wrapper_6').addClass('gform_validation_error');} else {jQuery('#gform_wrapper_6').removeClass('gform_validation_error');}setTimeout( function() { \/* delay the scroll by 50 milliseconds to fix a bug in chrome *\/ jQuery(document).scrollTop(jQuery('#gform_wrapper_6').offset().top - mt); }, 50 );if(window['gformInitDatepicker']) {gformInitDatepicker();}if(window['gformInitPriceFields']) {gformInitPriceFields();}var current_page = jQuery('#gform_source_page_number_6').val();gformInitSpinner( 6, 'https:\/\/www.greenpeace.org\/belgium\/wp-content\/plugins\/gravityforms\/images\/spinner.svg', true );jQuery(document).trigger('gform_page_loaded', [6, current_page]);window['gf_submitting_6'] = false;}else if(!is_redirect){var confirmation_content = jQuery(this).contents().find('.GF_AJAX_POSTBACK').html();if(!confirmation_content){confirmation_content = contents;}jQuery('#gform_wrapper_6').replaceWith(confirmation_content);jQuery(document).scrollTop(jQuery('#gf_6').offset().top - mt);jQuery(document).trigger('gform_confirmation_loaded', [6]);window['gf_submitting_6'] = false;wp.a11y.speak(jQuery('#gform_confirmation_message_6').text());}else{jQuery('#gform_6').append(contents);if(window['gformRedirect']) {gformRedirect();}}jQuery(document).trigger(\"gform_pre_post_render\", [{ formId: \"6\", currentPage: \"current_page\", abort: function() { this.preventDefault(); } }]);        if (event && event.defaultPrevented) {                return;        }        const gformWrapperDiv = document.getElementById( \"gform_wrapper_6\" );        if ( gformWrapperDiv ) {            const visibilitySpan = document.createElement( \"span\" );            visibilitySpan.id = \"gform_visibility_test_6\";            gformWrapperDiv.insertAdjacentElement( \"afterend\", visibilitySpan );        }        const visibilityTestDiv = document.getElementById( \"gform_visibility_test_6\" );        let postRenderFired = false;        function triggerPostRender() {            if ( postRenderFired ) {                return;            }            postRenderFired = true;            gform.core.triggerPostRenderEvents( 6, current_page );            if ( visibilityTestDiv ) {                visibilityTestDiv.parentNode.removeChild( visibilityTestDiv );            }        }        function debounce( func, wait, immediate ) {            var timeout;            return function() {                var context = this, args = arguments;                var later = function() {                    timeout = null;                    if ( !immediate ) func.apply( context, args );                };                var callNow = immediate && !timeout;                clearTimeout( timeout );                timeout = setTimeout( later, wait );                if ( callNow ) func.apply( context, args );            };        }        const debouncedTriggerPostRender = debounce( function() {            triggerPostRender();        }, 200 );        if ( visibilityTestDiv && visibilityTestDiv.offsetParent === null ) {            const observer = new MutationObserver( ( mutations ) => {                mutations.forEach( ( mutation ) => {                    if ( mutation.type === 'attributes' && visibilityTestDiv.offsetParent !== null ) {                        debouncedTriggerPostRender();                        observer.disconnect();                    }                });            });            observer.observe( document.body, {                attributes: true,                childList: false,                subtree: true,                attributeFilter: [ 'style', 'class' ],            });        } else {            triggerPostRender();        }    } );} ); \n\/* ]]> *\/\n<\/script>\n<\/div>\n\n\n\n<div class=\"wp-block-column is-vertically-aligned-center has-action-yellow-background-color has-background is-layout-flow wp-block-column-is-layout-flow\" style=\"flex-basis:40%\">\n<h3 class=\"wp-block-heading has-text-align-center\" style=\"margin-top:0;margin-right:0;margin-bottom:0;margin-left:0\"><br>NOUS CONTACTER  <\/h3>\n\n\n\n<p class=\"has-text-align-center has-medium-font-size\"><br><strong>Adresse<br><\/strong>Greenpeace Belgique ASBL<br>Rue Claessens, 49<br>    1020 Bruxelles <\/p>\n\n\n\n<p class=\"has-text-align-center\"><strong>Par mail    <br><\/strong>info.be@greenpeace.org<\/p>\n\n\n\n<p class=\"has-text-align-center\"><strong>    Par t\u00e9l\u00e9phone<br><\/strong>02\/274.02.00<br>(du lundi au jeudi: 10h-17h)<\/p>\n\n\n\n<p class=\"has-text-align-center\"><strong> Service aux donateurs\u00b7trices<br><\/strong> 02\/274.02.40<br>(du lundi au jeudi: 10h-17h)<br> contact.be@greenpeace.org<\/p>\n\n\n\n<p class=\"has-text-align-center\"><strong> Service presse<br><\/strong> bpress@greenpeace.org<\/p>\n\n\n\n<p class=\"has-text-align-center\"><strong> Num\u00e9ro d&rsquo;entreprise<br><\/strong>BE 0424.496.447<\/p>\n<\/div>\n<\/div>\n\n<div style=\"height:45px\" aria-hidden=\"true\" class=\"wp-block-spacer\"><\/div>\n<div data-render=\"planet4-blocks\/happypoint\" data-attributes=\"{&quot;attributes&quot;:{&quot;focus_image&quot;:&quot;0% 0%&quot;,&quot;opacity&quot;:100,&quot;iframe_url&quot;:&quot;&quot;,&quot;id&quot;:53578,&quot;embed_code&quot;:&quot;&quot;,&quot;override_default_content&quot;:true,&quot;local_content_provider&quot;:&quot;iframe_url&quot;}}\"><\/div>","protected":false},"excerpt":{"rendered":"<p>NOUS CONTACTER Vous avez des questions sp\u00e9cifiques \u00e0 propos des dons, des moyens de paiement en ligne ou encore de votre attestation fiscale ? Consultez notre foire aux questions ou contactez-nous via le formulaire ci-dessous. NOUS CONTACTER AdresseGreenpeace Belgique ASBLRue Claessens, 49 1020 Bruxelles Par mail info.be@greenpeace.org Par t\u00e9l\u00e9phone02\/274.02.00(du lundi au jeudi: 10h-17h) Service aux [&hellip;]<\/p>\n","protected":false},"author":49,"featured_media":53575,"parent":0,"menu_order":0,"comment_status":"closed","ping_status":"closed","template":"","meta":{"ep_exclude_from_search":false,"p4_hide_page_title_checkbox":"on","p4_title":"","p4_subtitle":"","p4_description":"","background_image_id":"","background_image":"","p4_button_title":"","p4_button_link":"","p4_button_link_checkbox":"","p4_og_title":"Nous contacter","p4_og_description":"Vous avez des questions sp\u00e9cifiques \u00e0 propos des dons, des moyens de paiement en ligne ou encore de votre attestation fiscale ? Consultez notre foire aux questions ou contactez-nous via le formulaire ci-dessous.","p4_og_image":"","p4_og_image_id":"","p4_seo_canonical_url":"","p4_campaign_name":"not set","p4_local_project":"not set","p4_basket_name":"not set","p4_department":"","footnotes":""},"categories":[],"tags":[],"class_list":["post-1813","page","type-page","status-publish","has-post-thumbnail","hentry"],"_links":{"self":[{"href":"https:\/\/www.greenpeace.org\/belgium\/fr\/wp-json\/wp\/v2\/pages\/1813","targetHints":{"allow":["GET"]}}],"collection":[{"href":"https:\/\/www.greenpeace.org\/belgium\/fr\/wp-json\/wp\/v2\/pages"}],"about":[{"href":"https:\/\/www.greenpeace.org\/belgium\/fr\/wp-json\/wp\/v2\/types\/page"}],"author":[{"embeddable":true,"href":"https:\/\/www.greenpeace.org\/belgium\/fr\/wp-json\/wp\/v2\/users\/49"}],"replies":[{"embeddable":true,"href":"https:\/\/www.greenpeace.org\/belgium\/fr\/wp-json\/wp\/v2\/comments?post=1813"}],"version-history":[{"count":19,"href":"https:\/\/www.greenpeace.org\/belgium\/fr\/wp-json\/wp\/v2\/pages\/1813\/revisions"}],"predecessor-version":[{"id":59270,"href":"https:\/\/www.greenpeace.org\/belgium\/fr\/wp-json\/wp\/v2\/pages\/1813\/revisions\/59270"}],"wp:featuredmedia":[{"embeddable":true,"href":"https:\/\/www.greenpeace.org\/belgium\/fr\/wp-json\/wp\/v2\/media\/53575"}],"wp:attachment":[{"href":"https:\/\/www.greenpeace.org\/belgium\/fr\/wp-json\/wp\/v2\/media?parent=1813"}],"wp:term":[{"taxonomy":"category","embeddable":true,"href":"https:\/\/www.greenpeace.org\/belgium\/fr\/wp-json\/wp\/v2\/categories?post=1813"},{"taxonomy":"post_tag","embeddable":true,"href":"https:\/\/www.greenpeace.org\/belgium\/fr\/wp-json\/wp\/v2\/tags?post=1813"}],"curies":[{"name":"wp","href":"https:\/\/api.w.org\/{rel}","templated":true}]}}