{"id":1832,"date":"2019-02-15T12:06:35","date_gmt":"2019-02-15T11:06:35","guid":{"rendered":"https:\/\/www.greenpeace.org\/belgium\/?page_id=1832"},"modified":"2025-11-19T17:59:12","modified_gmt":"2025-11-19T16:59:12","slug":"communiques-de-presse","status":"publish","type":"page","link":"https:\/\/www.greenpeace.org\/belgium\/fr\/a-la-une\/communiques-de-presse\/","title":{"rendered":"Communiqu\u00e9s de presse"},"content":{"rendered":"\n<div style=\"height:50px\" aria-hidden=\"true\" class=\"wp-block-spacer\"><\/div>\n\n<div class=\"wp-block-group is-nowrap is-layout-flex wp-container-core-group-is-layout-ad2f72ca wp-block-group-is-layout-flex\">\n<h2 class=\"wp-block-heading\"><\/h2>\n\n\n\n<figure class=\"wp-block-image alignleft size-full is-resized\"><img loading=\"lazy\" decoding=\"async\" width=\"512\" height=\"512\" src=\"https:\/\/www.greenpeace.org\/static\/planet4-belgium-stateless\/2023\/09\/94b62f90-greenpeace-belgique-communiques-de-presse-pictogramme.png\" alt=\"\" class=\"wp-image-53735\" style=\"width:55px;height:55px\" srcset=\"https:\/\/www.greenpeace.org\/static\/planet4-belgium-stateless\/2023\/09\/94b62f90-greenpeace-belgique-communiques-de-presse-pictogramme.png 512w, https:\/\/www.greenpeace.org\/static\/planet4-belgium-stateless\/2023\/09\/94b62f90-greenpeace-belgique-communiques-de-presse-pictogramme-300x300.png 300w, https:\/\/www.greenpeace.org\/static\/planet4-belgium-stateless\/2023\/09\/94b62f90-greenpeace-belgique-communiques-de-presse-pictogramme-150x150.png 150w, https:\/\/www.greenpeace.org\/static\/planet4-belgium-stateless\/2023\/09\/94b62f90-greenpeace-belgique-communiques-de-presse-pictogramme-340x340.png 340w\" sizes=\"auto, (max-width: 512px) 100vw, 512px\" \/><\/figure>\n\n\n\n<h2 class=\"wp-block-heading\"><mark style=\"background-color:#ffe100\" class=\"has-inline-color\">COMMUNIQU\u00c9S DE PRESSE<\/mark><\/h2>\n<\/div>\n\n<p>Cette rubrique reprend nos communiqu\u00e9s de presse les plus r\u00e9cents.<\/p>\n\n<div class=\"wp-block-query posts-list p4-query-loop is-custom-layout-grid is-layout-grid wp-container-core-query-is-layout-b8bb0bd1 wp-block-query-is-layout-grid\">\n<div class=\"wp-block-group is-content-justification-space-between is-layout-flex wp-container-core-group-is-layout-3d213aab wp-block-group-is-layout-flex\">\n<h2 class=\"wp-block-heading\"><\/h2>\n\n\n<li class=\" wp-block-navigation-item see-all-link wp-block-navigation-link\"><a class=\"wp-block-navigation-item__content\"  href=\"http:\/\/www.greenpeace.org\/belgium\/fr\/a-la-une\/?post-type=communique-de-presse\"><span class=\"wp-block-navigation-item__label\">See all stories<\/span><\/a><\/li><\/div>\n\n\n\n<p style=\"margin-top:24px;margin-bottom:36px\"><\/p>\n\n\n\n\n<ul class=\"wp-block-post-template is-layout-flow wp-block-post-template-is-layout-flow\"><li class=\"wp-block-post post-62369 post type-post status-publish format-standard has-post-thumbnail hentry category-a-la-une category-energie category-energies-fossiles category-presse tag-energie p4-page-type-communique-de-presse\">\n\n<div class=\"wp-block-columns is-layout-flex wp-container-core-columns-is-layout-9d6595d7 wp-block-columns-is-layout-flex\"><figure class=\"wp-block-post-featured-image\"><a href=\"https:\/\/www.greenpeace.org\/belgium\/fr\/communique-de-presse\/62369\/les-entreprises-petrolieres-de-lue-ont-realise-25-milliards-deuros-de-benefices-supplementaires-en-mars-grace-a-la-hausse-des-prix-des-carburants\/\" target=\"_self\"  ><img loading=\"lazy\" decoding=\"async\" width=\"800\" height=\"533\" src=\"https:\/\/www.greenpeace.org\/static\/planet4-belgium-stateless\/2026\/04\/350e15d1-gp0su8ieo_low-res-800px.jpg\" class=\"attachment-post-thumbnail size-post-thumbnail wp-post-image wp-stateless-item\" alt=\"Les entreprises p\u00e9troli\u00e8res de l&rsquo;UE ont r\u00e9alis\u00e9 2,5 milliards d&rsquo;euros de b\u00e9n\u00e9fices suppl\u00e9mentaires en mars, gr\u00e2ce \u00e0 la hausse des prix des carburants\" style=\"object-fit:cover;\" srcset=\"https:\/\/www.greenpeace.org\/static\/planet4-belgium-stateless\/2026\/04\/350e15d1-gp0su8ieo_low-res-800px.jpg 800w, https:\/\/www.greenpeace.org\/static\/planet4-belgium-stateless\/2026\/04\/350e15d1-gp0su8ieo_low-res-800px-300x200.jpg 300w, https:\/\/www.greenpeace.org\/static\/planet4-belgium-stateless\/2026\/04\/350e15d1-gp0su8ieo_low-res-800px-768x512.jpg 768w, https:\/\/www.greenpeace.org\/static\/planet4-belgium-stateless\/2026\/04\/350e15d1-gp0su8ieo_low-res-800px-510x340.jpg 510w\" sizes=\"auto, (max-width: 800px) 100vw, 800px\" data-image-size=\"post-thumbnail\" data-stateless-media-bucket=\"planet4-belgium-stateless\" data-stateless-media-name=\"2026\/04\/350e15d1-gp0su8ieo_low-res-800px.jpg\" \/><\/a><\/figure>\n\n\n<div class=\"wp-block-group is-layout-flow wp-block-group-is-layout-flow\">\n<div class=\"wp-block-group is-layout-flow wp-block-group-is-layout-flow\"><div class=\"wp-block-post-terms\"><a href=\"https:\/\/www.greenpeace.org\/belgium\/fr\/category\/a-la-une\/\">\u00c0 la une<\/a><\/div>\n\n<div class=\"taxonomy-post_tag wp-block-post-terms\"><a href=\"https:\/\/www.greenpeace.org\/belgium\/fr\/tag\/energie\/\" rel=\"tag\">\u00c9nergie<\/a><\/div><\/div>\n\n\n<h3 class=\"wp-block-post-title\"><a href=\"https:\/\/www.greenpeace.org\/belgium\/fr\/communique-de-presse\/62369\/les-entreprises-petrolieres-de-lue-ont-realise-25-milliards-deuros-de-benefices-supplementaires-en-mars-grace-a-la-hausse-des-prix-des-carburants\/\" target=\"_self\" >Les entreprises p\u00e9troli\u00e8res de l&rsquo;UE ont r\u00e9alis\u00e9 2,5 milliards d&rsquo;euros de b\u00e9n\u00e9fices suppl\u00e9mentaires en mars, gr\u00e2ce \u00e0 la hausse des prix des carburants<\/a><\/h3>\n\n<div class=\"wp-block-post-excerpt\"><p class=\"wp-block-post-excerpt__excerpt\">Une nouvelle \u00e9tude command\u00e9e par Greenpeace r\u00e9v\u00e8le que l\u2019envol\u00e9e des prix des carburants permet aux entreprises p\u00e9troli\u00e8res de l&rsquo;UE d\u2019enregistrer chaque jour 81,4 millions d&rsquo;euros de b\u00e9n\u00e9fices suppl\u00e9mentaires depuis le d\u00e9but de la guerre. Pour le mois de mars, ces b\u00e9n\u00e9fices suppl\u00e9mentaires s\u2019\u00e9l\u00e8vent \u00e0 2,5 milliards d&rsquo;euros. <\/p><\/div>\n\n\n<div class=\"wp-block-group posts-list-meta is-layout-flow wp-block-group-is-layout-flow\"><span class='article-list-item-author'><a href='https:\/\/www.greenpeace.org\/belgium\/fr\/author\/sjacobs\/'>Sarah Jacobs<\/a><\/span>\n\n<div class=\"wp-block-post-date\"><time datetime=\"2026-04-01T14:09:18+01:00\">1 avril 2026<\/time><\/div><\/div>\n<\/div>\n<\/div>\n\n<\/li><li class=\"wp-block-post post-62329 post type-post status-publish format-standard has-post-thumbnail hentry category-a-la-une category-energie category-presse p4-page-type-communique-de-presse\">\n\n<div class=\"wp-block-columns is-layout-flex wp-container-core-columns-is-layout-9d6595d7 wp-block-columns-is-layout-flex\"><figure class=\"wp-block-post-featured-image\"><a href=\"https:\/\/www.greenpeace.org\/belgium\/fr\/communique-de-presse\/62329\/greenpeace-sinvite-au-belgian-wind-day-et-interpelle-le-ministre-de-lenergie-mathieu-bihet\/\" target=\"_self\"  ><img loading=\"lazy\" decoding=\"async\" width=\"1600\" height=\"1070\" src=\"https:\/\/www.greenpeace.org\/static\/planet4-belgium-stateless\/2026\/03\/d6a06c8b-whatsapp-image-2026-03-24-at-14.34.42.jpeg\" class=\"attachment-post-thumbnail size-post-thumbnail wp-post-image wp-stateless-item\" alt=\"Greenpeace s\u2019invite au Belgian Wind Day et interpelle le ministre de l\u2019\u00e9nergie Mathieu Bihet\" style=\"object-fit:cover;\" srcset=\"https:\/\/www.greenpeace.org\/static\/planet4-belgium-stateless\/2026\/03\/d6a06c8b-whatsapp-image-2026-03-24-at-14.34.42.jpeg 1600w, https:\/\/www.greenpeace.org\/static\/planet4-belgium-stateless\/2026\/03\/d6a06c8b-whatsapp-image-2026-03-24-at-14.34.42-300x201.jpeg 300w, https:\/\/www.greenpeace.org\/static\/planet4-belgium-stateless\/2026\/03\/d6a06c8b-whatsapp-image-2026-03-24-at-14.34.42-1024x685.jpeg 1024w, https:\/\/www.greenpeace.org\/static\/planet4-belgium-stateless\/2026\/03\/d6a06c8b-whatsapp-image-2026-03-24-at-14.34.42-768x514.jpeg 768w, https:\/\/www.greenpeace.org\/static\/planet4-belgium-stateless\/2026\/03\/d6a06c8b-whatsapp-image-2026-03-24-at-14.34.42-1536x1027.jpeg 1536w, https:\/\/www.greenpeace.org\/static\/planet4-belgium-stateless\/2026\/03\/d6a06c8b-whatsapp-image-2026-03-24-at-14.34.42-508x340.jpeg 508w\" sizes=\"auto, (max-width: 1600px) 100vw, 1600px\" data-image-size=\"post-thumbnail\" data-stateless-media-bucket=\"planet4-belgium-stateless\" data-stateless-media-name=\"2026\/03\/d6a06c8b-whatsapp-image-2026-03-24-at-14.34.42.jpeg\" \/><\/a><\/figure>\n\n\n<div class=\"wp-block-group is-layout-flow wp-block-group-is-layout-flow\">\n<div class=\"wp-block-group is-layout-flow wp-block-group-is-layout-flow\"><div class=\"wp-block-post-terms\"><a href=\"https:\/\/www.greenpeace.org\/belgium\/fr\/category\/a-la-une\/\">\u00c0 la une<\/a><\/div>\n\n<\/div>\n\n\n<h3 class=\"wp-block-post-title\"><a href=\"https:\/\/www.greenpeace.org\/belgium\/fr\/communique-de-presse\/62329\/greenpeace-sinvite-au-belgian-wind-day-et-interpelle-le-ministre-de-lenergie-mathieu-bihet\/\" target=\"_self\" >Greenpeace s\u2019invite au Belgian Wind Day et interpelle le ministre de l\u2019\u00e9nergie Mathieu Bihet<\/a><\/h3>\n\n<div class=\"wp-block-post-excerpt\"><p class=\"wp-block-post-excerpt__excerpt\">Pr\u00e9sent\u00b7es \u00e0 l\u2019entr\u00e9e du Belgian Wind Day, des activistes de Greenpeace Belgique ont interpell\u00e9 le ministre f\u00e9d\u00e9ral de l\u2019\u00e9nergie, Mathieu Bihet. L\u2019ONG d\u00e9nonce l\u2019absence de strat\u00e9gie de notre pays en mati\u00e8re d\u2019\u00e9nergie. Alors que nos gouvernements se r\u00e9unissent actuellement pour trouver des solutions \u00e0 la crise \u00e9nerg\u00e9tique, Greenpeace pr\u00e9sente un plan d\u2019actionen 27 recommandations pour&hellip; <\/p><\/div>\n\n\n<div class=\"wp-block-group posts-list-meta is-layout-flow wp-block-group-is-layout-flow\"><span class='article-list-item-author'><a href='https:\/\/www.greenpeace.org\/belgium\/fr\/author\/acollard\/'>Antoine Collard<\/a><\/span>\n\n<div class=\"wp-block-post-date\"><time datetime=\"2026-03-24T14:53:47+01:00\">24 mars 2026<\/time><\/div><\/div>\n<\/div>\n<\/div>\n\n<\/li><li class=\"wp-block-post post-62259 post type-post status-publish format-standard has-post-thumbnail hentry category-a-la-une category-energie category-presse tag-energie p4-page-type-communique-de-presse\">\n\n<div class=\"wp-block-columns is-layout-flex wp-container-core-columns-is-layout-9d6595d7 wp-block-columns-is-layout-flex\"><figure class=\"wp-block-post-featured-image\"><a href=\"https:\/\/www.greenpeace.org\/belgium\/fr\/communique-de-presse\/62259\/la-commission-europeenne-transformee-en-trump-tower-par-greenpeace\/\" target=\"_self\"  ><img loading=\"lazy\" decoding=\"async\" width=\"799\" height=\"600\" src=\"https:\/\/www.greenpeace.org\/static\/planet4-belgium-stateless\/2026\/03\/7a32a721-gp0su8h1f_low-res-800px.jpg\" class=\"attachment-post-thumbnail size-post-thumbnail wp-post-image wp-stateless-item\" alt=\"La Commission Europ\u00e9enne transform\u00e9e en Trump Tower par Greenpeace\" style=\"object-fit:cover;\" srcset=\"https:\/\/www.greenpeace.org\/static\/planet4-belgium-stateless\/2026\/03\/7a32a721-gp0su8h1f_low-res-800px.jpg 799w, https:\/\/www.greenpeace.org\/static\/planet4-belgium-stateless\/2026\/03\/7a32a721-gp0su8h1f_low-res-800px-300x225.jpg 300w, https:\/\/www.greenpeace.org\/static\/planet4-belgium-stateless\/2026\/03\/7a32a721-gp0su8h1f_low-res-800px-768x577.jpg 768w, https:\/\/www.greenpeace.org\/static\/planet4-belgium-stateless\/2026\/03\/7a32a721-gp0su8h1f_low-res-800px-453x340.jpg 453w\" sizes=\"auto, (max-width: 799px) 100vw, 799px\" data-image-size=\"post-thumbnail\" data-stateless-media-bucket=\"planet4-belgium-stateless\" data-stateless-media-name=\"2026\/03\/7a32a721-gp0su8h1f_low-res-800px.jpg\" \/><\/a><\/figure>\n\n\n<div class=\"wp-block-group is-layout-flow wp-block-group-is-layout-flow\">\n<div class=\"wp-block-group is-layout-flow wp-block-group-is-layout-flow\"><div class=\"wp-block-post-terms\"><a href=\"https:\/\/www.greenpeace.org\/belgium\/fr\/category\/a-la-une\/\">\u00c0 la une<\/a><\/div>\n\n<div class=\"taxonomy-post_tag wp-block-post-terms\"><a href=\"https:\/\/www.greenpeace.org\/belgium\/fr\/tag\/energie\/\" rel=\"tag\">\u00c9nergie<\/a><\/div><\/div>\n\n\n<h3 class=\"wp-block-post-title\"><a href=\"https:\/\/www.greenpeace.org\/belgium\/fr\/communique-de-presse\/62259\/la-commission-europeenne-transformee-en-trump-tower-par-greenpeace\/\" target=\"_self\" >La Commission Europ\u00e9enne transform\u00e9e en Trump Tower par Greenpeace<\/a><\/h3>\n\n<div class=\"wp-block-post-excerpt\"><p class=\"wp-block-post-excerpt__excerpt\">Tr\u00e8s t\u00f4t ce matin, une projection repr\u00e9sentant une fa\u00e7ade dor\u00e9e et les lettres \u201cTRUMP TOWER\u201d a transform\u00e9 le si\u00e8ge de la commission europ\u00e9enne en r\u00e9plique d\u2019une des tours de Donald&hellip; <\/p><\/div>\n\n\n<div class=\"wp-block-group posts-list-meta is-layout-flow wp-block-group-is-layout-flow\"><span class='article-list-item-author'><a href='https:\/\/www.greenpeace.org\/belgium\/fr\/author\/sjacobs\/'>Sarah Jacobs<\/a><\/span>\n\n<div class=\"wp-block-post-date\"><time datetime=\"2026-03-19T09:42:03+01:00\">19 mars 2026<\/time><\/div><\/div>\n<\/div>\n<\/div>\n\n<\/li><li class=\"wp-block-post post-62241 post type-post status-publish format-standard has-post-thumbnail hentry category-agriculture category-campagnes category-energie category-presse tag-energie p4-page-type-communique-de-presse\">\n\n<div class=\"wp-block-columns is-layout-flex wp-container-core-columns-is-layout-9d6595d7 wp-block-columns-is-layout-flex\"><figure class=\"wp-block-post-featured-image\"><a href=\"https:\/\/www.greenpeace.org\/belgium\/fr\/communique-de-presse\/62241\/farmer-case-contre-totalenergies-une-premiere-decision-de-recevabilite-qui-renforce-la-jurisprudence-climatique\/\" target=\"_self\"  ><img loading=\"lazy\" decoding=\"async\" width=\"2048\" height=\"1366\" src=\"https:\/\/www.greenpeace.org\/static\/planet4-belgium-stateless\/2026\/03\/8be144f6-whatsapp-image-2026-03-18-at-15.50.26.jpeg\" class=\"attachment-post-thumbnail size-post-thumbnail wp-post-image wp-stateless-item\" alt=\"Farmer Case contre TotalEnergies: une premi\u00e8re d\u00e9cision de recevabilit\u00e9 qui renforce la jurisprudence climatique\" style=\"object-fit:cover;\" srcset=\"https:\/\/www.greenpeace.org\/static\/planet4-belgium-stateless\/2026\/03\/8be144f6-whatsapp-image-2026-03-18-at-15.50.26.jpeg 2048w, https:\/\/www.greenpeace.org\/static\/planet4-belgium-stateless\/2026\/03\/8be144f6-whatsapp-image-2026-03-18-at-15.50.26-300x200.jpeg 300w, https:\/\/www.greenpeace.org\/static\/planet4-belgium-stateless\/2026\/03\/8be144f6-whatsapp-image-2026-03-18-at-15.50.26-1024x683.jpeg 1024w, https:\/\/www.greenpeace.org\/static\/planet4-belgium-stateless\/2026\/03\/8be144f6-whatsapp-image-2026-03-18-at-15.50.26-768x512.jpeg 768w, https:\/\/www.greenpeace.org\/static\/planet4-belgium-stateless\/2026\/03\/8be144f6-whatsapp-image-2026-03-18-at-15.50.26-1536x1025.jpeg 1536w, https:\/\/www.greenpeace.org\/static\/planet4-belgium-stateless\/2026\/03\/8be144f6-whatsapp-image-2026-03-18-at-15.50.26-510x340.jpeg 510w\" sizes=\"auto, (max-width: 2048px) 100vw, 2048px\" data-image-size=\"post-thumbnail\" data-stateless-media-bucket=\"planet4-belgium-stateless\" data-stateless-media-name=\"2026\/03\/8be144f6-whatsapp-image-2026-03-18-at-15.50.26.jpeg\" \/><\/a><\/figure>\n\n\n<div class=\"wp-block-group is-layout-flow wp-block-group-is-layout-flow\">\n<div class=\"wp-block-group is-layout-flow wp-block-group-is-layout-flow\"><div class=\"wp-block-post-terms\"><a href=\"https:\/\/www.greenpeace.org\/belgium\/fr\/category\/campagnes\/agriculture\/\">Agriculture<\/a><\/div>\n\n<div class=\"taxonomy-post_tag wp-block-post-terms\"><a href=\"https:\/\/www.greenpeace.org\/belgium\/fr\/tag\/energie\/\" rel=\"tag\">\u00c9nergie<\/a><\/div><\/div>\n\n\n<h3 class=\"wp-block-post-title\"><a href=\"https:\/\/www.greenpeace.org\/belgium\/fr\/communique-de-presse\/62241\/farmer-case-contre-totalenergies-une-premiere-decision-de-recevabilite-qui-renforce-la-jurisprudence-climatique\/\" target=\"_self\" >Farmer Case contre TotalEnergies: une premi\u00e8re d\u00e9cision de recevabilit\u00e9 qui renforce la jurisprudence climatique<\/a><\/h3>\n\n<div class=\"wp-block-post-excerpt\"><p class=\"wp-block-post-excerpt__excerpt\">Le tribunal de l\u2019entreprise de Tournai a reconnu que l\u2019action judiciaire port\u00e9e par le Farmer Case \u00e9tait recevable. C\u2019est une avanc\u00e9e majeure car cette d\u00e9cision de justice reconna\u00eet que les victimes du d\u00e9r\u00e8glement climatique peuvent citer en justice une entreprise dans leur propre pays, m\u00eame si l\u2019entreprise en question n\u2019y est pas bas\u00e9e. Sur le&hellip; <\/p><\/div>\n\n\n<div class=\"wp-block-group posts-list-meta is-layout-flow wp-block-group-is-layout-flow\"><span class='article-list-item-author'><a href='https:\/\/www.greenpeace.org\/belgium\/fr\/author\/sjacobs\/'>Sarah Jacobs<\/a><\/span>\n\n<div class=\"wp-block-post-date\"><time datetime=\"2026-03-18T15:40:21+01:00\">18 mars 2026<\/time><\/div><\/div>\n<\/div>\n<\/div>\n\n<\/li><\/ul>\n\n\n<div class=\"wp-block-buttons carousel-controls is-horizontal is-content-justification-space-between is-nowrap is-layout-flex wp-container-core-buttons-is-layout-044bd602 wp-block-buttons-is-layout-flex\">\n<div class=\"wp-block-button carousel-control-prev\"><button type=\"button\" class=\"wp-block-button__link wp-element-button\">Prev<\/button><\/div>\n\n\n\n<div class=\"wp-block-button carousel-control-next\"><button type=\"button\" class=\"wp-block-button__link wp-element-button\">Next<\/button><\/div>\n<\/div>\n\n\n<li class=\" wp-block-navigation-item see-all-link wp-block-navigation-link\"><a class=\"wp-block-navigation-item__content\"  href=\"http:\/\/www.greenpeace.org\/belgium\/fr\/a-la-une\/?post-type=communique-de-presse\"><span class=\"wp-block-navigation-item__label\">Voir tous les communiqu\u00e9s de presse<\/span><\/a><\/li><\/div>\n\n<p><\/p>\n<div data-render=\"planet4-blocks\/columns\" data-attributes=\"{&quot;attributes&quot;:{&quot;columns&quot;:[{&quot;title&quot;:&quot;Contact &quot;,&quot;description&quot;:&quot;Vous \\u00eates journaliste et vous avez une question sur Greenpeace ou sur l&#039;une de nos campagnes ? Contactez nos attach\\u00e9\\u00b7es de presse Sarah Jacobs et Antoine Collard au +32 496 26 31 91. Ou envoyez un email \\u00e0 bpress@greenpeace.org&quot;,&quot;cta_text&quot;:&quot;&quot;,&quot;cta_link&quot;:&quot;bpress@greenpeace.org&quot;,&quot;link_new_tab&quot;:false},{&quot;title&quot;:&quot;Photos et vid\\u00e9os&quot;,&quot;description&quot;:&quot;Dans la m\\u00e9diath\\u00e8que de Greenpeace, vous trouverez des milliers de photos et vid\\u00e9os sur nos campagnes et nos actions. Vous pouvez facilement cr\\u00e9er un compte gratuit et t\\u00e9l\\u00e9charger les images imm\\u00e9diatement. Besoin d&#039;aide ? Envoyez un email \\u00e0 bpress@greenpeace.org.&quot;,&quot;cta_text&quot;:&quot;Voir la m\\u00e9diath\\u00e8que Greenpeace&quot;,&quot;cta_link&quot;:&quot;https:\\\/\\\/media.greenpeace.org\\\/&quot;,&quot;link_new_tab&quot;:false}],&quot;className&quot;:&quot;is-style-no_image&quot;,&quot;columns_block_style&quot;:&quot;no_image&quot;}}\"><\/div>\n<div style=\"height:100px\" aria-hidden=\"true\" class=\"wp-block-spacer\"><\/div>\n<div data-render=\"planet4-blocks\/happypoint\" data-attributes=\"{&quot;attributes&quot;:{&quot;focus_image&quot;:&quot;0% 0%&quot;,&quot;opacity&quot;:100,&quot;iframe_url&quot;:&quot;&quot;,&quot;id&quot;:53578,&quot;override_default_content&quot;:true,&quot;local_content_provider&quot;:&quot;iframe_url&quot;}}\"><\/div>","protected":false},"excerpt":{"rendered":"<p>COMMUNIQU\u00c9S DE PRESSE Cette rubrique reprend nos communiqu\u00e9s de presse les plus r\u00e9cents.<\/p>\n","protected":false},"author":105,"featured_media":53735,"parent":15876,"menu_order":0,"comment_status":"closed","ping_status":"closed","template":"","meta":{"ep_exclude_from_search":false,"p4_hide_page_title_checkbox":"on","p4_title":"","p4_subtitle":"","p4_description":"","background_image_id":"","background_image":"","p4_button_title":"","p4_button_link":"","p4_button_link_checkbox":"","p4_og_title":"","p4_og_description":"","p4_og_image":"","p4_og_image_id":"","p4_seo_canonical_url":"","p4_campaign_name":"not set","p4_local_project":"not set","p4_basket_name":"not set","p4_department":"","footnotes":""},"categories":[152,151],"tags":[],"class_list":["post-1832","page","type-page","status-publish","has-post-thumbnail","hentry","category-a-la-une","category-presse"],"_links":{"self":[{"href":"https:\/\/www.greenpeace.org\/belgium\/fr\/wp-json\/wp\/v2\/pages\/1832","targetHints":{"allow":["GET"]}}],"collection":[{"href":"https:\/\/www.greenpeace.org\/belgium\/fr\/wp-json\/wp\/v2\/pages"}],"about":[{"href":"https:\/\/www.greenpeace.org\/belgium\/fr\/wp-json\/wp\/v2\/types\/page"}],"author":[{"embeddable":true,"href":"https:\/\/www.greenpeace.org\/belgium\/fr\/wp-json\/wp\/v2\/users\/105"}],"replies":[{"embeddable":true,"href":"https:\/\/www.greenpeace.org\/belgium\/fr\/wp-json\/wp\/v2\/comments?post=1832"}],"version-history":[{"count":20,"href":"https:\/\/www.greenpeace.org\/belgium\/fr\/wp-json\/wp\/v2\/pages\/1832\/revisions"}],"predecessor-version":[{"id":61540,"href":"https:\/\/www.greenpeace.org\/belgium\/fr\/wp-json\/wp\/v2\/pages\/1832\/revisions\/61540"}],"up":[{"embeddable":true,"href":"https:\/\/www.greenpeace.org\/belgium\/fr\/wp-json\/wp\/v2\/pages\/15876"}],"wp:featuredmedia":[{"embeddable":true,"href":"https:\/\/www.greenpeace.org\/belgium\/fr\/wp-json\/wp\/v2\/media\/53735"}],"wp:attachment":[{"href":"https:\/\/www.greenpeace.org\/belgium\/fr\/wp-json\/wp\/v2\/media?parent=1832"}],"wp:term":[{"taxonomy":"category","embeddable":true,"href":"https:\/\/www.greenpeace.org\/belgium\/fr\/wp-json\/wp\/v2\/categories?post=1832"},{"taxonomy":"post_tag","embeddable":true,"href":"https:\/\/www.greenpeace.org\/belgium\/fr\/wp-json\/wp\/v2\/tags?post=1832"}],"curies":[{"name":"wp","href":"https:\/\/api.w.org\/{rel}","templated":true}]}}