{"id":53390,"date":"2023-09-08T08:06:57","date_gmt":"2023-09-08T07:06:57","guid":{"rendered":"https:\/\/www.greenpeace.org\/belgium\/?page_id=53390"},"modified":"2024-03-26T12:33:00","modified_gmt":"2024-03-26T11:33:00","slug":"paniers-fermiers-solidaires","status":"publish","type":"page","link":"https:\/\/www.greenpeace.org\/belgium\/fr\/paniers-fermiers-solidaires\/","title":{"rendered":"Paniers fermiers solidaires"},"content":{"rendered":"\n                    <div class=\"wp-block-group is-vertical is-layout-flex wp-container-core-group-is-layout-8cf370e7 wp-block-group-is-layout-flex\">\n                    \n\n                    \n                    <\/div>\n                    \n<div class=\"wp-block-media-text alignwide has-media-on-the-right is-stacked-on-mobile\"><div class=\"wp-block-media-text__content\">\n<p>En 2022, 600 000 personnes ont fait appel \u00e0 un service d\u2019aide alimentaire en Belgique. Malheureusement, la pr\u00e9carit\u00e9 alimentaire est toujours une r\u00e9alit\u00e9.<\/p>\n\n\n\n<p>En offrant un panier fermier solidaire, vous fournissez<strong> l\u2019\u00e9quivalent de 2 semaines de fruits et de l\u00e9gumes frais \u00e0 2 familles en situation de pr\u00e9carit\u00e9.<\/strong> Ce n\u2019est pas tout. Vous soutenez aussi une agriculture respectueuse de l\u2019environnement, de la biodiversit\u00e9 et de la sant\u00e9 de tou\u00b7tes.<\/p>\n\n\n\n<p>Vous pouvez faire la diff\u00e9rence, faites un don maintenant.<\/p>\n\n\n\n<div class=\"wp-block-buttons is-layout-flex wp-block-buttons-is-layout-flex\">\n<div class=\"wp-block-button is-style-cta\"><a class=\"wp-block-button__link wp-element-button\" href=\"https:\/\/act.greenpeace.org\/page\/134843\/donate\/1?locale=fr-BE\">J&rsquo;offre un panier solidaire<\/a><\/div>\n<\/div>\n<\/div><figure class=\"wp-block-media-text__media\"><img loading=\"lazy\" decoding=\"async\" width=\"1024\" height=\"1024\" src=\"https:\/\/www.greenpeace.org\/static\/planet4-belgium-stateless\/2023\/09\/2c15852e-panier-rose-rouge-1024x1024.jpg\" alt=\"\" sizes=\"auto, (min-width: 1600px) calc((1320px - 24px) \/ 2),(min-width: 1200px) calc((1140px - 24px) \/ 2),(min-width: 992px) calc((960px - 24px) \/ 2),(min-width: 768px) calc((720px - 24px) \/ 2),(min-width: 601px) calc((540px - 24px) \/ 2),(min-width: 577px) calc((540px - 24px) \/ 1), calc(100vw - 24px)\" srcset=\"https:\/\/www.greenpeace.org\/static\/planet4-belgium-stateless\/2023\/09\/2c15852e-panier-rose-rouge.jpg 1080w, https:\/\/www.greenpeace.org\/static\/planet4-belgium-stateless\/2023\/09\/2c15852e-panier-rose-rouge-300x300.jpg 300w, https:\/\/www.greenpeace.org\/static\/planet4-belgium-stateless\/2023\/09\/2c15852e-panier-rose-rouge-1024x1024.jpg 1024w, https:\/\/www.greenpeace.org\/static\/planet4-belgium-stateless\/2023\/09\/2c15852e-panier-rose-rouge-150x150.jpg 150w, https:\/\/www.greenpeace.org\/static\/planet4-belgium-stateless\/2023\/09\/2c15852e-panier-rose-rouge-768x768.jpg 768w, https:\/\/www.greenpeace.org\/static\/planet4-belgium-stateless\/2023\/09\/2c15852e-panier-rose-rouge-340x340.jpg 340w\" class=\"wp-image-53418 size-full\"\/><\/figure><\/div>\n\n<h2 class=\"wp-block-heading\"><strong>Pour un acc\u00e8s \u00e0 une alimentation durable pour tou\u00b7tes<\/strong><\/h2>\n\n<div class=\"wp-block-columns is-layout-flex wp-container-core-columns-is-layout-9d6595d7 wp-block-columns-is-layout-flex\">\n<div class=\"wp-block-column is-layout-flow wp-block-column-is-layout-flow\">\n<figure class=\"wp-block-embed is-type-video is-provider-youtube wp-block-embed-youtube wp-embed-aspect-4-3 wp-has-aspect-ratio\"><div class=\"wp-block-embed__wrapper\">\n<lite-youtube style=\"background-image: url('https:\/\/i.ytimg.com\/vi\/Iecok1W_wmY\/hqdefault.jpg');\" videoid=\"Iecok1W_wmY\" params=\"rel=0\"><\/lite-youtube>\n<\/div><\/figure>\n<\/div>\n\n\n\n<div class=\"wp-block-column is-layout-flow wp-block-column-is-layout-flow\">\n<p>La campagne \u201cPaniers fermiers solidaires\u201d est le fruit d\u2019une collaboration entre Greenpeace et le R\u00e9seau des GASAP (Groupe d\u2019Achats Solidaires de l\u2019Agriculture Paysanne) afin d\u2019offrir des produits issus d&rsquo;une agriculture durable \u00e0 la banque alimentaire de Bruxelles-Brabant et ses b\u00e9n\u00e9ficiaires.\u00a0\u00a0<\/p>\n\n\n\n<p>Se nourrir est toujours un combat pour de nombreux\u00b7euses citoyen\u00b7nes. En Belgique, 600 000 personnes survivent gr\u00e2ce \u00e0 un service d\u2019aide alimentaire comme les distributions de colis alimentaires, les restaurants sociaux, les \u00e9piceries sociales, les frigos solidaires, etc.<\/p>\n\n\n\n<p><\/p>\n<\/div>\n<\/div>\n\n<p>Au centre de cette campagne : l\u2019acc\u00e8s \u00e0 une alimentation durable et de qualit\u00e9 pour tou\u00b7tes. Avec le collectif Cr\u00e9aSSA, nous demandons la mise en place d\u2019une s\u00e9curit\u00e9 sociale de l&rsquo;alimentation. C\u2019est un syst\u00e8me qui garantit \u00e0 chaque personne de b\u00e9n\u00e9ficier d\u2019un<strong> <\/strong>budget de 150 euros par mois pour l\u2019achat de produits alimentaires dont les modes de production respectent des crit\u00e8res sociaux, \u00e9conomiques et environnementaux. <\/p>\n\n<p><\/p>\n\n<h2 class=\"wp-block-heading\"><strong>Vers un syst\u00e8me alimentaire plus juste<\/strong>&nbsp;<\/h2>\n\n<div class=\"wp-block-media-text alignwide has-media-on-the-right is-stacked-on-mobile\"><div class=\"wp-block-media-text__content\">\n<p>\u00c0 l\u2019autre bout de la cha\u00eene, les secteurs bio et circuit court ont eux aussi beaucoup souffert des derni\u00e8res crises et de l\u2019inflation. Dans un contexte o\u00f9 l&rsquo;industrie agroalimentaire m\u00e8ne la danse et exerce une pression pour maintenir ses profits au plus haut niveau, il est tr\u00e8s difficile de r\u00e9sister pour les producteur\u00b7rices qui respectent l&rsquo;environnement, la biodiversit\u00e9 et la sant\u00e9 des mangeur\u00b7euses.&nbsp;<\/p>\n\n\n\n<p>Le but de cette campagne \u201cPaniers fermiers solidaires\u201d est aussi de soutenir les producteur\u00b7rices du R\u00e9seau des GASAP. Cette agriculture est un des socles d\u2019une soci\u00e9t\u00e9 plus r\u00e9siliente face \u00e0 la crise climatique et \u00e0 l\u2019effondrement de la biodiversit\u00e9.&nbsp;<\/p>\n<\/div><figure class=\"wp-block-media-text__media\"><img loading=\"lazy\" decoding=\"async\" width=\"650\" height=\"649\" src=\"https:\/\/www.greenpeace.org\/static\/planet4-belgium-stateless\/2023\/09\/80455927-gasap_web-1.jpg\" alt=\"\" sizes=\"auto, (min-width: 1600px) calc((1320px - 24px) \/ 2),(min-width: 1200px) calc((1140px - 24px) \/ 2),(min-width: 992px) calc((960px - 24px) \/ 2),(min-width: 768px) calc((720px - 24px) \/ 2),(min-width: 601px) calc((540px - 24px) \/ 2),(min-width: 577px) calc((540px - 24px) \/ 1), calc(100vw - 24px)\" srcset=\"https:\/\/www.greenpeace.org\/static\/planet4-belgium-stateless\/2023\/09\/80455927-gasap_web-1.jpg 650w, https:\/\/www.greenpeace.org\/static\/planet4-belgium-stateless\/2023\/09\/80455927-gasap_web-1-300x300.jpg 300w, https:\/\/www.greenpeace.org\/static\/planet4-belgium-stateless\/2023\/09\/80455927-gasap_web-1-150x150.jpg 150w, https:\/\/www.greenpeace.org\/static\/planet4-belgium-stateless\/2023\/09\/80455927-gasap_web-1-341x340.jpg 341w\" class=\"wp-image-53438 size-full\"\/><\/figure><\/div>\n\n<div style=\"height:45px\" aria-hidden=\"true\" class=\"wp-block-spacer\"><\/div>\n\n<div class=\"wp-block-columns is-layout-flex wp-container-core-columns-is-layout-9d6595d7 wp-block-columns-is-layout-flex\">\n<div class=\"wp-block-column is-layout-flow wp-block-column-is-layout-flow\">\n<p><strong>Vous pouvez faire la diff\u00e9rence. Faites un don maintenant et soutenez cette initiative.<\/strong><\/p>\n\n\n\n<div class=\"wp-block-media-text alignwide has-media-on-the-right is-stacked-on-mobile is-vertically-aligned-center\" style=\"grid-template-columns:auto 62%\"><div class=\"wp-block-media-text__content\">\n<p>Je donne&#8230;<\/p>\n\n\n\n<figure class=\"wp-block-image aligncenter size-large is-resized\"><a href=\"https:\/\/act.greenpeace.org\/page\/134843\/donate\/1?transaction.donationAmt=10&amp;locale=fr-BE\"><img loading=\"lazy\" decoding=\"async\" src=\"https:\/\/www.greenpeace.org\/static\/planet4-belgium-stateless\/2023\/09\/5fc14767-website_un-peu-1024x1024.jpg\" alt=\"\" class=\"wp-image-53455\" width=\"150\" height=\"150\" srcset=\"https:\/\/www.greenpeace.org\/static\/planet4-belgium-stateless\/2023\/09\/5fc14767-website_un-peu-1024x1024.jpg 1024w, https:\/\/www.greenpeace.org\/static\/planet4-belgium-stateless\/2023\/09\/5fc14767-website_un-peu-300x300.jpg 300w, https:\/\/www.greenpeace.org\/static\/planet4-belgium-stateless\/2023\/09\/5fc14767-website_un-peu-150x150.jpg 150w, https:\/\/www.greenpeace.org\/static\/planet4-belgium-stateless\/2023\/09\/5fc14767-website_un-peu-768x768.jpg 768w, https:\/\/www.greenpeace.org\/static\/planet4-belgium-stateless\/2023\/09\/5fc14767-website_un-peu-340x340.jpg 340w, https:\/\/www.greenpeace.org\/static\/planet4-belgium-stateless\/2023\/09\/5fc14767-website_un-peu.jpg 1080w\" sizes=\"auto, (max-width: 150px) 100vw, 150px\" \/><\/a><\/figure>\n\n\n\n<figure class=\"wp-block-image aligncenter size-large is-resized\"><a href=\"https:\/\/act.greenpeace.org\/page\/134843\/donate\/1?transaction.donationAmt=20&amp;locale=fr-BE\"><img loading=\"lazy\" decoding=\"async\" src=\"https:\/\/www.greenpeace.org\/static\/planet4-belgium-stateless\/2023\/09\/3bf54498-beaucoup-foodbank-1024x1024.jpg\" alt=\"\" class=\"wp-image-53504\" width=\"150\" height=\"150\" srcset=\"https:\/\/www.greenpeace.org\/static\/planet4-belgium-stateless\/2023\/09\/3bf54498-beaucoup-foodbank-1024x1024.jpg 1024w, https:\/\/www.greenpeace.org\/static\/planet4-belgium-stateless\/2023\/09\/3bf54498-beaucoup-foodbank-300x300.jpg 300w, https:\/\/www.greenpeace.org\/static\/planet4-belgium-stateless\/2023\/09\/3bf54498-beaucoup-foodbank-150x150.jpg 150w, https:\/\/www.greenpeace.org\/static\/planet4-belgium-stateless\/2023\/09\/3bf54498-beaucoup-foodbank-768x768.jpg 768w, https:\/\/www.greenpeace.org\/static\/planet4-belgium-stateless\/2023\/09\/3bf54498-beaucoup-foodbank-340x340.jpg 340w, https:\/\/www.greenpeace.org\/static\/planet4-belgium-stateless\/2023\/09\/3bf54498-beaucoup-foodbank.jpg 1080w\" sizes=\"auto, (max-width: 150px) 100vw, 150px\" \/><\/a><\/figure>\n\n\n\n<figure class=\"wp-block-image size-large is-resized\"><a href=\"https:\/\/act.greenpeace.org\/page\/134843\/donate\/1?transaction.donationAmt=40&amp;locale=fr-BE\"><img loading=\"lazy\" decoding=\"async\" src=\"https:\/\/www.greenpeace.org\/static\/planet4-belgium-stateless\/2023\/09\/5c8d2b6a-website_passionnement-1024x1024.jpg\" alt=\"\" class=\"wp-image-53457\" width=\"150\" height=\"150\" srcset=\"https:\/\/www.greenpeace.org\/static\/planet4-belgium-stateless\/2023\/09\/5c8d2b6a-website_passionnement-1024x1024.jpg 1024w, https:\/\/www.greenpeace.org\/static\/planet4-belgium-stateless\/2023\/09\/5c8d2b6a-website_passionnement-300x300.jpg 300w, https:\/\/www.greenpeace.org\/static\/planet4-belgium-stateless\/2023\/09\/5c8d2b6a-website_passionnement-150x150.jpg 150w, https:\/\/www.greenpeace.org\/static\/planet4-belgium-stateless\/2023\/09\/5c8d2b6a-website_passionnement-768x768.jpg 768w, https:\/\/www.greenpeace.org\/static\/planet4-belgium-stateless\/2023\/09\/5c8d2b6a-website_passionnement-340x340.jpg 340w, https:\/\/www.greenpeace.org\/static\/planet4-belgium-stateless\/2023\/09\/5c8d2b6a-website_passionnement.jpg 1080w\" sizes=\"auto, (max-width: 150px) 100vw, 150px\" \/><\/a><\/figure>\n\n\n\n<figure class=\"wp-block-image size-large is-resized\"><a href=\"https:\/\/act.greenpeace.org\/page\/134843\/donate\/1?transaction.donationAmt=100&amp;locale=fr-BE\"><img loading=\"lazy\" decoding=\"async\" src=\"https:\/\/www.greenpeace.org\/static\/planet4-belgium-stateless\/2023\/09\/3409b5e2-website_a-la-folie-1024x1024.jpg\" alt=\"\" class=\"wp-image-53470\" width=\"150\" height=\"150\" srcset=\"https:\/\/www.greenpeace.org\/static\/planet4-belgium-stateless\/2023\/09\/3409b5e2-website_a-la-folie-1024x1024.jpg 1024w, https:\/\/www.greenpeace.org\/static\/planet4-belgium-stateless\/2023\/09\/3409b5e2-website_a-la-folie-300x300.jpg 300w, https:\/\/www.greenpeace.org\/static\/planet4-belgium-stateless\/2023\/09\/3409b5e2-website_a-la-folie-150x150.jpg 150w, https:\/\/www.greenpeace.org\/static\/planet4-belgium-stateless\/2023\/09\/3409b5e2-website_a-la-folie-768x768.jpg 768w, https:\/\/www.greenpeace.org\/static\/planet4-belgium-stateless\/2023\/09\/3409b5e2-website_a-la-folie-340x340.jpg 340w, https:\/\/www.greenpeace.org\/static\/planet4-belgium-stateless\/2023\/09\/3409b5e2-website_a-la-folie.jpg 1080w\" sizes=\"auto, (max-width: 150px) 100vw, 150px\" \/><\/a><\/figure>\n<\/div><figure class=\"wp-block-media-text__media\"><img loading=\"lazy\" decoding=\"async\" width=\"1024\" height=\"1024\" src=\"https:\/\/www.greenpeace.org\/static\/planet4-belgium-stateless\/2023\/09\/6683cc57-equivalence_final_fr-1-1024x1024.jpg\" alt=\"\" sizes=\"auto, (min-width: 1600px) calc((1320px - 24px) \/ 1.6129),(min-width: 1200px) calc((1140px - 24px) \/ 1.6129),(min-width: 992px) calc((960px - 24px) \/ 1.6129),(min-width: 768px) calc((720px - 24px) \/ 1.6129),(min-width: 601px) calc((540px - 24px) \/ 1.6129),(min-width: 577px) calc((540px - 24px) \/ 1), calc(100vw - 24px)\" srcset=\"https:\/\/www.greenpeace.org\/static\/planet4-belgium-stateless\/2023\/09\/6683cc57-equivalence_final_fr-1.jpg 1080w, https:\/\/www.greenpeace.org\/static\/planet4-belgium-stateless\/2023\/09\/6683cc57-equivalence_final_fr-1-300x300.jpg 300w, https:\/\/www.greenpeace.org\/static\/planet4-belgium-stateless\/2023\/09\/6683cc57-equivalence_final_fr-1-1024x1024.jpg 1024w, https:\/\/www.greenpeace.org\/static\/planet4-belgium-stateless\/2023\/09\/6683cc57-equivalence_final_fr-1-150x150.jpg 150w, https:\/\/www.greenpeace.org\/static\/planet4-belgium-stateless\/2023\/09\/6683cc57-equivalence_final_fr-1-768x768.jpg 768w, https:\/\/www.greenpeace.org\/static\/planet4-belgium-stateless\/2023\/09\/6683cc57-equivalence_final_fr-1-340x340.jpg 340w\" class=\"wp-image-53494 size-full\"\/><\/figure><\/div>\n<\/div>\n<\/div>\n\n<div class=\"wp-block-buttons is-content-justification-center is-layout-flex wp-container-core-buttons-is-layout-16018d1d wp-block-buttons-is-layout-flex\">\n<div class=\"wp-block-button is-style-cta\"><a class=\"wp-block-button__link wp-element-button\" href=\"https:\/\/act.greenpeace.org\/page\/134843\/donate\/1?locale=fr-BE\" target=\"_blank\" rel=\"noreferrer noopener\">J&rsquo;offre un panier solidaire<\/a><\/div>\n<\/div>\n\n<div style=\"height:100px\" aria-hidden=\"true\" class=\"wp-block-spacer\"><\/div>\n<div data-render=\"planet4-blocks\/happypoint\" data-attributes=\"{&quot;attributes&quot;:{&quot;id&quot;:52198,&quot;override_default_content&quot;:true,&quot;local_content_provider&quot;:&quot;iframe_url&quot;,&quot;opacity&quot;:30}}\"><\/div>","protected":false},"excerpt":{"rendered":"<p>En 2022, 600 000 personnes ont fait appel \u00e0 un service d\u2019aide alimentaire en Belgique. Malheureusement, la pr\u00e9carit\u00e9 alimentaire est toujours une r\u00e9alit\u00e9.\u00a0En offrant un panier fermier solidaire, vous fournissez l\u2019\u00e9quivalent de 2 semaines de fruits et de l\u00e9gumes frais \u00e0 2 familles en situation de pr\u00e9carit\u00e9. Ce n\u2019est pas tout. Vous soutenez aussi une agriculture respectueuse de l\u2019environnement, de la biodiversit\u00e9 et de la sant\u00e9 de tou\u00b7tes.\u00a0Vous pouvez faire la diff\u00e9rence, faites un don maintenant.<\/p>\n","protected":false},"author":82,"featured_media":53423,"parent":0,"menu_order":0,"comment_status":"closed","ping_status":"closed","template":"","meta":{"ep_exclude_from_search":false,"p4_hide_page_title_checkbox":"","p4_title":"","p4_subtitle":"","p4_description":"","background_image_id":"","background_image":"","p4_button_title":"","p4_button_link":"","p4_button_link_checkbox":"","p4_og_title":"","p4_og_description":"","p4_og_image":"","p4_og_image_id":"","p4_seo_canonical_url":"","p4_campaign_name":"not set","p4_local_project":"not set","p4_basket_name":"not set","p4_department":"","footnotes":""},"categories":[170,168],"tags":[],"class_list":["post-53390","page","type-page","status-publish","has-post-thumbnail","hentry","category-agriculture","category-campagnes"],"_links":{"self":[{"href":"https:\/\/www.greenpeace.org\/belgium\/fr\/wp-json\/wp\/v2\/pages\/53390","targetHints":{"allow":["GET"]}}],"collection":[{"href":"https:\/\/www.greenpeace.org\/belgium\/fr\/wp-json\/wp\/v2\/pages"}],"about":[{"href":"https:\/\/www.greenpeace.org\/belgium\/fr\/wp-json\/wp\/v2\/types\/page"}],"author":[{"embeddable":true,"href":"https:\/\/www.greenpeace.org\/belgium\/fr\/wp-json\/wp\/v2\/users\/82"}],"replies":[{"embeddable":true,"href":"https:\/\/www.greenpeace.org\/belgium\/fr\/wp-json\/wp\/v2\/comments?post=53390"}],"version-history":[{"count":20,"href":"https:\/\/www.greenpeace.org\/belgium\/fr\/wp-json\/wp\/v2\/pages\/53390\/revisions"}],"predecessor-version":[{"id":56704,"href":"https:\/\/www.greenpeace.org\/belgium\/fr\/wp-json\/wp\/v2\/pages\/53390\/revisions\/56704"}],"wp:featuredmedia":[{"embeddable":true,"href":"https:\/\/www.greenpeace.org\/belgium\/fr\/wp-json\/wp\/v2\/media\/53423"}],"wp:attachment":[{"href":"https:\/\/www.greenpeace.org\/belgium\/fr\/wp-json\/wp\/v2\/media?parent=53390"}],"wp:term":[{"taxonomy":"category","embeddable":true,"href":"https:\/\/www.greenpeace.org\/belgium\/fr\/wp-json\/wp\/v2\/categories?post=53390"},{"taxonomy":"post_tag","embeddable":true,"href":"https:\/\/www.greenpeace.org\/belgium\/fr\/wp-json\/wp\/v2\/tags?post=53390"}],"curies":[{"name":"wp","href":"https:\/\/api.w.org\/{rel}","templated":true}]}}