{"id":53624,"date":"2023-09-22T08:49:25","date_gmt":"2023-09-22T07:49:25","guid":{"rendered":"https:\/\/www.greenpeace.org\/belgium\/?page_id=53624"},"modified":"2023-10-03T14:43:34","modified_gmt":"2023-10-03T13:43:34","slug":"podcast-hope-in-action","status":"publish","type":"page","link":"https:\/\/www.greenpeace.org\/belgium\/fr\/podcast-hope-in-action\/","title":{"rendered":"Podcast Hope In Action"},"content":{"rendered":"\n<h2 class=\"wp-block-heading\">Hope in Action<\/h2>\n\n<h3 class=\"wp-block-heading\">Un podcast de Greenpeace Belgique<\/h3>\n\n<div class=\"wp-block-media-text alignwide has-media-on-the-right is-stacked-on-mobile\"><div class=\"wp-block-media-text__content\">\n<p>Hope in Action c\u2019est le podcast dans lequel on revient ensemble sur une action de Greenpeace.&nbsp;<\/p>\n\n\n\n<p>Qu&rsquo;il s&rsquo;agisse d&rsquo;actions spectaculaires perch\u00e9es sur des b\u00e2timents europ\u00e9ens, d&rsquo;arr\u00eater des jets priv\u00e9s ou encore d\u2019occuper le terminal d\u2019un g\u00e9ant des \u00e9nergies fossiles, nous en discutons ensemble dans notre podcast.<\/p>\n\n\n\n<p>Dans chaque \u00e9pisode, un\u00b7e activiste revient sur une action qui l\u2019a marqu\u00e9\u00b7e et nous raconte ses motivations qui le\u00b7la poussent \u00e0 agir pour un monde plus vert et plus juste.<\/p>\n\n\n\n<p>Besoin d&rsquo;une histoire positive ? Ou simplement envie d\u2019une histoire palpitante ? Laissez-vous inspirer et \u00e9coutez Hope in action. Nouvel \u00e9pisode en fran\u00e7ais chaque 1er du mois.<\/p>\n<\/div><figure class=\"wp-block-media-text__media\"><img loading=\"lazy\" decoding=\"async\" width=\"1024\" height=\"1024\" src=\"https:\/\/www.greenpeace.org\/static\/planet4-belgium-stateless\/2023\/09\/52e44393-hope-in-action_logo-final-1024x1024.png\" alt=\"\" sizes=\"auto, (min-width: 1600px) calc((1320px - 24px) \/ 2),(min-width: 1200px) calc((1140px - 24px) \/ 2),(min-width: 992px) calc((960px - 24px) \/ 2),(min-width: 768px) calc((720px - 24px) \/ 2),(min-width: 601px) calc((540px - 24px) \/ 2),(min-width: 577px) calc((540px - 24px) \/ 1), calc(100vw - 24px)\" srcset=\"https:\/\/www.greenpeace.org\/static\/planet4-belgium-stateless\/2023\/09\/52e44393-hope-in-action_logo-final.png 1102w, https:\/\/www.greenpeace.org\/static\/planet4-belgium-stateless\/2023\/09\/52e44393-hope-in-action_logo-final-300x300.png 300w, https:\/\/www.greenpeace.org\/static\/planet4-belgium-stateless\/2023\/09\/52e44393-hope-in-action_logo-final-1024x1024.png 1024w, https:\/\/www.greenpeace.org\/static\/planet4-belgium-stateless\/2023\/09\/52e44393-hope-in-action_logo-final-150x150.png 150w, https:\/\/www.greenpeace.org\/static\/planet4-belgium-stateless\/2023\/09\/52e44393-hope-in-action_logo-final-768x768.png 768w, https:\/\/www.greenpeace.org\/static\/planet4-belgium-stateless\/2023\/09\/52e44393-hope-in-action_logo-final-340x340.png 340w\" class=\"wp-image-53628 size-full\"\/><\/figure><\/div>\n\n<div id='buzzsprout-large-player-artist-greenpeace-belgium'><\/div><script type='text\/javascript' charset='utf-8' src='https:\/\/www.buzzsprout.com\/2250552.js?artist=Greenpeace+Belgium&#038;container_id=buzzsprout-large-player-artist-greenpeace-belgium&#038;player=large'><\/script>\n\n<p>Des&nbsp; questions ? Des remarques? Ou simplement un mot d\u2019encouragement ? Vous pouvez nous contacter directement <a href=\"https:\/\/www.greenpeace.org\/belgium\/fr\/contact\/\">via ce formulaire<\/a>.<\/p>\n\n<p>Vous aussi vous voulez contribuer \u00e0 une plan\u00e8te plus verte et plus juste ?<\/p>\n\n<div class=\"wp-block-buttons is-content-justification-center is-layout-flex wp-container-core-buttons-is-layout-16018d1d wp-block-buttons-is-layout-flex\">\n<div class=\"wp-block-button\"><a class=\"wp-block-button__link wp-element-button\" href=\"https:\/\/www.greenpeace.org\/belgium\/fr\/agir\/devenir-activiste\/\">Devenir activiste<\/a><\/div>\n\n\n\n<div class=\"wp-block-button\"><a class=\"wp-block-button__link wp-element-button\" href=\"https:\/\/act.greenpeace.org\/page\/136363\/donate\/1?locale=fr-BE\">Faire un don<\/a><\/div>\n\n\n\n<div class=\"wp-block-button\"><a class=\"wp-block-button__link wp-element-button\" href=\"https:\/\/www.greenpeace.org\/belgium\/fr\/agir\/devenir-volontaire\/\">Devenir volontaire<\/a><\/div>\n<\/div>\n\n<div style=\"height:100px\" aria-hidden=\"true\" class=\"wp-block-spacer\"><\/div>\n<div data-render=\"planet4-blocks\/happypoint\" data-attributes=\"{&quot;attributes&quot;:{&quot;focus_image&quot;:&quot;0% 0%&quot;,&quot;opacity&quot;:100,&quot;iframe_url&quot;:&quot;https:\\\/\\\/act.greenpeace.org\\\/page\\\/36917\\\/subscribe\\\/1?locale=fr-BE&quot;,&quot;id&quot;:53578,&quot;override_default_content&quot;:true,&quot;local_content_provider&quot;:&quot;iframe_url&quot;}}\"><\/div>","protected":false},"excerpt":{"rendered":"<p>Hope in Action c\u2019est le podcast dans lequel on revient ensemble sur une action de Greenpeace. <\/p>\n","protected":false},"author":105,"featured_media":53628,"parent":0,"menu_order":0,"comment_status":"closed","ping_status":"closed","template":"","meta":{"ep_exclude_from_search":false,"p4_hide_page_title_checkbox":"on","p4_title":"","p4_subtitle":"","p4_description":"","background_image_id":"","background_image":"","p4_button_title":"","p4_button_link":"","p4_button_link_checkbox":"","p4_og_title":"","p4_og_description":"","p4_og_image":"","p4_og_image_id":"","p4_seo_canonical_url":"","p4_campaign_name":"not set","p4_local_project":"not set","p4_basket_name":"not set","p4_department":"","footnotes":""},"categories":[],"tags":[],"class_list":["post-53624","page","type-page","status-publish","has-post-thumbnail","hentry"],"_links":{"self":[{"href":"https:\/\/www.greenpeace.org\/belgium\/fr\/wp-json\/wp\/v2\/pages\/53624","targetHints":{"allow":["GET"]}}],"collection":[{"href":"https:\/\/www.greenpeace.org\/belgium\/fr\/wp-json\/wp\/v2\/pages"}],"about":[{"href":"https:\/\/www.greenpeace.org\/belgium\/fr\/wp-json\/wp\/v2\/types\/page"}],"author":[{"embeddable":true,"href":"https:\/\/www.greenpeace.org\/belgium\/fr\/wp-json\/wp\/v2\/users\/105"}],"replies":[{"embeddable":true,"href":"https:\/\/www.greenpeace.org\/belgium\/fr\/wp-json\/wp\/v2\/comments?post=53624"}],"version-history":[{"count":16,"href":"https:\/\/www.greenpeace.org\/belgium\/fr\/wp-json\/wp\/v2\/pages\/53624\/revisions"}],"predecessor-version":[{"id":54856,"href":"https:\/\/www.greenpeace.org\/belgium\/fr\/wp-json\/wp\/v2\/pages\/53624\/revisions\/54856"}],"wp:featuredmedia":[{"embeddable":true,"href":"https:\/\/www.greenpeace.org\/belgium\/fr\/wp-json\/wp\/v2\/media\/53628"}],"wp:attachment":[{"href":"https:\/\/www.greenpeace.org\/belgium\/fr\/wp-json\/wp\/v2\/media?parent=53624"}],"wp:term":[{"taxonomy":"category","embeddable":true,"href":"https:\/\/www.greenpeace.org\/belgium\/fr\/wp-json\/wp\/v2\/categories?post=53624"},{"taxonomy":"post_tag","embeddable":true,"href":"https:\/\/www.greenpeace.org\/belgium\/fr\/wp-json\/wp\/v2\/tags?post=53624"}],"curies":[{"name":"wp","href":"https:\/\/api.w.org\/{rel}","templated":true}]}}