{"id":53856,"date":"2023-09-26T10:26:11","date_gmt":"2023-09-26T09:26:11","guid":{"rendered":"https:\/\/www.greenpeace.org\/belgium\/?page_id=53856"},"modified":"2025-07-02T08:21:18","modified_gmt":"2025-07-02T07:21:18","slug":"qui-sommes-nous","status":"publish","type":"page","link":"https:\/\/www.greenpeace.org\/belgium\/fr\/qui-sommes-nous\/","title":{"rendered":"Qui sommes nous ?"},"content":{"rendered":"<div data-hydrate=\"planet4-blocks\/gallery\" data-attributes=\"{&quot;attributes&quot;:{&quot;multiple_image&quot;:&quot;53815,53817,53819&quot;,&quot;gallery_block_focus_points&quot;:&quot;{\\&quot;54213\\&quot;:\\&quot;50% 50%\\&quot;,\\&quot;54661\\&quot;:\\&quot;28.000000000000004% 50%\\&quot;,\\&quot;54663\\&quot;:\\&quot;50% 50%\\&quot;}&quot;,&quot;image_data&quot;:[{&quot;url&quot;:&quot;https:\\\/\\\/www.greenpeace.org\\\/static\\\/planet4-belgium-stateless\\\/2023\\\/09\\\/2ed826e7-gp0stoghg_web_size.jpg&quot;,&quot;focalPoint&quot;:{&quot;x&quot;:0.5,&quot;y&quot;:0.5},&quot;id&quot;:53815},{&quot;url&quot;:&quot;https:\\\/\\\/www.greenpeace.org\\\/static\\\/planet4-belgium-stateless\\\/2023\\\/09\\\/6b3ef24f-gp0stqv7h_web_size.jpg&quot;,&quot;focalPoint&quot;:{&quot;x&quot;:0.5,&quot;y&quot;:0.5},&quot;id&quot;:53817},{&quot;url&quot;:&quot;https:\\\/\\\/www.greenpeace.org\\\/static\\\/planet4-belgium-stateless\\\/2023\\\/09\\\/4d49c2fa-gp1sx2mo_web_size.jpg&quot;,&quot;focalPoint&quot;:{&quot;x&quot;:0.5,&quot;y&quot;:0.5},&quot;id&quot;:53819}],&quot;className&quot;:&quot;is-style-three-columns&quot;,&quot;gallery_block_style&quot;:0,&quot;gallery_block_title&quot;:&quot;&quot;,&quot;gallery_block_description&quot;:&quot;&quot;,&quot;images&quot;:[{&quot;image_src&quot;:&quot;https:\\\/\\\/www.greenpeace.org\\\/static\\\/planet4-belgium-stateless\\\/2023\\\/09\\\/2ed826e7-gp0stoghg_web_size.jpg&quot;,&quot;image_srcset&quot;:&quot;https:\\\/\\\/www.greenpeace.org\\\/static\\\/planet4-belgium-stateless\\\/2023\\\/09\\\/2ed826e7-gp0stoghg_web_size.jpg 799w, https:\\\/\\\/www.greenpeace.org\\\/static\\\/planet4-belgium-stateless\\\/2023\\\/09\\\/2ed826e7-gp0stoghg_web_size-300x200.jpg 300w, https:\\\/\\\/www.greenpeace.org\\\/static\\\/planet4-belgium-stateless\\\/2023\\\/09\\\/2ed826e7-gp0stoghg_web_size-768x512.jpg 768w, https:\\\/\\\/www.greenpeace.org\\\/static\\\/planet4-belgium-stateless\\\/2023\\\/09\\\/2ed826e7-gp0stoghg_web_size-510x340.jpg 510w&quot;,&quot;image_sizes&quot;:false,&quot;alt_text&quot;:&quot;&quot;,&quot;caption&quot;:&quot;Greenpeace swimmer hold a banner reading \\&quot;Stop\\&quot; in front of the Safmarine Sahara, a cargo ship entering the port of La Rochelle, France. The ship is loaded with timber sourced from companies with links to illegal logging operations in the DRC. The action exposes France\\u2019s role in fuelling the destruction of the DRC rainforest by buying timber illegally logged in the region. Greenpeace is urging the owners of the shipment to reject timber from illegal loggers until they can prove that the timber comes from legal sources. Greenpeace is also calling on the French government to tackle illegal logging and improve forest governance and law enforcement.&quot;,&quot;focus_image&quot;:&quot;&quot;,&quot;credits&quot;:&quot;&quot;},{&quot;image_src&quot;:&quot;https:\\\/\\\/www.greenpeace.org\\\/static\\\/planet4-belgium-stateless\\\/2023\\\/09\\\/6b3ef24f-gp0stqv7h_web_size.jpg&quot;,&quot;image_srcset&quot;:&quot;https:\\\/\\\/www.greenpeace.org\\\/static\\\/planet4-belgium-stateless\\\/2023\\\/09\\\/6b3ef24f-gp0stqv7h_web_size.jpg 800w, https:\\\/\\\/www.greenpeace.org\\\/static\\\/planet4-belgium-stateless\\\/2023\\\/09\\\/6b3ef24f-gp0stqv7h_web_size-300x200.jpg 300w, https:\\\/\\\/www.greenpeace.org\\\/static\\\/planet4-belgium-stateless\\\/2023\\\/09\\\/6b3ef24f-gp0stqv7h_web_size-768x512.jpg 768w, https:\\\/\\\/www.greenpeace.org\\\/static\\\/planet4-belgium-stateless\\\/2023\\\/09\\\/6b3ef24f-gp0stqv7h_web_size-510x340.jpg 510w&quot;,&quot;image_sizes&quot;:false,&quot;alt_text&quot;:&quot;&quot;,&quot;caption&quot;:&quot;The Shiant Isles are home to large populations of seabirds, including thousands of Puffins, Guillemots and Razorbills found on the cree slopes of the island Garbh Eilean. The islands are also home to northern fulmars, shags, skuas, gulls and kittiwakes. The three main islands are called Garbh Eilean (rough island) and Eilean an Taighe (house island) and Eilean Mhuire (Mary Island) The islands are uninhabited apart from the island of Eilean Taigh which houses a small bothy open to researchers and visitors. Currently nature conservation charity the RSPB are working on the island monitoring bird populations and the success of the recent rat eradication effort.\\n\\nGreenpeace has brought its ship the Beluga II on an expedition of scientific research around Scotland, sampling seawater for microplastics and documenting the impact of ocean plastic on some of the UK\\u2019s most precious marine life.&quot;,&quot;focus_image&quot;:&quot;&quot;,&quot;credits&quot;:&quot;&quot;},{&quot;image_src&quot;:&quot;https:\\\/\\\/www.greenpeace.org\\\/static\\\/planet4-belgium-stateless\\\/2023\\\/09\\\/4d49c2fa-gp1sx2mo_web_size.jpg&quot;,&quot;image_srcset&quot;:&quot;https:\\\/\\\/www.greenpeace.org\\\/static\\\/planet4-belgium-stateless\\\/2023\\\/09\\\/4d49c2fa-gp1sx2mo_web_size.jpg 800w, https:\\\/\\\/www.greenpeace.org\\\/static\\\/planet4-belgium-stateless\\\/2023\\\/09\\\/4d49c2fa-gp1sx2mo_web_size-300x200.jpg 300w, https:\\\/\\\/www.greenpeace.org\\\/static\\\/planet4-belgium-stateless\\\/2023\\\/09\\\/4d49c2fa-gp1sx2mo_web_size-768x512.jpg 768w, https:\\\/\\\/www.greenpeace.org\\\/static\\\/planet4-belgium-stateless\\\/2023\\\/09\\\/4d49c2fa-gp1sx2mo_web_size-510x340.jpg 510w&quot;,&quot;image_sizes&quot;:false,&quot;alt_text&quot;:&quot;&quot;,&quot;caption&quot;:&quot;Greenpeace Nordic activists take peaceful action at sea to confront Russian fossil fuels that are still being shipped out through the Baltic Sea to fuel the war in Ukraine.\\n\\nActivists in RHIB boats, and kayaks, place themselves in the path an oil tanker on its way from Russia to a European port. \\n\\nGreenpeace calls on Europe to reject and ban any import of fossil fuels from Russia that fuel the conflict in Ukraine, and to rapidly phase out all fossil fuels to fight the climate crisis and protect humanity.&quot;,&quot;focus_image&quot;:&quot;&quot;,&quot;credits&quot;:&quot;&quot;}]}}\"><section class=\"block split-three-column is-style-three-columns\"><\/section><\/div>\n<h2 class=\"wp-block-heading has-text-align-center\">NOUS SOMMES GREENPEACE<\/h2>\n\n<p><em>Greenpeace est un r\u00e9seau international d\u2019organisations ind\u00e9pendantes qui agissent selon les principes de non-violence pour prot\u00e9ger l\u2019environnement, la biodiversit\u00e9 et promouvoir la paix. Elle s\u2019appuie sur un mouvement de citoyen\u00b7nes engag\u00e9\u00b7es pour construire un monde juste et durable pour les g\u00e9n\u00e9rations actuelles et \u00e0 venir.<\/em><\/p>\n\n<p>Greenpeace est n\u00e9e du courage et de la conviction d\u2019un petit groupe de personnes engag\u00e9es contre les essais nucl\u00e9aires en 1971. Aujourd\u2019hui encore, nous restons convaincu\u00b7es que le changement passe par l\u2019engagement et l\u2019action d\u2019un nombre toujours plus important de citoyen\u00b7nes qui refusent la fatalit\u00e9 et d\u00e9cident d\u2019agir ensemble.<\/p>\n\n<p>Avec le soutien de millions de personnes comme vous, Greenpeace s\u2019engage aux quatre coins du monde pour une plan\u00e8te plus verte, pour la justice sociale et pour la paix. Ensemble, nous avons la force, les connaissances et le courage n\u00e9cessaires pour faire face aux grands probl\u00e8mes environnementaux et \u00e0 leurs causes. Ensemble, nous ferons \u00e9voluer les choses.<\/p>\n\n<h3 class=\"wp-block-heading\">NOS VALEURS FONDAMENTALES<\/h3>\n\n<p><\/p>\n\n<h4 class=\"wp-block-heading has-action-yellow-background-color has-background\">IND\u00c9PENDANCE<\/h4>\n\n<p>Greenpeace n\u2019accepte pas d\u2019argent des gouvernements, entreprises ou partis politiques. Cela nous permet d&rsquo;\u00eatre parfaitement ind\u00e9pendant\u00b7es. Nos ressources financi\u00e8res proviennent de dons de particuliers, de fondations ou de personnes qui ajoutent Greenpeace \u00e0 leur testament car elles veulent que leur engagement pour l\u2019environnement perdure.<\/p>\n\n<h4 class=\"wp-block-heading has-action-yellow-background-color has-background\">ESPOIR &amp; SOLUTIONS<\/h4>\n\n<p>Nous sommes tourn\u00e9\u00b7es vers l\u2019avenir et nous apportons espoir et solutions. Les campagnes de Greenpeace reposent sur des bases scientifiques : nous \u00e9tayons nos d\u00e9couvertes par des recherches approfondies sur le terrain, sur base desquelles nous publions des rapports d\u2019investigation clairs. Nous n\u2019h\u00e9sitons pas \u00e0 d\u00e9noncer les comportements r\u00e9pr\u00e9hensibles, fraudes et autres pratiques suspectes, et nous recherchons constamment des moyens concrets et r\u00e9alistes de rendre le monde meilleur.<\/p>\n\n<h4 class=\"wp-block-heading has-action-yellow-background-color has-background\">NON-VIOLENCE<\/h4>\n\n<p>Nos actions sont toujours pacifiques, m\u00eame si elles peuvent parfois para\u00eetre provocantes ou conflictuelles. Nous pratiquons la d\u00e9sob\u00e9issance civile : en remettant en cause certains comportements et certaines id\u00e9es, nous voulons susciter des changements favorables \u00e0 notre plan\u00e8te, pour notre g\u00e9n\u00e9ration et les g\u00e9n\u00e9rations \u00e0 venir.<\/p>\n\n<h4 class=\"wp-block-heading has-action-yellow-background-color has-background\">TRANSPARENCE<\/h4>\n\n<p>Greenpeace attache une grande importance \u00e0 la <a href=\"https:\/\/www.greenpeace.org\/belgium\/fr\/transparence-financiere\/\">transparence financi\u00e8re<\/a> et s\u2019engage \u00e0 informer ses donateur\u00b7rices et le public sur l\u2019utilisation des fonds re\u00e7us. Environ 63% des dons sont allou\u00e9s aux campagnes de protection de l\u2019environnement, 28% sont consacr\u00e9s \u00e0 la collecte de fonds et environ 9% sont utilis\u00e9s pour les d\u00e9penses administratives.<\/p>\n\n<p><a href=\"https:\/\/www.greenpeace.org\/belgium\/fr\/transparence-financiere\/\">En savoir plus<\/a><\/p>\n\n<h4 class=\"wp-block-heading has-action-yellow-background-color has-background\">JUSTICE CLIMATIQUE<\/h4>\n\n<p>Climat et justice sociale sont intimement li\u00e9s. Les effets de la crise climatique se font sentir plus durement dans l\u2019h\u00e9misph\u00e8re Sud. En Belgique, nous contastons que les habitant\u00b7es des quartiers plus pauvres ont un acc\u00e8s plus compliqu\u00e9 aux espaces verts et souffrent davantage de la hausse des prix de l\u2019\u00e9nergie. Greenpeace appelle \u00e0 une transition vers un monde juste dans lequel les besoin vitaux de tou\u00b7tes sont garantis et les \u00e9cosyst\u00e8mes prot\u00e9g\u00e9s.<\/p>\n\n<h4 class=\"wp-block-heading has-action-yellow-background-color has-background\">COOP\u00c9RATION<\/h4>\n\n<p>Greenpeace dispose d\u2019un vaste r\u00e9seau et forme des coallitions avec diff\u00e9rents partenaires. Nous aidons aussi les mouvements citoyens et les petits groupes d\u2019action en mettant \u00e0 leur disposition nos locaux, notre mat\u00e9riel, notre savoir-faire, et en leur offrant parfois m\u00eame une assistance juridique. Ensemble, nous sommes plus fort\u00b7es !<\/p>\n\n<div style=\"height:40px\" aria-hidden=\"true\" class=\"wp-block-spacer\"><\/div>\n\n<h3 class=\"wp-block-heading has-text-align-center\">Chacun de vos dons compte et nous aide \u00e0 mener nos campagnes.<\/h3>\n\n<div class=\"wp-block-buttons has-custom-font-size has-medium-font-size is-content-justification-center is-layout-flex wp-container-core-buttons-is-layout-16018d1d wp-block-buttons-is-layout-flex\">\n<div class=\"wp-block-button is-style-transparent\"><a class=\"wp-block-button__link has-white-color has-dark-green-800-background-color has-text-color has-background has-text-align-center wp-element-button\" href=\"https:\/\/act.greenpeace.org\/page\/134936\/donate\/1?locale=fr-BE\">FAIRE UN DON \u2764<\/a><\/div>\n<\/div>\n\n<div style=\"height:40px\" aria-hidden=\"true\" class=\"wp-block-spacer\"><\/div>\n<div data-render=\"planet4-blocks\/happypoint\" data-attributes=\"{&quot;attributes&quot;:{&quot;focus_image&quot;:&quot;0% 0%&quot;,&quot;opacity&quot;:100,&quot;iframe_url&quot;:&quot;&quot;,&quot;id&quot;:53578,&quot;override_default_content&quot;:true,&quot;local_content_provider&quot;:&quot;iframe_url&quot;,&quot;embed_code&quot;:&quot;&quot;}}\"><\/div>","protected":false},"excerpt":{"rendered":"<p>NOUS SOMMES GREENPEACE Greenpeace est un r\u00e9seau international d\u2019organisations ind\u00e9pendantes qui agissent selon les principes de non-violence pour prot\u00e9ger l\u2019environnement, la biodiversit\u00e9 et promouvoir la paix. Elle s\u2019appuie sur un mouvement de citoyen\u00b7nes engag\u00e9\u00b7es pour construire un monde juste et durable pour les g\u00e9n\u00e9rations actuelles et \u00e0 venir. Greenpeace est n\u00e9e du courage et de [&hellip;]<\/p>\n","protected":false},"author":105,"featured_media":0,"parent":0,"menu_order":0,"comment_status":"closed","ping_status":"closed","template":"","meta":{"ep_exclude_from_search":false,"p4_hide_page_title_checkbox":"on","p4_title":"","p4_subtitle":"","p4_description":"","background_image_id":"","background_image":"","p4_button_title":"","p4_button_link":"","p4_button_link_checkbox":"","p4_og_title":"","p4_og_description":"","p4_og_image":"","p4_og_image_id":"","p4_seo_canonical_url":"","p4_campaign_name":"","p4_local_project":"","p4_basket_name":"","p4_department":"","footnotes":""},"categories":[189],"tags":[],"class_list":["post-53856","page","type-page","status-publish","hentry","category-qui-sommes-nous"],"_links":{"self":[{"href":"https:\/\/www.greenpeace.org\/belgium\/fr\/wp-json\/wp\/v2\/pages\/53856","targetHints":{"allow":["GET"]}}],"collection":[{"href":"https:\/\/www.greenpeace.org\/belgium\/fr\/wp-json\/wp\/v2\/pages"}],"about":[{"href":"https:\/\/www.greenpeace.org\/belgium\/fr\/wp-json\/wp\/v2\/types\/page"}],"author":[{"embeddable":true,"href":"https:\/\/www.greenpeace.org\/belgium\/fr\/wp-json\/wp\/v2\/users\/105"}],"replies":[{"embeddable":true,"href":"https:\/\/www.greenpeace.org\/belgium\/fr\/wp-json\/wp\/v2\/comments?post=53856"}],"version-history":[{"count":9,"href":"https:\/\/www.greenpeace.org\/belgium\/fr\/wp-json\/wp\/v2\/pages\/53856\/revisions"}],"predecessor-version":[{"id":62035,"href":"https:\/\/www.greenpeace.org\/belgium\/fr\/wp-json\/wp\/v2\/pages\/53856\/revisions\/62035"}],"wp:attachment":[{"href":"https:\/\/www.greenpeace.org\/belgium\/fr\/wp-json\/wp\/v2\/media?parent=53856"}],"wp:term":[{"taxonomy":"category","embeddable":true,"href":"https:\/\/www.greenpeace.org\/belgium\/fr\/wp-json\/wp\/v2\/categories?post=53856"},{"taxonomy":"post_tag","embeddable":true,"href":"https:\/\/www.greenpeace.org\/belgium\/fr\/wp-json\/wp\/v2\/tags?post=53856"}],"curies":[{"name":"wp","href":"https:\/\/api.w.org\/{rel}","templated":true}]}}