{"id":53892,"date":"2023-09-26T10:40:33","date_gmt":"2023-09-26T09:40:33","guid":{"rendered":"https:\/\/www.greenpeace.org\/belgium\/?page_id=53892"},"modified":"2024-05-23T14:42:38","modified_gmt":"2024-05-23T13:42:38","slug":"notre-histoire","status":"publish","type":"page","link":"https:\/\/www.greenpeace.org\/belgium\/fr\/qui-sommes-nous\/notre-histoire\/","title":{"rendered":"Notre histoire"},"content":{"rendered":"\n<div style=\"height:50px\" aria-hidden=\"true\" class=\"wp-block-spacer\"><\/div>\n\n<div class=\"wp-block-group is-nowrap is-layout-flex wp-container-core-group-is-layout-ad2f72ca wp-block-group-is-layout-flex\">\n<figure class=\"wp-block-image alignleft size-full is-resized\"><img loading=\"lazy\" decoding=\"async\" width=\"512\" height=\"512\" src=\"https:\/\/www.greenpeace.org\/static\/planet4-belgium-stateless\/2023\/09\/6a7de961-greenpeace-belgique-historique-pictogramme.png\" alt=\"\" class=\"wp-image-53755\" style=\"width:75px;height:75px\" srcset=\"https:\/\/www.greenpeace.org\/static\/planet4-belgium-stateless\/2023\/09\/6a7de961-greenpeace-belgique-historique-pictogramme.png 512w, https:\/\/www.greenpeace.org\/static\/planet4-belgium-stateless\/2023\/09\/6a7de961-greenpeace-belgique-historique-pictogramme-300x300.png 300w, https:\/\/www.greenpeace.org\/static\/planet4-belgium-stateless\/2023\/09\/6a7de961-greenpeace-belgique-historique-pictogramme-150x150.png 150w, https:\/\/www.greenpeace.org\/static\/planet4-belgium-stateless\/2023\/09\/6a7de961-greenpeace-belgique-historique-pictogramme-340x340.png 340w\" sizes=\"auto, (max-width: 512px) 100vw, 512px\" \/><\/figure>\n\n\n\n<h2 class=\"wp-block-heading\"><mark style=\"background-color:#ffe100\" class=\"has-inline-color\">NOTRE HISTOIRE<\/mark><\/h2>\n<\/div>\n\n<p>L&rsquo;histoire de Greenpeace commence \u00e0 la fin des ann\u00e9es 1960, lorsque le gouvernement am\u00e9ricain effectue des essais d&rsquo;armes nucl\u00e9aires en Alaska. De nombreuses personnes craignent alors que ces tests ne provoquent une catastrophe majeure pour l&rsquo;environnement. En octobre 1970, un groupe d&rsquo;activistes organise un concert de bienfaisance \u00e0 Vancouver, au Canada, afin de r\u00e9colter des fonds pour acheter un bateau. Le \u00ab\u00a0Greenpeace\u00a0\u00bb mettra le cap vers l&rsquo;Alaska en 1971. Le bateau est arr\u00eat\u00e9 mais cette action marque fortement l&rsquo;opinion publique. Peu de temps apr\u00e8s, les Etats-Unis mettent fin aux essais nucl\u00e9aires en Alaska. A l&rsquo;\u00e9poque, la lutte contre les essais nucl\u00e9aires \u00e9tait au centre de l&rsquo;action de Greenpeace et puis au fur et \u00e0 mesure du temps, d&rsquo;autres priorit\u00e9s se sont ajout\u00e9es \u00e0 nos missions, comme la luttre contre la chasse \u00e0 la baleine et aux phoques, la protection des oc\u00e9ans et de l&rsquo;environnement, la justice climatique, la transition \u00e9nerg\u00e9tique et d&rsquo;autres encore.<\/p>\n\n<p>La d\u00e9sormais c\u00e9l\u00e8bre fusion de la paix et de l\u2019\u00e9cologie &#8211; Greenpeace &#8211; a fourni l\u2019\u00e9nergie n\u00e9cessaire \u00e0 d\u2019innombrables campagnes pour un avenir meilleur et plus juste. Aujourd\u2019hui, Greenpeace est pr\u00e9sente dans 55 pays, compte des milliers d\u2019employ\u00e9\u00b7es, des dizaines de milliers de b\u00e9n\u00e9voles et plusieurs dizaines de millions de sympathisant\u00b7es.&nbsp;Nous sommes toutes et tous uni\u00b7es par une mission et des valeurs communes pour prot\u00e9ger notre climat et toute forme de vie sur terre. Nous assumons l\u2019enti\u00e8re responsabilit\u00e9 de nos actes et agissons toujours de mani\u00e8re pacifique. Greenpeace est ind\u00e9pendante et ne re\u00e7oit d\u2019argent ni des gouvernements ni des entreprises. Nous cherchons \u00e9galement des solutions aux probl\u00e8mes que nous d\u00e9non\u00e7ons.<\/p>\n\n<p class=\"has-text-align-center\"><em><strong>Greenpeace, ce sont des millions de voix, support\u00e9es par des millions de personnes, agissant pour tout le monde. \u2013 Bill Darnell, membre fondateur de Greenpeace<\/strong><\/em><\/p>\n\n<div class=\"wp-block-media-text alignwide is-stacked-on-mobile has-beige-100-background-color has-background\"><figure class=\"wp-block-media-text__media\"><img decoding=\"async\" src=\"https:\/\/www.greenpeace.org\/static\/planet4-belgium-stateless-develop\/2023\/07\/8a1d8273-gp02zpf_web_size.jpg\" alt=\"\" sizes=\"(min-width: 1600px) calc((1320px - 24px) \/ 2),(min-width: 1200px) calc((1140px - 24px) \/ 2),(min-width: 992px) calc((960px - 24px) \/ 2),(min-width: 768px) calc((720px - 24px) \/ 2),(min-width: 601px) calc((540px - 24px) \/ 2),(min-width: 577px) calc((540px - 24px) \/ 1), calc(100vw - 24px)\" srcset=\"\" class=\"wp-image-54688 size-full\"\/><\/figure><div class=\"wp-block-media-text__content\">\n<h2 class=\"wp-block-heading\">GREENPEACE BELGIQUE<\/h2>\n\n\n\n<p>Greenpeace Belgique a \u00e9t\u00e9 fond\u00e9e en 1982. Nous avons d\u00e9di\u00e9 nos premi\u00e8res actions \u00e0 la probl\u00e9matique des pluies acides, mais nous avons rapidement mis en place de grandes campagnes contre le d\u00e9versement des d\u00e9chets nucl\u00e9aires en mer et pour la protection de l\u2019Antarctique, la sortie du nucl\u00e9aire et, plus r\u00e9cemment, pour un air plus sain dans nos villes.<\/p>\n<\/div><\/div>\n\n<h2 class=\"wp-block-heading\">50 ANS DE CHANGEMENT<\/h2>\n\n<p>Depuis 50 ans d\u00e9j\u00e0, sur tous les continents et oc\u00e9ans, nous nous exprimons sans langue de bois pour d\u00e9noncer la destruction de l\u2019environnement et pour y mettre un terme, tout en nous jetant dans la m\u00eal\u00e9e si cela s&rsquo;av\u00e8re n\u00e9cessaire. Nous enqu\u00eatons sans rel\u00e2che sur les pollutions et les crimes \u00e9cologiques (\u00e9cocide), et nous les documentons. Nous commandons des \u00e9tudes scientifiques, allons en justice si n\u00e9cessaire et faisons du travail d&rsquo;influence politique. Nous essayons, \u00e9chouons parfois et essayons encore, jusqu&rsquo;\u00e0 obtenir <a href=\"http:\/\/www.greenpeace.org\" data-type=\"URL\" data-id=\"www.greenpeace.org\">de belles victoires.<\/a><\/p>\n\n<p>Alors que nous venons de c\u00e9l\u00e9brer les 50 ans de la cr\u00e9ation de Greenpeace, nous sommes douloureusement conscient\u00b7es de la mont\u00e9e en fl\u00e8che de l\u2019injustice, de la cupidit\u00e9, de la corruption dans le monde, de l\u2019acc\u00e9l\u00e9ration de la destruction des habitats et de l\u2019urgence climatique qui plane comme un nuage noir sur notre avenir. Nous \u00e9tudions le pass\u00e9 pour en tirer des le\u00e7ons et penser mieux l\u2019avenir. Au fil du temps, nous avons appris que nous faisons partie de la nature et que nous n\u2019en sommes pas s\u00e9par\u00e9\u00b7es. Nous devons agir en partant du principe qu\u2019\u00ab aucune esp\u00e8ce n\u2019est en s\u00e9curit\u00e9 tant que toutes les esp\u00e8ces ne le sont pas \u00bb. Non seulement nous devons \u00e0 nouveau apprendre \u00e0 vivre en respectant les limites de cette plan\u00e8te mais nous devons faire en sorte que toutes les formes de vie puissent s\u2019y \u00e9panouir.<\/p>\n<div data-hydrate=\"planet4-blocks\/gallery\" data-attributes=\"{&quot;attributes&quot;:{&quot;multiple_image&quot;:&quot;53924,53910,53938,53916,53912,53926,53943,53940&quot;,&quot;image_data&quot;:[{&quot;url&quot;:&quot;https:\\\/\\\/www.greenpeace.org\\\/static\\\/planet4-belgium-stateless\\\/2023\\\/09\\\/031b2b0a-gp07m7_web_size.jpg&quot;,&quot;focalPoint&quot;:{&quot;x&quot;:0.5,&quot;y&quot;:0.5},&quot;id&quot;:53924},{&quot;url&quot;:&quot;https:\\\/\\\/www.greenpeace.org\\\/static\\\/planet4-belgium-stateless\\\/2023\\\/09\\\/e285fae4-gp01erh_web_size.jpg&quot;,&quot;focalPoint&quot;:{&quot;x&quot;:0.5,&quot;y&quot;:0.5},&quot;id&quot;:53910},{&quot;url&quot;:&quot;https:\\\/\\\/www.greenpeace.org\\\/static\\\/planet4-belgium-stateless\\\/2023\\\/09\\\/58013af6-gp09s6_web_size.jpg&quot;,&quot;focalPoint&quot;:{&quot;x&quot;:0.5,&quot;y&quot;:0.5},&quot;id&quot;:53938},{&quot;url&quot;:&quot;https:\\\/\\\/www.greenpeace.org\\\/static\\\/planet4-belgium-stateless\\\/2023\\\/09\\\/aa35133c-gp02zpe_web_size.jpg&quot;,&quot;focalPoint&quot;:{&quot;x&quot;:0.5,&quot;y&quot;:0.5},&quot;id&quot;:53916},{&quot;url&quot;:&quot;https:\\\/\\\/www.greenpeace.org\\\/static\\\/planet4-belgium-stateless\\\/2023\\\/09\\\/723f737f-gp01pbb_web_size.jpg&quot;,&quot;focalPoint&quot;:{&quot;x&quot;:0.5,&quot;y&quot;:0.5},&quot;id&quot;:53912},{&quot;url&quot;:&quot;https:\\\/\\\/www.greenpeace.org\\\/static\\\/planet4-belgium-stateless\\\/2023\\\/09\\\/f0351962-gp04rou_web_size.jpg&quot;,&quot;focalPoint&quot;:{&quot;x&quot;:0.5,&quot;y&quot;:0.5},&quot;id&quot;:53926},{&quot;url&quot;:&quot;https:\\\/\\\/www.greenpeace.org\\\/static\\\/planet4-belgium-stateless\\\/2023\\\/09\\\/2736f5b3-gp026m1_web_size.jpg&quot;,&quot;focalPoint&quot;:{&quot;x&quot;:0.5,&quot;y&quot;:0.5},&quot;id&quot;:53943},{&quot;url&quot;:&quot;https:\\\/\\\/www.greenpeace.org\\\/static\\\/planet4-belgium-stateless\\\/2023\\\/09\\\/9037aa94-gp011gq_web_size.jpg&quot;,&quot;focalPoint&quot;:{&quot;x&quot;:0.5,&quot;y&quot;:0.5},&quot;id&quot;:53940}],&quot;className&quot;:&quot;is-style-grid&quot;,&quot;gallery_block_style&quot;:0,&quot;gallery_block_title&quot;:&quot;&quot;,&quot;gallery_block_description&quot;:&quot;&quot;,&quot;gallery_block_focus_points&quot;:&quot;&quot;,&quot;images&quot;:[{&quot;image_src&quot;:&quot;https:\\\/\\\/www.greenpeace.org\\\/static\\\/planet4-belgium-stateless\\\/2023\\\/09\\\/031b2b0a-gp07m7_web_size.jpg&quot;,&quot;image_srcset&quot;:&quot;https:\\\/\\\/www.greenpeace.org\\\/static\\\/planet4-belgium-stateless\\\/2023\\\/09\\\/031b2b0a-gp07m7_web_size.jpg 800w, https:\\\/\\\/www.greenpeace.org\\\/static\\\/planet4-belgium-stateless\\\/2023\\\/09\\\/031b2b0a-gp07m7_web_size-300x203.jpg 300w, https:\\\/\\\/www.greenpeace.org\\\/static\\\/planet4-belgium-stateless\\\/2023\\\/09\\\/031b2b0a-gp07m7_web_size-768x519.jpg 768w, https:\\\/\\\/www.greenpeace.org\\\/static\\\/planet4-belgium-stateless\\\/2023\\\/09\\\/031b2b0a-gp07m7_web_size-503x340.jpg 503w&quot;,&quot;image_sizes&quot;:false,&quot;alt_text&quot;:&quot;&quot;,&quot;caption&quot;:&quot;Athel von Koettlitz\\\/Sue Loyd (presse) se d\\u00e9tendent \\u00e0 bord du Rainbow Warrior pendant les 5 mois de garde \\u00e0 vue. El Ferrol, Espagne.&quot;,&quot;focus_image&quot;:&quot;&quot;,&quot;credits&quot;:&quot;&quot;},{&quot;image_src&quot;:&quot;https:\\\/\\\/www.greenpeace.org\\\/static\\\/planet4-belgium-stateless\\\/2023\\\/09\\\/e285fae4-gp01erh_web_size.jpg&quot;,&quot;image_srcset&quot;:&quot;https:\\\/\\\/www.greenpeace.org\\\/static\\\/planet4-belgium-stateless\\\/2023\\\/09\\\/e285fae4-gp01erh_web_size.jpg 800w, https:\\\/\\\/www.greenpeace.org\\\/static\\\/planet4-belgium-stateless\\\/2023\\\/09\\\/e285fae4-gp01erh_web_size-300x201.jpg 300w, https:\\\/\\\/www.greenpeace.org\\\/static\\\/planet4-belgium-stateless\\\/2023\\\/09\\\/e285fae4-gp01erh_web_size-768x515.jpg 768w, https:\\\/\\\/www.greenpeace.org\\\/static\\\/planet4-belgium-stateless\\\/2023\\\/09\\\/e285fae4-gp01erh_web_size-507x340.jpg 507w&quot;,&quot;image_sizes&quot;:false,&quot;alt_text&quot;:&quot;&quot;,&quot;caption&quot;:&quot;Apr\\u00e8s avoir \\u00e9chapp\\u00e9 h\\u00e9ro\\u00efquement aux militaires espagnols, l&#039;\\u00e9quipage du Rainbow Warrior arrive heureusement \\u00e0 Jersey. Jersey, Royaume-Uni. De gauche \\u00e0 droite : Pierre Gleizes, Tony Marriner, Athel von Koettlitz, David McTaggart, Jon Castle, Tim Mark et Chris Robinson.  (Greenpeace Witness book page 76) (The Greenpeace story book page 70)&quot;,&quot;focus_image&quot;:&quot;&quot;,&quot;credits&quot;:&quot;&quot;},{&quot;image_src&quot;:&quot;https:\\\/\\\/www.greenpeace.org\\\/static\\\/planet4-belgium-stateless\\\/2023\\\/09\\\/58013af6-gp09s6_web_size.jpg&quot;,&quot;image_srcset&quot;:&quot;https:\\\/\\\/www.greenpeace.org\\\/static\\\/planet4-belgium-stateless\\\/2023\\\/09\\\/58013af6-gp09s6_web_size.jpg 800w, https:\\\/\\\/www.greenpeace.org\\\/static\\\/planet4-belgium-stateless\\\/2023\\\/09\\\/58013af6-gp09s6_web_size-300x202.jpg 300w, https:\\\/\\\/www.greenpeace.org\\\/static\\\/planet4-belgium-stateless\\\/2023\\\/09\\\/58013af6-gp09s6_web_size-768x517.jpg 768w, https:\\\/\\\/www.greenpeace.org\\\/static\\\/planet4-belgium-stateless\\\/2023\\\/09\\\/58013af6-gp09s6_web_size-505x340.jpg 505w&quot;,&quot;image_sizes&quot;:false,&quot;alt_text&quot;:&quot;&quot;,&quot;caption&quot;:&quot;Le skipper Jon Castle est \\u00e0 l&#039;aff\\u00fbt pour contr\\u00f4ler la marine espagnole. El Ferrol, Espagne&quot;,&quot;focus_image&quot;:&quot;&quot;,&quot;credits&quot;:&quot;&quot;},{&quot;image_src&quot;:&quot;https:\\\/\\\/www.greenpeace.org\\\/static\\\/planet4-belgium-stateless\\\/2023\\\/09\\\/aa35133c-gp02zpe_web_size.jpg&quot;,&quot;image_srcset&quot;:&quot;https:\\\/\\\/www.greenpeace.org\\\/static\\\/planet4-belgium-stateless\\\/2023\\\/09\\\/aa35133c-gp02zpe_web_size.jpg 800w, https:\\\/\\\/www.greenpeace.org\\\/static\\\/planet4-belgium-stateless\\\/2023\\\/09\\\/aa35133c-gp02zpe_web_size-300x199.jpg 300w, https:\\\/\\\/www.greenpeace.org\\\/static\\\/planet4-belgium-stateless\\\/2023\\\/09\\\/aa35133c-gp02zpe_web_size-768x509.jpg 768w, https:\\\/\\\/www.greenpeace.org\\\/static\\\/planet4-belgium-stateless\\\/2023\\\/09\\\/aa35133c-gp02zpe_web_size-510x338.jpg 510w&quot;,&quot;image_sizes&quot;:false,&quot;alt_text&quot;:&quot;&quot;,&quot;caption&quot;:&quot;Des militants de Greenpeace tiennent une banderole avec des ballons : Chaque ballon repr\\u00e9sente 40 des phoques tu\\u00e9s chaque ann\\u00e9e\\&quot;, \\&quot;Campagne de Greenpeace pour sauver les phoques\\&quot; et \\&quot;600 000 signatures contre la chasse aux phoques\\&quot;, Bruxelles, Belgique.&quot;,&quot;focus_image&quot;:&quot;&quot;,&quot;credits&quot;:&quot;&quot;},{&quot;image_src&quot;:&quot;https:\\\/\\\/www.greenpeace.org\\\/static\\\/planet4-belgium-stateless\\\/2023\\\/09\\\/723f737f-gp01pbb_web_size.jpg&quot;,&quot;image_srcset&quot;:&quot;https:\\\/\\\/www.greenpeace.org\\\/static\\\/planet4-belgium-stateless\\\/2023\\\/09\\\/723f737f-gp01pbb_web_size.jpg 799w, https:\\\/\\\/www.greenpeace.org\\\/static\\\/planet4-belgium-stateless\\\/2023\\\/09\\\/723f737f-gp01pbb_web_size-300x196.jpg 300w, https:\\\/\\\/www.greenpeace.org\\\/static\\\/planet4-belgium-stateless\\\/2023\\\/09\\\/723f737f-gp01pbb_web_size-768x501.jpg 768w, https:\\\/\\\/www.greenpeace.org\\\/static\\\/planet4-belgium-stateless\\\/2023\\\/09\\\/723f737f-gp01pbb_web_size-510x333.jpg 510w&quot;,&quot;image_sizes&quot;:false,&quot;alt_text&quot;:&quot;&quot;,&quot;caption&quot;:&quot;Manifestation et sit-in devant l&#039;ambassade du Canada \\u00e0 La Haye contre la chasse aux phoques.  \\nThe banner reads: \\&quot;Stop Sealing\\&quot;. \\nProtest met een demonstratie en een sit-in voor de Canadese ambassade in Den Haag, tegen de jacht op zeehonden. Op het spandoek staat:  \\&quot;Stop Sealing\\&quot; oftewel: &#039;Stop de zeehondenjacht&#039;.&quot;,&quot;focus_image&quot;:&quot;&quot;,&quot;credits&quot;:&quot;&quot;},{&quot;image_src&quot;:&quot;https:\\\/\\\/www.greenpeace.org\\\/static\\\/planet4-belgium-stateless\\\/2023\\\/09\\\/f0351962-gp04rou_web_size.jpg&quot;,&quot;image_srcset&quot;:&quot;https:\\\/\\\/www.greenpeace.org\\\/static\\\/planet4-belgium-stateless\\\/2023\\\/09\\\/f0351962-gp04rou_web_size.jpg 800w, https:\\\/\\\/www.greenpeace.org\\\/static\\\/planet4-belgium-stateless\\\/2023\\\/09\\\/f0351962-gp04rou_web_size-300x198.jpg 300w, https:\\\/\\\/www.greenpeace.org\\\/static\\\/planet4-belgium-stateless\\\/2023\\\/09\\\/f0351962-gp04rou_web_size-768x508.jpg 768w, https:\\\/\\\/www.greenpeace.org\\\/static\\\/planet4-belgium-stateless\\\/2023\\\/09\\\/f0351962-gp04rou_web_size-510x337.jpg 510w&quot;,&quot;image_sizes&quot;:false,&quot;alt_text&quot;:&quot;&quot;,&quot;caption&quot;:&quot;Une vingtaine d&#039;enfants Greenteam pr\\u00e9sentent, avec la championne europ\\u00e9enne de patinage artistique 1982, Claudia Kristofics-Binder, le spectacle sur glace \\&quot;Greenteams on Ice\\&quot; devant l&#039;h\\u00f4tel de ville de Vienne. Cette performance a pour th\\u00e8me la survie de l&#039;Arctique et de ses habitants.&quot;,&quot;focus_image&quot;:&quot;&quot;,&quot;credits&quot;:&quot;&quot;},{&quot;image_src&quot;:&quot;https:\\\/\\\/www.greenpeace.org\\\/static\\\/planet4-belgium-stateless\\\/2023\\\/09\\\/2736f5b3-gp026m1_web_size.jpg&quot;,&quot;image_srcset&quot;:&quot;https:\\\/\\\/www.greenpeace.org\\\/static\\\/planet4-belgium-stateless\\\/2023\\\/09\\\/2736f5b3-gp026m1_web_size.jpg 800w, https:\\\/\\\/www.greenpeace.org\\\/static\\\/planet4-belgium-stateless\\\/2023\\\/09\\\/2736f5b3-gp026m1_web_size-300x201.jpg 300w, https:\\\/\\\/www.greenpeace.org\\\/static\\\/planet4-belgium-stateless\\\/2023\\\/09\\\/2736f5b3-gp026m1_web_size-768x514.jpg 768w, https:\\\/\\\/www.greenpeace.org\\\/static\\\/planet4-belgium-stateless\\\/2023\\\/09\\\/2736f5b3-gp026m1_web_size-508x340.jpg 508w&quot;,&quot;image_sizes&quot;:false,&quot;alt_text&quot;:&quot;&quot;,&quot;caption&quot;:&quot;Le Sirius et l&#039;arc-en-ciel de Greenpeace. Atlantique Nord&quot;,&quot;focus_image&quot;:&quot;&quot;,&quot;credits&quot;:&quot;&quot;},{&quot;image_src&quot;:&quot;https:\\\/\\\/www.greenpeace.org\\\/static\\\/planet4-belgium-stateless\\\/2023\\\/09\\\/9037aa94-gp011gq_web_size.jpg&quot;,&quot;image_srcset&quot;:&quot;https:\\\/\\\/www.greenpeace.org\\\/static\\\/planet4-belgium-stateless\\\/2023\\\/09\\\/9037aa94-gp011gq_web_size.jpg 800w, https:\\\/\\\/www.greenpeace.org\\\/static\\\/planet4-belgium-stateless\\\/2023\\\/09\\\/9037aa94-gp011gq_web_size-300x203.jpg 300w, https:\\\/\\\/www.greenpeace.org\\\/static\\\/planet4-belgium-stateless\\\/2023\\\/09\\\/9037aa94-gp011gq_web_size-768x520.jpg 768w, https:\\\/\\\/www.greenpeace.org\\\/static\\\/planet4-belgium-stateless\\\/2023\\\/09\\\/9037aa94-gp011gq_web_size-502x340.jpg 502w&quot;,&quot;image_sizes&quot;:false,&quot;alt_text&quot;:&quot;&quot;,&quot;caption&quot;:&quot;Des lances \\u00e0 eau sur des militants pour emp\\u00eacher GP d&#039;emp\\u00eacher le d\\u00e9versement de d\\u00e9chets nucl\\u00e9aires.&quot;,&quot;focus_image&quot;:&quot;&quot;,&quot;credits&quot;:&quot;&quot;}]}}\"><section class=\"block gallery-grid is-style-grid\"><\/section><\/div>\n<p>Malgr\u00e9 les d\u00e9fis actuels, nous consid\u00e9rons l&rsquo;espoir comme un acte de courage, car en p\u00e9riode troubl\u00e9e, des id\u00e9es autrefois jug\u00e9es impossibles deviennent soudainement r\u00e9alisables. Avant tout, nous vous encourageons \u00e0 agir par vous-m\u00eame, car c&rsquo;est ensemble que nous construirons un avenir plus vert et plus juste pour toutes les formes de vie sur notre magnifique plan\u00e8te.<\/p>\n\n<p>Nous sommes \u00e0 un tournant de notre histoire. La lutte contre la crise climatique et la perte de la biodiversit\u00e9 sont les th\u00e8mes prioritaires de Greenpeace, mais nous oeuvrons aussi pour l&rsquo;\u00e9volution du syst\u00e8me alimentaire et la protection des oc\u00e9ans et des for\u00eats. Nous voulons assurer la transition vers un avenir durable, juste, vert et pacifique. Nous agissons dans une perspective mondiale, sans oublier les communaut\u00e9s les plus vuln\u00e9rables. Nous c\u00e9l\u00e9brons la passion et l\u2019engagement des personnes qui rendent le mouvement Greenpeace possible. Vous en faites partie. MERCI !<\/p>\n\n<div id=\"youtube-video-container\" style=\"position: relative; width: 100%; padding-top: 56.25%; \/* 16:9 aspect ratio *\/\"><\/div>\n\n<script>\ndocument.addEventListener('DOMContentLoaded', function() {\n    var container = document.getElementById('youtube-video-container');\n    var iframe = document.createElement('iframe');\n    iframe.width = \"100%\";\n    iframe.height = \"100%\";\n    iframe.src = \"https:\/\/www.youtube.com\/embed\/Hz0tMmBlUnQ?autoplay=1&mute=1&controls=1&modestbranding=1&showinfo=0&rel=0&iv_load_policy=3&fs=0&disablekb=1\";\n    iframe.title = \"YouTube video player\";\n    iframe.frameBorder = \"0\";\n    iframe.allow = \"accelerometer; autoplay; clipboard-write; encrypted-media; gyroscope; picture-in-picture; web-share\";\n    iframe.referrerPolicy = \"strict-origin-when-cross-origin\";\n    iframe.allowFullscreen = true;\n    container.appendChild(iframe);\n});\n<\/script>\n\n<style>\n#youtube-video-container iframe {\n    position: absolute;\n    top: 0;\n    left: 0;\n    width: 100%;\n    height: 100%;\n}\n<\/style>\n\n\n<div style=\"height:80px\" aria-hidden=\"true\" class=\"wp-block-spacer\"><\/div>\n<div data-render=\"planet4-blocks\/happypoint\" data-attributes=\"{&quot;attributes&quot;:{&quot;opacity&quot;:100,&quot;id&quot;:53578,&quot;override_default_content&quot;:true,&quot;local_content_provider&quot;:&quot;iframe_url&quot;}}\"><\/div>","protected":false},"excerpt":{"rendered":"<p>NOTRE HISTOIRE L&rsquo;histoire de Greenpeace commence \u00e0 la fin des ann\u00e9es 1960, lorsque le gouvernement am\u00e9ricain effectue des essais d&rsquo;armes nucl\u00e9aires en Alaska. De nombreuses personnes craignent alors que ces tests ne provoquent une catastrophe majeure pour l&rsquo;environnement. En octobre 1970, un groupe d&rsquo;activistes organise un concert de bienfaisance \u00e0 Vancouver, au Canada, afin de [&hellip;]<\/p>\n","protected":false},"author":105,"featured_media":53755,"parent":53856,"menu_order":0,"comment_status":"closed","ping_status":"closed","template":"","meta":{"ep_exclude_from_search":false,"p4_hide_page_title_checkbox":"on","p4_title":"","p4_subtitle":"","p4_description":"","background_image_id":"","background_image":"","p4_button_title":"","p4_button_link":"","p4_button_link_checkbox":"","p4_og_title":"","p4_og_description":"","p4_og_image":"","p4_og_image_id":"","p4_seo_canonical_url":"","p4_campaign_name":"","p4_local_project":"","p4_basket_name":"","p4_department":"","footnotes":""},"categories":[190,189],"tags":[],"class_list":["post-53892","page","type-page","status-publish","has-post-thumbnail","hentry","category-notre-histoire","category-qui-sommes-nous"],"_links":{"self":[{"href":"https:\/\/www.greenpeace.org\/belgium\/fr\/wp-json\/wp\/v2\/pages\/53892","targetHints":{"allow":["GET"]}}],"collection":[{"href":"https:\/\/www.greenpeace.org\/belgium\/fr\/wp-json\/wp\/v2\/pages"}],"about":[{"href":"https:\/\/www.greenpeace.org\/belgium\/fr\/wp-json\/wp\/v2\/types\/page"}],"author":[{"embeddable":true,"href":"https:\/\/www.greenpeace.org\/belgium\/fr\/wp-json\/wp\/v2\/users\/105"}],"replies":[{"embeddable":true,"href":"https:\/\/www.greenpeace.org\/belgium\/fr\/wp-json\/wp\/v2\/comments?post=53892"}],"version-history":[{"count":9,"href":"https:\/\/www.greenpeace.org\/belgium\/fr\/wp-json\/wp\/v2\/pages\/53892\/revisions"}],"predecessor-version":[{"id":57303,"href":"https:\/\/www.greenpeace.org\/belgium\/fr\/wp-json\/wp\/v2\/pages\/53892\/revisions\/57303"}],"up":[{"embeddable":true,"href":"https:\/\/www.greenpeace.org\/belgium\/fr\/wp-json\/wp\/v2\/pages\/53856"}],"wp:featuredmedia":[{"embeddable":true,"href":"https:\/\/www.greenpeace.org\/belgium\/fr\/wp-json\/wp\/v2\/media\/53755"}],"wp:attachment":[{"href":"https:\/\/www.greenpeace.org\/belgium\/fr\/wp-json\/wp\/v2\/media?parent=53892"}],"wp:term":[{"taxonomy":"category","embeddable":true,"href":"https:\/\/www.greenpeace.org\/belgium\/fr\/wp-json\/wp\/v2\/categories?post=53892"},{"taxonomy":"post_tag","embeddable":true,"href":"https:\/\/www.greenpeace.org\/belgium\/fr\/wp-json\/wp\/v2\/tags?post=53892"}],"curies":[{"name":"wp","href":"https:\/\/api.w.org\/{rel}","templated":true}]}}