{"id":53961,"date":"2023-09-26T11:03:39","date_gmt":"2023-09-26T10:03:39","guid":{"rendered":"https:\/\/www.greenpeace.org\/belgium\/?page_id=53961"},"modified":"2023-09-27T15:22:44","modified_gmt":"2023-09-27T14:22:44","slug":"inclusivite","status":"publish","type":"page","link":"https:\/\/www.greenpeace.org\/belgium\/fr\/qui-sommes-nous\/inclusivite\/","title":{"rendered":"Inclusivit\u00e9"},"content":{"rendered":"\n<div style=\"height:50px\" aria-hidden=\"true\" class=\"wp-block-spacer\"><\/div>\n\n<div class=\"wp-block-group is-nowrap is-layout-flex wp-container-core-group-is-layout-ad2f72ca wp-block-group-is-layout-flex\">\n<figure class=\"wp-block-image alignleft size-full is-resized\"><img loading=\"lazy\" decoding=\"async\" src=\"https:\/\/www.greenpeace.org\/static\/planet4-belgium-stateless\/2023\/09\/1cc389be-greenpeace-belgique-inclusivite-pictogramme.png\" alt=\"\" class=\"wp-image-53757\" width=\"75\" height=\"75\" srcset=\"https:\/\/www.greenpeace.org\/static\/planet4-belgium-stateless\/2023\/09\/1cc389be-greenpeace-belgique-inclusivite-pictogramme.png 512w, https:\/\/www.greenpeace.org\/static\/planet4-belgium-stateless\/2023\/09\/1cc389be-greenpeace-belgique-inclusivite-pictogramme-300x300.png 300w, https:\/\/www.greenpeace.org\/static\/planet4-belgium-stateless\/2023\/09\/1cc389be-greenpeace-belgique-inclusivite-pictogramme-150x150.png 150w, https:\/\/www.greenpeace.org\/static\/planet4-belgium-stateless\/2023\/09\/1cc389be-greenpeace-belgique-inclusivite-pictogramme-340x340.png 340w\" sizes=\"auto, (max-width: 75px) 100vw, 75px\" \/><\/figure>\n\n\n\n<h2 class=\"wp-block-heading\"><mark style=\"background-color:#ffe100\" class=\"has-inline-color\">INCLUSIVIT\u00c9<\/mark><\/h2>\n<\/div>\n\n<p>Pour Greenpeace, les JEDIS (justice, \u00e9quit\u00e9, diversit\u00e9, inclusion et s\u00e9curit\u00e9) sont la voie vers un monde plus vert, plus juste et plus s\u00fbr. Ce sont des principes qui nous guident dans tout ce que nous faisons, y compris dans la mani\u00e8re dont nous constituons nos \u00e9quipes et formons notre personnel. <\/p>\n\n<p>Nous sommes persuad\u00e9\u00b7es qu\u2019une organisation juste, diversifi\u00e9e et inclusive est essentielle pour mener des campagnes de qualit\u00e9, pour inspirer les citoyen\u00b7nes et pour atteindre nos objectifs. Nous voulons \u00eatre des alli\u00e9s solides pour les groupes minoritaires de la soci\u00e9t\u00e9 qui luttent pour la justice sociale et climatique.<\/p>\n\n<h4 class=\"wp-block-heading has-action-yellow-background-color has-background\"><mark style=\"background-color:#ffe100\" class=\"has-inline-color\"><strong>J<\/strong>USTICE<\/mark><\/h4>\n\n<p>La justice r\u00e9side dans l\u2019\u00e9quitable distribution pour les individus et notre plan\u00e8te de ce qui est juste, \u00e9thique et moral. Les effets de la crise climatique touchent de mani\u00e8re disproportionn\u00e9e&nbsp;les populations qui ont le moins contribu\u00e9 \u00e0 son d\u00e9clenchement. Un exemple :&nbsp;les personnes vivant au Pakistan et au&nbsp;Mozambique ont subi de graves cons\u00e9quences li\u00e9es \u00e0 la crise climatique, alors m\u00eame&nbsp;que ces deux pays&nbsp;ont \u00e9mis tr\u00e8s peu de gaz \u00e0 effet de serre. Il serait pourtant logique que les grands pollueurs r\u00e9parent les dommages qu&rsquo;ils causent. <\/p>\n\n<p>Nous aspirons \u00e0 un monde o\u00f9 personne n&rsquo;est laiss\u00e9 pour compte, ind\u00e9pendamment de l&rsquo;endroit o\u00f9 l&rsquo;on vit ou de l&#8217;emploi que l&rsquo;on a. Lorsque nous militons par exemple pour un syst\u00e8me alimentaire respectueux de l&rsquo;environnement, nous plaidoyons \u00e9galement pour une r\u00e9mun\u00e9ration juste des agriculteur\u00b7rices et un acc\u00e8s \u00e0 l&rsquo;alimentation de qualit\u00e9 pour tou\u00b7tes.<\/p>\n\n<h4 class=\"wp-block-heading has-action-yellow-background-color has-background\"><strong>\u00c9QUIT\u00c9<\/strong><\/h4>\n\n<p>L\u2019\u00e9quit\u00e9 reconna\u00eet que tout le monde n\u2019est pas log\u00e9 \u00e0 la m\u00eame enseigne dans la soci\u00e9t\u00e9. Certains groupes sont confront\u00e9s \u00e0 des d\u00e9savantages structurels et \u00e0 des circonstances diff\u00e9rentes qui font qu\u2019il est plus difficile pour eux d\u2019atteindre les m\u00eames objectifs que d&rsquo;autres groupes. Des mesures sp\u00e9cifiques et adapt\u00e9es sont alors n\u00e9cessaires, en reconnaissant leurs d\u00e9fis, besoins et ant\u00e9c\u00e9dents historiques. Notre demande de faire payer les pollueurs s\u2019inscrit parfaitement dans ce cadre. En 2022, l\u2019industrie des combustibles fossiles a r\u00e9alis\u00e9 un b\u00e9n\u00e9fice d\u2019environ 4000 milliards de dollars. C\u2019est un montant \u00e9norme. Avec l\u2019argent vient le pouvoir, mais aussi les responsabilit\u00e9s. Les entreprises doivent cesser leur \u00ab\u00a0business as usual\u00a0\u00bb et commencer \u00e0 payer pour les d\u00e9g\u00e2ts qu\u2019elles ont caus\u00e9s et causent encore aujourd&rsquo;hui. <\/p>\n\n<h4 class=\"wp-block-heading has-action-yellow-background-color has-background\"><strong><mark style=\"background-color:#ffe100\" class=\"has-inline-color\">DIVERSIT\u00c9 ET INCLUSIVIT\u00c9<\/mark><\/strong><\/h4>\n\n<p>Les individus se distinguent les uns des autres de multiples fa\u00e7ons : couleur de peau, genre, orientation sexuelle, classe sociale, \u00e2ge, pays d\u2019origine, niveau d\u2019\u00e9ducation, religion, g\u00e9ographie, capacit\u00e9s physiques ou cognitives. Chez Greenpeace, nous sommes parfaitement conscient\u00b7es de cela et nous nous engageons \u00e0 inclure des personnes issues de divers horizons au sein de notre organisation.<\/p>\n\n<p>Chaque jour, nous apprenons comment devenir plus inclusif\u00b7ives et accessibles, car nous reconnaissons l\u2019importance de cr\u00e9er un environnement o\u00f9 chacun\u00b7e se sent v\u00e9ritablement chez soi au sein de Greenpeace.<\/p>\n\n<h4 class=\"wp-block-heading has-action-yellow-background-color has-background\"><strong>S\u00c9CURIT\u00c9<\/strong><\/h4>\n\n<p>Au sein de Greenpeace, chaque employ\u00e9\u00b7e est tenu\u00b7e de respecter rigoureusement un code de conduite qui proscrit toute forme de harc\u00e8lement ou discrimination. Notre organisation adopte une politique de tol\u00e9rance z\u00e9ro \u00e0 l\u2019\u00e9gard de ces comportements pr\u00e9judiciables. Pour assurer un environnement s\u00fbr et inclusif, nous avons mis en place des m\u00e9canismes d\u2019intervention tels que les agents d\u2019int\u00e9grit\u00e9 et les personnes de confiance, sp\u00e9cialement form\u00e9es pour aborder les diff\u00e9rentes probl\u00e9matiques li\u00e9es \u00e0 la discrimination. <\/p>\n\n<p>Ces personnes enqu\u00eatent sur les \u00e9ventuelles violations et veillent \u00e0 ce que les individus puissent obtenir justice au sein de Greenpeace. Nous sommes \u00e9galement sensibles au fait que certaines personnes puissent se sentir en danger en raison du comportement ou du mode de communication de leurs coll\u00e8gues, ce qui peut \u00eatre per\u00e7u comme humiliant, voire agressif. Les employ\u00e9\u00b7es ont la possibilit\u00e9 de contacter les personnes de confiance pour discuter de ces micro agressions. De plus, nous avons mis en place des espaces s\u00e9curis\u00e9s o\u00f9 les coll\u00e8gues appartenant \u00e0 des groupes BIPOC (Black, Indigenous, People of Color) et neurodivergents peuvent se r\u00e9unir et \u00e9changer leurs points de vue en toute confiance. Notre objectif est de cr\u00e9er une culture organisationnelle o\u00f9 chaque individu se sent compris, engag\u00e9 et en s\u00e9curit\u00e9, quel que soit son parcours et ses sp\u00e9cificit\u00e9s.<\/p>\n\n<div style=\"height:60px\" aria-hidden=\"true\" class=\"wp-block-spacer\"><\/div>\n\n<div class=\"wp-block-media-text alignwide is-stacked-on-mobile is-image-fill has-beige-100-background-color has-background\"><figure class=\"wp-block-media-text__media\" style=\"background-image:url(https:\/\/www.greenpeace.org\/static\/planet4-belgium-stateless-develop\/2023\/07\/ef773064-gp0stwg2c-1024x737.jpg);background-position:47% 58%\"><img decoding=\"async\" src=\"https:\/\/www.greenpeace.org\/static\/planet4-belgium-stateless-develop\/2023\/07\/ef773064-gp0stwg2c-1024x737.jpg\" alt=\"\" sizes=\"(min-width: 1600px) calc((1320px - 24px) \/ 2),(min-width: 1200px) calc((1140px - 24px) \/ 2),(min-width: 992px) calc((960px - 24px) \/ 2),(min-width: 768px) calc((720px - 24px) \/ 2),(min-width: 601px) calc((540px - 24px) \/ 2),(min-width: 577px) calc((540px - 24px) \/ 1), calc(100vw - 24px)\" srcset=\"\" class=\"wp-image-55150 size-full\"\/><\/figure><div class=\"wp-block-media-text__content\">\n<h3 class=\"wp-block-heading\">NOS ACTIONS CONCR\u00c8TES POUR L&rsquo;INCLUSIVIT\u00c9<br><\/h3>\n\n\n\n<ul class=\"wp-block-list\">\n<li>Notre nouveau bureau est con\u00e7u pour \u00eatre accessible aux personnes \u00e0 mobilit\u00e9 r\u00e9duite.<\/li>\n\n\n\n<li>Nous mettons \u00e0 disposition des espaces priv\u00e9s pour qu&rsquo;une maman puisse tirer son lait, pour la pri\u00e8re et pour la m\u00e9ditation.<\/li>\n\n\n\n<li>Une assistance psychologique, assur\u00e9e par des psychologues sensibilis\u00e9s aux enjeux de discrimination, est disponible pour le personnel.<\/li>\n\n\n\n<li>Nous organisons chaque ann\u00e9e des ateliers dans le but d\u2019approfondir notre compr\u00e9hension des questions de justice sociale.<\/li>\n\n\n\n<li>Nous participons activement \u00e0 des manifestations en soutien aux mouvements antiracistes, f\u00e9ministes et queer.<\/li>\n\n\n\n<li>Notre responsable \u00ab\u00a0Diversit\u00e9 et Inclusivit\u00e9\u00a0\u00bb est charg\u00e9\u00b7e de garantir un environnement de travail inclusif et respectueux pour tou\u00b7tes.<\/li>\n<\/ul>\n<\/div><\/div>\n\n<div style=\"height:80px\" aria-hidden=\"true\" class=\"wp-block-spacer\"><\/div>\n<div data-render=\"planet4-blocks\/happypoint\" data-attributes=\"{&quot;attributes&quot;:{&quot;focus_image&quot;:&quot;0% 0%&quot;,&quot;opacity&quot;:100,&quot;iframe_url&quot;:&quot;&quot;,&quot;id&quot;:53578,&quot;override_default_content&quot;:true,&quot;local_content_provider&quot;:&quot;iframe_url&quot;}}\"><\/div>","protected":false},"excerpt":{"rendered":"<p>INCLUSIVIT\u00c9 Pour Greenpeace, les JEDIS (justice, \u00e9quit\u00e9, diversit\u00e9, inclusion et s\u00e9curit\u00e9) sont la voie vers un monde plus vert, plus juste et plus s\u00fbr. Ce sont des principes qui nous guident dans tout ce que nous faisons, y compris dans la mani\u00e8re dont nous constituons nos \u00e9quipes et formons notre personnel. Nous sommes persuad\u00e9\u00b7es qu\u2019une [&hellip;]<\/p>\n","protected":false},"author":105,"featured_media":0,"parent":53856,"menu_order":0,"comment_status":"closed","ping_status":"closed","template":"","meta":{"ep_exclude_from_search":false,"p4_hide_page_title_checkbox":"on","p4_title":"","p4_subtitle":"","p4_description":"","background_image_id":"","background_image":"","p4_button_title":"","p4_button_link":"","p4_button_link_checkbox":"","p4_og_title":"","p4_og_description":"","p4_og_image":"","p4_og_image_id":"","p4_seo_canonical_url":"","p4_campaign_name":"","p4_local_project":"","p4_basket_name":"","p4_department":"","footnotes":""},"categories":[191,189],"tags":[],"class_list":["post-53961","page","type-page","status-publish","hentry","category-inclusivite","category-qui-sommes-nous"],"_links":{"self":[{"href":"https:\/\/www.greenpeace.org\/belgium\/fr\/wp-json\/wp\/v2\/pages\/53961","targetHints":{"allow":["GET"]}}],"collection":[{"href":"https:\/\/www.greenpeace.org\/belgium\/fr\/wp-json\/wp\/v2\/pages"}],"about":[{"href":"https:\/\/www.greenpeace.org\/belgium\/fr\/wp-json\/wp\/v2\/types\/page"}],"author":[{"embeddable":true,"href":"https:\/\/www.greenpeace.org\/belgium\/fr\/wp-json\/wp\/v2\/users\/105"}],"replies":[{"embeddable":true,"href":"https:\/\/www.greenpeace.org\/belgium\/fr\/wp-json\/wp\/v2\/comments?post=53961"}],"version-history":[{"count":3,"href":"https:\/\/www.greenpeace.org\/belgium\/fr\/wp-json\/wp\/v2\/pages\/53961\/revisions"}],"predecessor-version":[{"id":54474,"href":"https:\/\/www.greenpeace.org\/belgium\/fr\/wp-json\/wp\/v2\/pages\/53961\/revisions\/54474"}],"up":[{"embeddable":true,"href":"https:\/\/www.greenpeace.org\/belgium\/fr\/wp-json\/wp\/v2\/pages\/53856"}],"wp:attachment":[{"href":"https:\/\/www.greenpeace.org\/belgium\/fr\/wp-json\/wp\/v2\/media?parent=53961"}],"wp:term":[{"taxonomy":"category","embeddable":true,"href":"https:\/\/www.greenpeace.org\/belgium\/fr\/wp-json\/wp\/v2\/categories?post=53961"},{"taxonomy":"post_tag","embeddable":true,"href":"https:\/\/www.greenpeace.org\/belgium\/fr\/wp-json\/wp\/v2\/tags?post=53961"}],"curies":[{"name":"wp","href":"https:\/\/api.w.org\/{rel}","templated":true}]}}