{"id":53974,"date":"2023-09-26T11:13:34","date_gmt":"2023-09-26T10:13:34","guid":{"rendered":"https:\/\/www.greenpeace.org\/belgium\/?page_id=53974"},"modified":"2026-02-27T14:59:07","modified_gmt":"2026-02-27T13:59:07","slug":"nos-expert%c2%b7es","status":"publish","type":"page","link":"https:\/\/www.greenpeace.org\/belgium\/fr\/qui-sommes-nous\/nos-expert%c2%b7es\/","title":{"rendered":"Nos expert\u00b7es"},"content":{"rendered":"\n<div style=\"height:50px\" aria-hidden=\"true\" class=\"wp-block-spacer\"><\/div>\n\n<div class=\"wp-block-group is-nowrap is-layout-flex wp-container-core-group-is-layout-ad2f72ca wp-block-group-is-layout-flex\">\n<figure class=\"wp-block-image alignleft size-full is-resized\"><img loading=\"lazy\" decoding=\"async\" width=\"512\" height=\"512\" src=\"https:\/\/www.greenpeace.org\/static\/planet4-belgium-stateless\/2023\/09\/cb4b63af-greenpeace-belgique-experts-en-campagne-pictogramme.png\" alt=\"\" class=\"wp-image-53745\" style=\"width:75px;height:75px\" srcset=\"https:\/\/www.greenpeace.org\/static\/planet4-belgium-stateless\/2023\/09\/cb4b63af-greenpeace-belgique-experts-en-campagne-pictogramme.png 512w, https:\/\/www.greenpeace.org\/static\/planet4-belgium-stateless\/2023\/09\/cb4b63af-greenpeace-belgique-experts-en-campagne-pictogramme-300x300.png 300w, https:\/\/www.greenpeace.org\/static\/planet4-belgium-stateless\/2023\/09\/cb4b63af-greenpeace-belgique-experts-en-campagne-pictogramme-150x150.png 150w, https:\/\/www.greenpeace.org\/static\/planet4-belgium-stateless\/2023\/09\/cb4b63af-greenpeace-belgique-experts-en-campagne-pictogramme-340x340.png 340w\" sizes=\"auto, (max-width: 512px) 100vw, 512px\" \/><\/figure>\n\n\n\n<h2 class=\"wp-block-heading\"><mark style=\"background-color:#ffe100\" class=\"has-inline-color\">NOS EXPERT\u00b7ES<\/mark><\/h2>\n<\/div>\n\n<p>D\u00e9couvrez nos charg\u00e9\u00b7es de campagne : une \u00e9quipe d\u00e9vou\u00e9e qui travaille \u00e0 prot\u00e9ger l&rsquo;environnement, faire \u00e9voluer notre syst\u00e8me alimentaire, pr\u00e9server la biodiversit\u00e9 et \u00e0 lutter pour la transition \u00e9nerg\u00e9tique. Ensemble, nous \u0153uvrons pour un avenir juste et durable, guid\u00e9\u00b7es par l&rsquo;expertise et la passion de nos membres.<\/p>\n\n<div class=\"wp-block-columns is-layout-flex wp-container-core-columns-is-layout-9d6595d7 wp-block-columns-is-layout-flex\">\n<div class=\"wp-block-column is-layout-flow wp-block-column-is-layout-flow\">\n<figure class=\"wp-block-image size-large\"><img decoding=\"async\" src=\"https:\/\/www.greenpeace.org\/static\/planet4-belgium-stateless-develop\/2023\/07\/2456f4c2-edm_18082022_philippe_008-edited-3-scaled.jpg\" alt=\"Philippe Verbelen\" class=\"wp-image-54886\"\/><figcaption class=\"wp-element-caption\"><strong>PHILIPPE VERBELEN<br><\/strong>Charg\u00e9 de campagne biodiversit\u00e9<\/figcaption><\/figure>\n<\/div>\n\n\n\n<div class=\"wp-block-column is-layout-flow wp-block-column-is-layout-flow\">\n<figure class=\"wp-block-image size-large\"><img decoding=\"async\" src=\"https:\/\/www.greenpeace.org\/static\/planet4-belgium-stateless-develop\/2023\/07\/b54693db-camille18102022_ruth-marie_006-edited-scaled.jpg\" alt=\"\" class=\"wp-image-54793\"\/><figcaption class=\"wp-element-caption\"><strong>RUTH-MARIE HENCKES<br><\/strong>Charg\u00e9e de campagne biodiversit\u00e9<\/figcaption><\/figure>\n<\/div>\n\n\n\n<div class=\"wp-block-column is-layout-flow wp-block-column-is-layout-flow\">\n<figure class=\"wp-block-image size-large\"><a href=\"https:\/\/www.greenpeace.org\/belgium\/fr\/author\/msoete\/\"><img decoding=\"async\" src=\"https:\/\/www.greenpeace.org\/static\/planet4-belgium-stateless-develop\/2023\/07\/ade37267-mathieu18082022_mathieu_021-edited-scaled.jpg\" alt=\"\" class=\"wp-image-54798\"\/><\/a><figcaption class=\"wp-element-caption\"><strong>MATHIEU SOETE<br><\/strong>Charg\u00e9 de campagne transition \u00e9nerg\u00e9tique<\/figcaption><\/figure>\n<\/div>\n<\/div>\n\n<div class=\"wp-block-columns is-layout-flex wp-container-core-columns-is-layout-9d6595d7 wp-block-columns-is-layout-flex\">\n<div class=\"wp-block-column is-layout-flow wp-block-column-is-layout-flow\">\n<figure class=\"wp-block-image size-full\"><img loading=\"lazy\" decoding=\"async\" width=\"400\" height=\"400\" src=\"https:\/\/www.greenpeace.org\/static\/planet4-belgium-stateless\/2023\/09\/970d9f05-4rkrmpfa_400x400.jpg\" alt=\"\" class=\"wp-image-53976\" srcset=\"https:\/\/www.greenpeace.org\/static\/planet4-belgium-stateless\/2023\/09\/970d9f05-4rkrmpfa_400x400.jpg 400w, https:\/\/www.greenpeace.org\/static\/planet4-belgium-stateless\/2023\/09\/970d9f05-4rkrmpfa_400x400-300x300.jpg 300w, https:\/\/www.greenpeace.org\/static\/planet4-belgium-stateless\/2023\/09\/970d9f05-4rkrmpfa_400x400-150x150.jpg 150w, https:\/\/www.greenpeace.org\/static\/planet4-belgium-stateless\/2023\/09\/970d9f05-4rkrmpfa_400x400-340x340.jpg 340w\" sizes=\"auto, (max-width: 400px) 100vw, 400px\" \/><figcaption class=\"wp-element-caption\"><strong>TOBIAS PANS<br><\/strong>Charg\u00e9 de campagne transition \u00e9nerg\u00e9tique<\/figcaption><\/figure>\n<\/div>\n\n\n\n<div class=\"wp-block-column is-layout-flow wp-block-column-is-layout-flow\">\n<figure class=\"wp-block-image size-full\"><img loading=\"lazy\" decoding=\"async\" width=\"960\" height=\"960\" src=\"https:\/\/www.greenpeace.org\/static\/planet4-belgium-stateless\/2026\/02\/4584cc4c-7ef64eb7-8b27-4ba6-aa36-ff6b3b06761f-2.jpg\" alt=\"\" class=\"wp-image-62092\" srcset=\"https:\/\/www.greenpeace.org\/static\/planet4-belgium-stateless\/2026\/02\/4584cc4c-7ef64eb7-8b27-4ba6-aa36-ff6b3b06761f-2.jpg 960w, https:\/\/www.greenpeace.org\/static\/planet4-belgium-stateless\/2026\/02\/4584cc4c-7ef64eb7-8b27-4ba6-aa36-ff6b3b06761f-2-300x300.jpg 300w, https:\/\/www.greenpeace.org\/static\/planet4-belgium-stateless\/2026\/02\/4584cc4c-7ef64eb7-8b27-4ba6-aa36-ff6b3b06761f-2-150x150.jpg 150w, https:\/\/www.greenpeace.org\/static\/planet4-belgium-stateless\/2026\/02\/4584cc4c-7ef64eb7-8b27-4ba6-aa36-ff6b3b06761f-2-768x768.jpg 768w, https:\/\/www.greenpeace.org\/static\/planet4-belgium-stateless\/2026\/02\/4584cc4c-7ef64eb7-8b27-4ba6-aa36-ff6b3b06761f-2-340x340.jpg 340w\" sizes=\"auto, (max-width: 960px) 100vw, 960px\" \/><figcaption class=\"wp-element-caption\"><strong>ELODIE BELLEFLAMME<br><\/strong>Experte en \u00e9nergie et climat<\/figcaption><\/figure>\n<\/div>\n\n\n\n<div class=\"wp-block-column is-layout-flow wp-block-column-is-layout-flow\">\n<figure class=\"wp-block-image size-full\"><img decoding=\"async\" src=\"https:\/\/www.greenpeace.org\/static\/planet4-belgium-stateless-develop\/2023\/07\/6e1027e9-gp02ccb_web_size-edited.jpg\" alt=\"\" class=\"wp-image-54856\"\/><figcaption class=\"wp-element-caption\"><strong>JAN VANDE PUTTE <br><\/strong>Expert en \u00e9nergie nucl\u00e9aire<\/figcaption><\/figure>\n<\/div>\n<\/div>\n\n<div class=\"wp-block-columns is-layout-flex wp-container-core-columns-is-layout-9d6595d7 wp-block-columns-is-layout-flex\">\n<div class=\"wp-block-column is-layout-flow wp-block-column-is-layout-flow\">\n<figure class=\"wp-block-image size-large\"><img loading=\"lazy\" decoding=\"async\" width=\"1024\" height=\"1024\" src=\"https:\/\/www.greenpeace.org\/static\/planet4-belgium-stateless\/2024\/01\/96cfcac3-20191218_084353-1024x1024.jpg\" alt=\"\" class=\"wp-image-56000\" srcset=\"https:\/\/www.greenpeace.org\/static\/planet4-belgium-stateless\/2024\/01\/96cfcac3-20191218_084353-1024x1024.jpg 1024w, https:\/\/www.greenpeace.org\/static\/planet4-belgium-stateless\/2024\/01\/96cfcac3-20191218_084353-300x300.jpg 300w, https:\/\/www.greenpeace.org\/static\/planet4-belgium-stateless\/2024\/01\/96cfcac3-20191218_084353-150x150.jpg 150w, https:\/\/www.greenpeace.org\/static\/planet4-belgium-stateless\/2024\/01\/96cfcac3-20191218_084353-768x768.jpg 768w, https:\/\/www.greenpeace.org\/static\/planet4-belgium-stateless\/2024\/01\/96cfcac3-20191218_084353-1536x1536.jpg 1536w, https:\/\/www.greenpeace.org\/static\/planet4-belgium-stateless\/2024\/01\/96cfcac3-20191218_084353-2048x2048.jpg 2048w, https:\/\/www.greenpeace.org\/static\/planet4-belgium-stateless\/2024\/01\/96cfcac3-20191218_084353-1365x1366.jpg 1365w, https:\/\/www.greenpeace.org\/static\/planet4-belgium-stateless\/2024\/01\/96cfcac3-20191218_084353-340x340.jpg 340w\" sizes=\"auto, (max-width: 1024px) 100vw, 1024px\" \/><figcaption class=\"wp-element-caption\"><strong>NADIA CORNEJO<\/strong><br>Porte-parole et Conseill\u00e8re politique FR<\/figcaption><\/figure>\n<\/div>\n\n\n\n<div class=\"wp-block-column is-layout-flow wp-block-column-is-layout-flow\">\n<figure class=\"wp-block-image size-large\"><img decoding=\"async\" src=\"https:\/\/www.greenpeace.org\/static\/planet4-belgium-stateless-develop\/2023\/07\/d368d35a-edm_18102022_joeri_006-edited.jpg\" alt=\"\" class=\"wp-image-54804\"\/><figcaption class=\"wp-element-caption\"><strong>JOERI THIJS<br><\/strong>Porte-parole et Conseiller politique NL<\/figcaption><\/figure>\n<\/div>\n\n\n\n<div class=\"wp-block-column is-layout-flow wp-block-column-is-layout-flow\"><\/div>\n<\/div>\n\n<div style=\"height:80px\" aria-hidden=\"true\" class=\"wp-block-spacer\"><\/div>\n","protected":false},"excerpt":{"rendered":"<p>NOS EXPERT\u00b7ES D\u00e9couvrez nos charg\u00e9\u00b7es de campagne : une \u00e9quipe d\u00e9vou\u00e9e qui travaille \u00e0 prot\u00e9ger l&rsquo;environnement, faire \u00e9voluer notre syst\u00e8me alimentaire, pr\u00e9server la biodiversit\u00e9 et \u00e0 lutter pour la transition \u00e9nerg\u00e9tique. Ensemble, nous \u0153uvrons pour un avenir juste et durable, guid\u00e9\u00b7es par l&rsquo;expertise et la passion de nos membres.<\/p>\n","protected":false},"author":105,"featured_media":53745,"parent":53856,"menu_order":0,"comment_status":"closed","ping_status":"closed","template":"","meta":{"ep_exclude_from_search":false,"p4_hide_page_title_checkbox":"on","p4_title":"","p4_subtitle":"","p4_description":"","background_image_id":"","background_image":"","p4_button_title":"","p4_button_link":"","p4_button_link_checkbox":"","p4_og_title":"","p4_og_description":"","p4_og_image":"","p4_og_image_id":"","p4_seo_canonical_url":"","p4_campaign_name":"","p4_local_project":"","p4_basket_name":"","p4_department":"","footnotes":""},"categories":[189],"tags":[],"class_list":["post-53974","page","type-page","status-publish","has-post-thumbnail","hentry","category-qui-sommes-nous"],"_links":{"self":[{"href":"https:\/\/www.greenpeace.org\/belgium\/fr\/wp-json\/wp\/v2\/pages\/53974","targetHints":{"allow":["GET"]}}],"collection":[{"href":"https:\/\/www.greenpeace.org\/belgium\/fr\/wp-json\/wp\/v2\/pages"}],"about":[{"href":"https:\/\/www.greenpeace.org\/belgium\/fr\/wp-json\/wp\/v2\/types\/page"}],"author":[{"embeddable":true,"href":"https:\/\/www.greenpeace.org\/belgium\/fr\/wp-json\/wp\/v2\/users\/105"}],"replies":[{"embeddable":true,"href":"https:\/\/www.greenpeace.org\/belgium\/fr\/wp-json\/wp\/v2\/comments?post=53974"}],"version-history":[{"count":16,"href":"https:\/\/www.greenpeace.org\/belgium\/fr\/wp-json\/wp\/v2\/pages\/53974\/revisions"}],"predecessor-version":[{"id":62096,"href":"https:\/\/www.greenpeace.org\/belgium\/fr\/wp-json\/wp\/v2\/pages\/53974\/revisions\/62096"}],"up":[{"embeddable":true,"href":"https:\/\/www.greenpeace.org\/belgium\/fr\/wp-json\/wp\/v2\/pages\/53856"}],"wp:featuredmedia":[{"embeddable":true,"href":"https:\/\/www.greenpeace.org\/belgium\/fr\/wp-json\/wp\/v2\/media\/53745"}],"wp:attachment":[{"href":"https:\/\/www.greenpeace.org\/belgium\/fr\/wp-json\/wp\/v2\/media?parent=53974"}],"wp:term":[{"taxonomy":"category","embeddable":true,"href":"https:\/\/www.greenpeace.org\/belgium\/fr\/wp-json\/wp\/v2\/categories?post=53974"},{"taxonomy":"post_tag","embeddable":true,"href":"https:\/\/www.greenpeace.org\/belgium\/fr\/wp-json\/wp\/v2\/tags?post=53974"}],"curies":[{"name":"wp","href":"https:\/\/api.w.org\/{rel}","templated":true}]}}