{"id":53997,"date":"2023-09-26T12:45:50","date_gmt":"2023-09-26T11:45:50","guid":{"rendered":"https:\/\/www.greenpeace.org\/belgium\/?page_id=53997"},"modified":"2024-02-12T14:14:38","modified_gmt":"2024-02-12T13:14:38","slug":"don-mensuel","status":"publish","type":"page","link":"https:\/\/www.greenpeace.org\/belgium\/fr\/faire-un-don\/don-mensuel\/","title":{"rendered":"Don mensuel"},"content":{"rendered":"\n<div style=\"height:20px\" aria-hidden=\"true\" class=\"wp-block-spacer\"><\/div>\n\n<div class=\"wp-block-group is-nowrap is-layout-flex wp-container-core-group-is-layout-ad2f72ca wp-block-group-is-layout-flex\">\n<figure class=\"wp-block-image alignleft size-full is-resized\"><img loading=\"lazy\" decoding=\"async\" width=\"512\" height=\"512\" src=\"https:\/\/www.greenpeace.org\/static\/planet4-belgium-stateless\/2023\/09\/4bb492c0-greenpeace-belgique-faire-un-don-pictogramme.png\" alt=\"\" class=\"wp-image-53749\" style=\"width:75px;height:75px\" srcset=\"https:\/\/www.greenpeace.org\/static\/planet4-belgium-stateless\/2023\/09\/4bb492c0-greenpeace-belgique-faire-un-don-pictogramme.png 512w, https:\/\/www.greenpeace.org\/static\/planet4-belgium-stateless\/2023\/09\/4bb492c0-greenpeace-belgique-faire-un-don-pictogramme-300x300.png 300w, https:\/\/www.greenpeace.org\/static\/planet4-belgium-stateless\/2023\/09\/4bb492c0-greenpeace-belgique-faire-un-don-pictogramme-150x150.png 150w, https:\/\/www.greenpeace.org\/static\/planet4-belgium-stateless\/2023\/09\/4bb492c0-greenpeace-belgique-faire-un-don-pictogramme-340x340.png 340w\" sizes=\"auto, (max-width: 512px) 100vw, 512px\" \/><\/figure>\n\n\n\n<h2 class=\"wp-block-heading\"><mark style=\"background-color:#ffe100\" class=\"has-inline-color\">FAIRE UN DON MENSUEL<\/mark><mark style=\"background-color:#ffe100\" class=\"has-inline-color\"><\/mark><\/h2>\n\n\n\n<p><\/p>\n\n\n\n<p><\/p>\n<\/div>\n\n<p>En faisant un don chaque mois, vous permettez \u00e0 Greenpeace de travailler \u00e0 la pr\u00e9servation des \u00e9cosyst\u00e8mes sur le long terme, mais vous rendez \u00e9galement possible les interventions d\u2019urgence en cas de crise.&nbsp;Par ailleurs, vos dons sont d\u00e9ductibles fiscalement si le montant total atteint au moins 40 euros au cours d\u2019une ann\u00e9e !<\/p>\n\n<div class=\"wp-block-buttons is-content-justification-center is-layout-flex wp-container-core-buttons-is-layout-16018d1d wp-block-buttons-is-layout-flex\">\n<div class=\"wp-block-button is-style-cta\"><a class=\"wp-block-button__link wp-element-button\" href=\"https:\/\/act.greenpeace.org\/page\/134936\/donate\/1?supporter.NOT_TAGGED_15=12&amp;locale=fr-BE\">Je fais un don mensuel<\/a><\/div>\n<\/div>\n\n<div style=\"height:60px\" aria-hidden=\"true\" class=\"wp-block-spacer\"><\/div>\n\n<div class=\"wp-block-media-text alignwide is-stacked-on-mobile is-image-fill has-beige-100-background-color has-background\" style=\"grid-template-columns:49% auto\"><figure class=\"wp-block-media-text__media\" style=\"background-image:url(https:\/\/www.greenpeace.org\/static\/planet4-belgium-stateless-develop\/2023\/08\/6f598605-gp0stx4ay_web_size.jpg);background-position:19% 57%\"><img decoding=\"async\" src=\"https:\/\/www.greenpeace.org\/static\/planet4-belgium-stateless-develop\/2023\/08\/6f598605-gp0stx4ay_web_size.jpg\" alt=\"\" sizes=\"(min-width: 1600px) calc((1320px - 24px) \/ 2.0408),(min-width: 1200px) calc((1140px - 24px) \/ 2.0408),(min-width: 992px) calc((960px - 24px) \/ 2.0408),(min-width: 768px) calc((720px - 24px) \/ 2.0408),(min-width: 601px) calc((540px - 24px) \/ 2.0408),(min-width: 577px) calc((540px - 24px) \/ 1), calc(100vw - 24px)\" srcset=\"\" class=\"wp-image-55319 size-full\"\/><\/figure><div class=\"wp-block-media-text__content\">\n<h2 class=\"wp-block-heading\"><br>POURQUOI FAIRE UN DON TOUS LES MOIS ?<\/h2>\n\n\n\n<p>Faire un don mensuel \u00e0 Greenpeace est crucial pour nos missions. Afin de rester ind\u00e9pendante, Greenpeace n&rsquo;accepte pas de dons de la part d\u2019entreprises, de partis politiques ou de gouvernements. Ce sont uniquement des personnes comme vous qui rendent possibles nos actions, notre travail de lobbying politique, nos batailles juridiques, nos recherches, nos investigations, nos campagnes et tout ce que nous mettons oeuvre pour pr\u00e9server l\u2019environnement.<\/p>\n\n\n\n<p>Prot\u00e9ger l\u2019environnement, enrayer la perte de la biodiversit\u00e9, prot\u00e9ger notre nature, faire \u00e9voluer un syst\u00e8me alimentaire injuste et mettre en place une transition \u00e9nerg\u00e9tique sont des d\u00e9fis qui n\u00e9cessitent du temps et des ressources financi\u00e8res. C\u2019est pourquoi votre soutien mensuel peut faire toute la diff\u00e9rence. En nous soutenant sur une base r\u00e9guli\u00e8re, vous nous permettez de planifier nos projets \u00e0 long terme et de pr\u00e9voir les ressources financi\u00e8res dont nous aurons besoin. Cela nous donne la possibilit\u00e9 de d\u00e9velopper, amplifier et maximiser notre impact dans les domaines qui sont cruciaux et qui vous tiennent \u00e0 c\u0153ur.<\/p>\n\n\n\n<div class=\"wp-block-buttons is-layout-flex wp-block-buttons-is-layout-flex\">\n<div class=\"wp-block-button is-style-cta\"><a class=\"wp-block-button__link wp-element-button\" href=\"https:\/\/act.greenpeace.org\/page\/134936\/donate\/1?supporter.NOT_TAGGED_15=12&amp;locale=fr-BE\">Je fais un don mensuel<\/a><\/div>\n<\/div>\n\n\n\n<p><\/p>\n<\/div><\/div>\n\n<p>Si vous n&rsquo;\u00eates pas en mesure de faire un don mensuel, vous pouvez nous soutenir financi\u00e8rement <a href=\"https:\/\/act.greenpeace.org\/page\/134936\/donate\/1?locale=fr-BE\">via un don unique en ligne<\/a> ou par virement bancaire en utilisant notre num\u00e9ro de compte IBAN : BE69 5230 4174 9178 en indiquant la r\u00e9f\u00e9rence suivante lors du transfert : \u00ab 2406398 DON + votre nom \u00bb. <\/p>\n\n<div style=\"height:100px\" aria-hidden=\"true\" class=\"wp-block-spacer\"><\/div>\n<div data-render=\"planet4-blocks\/happypoint\" data-attributes=\"{&quot;attributes&quot;:{&quot;opacity&quot;:100,&quot;id&quot;:53578,&quot;embed_code&quot;:&quot;&quot;,&quot;override_default_content&quot;:true,&quot;local_content_provider&quot;:&quot;iframe_url&quot;}}\"><\/div>","protected":false},"excerpt":{"rendered":"<p>FAIRE UN DON MENSUEL En faisant un don chaque mois, vous permettez \u00e0 Greenpeace de travailler \u00e0 la pr\u00e9servation des \u00e9cosyst\u00e8mes sur le long terme, mais vous rendez \u00e9galement possible les interventions d\u2019urgence en cas de crise.&nbsp;Par ailleurs, vos dons sont d\u00e9ductibles fiscalement si le montant total atteint au moins 40 euros au cours d\u2019une [&hellip;]<\/p>\n","protected":false},"author":105,"featured_media":0,"parent":53541,"menu_order":0,"comment_status":"closed","ping_status":"closed","template":"","meta":{"ep_exclude_from_search":false,"p4_hide_page_title_checkbox":"on","p4_title":"","p4_subtitle":"","p4_description":"","background_image_id":"","background_image":"","p4_button_title":"","p4_button_link":"","p4_button_link_checkbox":"","p4_og_title":"","p4_og_description":"","p4_og_image":"","p4_og_image_id":"","p4_seo_canonical_url":"","p4_campaign_name":"","p4_local_project":"","p4_basket_name":"","p4_department":"","footnotes":""},"categories":[],"tags":[],"class_list":["post-53997","page","type-page","status-publish","hentry"],"_links":{"self":[{"href":"https:\/\/www.greenpeace.org\/belgium\/fr\/wp-json\/wp\/v2\/pages\/53997","targetHints":{"allow":["GET"]}}],"collection":[{"href":"https:\/\/www.greenpeace.org\/belgium\/fr\/wp-json\/wp\/v2\/pages"}],"about":[{"href":"https:\/\/www.greenpeace.org\/belgium\/fr\/wp-json\/wp\/v2\/types\/page"}],"author":[{"embeddable":true,"href":"https:\/\/www.greenpeace.org\/belgium\/fr\/wp-json\/wp\/v2\/users\/105"}],"replies":[{"embeddable":true,"href":"https:\/\/www.greenpeace.org\/belgium\/fr\/wp-json\/wp\/v2\/comments?post=53997"}],"version-history":[{"count":12,"href":"https:\/\/www.greenpeace.org\/belgium\/fr\/wp-json\/wp\/v2\/pages\/53997\/revisions"}],"predecessor-version":[{"id":56223,"href":"https:\/\/www.greenpeace.org\/belgium\/fr\/wp-json\/wp\/v2\/pages\/53997\/revisions\/56223"}],"up":[{"embeddable":true,"href":"https:\/\/www.greenpeace.org\/belgium\/fr\/wp-json\/wp\/v2\/pages\/53541"}],"wp:attachment":[{"href":"https:\/\/www.greenpeace.org\/belgium\/fr\/wp-json\/wp\/v2\/media?parent=53997"}],"wp:term":[{"taxonomy":"category","embeddable":true,"href":"https:\/\/www.greenpeace.org\/belgium\/fr\/wp-json\/wp\/v2\/categories?post=53997"},{"taxonomy":"post_tag","embeddable":true,"href":"https:\/\/www.greenpeace.org\/belgium\/fr\/wp-json\/wp\/v2\/tags?post=53997"}],"curies":[{"name":"wp","href":"https:\/\/api.w.org\/{rel}","templated":true}]}}