{"id":54040,"date":"2023-09-26T13:44:14","date_gmt":"2023-09-26T12:44:14","guid":{"rendered":"https:\/\/www.greenpeace.org\/belgium\/?page_id=54040"},"modified":"2024-12-20T16:09:17","modified_gmt":"2024-12-20T15:09:17","slug":"demander-du-soutien","status":"publish","type":"page","link":"https:\/\/www.greenpeace.org\/belgium\/fr\/agir\/demander-du-soutien\/","title":{"rendered":"Demander du soutien"},"content":{"rendered":"\n<div style=\"height:50px\" aria-hidden=\"true\" class=\"wp-block-spacer\"><\/div>\n\n<div class=\"wp-block-group is-nowrap is-layout-flex wp-container-core-group-is-layout-ad2f72ca wp-block-group-is-layout-flex\">\n<figure class=\"wp-block-image alignleft size-full is-resized\"><img loading=\"lazy\" decoding=\"async\" width=\"512\" height=\"512\" src=\"https:\/\/www.greenpeace.org\/static\/planet4-belgium-stateless\/2023\/09\/f5b31a7d-support.png\" alt=\"\" class=\"wp-image-54048\" style=\"width:66px\" srcset=\"https:\/\/www.greenpeace.org\/static\/planet4-belgium-stateless\/2023\/09\/f5b31a7d-support.png 512w, https:\/\/www.greenpeace.org\/static\/planet4-belgium-stateless\/2023\/09\/f5b31a7d-support-300x300.png 300w, https:\/\/www.greenpeace.org\/static\/planet4-belgium-stateless\/2023\/09\/f5b31a7d-support-150x150.png 150w, https:\/\/www.greenpeace.org\/static\/planet4-belgium-stateless\/2023\/09\/f5b31a7d-support-340x340.png 340w\" sizes=\"auto, (max-width: 512px) 100vw, 512px\" \/><\/figure>\n\n\n\n<h2 class=\"wp-block-heading\"><mark style=\"background-color:#ffe100\" class=\"has-inline-color\">DEMANDER DU SOUTIEN<\/mark><\/h2>\n<\/div>\n\n<p>Le mouvement pour le climat prend de l\u2019ampleur ! Mais tout le monde ne dispose pas des m\u00eames ressources pour agir. C\u2019est pourquoi Greenpeace est heureuse de soutenir les petits groupes d\u2019action \u00e0 la recherche d\u2019un soutien modeste. Il peut s\u2019agir d\u2019un soutien logistique dans notre \u00ab Open Warehouse \u00bb \u00e0 Bruxelles, d\u2019une collaboration pour organiser une mobilisation ou d\u2019un soutien financier modeste. Greenpeace est ouverte \u00e0 toute personne voulant agir pour un avenir plus vert et plus juste !<\/p>\n\n<div style=\"height:0px\" aria-hidden=\"true\" class=\"wp-block-spacer\"><\/div>\n\n<div class=\"wp-block-media-text alignwide has-media-on-the-right is-stacked-on-mobile is-image-fill has-beige-100-background-color has-background\"><div class=\"wp-block-media-text__content\">\n<h3 class=\"wp-block-heading\" style=\"margin-top:0px;margin-right:0px;margin-bottom:0px;margin-left:0px\"><br>VOTRE DEMANDE EST MAT\u00c9RIELLE<\/h3>\n\n\n\n<p><\/p>\n\n\n\n<p>Vous cherchez de l\u2019espace ou du mat\u00e9riel pour travailler, organiser une r\u00e9union ou cr\u00e9er du mat\u00e9riel d\u2019action comme des banni\u00e8res, etc. ? Alors, notre \u2018Open Warehouse\u2019 \u00e0 Bruxelles (sur rendez-vous) est l\u2019endroit id\u00e9al pour vous. Vous y b\u00e9n\u00e9ficierez d\u2019un soutien logistique complet, avec la possibilit\u00e9 de fabriquer des banderoles et autres mat\u00e9riels d\u2019action. De plus, vous aurez la libert\u00e9 de louer ou d\u2019utiliser nos locaux, ainsi que d\u2019emprunter divers \u00e9quipements tels que des haut-parleurs ou des tentes.<\/p>\n<\/div><figure class=\"wp-block-media-text__media\" style=\"background-image:url(https:\/\/www.greenpeace.org\/static\/planet4-belgium-stateless-develop\/2023\/07\/b1fbf519-gp02fga_web_size.jpg);background-position:50% 50%\"><img decoding=\"async\" src=\"https:\/\/www.greenpeace.org\/static\/planet4-belgium-stateless-develop\/2023\/07\/b1fbf519-gp02fga_web_size.jpg\" alt=\"\" sizes=\"(min-width: 1600px) calc((1320px - 24px) \/ 2),(min-width: 1200px) calc((1140px - 24px) \/ 2),(min-width: 992px) calc((960px - 24px) \/ 2),(min-width: 768px) calc((720px - 24px) \/ 2),(min-width: 601px) calc((540px - 24px) \/ 2),(min-width: 577px) calc((540px - 24px) \/ 1), calc(100vw - 24px)\" srcset=\"\" class=\"wp-image-54593 size-full\"\/><\/figure><\/div>\n\n<p>Int\u00e9ress\u00e9\u00b7e ? Envoyez votre demande \u00e0 Antoine, notre <em>Gestionnaire Logistique<\/em> \u2013 <a href=\"mailto:antoine.gulli@greenpeace.org\">antoine.gulli@greenpeace.org<\/a>. Veuillez penser \u00e0 envoyer votre demande au moins 2 semaines \u00e0 l\u2019avance.<\/p>\n\n<div style=\"height:60px\" aria-hidden=\"true\" class=\"wp-block-spacer\"><\/div>\n\n<div class=\"wp-block-media-text alignwide is-stacked-on-mobile has-beige-100-background-color has-background\"><figure class=\"wp-block-media-text__media\"><img decoding=\"async\" src=\"https:\/\/www.greenpeace.org\/static\/planet4-belgium-stateless-develop\/2023\/07\/163972e4-gp1t0fqm_web_size.jpg\" alt=\"\" sizes=\"(min-width: 1600px) calc((1320px - 24px) \/ 2),(min-width: 1200px) calc((1140px - 24px) \/ 2),(min-width: 992px) calc((960px - 24px) \/ 2),(min-width: 768px) calc((720px - 24px) \/ 2),(min-width: 601px) calc((540px - 24px) \/ 2),(min-width: 577px) calc((540px - 24px) \/ 1), calc(100vw - 24px)\" srcset=\"https:\/\/www.greenpeace.org\/static\/planet4-belgium-stateless\/2023\/07\/4635ca30-gp1sxtob_web_size.jpg 533w, https:\/\/www.greenpeace.org\/static\/planet4-belgium-stateless\/2023\/07\/4635ca30-gp1sxtob_web_size-200x300.jpg 200w, https:\/\/www.greenpeace.org\/static\/planet4-belgium-stateless\/2023\/07\/4635ca30-gp1sxtob_web_size-227x340.jpg 227w\" class=\"wp-image-54595 size-full\"\/><\/figure><div class=\"wp-block-media-text__content\">\n<h3 class=\"wp-block-heading\">VOTRE DEMANDE EST AUTRE<\/h3>\n\n\n\n<p><\/p>\n\n\n\n<p>Si votre demande concerne un soutien financier (1000 euros maximum par action), veuillez contacter Fenna, notre responsable du d\u00e9partement <em>Actions et Mobilisation<\/em> &#8211; fenna.bouve@greenpeace.org.<\/p>\n<\/div><\/div>\n\n<p>Vous cherchez plut\u00f4t \u00e0 participer \u00e0 une lutte locale pour prot\u00e9ger un espace naturel menac\u00e9 ? Greenpeace vous aidera dans votre d\u00e9marche ! Pour cela, n\u2019h\u00e9sitez pas \u00e0 vous rendre sur la <a href=\"https:\/\/www.greenpeace.org\/belgium\/fr\/campagnes\/biodiversite\/batailles-locales\/\">page de nos batailles locales pour la protection de la biodiversit\u00e9 en Belgique.<\/a><\/p>\n\n<div style=\"height:80px\" aria-hidden=\"true\" class=\"wp-block-spacer\"><\/div>\n<div data-render=\"planet4-blocks\/happypoint\" data-attributes=\"{&quot;attributes&quot;:{&quot;focus_image&quot;:&quot;0% 0%&quot;,&quot;opacity&quot;:100,&quot;iframe_url&quot;:&quot;&quot;,&quot;id&quot;:53578,&quot;override_default_content&quot;:true,&quot;local_content_provider&quot;:&quot;iframe_url&quot;,&quot;embed_code&quot;:&quot;&quot;}}\"><\/div>","protected":false},"excerpt":{"rendered":"<p>DEMANDER DU SOUTIEN Le mouvement pour le climat prend de l\u2019ampleur ! Mais tout le monde ne dispose pas des m\u00eames ressources pour agir. C\u2019est pourquoi Greenpeace est heureuse de soutenir les petits groupes d\u2019action \u00e0 la recherche d\u2019un soutien modeste. Il peut s\u2019agir d\u2019un soutien logistique dans notre \u00ab Open Warehouse \u00bb \u00e0 Bruxelles, [&hellip;]<\/p>\n","protected":false},"author":105,"featured_media":54048,"parent":54018,"menu_order":0,"comment_status":"closed","ping_status":"closed","template":"","meta":{"ep_exclude_from_search":false,"p4_hide_page_title_checkbox":"on","p4_title":"","p4_subtitle":"","p4_description":"","background_image_id":"","background_image":"","p4_button_title":"","p4_button_link":"","p4_button_link_checkbox":"","p4_og_title":"","p4_og_description":"","p4_og_image":"","p4_og_image_id":"","p4_seo_canonical_url":"","p4_campaign_name":"","p4_local_project":"","p4_basket_name":"","p4_department":"","footnotes":""},"categories":[184,187],"tags":[],"class_list":["post-54040","page","type-page","status-publish","has-post-thumbnail","hentry","category-agir","category-demander-du-soutien"],"_links":{"self":[{"href":"https:\/\/www.greenpeace.org\/belgium\/fr\/wp-json\/wp\/v2\/pages\/54040","targetHints":{"allow":["GET"]}}],"collection":[{"href":"https:\/\/www.greenpeace.org\/belgium\/fr\/wp-json\/wp\/v2\/pages"}],"about":[{"href":"https:\/\/www.greenpeace.org\/belgium\/fr\/wp-json\/wp\/v2\/types\/page"}],"author":[{"embeddable":true,"href":"https:\/\/www.greenpeace.org\/belgium\/fr\/wp-json\/wp\/v2\/users\/105"}],"replies":[{"embeddable":true,"href":"https:\/\/www.greenpeace.org\/belgium\/fr\/wp-json\/wp\/v2\/comments?post=54040"}],"version-history":[{"count":4,"href":"https:\/\/www.greenpeace.org\/belgium\/fr\/wp-json\/wp\/v2\/pages\/54040\/revisions"}],"predecessor-version":[{"id":58945,"href":"https:\/\/www.greenpeace.org\/belgium\/fr\/wp-json\/wp\/v2\/pages\/54040\/revisions\/58945"}],"up":[{"embeddable":true,"href":"https:\/\/www.greenpeace.org\/belgium\/fr\/wp-json\/wp\/v2\/pages\/54018"}],"wp:featuredmedia":[{"embeddable":true,"href":"https:\/\/www.greenpeace.org\/belgium\/fr\/wp-json\/wp\/v2\/media\/54048"}],"wp:attachment":[{"href":"https:\/\/www.greenpeace.org\/belgium\/fr\/wp-json\/wp\/v2\/media?parent=54040"}],"wp:term":[{"taxonomy":"category","embeddable":true,"href":"https:\/\/www.greenpeace.org\/belgium\/fr\/wp-json\/wp\/v2\/categories?post=54040"},{"taxonomy":"post_tag","embeddable":true,"href":"https:\/\/www.greenpeace.org\/belgium\/fr\/wp-json\/wp\/v2\/tags?post=54040"}],"curies":[{"name":"wp","href":"https:\/\/api.w.org\/{rel}","templated":true}]}}