{"id":54084,"date":"2023-09-26T14:44:16","date_gmt":"2023-09-26T13:44:16","guid":{"rendered":"https:\/\/www.greenpeace.org\/belgium\/?page_id=54084"},"modified":"2025-11-19T17:59:36","modified_gmt":"2025-11-19T16:59:36","slug":"rapports","status":"publish","type":"page","link":"https:\/\/www.greenpeace.org\/belgium\/fr\/a-la-une\/rapports\/","title":{"rendered":"Rapports"},"content":{"rendered":"\n<div style=\"height:50px\" aria-hidden=\"true\" class=\"wp-block-spacer\"><\/div>\n\n<div class=\"wp-block-group is-nowrap is-layout-flex wp-container-core-group-is-layout-ad2f72ca wp-block-group-is-layout-flex\">\n<figure class=\"wp-block-image alignleft size-full is-resized\"><img loading=\"lazy\" decoding=\"async\" width=\"512\" height=\"512\" src=\"https:\/\/www.greenpeace.org\/static\/planet4-belgium-stateless\/2023\/09\/bdf8b8b9-greenpeace-belgique-rapports-investigation-pictogramme.png\" alt=\"\" class=\"wp-image-53763\" style=\"width:65px;height:65px\" srcset=\"https:\/\/www.greenpeace.org\/static\/planet4-belgium-stateless\/2023\/09\/bdf8b8b9-greenpeace-belgique-rapports-investigation-pictogramme.png 512w, https:\/\/www.greenpeace.org\/static\/planet4-belgium-stateless\/2023\/09\/bdf8b8b9-greenpeace-belgique-rapports-investigation-pictogramme-300x300.png 300w, https:\/\/www.greenpeace.org\/static\/planet4-belgium-stateless\/2023\/09\/bdf8b8b9-greenpeace-belgique-rapports-investigation-pictogramme-150x150.png 150w, https:\/\/www.greenpeace.org\/static\/planet4-belgium-stateless\/2023\/09\/bdf8b8b9-greenpeace-belgique-rapports-investigation-pictogramme-340x340.png 340w\" sizes=\"auto, (max-width: 512px) 100vw, 512px\" \/><\/figure>\n\n\n\n<h2 class=\"wp-block-heading\"><mark style=\"background-color:#ffe100\" class=\"has-inline-color\">RAPPORTS<\/mark><\/h2>\n<\/div>\n\n<p>Vous cherchez une information approfondie sur l\u2019une de nos campagnes ? Nos rapports d\u2019investigation sont le fruit d\u2019un travail minutieux men\u00e9 par nos \u00e9quipes d\u2019expert\u00b7es en collaboration avec des associations locales alli\u00e9es et Greenpeace International. Gr\u00e2ce \u00e0 ces informations, nous pouvons faire changer les choses et nous pouvons mobiliser les citoyen\u00b7nes du monde en faveur de la sauvegarde de notre plan\u00e8te.<\/p>\n\n<div class=\"wp-block-query posts-list p4-query-loop is-custom-layout-grid is-layout-grid wp-container-core-query-is-layout-b8bb0bd1 wp-block-query-is-layout-grid\">\n<div class=\"wp-block-group is-content-justification-space-between is-layout-flex wp-container-core-group-is-layout-3d213aab wp-block-group-is-layout-flex\">\n<h2 class=\"wp-block-heading\"><\/h2>\n\n\n<li class=\" wp-block-navigation-item see-all-link wp-block-navigation-link\"><a class=\"wp-block-navigation-item__content\"  href=\"http:\/\/www.greenpeace.org\/belgium\/fr\/a-la-une\/?post-type=rapport\"><span class=\"wp-block-navigation-item__label\">See all stories<\/span><\/a><\/li><\/div>\n\n\n\n<p style=\"margin-top:24px;margin-bottom:36px\"><\/p>\n\n\n\n\n<ul class=\"wp-block-post-template is-layout-flow wp-block-post-template-is-layout-flow\"><li class=\"wp-block-post post-62334 post type-post status-publish format-standard has-post-thumbnail hentry category-rapports p4-page-type-rapport\">\n\n<div class=\"wp-block-columns is-layout-flex wp-container-core-columns-is-layout-9d6595d7 wp-block-columns-is-layout-flex\"><figure class=\"wp-block-post-featured-image\"><a href=\"https:\/\/www.greenpeace.org\/belgium\/fr\/rapport\/62334\/rapport-dimpact-2025\/\" target=\"_self\"  ><img loading=\"lazy\" decoding=\"async\" width=\"1804\" height=\"2560\" src=\"https:\/\/www.greenpeace.org\/static\/planet4-belgium-stateless\/2026\/03\/eb1c9060-fr_2025_rapport_dimpact_online-dragged-scaled.png\" class=\"attachment-post-thumbnail size-post-thumbnail wp-post-image wp-stateless-item\" alt=\"Rapport d&rsquo;impact 2025\" style=\"object-fit:cover;\" srcset=\"https:\/\/www.greenpeace.org\/static\/planet4-belgium-stateless\/2026\/03\/eb1c9060-fr_2025_rapport_dimpact_online-dragged-scaled.png 1804w, https:\/\/www.greenpeace.org\/static\/planet4-belgium-stateless\/2026\/03\/eb1c9060-fr_2025_rapport_dimpact_online-dragged-211x300.png 211w, https:\/\/www.greenpeace.org\/static\/planet4-belgium-stateless\/2026\/03\/eb1c9060-fr_2025_rapport_dimpact_online-dragged-722x1024.png 722w, https:\/\/www.greenpeace.org\/static\/planet4-belgium-stateless\/2026\/03\/eb1c9060-fr_2025_rapport_dimpact_online-dragged-768x1090.png 768w, https:\/\/www.greenpeace.org\/static\/planet4-belgium-stateless\/2026\/03\/eb1c9060-fr_2025_rapport_dimpact_online-dragged-1082x1536.png 1082w, https:\/\/www.greenpeace.org\/static\/planet4-belgium-stateless\/2026\/03\/eb1c9060-fr_2025_rapport_dimpact_online-dragged-1443x2048.png 1443w, https:\/\/www.greenpeace.org\/static\/planet4-belgium-stateless\/2026\/03\/eb1c9060-fr_2025_rapport_dimpact_online-dragged-963x1366.png 963w, https:\/\/www.greenpeace.org\/static\/planet4-belgium-stateless\/2026\/03\/eb1c9060-fr_2025_rapport_dimpact_online-dragged-240x340.png 240w\" sizes=\"auto, (max-width: 1804px) 100vw, 1804px\" data-image-size=\"post-thumbnail\" data-stateless-media-bucket=\"planet4-belgium-stateless\" data-stateless-media-name=\"2026\/03\/eb1c9060-fr_2025_rapport_dimpact_online-dragged-scaled.png\" \/><\/a><\/figure>\n\n\n<div class=\"wp-block-group is-layout-flow wp-block-group-is-layout-flow\">\n<div class=\"wp-block-group is-layout-flow wp-block-group-is-layout-flow\"><div class=\"wp-block-post-terms\"><a href=\"https:\/\/www.greenpeace.org\/belgium\/fr\/category\/a-la-une\/rapports\/\">Rapports<\/a><\/div>\n\n<\/div>\n\n\n<h3 class=\"wp-block-post-title\"><a href=\"https:\/\/www.greenpeace.org\/belgium\/fr\/rapport\/62334\/rapport-dimpact-2025\/\" target=\"_self\" >Rapport d&rsquo;impact 2025<\/a><\/h3>\n\n<div class=\"wp-block-post-excerpt\"><p class=\"wp-block-post-excerpt__excerpt\">D\u00e9couvrez notre Rapport d&#8217;Impact 2025 : Vos dons en action pour la plan\u00e8te <\/p><\/div>\n\n\n<div class=\"wp-block-group posts-list-meta is-layout-flow wp-block-group-is-layout-flow\"><span class='article-list-item-author'>Eline de Baets<\/span>\n\n<div class=\"wp-block-post-date\"><time datetime=\"2026-03-26T17:00:36+01:00\">26 mars 2026<\/time><\/div><\/div>\n<\/div>\n<\/div>\n\n<\/li><li class=\"wp-block-post post-62288 post type-post status-publish format-standard has-post-thumbnail hentry category-rapports tag-oceans p4-page-type-rapport\">\n\n<div class=\"wp-block-columns is-layout-flex wp-container-core-columns-is-layout-9d6595d7 wp-block-columns-is-layout-flex\"><figure class=\"wp-block-post-featured-image\"><a href=\"https:\/\/www.greenpeace.org\/belgium\/fr\/rapport\/62288\/note-dinformation-lexploitation-miniere-des-fonds-marins\/\" target=\"_self\"  ><img loading=\"lazy\" decoding=\"async\" width=\"591\" height=\"832\" src=\"https:\/\/www.greenpeace.org\/static\/planet4-belgium-stateless\/2026\/03\/9bb447a8-image.png\" class=\"attachment-post-thumbnail size-post-thumbnail wp-post-image wp-stateless-item\" alt=\"Note d&rsquo;information : l&rsquo;exploitation mini\u00e8re des fonds marins\" style=\"object-fit:cover;\" srcset=\"https:\/\/www.greenpeace.org\/static\/planet4-belgium-stateless\/2026\/03\/9bb447a8-image.png 591w, https:\/\/www.greenpeace.org\/static\/planet4-belgium-stateless\/2026\/03\/9bb447a8-image-213x300.png 213w, https:\/\/www.greenpeace.org\/static\/planet4-belgium-stateless\/2026\/03\/9bb447a8-image-242x340.png 242w\" sizes=\"auto, (max-width: 591px) 100vw, 591px\" data-image-size=\"post-thumbnail\" data-stateless-media-bucket=\"planet4-belgium-stateless\" data-stateless-media-name=\"2026\/03\/9bb447a8-image.png\" \/><\/a><\/figure>\n\n\n<div class=\"wp-block-group is-layout-flow wp-block-group-is-layout-flow\">\n<div class=\"wp-block-group is-layout-flow wp-block-group-is-layout-flow\"><div class=\"wp-block-post-terms\"><a href=\"https:\/\/www.greenpeace.org\/belgium\/fr\/category\/a-la-une\/rapports\/\">Rapports<\/a><\/div>\n\n<div class=\"taxonomy-post_tag wp-block-post-terms\"><a href=\"https:\/\/www.greenpeace.org\/belgium\/fr\/tag\/oceans\/\" rel=\"tag\">Oc\u00e9ans<\/a><\/div><\/div>\n\n\n<h3 class=\"wp-block-post-title\"><a href=\"https:\/\/www.greenpeace.org\/belgium\/fr\/rapport\/62288\/note-dinformation-lexploitation-miniere-des-fonds-marins\/\" target=\"_self\" >Note d&rsquo;information : l&rsquo;exploitation mini\u00e8re des fonds marins<\/a><\/h3>\n\n<div class=\"wp-block-post-excerpt\"><p class=\"wp-block-post-excerpt__excerpt\">Bien que son littoral ne s\u2019\u00e9tende que sur 65 kilom\u00e8tres, la Belgique est une actrice importante du processus d\u00e9cisionnel international relatif \u00e0 la politique oc\u00e9anique. Depuis des ann\u00e9es, notre pays&hellip; <\/p><\/div>\n\n\n<div class=\"wp-block-group posts-list-meta is-layout-flow wp-block-group-is-layout-flow\"><span class='article-list-item-author'><a href='https:\/\/www.greenpeace.org\/belgium\/fr\/author\/sjacobs\/'>Sarah Jacobs<\/a><\/span>\n\n<div class=\"wp-block-post-date\"><time datetime=\"2026-03-19T12:34:29+01:00\">19 mars 2026<\/time><\/div><\/div>\n<\/div>\n<\/div>\n\n<\/li><li class=\"wp-block-post post-59908 post type-post status-publish format-standard has-post-thumbnail hentry category-rapports p4-page-type-rapport\">\n\n<div class=\"wp-block-columns is-layout-flex wp-container-core-columns-is-layout-9d6595d7 wp-block-columns-is-layout-flex\"><figure class=\"wp-block-post-featured-image\"><a href=\"https:\/\/www.greenpeace.org\/belgium\/fr\/rapport\/59908\/notre-impact-en-2024\/\" target=\"_self\"  ><img loading=\"lazy\" decoding=\"async\" width=\"1212\" height=\"1718\" src=\"https:\/\/www.greenpeace.org\/static\/planet4-belgium-stateless\/2025\/05\/40911846-af09e21a-8271-4593-ba55-ae26c88f7409.jpeg\" class=\"attachment-post-thumbnail size-post-thumbnail wp-post-image wp-stateless-item\" alt=\"Notre impact en 2024\" style=\"object-fit:cover;\" srcset=\"https:\/\/www.greenpeace.org\/static\/planet4-belgium-stateless\/2025\/05\/40911846-af09e21a-8271-4593-ba55-ae26c88f7409.jpeg 1212w, https:\/\/www.greenpeace.org\/static\/planet4-belgium-stateless\/2025\/05\/40911846-af09e21a-8271-4593-ba55-ae26c88f7409-212x300.jpeg 212w, https:\/\/www.greenpeace.org\/static\/planet4-belgium-stateless\/2025\/05\/40911846-af09e21a-8271-4593-ba55-ae26c88f7409-722x1024.jpeg 722w, https:\/\/www.greenpeace.org\/static\/planet4-belgium-stateless\/2025\/05\/40911846-af09e21a-8271-4593-ba55-ae26c88f7409-768x1089.jpeg 768w, https:\/\/www.greenpeace.org\/static\/planet4-belgium-stateless\/2025\/05\/40911846-af09e21a-8271-4593-ba55-ae26c88f7409-1084x1536.jpeg 1084w, https:\/\/www.greenpeace.org\/static\/planet4-belgium-stateless\/2025\/05\/40911846-af09e21a-8271-4593-ba55-ae26c88f7409-964x1366.jpeg 964w, https:\/\/www.greenpeace.org\/static\/planet4-belgium-stateless\/2025\/05\/40911846-af09e21a-8271-4593-ba55-ae26c88f7409-240x340.jpeg 240w\" sizes=\"auto, (max-width: 1212px) 100vw, 1212px\" data-image-size=\"post-thumbnail\" data-stateless-media-bucket=\"planet4-belgium-stateless\" data-stateless-media-name=\"2025\/05\/40911846-af09e21a-8271-4593-ba55-ae26c88f7409.jpeg\" \/><\/a><\/figure>\n\n\n<div class=\"wp-block-group is-layout-flow wp-block-group-is-layout-flow\">\n<div class=\"wp-block-group is-layout-flow wp-block-group-is-layout-flow\"><div class=\"wp-block-post-terms\"><a href=\"https:\/\/www.greenpeace.org\/belgium\/fr\/category\/a-la-une\/rapports\/\">Rapports<\/a><\/div>\n\n<\/div>\n\n\n<h3 class=\"wp-block-post-title\"><a href=\"https:\/\/www.greenpeace.org\/belgium\/fr\/rapport\/59908\/notre-impact-en-2024\/\" target=\"_self\" >Notre impact en 2024<\/a><\/h3>\n\n<div class=\"wp-block-post-excerpt\"><p class=\"wp-block-post-excerpt__excerpt\">Ce rapport d&rsquo;impact d\u00e9voile nos avanc\u00e9es majeures en 2023 : un trait\u00e9 historique pour prot\u00e9ger les oc\u00e9ans, notre lutte pour une alimentation durable, une campagne pour restaurer la nature en Europe, et une victoire juridique pour acc\u00e9l\u00e9rer la r\u00e9duction des \u00e9missions de gaz \u00e0 effet de serre. <\/p><\/div>\n\n\n<div class=\"wp-block-group posts-list-meta is-layout-flow wp-block-group-is-layout-flow\"><span class='article-list-item-author'>Greenpeace Belgium<\/span>\n\n<div class=\"wp-block-post-date\"><time datetime=\"2025-09-16T09:26:18+01:00\">16 septembre 2025<\/time><\/div><\/div>\n<\/div>\n<\/div>\n\n<\/li><li class=\"wp-block-post post-58303 post type-post status-publish format-standard has-post-thumbnail hentry category-rapports tag-forets p4-page-type-rapport\">\n\n<div class=\"wp-block-columns is-layout-flex wp-container-core-columns-is-layout-9d6595d7 wp-block-columns-is-layout-flex\"><figure class=\"wp-block-post-featured-image\"><a href=\"https:\/\/www.greenpeace.org\/belgium\/fr\/rapport\/58303\/analyse-de-donnees-nos-villes-sont-elles-assez-vertes\/\" target=\"_self\"  ><img loading=\"lazy\" decoding=\"async\" width=\"2560\" height=\"1791\" src=\"https:\/\/www.greenpeace.org\/static\/planet4-belgium-stateless\/2024\/09\/571d0714-cover_donderberg_withoutbanner-scaled.jpg\" class=\"attachment-post-thumbnail size-post-thumbnail wp-post-image wp-stateless-item\" alt=\"Analyse de donn\u00e9es : Nos villes sont-elles assez vertes ?\" style=\"object-fit:cover;\" srcset=\"https:\/\/www.greenpeace.org\/static\/planet4-belgium-stateless\/2024\/09\/571d0714-cover_donderberg_withoutbanner-scaled.jpg 2560w, https:\/\/www.greenpeace.org\/static\/planet4-belgium-stateless\/2024\/09\/571d0714-cover_donderberg_withoutbanner-300x210.jpg 300w, https:\/\/www.greenpeace.org\/static\/planet4-belgium-stateless\/2024\/09\/571d0714-cover_donderberg_withoutbanner-1024x716.jpg 1024w, https:\/\/www.greenpeace.org\/static\/planet4-belgium-stateless\/2024\/09\/571d0714-cover_donderberg_withoutbanner-768x537.jpg 768w, https:\/\/www.greenpeace.org\/static\/planet4-belgium-stateless\/2024\/09\/571d0714-cover_donderberg_withoutbanner-1536x1075.jpg 1536w, https:\/\/www.greenpeace.org\/static\/planet4-belgium-stateless\/2024\/09\/571d0714-cover_donderberg_withoutbanner-2048x1433.jpg 2048w, https:\/\/www.greenpeace.org\/static\/planet4-belgium-stateless\/2024\/09\/571d0714-cover_donderberg_withoutbanner-1952x1366.jpg 1952w, https:\/\/www.greenpeace.org\/static\/planet4-belgium-stateless\/2024\/09\/571d0714-cover_donderberg_withoutbanner-486x340.jpg 486w\" sizes=\"auto, (max-width: 2560px) 100vw, 2560px\" data-image-size=\"post-thumbnail\" data-stateless-media-bucket=\"planet4-belgium-stateless\" data-stateless-media-name=\"2024\/09\/571d0714-cover_donderberg_withoutbanner-scaled.jpg\" \/><\/a><\/figure>\n\n\n<div class=\"wp-block-group is-layout-flow wp-block-group-is-layout-flow\">\n<div class=\"wp-block-group is-layout-flow wp-block-group-is-layout-flow\"><div class=\"wp-block-post-terms\"><a href=\"https:\/\/www.greenpeace.org\/belgium\/fr\/category\/a-la-une\/rapports\/\">Rapports<\/a><\/div>\n\n<div class=\"taxonomy-post_tag wp-block-post-terms\"><a href=\"https:\/\/www.greenpeace.org\/belgium\/fr\/tag\/forets\/\" rel=\"tag\">For\u00eats<\/a><\/div><\/div>\n\n\n<h3 class=\"wp-block-post-title\"><a href=\"https:\/\/www.greenpeace.org\/belgium\/fr\/rapport\/58303\/analyse-de-donnees-nos-villes-sont-elles-assez-vertes\/\" target=\"_self\" >Analyse de donn\u00e9es : Nos villes sont-elles assez vertes ?<\/a><\/h3>\n\n<div class=\"wp-block-post-excerpt\"><p class=\"wp-block-post-excerpt__excerpt\">La nature et les arbres sont absents de mani\u00e8re alarmante des villes et des villages belges, en particulier dans les communes et les quartiers les moins riches. C&rsquo;est ce qui ressort d&rsquo;une analyse de donn\u00e9es r\u00e9alis\u00e9e par Greenpeace Belgique <\/p><\/div>\n\n\n<div class=\"wp-block-group posts-list-meta is-layout-flow wp-block-group-is-layout-flow\"><span class='article-list-item-author'>Greenpeace Belgium<\/span>\n\n<div class=\"wp-block-post-date\"><time datetime=\"2024-10-01T05:00:00+01:00\">1 octobre 2024<\/time><\/div><\/div>\n<\/div>\n<\/div>\n\n<\/li><\/ul>\n\n\n<div class=\"wp-block-buttons carousel-controls is-horizontal is-content-justification-space-between is-nowrap is-layout-flex wp-container-core-buttons-is-layout-044bd602 wp-block-buttons-is-layout-flex\">\n<div class=\"wp-block-button carousel-control-prev\"><button type=\"button\" class=\"wp-block-button__link wp-element-button\">Prev<\/button><\/div>\n\n\n\n<div class=\"wp-block-button carousel-control-next\"><button type=\"button\" class=\"wp-block-button__link wp-element-button\">Next<\/button><\/div>\n<\/div>\n\n\n<li class=\" wp-block-navigation-item see-all-link wp-block-navigation-link\"><a class=\"wp-block-navigation-item__content\"  href=\"http:\/\/www.greenpeace.org\/belgium\/fr\/a-la-une\/?post-type=rapport\"><span class=\"wp-block-navigation-item__label\">Voir tous les rapports<\/span><\/a><\/li><\/div>\n\n<div style=\"height:100px\" aria-hidden=\"true\" class=\"wp-block-spacer\"><\/div>\n<div data-render=\"planet4-blocks\/columns\" data-attributes=\"{&quot;attributes&quot;:{&quot;columns_title&quot;:&quot;RAPPORTS FINANCIERS&quot;,&quot;columns&quot;:[{&quot;title&quot;:&quot;Rapport annuel 2024 &quot;,&quot;cta_link&quot;:&quot;https:\\\/\\\/www.greenpeace.org\\\/static\\\/planet4-belgium-stateless-develop\\\/2025\\\/09\\\/e7ad2edc-rapport-annuel_2024_version-site-gp_fr.pdf&quot;,&quot;cta_text&quot;:&quot;Voir le rapport&quot;,&quot;link_new_tab&quot;:true},{&quot;title&quot;:&quot;Archive des rapports&quot;,&quot;cta_link&quot;:&quot;https:\\\/\\\/fliphtml5.com\\\/bookcase\\\/axdcl&quot;,&quot;cta_text&quot;:&quot;Voir les archives&quot;,&quot;link_new_tab&quot;:true}],&quot;className&quot;:&quot;is-style-no_image&quot;,&quot;columns_block_style&quot;:&quot;no_image&quot;}}\"><\/div><div data-render=\"planet4-blocks\/columns\" data-attributes=\"{&quot;attributes&quot;:{&quot;columns_block_style&quot;:&quot;icons&quot;,&quot;columns_title&quot;:&quot;ARCHIVES&quot;,&quot;columns&quot;:[{&quot;title&quot;:&quot;En fran\\u00e7ais&quot;,&quot;description&quot;:&quot;Biblioth\\u00e8que des rapports Greenpeace en fran\\u00e7ais d\\u2019aujourd\\u2019hui \\u00e0 1995.&quot;,&quot;attachment&quot;:&quot;https:\\\/\\\/www.greenpeace.org\\\/static\\\/planet4-belgium-stateless\\\/2019\\\/02\\\/04a447d5-icon-report-frnew.png&quot;,&quot;cta_link&quot;:&quot;https:\\\/\\\/fliphtml5.com\\\/bookcase\\\/nltg&quot;,&quot;cta_text&quot;:&quot;Lire plus&quot;,&quot;link_new_tab&quot;:false,&quot;attachment_srcset&quot;:false},{&quot;title&quot;:&quot;En n\\u00e9erlandais&quot;,&quot;description&quot;:&quot;Biblioth\\u00e8que des rapports Greenpeace en n\\u00e9erlandais d\\u2019aujourd\\u2019hui \\u00e0 1995.&quot;,&quot;attachment&quot;:&quot;https:\\\/\\\/www.greenpeace.org\\\/static\\\/planet4-belgium-stateless\\\/2019\\\/02\\\/70bce49c-icon-report-nlnew.png&quot;,&quot;cta_link&quot;:&quot;https:\\\/\\\/fliphtml5.com\\\/bookcase\\\/gdofr&quot;,&quot;cta_text&quot;:&quot;Lire plus&quot;,&quot;link_new_tab&quot;:false,&quot;attachment_srcset&quot;:false},{&quot;title&quot;:&quot;En anglais&quot;,&quot;description&quot;:&quot;Biblioth\\u00e8que des rapports Greenpeace en anglais d\\u2019aujourd\\u2019hui \\u00e0 1995.&quot;,&quot;attachment&quot;:&quot;https:\\\/\\\/www.greenpeace.org\\\/static\\\/planet4-belgium-stateless\\\/2019\\\/02\\\/8eddbeff-icon-report-engnew.png&quot;,&quot;cta_link&quot;:&quot;https:\\\/\\\/fliphtml5.com\\\/bookcase\\\/seuos&quot;,&quot;cta_text&quot;:&quot;Lire plus&quot;,&quot;link_new_tab&quot;:false,&quot;attachment_srcset&quot;:false}],&quot;className&quot;:&quot;is-style-icons&quot;}}\"><\/div>\n<div style=\"height:100px\" aria-hidden=\"true\" class=\"wp-block-spacer\"><\/div>\n<div data-render=\"planet4-blocks\/happypoint\" data-attributes=\"{&quot;attributes&quot;:{&quot;focus_image&quot;:&quot;0% 0%&quot;,&quot;opacity&quot;:100,&quot;iframe_url&quot;:&quot;&quot;,&quot;id&quot;:53578,&quot;override_default_content&quot;:true,&quot;local_content_provider&quot;:&quot;iframe_url&quot;}}\"><\/div>\n<div style=\"height:100px\" aria-hidden=\"true\" class=\"wp-block-spacer\"><\/div>\n","protected":false},"excerpt":{"rendered":"<p>Vous cherchez une information approfondie sur l\u2019une de nos campagnes ? Nos rapports financiers? <\/p>\n","protected":false},"author":105,"featured_media":53763,"parent":15876,"menu_order":0,"comment_status":"closed","ping_status":"closed","template":"","meta":{"ep_exclude_from_search":false,"p4_hide_page_title_checkbox":"on","p4_title":"","p4_subtitle":"","p4_description":"","background_image_id":"","background_image":"","p4_button_title":"","p4_button_link":"","p4_button_link_checkbox":"","p4_og_title":"","p4_og_description":"","p4_og_image":"","p4_og_image_id":"","p4_seo_canonical_url":"","p4_campaign_name":"","p4_local_project":"","p4_basket_name":"","p4_department":"","footnotes":""},"categories":[152,154],"tags":[],"class_list":["post-54084","page","type-page","status-publish","has-post-thumbnail","hentry","category-a-la-une","category-rapports"],"_links":{"self":[{"href":"https:\/\/www.greenpeace.org\/belgium\/fr\/wp-json\/wp\/v2\/pages\/54084","targetHints":{"allow":["GET"]}}],"collection":[{"href":"https:\/\/www.greenpeace.org\/belgium\/fr\/wp-json\/wp\/v2\/pages"}],"about":[{"href":"https:\/\/www.greenpeace.org\/belgium\/fr\/wp-json\/wp\/v2\/types\/page"}],"author":[{"embeddable":true,"href":"https:\/\/www.greenpeace.org\/belgium\/fr\/wp-json\/wp\/v2\/users\/105"}],"replies":[{"embeddable":true,"href":"https:\/\/www.greenpeace.org\/belgium\/fr\/wp-json\/wp\/v2\/comments?post=54084"}],"version-history":[{"count":20,"href":"https:\/\/www.greenpeace.org\/belgium\/fr\/wp-json\/wp\/v2\/pages\/54084\/revisions"}],"predecessor-version":[{"id":61541,"href":"https:\/\/www.greenpeace.org\/belgium\/fr\/wp-json\/wp\/v2\/pages\/54084\/revisions\/61541"}],"up":[{"embeddable":true,"href":"https:\/\/www.greenpeace.org\/belgium\/fr\/wp-json\/wp\/v2\/pages\/15876"}],"wp:featuredmedia":[{"embeddable":true,"href":"https:\/\/www.greenpeace.org\/belgium\/fr\/wp-json\/wp\/v2\/media\/53763"}],"wp:attachment":[{"href":"https:\/\/www.greenpeace.org\/belgium\/fr\/wp-json\/wp\/v2\/media?parent=54084"}],"wp:term":[{"taxonomy":"category","embeddable":true,"href":"https:\/\/www.greenpeace.org\/belgium\/fr\/wp-json\/wp\/v2\/categories?post=54084"},{"taxonomy":"post_tag","embeddable":true,"href":"https:\/\/www.greenpeace.org\/belgium\/fr\/wp-json\/wp\/v2\/tags?post=54084"}],"curies":[{"name":"wp","href":"https:\/\/api.w.org\/{rel}","templated":true}]}}