{"id":57112,"date":"2024-05-21T08:10:56","date_gmt":"2024-05-21T07:10:56","guid":{"rendered":"https:\/\/www.greenpeace.org\/belgium\/?page_id=57112"},"modified":"2024-05-21T08:17:47","modified_gmt":"2024-05-21T07:17:47","slug":"elections-faites-vous-entendre","status":"publish","type":"page","link":"https:\/\/www.greenpeace.org\/belgium\/fr\/elections-faites-vous-entendre\/","title":{"rendered":"Faites vous entendre"},"content":{"rendered":"\n<p>Vous aussi, vous ne trouvez pas normal que <a href=\"https:\/\/www.greenpeace.org\/belgium\/fr\/rapport\/56940\/rapport-payes-pour-polluer\/\">les grandes entreprises polluantes re\u00e7oivent plus de 4,4 milliards \u20ac par an de la part de nos gouvernements<\/a> ? Alors dites-leur que vous n&rsquo;appr\u00e9ciez pas la fa\u00e7on dont l&rsquo;argent de nos imp\u00f4ts est utilis\u00e9. <\/p>\n\n<p><strong>Cliquez sur le parti politique de votre choix pour leur envoyer un email.<\/strong><\/p>\n\n<!DOCTYPE html>\n<html lang=\"en\">\n<head>\n<meta charset=\"UTF-8\">\n<meta name=\"viewport\" content=\"width=device-width, initial-scale=1.0\">\n<title>Grid of Pictures<\/title>\n<style>\n  \/* Define styles for the grid container *\/\n  .grid-container {\n    display: grid;\n    grid-template-columns: repeat(auto-fit, minmax(150px, 1fr));\n    gap: 10px;\n  }\n  .grid-item {\n    width: 100%;\n  }\n  .grid-item img {\n    width: 100%;\n    height: auto;\n    display: block;\n  }\n<\/style>\n<\/head>\n<body>\n  <div class=\"grid-container\" style=\"text-align:center;\">\n    <div class=\"grid-item\">\n      <a href=\"https:\/\/act.greenpeace.org\/page\/149794\/action\/1\" target=\"_blank\" rel=\"noopener\">\n        <img decoding=\"async\" src=\"https:\/\/www.greenpeace.org\/static\/planet4-belgium-stateless\/2024\/05\/be5f5e2d-ecolo.jpg\" alt=\"ecolo\">\n      <\/a>\n    <\/div>\n    <div class=\"grid-item\">\n      <a href=\"https:\/\/act.greenpeace.org\/page\/149796\/action\/1\" target=\"_blank\" rel=\"noopener\">\n        <img decoding=\"async\" src=\"https:\/\/www.greenpeace.org\/static\/planet4-belgium-stateless\/2024\/05\/df1d81c9-defi.jpg\" alt=\"Defi\">\n      <\/a>\n    <\/div>\n    <div class=\"grid-item\">\n      <a href=\"https:\/\/act.greenpeace.org\/page\/149797\/action\/1\" target=\"_blank\" rel=\"noopener\">\n        <img decoding=\"async\" src=\"https:\/\/www.greenpeace.org\/static\/planet4-belgium-stateless\/2024\/05\/7a68050c-les-engages.jpg\" alt=\"les engages\">\n      <\/a>\n    <\/div>\n    <div class=\"grid-item\">\n      <a href=\"https:\/\/act.greenpeace.org\/page\/149800\/action\/1\" target=\"_blank\" rel=\"noopener\">\n        <img decoding=\"async\" src=\"https:\/\/www.greenpeace.org\/static\/planet4-belgium-stateless\/2024\/05\/0e90f7d5-mr.jpg\" alt=\"MR\">\n      <\/a>\n    <\/div>\n    <div class=\"grid-item\">\n      <a href=\"https:\/\/act.greenpeace.org\/page\/149798\/action\/1\" target=\"_blank\" rel=\"noopener\">\n        <img decoding=\"async\" src=\"https:\/\/www.greenpeace.org\/static\/planet4-belgium-stateless\/2024\/05\/681d8f65-ps.jpg\" alt=\"PS\">\n      <\/a>\n    <\/div>\n    <div class=\"grid-item\">\n      <a href=\"https:\/\/act.greenpeace.org\/page\/149792\/action\/1?locale=fr-BE\" target=\"_blank\" rel=\"noopener\">\n        <img decoding=\"async\" src=\"https:\/\/www.greenpeace.org\/static\/planet4-belgium-stateless\/2024\/05\/c1a8337c-ptb.jpg\" alt=\"PTB\">\n      <\/a>\n    <\/div>\n    <div class=\"grid-item\">\n      <a href=\"https:\/\/act.greenpeace.org\/page\/149792\/action\/1?locale=nl-BE\" target=\"_blank\" rel=\"noopener\">\n        <img decoding=\"async\" src=\"https:\/\/www.greenpeace.org\/static\/planet4-belgium-stateless\/2024\/05\/4a82d175-pvda.jpg\" alt=\"PVDA\">\n      <\/a>\n    <\/div>\n    <div class=\"grid-item\">\n      <a href=\"https:\/\/act.greenpeace.org\/page\/149766\/action\/1\" target=\"_blank\" rel=\"noopener\">\n        <img decoding=\"async\" src=\"https:\/\/www.greenpeace.org\/static\/planet4-belgium-stateless\/2024\/05\/3ae582d3-vooruit.jpg\" alt=\"Vooruit\">\n      <\/a>\n    <\/div>\n    <div class=\"grid-item\">\n      <a href=\"https:\/\/act.greenpeace.org\/page\/149788\/action\/1\" target=\"_blank\" rel=\"noopener\">\n        <img decoding=\"async\" src=\"https:\/\/www.greenpeace.org\/static\/planet4-belgium-stateless\/2024\/05\/44298c54-open-vld.jpg\" alt=\"open VLD\">\n      <\/a>\n    <\/div>\n    <div class=\"grid-item\">\n      <a href=\"https:\/\/act.greenpeace.org\/page\/149786\/action\/1\" target=\"_blank\" rel=\"noopener\">\n        <img decoding=\"async\" src=\"https:\/\/www.greenpeace.org\/static\/planet4-belgium-stateless\/2024\/05\/cc179f34-nva.jpg\" alt=\"NVA\">\n      <\/a>\n    <\/div>\n    <div class=\"grid-item\">\n      <a href=\"https:\/\/act.greenpeace.org\/page\/149787\/action\/1\" target=\"_blank\" rel=\"noopener\">\n        <img decoding=\"async\" src=\"https:\/\/www.greenpeace.org\/static\/planet4-belgium-stateless\/2024\/05\/567bfa91-cdv.jpg\" alt=\"Cdv\">\n      <\/a>\n    <\/div>\n    <div class=\"grid-item\">\n      <a href=\"https:\/\/act.greenpeace.org\/page\/149790\/action\/1\" target=\"_blank\" rel=\"noopener\">\n        <img decoding=\"async\" src=\"https:\/\/www.greenpeace.org\/static\/planet4-belgium-stateless\/2024\/05\/de1d787b-groen.jpg\" alt=\"Groen\">\n      <\/a>\n    <\/div>\n  <\/div>\n<\/body>\n<\/html>\n\n<div style=\"height:100px\" aria-hidden=\"true\" class=\"wp-block-spacer\"><\/div>\n","protected":false},"excerpt":{"rendered":"<p>Envoyez un email au parti politique de votre choix pour leur dire que vous n&rsquo;appr\u00e9ciez pas la fa\u00e7on dont l&rsquo;argent de nos imp\u00f4ts est utilis\u00e9.<\/p>\n","protected":false},"author":105,"featured_media":57132,"parent":0,"menu_order":0,"comment_status":"closed","ping_status":"closed","template":"","meta":{"ep_exclude_from_search":false,"p4_hide_page_title_checkbox":"","p4_title":"","p4_subtitle":"","p4_description":"","background_image_id":"","background_image":"","p4_button_title":"","p4_button_link":"","p4_button_link_checkbox":"","p4_og_title":"","p4_og_description":"","p4_og_image":"","p4_og_image_id":"","p4_seo_canonical_url":"","p4_campaign_name":"not set","p4_local_project":"not set","p4_basket_name":"not set","p4_department":"","footnotes":""},"categories":[174],"tags":[],"class_list":["post-57112","page","type-page","status-publish","has-post-thumbnail","hentry","category-elections-2024"],"_links":{"self":[{"href":"https:\/\/www.greenpeace.org\/belgium\/fr\/wp-json\/wp\/v2\/pages\/57112","targetHints":{"allow":["GET"]}}],"collection":[{"href":"https:\/\/www.greenpeace.org\/belgium\/fr\/wp-json\/wp\/v2\/pages"}],"about":[{"href":"https:\/\/www.greenpeace.org\/belgium\/fr\/wp-json\/wp\/v2\/types\/page"}],"author":[{"embeddable":true,"href":"https:\/\/www.greenpeace.org\/belgium\/fr\/wp-json\/wp\/v2\/users\/105"}],"replies":[{"embeddable":true,"href":"https:\/\/www.greenpeace.org\/belgium\/fr\/wp-json\/wp\/v2\/comments?post=57112"}],"version-history":[{"count":12,"href":"https:\/\/www.greenpeace.org\/belgium\/fr\/wp-json\/wp\/v2\/pages\/57112\/revisions"}],"predecessor-version":[{"id":57135,"href":"https:\/\/www.greenpeace.org\/belgium\/fr\/wp-json\/wp\/v2\/pages\/57112\/revisions\/57135"}],"wp:featuredmedia":[{"embeddable":true,"href":"https:\/\/www.greenpeace.org\/belgium\/fr\/wp-json\/wp\/v2\/media\/57132"}],"wp:attachment":[{"href":"https:\/\/www.greenpeace.org\/belgium\/fr\/wp-json\/wp\/v2\/media?parent=57112"}],"wp:term":[{"taxonomy":"category","embeddable":true,"href":"https:\/\/www.greenpeace.org\/belgium\/fr\/wp-json\/wp\/v2\/categories?post=57112"},{"taxonomy":"post_tag","embeddable":true,"href":"https:\/\/www.greenpeace.org\/belgium\/fr\/wp-json\/wp\/v2\/tags?post=57112"}],"curies":[{"name":"wp","href":"https:\/\/api.w.org\/{rel}","templated":true}]}}